{"id":10224,"date":"2019-02-09T16:21:06","date_gmt":"2019-02-09T15:21:06","guid":{"rendered":"https:\/\/www.alexetalex.com\/ca\/?page_id=10224"},"modified":"2020-11-08T05:42:52","modified_gmt":"2020-11-08T04:42:52","slug":"fruits-legumes-en-i","status":"publish","type":"page","link":"https:\/\/www.alexetalex.com\/ca\/dossiers-fruites\/route-des-fruits\/fruits-legumes-en-i\/","title":{"rendered":"Fruits en i et l\u00e9gumes en i"},"content":{"rendered":"<p><H1>Les Fruits et les l\u00e9gumes en i<\/H1><\/p>\n <div class=\"featured-under\">\n    <div>\n<h4>Une synth\u00e8se de l'article pour aller \u00e0 l'essentiel<\/h4>\n\n<\/div>\n<div class=\"idea1\">\n<p>En fran\u00e7ais, il n'existe qu'un seul fruit qui commence par la lettre i : icaque.<\/p>\n<p>Et il n'existe qu'un seul l\u00e9gume commen\u00e7ant par la lettre i : igname.<\/p>\n<div class=\"idea2\">\n<p>Pour aller plus loin<\/p>\n<p> Dans cet article, nous vous proposons d'aller plus loin, et de tester vos connaissances sur les fruits.<\/p>\n<\/div>\n<\/div>\n<\/div>\n<p><\/br><\/p>\n<p><H2>I] Les fruits commen\u00e7ants par la lettre i<\/H2><\/p>\n<p><\/br><\/p>\n<p>En fran\u00e7ais, il n&rsquo;existe qu&rsquo;un seul fruit qui commence par la lettre i :<\/p>\n<p>&#8211; <a href=\"https:\/\/www.alexetalex.com\/ca\/dossiers-fruites\/fruit-et-nutrition\/icaque\/\" rel=\"noopener noreferrer\" target=\"_blank\"><strong>Icaque<\/strong><\/a> (<i>cliquez pour acc\u00e9der \u00e0 l&rsquo;article complet sur ce fruit<\/i>)<\/p>\n<p><img loading=\"lazy\" width=\"1000\" height=\"620\" src=\"https:\/\/www.alexetalex.com\/ca\/wp-content\/uploads\/2019\/02\/Image3.jpg\" title=\"Icaque en coupe\" alt=\"Fruit en i Icaque\" class=\"alignnone size-full wp-image-10368\" srcset=\"https:\/\/www.alexetalex.com\/ca\/wp-content\/uploads\/2019\/02\/Image3.jpg 1000w, https:\/\/www.alexetalex.com\/ca\/wp-content\/uploads\/2019\/02\/Image3-600x372.jpg 600w, https:\/\/www.alexetalex.com\/ca\/wp-content\/uploads\/2019\/02\/Image3-250x155.jpg 250w, https:\/\/www.alexetalex.com\/ca\/wp-content\/uploads\/2019\/02\/Image3-768x476.jpg 768w, https:\/\/www.alexetalex.com\/ca\/wp-content\/uploads\/2019\/02\/Image3-700x434.jpg 700w, https:\/\/www.alexetalex.com\/ca\/wp-content\/uploads\/2019\/02\/Image3-120x74.jpg 120w, https:\/\/www.alexetalex.com\/ca\/wp-content\/uploads\/2019\/02\/Image3-320x198.jpg 320w\" sizes=\"(max-width: 1000px) 100vw, 1000px\" \/><\/p>\n<p><i>Aussi appel\u00e9 \u00ab\u00a0prune de coton\u00a0\u00bb, c&rsquo;est le fruit de l&rsquo;icaquier, un arbrisseau de la famille des <em>chrysobalanaceae<\/em> qui pousse dans les r\u00e9gions tropicales. Sa chair blanche \u00e0 pulpe cotonneuse est d\u00e9licieuse.<\/i><\/p>\n<p><\/br><\/p>\n<p><H2>II] Les l\u00e9gumes commen\u00e7ants par la lettre i<\/H2><\/p>\n<p><\/br><\/p>\n<p>En fran\u00e7ais, il n&rsquo;existe qu&rsquo;un seul l\u00e9gume qui commence par la lettre i :<\/p>\n<p>&#8211; Igname (cf. image ci-dessous) *<\/p>\n<p><img loading=\"lazy\" width=\"1562\" height=\"740\" src=\"https:\/\/www.alexetalex.com\/ca\/wp-content\/uploads\/2019\/02\/Image5.jpg\" title=\"Igname\" alt=\"L\u00e9gume en i Igname\" class=\"alignnone size-full wp-image-10375\" srcset=\"https:\/\/www.alexetalex.com\/ca\/wp-content\/uploads\/2019\/02\/Image5.jpg 1562w, https:\/\/www.alexetalex.com\/ca\/wp-content\/uploads\/2019\/02\/Image5-600x284.jpg 600w, https:\/\/www.alexetalex.com\/ca\/wp-content\/uploads\/2019\/02\/Image5-250x118.jpg 250w, https:\/\/www.alexetalex.com\/ca\/wp-content\/uploads\/2019\/02\/Image5-768x364.jpg 768w, https:\/\/www.alexetalex.com\/ca\/wp-content\/uploads\/2019\/02\/Image5-700x332.jpg 700w, https:\/\/www.alexetalex.com\/ca\/wp-content\/uploads\/2019\/02\/Image5-120x57.jpg 120w, https:\/\/www.alexetalex.com\/ca\/wp-content\/uploads\/2019\/02\/Image5-320x152.jpg 320w\" sizes=\"(max-width: 1562px) 100vw, 1562px\" \/><\/p>\n<p><i>(*) L&rsquo;igname est un l\u00e9gume exotique cultiv\u00e9 dans les r\u00e9gions tropicales. Deux de ces esp\u00e8ces viennent du Sud-Est de l&rsquo;Asie, et deux autres de l&rsquo;Afrique. On conna\u00eet \u00e9galement une 5\u00e8me esp\u00e8ce, originaire de l&rsquo;Am\u00e9rique du Sud<\/i><\/p>\n<p><\/br><\/p>\n<p><H2>III] Infographie sur les fruits en lettres<\/H2><\/p>\n<p><\/br><\/p>\n <div class=\"hsg-featured-numb\">\n    <div>\n <p>1<\/p>\n <p>L'ab\u00e9c\u00e9daire des fruits<\/p>\n\n<\/div>\n  \n<\/div>\n<p><\/br><\/p>\n<p>Retrouvez notre infographie sur l&rsquo;alphabet des fruits en Fran\u00e7ais pour tester vos connaissances sur d&rsquo;autres lettres (attention : les r\u00e9ponses ne sont pas forc\u00e9ment \u00e9videntes \u00e0 chaque fois !).<\/p>\n<p><strong>&#8212;&#8212;&#8212;&#8212;   Cliquez sur l&rsquo;image ci-dessous pour zoomer !   &#8212;&#8212;&#8212;&#8212;<\/strong><\/p>\n<p><a href=\"https:\/\/www.alexetalex.com\/ca\/wp-content\/uploads\/2019\/03\/Infographie-fruitsv2-BD.jpg\" rel=\"noopener noreferrer\" target=\"_blank\"><img loading=\"lazy\" width=\"800\" height=\"1596\" src=\"https:\/\/www.alexetalex.com\/ca\/wp-content\/uploads\/2019\/02\/Infographie-fruits-1.jpg\" title=\" Ab\u00e9c\u00e9daire des fruits\" alt=\"Infographie fruits\" class=\"alignnone size-full wp-image-10321\" srcset=\"https:\/\/www.alexetalex.com\/ca\/wp-content\/uploads\/2019\/02\/Infographie-fruits-1.jpg 800w, https:\/\/www.alexetalex.com\/ca\/wp-content\/uploads\/2019\/02\/Infographie-fruits-1-600x1197.jpg 600w, https:\/\/www.alexetalex.com\/ca\/wp-content\/uploads\/2019\/02\/Infographie-fruits-1-250x499.jpg 250w, https:\/\/www.alexetalex.com\/ca\/wp-content\/uploads\/2019\/02\/Infographie-fruits-1-768x1532.jpg 768w, https:\/\/www.alexetalex.com\/ca\/wp-content\/uploads\/2019\/02\/Infographie-fruits-1-700x1397.jpg 700w, https:\/\/www.alexetalex.com\/ca\/wp-content\/uploads\/2019\/02\/Infographie-fruits-1-120x239.jpg 120w, https:\/\/www.alexetalex.com\/ca\/wp-content\/uploads\/2019\/02\/Infographie-fruits-1-320x638.jpg 320w\" sizes=\"(max-width: 800px) 100vw, 800px\" \/><\/a><\/p>\n<p><\/br><\/p>\n <div class=\"hsg-featured-numb\">\n    <div>\n <p>2<\/p>\n <p>Le jeu des diff\u00e9rences<\/p>\n\n<\/div>\n  \n<\/div>\n<p><\/br><\/p>\n<p>&#8211; Connaissez-vous la <a href=\"https:\/\/www.alexetalex.com\/ca\/dossiers-fruites\/le-saviez-vous\/chataigne-marron\/\">diff\u00e9rence entre la ch\u00e2taigne et le marron ?<\/a><\/p>\n<p><\/p>\n<p>&#8211; Dans la nature, sauriez-vous <a href=\"https:\/\/www.alexetalex.com\/ca\/dossiers-fruites\/route-des-fruits\/fraise-des-bois\/\">reconna\u00eetre la fraise des bois (comestible)<\/a> sans la confondre avec le fraisier des Indes, qui donne des baies tr\u00e8s similaires, \u00e0 la m\u00eame saison, mais toxiques ?<\/p>\n<p><\/br><\/p>\n <div class=\"hsg-featured-numb\">\n    <div>\n <p>3<\/p>\n <p>Botaniquement parlant, est-ce un fruit ou un l\u00e9gume ?<\/p>\n\n<\/div>\n  \n<\/div>\n<p><\/br><\/p>\n<p>&#8211; <a href=\"https:\/\/www.alexetalex.com\/ca\/dossiers-fruites\/le-saviez-vous\/la-tomate-fruit-ou-legume\/\">La tomate : est-ce un fruit ou l\u00e9gume ?<\/a><\/p>\n<p><\/p>\n<p>&#8211; <a href=\"https:\/\/www.alexetalex.com\/ca\/dossiers-fruites\/le-saviez-vous\/avocat-fruit-ou-legume\/\">L&rsquo;avocat : est-ce un fruit ou l\u00e9gume ?<\/a><\/p>\n<p><\/p>\n<p>&#8211; <a href=\"https:\/\/www.alexetalex.com\/ca\/dossiers-fruites\/le-saviez-vous\/poivron-fruit-ou-legume\/\">Le poivron : est-ce un fruit ou l\u00e9gume ?<\/a><\/p>\n<p>On vous donne une r\u00e9ponse claire et sans ambigu\u00eft\u00e9 qui s&rsquo;appuie sur la classification g\u00e9n\u00e9rale en botanique, pour que vous n&rsquo;ayez plus de doute en la mati\u00e8re.<\/p>\n<p><\/br><\/p>\n <div class=\"hsg-featured-numb\">\n    <div>\n <p>4<\/p>\n <p>Les fruits commen\u00e7ants par la lettre...<\/p>\n\n<\/div>\n  \n<\/div>\n<p><\/br><\/p>\n<p>Pour aller dans le prolongement de cet article, sauriez-vous citer un fruit commen\u00e7ant par :<br \/>\n<br \/>&#8211; la <a href=\"https:\/\/www.alexetalex.com\/ca\/dossiers-fruites\/le-saviez-vous\/fruits-legumes-en-s\/\">lettre S<\/a> (il en existe 5, mais ils ne sont pas forc\u00e9ment tr\u00e8s connus)<br \/>\n<br \/>&#8211; la <a href=\"https:\/\/www.alexetalex.com\/ca\/dossiers-fruites\/le-saviez-vous\/fruits-legumes-en-e\/\">lettre E<\/a> (question pi\u00e8ge)<br \/>\n<br \/>&#8211; <a href=\"https:\/\/www.alexetalex.com\/ca\/dossiers-fruites\/le-saviez-vous\/fruits-legumes-en-z\/\">fruits en Z<\/a> (attention, un seul fruit en \u00ab\u00a0z\u00a0\u00bb existe !)<\/p>\n<p><i>Retrouvez bien d&rsquo;autres fruits (au bureau) sur la page d\u00e9di\u00e9e \u00e0 notre activit\u00e9 professionnelle : un service de livraison de <a href=\"https:\/\/www.alexetalex.com\/ca\/\">fruits au bureau<\/a>, \u00e0 Paris ainsi qu&rsquo;\u00e0 Montr\u00e9al !<\/i><\/p>\n<p><a title=\"Les Fruits au bureau - by Alex &#038; Alex\" href=\"https:\/\/www.alexetalex.com\/ca\/\"><img loading=\"lazy\" width=\"658\" height=\"280\" src=\"https:\/\/www.alexetalex.com\/ca\/wp-content\/uploads\/2018\/01\/Call-to-action-2.jpg\" alt=\"Call to action 2\" class=\"alignnone size-full wp-image-8638\" srcset=\"https:\/\/www.alexetalex.com\/ca\/wp-content\/uploads\/2018\/01\/Call-to-action-2.jpg 658w, https:\/\/www.alexetalex.com\/ca\/wp-content\/uploads\/2018\/01\/Call-to-action-2-600x255.jpg 600w, https:\/\/www.alexetalex.com\/ca\/wp-content\/uploads\/2018\/01\/Call-to-action-2-270x115.jpg 270w, https:\/\/www.alexetalex.com\/ca\/wp-content\/uploads\/2018\/01\/Call-to-action-2-550x234.jpg 550w\" sizes=\"(max-width: 658px) 100vw, 658px\" \/><\/a><\/p>\n","protected":false},"excerpt":{"rendered":"<p>Les Fruits et les l\u00e9gumes en i I] Les fruits commen\u00e7ants par la lettre i En fran\u00e7ais, il n&rsquo;existe qu&rsquo;un seul fruit qui commence par la lettre i : &#8211; Icaque (cliquez pour acc\u00e9der \u00e0 l&rsquo;article complet sur ce fruit) Aussi appel\u00e9 \u00ab\u00a0prune de coton\u00a0\u00bb, c&rsquo;est le fruit de l&rsquo;icaquier, un arbrisseau de la famille [&hellip;]<\/p>\n","protected":false},"author":4,"featured_media":10226,"parent":8732,"menu_order":0,"comment_status":"closed","ping_status":"closed","template":"","meta":{"_et_pb_use_builder":"","_et_pb_old_content":"","_et_gb_content_width":""},"acf":[],"yoast_head":"<!-- This site is optimized with the Yoast SEO plugin v17.6 - https:\/\/yoast.com\/wordpress\/plugins\/seo\/ -->\n<title>Fruits en i et l\u00e9gumes en i : la liste compl\u00e8te en Fran\u00e7ais - Alex &amp; Alex<\/title>\n<meta name=\"description\" content=\"En fran\u00e7ais, il n&#039;existe qu&#039;un fruit et qu&#039;un l\u00e9gume qui commence en i. Si vous ne voyez pas, on vous donne la r\u00e9ponse dans cet article.\" \/>\n<meta name=\"robots\" content=\"index, follow, max-snippet:-1, max-image-preview:large, max-video-preview:-1\" \/>\n<link rel=\"canonical\" href=\"https:\/\/www.alexetalex.com\/ca\/dossiers-fruites\/route-des-fruits\/fruits-legumes-en-i\/\" \/>\n<meta property=\"og:locale\" content=\"fr_FR\" \/>\n<meta property=\"og:type\" content=\"article\" \/>\n<meta property=\"og:title\" content=\"Fruits en i et l\u00e9gumes en i : la liste compl\u00e8te en Fran\u00e7ais - Alex &amp; Alex\" \/>\n<meta property=\"og:description\" content=\"En fran\u00e7ais, il n&#039;existe qu&#039;un fruit et qu&#039;un l\u00e9gume qui commence en i. Si vous ne voyez pas, on vous donne la r\u00e9ponse dans cet article.\" \/>\n<meta property=\"og:url\" content=\"https:\/\/www.alexetalex.com\/ca\/dossiers-fruites\/route-des-fruits\/fruits-legumes-en-i\/\" \/>\n<meta property=\"article:modified_time\" content=\"2020-11-08T04:42:52+00:00\" \/>\n<meta property=\"og:image\" content=\"https:\/\/www.alexetalex.com\/ca\/wp-content\/uploads\/2019\/02\/fruits-en-i.jpg\" \/>\n\t<meta property=\"og:image:width\" content=\"1300\" \/>\n\t<meta property=\"og:image:height\" content=\"890\" \/>\n<meta name=\"twitter:label1\" content=\"Dur\u00e9e de lecture estim\u00e9e\" \/>\n\t<meta name=\"twitter:data1\" content=\"2 minutes\" \/>\n<script type=\"application\/ld+json\" class=\"yoast-schema-graph\">{\"@context\":\"https:\/\/schema.org\",\"@graph\":[{\"@type\":\"Organization\",\"@id\":\"https:\/\/www.alexetalex.com\/ca\/#organization\",\"name\":\"Alex & Alex\",\"url\":\"https:\/\/www.alexetalex.com\/ca\/\",\"sameAs\":[],\"logo\":{\"@type\":\"ImageObject\",\"@id\":\"https:\/\/www.alexetalex.com\/ca\/#logo\",\"inLanguage\":\"fr-FR\",\"url\":\"https:\/\/www.alexetalex.com\/ca\/wp-content\/uploads\/2020\/04\/alexalex-1.png\",\"contentUrl\":\"https:\/\/www.alexetalex.com\/ca\/wp-content\/uploads\/2020\/04\/alexalex-1.png\",\"width\":51,\"height\":50,\"caption\":\"Alex & Alex\"},\"image\":{\"@id\":\"https:\/\/www.alexetalex.com\/ca\/#logo\"}},{\"@type\":\"WebSite\",\"@id\":\"https:\/\/www.alexetalex.com\/ca\/#website\",\"url\":\"https:\/\/www.alexetalex.com\/ca\/\",\"name\":\"\",\"description\":\"\",\"publisher\":{\"@id\":\"https:\/\/www.alexetalex.com\/ca\/#organization\"},\"potentialAction\":[{\"@type\":\"SearchAction\",\"target\":{\"@type\":\"EntryPoint\",\"urlTemplate\":\"https:\/\/www.alexetalex.com\/ca\/?s={search_term_string}\"},\"query-input\":\"required name=search_term_string\"}],\"inLanguage\":\"fr-FR\"},{\"@type\":\"ImageObject\",\"@id\":\"https:\/\/www.alexetalex.com\/ca\/dossiers-fruites\/route-des-fruits\/fruits-legumes-en-i\/#primaryimage\",\"inLanguage\":\"fr-FR\",\"url\":\"https:\/\/www.alexetalex.com\/ca\/wp-content\/uploads\/2019\/02\/fruits-en-i.jpg\",\"contentUrl\":\"https:\/\/www.alexetalex.com\/ca\/wp-content\/uploads\/2019\/02\/fruits-en-i.jpg\",\"width\":1300,\"height\":890},{\"@type\":\"WebPage\",\"@id\":\"https:\/\/www.alexetalex.com\/ca\/dossiers-fruites\/route-des-fruits\/fruits-legumes-en-i\/#webpage\",\"url\":\"https:\/\/www.alexetalex.com\/ca\/dossiers-fruites\/route-des-fruits\/fruits-legumes-en-i\/\",\"name\":\"Fruits en i et l\\u00e9gumes en i : la liste compl\\u00e8te en Fran\\u00e7ais - Alex & Alex\",\"isPartOf\":{\"@id\":\"https:\/\/www.alexetalex.com\/ca\/#website\"},\"primaryImageOfPage\":{\"@id\":\"https:\/\/www.alexetalex.com\/ca\/dossiers-fruites\/route-des-fruits\/fruits-legumes-en-i\/#primaryimage\"},\"datePublished\":\"2019-02-09T15:21:06+00:00\",\"dateModified\":\"2020-11-08T04:42:52+00:00\",\"description\":\"En fran\\u00e7ais, il n'existe qu'un fruit et qu'un l\\u00e9gume qui commence en i. Si vous ne voyez pas, on vous donne la r\\u00e9ponse dans cet article.\",\"breadcrumb\":{\"@id\":\"https:\/\/www.alexetalex.com\/ca\/dossiers-fruites\/route-des-fruits\/fruits-legumes-en-i\/#breadcrumb\"},\"inLanguage\":\"fr-FR\",\"potentialAction\":[{\"@type\":\"ReadAction\",\"target\":[\"https:\/\/www.alexetalex.com\/ca\/dossiers-fruites\/route-des-fruits\/fruits-legumes-en-i\/\"]}]},{\"@type\":\"BreadcrumbList\",\"@id\":\"https:\/\/www.alexetalex.com\/ca\/dossiers-fruites\/route-des-fruits\/fruits-legumes-en-i\/#breadcrumb\",\"itemListElement\":[{\"@type\":\"ListItem\",\"position\":1,\"name\":\"Magazine\",\"item\":\"https:\/\/www.alexetalex.com\/ca\/dossiers-fruites\/\"},{\"@type\":\"ListItem\",\"position\":2,\"name\":\"Fruits\",\"item\":\"https:\/\/www.alexetalex.com\/ca\/dossiers-fruites\/route-des-fruits\/\"},{\"@type\":\"ListItem\",\"position\":3,\"name\":\"Dossier\"}]}]}<\/script>\n<!-- \/ Yoast SEO plugin. -->","yoast_head_json":{"title":"Fruits en i et l\u00e9gumes en i : la liste compl\u00e8te en Fran\u00e7ais - Alex & Alex","description":"En fran\u00e7ais, il n'existe qu'un fruit et qu'un l\u00e9gume qui commence en i. Si vous ne voyez pas, on vous donne la r\u00e9ponse dans cet article.","robots":{"index":"index","follow":"follow","max-snippet":"max-snippet:-1","max-image-preview":"max-image-preview:large","max-video-preview":"max-video-preview:-1"},"canonical":"https:\/\/www.alexetalex.com\/ca\/dossiers-fruites\/route-des-fruits\/fruits-legumes-en-i\/","og_locale":"fr_FR","og_type":"article","og_title":"Fruits en i et l\u00e9gumes en i : la liste compl\u00e8te en Fran\u00e7ais - Alex & Alex","og_description":"En fran\u00e7ais, il n'existe qu'un fruit et qu'un l\u00e9gume qui commence en i. Si vous ne voyez pas, on vous donne la r\u00e9ponse dans cet article.","og_url":"https:\/\/www.alexetalex.com\/ca\/dossiers-fruites\/route-des-fruits\/fruits-legumes-en-i\/","article_modified_time":"2020-11-08T04:42:52+00:00","og_image":[{"width":1300,"height":890,"url":"https:\/\/www.alexetalex.com\/ca\/wp-content\/uploads\/2019\/02\/fruits-en-i.jpg","type":"image\/jpeg"}],"twitter_misc":{"Dur\u00e9e de lecture estim\u00e9e":"2 minutes"},"schema":{"@context":"https:\/\/schema.org","@graph":[{"@type":"Organization","@id":"https:\/\/www.alexetalex.com\/ca\/#organization","name":"Alex & Alex","url":"https:\/\/www.alexetalex.com\/ca\/","sameAs":[],"logo":{"@type":"ImageObject","@id":"https:\/\/www.alexetalex.com\/ca\/#logo","inLanguage":"fr-FR","url":"https:\/\/www.alexetalex.com\/ca\/wp-content\/uploads\/2020\/04\/alexalex-1.png","contentUrl":"https:\/\/www.alexetalex.com\/ca\/wp-content\/uploads\/2020\/04\/alexalex-1.png","width":51,"height":50,"caption":"Alex & Alex"},"image":{"@id":"https:\/\/www.alexetalex.com\/ca\/#logo"}},{"@type":"WebSite","@id":"https:\/\/www.alexetalex.com\/ca\/#website","url":"https:\/\/www.alexetalex.com\/ca\/","name":"","description":"","publisher":{"@id":"https:\/\/www.alexetalex.com\/ca\/#organization"},"potentialAction":[{"@type":"SearchAction","target":{"@type":"EntryPoint","urlTemplate":"https:\/\/www.alexetalex.com\/ca\/?s={search_term_string}"},"query-input":"required name=search_term_string"}],"inLanguage":"fr-FR"},{"@type":"ImageObject","@id":"https:\/\/www.alexetalex.com\/ca\/dossiers-fruites\/route-des-fruits\/fruits-legumes-en-i\/#primaryimage","inLanguage":"fr-FR","url":"https:\/\/www.alexetalex.com\/ca\/wp-content\/uploads\/2019\/02\/fruits-en-i.jpg","contentUrl":"https:\/\/www.alexetalex.com\/ca\/wp-content\/uploads\/2019\/02\/fruits-en-i.jpg","width":1300,"height":890},{"@type":"WebPage","@id":"https:\/\/www.alexetalex.com\/ca\/dossiers-fruites\/route-des-fruits\/fruits-legumes-en-i\/#webpage","url":"https:\/\/www.alexetalex.com\/ca\/dossiers-fruites\/route-des-fruits\/fruits-legumes-en-i\/","name":"Fruits en i et l\u00e9gumes en i : la liste compl\u00e8te en Fran\u00e7ais - Alex & Alex","isPartOf":{"@id":"https:\/\/www.alexetalex.com\/ca\/#website"},"primaryImageOfPage":{"@id":"https:\/\/www.alexetalex.com\/ca\/dossiers-fruites\/route-des-fruits\/fruits-legumes-en-i\/#primaryimage"},"datePublished":"2019-02-09T15:21:06+00:00","dateModified":"2020-11-08T04:42:52+00:00","description":"En fran\u00e7ais, il n'existe qu'un fruit et qu'un l\u00e9gume qui commence en i. Si vous ne voyez pas, on vous donne la r\u00e9ponse dans cet article.","breadcrumb":{"@id":"https:\/\/www.alexetalex.com\/ca\/dossiers-fruites\/route-des-fruits\/fruits-legumes-en-i\/#breadcrumb"},"inLanguage":"fr-FR","potentialAction":[{"@type":"ReadAction","target":["https:\/\/www.alexetalex.com\/ca\/dossiers-fruites\/route-des-fruits\/fruits-legumes-en-i\/"]}]},{"@type":"BreadcrumbList","@id":"https:\/\/www.alexetalex.com\/ca\/dossiers-fruites\/route-des-fruits\/fruits-legumes-en-i\/#breadcrumb","itemListElement":[{"@type":"ListItem","position":1,"name":"Magazine","item":"https:\/\/www.alexetalex.com\/ca\/dossiers-fruites\/"},{"@type":"ListItem","position":2,"name":"Fruits","item":"https:\/\/www.alexetalex.com\/ca\/dossiers-fruites\/route-des-fruits\/"},{"@type":"ListItem","position":3,"name":"Dossier"}]}]}},"_links":{"self":[{"href":"https:\/\/www.alexetalex.com\/ca\/wp-json\/wp\/v2\/pages\/10224"}],"collection":[{"href":"https:\/\/www.alexetalex.com\/ca\/wp-json\/wp\/v2\/pages"}],"about":[{"href":"https:\/\/www.alexetalex.com\/ca\/wp-json\/wp\/v2\/types\/page"}],"author":[{"embeddable":true,"href":"https:\/\/www.alexetalex.com\/ca\/wp-json\/wp\/v2\/users\/4"}],"replies":[{"embeddable":true,"href":"https:\/\/www.alexetalex.com\/ca\/wp-json\/wp\/v2\/comments?post=10224"}],"version-history":[{"count":5,"href":"https:\/\/www.alexetalex.com\/ca\/wp-json\/wp\/v2\/pages\/10224\/revisions"}],"predecessor-version":[{"id":17466,"href":"https:\/\/www.alexetalex.com\/ca\/wp-json\/wp\/v2\/pages\/10224\/revisions\/17466"}],"up":[{"embeddable":true,"href":"https:\/\/www.alexetalex.com\/ca\/wp-json\/wp\/v2\/pages\/8732"}],"wp:featuredmedia":[{"embeddable":true,"href":"https:\/\/www.alexetalex.com\/ca\/wp-json\/wp\/v2\/media\/10226"}],"wp:attachment":[{"href":"https:\/\/www.alexetalex.com\/ca\/wp-json\/wp\/v2\/media?parent=10224"}],"curies":[{"name":"wp","href":"https:\/\/api.w.org\/{rel}","templated":true}]}}