{"id":10233,"date":"2019-02-09T16:42:58","date_gmt":"2019-02-09T15:42:58","guid":{"rendered":"https:\/\/www.alexetalex.com\/ca\/?page_id=10233"},"modified":"2020-11-11T05:49:20","modified_gmt":"2020-11-11T04:49:20","slug":"fruits-legumes-en-s","status":"publish","type":"page","link":"https:\/\/www.alexetalex.com\/ca\/dossiers-fruites\/route-des-fruits\/fruits-legumes-en-s\/","title":{"rendered":"Fruits en s et l\u00e9gumes en s"},"content":{"rendered":"<p><H1>Les Fruits et les l\u00e9gumes en S<\/H1><\/p>\n<p><\/br><\/p>\n <div class=\"featured-under\">\n    <div>\n<h4>Une synth\u00e8se de l'article pour aller \u00e0 l'essentiel<\/h4>\n\n<\/div>\n<div class=\"idea1\">\n<p>En Fran\u00e7ais, il existe 5 fruits qui commencent par la lettre S : le Safou, la Sapotille, le Salacca, le Sudachi, le Sureau noir.<\/p>\n<p>Et il n'existe qu'un seul l\u00e9gume commen\u00e7ant par la lettre S : le Salsifi.<\/p>\n<p><\/p>\n<div class=\"idea2\">\n<p>Pour aller plus loin<\/p>\n<p> Dans cet article, nous vous proposons d'aller plus loin, en testant vos connaissances sur ces fruits & l\u00e9gumes parfois mal connus.<\/p>\n<\/div>\n<\/div>\n<\/div>\n<p><\/br><\/p>\n<p><script async src=\"https:\/\/pagead2.googlesyndication.com\/pagead\/js\/adsbygoogle.js\"><\/script><br \/>\n<ins class=\"adsbygoogle\"\n     style=\"display:block; text-align:center;\"\n     data-ad-layout=\"in-article\"\n     data-ad-format=\"fluid\"\n     data-ad-client=\"ca-pub-9532010157897245\"\n     data-ad-slot=\"1555816871\"><\/ins><br \/>\n<script>\n     (adsbygoogle = window.adsbygoogle || []).push({});\n<\/script><\/p>\n<p><\/br><\/p>\n<p><H2>I] Les fruits commen\u00e7ants par la lettre S<\/H2><\/p>\n<p><\/br><\/p>\n<p>Il existe 5 fruits qui commencent par la lettre S en Fran\u00e7ais, ils sont, toutefois, assez m\u00e9connus :<\/p>\n<p>&#8211; <a href=\"https:\/\/www.alexetalex.com\/ca\/dossiers-fruites\/fruit-et-nutrition\/safou\/\" rel=\"noopener noreferrer\" target=\"_blank\">Safou<\/a><br \/>\n<br \/>&#8211; Salacca<br \/>\n<br \/>&#8211; <a href=\"https:\/\/www.alexetalex.com\/ca\/dossiers-fruites\/fruit-et-nutrition\/sapotille\/\" rel=\"noopener noreferrer\" target=\"_blank\">Sapotille<\/a><br \/>\n<br \/>&#8211; <a href=\"https:\/\/www.alexetalex.com\/ca\/dossiers-fruites\/route-des-fruits\/sudachi\/\" rel=\"noopener noreferrer\" target=\"_blank\">Sudachi<\/a><br \/>\n<br \/>&#8211; <a href=\"https:\/\/www.alexetalex.com\/ca\/dossiers-fruites\/route-des-fruits\/sureau-noir\/\" rel=\"noopener noreferrer\" target=\"_blank\">Sureau noir<\/a><\/p>\n<p><\/br><\/p>\n<p><H2>II] Les l\u00e9gumes commen\u00e7ants par la lettre s<\/H2><\/p>\n<p><\/br><\/p>\n<p>Avez-vous trouv\u00e9 plusieurs l\u00e9gumes en S? On parie que non, puisqu&rsquo;il n&rsquo;existe qu&rsquo;un seul l\u00e9gume en S en Fran\u00e7ais et&#8230; il n&rsquo;est pas connu de tout le monde. Il s&rsquo;agit du :<\/p>\n<p>&#8211; Salsifi<\/p>\n<p><\/br><\/p>\n<p><script async src=\"https:\/\/pagead2.googlesyndication.com\/pagead\/js\/adsbygoogle.js\"><\/script><br \/>\n<ins class=\"adsbygoogle\"\n     style=\"display:block; text-align:center;\"\n     data-ad-layout=\"in-article\"\n     data-ad-format=\"fluid\"\n     data-ad-client=\"ca-pub-9532010157897245\"\n     data-ad-slot=\"1555816871\"><\/ins><br \/>\n<script>\n     (adsbygoogle = window.adsbygoogle || []).push({});\n<\/script><\/p>\n<p><\/br><\/p>\n<p><H2>III] Quizz fruit\u00e9 : Testez vos connaissances<\/H2><\/p>\n<p><\/br><\/p>\n <div class=\"hsg-featured-numb\">\n    <div>\n <p>1<\/p>\n <p><H3>L'ab\u00e9c\u00e9daire des fruits<\/H3><\/p>\n\n<\/div>\n  \n<\/div>\n<p><\/br><\/p>\n<p>Retrouvez notre infographie sur l&rsquo;alphabet des fruits en Fran\u00e7ais pour tester vos connaissances sur d&rsquo;autres lettres (attention : les r\u00e9ponses ne sont pas forc\u00e9ment \u00e9videntes \u00e0 chaque fois !).<\/p>\n<p><strong>&#8212;&#8212;&#8212;&#8212;   Cliquez sur l&rsquo;image ci-dessous pour zoomer !   &#8212;&#8212;&#8212;&#8212;<\/strong><\/p>\n<p><a href=\"https:\/\/www.alexetalex.com\/wp-content\/uploads\/2019\/03\/Infographie-fruitsv2-BD.jpg\" rel=\"noopener noreferrer\" target=\"_blank\"><img loading=\"lazy\" width=\"800\" height=\"1596\" src=\"https:\/\/www.alexetalex.com\/wp-content\/uploads\/2019\/02\/Infographie-fruits-1.jpg\" title=\"Ab\u00e9c\u00e9daire des fruits\" alt=\"Infographie fruits\" class=\"alignnone size-full wp-image-10321\" srcset=\"https:\/\/www.alexetalex.com\/ca\/wp-content\/uploads\/2019\/02\/Infographie-fruits-1.jpg 800w, https:\/\/www.alexetalex.com\/ca\/wp-content\/uploads\/2019\/02\/Infographie-fruits-1-600x1197.jpg 600w, https:\/\/www.alexetalex.com\/ca\/wp-content\/uploads\/2019\/02\/Infographie-fruits-1-250x499.jpg 250w, https:\/\/www.alexetalex.com\/ca\/wp-content\/uploads\/2019\/02\/Infographie-fruits-1-768x1532.jpg 768w, https:\/\/www.alexetalex.com\/ca\/wp-content\/uploads\/2019\/02\/Infographie-fruits-1-700x1397.jpg 700w, https:\/\/www.alexetalex.com\/ca\/wp-content\/uploads\/2019\/02\/Infographie-fruits-1-120x239.jpg 120w, https:\/\/www.alexetalex.com\/ca\/wp-content\/uploads\/2019\/02\/Infographie-fruits-1-320x638.jpg 320w\" sizes=\"(max-width: 800px) 100vw, 800px\" \/><\/a><\/p>\n<p><\/br><\/p>\n <div class=\"hsg-featured-numb\">\n    <div>\n <p>2<\/p>\n <p><H3>En botanique, est-ce un fruit ou un l\u00e9gume ?<\/H3><\/p>\n\n<\/div>\n  \n<\/div>\n<p><\/br><\/p>\n<p>&#8211; <a href=\"https:\/\/www.alexetalex.com\/ca\/dossiers-fruites\/le-saviez-vous\/la-tomate-fruit-ou-legume\/\">La tomate : est-ce un fruit ou l\u00e9gume ?<\/a><\/p>\n<p><\/p>\n<p>&#8211; <a href=\"https:\/\/www.alexetalex.com\/ca\/dossiers-fruites\/le-saviez-vous\/avocat-fruit-ou-legume\/\">L&rsquo;avocat : est-ce un fruit ou l\u00e9gume ?<\/a><\/p>\n<p><\/p>\n<p>&#8211; <a href=\"https:\/\/www.alexetalex.com\/ca\/dossiers-fruites\/le-saviez-vous\/poivron-fruit-ou-legume\/\">Le poivron : est-ce un fruit ou l\u00e9gume ?<\/a><\/p>\n<p>On vous apporte une r\u00e9ponse claire et sans ambigu\u00eft\u00e9 qui s&rsquo;appuie sur les r\u00e8gles de classification g\u00e9n\u00e9rale en botanique, pour que vous n&rsquo;ayez plus jamais de doute en la mati\u00e8re.<\/p>\n<p><\/br><\/p>\n <div class=\"hsg-featured-numb\">\n    <div>\n <p>3<\/p>\n <p><H3>Le jeu des diff\u00e9rences<\/H3><\/p>\n\n<\/div>\n  \n<\/div>\n<p><\/br><\/p>\n<p>&#8211; Savez-vous quelles sont les <a href=\"https:\/\/www.alexetalex.com\/ca\/dossiers-fruites\/le-saviez-vous\/chataigne-marron\/\">diff\u00e9rences entre la ch\u00e2taigne et le marron ?<\/a><\/p>\n<p><\/p>\n<p>&#8211; Savez-vous diff\u00e9rencier <a href=\"https:\/\/www.alexetalex.com\/ca\/dossiers-fruites\/route-des-fruits\/fraise-des-bois\/\">la fraise des bois (comestible)<\/a> de son homologue, le fraisier des Indes? Cette plante donne des baies semblables \u00e0 celles du fraisier, \u00e0 la m\u00eame saison, avec une \u00ab\u00a0petite\u00a0\u00bb diff\u00e9rence: elles sont toxiques&#8230;<\/p>\n<p><\/br><\/p>\n <div class=\"hsg-featured-numb\">\n    <div>\n <p>4<\/p>\n <p><H3>Les fruits commen\u00e7ants par la lettre...<\/H3><\/p>\n\n<\/div>\n  \n<\/div>\n<p><\/br><\/p>\n<p>Pour aller dans le prolongement de cet article, sauriez-vous citer un fruit commen\u00e7ant par :<br \/>\n<br \/>&#8211; <a href=\"https:\/\/www.alexetalex.com\/ca\/dossiers-fruites\/le-saviez-vous\/fruits-legumes-en-i\/\">La lettre <strong>i<\/strong><\/a> (Pas \u00e9vident, il n&rsquo;existe qu&rsquo;un seul en Fran\u00e7ais&#8230;)<br \/>\n<br \/>&#8211; <a href=\"https:\/\/www.alexetalex.com\/ca\/dossiers-fruites\/le-saviez-vous\/fruits-legumes-en-e\/\"><strong>E<\/strong><\/a> (question pi\u00e8ge)<br \/>\n<br \/>&#8211; <a href=\"https:\/\/www.alexetalex.com\/ca\/dossiers-fruites\/le-saviez-vous\/fruits-legumes-en-z\/\"><strong>Z<\/strong><\/a> (un seul fruit, un seul l\u00e9gume)<br \/>\n<br \/>&#8211; <a href=\"https:\/\/www.alexetalex.com\/ca\/dossiers-fruites\/le-saviez-vous\/fruits-legumes-en-y\/\"><strong>Y<\/strong> <\/a> (un seul fruit, pas de l\u00e9gume : \u00e0 vous de trouver !)<\/p>\n<p><\/br><\/p>\n<p><script async src=\"https:\/\/pagead2.googlesyndication.com\/pagead\/js\/adsbygoogle.js\"><\/script><br \/>\n<ins class=\"adsbygoogle\"\n     style=\"display:block; text-align:center;\"\n     data-ad-layout=\"in-article\"\n     data-ad-format=\"fluid\"\n     data-ad-client=\"ca-pub-9532010157897245\"\n     data-ad-slot=\"1555816871\"><\/ins><br \/>\n<script>\n     (adsbygoogle = window.adsbygoogle || []).push({});\n<\/script><\/p>\n<p><\/br><\/p>\n","protected":false},"excerpt":{"rendered":"<p>Les Fruits et les l\u00e9gumes en S I] Les fruits commen\u00e7ants par la lettre S Il existe 5 fruits qui commencent par la lettre S en Fran\u00e7ais, ils sont, toutefois, assez m\u00e9connus : &#8211; Safou &#8211; Salacca &#8211; Sapotille &#8211; Sudachi &#8211; Sureau noir II] Les l\u00e9gumes commen\u00e7ants par la lettre s Avez-vous trouv\u00e9 plusieurs [&hellip;]<\/p>\n","protected":false},"author":4,"featured_media":10258,"parent":8732,"menu_order":0,"comment_status":"closed","ping_status":"closed","template":"","meta":{"_et_pb_use_builder":"","_et_pb_old_content":"","_et_gb_content_width":""},"acf":[],"yoast_head":"<!-- This site is optimized with the Yoast SEO plugin v17.6 - https:\/\/yoast.com\/wordpress\/plugins\/seo\/ -->\n<title>Fruits en s et l\u00e9gumes en s : la liste compl\u00e8te en Fran\u00e7ais - Alex &amp; Alex<\/title>\n<meta name=\"description\" content=\"En Fran\u00e7ais, il existe 5 fruits qui commencent en S (et probablement vous ne les conna\u00eessez pas). Et des l\u00e9gumes en S...?\" \/>\n<meta name=\"robots\" content=\"index, follow, max-snippet:-1, max-image-preview:large, max-video-preview:-1\" \/>\n<link rel=\"canonical\" href=\"https:\/\/www.alexetalex.com\/ca\/dossiers-fruites\/route-des-fruits\/fruits-legumes-en-s\/\" \/>\n<meta property=\"og:locale\" content=\"fr_FR\" \/>\n<meta property=\"og:type\" content=\"article\" \/>\n<meta property=\"og:title\" content=\"Fruits en s et l\u00e9gumes en s : la liste compl\u00e8te en Fran\u00e7ais - Alex &amp; Alex\" \/>\n<meta property=\"og:description\" content=\"En Fran\u00e7ais, il existe 5 fruits qui commencent en S (et probablement vous ne les conna\u00eessez pas). Et des l\u00e9gumes en S...?\" \/>\n<meta property=\"og:url\" content=\"https:\/\/www.alexetalex.com\/ca\/dossiers-fruites\/route-des-fruits\/fruits-legumes-en-s\/\" \/>\n<meta property=\"article:modified_time\" content=\"2020-11-11T04:49:20+00:00\" \/>\n<meta property=\"og:image\" content=\"https:\/\/www.alexetalex.com\/ca\/wp-content\/uploads\/2019\/02\/fruits-en-s.jpg\" \/>\n\t<meta property=\"og:image:width\" content=\"1300\" \/>\n\t<meta property=\"og:image:height\" content=\"890\" \/>\n<meta name=\"twitter:label1\" content=\"Dur\u00e9e de lecture estim\u00e9e\" \/>\n\t<meta name=\"twitter:data1\" content=\"2 minutes\" \/>\n<script type=\"application\/ld+json\" class=\"yoast-schema-graph\">{\"@context\":\"https:\/\/schema.org\",\"@graph\":[{\"@type\":\"Organization\",\"@id\":\"https:\/\/www.alexetalex.com\/ca\/#organization\",\"name\":\"Alex & Alex\",\"url\":\"https:\/\/www.alexetalex.com\/ca\/\",\"sameAs\":[],\"logo\":{\"@type\":\"ImageObject\",\"@id\":\"https:\/\/www.alexetalex.com\/ca\/#logo\",\"inLanguage\":\"fr-FR\",\"url\":\"https:\/\/www.alexetalex.com\/ca\/wp-content\/uploads\/2020\/04\/alexalex-1.png\",\"contentUrl\":\"https:\/\/www.alexetalex.com\/ca\/wp-content\/uploads\/2020\/04\/alexalex-1.png\",\"width\":51,\"height\":50,\"caption\":\"Alex & Alex\"},\"image\":{\"@id\":\"https:\/\/www.alexetalex.com\/ca\/#logo\"}},{\"@type\":\"WebSite\",\"@id\":\"https:\/\/www.alexetalex.com\/ca\/#website\",\"url\":\"https:\/\/www.alexetalex.com\/ca\/\",\"name\":\"\",\"description\":\"\",\"publisher\":{\"@id\":\"https:\/\/www.alexetalex.com\/ca\/#organization\"},\"potentialAction\":[{\"@type\":\"SearchAction\",\"target\":{\"@type\":\"EntryPoint\",\"urlTemplate\":\"https:\/\/www.alexetalex.com\/ca\/?s={search_term_string}\"},\"query-input\":\"required name=search_term_string\"}],\"inLanguage\":\"fr-FR\"},{\"@type\":\"ImageObject\",\"@id\":\"https:\/\/www.alexetalex.com\/ca\/dossiers-fruites\/route-des-fruits\/fruits-legumes-en-s\/#primaryimage\",\"inLanguage\":\"fr-FR\",\"url\":\"https:\/\/www.alexetalex.com\/ca\/wp-content\/uploads\/2019\/02\/fruits-en-s.jpg\",\"contentUrl\":\"https:\/\/www.alexetalex.com\/ca\/wp-content\/uploads\/2019\/02\/fruits-en-s.jpg\",\"width\":1300,\"height\":890},{\"@type\":\"WebPage\",\"@id\":\"https:\/\/www.alexetalex.com\/ca\/dossiers-fruites\/route-des-fruits\/fruits-legumes-en-s\/#webpage\",\"url\":\"https:\/\/www.alexetalex.com\/ca\/dossiers-fruites\/route-des-fruits\/fruits-legumes-en-s\/\",\"name\":\"Fruits en s et l\\u00e9gumes en s : la liste compl\\u00e8te en Fran\\u00e7ais - Alex & Alex\",\"isPartOf\":{\"@id\":\"https:\/\/www.alexetalex.com\/ca\/#website\"},\"primaryImageOfPage\":{\"@id\":\"https:\/\/www.alexetalex.com\/ca\/dossiers-fruites\/route-des-fruits\/fruits-legumes-en-s\/#primaryimage\"},\"datePublished\":\"2019-02-09T15:42:58+00:00\",\"dateModified\":\"2020-11-11T04:49:20+00:00\",\"description\":\"En Fran\\u00e7ais, il existe 5 fruits qui commencent en S (et probablement vous ne les conna\\u00eessez pas). Et des l\\u00e9gumes en S...?\",\"breadcrumb\":{\"@id\":\"https:\/\/www.alexetalex.com\/ca\/dossiers-fruites\/route-des-fruits\/fruits-legumes-en-s\/#breadcrumb\"},\"inLanguage\":\"fr-FR\",\"potentialAction\":[{\"@type\":\"ReadAction\",\"target\":[\"https:\/\/www.alexetalex.com\/ca\/dossiers-fruites\/route-des-fruits\/fruits-legumes-en-s\/\"]}]},{\"@type\":\"BreadcrumbList\",\"@id\":\"https:\/\/www.alexetalex.com\/ca\/dossiers-fruites\/route-des-fruits\/fruits-legumes-en-s\/#breadcrumb\",\"itemListElement\":[{\"@type\":\"ListItem\",\"position\":1,\"name\":\"Magazine\",\"item\":\"https:\/\/www.alexetalex.com\/ca\/dossiers-fruites\/\"},{\"@type\":\"ListItem\",\"position\":2,\"name\":\"Fruits\",\"item\":\"https:\/\/www.alexetalex.com\/ca\/dossiers-fruites\/route-des-fruits\/\"},{\"@type\":\"ListItem\",\"position\":3,\"name\":\"Dossier\"}]}]}<\/script>\n<!-- \/ Yoast SEO plugin. -->","yoast_head_json":{"title":"Fruits en s et l\u00e9gumes en s : la liste compl\u00e8te en Fran\u00e7ais - Alex & Alex","description":"En Fran\u00e7ais, il existe 5 fruits qui commencent en S (et probablement vous ne les conna\u00eessez pas). Et des l\u00e9gumes en S...?","robots":{"index":"index","follow":"follow","max-snippet":"max-snippet:-1","max-image-preview":"max-image-preview:large","max-video-preview":"max-video-preview:-1"},"canonical":"https:\/\/www.alexetalex.com\/ca\/dossiers-fruites\/route-des-fruits\/fruits-legumes-en-s\/","og_locale":"fr_FR","og_type":"article","og_title":"Fruits en s et l\u00e9gumes en s : la liste compl\u00e8te en Fran\u00e7ais - Alex & Alex","og_description":"En Fran\u00e7ais, il existe 5 fruits qui commencent en S (et probablement vous ne les conna\u00eessez pas). Et des l\u00e9gumes en S...?","og_url":"https:\/\/www.alexetalex.com\/ca\/dossiers-fruites\/route-des-fruits\/fruits-legumes-en-s\/","article_modified_time":"2020-11-11T04:49:20+00:00","og_image":[{"width":1300,"height":890,"url":"https:\/\/www.alexetalex.com\/ca\/wp-content\/uploads\/2019\/02\/fruits-en-s.jpg","type":"image\/jpeg"}],"twitter_misc":{"Dur\u00e9e de lecture estim\u00e9e":"2 minutes"},"schema":{"@context":"https:\/\/schema.org","@graph":[{"@type":"Organization","@id":"https:\/\/www.alexetalex.com\/ca\/#organization","name":"Alex & Alex","url":"https:\/\/www.alexetalex.com\/ca\/","sameAs":[],"logo":{"@type":"ImageObject","@id":"https:\/\/www.alexetalex.com\/ca\/#logo","inLanguage":"fr-FR","url":"https:\/\/www.alexetalex.com\/ca\/wp-content\/uploads\/2020\/04\/alexalex-1.png","contentUrl":"https:\/\/www.alexetalex.com\/ca\/wp-content\/uploads\/2020\/04\/alexalex-1.png","width":51,"height":50,"caption":"Alex & Alex"},"image":{"@id":"https:\/\/www.alexetalex.com\/ca\/#logo"}},{"@type":"WebSite","@id":"https:\/\/www.alexetalex.com\/ca\/#website","url":"https:\/\/www.alexetalex.com\/ca\/","name":"","description":"","publisher":{"@id":"https:\/\/www.alexetalex.com\/ca\/#organization"},"potentialAction":[{"@type":"SearchAction","target":{"@type":"EntryPoint","urlTemplate":"https:\/\/www.alexetalex.com\/ca\/?s={search_term_string}"},"query-input":"required name=search_term_string"}],"inLanguage":"fr-FR"},{"@type":"ImageObject","@id":"https:\/\/www.alexetalex.com\/ca\/dossiers-fruites\/route-des-fruits\/fruits-legumes-en-s\/#primaryimage","inLanguage":"fr-FR","url":"https:\/\/www.alexetalex.com\/ca\/wp-content\/uploads\/2019\/02\/fruits-en-s.jpg","contentUrl":"https:\/\/www.alexetalex.com\/ca\/wp-content\/uploads\/2019\/02\/fruits-en-s.jpg","width":1300,"height":890},{"@type":"WebPage","@id":"https:\/\/www.alexetalex.com\/ca\/dossiers-fruites\/route-des-fruits\/fruits-legumes-en-s\/#webpage","url":"https:\/\/www.alexetalex.com\/ca\/dossiers-fruites\/route-des-fruits\/fruits-legumes-en-s\/","name":"Fruits en s et l\u00e9gumes en s : la liste compl\u00e8te en Fran\u00e7ais - Alex & Alex","isPartOf":{"@id":"https:\/\/www.alexetalex.com\/ca\/#website"},"primaryImageOfPage":{"@id":"https:\/\/www.alexetalex.com\/ca\/dossiers-fruites\/route-des-fruits\/fruits-legumes-en-s\/#primaryimage"},"datePublished":"2019-02-09T15:42:58+00:00","dateModified":"2020-11-11T04:49:20+00:00","description":"En Fran\u00e7ais, il existe 5 fruits qui commencent en S (et probablement vous ne les conna\u00eessez pas). Et des l\u00e9gumes en S...?","breadcrumb":{"@id":"https:\/\/www.alexetalex.com\/ca\/dossiers-fruites\/route-des-fruits\/fruits-legumes-en-s\/#breadcrumb"},"inLanguage":"fr-FR","potentialAction":[{"@type":"ReadAction","target":["https:\/\/www.alexetalex.com\/ca\/dossiers-fruites\/route-des-fruits\/fruits-legumes-en-s\/"]}]},{"@type":"BreadcrumbList","@id":"https:\/\/www.alexetalex.com\/ca\/dossiers-fruites\/route-des-fruits\/fruits-legumes-en-s\/#breadcrumb","itemListElement":[{"@type":"ListItem","position":1,"name":"Magazine","item":"https:\/\/www.alexetalex.com\/ca\/dossiers-fruites\/"},{"@type":"ListItem","position":2,"name":"Fruits","item":"https:\/\/www.alexetalex.com\/ca\/dossiers-fruites\/route-des-fruits\/"},{"@type":"ListItem","position":3,"name":"Dossier"}]}]}},"_links":{"self":[{"href":"https:\/\/www.alexetalex.com\/ca\/wp-json\/wp\/v2\/pages\/10233"}],"collection":[{"href":"https:\/\/www.alexetalex.com\/ca\/wp-json\/wp\/v2\/pages"}],"about":[{"href":"https:\/\/www.alexetalex.com\/ca\/wp-json\/wp\/v2\/types\/page"}],"author":[{"embeddable":true,"href":"https:\/\/www.alexetalex.com\/ca\/wp-json\/wp\/v2\/users\/4"}],"replies":[{"embeddable":true,"href":"https:\/\/www.alexetalex.com\/ca\/wp-json\/wp\/v2\/comments?post=10233"}],"version-history":[{"count":4,"href":"https:\/\/www.alexetalex.com\/ca\/wp-json\/wp\/v2\/pages\/10233\/revisions"}],"predecessor-version":[{"id":17475,"href":"https:\/\/www.alexetalex.com\/ca\/wp-json\/wp\/v2\/pages\/10233\/revisions\/17475"}],"up":[{"embeddable":true,"href":"https:\/\/www.alexetalex.com\/ca\/wp-json\/wp\/v2\/pages\/8732"}],"wp:featuredmedia":[{"embeddable":true,"href":"https:\/\/www.alexetalex.com\/ca\/wp-json\/wp\/v2\/media\/10258"}],"wp:attachment":[{"href":"https:\/\/www.alexetalex.com\/ca\/wp-json\/wp\/v2\/media?parent=10233"}],"curies":[{"name":"wp","href":"https:\/\/api.w.org\/{rel}","templated":true}]}}