{"id":10279,"date":"2019-02-09T21:47:37","date_gmt":"2019-02-09T20:47:37","guid":{"rendered":"https:\/\/www.alexetalex.com\/ca\/?page_id=10279"},"modified":"2021-02-15T12:54:04","modified_gmt":"2021-02-15T11:54:04","slug":"fruits-legumes-en-e","status":"publish","type":"page","link":"https:\/\/www.alexetalex.com\/ca\/dossiers-fruites\/route-des-fruits\/fruits-legumes-en-e\/","title":{"rendered":"Fruits en e et l\u00e9gumes en e"},"content":{"rendered":"<p><H1>Les fruits et les l\u00e9gumes en E <\/H1><\/p>\n<p><\/br><\/p>\n <div class=\"featured-under\">\n    <div>\n<h4>Une synth\u00e8se de l'article pour aller \u00e0 l'essentiel<\/h4>\n\n<\/div>\n<div class=\"idea1\">\n<p>La lettre E, 5\u00e8me lettre de l'alphabet<\/a>, tr\u00e8s utilis\u00e9e en langue fran\u00e7aise, n'est que rarement employ\u00e9e en botanique.<\/p>\n<p>En effet, si on recense bien, on trouve quelques vari\u00e9t\u00e9s de baies d\u00e9butant par la lettre E (l'\u00c9pine-vinette, l'\u00c9glantine, l'\u00c9rable), ou encore quelques cultivars (ou vari\u00e9t\u00e9s) de pommes commen\u00e7ant avec cette lettre E : l'\u00c9colette, l'Elstar, l'Empire, l'Enterprise et l'\u00c9ra, toutes celles-ci restent assez m\u00e9connues du grand public.<\/p>\n<p>Pour r\u00e9sumer: en fran\u00e7ais, il n'existe pas de fruits au sens strict qui commencent par la lettre E. En revanche, il existe 3 vari\u00e9t\u00e9s de baies (qui sont une sous-cat\u00e9gorie des fruits en botanique) et quelques vari\u00e9t\u00e9s de pommes qui commencent par la lettre E.<\/p>\n<p>D'une autre part, concernant les l\u00e9gumes commen\u00e7ants par la lettre E, il y en a 3 : \u00c9chalote, Endive, \u00c9pinard. Plus facile du c\u00f4t\u00e9 des l\u00e9gumes donc !<\/p>\n<p><\/p>\n<div class=\"idea2\">\n<p>Pour aller plus loin<\/p>\n<p> Cependant, dans cet article, nous vous proposons d'aller plus loin, avec d'autres d\u00e9fis. Par exemple : les fruits en I ou les l\u00e9gumes en J, mais aussi de tester vos connaissances sur les fruits & l\u00e9gumes en g\u00e9n\u00e9ral.<\/p>\n<\/div>\n<\/div>\n<\/div>\n<p><\/br><\/p>\n<p><script async src=\"https:\/\/pagead2.googlesyndication.com\/pagead\/js\/adsbygoogle.js\"><\/script><br \/>\n<ins class=\"adsbygoogle\"\n     style=\"display:block; text-align:center;\"\n     data-ad-layout=\"in-article\"\n     data-ad-format=\"fluid\"\n     data-ad-client=\"ca-pub-9532010157897245\"\n     data-ad-slot=\"1555816871\"><\/ins><br \/>\n<script>\n     (adsbygoogle = window.adsbygoogle || []).push({});\n<\/script><\/p>\n<p><\/br><\/p>\n<p><H2>I] Les fruits en E<\/H2><\/p>\n<p><\/br><\/p>\n<p><i>Effectivemenr, en fran\u00e7ais, il n&rsquo;existe pas de fruit <strong>au sens strict<\/strong> qui commence par la lettre E. Il en existe n\u00e9anmoins un en anglais : &lsquo;Elderberry&rsquo; (qui se traduit en fran\u00e7ais par &lsquo;baie de surreau&rsquo;). Mais il existe aussi des vari\u00e9t\u00e9s de baies qui d\u00e9butent par la lettre E (l&rsquo;\u00c9pine-vinette, l&rsquo;\u00c9glantine, l&rsquo;\u00c9rable), ainsi que des vari\u00e9t\u00e9s peu connues de pommes (l&rsquo;\u00c9colette, l&rsquo;Elstar, l&rsquo;Empire, l&rsquo;Enterprise et l&rsquo;\u00c9ra).<\/i><\/p>\n<p><\/br><\/p>\n<p><H2>II] Les l\u00e9gumes commen\u00e7ants par E<\/H2><\/p>\n<p><\/br><\/p>\n<p><i>En Fran\u00e7ais, il existe 3 vari\u00e9t\u00e9s de l\u00e9gumes qui commencent par la lettre e : \u00c9chalote, Endive, \u00c9pinard.<\/i><\/p>\n<p><\/br><\/p>\n<p><H2>III] Quiz fruits &#038; l\u00e9gumes : testez vos connaissances<\/H2><\/p>\n<p><\/br><\/p>\n <div class=\"hsg-featured-numb\">\n    <div>\n <p>1<\/p>\n <p><H3>L'ab\u00e9c\u00e9daire des fruits <\/H3><\/p>\n\n<\/div>\n  \n<\/div>\n<p><\/br><\/p>\n<p>On vous invite donc \u00e0 jeter un  coup d&rsquo;oeil \u00e0 notre infographie sur l&rsquo;alphabet des fruits en Fran\u00e7ais pour tester vos connaissances sur d&rsquo;autres lettres. On vous pr\u00e9vient, toutefois, que les r\u00e9ponses ne sont pas toujours faciles&#8230;<br \/>\n<br \/><\/br><\/p>\n<p><strong>&#8212;&#8212;&#8212;&#8212;   Cliquez sur l&rsquo;image ci-dessous pour zoomer !   &#8212;&#8212;&#8212;&#8212;<\/strong><\/p>\n<p><\/br><\/p>\n<p><a href=\"https:\/\/www.alexetalex.com\/wp-content\/uploads\/2019\/03\/Infographie-fruitsv2-BD.jpg\"><img loading=\"lazy\" width=\"800\" height=\"1596\" src=\"https:\/\/www.alexetalex.com\/wp-content\/uploads\/2019\/02\/Infographie-fruits-1.jpg\" title=\"Ab\u00e9c\u00e9daire des fruits\" alt=\"Infographie fruits\" class=\"alignnone size-full wp-image-10321\" srcset=\"https:\/\/www.alexetalex.com\/ca\/wp-content\/uploads\/2019\/02\/Infographie-fruits-1.jpg 800w, https:\/\/www.alexetalex.com\/ca\/wp-content\/uploads\/2019\/02\/Infographie-fruits-1-600x1197.jpg 600w, https:\/\/www.alexetalex.com\/ca\/wp-content\/uploads\/2019\/02\/Infographie-fruits-1-250x499.jpg 250w, https:\/\/www.alexetalex.com\/ca\/wp-content\/uploads\/2019\/02\/Infographie-fruits-1-768x1532.jpg 768w, https:\/\/www.alexetalex.com\/ca\/wp-content\/uploads\/2019\/02\/Infographie-fruits-1-700x1397.jpg 700w, https:\/\/www.alexetalex.com\/ca\/wp-content\/uploads\/2019\/02\/Infographie-fruits-1-120x239.jpg 120w, https:\/\/www.alexetalex.com\/ca\/wp-content\/uploads\/2019\/02\/Infographie-fruits-1-320x638.jpg 320w\" sizes=\"(max-width: 800px) 100vw, 800px\" \/><\/a><\/p>\n<p><\/br><\/p>\n <div class=\"hsg-featured-numb\">\n    <div>\n <p>2<\/p>\n <p><H3>D'autres fruits et l\u00e9gumes commen\u00e7ant par des lettres peu communes<\/H3><\/p>\n\n<\/div>\n  \n<\/div>\n<p><\/br><\/p>\n<p>Pour aller dans le prolongement de cet article, sauriez-vous citer des fruits ou des l\u00e9gumes commen\u00e7ant par :<\/p>\n<p>&#8211; <a href=\"https:\/\/www.alexetalex.com\/ca\/dossiers-fruites\/le-saviez-vous\/fruits-legumes-en-i\/\">Fruits ou l\u00e9gumes en i<\/a><br \/>\n<br \/>&#8211; <a href=\"https:\/\/www.alexetalex.com\/ca\/dossiers-fruites\/le-saviez-vous\/fruits-legumes-en-s\/\">Les fruits et l\u00e9gumes en en s<\/a><\/p>\n<p><\/br><\/p>\n <div class=\"hsg-featured-numb\">\n    <div>\n <p>3<\/p>\n <p><H3>Fruits ou l\u00e9gumes ? D\u00e9finition botanique<\/H3><\/p>\n\n<\/div>\n  \n<\/div>\n<p><\/br><\/p>\n<p>&#8211; <a href=\"https:\/\/www.alexetalex.com\/ca\/dossiers-fruites\/le-saviez-vous\/la-tomate-fruit-ou-legume\/\">La tomate : est-ce un fruit ou l\u00e9gume<\/a> ?<\/p>\n<p><\/p>\n<p>&#8211; <a href=\"https:\/\/www.alexetalex.com\/ca\/dossiers-fruites\/le-saviez-vous\/avocat-fruit-ou-legume\/\">L&rsquo;avocat : s&rsquo;agit-il d&rsquo;un fruit ou d&rsquo;un l\u00e9gume<\/a> ?<\/p>\n<p><\/p>\n<p>&#8211; <a href=\"https:\/\/www.alexetalex.com\/ca\/dossiers-fruites\/le-saviez-vous\/poivron-fruit-ou-legume\/\">Le poivron : qu&rsquo;est-ce donc?<\/a> ?<\/p>\n<p>V\u00e9rifiez les r\u00e9ponses, car vous verrez, celles-ci ne sont pas toujours aussi \u00e9videntes qu&rsquo;on pourrait le pensait.<\/p>\n<p>On vous apporte en tout cas une r\u00e9ponse claire et sans ambigu\u00eft\u00e9. Une r\u00e9ponse qui s&rsquo;appuie sur les r\u00e8gles de classification g\u00e9n\u00e9rale en botanique, pour que vous n&rsquo;ayez plus jamais de doute en la mati\u00e8re.<\/p>\n<p><\/br><\/p>\n<p><script async src=\"https:\/\/pagead2.googlesyndication.com\/pagead\/js\/adsbygoogle.js\"><\/script><br \/>\n<ins class=\"adsbygoogle\"\n     style=\"display:block; text-align:center;\"\n     data-ad-layout=\"in-article\"\n     data-ad-format=\"fluid\"\n     data-ad-client=\"ca-pub-9532010157897245\"\n     data-ad-slot=\"1555816871\"><\/ins><br \/>\n<script>\n     (adsbygoogle = window.adsbygoogle || []).push({});\n<\/script><\/p>\n<p><\/br><\/p>\n <div class=\"hsg-featured-numb\">\n    <div>\n <p>4<\/p>\n <p><H3>Le jeu des diff\u00e9rences<\/H3><\/p>\n\n<\/div>\n  \n<\/div>\n<p><\/br><\/p>\n<p>&#8211; Savez-vous quelles sont les <a href=\"https:\/\/www.alexetalex.com\/ca\/dossiers-fruites\/le-saviez-vous\/chataigne-marron\/\">diff\u00e9rences entre la ch\u00e2taigne et le marron ?<\/a><\/p>\n<p><\/p>\n<p>&#8211; Est-ce que vous pouvez diff\u00e9rencier <a href=\"https:\/\/www.alexetalex.com\/ca\/dossiers-fruites\/route-des-fruits\/fraise-des-bois\/\">la fraise des bois (comestible)<\/a> de son homologue, le fraisier des Indes, qui donne des baies tout \u00e0 fait semblables, \u00e0 la m\u00eame saison, mais qui elles, sont toxiques ?<\/p>\n","protected":false},"excerpt":{"rendered":"<p>Les fruits et les l\u00e9gumes en E I] Les fruits en E Effectivemenr, en fran\u00e7ais, il n&rsquo;existe pas de fruit au sens strict qui commence par la lettre E. Il en existe n\u00e9anmoins un en anglais : &lsquo;Elderberry&rsquo; (qui se traduit en fran\u00e7ais par &lsquo;baie de surreau&rsquo;). Mais il existe aussi des vari\u00e9t\u00e9s de baies [&hellip;]<\/p>\n","protected":false},"author":4,"featured_media":10281,"parent":8732,"menu_order":0,"comment_status":"closed","ping_status":"closed","template":"","meta":{"_et_pb_use_builder":"","_et_pb_old_content":"","_et_gb_content_width":""},"acf":[],"yoast_head":"<!-- This site is optimized with the Yoast SEO plugin v17.6 - https:\/\/yoast.com\/wordpress\/plugins\/seo\/ -->\n<title>Fruits en E et l\u00e9gumes en E : la liste compl\u00e8te en Fran\u00e7ais - Alex &amp; Alex<\/title>\n<meta name=\"description\" content=\"Des fruits en E? En Fran\u00e7ais, existe-t-il des fruits en E ? Des l\u00e9gumes en E? Si vous voulez conna\u00eetre la r\u00e9ponse, lisez cet article!\" \/>\n<meta name=\"robots\" content=\"index, follow, max-snippet:-1, max-image-preview:large, max-video-preview:-1\" \/>\n<link rel=\"canonical\" href=\"https:\/\/www.alexetalex.com\/ca\/dossiers-fruites\/route-des-fruits\/fruits-legumes-en-e\/\" \/>\n<meta property=\"og:locale\" content=\"fr_FR\" \/>\n<meta property=\"og:type\" content=\"article\" \/>\n<meta property=\"og:title\" content=\"Fruits en E et l\u00e9gumes en E : la liste compl\u00e8te en Fran\u00e7ais - Alex &amp; Alex\" \/>\n<meta property=\"og:description\" content=\"Des fruits en E? En Fran\u00e7ais, existe-t-il des fruits en E ? Des l\u00e9gumes en E? Si vous voulez conna\u00eetre la r\u00e9ponse, lisez cet article!\" \/>\n<meta property=\"og:url\" content=\"https:\/\/www.alexetalex.com\/ca\/dossiers-fruites\/route-des-fruits\/fruits-legumes-en-e\/\" \/>\n<meta property=\"article:modified_time\" content=\"2021-02-15T11:54:04+00:00\" \/>\n<meta property=\"og:image\" content=\"https:\/\/www.alexetalex.com\/ca\/wp-content\/uploads\/2019\/02\/fruits-en-e.jpg\" \/>\n\t<meta property=\"og:image:width\" content=\"1300\" \/>\n\t<meta property=\"og:image:height\" content=\"890\" \/>\n<meta name=\"twitter:label1\" content=\"Dur\u00e9e de lecture estim\u00e9e\" \/>\n\t<meta name=\"twitter:data1\" content=\"3 minutes\" \/>\n<script type=\"application\/ld+json\" class=\"yoast-schema-graph\">{\"@context\":\"https:\/\/schema.org\",\"@graph\":[{\"@type\":\"Organization\",\"@id\":\"https:\/\/www.alexetalex.com\/ca\/#organization\",\"name\":\"Alex & Alex\",\"url\":\"https:\/\/www.alexetalex.com\/ca\/\",\"sameAs\":[],\"logo\":{\"@type\":\"ImageObject\",\"@id\":\"https:\/\/www.alexetalex.com\/ca\/#logo\",\"inLanguage\":\"fr-FR\",\"url\":\"https:\/\/www.alexetalex.com\/ca\/wp-content\/uploads\/2020\/04\/alexalex-1.png\",\"contentUrl\":\"https:\/\/www.alexetalex.com\/ca\/wp-content\/uploads\/2020\/04\/alexalex-1.png\",\"width\":51,\"height\":50,\"caption\":\"Alex & Alex\"},\"image\":{\"@id\":\"https:\/\/www.alexetalex.com\/ca\/#logo\"}},{\"@type\":\"WebSite\",\"@id\":\"https:\/\/www.alexetalex.com\/ca\/#website\",\"url\":\"https:\/\/www.alexetalex.com\/ca\/\",\"name\":\"\",\"description\":\"\",\"publisher\":{\"@id\":\"https:\/\/www.alexetalex.com\/ca\/#organization\"},\"potentialAction\":[{\"@type\":\"SearchAction\",\"target\":{\"@type\":\"EntryPoint\",\"urlTemplate\":\"https:\/\/www.alexetalex.com\/ca\/?s={search_term_string}\"},\"query-input\":\"required name=search_term_string\"}],\"inLanguage\":\"fr-FR\"},{\"@type\":\"ImageObject\",\"@id\":\"https:\/\/www.alexetalex.com\/ca\/dossiers-fruites\/route-des-fruits\/fruits-legumes-en-e\/#primaryimage\",\"inLanguage\":\"fr-FR\",\"url\":\"https:\/\/www.alexetalex.com\/ca\/wp-content\/uploads\/2019\/02\/fruits-en-e.jpg\",\"contentUrl\":\"https:\/\/www.alexetalex.com\/ca\/wp-content\/uploads\/2019\/02\/fruits-en-e.jpg\",\"width\":1300,\"height\":890},{\"@type\":\"WebPage\",\"@id\":\"https:\/\/www.alexetalex.com\/ca\/dossiers-fruites\/route-des-fruits\/fruits-legumes-en-e\/#webpage\",\"url\":\"https:\/\/www.alexetalex.com\/ca\/dossiers-fruites\/route-des-fruits\/fruits-legumes-en-e\/\",\"name\":\"Fruits en E et l\\u00e9gumes en E : la liste compl\\u00e8te en Fran\\u00e7ais - Alex & Alex\",\"isPartOf\":{\"@id\":\"https:\/\/www.alexetalex.com\/ca\/#website\"},\"primaryImageOfPage\":{\"@id\":\"https:\/\/www.alexetalex.com\/ca\/dossiers-fruites\/route-des-fruits\/fruits-legumes-en-e\/#primaryimage\"},\"datePublished\":\"2019-02-09T20:47:37+00:00\",\"dateModified\":\"2021-02-15T11:54:04+00:00\",\"description\":\"Des fruits en E? En Fran\\u00e7ais, existe-t-il des fruits en E ? Des l\\u00e9gumes en E? Si vous voulez conna\\u00eetre la r\\u00e9ponse, lisez cet article!\",\"breadcrumb\":{\"@id\":\"https:\/\/www.alexetalex.com\/ca\/dossiers-fruites\/route-des-fruits\/fruits-legumes-en-e\/#breadcrumb\"},\"inLanguage\":\"fr-FR\",\"potentialAction\":[{\"@type\":\"ReadAction\",\"target\":[\"https:\/\/www.alexetalex.com\/ca\/dossiers-fruites\/route-des-fruits\/fruits-legumes-en-e\/\"]}]},{\"@type\":\"BreadcrumbList\",\"@id\":\"https:\/\/www.alexetalex.com\/ca\/dossiers-fruites\/route-des-fruits\/fruits-legumes-en-e\/#breadcrumb\",\"itemListElement\":[{\"@type\":\"ListItem\",\"position\":1,\"name\":\"Magazine\",\"item\":\"https:\/\/www.alexetalex.com\/ca\/dossiers-fruites\/\"},{\"@type\":\"ListItem\",\"position\":2,\"name\":\"Fruits\",\"item\":\"https:\/\/www.alexetalex.com\/ca\/dossiers-fruites\/route-des-fruits\/\"},{\"@type\":\"ListItem\",\"position\":3,\"name\":\"Dossier\"}]}]}<\/script>\n<!-- \/ Yoast SEO plugin. -->","yoast_head_json":{"title":"Fruits en E et l\u00e9gumes en E : la liste compl\u00e8te en Fran\u00e7ais - Alex & Alex","description":"Des fruits en E? En Fran\u00e7ais, existe-t-il des fruits en E ? Des l\u00e9gumes en E? Si vous voulez conna\u00eetre la r\u00e9ponse, lisez cet article!","robots":{"index":"index","follow":"follow","max-snippet":"max-snippet:-1","max-image-preview":"max-image-preview:large","max-video-preview":"max-video-preview:-1"},"canonical":"https:\/\/www.alexetalex.com\/ca\/dossiers-fruites\/route-des-fruits\/fruits-legumes-en-e\/","og_locale":"fr_FR","og_type":"article","og_title":"Fruits en E et l\u00e9gumes en E : la liste compl\u00e8te en Fran\u00e7ais - Alex & Alex","og_description":"Des fruits en E? En Fran\u00e7ais, existe-t-il des fruits en E ? Des l\u00e9gumes en E? Si vous voulez conna\u00eetre la r\u00e9ponse, lisez cet article!","og_url":"https:\/\/www.alexetalex.com\/ca\/dossiers-fruites\/route-des-fruits\/fruits-legumes-en-e\/","article_modified_time":"2021-02-15T11:54:04+00:00","og_image":[{"width":1300,"height":890,"url":"https:\/\/www.alexetalex.com\/ca\/wp-content\/uploads\/2019\/02\/fruits-en-e.jpg","type":"image\/jpeg"}],"twitter_misc":{"Dur\u00e9e de lecture estim\u00e9e":"3 minutes"},"schema":{"@context":"https:\/\/schema.org","@graph":[{"@type":"Organization","@id":"https:\/\/www.alexetalex.com\/ca\/#organization","name":"Alex & Alex","url":"https:\/\/www.alexetalex.com\/ca\/","sameAs":[],"logo":{"@type":"ImageObject","@id":"https:\/\/www.alexetalex.com\/ca\/#logo","inLanguage":"fr-FR","url":"https:\/\/www.alexetalex.com\/ca\/wp-content\/uploads\/2020\/04\/alexalex-1.png","contentUrl":"https:\/\/www.alexetalex.com\/ca\/wp-content\/uploads\/2020\/04\/alexalex-1.png","width":51,"height":50,"caption":"Alex & Alex"},"image":{"@id":"https:\/\/www.alexetalex.com\/ca\/#logo"}},{"@type":"WebSite","@id":"https:\/\/www.alexetalex.com\/ca\/#website","url":"https:\/\/www.alexetalex.com\/ca\/","name":"","description":"","publisher":{"@id":"https:\/\/www.alexetalex.com\/ca\/#organization"},"potentialAction":[{"@type":"SearchAction","target":{"@type":"EntryPoint","urlTemplate":"https:\/\/www.alexetalex.com\/ca\/?s={search_term_string}"},"query-input":"required name=search_term_string"}],"inLanguage":"fr-FR"},{"@type":"ImageObject","@id":"https:\/\/www.alexetalex.com\/ca\/dossiers-fruites\/route-des-fruits\/fruits-legumes-en-e\/#primaryimage","inLanguage":"fr-FR","url":"https:\/\/www.alexetalex.com\/ca\/wp-content\/uploads\/2019\/02\/fruits-en-e.jpg","contentUrl":"https:\/\/www.alexetalex.com\/ca\/wp-content\/uploads\/2019\/02\/fruits-en-e.jpg","width":1300,"height":890},{"@type":"WebPage","@id":"https:\/\/www.alexetalex.com\/ca\/dossiers-fruites\/route-des-fruits\/fruits-legumes-en-e\/#webpage","url":"https:\/\/www.alexetalex.com\/ca\/dossiers-fruites\/route-des-fruits\/fruits-legumes-en-e\/","name":"Fruits en E et l\u00e9gumes en E : la liste compl\u00e8te en Fran\u00e7ais - Alex & Alex","isPartOf":{"@id":"https:\/\/www.alexetalex.com\/ca\/#website"},"primaryImageOfPage":{"@id":"https:\/\/www.alexetalex.com\/ca\/dossiers-fruites\/route-des-fruits\/fruits-legumes-en-e\/#primaryimage"},"datePublished":"2019-02-09T20:47:37+00:00","dateModified":"2021-02-15T11:54:04+00:00","description":"Des fruits en E? En Fran\u00e7ais, existe-t-il des fruits en E ? Des l\u00e9gumes en E? Si vous voulez conna\u00eetre la r\u00e9ponse, lisez cet article!","breadcrumb":{"@id":"https:\/\/www.alexetalex.com\/ca\/dossiers-fruites\/route-des-fruits\/fruits-legumes-en-e\/#breadcrumb"},"inLanguage":"fr-FR","potentialAction":[{"@type":"ReadAction","target":["https:\/\/www.alexetalex.com\/ca\/dossiers-fruites\/route-des-fruits\/fruits-legumes-en-e\/"]}]},{"@type":"BreadcrumbList","@id":"https:\/\/www.alexetalex.com\/ca\/dossiers-fruites\/route-des-fruits\/fruits-legumes-en-e\/#breadcrumb","itemListElement":[{"@type":"ListItem","position":1,"name":"Magazine","item":"https:\/\/www.alexetalex.com\/ca\/dossiers-fruites\/"},{"@type":"ListItem","position":2,"name":"Fruits","item":"https:\/\/www.alexetalex.com\/ca\/dossiers-fruites\/route-des-fruits\/"},{"@type":"ListItem","position":3,"name":"Dossier"}]}]}},"_links":{"self":[{"href":"https:\/\/www.alexetalex.com\/ca\/wp-json\/wp\/v2\/pages\/10279"}],"collection":[{"href":"https:\/\/www.alexetalex.com\/ca\/wp-json\/wp\/v2\/pages"}],"about":[{"href":"https:\/\/www.alexetalex.com\/ca\/wp-json\/wp\/v2\/types\/page"}],"author":[{"embeddable":true,"href":"https:\/\/www.alexetalex.com\/ca\/wp-json\/wp\/v2\/users\/4"}],"replies":[{"embeddable":true,"href":"https:\/\/www.alexetalex.com\/ca\/wp-json\/wp\/v2\/comments?post=10279"}],"version-history":[{"count":6,"href":"https:\/\/www.alexetalex.com\/ca\/wp-json\/wp\/v2\/pages\/10279\/revisions"}],"predecessor-version":[{"id":17522,"href":"https:\/\/www.alexetalex.com\/ca\/wp-json\/wp\/v2\/pages\/10279\/revisions\/17522"}],"up":[{"embeddable":true,"href":"https:\/\/www.alexetalex.com\/ca\/wp-json\/wp\/v2\/pages\/8732"}],"wp:featuredmedia":[{"embeddable":true,"href":"https:\/\/www.alexetalex.com\/ca\/wp-json\/wp\/v2\/media\/10281"}],"wp:attachment":[{"href":"https:\/\/www.alexetalex.com\/ca\/wp-json\/wp\/v2\/media?parent=10279"}],"curies":[{"name":"wp","href":"https:\/\/api.w.org\/{rel}","templated":true}]}}