{"id":10355,"date":"2019-05-03T22:10:02","date_gmt":"2019-05-03T21:10:02","guid":{"rendered":"https:\/\/www.alexetalex.com\/ca\/?page_id=10355"},"modified":"2020-11-11T08:36:29","modified_gmt":"2020-11-11T07:36:29","slug":"fruits-legumes-en-z","status":"publish","type":"page","link":"https:\/\/www.alexetalex.com\/ca\/dossiers-fruites\/route-des-fruits\/fruits-legumes-en-z\/","title":{"rendered":"Fruits et l\u00e9gumes en z"},"content":{"rendered":"<p><H1>Les Fruits en Z et les l\u00e9gumes en Z<\/H1><\/p>\n<p><\/br><\/p>\n <div class=\"featured-under\">\n    <div>\n<h4>Une synth\u00e8se de l'article pour aller \u00e0 l'essentiel<\/h4>\n\n<\/div>\n<div class=\"idea1\">\n<p>En Fran\u00e7ais, il n'existe qu'un seul fruit qui commence en Z : la Zatte.<\/p>\n<p>Par contre, il n'existe aucun l\u00e9gume commen\u00e7ant par la lettre Z. <em>So sorry<\/em>. <\/p>\n<p><\/p>\n<div class=\"idea2\">\n<p>Pour aller plus loin<\/p>\n<p> Dans cet article, nous vous proposons d'aller plus loin, d'en apprendre un peu plus sur ce fruit rare, et de challenger vos connaissances \u00e0 propos des fruits en g\u00e9n\u00e9ral.<\/p>\n<\/div>\n<\/div>\n<\/div>\n<p><\/br><\/p>\n<p><script async src=\"https:\/\/pagead2.googlesyndication.com\/pagead\/js\/adsbygoogle.js\"><\/script><br \/>\n<ins class=\"adsbygoogle\"\n     style=\"display:block; text-align:center;\"\n     data-ad-layout=\"in-article\"\n     data-ad-format=\"fluid\"\n     data-ad-client=\"ca-pub-9532010157897245\"\n     data-ad-slot=\"1555816871\"><\/ins><br \/>\n<script>\n     (adsbygoogle = window.adsbygoogle || []).push({});\n<\/script><\/p>\n<p><\/br><\/p>\n<p><H2>I] Le fruit qui commence en Z <\/H2><\/p>\n<p><\/br><\/p>\n<p>En Fran\u00e7ais, il n&rsquo;existe qu&rsquo;un seul fruit qui commence par la lettre Z :<\/p>\n<p>&#8211; <a href=\"https:\/\/www.alexetalex.com\/ca\/dossiers-fruites\/fruit-et-nutrition\/zatte\/\" rel=\"noopener noreferrer\" target=\"_blank\">Zatte<\/a><\/p>\n<p><img loading=\"lazy\" width=\"1011\" height=\"570\" src=\"https:\/\/www.alexetalex.com\/wp-content\/uploads\/2019\/05\/Image1.jpg\" title=\"Zatte\" alt=\"Fruit en Z Zatte\" class=\"alignnone size-full wp-image-10361\" srcset=\"https:\/\/www.alexetalex.com\/ca\/wp-content\/uploads\/2019\/05\/Image1.jpg 1011w, https:\/\/www.alexetalex.com\/ca\/wp-content\/uploads\/2019\/05\/Image1-600x338.jpg 600w, https:\/\/www.alexetalex.com\/ca\/wp-content\/uploads\/2019\/05\/Image1-250x141.jpg 250w, https:\/\/www.alexetalex.com\/ca\/wp-content\/uploads\/2019\/05\/Image1-768x433.jpg 768w, https:\/\/www.alexetalex.com\/ca\/wp-content\/uploads\/2019\/05\/Image1-700x395.jpg 700w, https:\/\/www.alexetalex.com\/ca\/wp-content\/uploads\/2019\/05\/Image1-120x68.jpg 120w, https:\/\/www.alexetalex.com\/ca\/wp-content\/uploads\/2019\/05\/Image1-320x180.jpg 320w\" sizes=\"(max-width: 1011px) 100vw, 1011px\" \/><\/p>\n<p><i>Le <a href=\"https:\/\/www.alexetalex.com\/dossiers-fruites\/fruit-et-nutrition\/zatte\/\" rel=\"noopener noreferrer\" target=\"_blank\">Zatte<\/a> est un gros fruit tr\u00e8s populaire dans les march\u00e9s tropicaux. Originaire d&rsquo;Afrique du Sud et de l&rsquo;Ouest, ce fruit pr\u00e9sente des \u00e9cailles dures sous lesquelles se trouve une chair blanche, tendre, sucr\u00e9e et parfum\u00e9e qui se mange tel quel. Sa taille est similaire \u00e0 celle d&rsquo;une pomme.<\/i><\/p>\n<p><\/br><\/p>\n<p><H2>II] Les l\u00e9gumes commen\u00e7ants en Z<\/H2><\/p>\n<p><\/br><\/p>\n<p>En effet, on n&rsquo;a pas chang\u00e9 d&rsquo;avis le temps de votre lecture. En Fran\u00e7ais, il n&rsquo;existe aucun l\u00e9gume qui commence par la derni\u00e8re lettre de l&rsquo;alphabet.<\/p>\n<p><\/br><\/p>\n<p><H2>III] Challenge fruit\u00e9 : faites le test<\/H2><\/p>\n<p><\/br><\/p>\n <div class=\"hsg-featured-numb\">\n    <div>\n <p>1<\/p>\n <p><H3>L'ab\u00e9cd\u00e9aire des fruits<\/H3><\/p>\n\n<\/div>\n  \n<\/div>\n<p><\/br><\/p>\n<p>Bien que vous connaisiez d\u00e9j\u00e0 tous les fruits en Z qui existent en Fran\u00e7ais, on vous conseille aussi de jeter un coup d&rsquo;oeil \u00e0  notre \u00ab\u00a0Ab\u00e9c\u00e9daire des fruits\u00a0\u00bb, une infographie pour tester vos connaissances sur les fruits qui commencent par n&rsquo;importe quelle  les lettre de l&rsquo;alphabet fran\u00e7ais. Vous allez du coup d\u00e9couvrir s\u00fbrement des vari\u00e9t\u00e9s difficiles \u00e0 trouver sur les \u00e9tals si vous habitez au Canada!<\/p>\n<p><\/br><\/p>\n<p><strong>&#8212;&#8212;&#8212;&#8212;   Cliquez sur l&rsquo;image ci-dessous pour zoomer !   &#8212;&#8212;&#8212;&#8212;<\/strong><\/p>\n<p><\/br><\/p>\n<p><a href=\"https:\/\/www.alexetalex.com\/wp-content\/uploads\/2019\/03\/Infographie-fruitsv2-BD.jpg\" rel=\"noopener noreferrer\" target=\"_blank\"><img loading=\"lazy\" width=\"800\" height=\"1596\" src=\"https:\/\/www.alexetalex.com\/wp-content\/uploads\/2019\/02\/Infographie-fruits-1.jpg\" title=\"Ab\u00e9c\u00e9daire des fruits\" alt=\"Infographie fruits\" class=\"alignnone size-full wp-image-10321\" srcset=\"https:\/\/www.alexetalex.com\/ca\/wp-content\/uploads\/2019\/02\/Infographie-fruits-1.jpg 800w, https:\/\/www.alexetalex.com\/ca\/wp-content\/uploads\/2019\/02\/Infographie-fruits-1-600x1197.jpg 600w, https:\/\/www.alexetalex.com\/ca\/wp-content\/uploads\/2019\/02\/Infographie-fruits-1-250x499.jpg 250w, https:\/\/www.alexetalex.com\/ca\/wp-content\/uploads\/2019\/02\/Infographie-fruits-1-768x1532.jpg 768w, https:\/\/www.alexetalex.com\/ca\/wp-content\/uploads\/2019\/02\/Infographie-fruits-1-700x1397.jpg 700w, https:\/\/www.alexetalex.com\/ca\/wp-content\/uploads\/2019\/02\/Infographie-fruits-1-120x239.jpg 120w, https:\/\/www.alexetalex.com\/ca\/wp-content\/uploads\/2019\/02\/Infographie-fruits-1-320x638.jpg 320w\" sizes=\"(max-width: 800px) 100vw, 800px\" \/><\/a><\/p>\n<p><\/br><\/p>\n <div class=\"hsg-featured-numb\">\n    <div>\n <p>2<\/p>\n <p><H3>Le jeu des diff\u00e9rences entre fruits <\/H3><\/p>\n\n<\/div>\n  \n<\/div>\n<p><\/br><\/p>\n<p>&#8211; Savez-vous faire la diff\u00e9rence entre <a href=\"https:\/\/www.alexetalex.com\/dossiers-fruites\/le-saviez-vous\/chataigne-marron\/\">la ch\u00e2taigne et le marron<\/a> ?<\/p>\n<p><\/p>\n<p>&#8211; Savez-vous reconna\u00eetre <a href=\"https:\/\/www.alexetalex.com\/dossiers-fruites\/route-des-fruits\/fraise-des-bois\/\">la fraise des bois<\/a> en pleine nature * ?<\/p>\n<p><i>(*) sans la confondre avec le fraisier des Indes (qui donne des baies tr\u00e8s similaires, \u00e0 la m\u00eame saison, mais qui sont toxiques) ?<\/i><\/p>\n<p><\/br><\/p>\n <div class=\"hsg-featured-numb\">\n    <div>\n <p>3<\/p>\n <p><H3>Fruit ou l\u00e9gumes : \u00e0 vous de deviner !<\/H3><\/p>\n\n<\/div>\n  \n<\/div>\n<p><\/br><\/p>\n<p>&#8211; <a href=\"https:\/\/www.alexetalex.com\/ca\/dossiers-fruites\/route-des-fruits\/olive-fruit-ou-legume\/\">L\u2019olive : fruit ou l\u00e9gume ?<\/a><\/p>\n<p><\/p>\n<p>&#8211; <a href=\"https:\/\/www.alexetalex.com\/ca\/dossiers-fruites\/le-saviez-vous\/avocat-fruit-ou-legume\/\">L&rsquo;avocat : fruit ou l\u00e9gume<\/a> ?<\/p>\n<p><\/p>\n<p>&#8211; <a href=\"https:\/\/www.alexetalex.com\/ca\/dossiers-fruites\/le-saviez-vous\/poivron-fruit-ou-legume\/\">Le poivron : fruit ou l\u00e9gume<\/a> ?<\/p>\n<p>\u00c0 l&rsquo;aide de la classification g\u00e9n\u00e9rale en botanique, on \u00e9tudie chacun de ces cas particuliers pour vous donner une r\u00e9ponse claire et pr\u00e9cise. De plus, on vous partage aussi les cl\u00e9s pour que vous puissiez diff\u00e9rencier d&rsquo;une fois pour toutes les fruits des l\u00e9gumes !<\/p>\n<p><\/br><\/p>\n<p><script async src=\"https:\/\/pagead2.googlesyndication.com\/pagead\/js\/adsbygoogle.js\"><\/script><br \/>\n<ins class=\"adsbygoogle\"\n     style=\"display:block; text-align:center;\"\n     data-ad-layout=\"in-article\"\n     data-ad-format=\"fluid\"\n     data-ad-client=\"ca-pub-9532010157897245\"\n     data-ad-slot=\"1555816871\"><\/ins><br \/>\n<script>\n     (adsbygoogle = window.adsbygoogle || []).push({});\n<\/script><\/p>\n<p><\/br><\/p>\n <div class=\"hsg-featured-numb\">\n    <div>\n <p>4<\/p>\n <p><H3>Les fruits commen\u00e7ants par la lettre...<\/H3><\/p>\n\n<\/div>\n  \n<\/div>\n<p><\/br><\/p>\n<p>Pour aller dans le prolongement de cet article, sauriez-vous citer un fruit commen\u00e7ant:<br \/>\n<br \/>&#8211; les <a href=\"https:\/\/www.alexetalex.com\/ca\/dossiers-fruites\/le-saviez-vous\/fruits-legumes-en-s\/\"> par la lettre S<\/a> (il en existe cinq, mais peu connus)<br \/>\n<br \/>&#8211; les <a href=\"https:\/\/www.alexetalex.com\/ca\/dossiers-fruites\/le-saviez-vous\/fruits-legumes-en-e\/\"> en E <\/a> (question pi\u00e8ge&#8230;)<br \/>\n<br \/>&#8211; les <a href=\"https:\/\/www.alexetalex.com\/ca\/dossiers-fruites\/le-saviez-vous\/fruits-legumes-en-i\/\"> par I <\/a> (piste: il n&rsquo;y en a qu&rsquo;un seul&#8230;)<\/p>\n<p><i>Retrouvez bien d&rsquo;autres fruits (au bureau) sur la page d\u00e9di\u00e9e \u00e0 notre activit\u00e9 professionnelle : un service de livraison de fruits aux <a href=\"https:\/\/www.alexetalex.com\/ca\/#nos-services\">entreprises <\/a>et aux <a href=\"https:\/\/www.alexetalex.com\/ca\/categorie-produit\/particuliers\/\">particuliers<\/a>, \u00e0 Paris ainsi qu&rsquo;\u00e0 Montr\u00e9al !<\/i><\/p>\n<p><a title=\"Les Fruits au bureau - by Alex &#038; Alex\" href=\"https:\/\/www.alexetalex.com\/ca\/\"><img loading=\"lazy\" width=\"658\" height=\"280\" src=\"https:\/\/www.alexetalex.com\/wp-content\/uploads\/2018\/01\/Call-to-action-2.jpg\" alt=\"Call to action 2\" class=\"alignnone size-full wp-image-8638\" srcset=\"https:\/\/www.alexetalex.com\/ca\/wp-content\/uploads\/2018\/01\/Call-to-action-2.jpg 658w, https:\/\/www.alexetalex.com\/ca\/wp-content\/uploads\/2018\/01\/Call-to-action-2-600x255.jpg 600w, https:\/\/www.alexetalex.com\/ca\/wp-content\/uploads\/2018\/01\/Call-to-action-2-270x115.jpg 270w, https:\/\/www.alexetalex.com\/ca\/wp-content\/uploads\/2018\/01\/Call-to-action-2-550x234.jpg 550w\" sizes=\"(max-width: 658px) 100vw, 658px\" \/><\/a><\/p>\n","protected":false},"excerpt":{"rendered":"<p>Les Fruits en Z et les l\u00e9gumes en Z I] Le fruit qui commence en Z En Fran\u00e7ais, il n&rsquo;existe qu&rsquo;un seul fruit qui commence par la lettre Z : &#8211; Zatte Le Zatte est un gros fruit tr\u00e8s populaire dans les march\u00e9s tropicaux. Originaire d&rsquo;Afrique du Sud et de l&rsquo;Ouest, ce fruit pr\u00e9sente des [&hellip;]<\/p>\n","protected":false},"author":4,"featured_media":10356,"parent":8732,"menu_order":0,"comment_status":"closed","ping_status":"closed","template":"","meta":{"_et_pb_use_builder":"","_et_pb_old_content":"","_et_gb_content_width":""},"acf":[],"yoast_head":"<!-- This site is optimized with the Yoast SEO plugin v17.6 - https:\/\/yoast.com\/wordpress\/plugins\/seo\/ -->\n<title>Fruits en Z et l\u00e9gumes en Z : la liste compl\u00e8te en Fran\u00e7ais - A &amp; A<\/title>\n<meta name=\"description\" content=\"Des fruits en Z? En Fran\u00e7ais, il n&#039;existe qu&#039;un seul fruit en Z . Connaissez-vous un l\u00e9gume en Z? On vous donne notre r\u00e9ponse dans cet article.\" \/>\n<meta name=\"robots\" content=\"index, follow, max-snippet:-1, max-image-preview:large, max-video-preview:-1\" \/>\n<link rel=\"canonical\" href=\"https:\/\/www.alexetalex.com\/ca\/dossiers-fruites\/route-des-fruits\/fruits-legumes-en-z\/\" \/>\n<meta property=\"og:locale\" content=\"fr_FR\" \/>\n<meta property=\"og:type\" content=\"article\" \/>\n<meta property=\"og:title\" content=\"Fruits en Z et l\u00e9gumes en Z : la liste compl\u00e8te en Fran\u00e7ais - A &amp; A\" \/>\n<meta property=\"og:description\" content=\"Des fruits en Z? En Fran\u00e7ais, il n&#039;existe qu&#039;un seul fruit en Z . Connaissez-vous un l\u00e9gume en Z? On vous donne notre r\u00e9ponse dans cet article.\" \/>\n<meta property=\"og:url\" content=\"https:\/\/www.alexetalex.com\/ca\/dossiers-fruites\/route-des-fruits\/fruits-legumes-en-z\/\" \/>\n<meta property=\"article:modified_time\" content=\"2020-11-11T07:36:29+00:00\" \/>\n<meta property=\"og:image\" content=\"https:\/\/www.alexetalex.com\/ca\/wp-content\/uploads\/2019\/05\/603-492448610788591-113092357-n.jpg\" \/>\n\t<meta property=\"og:image:width\" content=\"640\" \/>\n\t<meta property=\"og:image:height\" content=\"480\" \/>\n<meta name=\"twitter:label1\" content=\"Dur\u00e9e de lecture estim\u00e9e\" \/>\n\t<meta name=\"twitter:data1\" content=\"3 minutes\" \/>\n<script type=\"application\/ld+json\" class=\"yoast-schema-graph\">{\"@context\":\"https:\/\/schema.org\",\"@graph\":[{\"@type\":\"Organization\",\"@id\":\"https:\/\/www.alexetalex.com\/ca\/#organization\",\"name\":\"Alex & Alex\",\"url\":\"https:\/\/www.alexetalex.com\/ca\/\",\"sameAs\":[],\"logo\":{\"@type\":\"ImageObject\",\"@id\":\"https:\/\/www.alexetalex.com\/ca\/#logo\",\"inLanguage\":\"fr-FR\",\"url\":\"https:\/\/www.alexetalex.com\/ca\/wp-content\/uploads\/2020\/04\/alexalex-1.png\",\"contentUrl\":\"https:\/\/www.alexetalex.com\/ca\/wp-content\/uploads\/2020\/04\/alexalex-1.png\",\"width\":51,\"height\":50,\"caption\":\"Alex & Alex\"},\"image\":{\"@id\":\"https:\/\/www.alexetalex.com\/ca\/#logo\"}},{\"@type\":\"WebSite\",\"@id\":\"https:\/\/www.alexetalex.com\/ca\/#website\",\"url\":\"https:\/\/www.alexetalex.com\/ca\/\",\"name\":\"\",\"description\":\"\",\"publisher\":{\"@id\":\"https:\/\/www.alexetalex.com\/ca\/#organization\"},\"potentialAction\":[{\"@type\":\"SearchAction\",\"target\":{\"@type\":\"EntryPoint\",\"urlTemplate\":\"https:\/\/www.alexetalex.com\/ca\/?s={search_term_string}\"},\"query-input\":\"required name=search_term_string\"}],\"inLanguage\":\"fr-FR\"},{\"@type\":\"ImageObject\",\"@id\":\"https:\/\/www.alexetalex.com\/ca\/dossiers-fruites\/route-des-fruits\/fruits-legumes-en-z\/#primaryimage\",\"inLanguage\":\"fr-FR\",\"url\":\"https:\/\/www.alexetalex.com\/ca\/wp-content\/uploads\/2019\/05\/603-492448610788591-113092357-n.jpg\",\"contentUrl\":\"https:\/\/www.alexetalex.com\/ca\/wp-content\/uploads\/2019\/05\/603-492448610788591-113092357-n.jpg\",\"width\":640,\"height\":480},{\"@type\":\"WebPage\",\"@id\":\"https:\/\/www.alexetalex.com\/ca\/dossiers-fruites\/route-des-fruits\/fruits-legumes-en-z\/#webpage\",\"url\":\"https:\/\/www.alexetalex.com\/ca\/dossiers-fruites\/route-des-fruits\/fruits-legumes-en-z\/\",\"name\":\"Fruits en Z et l\\u00e9gumes en Z : la liste compl\\u00e8te en Fran\\u00e7ais - A & A\",\"isPartOf\":{\"@id\":\"https:\/\/www.alexetalex.com\/ca\/#website\"},\"primaryImageOfPage\":{\"@id\":\"https:\/\/www.alexetalex.com\/ca\/dossiers-fruites\/route-des-fruits\/fruits-legumes-en-z\/#primaryimage\"},\"datePublished\":\"2019-05-03T21:10:02+00:00\",\"dateModified\":\"2020-11-11T07:36:29+00:00\",\"description\":\"Des fruits en Z? En Fran\\u00e7ais, il n'existe qu'un seul fruit en Z . Connaissez-vous un l\\u00e9gume en Z? On vous donne notre r\\u00e9ponse dans cet article.\",\"breadcrumb\":{\"@id\":\"https:\/\/www.alexetalex.com\/ca\/dossiers-fruites\/route-des-fruits\/fruits-legumes-en-z\/#breadcrumb\"},\"inLanguage\":\"fr-FR\",\"potentialAction\":[{\"@type\":\"ReadAction\",\"target\":[\"https:\/\/www.alexetalex.com\/ca\/dossiers-fruites\/route-des-fruits\/fruits-legumes-en-z\/\"]}]},{\"@type\":\"BreadcrumbList\",\"@id\":\"https:\/\/www.alexetalex.com\/ca\/dossiers-fruites\/route-des-fruits\/fruits-legumes-en-z\/#breadcrumb\",\"itemListElement\":[{\"@type\":\"ListItem\",\"position\":1,\"name\":\"Magazine\",\"item\":\"https:\/\/www.alexetalex.com\/ca\/dossiers-fruites\/\"},{\"@type\":\"ListItem\",\"position\":2,\"name\":\"Fruits\",\"item\":\"https:\/\/www.alexetalex.com\/ca\/dossiers-fruites\/route-des-fruits\/\"},{\"@type\":\"ListItem\",\"position\":3,\"name\":\"Dossier\"}]}]}<\/script>\n<!-- \/ Yoast SEO plugin. -->","yoast_head_json":{"title":"Fruits en Z et l\u00e9gumes en Z : la liste compl\u00e8te en Fran\u00e7ais - A & A","description":"Des fruits en Z? En Fran\u00e7ais, il n'existe qu'un seul fruit en Z . Connaissez-vous un l\u00e9gume en Z? On vous donne notre r\u00e9ponse dans cet article.","robots":{"index":"index","follow":"follow","max-snippet":"max-snippet:-1","max-image-preview":"max-image-preview:large","max-video-preview":"max-video-preview:-1"},"canonical":"https:\/\/www.alexetalex.com\/ca\/dossiers-fruites\/route-des-fruits\/fruits-legumes-en-z\/","og_locale":"fr_FR","og_type":"article","og_title":"Fruits en Z et l\u00e9gumes en Z : la liste compl\u00e8te en Fran\u00e7ais - A & A","og_description":"Des fruits en Z? En Fran\u00e7ais, il n'existe qu'un seul fruit en Z . Connaissez-vous un l\u00e9gume en Z? On vous donne notre r\u00e9ponse dans cet article.","og_url":"https:\/\/www.alexetalex.com\/ca\/dossiers-fruites\/route-des-fruits\/fruits-legumes-en-z\/","article_modified_time":"2020-11-11T07:36:29+00:00","og_image":[{"width":640,"height":480,"url":"https:\/\/www.alexetalex.com\/ca\/wp-content\/uploads\/2019\/05\/603-492448610788591-113092357-n.jpg","type":"image\/jpeg"}],"twitter_misc":{"Dur\u00e9e de lecture estim\u00e9e":"3 minutes"},"schema":{"@context":"https:\/\/schema.org","@graph":[{"@type":"Organization","@id":"https:\/\/www.alexetalex.com\/ca\/#organization","name":"Alex & Alex","url":"https:\/\/www.alexetalex.com\/ca\/","sameAs":[],"logo":{"@type":"ImageObject","@id":"https:\/\/www.alexetalex.com\/ca\/#logo","inLanguage":"fr-FR","url":"https:\/\/www.alexetalex.com\/ca\/wp-content\/uploads\/2020\/04\/alexalex-1.png","contentUrl":"https:\/\/www.alexetalex.com\/ca\/wp-content\/uploads\/2020\/04\/alexalex-1.png","width":51,"height":50,"caption":"Alex & Alex"},"image":{"@id":"https:\/\/www.alexetalex.com\/ca\/#logo"}},{"@type":"WebSite","@id":"https:\/\/www.alexetalex.com\/ca\/#website","url":"https:\/\/www.alexetalex.com\/ca\/","name":"","description":"","publisher":{"@id":"https:\/\/www.alexetalex.com\/ca\/#organization"},"potentialAction":[{"@type":"SearchAction","target":{"@type":"EntryPoint","urlTemplate":"https:\/\/www.alexetalex.com\/ca\/?s={search_term_string}"},"query-input":"required name=search_term_string"}],"inLanguage":"fr-FR"},{"@type":"ImageObject","@id":"https:\/\/www.alexetalex.com\/ca\/dossiers-fruites\/route-des-fruits\/fruits-legumes-en-z\/#primaryimage","inLanguage":"fr-FR","url":"https:\/\/www.alexetalex.com\/ca\/wp-content\/uploads\/2019\/05\/603-492448610788591-113092357-n.jpg","contentUrl":"https:\/\/www.alexetalex.com\/ca\/wp-content\/uploads\/2019\/05\/603-492448610788591-113092357-n.jpg","width":640,"height":480},{"@type":"WebPage","@id":"https:\/\/www.alexetalex.com\/ca\/dossiers-fruites\/route-des-fruits\/fruits-legumes-en-z\/#webpage","url":"https:\/\/www.alexetalex.com\/ca\/dossiers-fruites\/route-des-fruits\/fruits-legumes-en-z\/","name":"Fruits en Z et l\u00e9gumes en Z : la liste compl\u00e8te en Fran\u00e7ais - A & A","isPartOf":{"@id":"https:\/\/www.alexetalex.com\/ca\/#website"},"primaryImageOfPage":{"@id":"https:\/\/www.alexetalex.com\/ca\/dossiers-fruites\/route-des-fruits\/fruits-legumes-en-z\/#primaryimage"},"datePublished":"2019-05-03T21:10:02+00:00","dateModified":"2020-11-11T07:36:29+00:00","description":"Des fruits en Z? En Fran\u00e7ais, il n'existe qu'un seul fruit en Z . Connaissez-vous un l\u00e9gume en Z? On vous donne notre r\u00e9ponse dans cet article.","breadcrumb":{"@id":"https:\/\/www.alexetalex.com\/ca\/dossiers-fruites\/route-des-fruits\/fruits-legumes-en-z\/#breadcrumb"},"inLanguage":"fr-FR","potentialAction":[{"@type":"ReadAction","target":["https:\/\/www.alexetalex.com\/ca\/dossiers-fruites\/route-des-fruits\/fruits-legumes-en-z\/"]}]},{"@type":"BreadcrumbList","@id":"https:\/\/www.alexetalex.com\/ca\/dossiers-fruites\/route-des-fruits\/fruits-legumes-en-z\/#breadcrumb","itemListElement":[{"@type":"ListItem","position":1,"name":"Magazine","item":"https:\/\/www.alexetalex.com\/ca\/dossiers-fruites\/"},{"@type":"ListItem","position":2,"name":"Fruits","item":"https:\/\/www.alexetalex.com\/ca\/dossiers-fruites\/route-des-fruits\/"},{"@type":"ListItem","position":3,"name":"Dossier"}]}]}},"_links":{"self":[{"href":"https:\/\/www.alexetalex.com\/ca\/wp-json\/wp\/v2\/pages\/10355"}],"collection":[{"href":"https:\/\/www.alexetalex.com\/ca\/wp-json\/wp\/v2\/pages"}],"about":[{"href":"https:\/\/www.alexetalex.com\/ca\/wp-json\/wp\/v2\/types\/page"}],"author":[{"embeddable":true,"href":"https:\/\/www.alexetalex.com\/ca\/wp-json\/wp\/v2\/users\/4"}],"replies":[{"embeddable":true,"href":"https:\/\/www.alexetalex.com\/ca\/wp-json\/wp\/v2\/comments?post=10355"}],"version-history":[{"count":4,"href":"https:\/\/www.alexetalex.com\/ca\/wp-json\/wp\/v2\/pages\/10355\/revisions"}],"predecessor-version":[{"id":17480,"href":"https:\/\/www.alexetalex.com\/ca\/wp-json\/wp\/v2\/pages\/10355\/revisions\/17480"}],"up":[{"embeddable":true,"href":"https:\/\/www.alexetalex.com\/ca\/wp-json\/wp\/v2\/pages\/8732"}],"wp:featuredmedia":[{"embeddable":true,"href":"https:\/\/www.alexetalex.com\/ca\/wp-json\/wp\/v2\/media\/10356"}],"wp:attachment":[{"href":"https:\/\/www.alexetalex.com\/ca\/wp-json\/wp\/v2\/media?parent=10355"}],"curies":[{"name":"wp","href":"https:\/\/api.w.org\/{rel}","templated":true}]}}