{"id":10380,"date":"2019-05-04T15:24:23","date_gmt":"2019-05-04T14:24:23","guid":{"rendered":"https:\/\/www.alexetalex.com\/ca\/?page_id=10380"},"modified":"2020-11-11T06:49:37","modified_gmt":"2020-11-11T05:49:37","slug":"fruits-et-legumes-en-y","status":"publish","type":"page","link":"https:\/\/www.alexetalex.com\/ca\/dossiers-fruites\/route-des-fruits\/fruits-et-legumes-en-y\/","title":{"rendered":"Fruits et l\u00e9gumes en y"},"content":{"rendered":"<p><H1>Les fruits en Y et les l\u00e9gumes en Y<\/H1><\/p>\n<p><\/br><\/p>\n <div class=\"featured-under\">\n    <div>\n<h4>Une synth\u00e8se de l'article pour aller \u00e0 l'essentiel<\/h4>\n\n<\/div>\n<div class=\"idea1\">\n<p>En Fran\u00e7ais, il n'existe qu'un seul fruit qui commence en Y : le Yuzu.<\/p>\n<p>Par ailleurs, il n'existe qu'un seul l\u00e9gume commen\u00e7ant pat cette lettre : Yacon (aussi appel\u00e9e Poire de terre).<\/p>\n<p><\/p>\n<div class=\"idea2\">\n<p>Pour aller plus loin<\/p>\n<p> Dans cet article, nous vous proposons d'aller plus loin avec des quizz pour d\u00e9fier vos connaissances autour des fruits. C'est gatanti, les r\u00e9ponses ne sont pas toujours \u00e9videntes. \u00c0 vous de le d\u00e9couvrir!<\/p>\n<\/div>\n<\/div>\n<\/div>\n<p><\/br><\/p>\n<p><script async src=\"https:\/\/pagead2.googlesyndication.com\/pagead\/js\/adsbygoogle.js\"><\/script><br \/>\n<ins class=\"adsbygoogle\"\n     style=\"display:block; text-align:center;\"\n     data-ad-layout=\"in-article\"\n     data-ad-format=\"fluid\"\n     data-ad-client=\"ca-pub-9532010157897245\"\n     data-ad-slot=\"1555816871\"><\/ins><br \/>\n<script>\n     (adsbygoogle = window.adsbygoogle || []).push({});\n<\/script><\/p>\n<p><\/br><\/p>\n<p><H2>I] Les fruits qui commencent par Y<\/H2><\/p>\n<p><\/br><\/p>\n<p>Voici le seul fruit qui commence par l&rsquo;avant-derni\u00e8re lettre de l&rsquo;alphabet fran\u00e7ais :<\/p>\n<p>&#8211; <a href=\"https:\/\/www.alexetalex.com\/ca\/dossiers-fruites\/route-des-fruits\/yuzu\/\" rel=\"noopener noreferrer\" target=\"_blank\">Yuzu<\/a> (cf. image ci-dessous) *<\/p>\n<p><img loading=\"lazy\" width=\"1060\" height=\"675\" src=\"https:\/\/www.alexetalex.com\/wp-content\/uploads\/2019\/05\/Image1-1.jpg\" Title=\"Yuzu\" alt=\"Yuzu, fruit en Y\" class=\"alignnone size-full wp-image-10383\" srcset=\"https:\/\/www.alexetalex.com\/ca\/wp-content\/uploads\/2019\/05\/Image1-1.jpg 1060w, https:\/\/www.alexetalex.com\/ca\/wp-content\/uploads\/2019\/05\/Image1-1-600x382.jpg 600w, https:\/\/www.alexetalex.com\/ca\/wp-content\/uploads\/2019\/05\/Image1-1-250x159.jpg 250w, https:\/\/www.alexetalex.com\/ca\/wp-content\/uploads\/2019\/05\/Image1-1-768x489.jpg 768w, https:\/\/www.alexetalex.com\/ca\/wp-content\/uploads\/2019\/05\/Image1-1-700x446.jpg 700w, https:\/\/www.alexetalex.com\/ca\/wp-content\/uploads\/2019\/05\/Image1-1-120x76.jpg 120w, https:\/\/www.alexetalex.com\/ca\/wp-content\/uploads\/2019\/05\/Image1-1-320x204.jpg 320w\" sizes=\"(max-width: 1060px) 100vw, 1060px\" \/><\/p>\n<p><i>(*) Le Yuzu est une vari\u00e9t\u00e9 d&rsquo;agrume originaire de l\u2019Est de l\u2019Asie (<em>Citrus junos<\/em>), hybride de mandarine sauvage et de <em>Citrus Ichangesis<\/em>. Il ressemble \u00e0 un gros citron de 5 \u00e0 8 cm de diam\u00e8tre. En effet, il est de couleur verte \u00e0 jaune, selon son degr\u00e9 de maturit\u00e9, et pr\u00e9sente une peau tr\u00e8s \u00e9paisse et assez bossel\u00e9e. Le Yuzu produit peu de jus, mais contient de nombreux p\u00e9pins de grosse taille.<\/i><\/p>\n<p><\/br><\/p>\n<p><H2>II] Les l\u00e9gumes en Y<\/H2><\/p>\n<p><\/br><\/p>\n<p>En Fran\u00e7ais, il n&rsquo;existe qu&rsquo;un seul l\u00e9gume qui commence par cette lettre :<\/p>\n<p>&#8211; <a href=\"https:\/\/fr.wikipedia.org\/wiki\/Poire_de_terre\" rel=\"noopener noreferrer\" target=\"_blank\">Yacon <\/a>(aussi appel\u00e9e \u00ab\u00a0Poire de terre\u00a0\u00bb cf. image ci-dessous) *<\/p>\n<p><img loading=\"lazy\" width=\"1685\" height=\"768\" src=\"https:\/\/www.alexetalex.com\/wp-content\/uploads\/2019\/05\/Image2.jpg\" title=\"Yacon ou Poire de terre\" alt=\"L\u00e9gume en y Yacon\" class=\"alignnone size-full wp-image-10384\" srcset=\"https:\/\/www.alexetalex.com\/ca\/wp-content\/uploads\/2019\/05\/Image2.jpg 1685w, https:\/\/www.alexetalex.com\/ca\/wp-content\/uploads\/2019\/05\/Image2-600x273.jpg 600w, https:\/\/www.alexetalex.com\/ca\/wp-content\/uploads\/2019\/05\/Image2-250x114.jpg 250w, https:\/\/www.alexetalex.com\/ca\/wp-content\/uploads\/2019\/05\/Image2-768x350.jpg 768w, https:\/\/www.alexetalex.com\/ca\/wp-content\/uploads\/2019\/05\/Image2-700x319.jpg 700w, https:\/\/www.alexetalex.com\/ca\/wp-content\/uploads\/2019\/05\/Image2-120x55.jpg 120w, https:\/\/www.alexetalex.com\/ca\/wp-content\/uploads\/2019\/05\/Image2-320x146.jpg 320w\" sizes=\"(max-width: 1685px) 100vw, 1685px\" \/><\/p>\n<p><i>(*) Le Yacon est une plante vivace tub\u00e9reuse de la famille des Ast\u00e9rac\u00e9es. Originaire d&rsquo;Am\u00e9rique du Sud, le Yucon est cultiv\u00e9 pour ses tubercules comestibles au go\u00fbt sucr\u00e9. C&rsquo;est un proche parent du topinambour.<\/i><\/p>\n<p><\/br><\/p>\n<p><script async src=\"https:\/\/pagead2.googlesyndication.com\/pagead\/js\/adsbygoogle.js\"><\/script><br \/>\n<ins class=\"adsbygoogle\"\n     style=\"display:block; text-align:center;\"\n     data-ad-layout=\"in-article\"\n     data-ad-format=\"fluid\"\n     data-ad-client=\"ca-pub-9532010157897245\"\n     data-ad-slot=\"1555816871\"><\/ins><br \/>\n<script>\n     (adsbygoogle = window.adsbygoogle || []).push({});\n<\/script><\/p>\n<p><\/br><\/p>\n<p><H2>III] Quizz des fruits : participez au challenge !<\/H2><\/p>\n<p><\/br><\/p>\n <div class=\"hsg-featured-numb\">\n    <div>\n <p>1<\/p>\n <p><H3>L'abcdaire des fruits<H3><\/p>\n\n<\/div>\n  \n<\/div>\n<p><\/br><\/p>\n<p>Retrouvez tous les fruits dans notre ab\u00e9c\u00e9daire des fruits, une infographie qui vous permettra de tester vos connaissances sur des fruits qu&rsquo;on n&rsquo;a pas forc\u00e9ment l&rsquo;habitude de consommer tous les jours au Canada. Vous aurez sans doute envie de les d\u00e9guster, mais malheureusement ils ne sont pas toujours faciles \u00e0 trouver sur les \u00e9tals!<br \/>\n<br \/><\/br><\/p>\n<p><strong>&#8212;&#8212;&#8212;&#8212;   Cliquez sur l&rsquo;image ci-dessous pour zoomer !   &#8212;&#8212;&#8212;&#8212;<\/strong><\/p>\n<p><\/br><\/p>\n<p><a href=\"https:\/\/www.alexetalex.com\/wp-content\/uploads\/2019\/03\/Infographie-fruitsv2-BD.jpg\" rel=\"noopener noreferrer\" target=\"_blank\"><img loading=\"lazy\" width=\"800\" height=\"1596\" src=\"https:\/\/www.alexetalex.com\/wp-content\/uploads\/2019\/02\/Infographie-fruits-1.jpg\" title=\"Ab\u00e9c\u00e9daire des fruits\" alt=\"Infographie fruits\" class=\"alignnone size-full wp-image-10321\" srcset=\"https:\/\/www.alexetalex.com\/ca\/wp-content\/uploads\/2019\/02\/Infographie-fruits-1.jpg 800w, https:\/\/www.alexetalex.com\/ca\/wp-content\/uploads\/2019\/02\/Infographie-fruits-1-600x1197.jpg 600w, https:\/\/www.alexetalex.com\/ca\/wp-content\/uploads\/2019\/02\/Infographie-fruits-1-250x499.jpg 250w, https:\/\/www.alexetalex.com\/ca\/wp-content\/uploads\/2019\/02\/Infographie-fruits-1-768x1532.jpg 768w, https:\/\/www.alexetalex.com\/ca\/wp-content\/uploads\/2019\/02\/Infographie-fruits-1-700x1397.jpg 700w, https:\/\/www.alexetalex.com\/ca\/wp-content\/uploads\/2019\/02\/Infographie-fruits-1-120x239.jpg 120w, https:\/\/www.alexetalex.com\/ca\/wp-content\/uploads\/2019\/02\/Infographie-fruits-1-320x638.jpg 320w\" sizes=\"(max-width: 800px) 100vw, 800px\" \/><\/a><\/p>\n<p><\/br><\/p>\n <div class=\"hsg-featured-numb\">\n    <div>\n <p>2<\/p>\n <p><H3>Le jeu des diff\u00e9rences<\/H3><\/p>\n\n<\/div>\n  \n<\/div>\n<p><\/br><\/p>\n<p>&#8211; <a href=\"https:\/\/www.alexetalex.com\/ca\/dossiers-fruites\/le-saviez-vous\/chataigne-marron\/\">Ch\u00e2taigne ou marron<\/a> : quelle diff\u00e9rence ?<\/p>\n<p><\/p>\n<p>&#8211; <a href=\"https:\/\/www.alexetalex.com\/dossiers-fruites\/route-des-fruits\/fraise-des-bois\/\">Fraise des bois ou fraisier des Indes<\/a> quelle diff\u00e9rence * ?<\/p>\n<p><\/p>\n<p>&#8211; <a href=\"https:\/\/www.alexetalex.com\/ca\/dossiers-fruites\/route-des-fruits\/clementine-mandarine\/\">Cl\u00e9mentine ou Mandarine : sauriez-vous les identifier?<\/a> ?<\/p>\n<p><i>(*) le fraisier des Indes donne des baies tr\u00e8s similaires \u00e0 celle de notre fraisier des bois, \u00e0 la m\u00eame saison, mais elles sont toxiques !<\/i><\/p>\n<p><\/br><\/p>\n <div class=\"hsg-featured-numb\">\n    <div>\n <p>3<\/p>\n <p><H3>L\u00e9gume ou fruit ? \u00c0 vous de deviner !<\/H3><\/p>\n\n<\/div>\n  \n<\/div>\n<p><\/br><\/p>\n<p>&#8211; <a href=\"https:\/\/www.alexetalex.com\/dossiers-fruites\/le-saviez-vous\/la-tomate-fruit-ou-legume\/\">La tomate : fruit ou l\u00e9gume<\/a> ?<\/p>\n<p><\/p>\n<p>&#8211; <a href=\"https:\/\/www.alexetalex.com\/dossiers-fruites\/le-saviez-vous\/avocat-fruit-ou-legume\/\">L&rsquo;avocat : fruit ou l\u00e9gume<\/a> ?<\/p>\n<p><\/p>\n<p>&#8211; <a href=\"https:\/\/www.alexetalex.com\/dossiers-fruites\/le-saviez-vous\/poivron-fruit-ou-legume\/\">Le poivron : fruit ou l\u00e9gume<\/a> ?<\/p>\n<p>\u00c0 l&rsquo;aide de la classification g\u00e9n\u00e9rale en botanique, on \u00e9tudie chacun de ces cas particuliers pour vous donner une r\u00e9ponse claire et pr\u00e9cise. On \u00e9tudie aussi le cas g\u00e9n\u00e9ral pour que vous sachiez d\u00e9sormais toujours tranch\u00e9 entre fruits ou l\u00e9gumes !<\/p>\n<p><\/br><\/p>\n <div class=\"hsg-featured-numb\">\n    <div>\n <p>4<\/p>\n <p><H3>Les fruits commen\u00e7ants par la lettre...<\/H3><\/p>\n\n<\/div>\n  \n<\/div>\n<p><\/br><\/p>\n<p>Pour aller dans le prolongement de cet article, sauriez-vous citer un fruit commen\u00e7ant par :<br \/>\n<br \/>&#8211; les <a href=\"https:\/\/www.alexetalex.com\/ca\/dossiers-fruites\/le-saviez-vous\/fruits-legumes-en-s\/\">fruits en s<\/a> (il en existe cinq, mais peu connus)<br \/>\n<br \/>&#8211; les <a href=\"https:\/\/www.alexetalex.com\/ca\/dossiers-fruites\/le-saviez-vous\/fruits-legumes-en-z\/\">fruits en z<\/a> (un seul fruit ! saurez vous le trouver ?)<br \/>\n<br \/>&#8211; les <a href=\"https:\/\/www.alexetalex.com\/ca\/dossiers-fruites\/le-saviez-vous\/fruits-legumes-en-i\/\">fruits en i<\/a> (un seul fruit et un seul l\u00e9gume existe)<\/p>\n<p><i>Et pour finir en beaut\u00e9, et retrouver des fruits de saison toute l&rsquo;ann\u00e9e sur votre lieu de travail, d\u00e9couvrez notre service de livraison de paniers de fruits au bureau pour les <a href=\"https:\/\/www.alexetalex.com\/ca\/#nos-services\"><strong>entreprises<\/strong><\/a> et pour les <a href=\"https:\/\/www.alexetalex.com\/categorie-produit\/particuliers\/\"><strong>particuliers<\/strong><\/a>, sur la page d\u00e9di\u00e9e \u00e0 notre activit\u00e9 professionnelle, en cliquant sur l&rsquo;image ci-dessous<\/i><\/p>\n<p><a title=\"Alex &#038; Alex - Les Fruits au Bureau\" href=\"https:\/\/www.alexetalex.com\/ca\/\"><img loading=\"lazy\" width=\"658\" height=\"280\" src=\"https:\/\/www.alexetalex.com\/wp-content\/uploads\/2018\/01\/Call-to-action-2.jpg\" alt=\"Call to action 2\" class=\"alignnone size-full wp-image-8638\" srcset=\"https:\/\/www.alexetalex.com\/ca\/wp-content\/uploads\/2018\/01\/Call-to-action-2.jpg 658w, https:\/\/www.alexetalex.com\/ca\/wp-content\/uploads\/2018\/01\/Call-to-action-2-600x255.jpg 600w, https:\/\/www.alexetalex.com\/ca\/wp-content\/uploads\/2018\/01\/Call-to-action-2-270x115.jpg 270w, https:\/\/www.alexetalex.com\/ca\/wp-content\/uploads\/2018\/01\/Call-to-action-2-550x234.jpg 550w\" sizes=\"(max-width: 658px) 100vw, 658px\" \/><\/a><\/p>\n<p><script async src=\"https:\/\/pagead2.googlesyndication.com\/pagead\/js\/adsbygoogle.js\"><\/script><br \/>\n<ins class=\"adsbygoogle\"\n     style=\"display:block; text-align:center;\"\n     data-ad-layout=\"in-article\"\n     data-ad-format=\"fluid\"\n     data-ad-client=\"ca-pub-9532010157897245\"\n     data-ad-slot=\"1555816871\"><\/ins><br \/>\n<script>\n     (adsbygoogle = window.adsbygoogle || []).push({});\n<\/script><\/p>\n<p><\/br><\/p>\n","protected":false},"excerpt":{"rendered":"<p>Les fruits en Y et les l\u00e9gumes en Y I] Les fruits qui commencent par Y Voici le seul fruit qui commence par l&rsquo;avant-derni\u00e8re lettre de l&rsquo;alphabet fran\u00e7ais : &#8211; Yuzu (cf. image ci-dessous) * (*) Le Yuzu est une vari\u00e9t\u00e9 d&rsquo;agrume originaire de l\u2019Est de l\u2019Asie (Citrus junos), hybride de mandarine sauvage et de [&hellip;]<\/p>\n","protected":false},"author":4,"featured_media":10386,"parent":8732,"menu_order":0,"comment_status":"closed","ping_status":"closed","template":"","meta":{"_et_pb_use_builder":"","_et_pb_old_content":"","_et_gb_content_width":""},"acf":[],"yoast_head":"<!-- This site is optimized with the Yoast SEO plugin v17.6 - https:\/\/yoast.com\/wordpress\/plugins\/seo\/ -->\n<title>Fruits et l\u00e9gumes en Y : la liste compl\u00e8te | Alex &amp; Alex<\/title>\n<meta name=\"description\" content=\"Des fruits en Y? Il n&#039;y en a qu&#039;un seul en Fran\u00e7ais. Sauriez-vous le trouver? Et des l\u00e9gumes en Y? D\u00e9couvrez-le dans cet article!\" \/>\n<meta name=\"robots\" content=\"index, follow, max-snippet:-1, max-image-preview:large, max-video-preview:-1\" \/>\n<link rel=\"canonical\" href=\"https:\/\/www.alexetalex.com\/ca\/dossiers-fruites\/route-des-fruits\/fruits-et-legumes-en-y\/\" \/>\n<meta property=\"og:locale\" content=\"fr_FR\" \/>\n<meta property=\"og:type\" content=\"article\" \/>\n<meta property=\"og:title\" content=\"Fruits et l\u00e9gumes en Y : la liste compl\u00e8te | Alex &amp; Alex\" \/>\n<meta property=\"og:description\" content=\"Des fruits en Y? Il n&#039;y en a qu&#039;un seul en Fran\u00e7ais. Sauriez-vous le trouver? Et des l\u00e9gumes en Y? D\u00e9couvrez-le dans cet article!\" \/>\n<meta property=\"og:url\" content=\"https:\/\/www.alexetalex.com\/ca\/dossiers-fruites\/route-des-fruits\/fruits-et-legumes-en-y\/\" \/>\n<meta property=\"article:modified_time\" content=\"2020-11-11T05:49:37+00:00\" \/>\n<meta property=\"og:image\" content=\"https:\/\/www.alexetalex.com\/ca\/wp-content\/uploads\/2019\/05\/Image3.jpg\" \/>\n\t<meta property=\"og:image:width\" content=\"1050\" \/>\n\t<meta property=\"og:image:height\" content=\"460\" \/>\n<meta name=\"twitter:label1\" content=\"Dur\u00e9e de lecture estim\u00e9e\" \/>\n\t<meta name=\"twitter:data1\" content=\"3 minutes\" \/>\n<script type=\"application\/ld+json\" class=\"yoast-schema-graph\">{\"@context\":\"https:\/\/schema.org\",\"@graph\":[{\"@type\":\"Organization\",\"@id\":\"https:\/\/www.alexetalex.com\/ca\/#organization\",\"name\":\"Alex & Alex\",\"url\":\"https:\/\/www.alexetalex.com\/ca\/\",\"sameAs\":[],\"logo\":{\"@type\":\"ImageObject\",\"@id\":\"https:\/\/www.alexetalex.com\/ca\/#logo\",\"inLanguage\":\"fr-FR\",\"url\":\"https:\/\/www.alexetalex.com\/ca\/wp-content\/uploads\/2020\/04\/alexalex-1.png\",\"contentUrl\":\"https:\/\/www.alexetalex.com\/ca\/wp-content\/uploads\/2020\/04\/alexalex-1.png\",\"width\":51,\"height\":50,\"caption\":\"Alex & Alex\"},\"image\":{\"@id\":\"https:\/\/www.alexetalex.com\/ca\/#logo\"}},{\"@type\":\"WebSite\",\"@id\":\"https:\/\/www.alexetalex.com\/ca\/#website\",\"url\":\"https:\/\/www.alexetalex.com\/ca\/\",\"name\":\"\",\"description\":\"\",\"publisher\":{\"@id\":\"https:\/\/www.alexetalex.com\/ca\/#organization\"},\"potentialAction\":[{\"@type\":\"SearchAction\",\"target\":{\"@type\":\"EntryPoint\",\"urlTemplate\":\"https:\/\/www.alexetalex.com\/ca\/?s={search_term_string}\"},\"query-input\":\"required name=search_term_string\"}],\"inLanguage\":\"fr-FR\"},{\"@type\":\"ImageObject\",\"@id\":\"https:\/\/www.alexetalex.com\/ca\/dossiers-fruites\/route-des-fruits\/fruits-et-legumes-en-y\/#primaryimage\",\"inLanguage\":\"fr-FR\",\"url\":\"https:\/\/www.alexetalex.com\/ca\/wp-content\/uploads\/2019\/05\/Image3.jpg\",\"contentUrl\":\"https:\/\/www.alexetalex.com\/ca\/wp-content\/uploads\/2019\/05\/Image3.jpg\",\"width\":1050,\"height\":460},{\"@type\":\"WebPage\",\"@id\":\"https:\/\/www.alexetalex.com\/ca\/dossiers-fruites\/route-des-fruits\/fruits-et-legumes-en-y\/#webpage\",\"url\":\"https:\/\/www.alexetalex.com\/ca\/dossiers-fruites\/route-des-fruits\/fruits-et-legumes-en-y\/\",\"name\":\"Fruits et l\\u00e9gumes en Y : la liste compl\\u00e8te | Alex & Alex\",\"isPartOf\":{\"@id\":\"https:\/\/www.alexetalex.com\/ca\/#website\"},\"primaryImageOfPage\":{\"@id\":\"https:\/\/www.alexetalex.com\/ca\/dossiers-fruites\/route-des-fruits\/fruits-et-legumes-en-y\/#primaryimage\"},\"datePublished\":\"2019-05-04T14:24:23+00:00\",\"dateModified\":\"2020-11-11T05:49:37+00:00\",\"description\":\"Des fruits en Y? Il n'y en a qu'un seul en Fran\\u00e7ais. Sauriez-vous le trouver? Et des l\\u00e9gumes en Y? D\\u00e9couvrez-le dans cet article!\",\"breadcrumb\":{\"@id\":\"https:\/\/www.alexetalex.com\/ca\/dossiers-fruites\/route-des-fruits\/fruits-et-legumes-en-y\/#breadcrumb\"},\"inLanguage\":\"fr-FR\",\"potentialAction\":[{\"@type\":\"ReadAction\",\"target\":[\"https:\/\/www.alexetalex.com\/ca\/dossiers-fruites\/route-des-fruits\/fruits-et-legumes-en-y\/\"]}]},{\"@type\":\"BreadcrumbList\",\"@id\":\"https:\/\/www.alexetalex.com\/ca\/dossiers-fruites\/route-des-fruits\/fruits-et-legumes-en-y\/#breadcrumb\",\"itemListElement\":[{\"@type\":\"ListItem\",\"position\":1,\"name\":\"Magazine\",\"item\":\"https:\/\/www.alexetalex.com\/ca\/dossiers-fruites\/\"},{\"@type\":\"ListItem\",\"position\":2,\"name\":\"Fruits\",\"item\":\"https:\/\/www.alexetalex.com\/ca\/dossiers-fruites\/route-des-fruits\/\"},{\"@type\":\"ListItem\",\"position\":3,\"name\":\"Dossier\"}]}]}<\/script>\n<!-- \/ Yoast SEO plugin. -->","yoast_head_json":{"title":"Fruits et l\u00e9gumes en Y : la liste compl\u00e8te | Alex & Alex","description":"Des fruits en Y? Il n'y en a qu'un seul en Fran\u00e7ais. Sauriez-vous le trouver? Et des l\u00e9gumes en Y? D\u00e9couvrez-le dans cet article!","robots":{"index":"index","follow":"follow","max-snippet":"max-snippet:-1","max-image-preview":"max-image-preview:large","max-video-preview":"max-video-preview:-1"},"canonical":"https:\/\/www.alexetalex.com\/ca\/dossiers-fruites\/route-des-fruits\/fruits-et-legumes-en-y\/","og_locale":"fr_FR","og_type":"article","og_title":"Fruits et l\u00e9gumes en Y : la liste compl\u00e8te | Alex & Alex","og_description":"Des fruits en Y? Il n'y en a qu'un seul en Fran\u00e7ais. Sauriez-vous le trouver? Et des l\u00e9gumes en Y? D\u00e9couvrez-le dans cet article!","og_url":"https:\/\/www.alexetalex.com\/ca\/dossiers-fruites\/route-des-fruits\/fruits-et-legumes-en-y\/","article_modified_time":"2020-11-11T05:49:37+00:00","og_image":[{"width":1050,"height":460,"url":"https:\/\/www.alexetalex.com\/ca\/wp-content\/uploads\/2019\/05\/Image3.jpg","type":"image\/jpeg"}],"twitter_misc":{"Dur\u00e9e de lecture estim\u00e9e":"3 minutes"},"schema":{"@context":"https:\/\/schema.org","@graph":[{"@type":"Organization","@id":"https:\/\/www.alexetalex.com\/ca\/#organization","name":"Alex & Alex","url":"https:\/\/www.alexetalex.com\/ca\/","sameAs":[],"logo":{"@type":"ImageObject","@id":"https:\/\/www.alexetalex.com\/ca\/#logo","inLanguage":"fr-FR","url":"https:\/\/www.alexetalex.com\/ca\/wp-content\/uploads\/2020\/04\/alexalex-1.png","contentUrl":"https:\/\/www.alexetalex.com\/ca\/wp-content\/uploads\/2020\/04\/alexalex-1.png","width":51,"height":50,"caption":"Alex & Alex"},"image":{"@id":"https:\/\/www.alexetalex.com\/ca\/#logo"}},{"@type":"WebSite","@id":"https:\/\/www.alexetalex.com\/ca\/#website","url":"https:\/\/www.alexetalex.com\/ca\/","name":"","description":"","publisher":{"@id":"https:\/\/www.alexetalex.com\/ca\/#organization"},"potentialAction":[{"@type":"SearchAction","target":{"@type":"EntryPoint","urlTemplate":"https:\/\/www.alexetalex.com\/ca\/?s={search_term_string}"},"query-input":"required name=search_term_string"}],"inLanguage":"fr-FR"},{"@type":"ImageObject","@id":"https:\/\/www.alexetalex.com\/ca\/dossiers-fruites\/route-des-fruits\/fruits-et-legumes-en-y\/#primaryimage","inLanguage":"fr-FR","url":"https:\/\/www.alexetalex.com\/ca\/wp-content\/uploads\/2019\/05\/Image3.jpg","contentUrl":"https:\/\/www.alexetalex.com\/ca\/wp-content\/uploads\/2019\/05\/Image3.jpg","width":1050,"height":460},{"@type":"WebPage","@id":"https:\/\/www.alexetalex.com\/ca\/dossiers-fruites\/route-des-fruits\/fruits-et-legumes-en-y\/#webpage","url":"https:\/\/www.alexetalex.com\/ca\/dossiers-fruites\/route-des-fruits\/fruits-et-legumes-en-y\/","name":"Fruits et l\u00e9gumes en Y : la liste compl\u00e8te | Alex & Alex","isPartOf":{"@id":"https:\/\/www.alexetalex.com\/ca\/#website"},"primaryImageOfPage":{"@id":"https:\/\/www.alexetalex.com\/ca\/dossiers-fruites\/route-des-fruits\/fruits-et-legumes-en-y\/#primaryimage"},"datePublished":"2019-05-04T14:24:23+00:00","dateModified":"2020-11-11T05:49:37+00:00","description":"Des fruits en Y? Il n'y en a qu'un seul en Fran\u00e7ais. Sauriez-vous le trouver? Et des l\u00e9gumes en Y? D\u00e9couvrez-le dans cet article!","breadcrumb":{"@id":"https:\/\/www.alexetalex.com\/ca\/dossiers-fruites\/route-des-fruits\/fruits-et-legumes-en-y\/#breadcrumb"},"inLanguage":"fr-FR","potentialAction":[{"@type":"ReadAction","target":["https:\/\/www.alexetalex.com\/ca\/dossiers-fruites\/route-des-fruits\/fruits-et-legumes-en-y\/"]}]},{"@type":"BreadcrumbList","@id":"https:\/\/www.alexetalex.com\/ca\/dossiers-fruites\/route-des-fruits\/fruits-et-legumes-en-y\/#breadcrumb","itemListElement":[{"@type":"ListItem","position":1,"name":"Magazine","item":"https:\/\/www.alexetalex.com\/ca\/dossiers-fruites\/"},{"@type":"ListItem","position":2,"name":"Fruits","item":"https:\/\/www.alexetalex.com\/ca\/dossiers-fruites\/route-des-fruits\/"},{"@type":"ListItem","position":3,"name":"Dossier"}]}]}},"_links":{"self":[{"href":"https:\/\/www.alexetalex.com\/ca\/wp-json\/wp\/v2\/pages\/10380"}],"collection":[{"href":"https:\/\/www.alexetalex.com\/ca\/wp-json\/wp\/v2\/pages"}],"about":[{"href":"https:\/\/www.alexetalex.com\/ca\/wp-json\/wp\/v2\/types\/page"}],"author":[{"embeddable":true,"href":"https:\/\/www.alexetalex.com\/ca\/wp-json\/wp\/v2\/users\/4"}],"replies":[{"embeddable":true,"href":"https:\/\/www.alexetalex.com\/ca\/wp-json\/wp\/v2\/comments?post=10380"}],"version-history":[{"count":3,"href":"https:\/\/www.alexetalex.com\/ca\/wp-json\/wp\/v2\/pages\/10380\/revisions"}],"predecessor-version":[{"id":17477,"href":"https:\/\/www.alexetalex.com\/ca\/wp-json\/wp\/v2\/pages\/10380\/revisions\/17477"}],"up":[{"embeddable":true,"href":"https:\/\/www.alexetalex.com\/ca\/wp-json\/wp\/v2\/pages\/8732"}],"wp:featuredmedia":[{"embeddable":true,"href":"https:\/\/www.alexetalex.com\/ca\/wp-json\/wp\/v2\/media\/10386"}],"wp:attachment":[{"href":"https:\/\/www.alexetalex.com\/ca\/wp-json\/wp\/v2\/media?parent=10380"}],"curies":[{"name":"wp","href":"https:\/\/api.w.org\/{rel}","templated":true}]}}