{"id":10389,"date":"2019-05-04T15:48:10","date_gmt":"2019-05-04T14:48:10","guid":{"rendered":"https:\/\/www.alexetalex.com\/ca\/?page_id=10389"},"modified":"2020-11-08T06:27:10","modified_gmt":"2020-11-08T05:27:10","slug":"fruits-legumes-en-u","status":"publish","type":"page","link":"https:\/\/www.alexetalex.com\/ca\/dossiers-fruites\/route-des-fruits\/fruits-legumes-en-u\/","title":{"rendered":"fruits en u et l\u00e9gumes en u"},"content":{"rendered":"<p><H1>Les Fruits et les l\u00e9gumes en U<\/H1><\/p>\n<p><\/br><\/p>\n <div class=\"featured-under\">\n    <div>\n<h4>Une synth\u00e8se de l'article pour aller \u00e0 l'essentiel<\/h4>\n\n<\/div>\n<div class=\"idea1\">\n<p>En Fran\u00e7ais, il n'existe qu'un seul fruit en U : l'Ugli.<\/p>\n<p>Et il n'existe qu'un seul l\u00e9gume commen\u00e7ant par la lettre U : l'Udo (aussi appel\u00e9e Aralia du Japon).<\/p>\n<p><\/p>\n<div class=\"idea2\">\n<p>Pour aller plus loin<\/p>\n<p> Dans cet article, nous vous proposons d'aller plus loin, et de faire plus ample connaissance avec ces 2 produits m\u00e9connus.<\/p>\n<\/div>\n<\/div>\n<\/div>\n<p><\/br><\/p>\n<p><script async src=\"https:\/\/pagead2.googlesyndication.com\/pagead\/js\/adsbygoogle.js\"><\/script><br \/>\n<ins class=\"adsbygoogle\"\n     style=\"display:block; text-align:center;\"\n     data-ad-layout=\"in-article\"\n     data-ad-format=\"fluid\"\n     data-ad-client=\"ca-pub-9532010157897245\"\n     data-ad-slot=\"1555816871\"><\/ins><br \/>\n<script>\n     (adsbygoogle = window.adsbygoogle || []).push({});\n<\/script><\/p>\n<p><\/br><\/p>\n<p><H2>I] Les fruits qui commencent en u<\/H2><\/p>\n<p><\/br><\/p>\n<p>Il n&rsquo;existe qu&rsquo;un seul fruit en Fran\u00e7ais qui commence par la lettre U :<\/p>\n<p>&#8211; <a href=\"https:\/\/www.alexetalex.com\/ca\/dossiers-fruites\/fruit-et-nutrition\/ugli\/\" rel=\"noopener noreferrer\" target=\"_blank\">Ugli<\/a> (cliquez pour en savoir plus, ou sinon, en voici une photo ci-dessous)<\/p>\n<p><img loading=\"lazy\" width=\"1088\" height=\"624\" src=\"https:\/\/www.alexetalex.com\/wp-content\/uploads\/2019\/05\/Image6.jpg\" title=\"Ugli\" alt=\"Ugli jaune\" class=\"alignnone size-full wp-image-10393\" srcset=\"https:\/\/www.alexetalex.com\/ca\/wp-content\/uploads\/2019\/05\/Image6.jpg 1088w, https:\/\/www.alexetalex.com\/ca\/wp-content\/uploads\/2019\/05\/Image6-600x344.jpg 600w, https:\/\/www.alexetalex.com\/ca\/wp-content\/uploads\/2019\/05\/Image6-250x143.jpg 250w, https:\/\/www.alexetalex.com\/ca\/wp-content\/uploads\/2019\/05\/Image6-768x440.jpg 768w, https:\/\/www.alexetalex.com\/ca\/wp-content\/uploads\/2019\/05\/Image6-700x401.jpg 700w, https:\/\/www.alexetalex.com\/ca\/wp-content\/uploads\/2019\/05\/Image6-120x69.jpg 120w, https:\/\/www.alexetalex.com\/ca\/wp-content\/uploads\/2019\/05\/Image6-320x184.jpg 320w\" sizes=\"(max-width: 1088px) 100vw, 1088px\" \/><\/p>\n<p><i>(*) Ce fruits d&rsquo;aspect souvent difforme est un agrume dont la taille varie entre celle d&rsquo;une orange et celle d&rsquo;un pamplemousse. Son \u00e9corce jaune orang\u00e9e est rid\u00e9e et \u00e9paisse<\/i><\/p>\n<p><\/br><\/p>\n<p><script async src=\"https:\/\/pagead2.googlesyndication.com\/pagead\/js\/adsbygoogle.js\"><\/script><br \/>\n<ins class=\"adsbygoogle\"\n     style=\"display:block; text-align:center;\"\n     data-ad-layout=\"in-article\"\n     data-ad-format=\"fluid\"\n     data-ad-client=\"ca-pub-9532010157897245\"\n     data-ad-slot=\"1555816871\"><\/ins><br \/>\n<script>\n     (adsbygoogle = window.adsbygoogle || []).push({});\n<\/script><\/p>\n<p><\/br><\/p>\n<p><H2>II] Les l\u00e9gumes commen\u00e7ants par la lettre U<\/H2><\/p>\n<p><\/br><\/p>\n<p>En Fran\u00e7ais, il n&rsquo;existe qu&rsquo;un seul l\u00e9gume en U :<\/p>\n<p>&#8211; Udo (aussi appel\u00e9e \u00ab\u00a0Aralia du Japon\u00a0\u00bb cf. image ci-dessous) *<\/p>\n<p><img loading=\"lazy\" width=\"801\" height=\"489\" src=\"https:\/\/www.alexetalex.com\/wp-content\/uploads\/2019\/05\/Image4.jpg\" title=\"un udo\" alt=\"Udo, un l\u00e9gume en U\" class=\"alignnone size-full wp-image-10391\" srcset=\"https:\/\/www.alexetalex.com\/ca\/wp-content\/uploads\/2019\/05\/Image4.jpg 801w, https:\/\/www.alexetalex.com\/ca\/wp-content\/uploads\/2019\/05\/Image4-600x366.jpg 600w, https:\/\/www.alexetalex.com\/ca\/wp-content\/uploads\/2019\/05\/Image4-250x153.jpg 250w, https:\/\/www.alexetalex.com\/ca\/wp-content\/uploads\/2019\/05\/Image4-768x469.jpg 768w, https:\/\/www.alexetalex.com\/ca\/wp-content\/uploads\/2019\/05\/Image4-700x427.jpg 700w, https:\/\/www.alexetalex.com\/ca\/wp-content\/uploads\/2019\/05\/Image4-120x73.jpg 120w, https:\/\/www.alexetalex.com\/ca\/wp-content\/uploads\/2019\/05\/Image4-320x195.jpg 320w\" sizes=\"(max-width: 801px) 100vw, 801px\" \/><\/p>\n<p><i>(*) L&rsquo;Udo est une plante de la famille des <em>Araliaceae<\/em>, originaire d&rsquo;Asie, et d&rsquo;Am\u00e9rique du Nord). Elle est principalement consomm\u00e9e au Japon.<\/i><\/p>\n<p><\/br><\/p>\n<p><script async src=\"https:\/\/pagead2.googlesyndication.com\/pagead\/js\/adsbygoogle.js\"><\/script><br \/>\n<ins class=\"adsbygoogle\"\n     style=\"display:block; text-align:center;\"\n     data-ad-layout=\"in-article\"\n     data-ad-format=\"fluid\"\n     data-ad-client=\"ca-pub-9532010157897245\"\n     data-ad-slot=\"1555816871\"><\/ins><br \/>\n<script>\n     (adsbygoogle = window.adsbygoogle || []).push({});\n<\/script><\/p>\n<p><\/br><\/p>\n<p><H2>III] Quizz fruit\u00e9 : faites le test<\/H2><\/p>\n<p><\/br><\/p>\n <div class=\"hsg-featured-numb\">\n    <div>\n <p>1<\/p>\n <p><H3>L'ab\u00e9c\u00e9daire des fruits<\/H3><\/p>\n\n<\/div>\n  \n<\/div>\n<p><\/br><\/p>\n<p>Retrouvez tous les fruits dans notre \u00ab\u00a0alphabet des fruits\u00a0\u00bb, une infographie qui vous permettra de tester vos connaissances sur des fruits qu&rsquo;on n&rsquo;a pas forc\u00e9ment l&rsquo;habitude de consommer tous les jours si l&rsquo;on r\u00e9side sur l&rsquo;H\u00e9misph\u00e8re Nord. Il est donc probable que vous \u00e9largissiez vos horizons gastonomiques et botaniques!<\/p>\n<p><strong>&#8212;&#8212;&#8212;&#8212;   Cliquez sur l&rsquo;image ci-dessous pour zoomer !   &#8212;&#8212;&#8212;&#8212;<\/strong><\/p>\n<p><a href=\"https:\/\/www.alexetalex.com\/wp-content\/uploads\/2019\/03\/Infographie-fruitsv2-BD.jpg\" rel=\"noopener noreferrer\" target=\"_blank\"><img loading=\"lazy\" width=\"800\" height=\"1596\" src=\"https:\/\/www.alexetalex.com\/wp-content\/uploads\/2019\/02\/Infographie-fruits-1.jpg\" alt=\"Infographie fruits\" class=\"alignnone size-full wp-image-10321\" srcset=\"https:\/\/www.alexetalex.com\/ca\/wp-content\/uploads\/2019\/02\/Infographie-fruits-1.jpg 800w, https:\/\/www.alexetalex.com\/ca\/wp-content\/uploads\/2019\/02\/Infographie-fruits-1-600x1197.jpg 600w, https:\/\/www.alexetalex.com\/ca\/wp-content\/uploads\/2019\/02\/Infographie-fruits-1-250x499.jpg 250w, https:\/\/www.alexetalex.com\/ca\/wp-content\/uploads\/2019\/02\/Infographie-fruits-1-768x1532.jpg 768w, https:\/\/www.alexetalex.com\/ca\/wp-content\/uploads\/2019\/02\/Infographie-fruits-1-700x1397.jpg 700w, https:\/\/www.alexetalex.com\/ca\/wp-content\/uploads\/2019\/02\/Infographie-fruits-1-120x239.jpg 120w, https:\/\/www.alexetalex.com\/ca\/wp-content\/uploads\/2019\/02\/Infographie-fruits-1-320x638.jpg 320w\" sizes=\"(max-width: 800px) 100vw, 800px\" \/><\/a><\/p>\n<p><\/br><\/p>\n <div class=\"hsg-featured-numb\">\n    <div>\n <p>2<\/p>\n <p><H3>Le jeu des diff\u00e9rences entre les fruits<\/H3><\/p>\n\n<\/div>\n  \n<\/div>\n<p><\/br><\/p>\n<p>&#8211; Cl\u00e9mentine ou mandarine? <a href=\"https:\/\/www.alexetalex.com\/ca\/dossiers-fruites\/route-des-fruits\/clementine-mandarine\/\">Pourriez-vous les distinguer?<\/a><\/p>\n<p><\/p>\n<p>&#8211; <a href=\"https:\/\/www.alexetalex.com\/dossiers-fruites\/route-des-fruits\/fraise-des-bois\/\">Fraise des bois ou fraisier des Indes<\/a> quelle diff\u00e9rence * ?<\/p>\n<p><i>(*) le fraisier des Indes donne des baies tr\u00e8s similaires \u00e0 celle de notre fraisier des bois, \u00e0 la m\u00eame saison, mais elles sont toxiques !<\/i><\/p>\n<p><\/br><\/p>\n <div class=\"hsg-featured-numb\">\n    <div>\n <p>3<\/p>\n <p><H3>Fruit ou l\u00e9gume ? A vous de deviner<\/H3><\/p>\n\n<\/div>\n  \n<\/div>\n<p><\/br><\/p>\n<p>&#8211; <a href=\"https:\/\/www.alexetalex.com\/ca\/dossiers-fruites\/le-saviez-vous\/la-tomate-fruit-ou-legume\/\">La tomate : fruit ou l\u00e9gume<\/a> ?<\/p>\n<p><\/p>\n<p>&#8211; <a href=\"https:\/\/www.alexetalex.com\/ca\/dossiers-fruites\/le-saviez-vous\/avocat-fruit-ou-legume\/\">L&rsquo;avocat : fruit ou l\u00e9gume<\/a> ?<\/p>\n<p><\/p>\n<p>&#8211; <a href=\"https:\/\/www.alexetalex.com\/ca\/dossiers-fruites\/le-saviez-vous\/poivron-fruit-ou-legume\/\">Le poivron : fruit ou l\u00e9gume<\/a> ?<\/p>\n<p>\u00c0 l&rsquo;aide de la classification g\u00e9n\u00e9rale en botanique, on \u00e9tudie chacun de ces cas particuliers pour vous donner une r\u00e9ponse claire et pr\u00e9cise. On \u00e9tudie aussi le cas g\u00e9n\u00e9ral pour que vous sachiez d\u00e9sormais toujours tranch\u00e9 entre fruits ou l\u00e9gumes !<\/p>\n<p><\/br><\/p>\n <div class=\"hsg-featured-numb\">\n    <div>\n <p>4<\/p>\n <p><H3>Les fruits commen\u00e7ants par la lettre...<\/H3><\/p>\n\n<\/div>\n  \n<\/div>\n<p><\/br><\/p>\n<p>Pour aller dans le prolongement de cet article, sauriez-vous citer un fruit commen\u00e7ant par :<br \/>\n<br \/>&#8211; les <a href=\"https:\/\/www.alexetalex.com\/ca\/dossiers-fruites\/le-saviez-vous\/fruits-legumes-en-s\/\"><strong>S<\/strong><\/a> (il en existe cinq, mais peu connus)<br \/>\n<br \/>&#8211; les <a href=\"https:\/\/www.alexetalex.com\/ca\/dossiers-fruites\/le-saviez-vous\/fruits-legumes-en-z\/\"><strong>Z<\/strong><\/a> (un seul fruit ! saurez-vous le trouver ?)<br \/>\n<br \/>&#8211; les <a href=\"https:\/\/www.alexetalex.com\/ca\/dossiers-fruites\/le-saviez-vous\/fruits-legumes-en-i\/\">La lettre <strong>i<\/strong><\/a> (un seul fruit et un seul l\u00e9gume existe)<\/p>\n<p><i>Aussi, retrouvez bien d&rsquo;autres fruits (au bureau) sur la page d\u00e9di\u00e9e \u00e0 notre activit\u00e9 professionnelle : un service de livraison de fruits au bureau, disponible pour les <a href=\"https:\/\/www.alexetalex.com\/#nos-services\"><strong>entreprises<\/strong><\/a> et les <a href=\"https:\/\/www.alexetalex.com\/categorie-produit\/particuliers\/\"><strong>particuliers<\/strong><\/a>, \u00e0 Paris ainsi qu&rsquo;\u00e0 Montr\u00e9al !<\/i><\/p>\n<p><a title=\"Les Fruits au bureau - by Alex &#038; Alex\" href=\"https:\/\/www.alexetalex.com\/ca\/\"><img loading=\"lazy\" width=\"658\" height=\"280\" src=\"https:\/\/www.alexetalex.com\/wp-content\/uploads\/2018\/01\/Call-to-action-2.jpg\" alt=\"Call to action 2\" class=\"alignnone size-full wp-image-8638\" srcset=\"https:\/\/www.alexetalex.com\/ca\/wp-content\/uploads\/2018\/01\/Call-to-action-2.jpg 658w, https:\/\/www.alexetalex.com\/ca\/wp-content\/uploads\/2018\/01\/Call-to-action-2-600x255.jpg 600w, https:\/\/www.alexetalex.com\/ca\/wp-content\/uploads\/2018\/01\/Call-to-action-2-270x115.jpg 270w, https:\/\/www.alexetalex.com\/ca\/wp-content\/uploads\/2018\/01\/Call-to-action-2-550x234.jpg 550w\" sizes=\"(max-width: 658px) 100vw, 658px\" \/><\/a><\/p>\n","protected":false},"excerpt":{"rendered":"<p>Les Fruits et les l\u00e9gumes en U I] Les fruits qui commencent en u Il n&rsquo;existe qu&rsquo;un seul fruit en Fran\u00e7ais qui commence par la lettre U : &#8211; Ugli (cliquez pour en savoir plus, ou sinon, en voici une photo ci-dessous) (*) Ce fruits d&rsquo;aspect souvent difforme est un agrume dont la taille varie [&hellip;]<\/p>\n","protected":false},"author":4,"featured_media":10393,"parent":8732,"menu_order":0,"comment_status":"closed","ping_status":"closed","template":"","meta":{"_et_pb_use_builder":"","_et_pb_old_content":"","_et_gb_content_width":""},"acf":[],"yoast_head":"<!-- This site is optimized with the Yoast SEO plugin v17.6 - https:\/\/yoast.com\/wordpress\/plugins\/seo\/ -->\n<title>Fruits en U et l\u00e9gumes en U : la liste compl\u00e8te en Fran\u00e7ais | Alex &amp; Alex<\/title>\n<meta name=\"description\" content=\"Des fruits en U? Il y en a qu&#039;un seul, ainsi qu&#039;un seul l\u00e9gume en U... Sauriez-vous les trouver? R\u00e9ponses dans cet article !\" \/>\n<meta name=\"robots\" content=\"index, follow, max-snippet:-1, max-image-preview:large, max-video-preview:-1\" \/>\n<link rel=\"canonical\" href=\"https:\/\/www.alexetalex.com\/ca\/dossiers-fruites\/route-des-fruits\/fruits-legumes-en-u\/\" \/>\n<meta property=\"og:locale\" content=\"fr_FR\" \/>\n<meta property=\"og:type\" content=\"article\" \/>\n<meta property=\"og:title\" content=\"Fruits en U et l\u00e9gumes en U : la liste compl\u00e8te en Fran\u00e7ais | Alex &amp; Alex\" \/>\n<meta property=\"og:description\" content=\"Des fruits en U? Il y en a qu&#039;un seul, ainsi qu&#039;un seul l\u00e9gume en U... Sauriez-vous les trouver? R\u00e9ponses dans cet article !\" \/>\n<meta property=\"og:url\" content=\"https:\/\/www.alexetalex.com\/ca\/dossiers-fruites\/route-des-fruits\/fruits-legumes-en-u\/\" \/>\n<meta property=\"article:modified_time\" content=\"2020-11-08T05:27:10+00:00\" \/>\n<meta property=\"og:image\" content=\"https:\/\/www.alexetalex.com\/ca\/wp-content\/uploads\/2019\/05\/Image6.jpg\" \/>\n\t<meta property=\"og:image:width\" content=\"1088\" \/>\n\t<meta property=\"og:image:height\" content=\"624\" \/>\n<meta name=\"twitter:label1\" content=\"Dur\u00e9e de lecture estim\u00e9e\" \/>\n\t<meta name=\"twitter:data1\" content=\"2 minutes\" \/>\n<script type=\"application\/ld+json\" class=\"yoast-schema-graph\">{\"@context\":\"https:\/\/schema.org\",\"@graph\":[{\"@type\":\"Organization\",\"@id\":\"https:\/\/www.alexetalex.com\/ca\/#organization\",\"name\":\"Alex & Alex\",\"url\":\"https:\/\/www.alexetalex.com\/ca\/\",\"sameAs\":[],\"logo\":{\"@type\":\"ImageObject\",\"@id\":\"https:\/\/www.alexetalex.com\/ca\/#logo\",\"inLanguage\":\"fr-FR\",\"url\":\"https:\/\/www.alexetalex.com\/ca\/wp-content\/uploads\/2020\/04\/alexalex-1.png\",\"contentUrl\":\"https:\/\/www.alexetalex.com\/ca\/wp-content\/uploads\/2020\/04\/alexalex-1.png\",\"width\":51,\"height\":50,\"caption\":\"Alex & Alex\"},\"image\":{\"@id\":\"https:\/\/www.alexetalex.com\/ca\/#logo\"}},{\"@type\":\"WebSite\",\"@id\":\"https:\/\/www.alexetalex.com\/ca\/#website\",\"url\":\"https:\/\/www.alexetalex.com\/ca\/\",\"name\":\"\",\"description\":\"\",\"publisher\":{\"@id\":\"https:\/\/www.alexetalex.com\/ca\/#organization\"},\"potentialAction\":[{\"@type\":\"SearchAction\",\"target\":{\"@type\":\"EntryPoint\",\"urlTemplate\":\"https:\/\/www.alexetalex.com\/ca\/?s={search_term_string}\"},\"query-input\":\"required name=search_term_string\"}],\"inLanguage\":\"fr-FR\"},{\"@type\":\"ImageObject\",\"@id\":\"https:\/\/www.alexetalex.com\/ca\/dossiers-fruites\/route-des-fruits\/fruits-legumes-en-u\/#primaryimage\",\"inLanguage\":\"fr-FR\",\"url\":\"https:\/\/www.alexetalex.com\/ca\/wp-content\/uploads\/2019\/05\/Image6.jpg\",\"contentUrl\":\"https:\/\/www.alexetalex.com\/ca\/wp-content\/uploads\/2019\/05\/Image6.jpg\",\"width\":1088,\"height\":624,\"caption\":\"Ugli jaune\"},{\"@type\":\"WebPage\",\"@id\":\"https:\/\/www.alexetalex.com\/ca\/dossiers-fruites\/route-des-fruits\/fruits-legumes-en-u\/#webpage\",\"url\":\"https:\/\/www.alexetalex.com\/ca\/dossiers-fruites\/route-des-fruits\/fruits-legumes-en-u\/\",\"name\":\"Fruits en U et l\\u00e9gumes en U : la liste compl\\u00e8te en Fran\\u00e7ais | Alex & Alex\",\"isPartOf\":{\"@id\":\"https:\/\/www.alexetalex.com\/ca\/#website\"},\"primaryImageOfPage\":{\"@id\":\"https:\/\/www.alexetalex.com\/ca\/dossiers-fruites\/route-des-fruits\/fruits-legumes-en-u\/#primaryimage\"},\"datePublished\":\"2019-05-04T14:48:10+00:00\",\"dateModified\":\"2020-11-08T05:27:10+00:00\",\"description\":\"Des fruits en U? Il y en a qu'un seul, ainsi qu'un seul l\\u00e9gume en U... Sauriez-vous les trouver? R\\u00e9ponses dans cet article !\",\"breadcrumb\":{\"@id\":\"https:\/\/www.alexetalex.com\/ca\/dossiers-fruites\/route-des-fruits\/fruits-legumes-en-u\/#breadcrumb\"},\"inLanguage\":\"fr-FR\",\"potentialAction\":[{\"@type\":\"ReadAction\",\"target\":[\"https:\/\/www.alexetalex.com\/ca\/dossiers-fruites\/route-des-fruits\/fruits-legumes-en-u\/\"]}]},{\"@type\":\"BreadcrumbList\",\"@id\":\"https:\/\/www.alexetalex.com\/ca\/dossiers-fruites\/route-des-fruits\/fruits-legumes-en-u\/#breadcrumb\",\"itemListElement\":[{\"@type\":\"ListItem\",\"position\":1,\"name\":\"Magazine\",\"item\":\"https:\/\/www.alexetalex.com\/ca\/dossiers-fruites\/\"},{\"@type\":\"ListItem\",\"position\":2,\"name\":\"Fruits\",\"item\":\"https:\/\/www.alexetalex.com\/ca\/dossiers-fruites\/route-des-fruits\/\"},{\"@type\":\"ListItem\",\"position\":3,\"name\":\"Dossier\"}]}]}<\/script>\n<!-- \/ Yoast SEO plugin. -->","yoast_head_json":{"title":"Fruits en U et l\u00e9gumes en U : la liste compl\u00e8te en Fran\u00e7ais | Alex & Alex","description":"Des fruits en U? Il y en a qu'un seul, ainsi qu'un seul l\u00e9gume en U... Sauriez-vous les trouver? R\u00e9ponses dans cet article !","robots":{"index":"index","follow":"follow","max-snippet":"max-snippet:-1","max-image-preview":"max-image-preview:large","max-video-preview":"max-video-preview:-1"},"canonical":"https:\/\/www.alexetalex.com\/ca\/dossiers-fruites\/route-des-fruits\/fruits-legumes-en-u\/","og_locale":"fr_FR","og_type":"article","og_title":"Fruits en U et l\u00e9gumes en U : la liste compl\u00e8te en Fran\u00e7ais | Alex & Alex","og_description":"Des fruits en U? Il y en a qu'un seul, ainsi qu'un seul l\u00e9gume en U... Sauriez-vous les trouver? R\u00e9ponses dans cet article !","og_url":"https:\/\/www.alexetalex.com\/ca\/dossiers-fruites\/route-des-fruits\/fruits-legumes-en-u\/","article_modified_time":"2020-11-08T05:27:10+00:00","og_image":[{"width":1088,"height":624,"url":"https:\/\/www.alexetalex.com\/ca\/wp-content\/uploads\/2019\/05\/Image6.jpg","type":"image\/jpeg"}],"twitter_misc":{"Dur\u00e9e de lecture estim\u00e9e":"2 minutes"},"schema":{"@context":"https:\/\/schema.org","@graph":[{"@type":"Organization","@id":"https:\/\/www.alexetalex.com\/ca\/#organization","name":"Alex & Alex","url":"https:\/\/www.alexetalex.com\/ca\/","sameAs":[],"logo":{"@type":"ImageObject","@id":"https:\/\/www.alexetalex.com\/ca\/#logo","inLanguage":"fr-FR","url":"https:\/\/www.alexetalex.com\/ca\/wp-content\/uploads\/2020\/04\/alexalex-1.png","contentUrl":"https:\/\/www.alexetalex.com\/ca\/wp-content\/uploads\/2020\/04\/alexalex-1.png","width":51,"height":50,"caption":"Alex & Alex"},"image":{"@id":"https:\/\/www.alexetalex.com\/ca\/#logo"}},{"@type":"WebSite","@id":"https:\/\/www.alexetalex.com\/ca\/#website","url":"https:\/\/www.alexetalex.com\/ca\/","name":"","description":"","publisher":{"@id":"https:\/\/www.alexetalex.com\/ca\/#organization"},"potentialAction":[{"@type":"SearchAction","target":{"@type":"EntryPoint","urlTemplate":"https:\/\/www.alexetalex.com\/ca\/?s={search_term_string}"},"query-input":"required name=search_term_string"}],"inLanguage":"fr-FR"},{"@type":"ImageObject","@id":"https:\/\/www.alexetalex.com\/ca\/dossiers-fruites\/route-des-fruits\/fruits-legumes-en-u\/#primaryimage","inLanguage":"fr-FR","url":"https:\/\/www.alexetalex.com\/ca\/wp-content\/uploads\/2019\/05\/Image6.jpg","contentUrl":"https:\/\/www.alexetalex.com\/ca\/wp-content\/uploads\/2019\/05\/Image6.jpg","width":1088,"height":624,"caption":"Ugli jaune"},{"@type":"WebPage","@id":"https:\/\/www.alexetalex.com\/ca\/dossiers-fruites\/route-des-fruits\/fruits-legumes-en-u\/#webpage","url":"https:\/\/www.alexetalex.com\/ca\/dossiers-fruites\/route-des-fruits\/fruits-legumes-en-u\/","name":"Fruits en U et l\u00e9gumes en U : la liste compl\u00e8te en Fran\u00e7ais | Alex & Alex","isPartOf":{"@id":"https:\/\/www.alexetalex.com\/ca\/#website"},"primaryImageOfPage":{"@id":"https:\/\/www.alexetalex.com\/ca\/dossiers-fruites\/route-des-fruits\/fruits-legumes-en-u\/#primaryimage"},"datePublished":"2019-05-04T14:48:10+00:00","dateModified":"2020-11-08T05:27:10+00:00","description":"Des fruits en U? Il y en a qu'un seul, ainsi qu'un seul l\u00e9gume en U... Sauriez-vous les trouver? R\u00e9ponses dans cet article !","breadcrumb":{"@id":"https:\/\/www.alexetalex.com\/ca\/dossiers-fruites\/route-des-fruits\/fruits-legumes-en-u\/#breadcrumb"},"inLanguage":"fr-FR","potentialAction":[{"@type":"ReadAction","target":["https:\/\/www.alexetalex.com\/ca\/dossiers-fruites\/route-des-fruits\/fruits-legumes-en-u\/"]}]},{"@type":"BreadcrumbList","@id":"https:\/\/www.alexetalex.com\/ca\/dossiers-fruites\/route-des-fruits\/fruits-legumes-en-u\/#breadcrumb","itemListElement":[{"@type":"ListItem","position":1,"name":"Magazine","item":"https:\/\/www.alexetalex.com\/ca\/dossiers-fruites\/"},{"@type":"ListItem","position":2,"name":"Fruits","item":"https:\/\/www.alexetalex.com\/ca\/dossiers-fruites\/route-des-fruits\/"},{"@type":"ListItem","position":3,"name":"Dossier"}]}]}},"_links":{"self":[{"href":"https:\/\/www.alexetalex.com\/ca\/wp-json\/wp\/v2\/pages\/10389"}],"collection":[{"href":"https:\/\/www.alexetalex.com\/ca\/wp-json\/wp\/v2\/pages"}],"about":[{"href":"https:\/\/www.alexetalex.com\/ca\/wp-json\/wp\/v2\/types\/page"}],"author":[{"embeddable":true,"href":"https:\/\/www.alexetalex.com\/ca\/wp-json\/wp\/v2\/users\/4"}],"replies":[{"embeddable":true,"href":"https:\/\/www.alexetalex.com\/ca\/wp-json\/wp\/v2\/comments?post=10389"}],"version-history":[{"count":3,"href":"https:\/\/www.alexetalex.com\/ca\/wp-json\/wp\/v2\/pages\/10389\/revisions"}],"predecessor-version":[{"id":17472,"href":"https:\/\/www.alexetalex.com\/ca\/wp-json\/wp\/v2\/pages\/10389\/revisions\/17472"}],"up":[{"embeddable":true,"href":"https:\/\/www.alexetalex.com\/ca\/wp-json\/wp\/v2\/pages\/8732"}],"wp:featuredmedia":[{"embeddable":true,"href":"https:\/\/www.alexetalex.com\/ca\/wp-json\/wp\/v2\/media\/10393"}],"wp:attachment":[{"href":"https:\/\/www.alexetalex.com\/ca\/wp-json\/wp\/v2\/media?parent=10389"}],"curies":[{"name":"wp","href":"https:\/\/api.w.org\/{rel}","templated":true}]}}