{"id":10408,"date":"2019-06-24T08:28:10","date_gmt":"2019-06-24T07:28:10","guid":{"rendered":"https:\/\/www.alexetalex.com\/ca\/?page_id=10408"},"modified":"2019-06-24T08:51:39","modified_gmt":"2019-06-24T07:51:39","slug":"pruneau-constipation","status":"publish","type":"page","link":"https:\/\/www.alexetalex.com\/ca\/dossiers-fruites\/fruit-et-nutrition\/pruneau-constipation\/","title":{"rendered":"Le pruneau : un rem\u00e8de efficace contre la constipation"},"content":{"rendered":"<p><H1>Le pruneau : guide complet sur ce fruit (bienfaits, saison&#8230;) <\/H1><\/p>\n<p>Le pruneau est la version s\u00e9ch\u00e9e d&rsquo;un fruit qui s&rsquo;appelle la \u00ab\u00a0Prune Noire\u00a0\u00bb (ou Prune d&rsquo;Agen). R\u00e9colt\u00e9e entre Juillet et Septembre, la prune d&rsquo;Agen est ensuite s\u00e9ch\u00e9e pour devenir un pruneau.<\/p>\n<p><img loading=\"lazy\" width=\"540\" height=\"405\" src=\"https:\/\/www.alexetalex.com\/ca\/wp-content\/uploads\/2019\/06\/La-cure-de-pruneaux-contre-la-constipation_exact540x405_l-1.jpg\" alt=\"Pruneaux contre constipation\" class=\"alignnone size-full wp-image-10703\" srcset=\"https:\/\/www.alexetalex.com\/ca\/wp-content\/uploads\/2019\/06\/La-cure-de-pruneaux-contre-la-constipation_exact540x405_l-1.jpg 540w, https:\/\/www.alexetalex.com\/ca\/wp-content\/uploads\/2019\/06\/La-cure-de-pruneaux-contre-la-constipation_exact540x405_l-1-250x188.jpg 250w, https:\/\/www.alexetalex.com\/ca\/wp-content\/uploads\/2019\/06\/La-cure-de-pruneaux-contre-la-constipation_exact540x405_l-1-120x90.jpg 120w, https:\/\/www.alexetalex.com\/ca\/wp-content\/uploads\/2019\/06\/La-cure-de-pruneaux-contre-la-constipation_exact540x405_l-1-320x240.jpg 320w\" sizes=\"(max-width: 540px) 100vw, 540px\" \/><\/p>\n<p>Les prunes d&rsquo;Agen poussent sur les pruniers d&rsquo;Agen, un arbuste des r\u00e9gions temp\u00e9r\u00e9es de la famille des Rosaceae. Si ces prunes peuvent \u00eatre consomm\u00e9es fra\u00eeches, elles sont le plus souvent commercialis\u00e9es sous sa forme s\u00e9ch\u00e9e. On retrouve ainsi les pruneaux s\u00e9ch\u00e9s en p\u00e2tisserie ou en cuisine tout au long de l&rsquo;ann\u00e9e. <\/p>\n<p>Le pruneau est un fruit qui a de nombreux bienfaits. Il combat efficacement la constipation et peut aider les personnes qui sont au r\u00e9gime \u00e0 perdre du poids. D\u2019ailleurs, certaines personnes optent pour une cure de pruneau pendant 3 jours pour perdre 2 kilos. Mais ce fruit poss\u00e8de \u00e9galement de nombreuses autres vertus, suivez le guide.<\/p>\n<p>Pruneau en anglais : \u00ab Prune \u00bb est le terme anglais qui d\u00e9signe le pruneau.<\/p>\n<p><H2>I] Le pruneau : tout savoir en 2 minutes<\/H2><\/p>\n<p>La prune d&rsquo;Agen, tout comme le pruneau (qui est sa version s\u00e9ch\u00e9e) est un fruit qui a une composition int\u00e9ressante. Il est source de fibres et de vitamines. C\u2019est un fruit qui est connu pour ses facult\u00e9s \u00e0 stimuler le transit intestinal. Il pousse en Am\u00e9rique, en Europe et en Asie. Il arbore une couleur jaune, violette ou noire suivant les vari\u00e9t\u00e9s et a une saveur sucr\u00e9e qui est agr\u00e9able pour le palais.<\/p>\n<p><img loading=\"lazy\" width=\"800\" height=\"474\" src=\"https:\/\/www.alexetalex.com\/ca\/wp-content\/uploads\/2019\/06\/Pruneaux-dAgen.jpg\" alt=\"Pruneaux d&#039;Agen\" class=\"alignnone size-full wp-image-10701\" srcset=\"https:\/\/www.alexetalex.com\/ca\/wp-content\/uploads\/2019\/06\/Pruneaux-dAgen.jpg 800w, https:\/\/www.alexetalex.com\/ca\/wp-content\/uploads\/2019\/06\/Pruneaux-dAgen-600x356.jpg 600w, https:\/\/www.alexetalex.com\/ca\/wp-content\/uploads\/2019\/06\/Pruneaux-dAgen-250x148.jpg 250w, https:\/\/www.alexetalex.com\/ca\/wp-content\/uploads\/2019\/06\/Pruneaux-dAgen-768x455.jpg 768w, https:\/\/www.alexetalex.com\/ca\/wp-content\/uploads\/2019\/06\/Pruneaux-dAgen-700x415.jpg 700w, https:\/\/www.alexetalex.com\/ca\/wp-content\/uploads\/2019\/06\/Pruneaux-dAgen-120x71.jpg 120w, https:\/\/www.alexetalex.com\/ca\/wp-content\/uploads\/2019\/06\/Pruneaux-dAgen-320x190.jpg 320w\" sizes=\"(max-width: 800px) 100vw, 800px\" \/><\/p>\n<p>Le pruneau n\u2019est pas un fruit ordinaire. En effet, il aide \u00e0 lutter contre de nombreuses pathologies ou petits d\u00e9r\u00e8glements de notre corps. Il contient du potassium et est recommand\u00e9 pour combattre l\u2019hypertension. Avec ses anthocyanes, il pr\u00e9vient les maladies du c\u0153ur. Le pruneau se compose aussi de magn\u00e9sium et cela permet au patient de combattre l\u2019anxi\u00e9t\u00e9. <\/p>\n<p>D\u2019apr\u00e8s les recherches des Universit\u00e9s de Floride et d\u2019Oklahoma, le pruneau aurait la capacit\u00e9 d\u2019anticiper les fractures osseuses. Comme il est riche en sucre, il est recommand\u00e9 aux sportifs qui ont besoin de glucides pour rester dans la course. <\/p>\n<p>Le pruneau se cuisine de diff\u00e9rentes mani\u00e8res pour agr\u00e9menter de d\u00e9licieuses recettes*. Il peut \u00e9galement se conserver dans une pi\u00e8ce au sein de laquelle, la temp\u00e9rature est ambiante ou au frigo pendant quelques jours s\u2019il est d\u00e9j\u00e0 parfaitement m\u00fbr.<\/p>\n<p><img loading=\"lazy\" width=\"650\" height=\"488\" src=\"https:\/\/www.alexetalex.com\/ca\/wp-content\/uploads\/2019\/06\/recette-tarte-pruneaux.jpeg\" alt=\"recette-tarte-pruneaux\" class=\"alignnone size-full wp-image-10697\" srcset=\"https:\/\/www.alexetalex.com\/ca\/wp-content\/uploads\/2019\/06\/recette-tarte-pruneaux.jpeg 650w, https:\/\/www.alexetalex.com\/ca\/wp-content\/uploads\/2019\/06\/recette-tarte-pruneaux-600x450.jpeg 600w, https:\/\/www.alexetalex.com\/ca\/wp-content\/uploads\/2019\/06\/recette-tarte-pruneaux-250x188.jpeg 250w, https:\/\/www.alexetalex.com\/ca\/wp-content\/uploads\/2019\/06\/recette-tarte-pruneaux-120x90.jpeg 120w, https:\/\/www.alexetalex.com\/ca\/wp-content\/uploads\/2019\/06\/recette-tarte-pruneaux-320x240.jpeg 320w\" sizes=\"(max-width: 650px) 100vw, 650px\" \/><\/p>\n<p><i>(*) Ci-dessus, une tarte aux pruneaux, et ci-dessous une recette de tajine d&rsquo;agneau aux pruneaux.<\/i><\/p>\n<p><img loading=\"lazy\" width=\"1080\" height=\"719\" src=\"https:\/\/www.alexetalex.com\/ca\/wp-content\/uploads\/2019\/06\/tajine-agneau-pruneaux-5-1080x719.png\" alt=\"tajine-agneau-pruneaux-5-1080x719\" class=\"alignnone size-full wp-image-10698\" srcset=\"https:\/\/www.alexetalex.com\/ca\/wp-content\/uploads\/2019\/06\/tajine-agneau-pruneaux-5-1080x719.png 1080w, https:\/\/www.alexetalex.com\/ca\/wp-content\/uploads\/2019\/06\/tajine-agneau-pruneaux-5-1080x719-600x400.png 600w, https:\/\/www.alexetalex.com\/ca\/wp-content\/uploads\/2019\/06\/tajine-agneau-pruneaux-5-1080x719-250x166.png 250w, https:\/\/www.alexetalex.com\/ca\/wp-content\/uploads\/2019\/06\/tajine-agneau-pruneaux-5-1080x719-768x511.png 768w, https:\/\/www.alexetalex.com\/ca\/wp-content\/uploads\/2019\/06\/tajine-agneau-pruneaux-5-1080x719-700x466.png 700w, https:\/\/www.alexetalex.com\/ca\/wp-content\/uploads\/2019\/06\/tajine-agneau-pruneaux-5-1080x719-120x80.png 120w, https:\/\/www.alexetalex.com\/ca\/wp-content\/uploads\/2019\/06\/tajine-agneau-pruneaux-5-1080x719-320x213.png 320w, https:\/\/www.alexetalex.com\/ca\/wp-content\/uploads\/2019\/06\/tajine-agneau-pruneaux-5-1080x719-272x182.png 272w\" sizes=\"(max-width: 1080px) 100vw, 1080px\" \/><\/p>\n<p><H3>Pruneau : calories<\/H3><\/p>\n<p>A moins de pr\u00e9senter une allergie, il n\u2019y a pas de raison de se priver de la saveur succulente des pruneaux. Beaucoup craignent la prise de poids du fait du sucre des fruits. <\/p>\n<p>Il faut comprendre que les calories apport\u00e9es par les pruneaux diff\u00e8rent en fonction de leur \u00e9tat. Lorsque le fruit est servi frais, une portion de 100g n\u2019apporte que 50 kcal. Par contre, il ne faut pas oublier que les fruits s\u00e9ch\u00e9s sont plus caloriques. Il en est de m\u00eame pour le pruneau car 100g de ce fruit s\u00e9ch\u00e9 apporte jusqu\u2019\u00e0 244 kcal.<\/p>\n<p>Cela s\u2019explique par le s\u00e9chage du fruit. Effectivement, lorsque le pruneau est s\u00e9ch\u00e9, il perd de l\u2019eau et le sucre tend \u00e0 se concentrer. C\u2019est pourquoi, les pruneaux s\u00e9ch\u00e9s sont plus caloriques que les prunes d&rsquo;Agen fra\u00eeches. <\/p>\n<p><H3>Pruneau : int\u00e9r\u00eat nutritionnel<\/H3><\/p>\n<p>Consommer du pruneau pr\u00e9sente de nombreux int\u00e9r\u00eats :<br \/>\n<br \/>&#8211; Le pruneau est un fruit go\u00fbteux qui est appr\u00e9ci\u00e9 par les fins gourmets.<br \/>\n<br \/>&#8211; Il est conseill\u00e9 aux personnes qui cherchent \u00e0 maximiser les r\u00e9sultats de leurs r\u00e9gimes alimentaires. Cela s\u2019explique par ses propri\u00e9t\u00e9s minceurs. Le pruneau renforce  la sensation de sati\u00e9t\u00e9 et agit alors \u00e0 l\u2019instar d\u2019un coupe-faim.<br \/>\n<br \/>&#8211; Il aide aussi \u00e0 la digestion en plus d\u2019\u00eatre un excellent dessert.<\/p>\n<p><H3>Prix moyen des pruneaux en France (au kg)<\/H3><\/p>\n<p>Le pruneau est un fruit qui est grandement pris\u00e9 en France. Cela s\u2019explique par ses nombreuses vertus et sa mani\u00e8re de s\u2019incorporer facilement \u00e0 de nombreuses recettes. Sur le march\u00e9 fran\u00e7ais, le prix moyen du kilo de pruneau est de 4\u20ac.<\/p>\n<p><H2>II] Le pruneau : ses effets laxatifs contre la constipation<\/H2><\/p>\n<p>Le pruneau est consid\u00e9r\u00e9 comme un v\u00e9ritable rem\u00e8de contre la constipation. Ce fruit est un v\u00e9ritable laxatif naturel. <\/p>\n<p>Le pruneau est un fruit qui a un effet laxatif caus\u00e9 par sa forte teneur en dihydroxyph\u00e9nylisatine. Il stimule alors les contractions intestinales. Aussi, pour ceux qui ont des difficult\u00e9s \u00e0 aller \u00e0 la selle ou qui n\u2019y vont pas de mani\u00e8re r\u00e9guli\u00e8re, il est pr\u00e9conis\u00e9 de prendre du pruneau pour se soulager de ce genre de probl\u00e8me.<\/p>\n<p><H3>Analyse nutritionnelle<\/H3><\/p>\n<p>Ainsi qu\u2019il a \u00e9t\u00e9 pr\u00e9cis\u00e9, le pruneau est un fruit qui concentre de nombreux nutriments. <\/p>\n<p>Dans 100g de pruneau, il y a :<br \/>\n<br \/>&#8211; de l\u2019eau (87 g),<br \/>\n<br \/>&#8211; des prot\u00e9ines (0,66 g),<br \/>\n<br \/>&#8211; des lipides (0,29 g),<br \/>\n<br \/>&#8211; du glucide sous forme de sucre (8,83g),<br \/>\n<br \/>&#8211; des fibres (1,5 g),<br \/>\n<br \/>&#8211; des acides organiques (1,27 g),<br \/>\n<br \/>&#8211; des acides gras satur\u00e9s (0,038 g).<\/p>\n<p>Les pruneaux contiennent \u00e9galement de nombreuses vitamines dont les vitamines A, B1, B2, B3, B5, B6, B9, C et E.<\/p>\n<p>Le pruneau contient aussi de nombreux oligo\u00e9l\u00e9ments dont le calcium, le phosphore, le magn\u00e9sium, le potassium ou encore le fer et autres.  <\/p>\n<p><H3>Pruneau et constipation<\/H3><\/p>\n<p>Le pruneau est un fruit qui est consomm\u00e9 par les individus en proie \u00e0 la constipation. Cette derni\u00e8re a de nombreuses causes \u00e0 son origine. Tel est le cas du changement d\u2019horaires ou d\u2019une alimentation d\u00e9s\u00e9quilibr\u00e9e qui ralentit le transit. Le fait de rester assis peut \u00e9galement conduire \u00e0 la constipation. Pour y rem\u00e9dier, il est mieux de faire une cure de pruneaux.<\/p>\n<p>Il faut surtout comprendre que le pruneau est riche en fibres alimentaires. Ces derni\u00e8res se d\u00e9composent en fibres insolubles form\u00e9es de cellulose et en fibres solubles qui sont riches en pectines. Elles optimisent le transit intestinal. En cas de constipation, il est conseill\u00e9 de consommer 3 pruneaux par jour, ce qui \u00e9quivaut \u00e0 25 g. <\/p>\n<p><H3>Pourquoi le pruneau a-t-il un effet laxatif ?<\/H3><\/p>\n<p>Le pruneau contient aussi du sorbitol et d\u2019autres compos\u00e9s ph\u00e9noliques qui ont aussi une action laxative.<br \/>\nC\u2019est en partie ce sorbitol qui lui conf\u00e8re ses propri\u00e9t\u00e9s laxatives. Effectivement, ce glucide rare qui n\u2019est pas totalement assimil\u00e9 par le tube digestif a une capacit\u00e9 \u00e0 accentuer le transit intestinal. Il agit comme un \u00e9l\u00e9ment qui participe au m\u00e9tabolisme des glucides. <\/p>\n<p>D\u2019un autre c\u00f4t\u00e9, le pruneau contient aussi de la diph\u00e9nylisatine qui est une substance capable de stimuler les fonctions intestinales. <\/p>\n<p>Pour b\u00e9n\u00e9ficier des propri\u00e9t\u00e9s anti-constipation du pruneau, il est envisageable de le croquer nature ou de boire son jus. <\/p>\n<p><H2>III] Les principales vari\u00e9t\u00e9s de pruneaux<\/H2><\/p>\n<p>Le march\u00e9 pr\u00e9sente diff\u00e9rentes vari\u00e9t\u00e9s de pruneau. Parmi ces derni\u00e8res, il y a le pruneau d\u2019Agen : qui est un embl\u00e8me et qui concentre beaucoup d\u2019\u00e9nergie. <\/p>\n<p>Il y a \u00e9galement d\u2019autres variantes dont la quetsche d\u2019Alsace qui est utilis\u00e9e pour cuisiner. La Reine-Claude dor\u00e9e d\u2019Althan quant \u00e0 elle est sucr\u00e9e, parfum\u00e9e et juteuse. Il y a \u00e9galement la Sainte-Catherine qui est de couleur jaune et est bien charnue. Sinon, il y a la mirabelle de Metz qui a une chair acidul\u00e9e et parfum\u00e9e en m\u00eame temps.<\/p>\n<p><H3>Les pruneaux d&rsquo;Agen<\/H3><\/p>\n<p>Le pruneau d\u2019Agen est un fruit qui est produit en Lot-et-Garonne. D\u2019ailleurs, son appellation vient de la pr\u00e9fecture d\u2019Agen o\u00f9 il pousse. Ce fruit sec est une IGP ou Indication G\u00e9ographique Prot\u00e9g\u00e9e qui couvre 6 d\u00e9partements. <\/p>\n<p>Il faut savoir que le pruneau d\u2019Agen est un fruit qui vient du s\u00e9chage de la prune d\u2019Ente. A noter aussi qu\u2019il faut dans les 3 kg de prunes d\u2019Ente pour avoir 1 kg de pruneaux d\u2019Agen. Quant au verger sur lequel pousse ce type de prunier, il couvre un total de 8000 ha. En 2005, la production avoisine les 100.000 tonnes. <\/p>\n<p>Le pruneau d\u2019Agen est moelleux et a une saveur gourmande. Il fait carr\u00e9ment partie du patrimoine gourmand fran\u00e7ais.<\/p>\n<p><H3>Les pruneaux jaunes<\/H3><\/p>\n<p>Les pruneaux jaunes sont des esp\u00e8ces de pruneau qui ont g\u00e9n\u00e9ralement la chair jaune. Dans cette cat\u00e9gorie, il y a la golden japan qui est assez grosse et qui a bon go\u00fbt. Il y a aussi l\u2019Anna gold qui se d\u00e9guste d\u00e8s le mois d\u2019Ao\u00fbt.<br \/>\nCela regroupe aussi la TC sun qui est aussi connue sous le nom de prune abricot et qui est grosse et charnue en m\u00eame temps. Elle est sur le march\u00e9 \u00e0 partir du mois de Septembre. <\/p>\n<p><H3>Les pruneaux s\u00e9ch\u00e9s : d\u00e9noyaut\u00e9s ou non ?<\/H3><\/p>\n<p>Il faut comprendre que les pruneaux s\u00e9ch\u00e9s se d\u00e9gustent avec ou sans leur noyau. En somme, le fait de consommer des pruneaux d\u00e9noyaut\u00e9s ou entier est une affaire de go\u00fbt. Par ailleurs, il ne faut pas omettre que les pruneaux sans noyaux sont tout de m\u00eame plus pratiques. <\/p>\n<p>Pour ceux qui aiment les petits d\u00e9jeuners aux fruits, il est pr\u00e9conis\u00e9 d\u2019opter pour les pruneaux sans noyau. Cela \u00e9vitera de rejeter les noyaux sur l\u2019assiette, ce qui peut \u00eatre disgracieux. <\/p>\n<p><H3>Les pruneaux frais : bio ou non bio ?<\/H3><\/p>\n<p>Comme pour tous les produits de la nature, il n\u2019est pas \u00e9vident de tomber sur des pruneaux frais bios. Cependant, tant que faire se peut, il est recommand\u00e9 de se tourner vers ce type de pruneaux. En fait, le bio est un genre de culture qui proscrit l\u2019usage de produits de synth\u00e8se. Il faut seulement recourir aux produits d\u2019origine naturelle \u00e0 l\u2019instar de l\u2019argile. Certes, cela fait chuter le rendement mais ce sont des proc\u00e9d\u00e9s qui sont meilleurs pour la sant\u00e9. D\u2019ailleurs, c\u2019est une des raisons pour lesquelles le prix des pruneaux bio est plus \u00e9lev\u00e9 sur le march\u00e9. <\/p>\n","protected":false},"excerpt":{"rendered":"<p>Le pruneau : guide complet sur ce fruit (bienfaits, saison&#8230;) Le pruneau est la version s\u00e9ch\u00e9e d&rsquo;un fruit qui s&rsquo;appelle la \u00ab\u00a0Prune Noire\u00a0\u00bb (ou Prune d&rsquo;Agen). R\u00e9colt\u00e9e entre Juillet et Septembre, la prune d&rsquo;Agen est ensuite s\u00e9ch\u00e9e pour devenir un pruneau. Les prunes d&rsquo;Agen poussent sur les pruniers d&rsquo;Agen, un arbuste des r\u00e9gions temp\u00e9r\u00e9es de [&hellip;]<\/p>\n","protected":false},"author":4,"featured_media":10699,"parent":8698,"menu_order":0,"comment_status":"closed","ping_status":"closed","template":"template-single-dossiers-fruites.php","meta":{"_et_pb_use_builder":"","_et_pb_old_content":"","_et_gb_content_width":""},"acf":[],"yoast_head":"<!-- This site is optimized with the Yoast SEO plugin v17.6 - https:\/\/yoast.com\/wordpress\/plugins\/seo\/ -->\n<title>Pruneau et constipation : un rem\u00e8de laxatif naturel et efficace - A&amp;A<\/title>\n<meta name=\"description\" content=\"Le pruneau est un fruit qui a de nombreux bienfaits. Il combat efficacement la constipation et peut aider les personnes qui sont au r\u00e9gime \u00e0 perdre du poids\" \/>\n<meta name=\"robots\" content=\"index, follow, max-snippet:-1, max-image-preview:large, max-video-preview:-1\" \/>\n<link rel=\"canonical\" href=\"https:\/\/www.alexetalex.com\/ca\/dossiers-fruites\/fruit-et-nutrition\/pruneau-constipation\/\" \/>\n<meta property=\"og:locale\" content=\"fr_FR\" \/>\n<meta property=\"og:type\" content=\"article\" \/>\n<meta property=\"og:title\" content=\"Pruneau et constipation : un rem\u00e8de laxatif naturel et efficace - A&amp;A\" \/>\n<meta property=\"og:description\" content=\"Le pruneau est un fruit qui a de nombreux bienfaits. Il combat efficacement la constipation et peut aider les personnes qui sont au r\u00e9gime \u00e0 perdre du poids\" \/>\n<meta property=\"og:url\" content=\"https:\/\/www.alexetalex.com\/ca\/dossiers-fruites\/fruit-et-nutrition\/pruneau-constipation\/\" \/>\n<meta property=\"article:modified_time\" content=\"2019-06-24T07:51:39+00:00\" \/>\n<meta property=\"og:image\" content=\"https:\/\/www.alexetalex.com\/ca\/wp-content\/uploads\/2019\/06\/La-cure-de-pruneaux-contre-la-constipation_exact540x405_l.jpg\" \/>\n\t<meta property=\"og:image:width\" content=\"540\" \/>\n\t<meta property=\"og:image:height\" content=\"405\" \/>\n<meta name=\"twitter:label1\" content=\"Dur\u00e9e de lecture estim\u00e9e\" \/>\n\t<meta name=\"twitter:data1\" content=\"9 minutes\" \/>\n<script type=\"application\/ld+json\" class=\"yoast-schema-graph\">{\"@context\":\"https:\/\/schema.org\",\"@graph\":[{\"@type\":\"Organization\",\"@id\":\"https:\/\/www.alexetalex.com\/ca\/#organization\",\"name\":\"Alex & Alex\",\"url\":\"https:\/\/www.alexetalex.com\/ca\/\",\"sameAs\":[],\"logo\":{\"@type\":\"ImageObject\",\"@id\":\"https:\/\/www.alexetalex.com\/ca\/#logo\",\"inLanguage\":\"fr-FR\",\"url\":\"https:\/\/www.alexetalex.com\/ca\/wp-content\/uploads\/2020\/04\/alexalex-1.png\",\"contentUrl\":\"https:\/\/www.alexetalex.com\/ca\/wp-content\/uploads\/2020\/04\/alexalex-1.png\",\"width\":51,\"height\":50,\"caption\":\"Alex & Alex\"},\"image\":{\"@id\":\"https:\/\/www.alexetalex.com\/ca\/#logo\"}},{\"@type\":\"WebSite\",\"@id\":\"https:\/\/www.alexetalex.com\/ca\/#website\",\"url\":\"https:\/\/www.alexetalex.com\/ca\/\",\"name\":\"\",\"description\":\"\",\"publisher\":{\"@id\":\"https:\/\/www.alexetalex.com\/ca\/#organization\"},\"potentialAction\":[{\"@type\":\"SearchAction\",\"target\":{\"@type\":\"EntryPoint\",\"urlTemplate\":\"https:\/\/www.alexetalex.com\/ca\/?s={search_term_string}\"},\"query-input\":\"required name=search_term_string\"}],\"inLanguage\":\"fr-FR\"},{\"@type\":\"ImageObject\",\"@id\":\"https:\/\/www.alexetalex.com\/ca\/dossiers-fruites\/fruit-et-nutrition\/pruneau-constipation\/#primaryimage\",\"inLanguage\":\"fr-FR\",\"url\":\"https:\/\/www.alexetalex.com\/ca\/wp-content\/uploads\/2019\/06\/La-cure-de-pruneaux-contre-la-constipation_exact540x405_l.jpg\",\"contentUrl\":\"https:\/\/www.alexetalex.com\/ca\/wp-content\/uploads\/2019\/06\/La-cure-de-pruneaux-contre-la-constipation_exact540x405_l.jpg\",\"width\":540,\"height\":405},{\"@type\":\"WebPage\",\"@id\":\"https:\/\/www.alexetalex.com\/ca\/dossiers-fruites\/fruit-et-nutrition\/pruneau-constipation\/#webpage\",\"url\":\"https:\/\/www.alexetalex.com\/ca\/dossiers-fruites\/fruit-et-nutrition\/pruneau-constipation\/\",\"name\":\"Pruneau et constipation : un rem\\u00e8de laxatif naturel et efficace - A&A\",\"isPartOf\":{\"@id\":\"https:\/\/www.alexetalex.com\/ca\/#website\"},\"primaryImageOfPage\":{\"@id\":\"https:\/\/www.alexetalex.com\/ca\/dossiers-fruites\/fruit-et-nutrition\/pruneau-constipation\/#primaryimage\"},\"datePublished\":\"2019-06-24T07:28:10+00:00\",\"dateModified\":\"2019-06-24T07:51:39+00:00\",\"description\":\"Le pruneau est un fruit qui a de nombreux bienfaits. Il combat efficacement la constipation et peut aider les personnes qui sont au r\\u00e9gime \\u00e0 perdre du poids\",\"breadcrumb\":{\"@id\":\"https:\/\/www.alexetalex.com\/ca\/dossiers-fruites\/fruit-et-nutrition\/pruneau-constipation\/#breadcrumb\"},\"inLanguage\":\"fr-FR\",\"potentialAction\":[{\"@type\":\"ReadAction\",\"target\":[\"https:\/\/www.alexetalex.com\/ca\/dossiers-fruites\/fruit-et-nutrition\/pruneau-constipation\/\"]}]},{\"@type\":\"BreadcrumbList\",\"@id\":\"https:\/\/www.alexetalex.com\/ca\/dossiers-fruites\/fruit-et-nutrition\/pruneau-constipation\/#breadcrumb\",\"itemListElement\":[{\"@type\":\"ListItem\",\"position\":1,\"name\":\"Magazine\",\"item\":\"https:\/\/www.alexetalex.com\/ca\/dossiers-fruites\/\"},{\"@type\":\"ListItem\",\"position\":2,\"name\":\"Nutrition\",\"item\":\"https:\/\/www.alexetalex.com\/ca\/dossiers-fruites\/fruit-et-nutrition\/\"},{\"@type\":\"ListItem\",\"position\":3,\"name\":\"Dossier\"}]}]}<\/script>\n<!-- \/ Yoast SEO plugin. -->","yoast_head_json":{"title":"Pruneau et constipation : un rem\u00e8de laxatif naturel et efficace - A&A","description":"Le pruneau est un fruit qui a de nombreux bienfaits. Il combat efficacement la constipation et peut aider les personnes qui sont au r\u00e9gime \u00e0 perdre du poids","robots":{"index":"index","follow":"follow","max-snippet":"max-snippet:-1","max-image-preview":"max-image-preview:large","max-video-preview":"max-video-preview:-1"},"canonical":"https:\/\/www.alexetalex.com\/ca\/dossiers-fruites\/fruit-et-nutrition\/pruneau-constipation\/","og_locale":"fr_FR","og_type":"article","og_title":"Pruneau et constipation : un rem\u00e8de laxatif naturel et efficace - A&A","og_description":"Le pruneau est un fruit qui a de nombreux bienfaits. Il combat efficacement la constipation et peut aider les personnes qui sont au r\u00e9gime \u00e0 perdre du poids","og_url":"https:\/\/www.alexetalex.com\/ca\/dossiers-fruites\/fruit-et-nutrition\/pruneau-constipation\/","article_modified_time":"2019-06-24T07:51:39+00:00","og_image":[{"width":540,"height":405,"url":"https:\/\/www.alexetalex.com\/ca\/wp-content\/uploads\/2019\/06\/La-cure-de-pruneaux-contre-la-constipation_exact540x405_l.jpg","type":"image\/jpeg"}],"twitter_misc":{"Dur\u00e9e de lecture estim\u00e9e":"9 minutes"},"schema":{"@context":"https:\/\/schema.org","@graph":[{"@type":"Organization","@id":"https:\/\/www.alexetalex.com\/ca\/#organization","name":"Alex & Alex","url":"https:\/\/www.alexetalex.com\/ca\/","sameAs":[],"logo":{"@type":"ImageObject","@id":"https:\/\/www.alexetalex.com\/ca\/#logo","inLanguage":"fr-FR","url":"https:\/\/www.alexetalex.com\/ca\/wp-content\/uploads\/2020\/04\/alexalex-1.png","contentUrl":"https:\/\/www.alexetalex.com\/ca\/wp-content\/uploads\/2020\/04\/alexalex-1.png","width":51,"height":50,"caption":"Alex & Alex"},"image":{"@id":"https:\/\/www.alexetalex.com\/ca\/#logo"}},{"@type":"WebSite","@id":"https:\/\/www.alexetalex.com\/ca\/#website","url":"https:\/\/www.alexetalex.com\/ca\/","name":"","description":"","publisher":{"@id":"https:\/\/www.alexetalex.com\/ca\/#organization"},"potentialAction":[{"@type":"SearchAction","target":{"@type":"EntryPoint","urlTemplate":"https:\/\/www.alexetalex.com\/ca\/?s={search_term_string}"},"query-input":"required name=search_term_string"}],"inLanguage":"fr-FR"},{"@type":"ImageObject","@id":"https:\/\/www.alexetalex.com\/ca\/dossiers-fruites\/fruit-et-nutrition\/pruneau-constipation\/#primaryimage","inLanguage":"fr-FR","url":"https:\/\/www.alexetalex.com\/ca\/wp-content\/uploads\/2019\/06\/La-cure-de-pruneaux-contre-la-constipation_exact540x405_l.jpg","contentUrl":"https:\/\/www.alexetalex.com\/ca\/wp-content\/uploads\/2019\/06\/La-cure-de-pruneaux-contre-la-constipation_exact540x405_l.jpg","width":540,"height":405},{"@type":"WebPage","@id":"https:\/\/www.alexetalex.com\/ca\/dossiers-fruites\/fruit-et-nutrition\/pruneau-constipation\/#webpage","url":"https:\/\/www.alexetalex.com\/ca\/dossiers-fruites\/fruit-et-nutrition\/pruneau-constipation\/","name":"Pruneau et constipation : un rem\u00e8de laxatif naturel et efficace - A&A","isPartOf":{"@id":"https:\/\/www.alexetalex.com\/ca\/#website"},"primaryImageOfPage":{"@id":"https:\/\/www.alexetalex.com\/ca\/dossiers-fruites\/fruit-et-nutrition\/pruneau-constipation\/#primaryimage"},"datePublished":"2019-06-24T07:28:10+00:00","dateModified":"2019-06-24T07:51:39+00:00","description":"Le pruneau est un fruit qui a de nombreux bienfaits. Il combat efficacement la constipation et peut aider les personnes qui sont au r\u00e9gime \u00e0 perdre du poids","breadcrumb":{"@id":"https:\/\/www.alexetalex.com\/ca\/dossiers-fruites\/fruit-et-nutrition\/pruneau-constipation\/#breadcrumb"},"inLanguage":"fr-FR","potentialAction":[{"@type":"ReadAction","target":["https:\/\/www.alexetalex.com\/ca\/dossiers-fruites\/fruit-et-nutrition\/pruneau-constipation\/"]}]},{"@type":"BreadcrumbList","@id":"https:\/\/www.alexetalex.com\/ca\/dossiers-fruites\/fruit-et-nutrition\/pruneau-constipation\/#breadcrumb","itemListElement":[{"@type":"ListItem","position":1,"name":"Magazine","item":"https:\/\/www.alexetalex.com\/ca\/dossiers-fruites\/"},{"@type":"ListItem","position":2,"name":"Nutrition","item":"https:\/\/www.alexetalex.com\/ca\/dossiers-fruites\/fruit-et-nutrition\/"},{"@type":"ListItem","position":3,"name":"Dossier"}]}]}},"_links":{"self":[{"href":"https:\/\/www.alexetalex.com\/ca\/wp-json\/wp\/v2\/pages\/10408"}],"collection":[{"href":"https:\/\/www.alexetalex.com\/ca\/wp-json\/wp\/v2\/pages"}],"about":[{"href":"https:\/\/www.alexetalex.com\/ca\/wp-json\/wp\/v2\/types\/page"}],"author":[{"embeddable":true,"href":"https:\/\/www.alexetalex.com\/ca\/wp-json\/wp\/v2\/users\/4"}],"replies":[{"embeddable":true,"href":"https:\/\/www.alexetalex.com\/ca\/wp-json\/wp\/v2\/comments?post=10408"}],"version-history":[{"count":0,"href":"https:\/\/www.alexetalex.com\/ca\/wp-json\/wp\/v2\/pages\/10408\/revisions"}],"up":[{"embeddable":true,"href":"https:\/\/www.alexetalex.com\/ca\/wp-json\/wp\/v2\/pages\/8698"}],"wp:featuredmedia":[{"embeddable":true,"href":"https:\/\/www.alexetalex.com\/ca\/wp-json\/wp\/v2\/media\/10699"}],"wp:attachment":[{"href":"https:\/\/www.alexetalex.com\/ca\/wp-json\/wp\/v2\/media?parent=10408"}],"curies":[{"name":"wp","href":"https:\/\/api.w.org\/{rel}","templated":true}]}}