{"id":10416,"date":"2019-06-07T15:27:56","date_gmt":"2019-06-07T14:27:56","guid":{"rendered":"https:\/\/www.alexetalex.com\/ca\/?page_id=10416"},"modified":"2019-08-08T07:22:31","modified_gmt":"2019-08-08T06:22:31","slug":"raisin-de-corinthe","status":"publish","type":"page","link":"https:\/\/www.alexetalex.com\/ca\/dossiers-fruites\/fruit-et-nutrition\/raisin-de-corinthe\/","title":{"rendered":"Raisin de Corinthe : le guide complet"},"content":{"rendered":"<p><H1>Raisin de Corinthe : calories, bienfaits, et recettes<\/H1><\/p>\n<p>Les raisins de Corinthe sont petits, sans p\u00e9pins, \u00e0 peau fine, de couleur violac\u00e9e (plus ou moins fonc\u00e9e). Ils sont d\u00e9licieux, et contrairement \u00e0 la plupart des autres vari\u00e9t\u00e9s de raisins, ils ne sont pas trait\u00e9s par sulfitage * ! En effet, les raisins de Corinthe sont naturellement riches en antioxydants, ce qui les prot\u00e8gent naturellement contre le pourrissement, et permet leur conservation durant des mois, lorsqu&rsquo;ils sont s\u00e9ch\u00e9s.<\/p>\n<p><i>(*) Les traitements par sulfitage (avant et apr\u00e8s la r\u00e9colte) sont utilis\u00e9s pour emp\u00eacher l\u2019alt\u00e9ration et la d\u00e9coloration des produits pendant leur entreposage et leur distribution. Ce sont leurs propri\u00e9t\u00e9s anti oxyg\u00e8ne qui sont particuli\u00e8rement recherch\u00e9es : les sulfites captent les mol\u00e9cules d\u2019oxyg\u00e8ne et en les emprisonnant les emp\u00eaches d\u2019aller oxyder les aliments.<\/i><\/p>\n<p><img loading=\"lazy\" width=\"1588\" height=\"1125\" src=\"https:\/\/www.alexetalex.com\/ca\/wp-content\/uploads\/2019\/06\/Image2-1.jpg\" alt=\"Image2\" class=\"alignnone size-full wp-image-10518\" srcset=\"https:\/\/www.alexetalex.com\/ca\/wp-content\/uploads\/2019\/06\/Image2-1.jpg 1588w, https:\/\/www.alexetalex.com\/ca\/wp-content\/uploads\/2019\/06\/Image2-1-600x425.jpg 600w, https:\/\/www.alexetalex.com\/ca\/wp-content\/uploads\/2019\/06\/Image2-1-250x177.jpg 250w, https:\/\/www.alexetalex.com\/ca\/wp-content\/uploads\/2019\/06\/Image2-1-768x544.jpg 768w, https:\/\/www.alexetalex.com\/ca\/wp-content\/uploads\/2019\/06\/Image2-1-700x496.jpg 700w, https:\/\/www.alexetalex.com\/ca\/wp-content\/uploads\/2019\/06\/Image2-1-120x85.jpg 120w, https:\/\/www.alexetalex.com\/ca\/wp-content\/uploads\/2019\/06\/Image2-1-320x227.jpg 320w\" sizes=\"(max-width: 1588px) 100vw, 1588px\" \/><\/p>\n<p>Les raisins de Corinthe s\u2019int\u00e8grent dans diff\u00e9rentes recettes du quotidien. Aussi, ils peuvent \u00eatre incorpor\u00e9s \u00e0 du filet de cabillaud en sauce en guise de plat de r\u00e9sistance. Les adeptes de dessert seront ravis de cuisiner du cheese-cake aux raisins de Corinthe ou encore du pain de mie perdu aux raisins de Corinthe.<\/p>\n<p>Il est recommand\u00e9 de faire tremper les raisins pour qu\u2019ils gonflent avant de les incorporer \u00e0 une recette.  <\/p>\n<p><H2>I] Le raisin de Corinthe : tout savoir en 2 minutes<\/H2><\/p>\n<p>Le raisin de Corinthe est une variante de raisin qui n\u2019est que rarement commercialis\u00e9 dans son \u00e9tat frais. Il est en effet le plus souvent vendu s\u00e9ch\u00e9. Son nom lui vient de la ville de Corinthe, ville qui se trouve en Gr\u00e8ce. <\/p>\n<p>Mais cette vari\u00e9t\u00e9 de raisins n&rsquo;est pas uniquement produite en Gr\u00e8ce : elle aussi produite dans divers pays du monde dont la Californie, l\u2019Afrique du Sud ou encore la Turquie. Le raisin de Corinthe est de toute petite taille, il est similaire \u00e0 un pois et ne mesure que 5 \u00e0 7 mm. Il a une saveur sucr\u00e9e quelque peu acidul\u00e9 et est croquant. <\/p>\n<p>Avec sa couleur rouge, il plait aux enfants et leur est adapt\u00e9e puisqu\u2019ils peuvent le croquer sans probl\u00e8me \u00e9tant exempt de p\u00e9pin.<\/p>\n<p><img loading=\"lazy\" width=\"600\" height=\"323\" src=\"https:\/\/www.alexetalex.com\/ca\/wp-content\/uploads\/2019\/06\/Image3.jpg\" alt=\"Image3\" class=\"alignnone size-full wp-image-10519\" srcset=\"https:\/\/www.alexetalex.com\/ca\/wp-content\/uploads\/2019\/06\/Image3.jpg 600w, https:\/\/www.alexetalex.com\/ca\/wp-content\/uploads\/2019\/06\/Image3-250x135.jpg 250w, https:\/\/www.alexetalex.com\/ca\/wp-content\/uploads\/2019\/06\/Image3-120x65.jpg 120w, https:\/\/www.alexetalex.com\/ca\/wp-content\/uploads\/2019\/06\/Image3-320x172.jpg 320w\" sizes=\"(max-width: 600px) 100vw, 600px\" \/><\/p>\n<p><i>Ci-dessus, une photo de raisins de Corinthe frais<\/i><\/p>\n<p><H3>Raisin de Corinthe : calories<\/H3><\/p>\n<p>Le raisin de Corinthe est un aliment riche en calories \u00e9tant donn\u00e9 qu\u2019une part de 100 g apporte 283 Kcal. C\u2019est pourquoi, les personnes qui sont au r\u00e9gime sont r\u00e9ticentes \u00e0 l\u2019inclure dans leur alimentation. <\/p>\n<p>Pourtant, selon les \u00e9tudes men\u00e9es par le NHANES ou National Heath and Nutrition Examination Survey, le raisin de Corinthe aurait des vertus minceur non-n\u00e9gligeables. Ces raisins originaires de la Gr\u00e8ce ont la facult\u00e9 de stimuler le syst\u00e8me gastro-intestinal pour un nettoyage optimal du c\u00f4lon. <\/p>\n<p>Par ailleurs, ce fruit est aussi int\u00e9gr\u00e9 au r\u00e9gime Dukan dans le cadre de la stabilisation qui constitue la 4e phase de la di\u00e8te. Bien que ce soit un fruit assez calorique, il est bienfaisant pour les personnes qui veulent perdre du poids. <\/p>\n<p><H3>Raisin de Corinthe : int\u00e9r\u00eat nutritionnel<\/H3><\/p>\n<p>En plus de l\u2019\u00e9nergie qu\u2019ils apportent, les raisins de Corinthe contiennent d\u2019autres \u00e9l\u00e9ments essentiels tels que :<\/p>\n<p>&#8211;\tles prot\u00e9ines<br \/>\n<br \/>&#8211;\tles glucides<br \/>\n<br \/>&#8211;\tles lipides<br \/>\n<br \/>&#8211;\tles fibres <\/p>\n<p>Ils contiennent \u00e9galement :<\/p>\n<p>&#8211;\tde l\u2019eau<br \/>\n<br \/>&#8211;\tdes cendres <\/p>\n<p>Par ailleurs, il faut savoir que le raisin de Corinthe a un index glyc\u00e9mique qualifi\u00e9 de \u00ab\u00a0mod\u00e9r\u00e9\u00a0\u00bb, \u00e0 raison de 64 sur 110. Son indice de sati\u00e9t\u00e9 est seulement de 0,5 sur 5. Et il poss\u00e8de une densit\u00e9 calorique moyenne de 2,83 sur 9. <\/p>\n<p><H3>Prix moyen du raisin de Corinthe en France au kilo<\/H3><\/p>\n<p>Le raisin de Corinthe est un fruit qui est tr\u00e8s recherch\u00e9 en France. Il est appr\u00e9ci\u00e9 pour sa qualit\u00e9 de superaliment. Cela s\u2019explique par les nombreux nutriments qu\u2019il contient. Sur le march\u00e9, le prix moyen du kilo est de 5 \u00e0 6\u20ac.<\/p>\n<p><H2>II] Raisins de Corinthe : bienfaits et recettes<\/H2><\/p>\n<p>Le raisin de Corinthe a de nombreuses vertus bienfaisantes. D\u00e9j\u00e0, il est connu pour ses propri\u00e9t\u00e9s anti-constipation. Apr\u00e8s leur ingestion, les raisins gonflent par la pr\u00e9sence des fibres dans sa composition et regonfleront sous l\u2019effet des liquides dans l\u2019organisme. Cela aide le bol alimentaire \u00e0 se d\u00e9placer vers l\u2019intestin et c\u2019est ce qui fait que ce genre de raisin anticipe la constipation. <\/p>\n<p>Les raisins de Corinthe aident \u00e9galement \u00e0 pr\u00e9venir les cancers. Cela est rendu possible par les cat\u00e9chines qui y sont contenus et qui contrent l\u2019effet des radicaux libres. <\/p>\n<p>Le raisin de Corinthe prot\u00e8ge le c\u0153ur gr\u00e2ce au r\u00e9sv\u00e9ratrol qu\u2019il contient (1,9 \u03bcg\u2022g-1). Avec ses isoflavones, le raisin de Corinthe am\u00e9liore aussi la circulation sanguine. Comme il s\u2019agit d\u2019un fruit sucr\u00e9, il apporte de l\u2019\u00e9nergie qui est utile \u00e0 l\u2019activit\u00e9 c\u00e9r\u00e9brale et physique. <\/p>\n<p>Ce genre de raisin est \u00e9galement excellent pour combattre l\u2019an\u00e9mie \u00e9tant donn\u00e9 qu\u2019il contient une quantit\u00e9 importante de fer (2%) en plus des vitamines du complexe B. Ces derniers sont capitaux dans le renouvellement du sang et la formation des globules rouges. <\/p>\n<p>Le raisin de Corinthe est utilis\u00e9 pour diff\u00e9rentes sp\u00e9cialit\u00e9s culinaires.  Il a une saveur quelque peu poivr\u00e9e qui fait qu\u2019on ait envie de l\u2019ajouter aux diverses recettes du jour. Pour un dessert r\u00e9ussi, il est conseill\u00e9 d\u2019opter pour la panettone aux raisins de Corinthe ou les autres p\u00e2tisseries telles que le clafouti, la charlotte, la b\u00fbche au chocolat et aux raisins secs. <\/p>\n<p>Le fruit peut aussi servir \u00e0 pr\u00e9parer les entr\u00e9es telles que les toasts, les plats de foie gras ou les farces l\u00e9g\u00e8res.<\/p>\n<p><H3>Analyse nutritionnelle<\/H3><\/p>\n<p>Le raisin de Corinthe contient de nombreux \u00e9l\u00e9ments essentiels dont :<br \/>\n<br \/>&#8211;\tdes prot\u00e9ines (4,08 g pour 100g)<br \/>\n<br \/>&#8211;\tdes lipides (0,27 g pour 100g)<br \/>\n<br \/>&#8211;\tdu glucide en quantit\u00e9 importante (74,08g pour 100g). <\/p>\n<p>C\u2019est un fruit qui contient \u00e9galement de nombreuses vitamines assimil\u00e9es telles que :<br \/>\n<br \/>&#8211;\tla vitamine C (4,7 mg pour 100g)<br \/>\n<br \/>&#8211;\tla thiamine (0,16mg pour 100g)<br \/>\n<br \/>&#8211;\tla riboflavine (0,142 mg pour 100g). <\/p>\n<p>Les raisins de Corinthe sont aussi des fruits qui sont riches en oligo-\u00e9l\u00e9ments dont le plus important est :<br \/>\n<br \/>&#8211;\tle potassium (892 mg pour 100 g)<br \/>\n<br \/>&#8211;\tle phosphore (125 mg pour 100g). <\/p>\n<p>A cela s\u2019ajoute :<br \/>\n<br \/>&#8211;\t le calcium (86 mg pour 100g). <\/p>\n<p><H3>Raisin de Corinthe sec ou frais : bienfaits<\/H3><\/p>\n<p>Les raisins de Corinthe ont d\u2019innombrables avantages. Ils permettent de lutter contre les probl\u00e8mes d\u2019hypertension art\u00e9rielle. Effectivement, avec le potassium qu\u2019ils contiennent, les raisins de Corinthe r\u00e9duisent la tension qui peut alt\u00e9rer les vaisseaux sanguins. <\/p>\n<p>Les raisins de Corinthe sont aussi des fruits privil\u00e9gi\u00e9s pour combattre le diab\u00e8te. En effet, ils r\u00e9gulent les chutes et les pics d\u2019insuline et \u00e9quilibrent l\u2019absorption de sucre rendant ce dernier plus homog\u00e8ne. C\u2019est un fruit recommand\u00e9 aux diab\u00e9tiques et aux patients qui ont une tension art\u00e9rielle instable. <\/p>\n<p><H3>Cake aux raisins de Corinthe<\/H3><\/p>\n<p>C\u2019est un dessert classique qui ne manque pas de go\u00fbt et qui peut aussi \u00eatre servi pour le go\u00fbter. Pour un cake de 8 personnes, il faut pr\u00e9voir :<\/p>\n<p>&#8211;\t250 g de raisins de Corinthe<br \/>\n<br \/>&#8211;\t2 cl de rhum<br \/>\n<br \/>&#8211;\t3 \u0153ufs<br \/>\n<br \/>&#8211;\t200g de farine<br \/>\n<br \/>&#8211;\t150 g de sucre<br \/>\n<br \/>&#8211;\t200g de beurre<br \/>\n<br \/>&#8211;\t5g de levure chimique<\/p>\n<p><img loading=\"lazy\" width=\"748\" height=\"372\" src=\"https:\/\/www.alexetalex.com\/ca\/wp-content\/uploads\/2019\/06\/cake-aux-raisins.jpeg\" alt=\"cake-aux-raisins\" class=\"alignnone size-full wp-image-10530\" srcset=\"https:\/\/www.alexetalex.com\/ca\/wp-content\/uploads\/2019\/06\/cake-aux-raisins.jpeg 748w, https:\/\/www.alexetalex.com\/ca\/wp-content\/uploads\/2019\/06\/cake-aux-raisins-600x298.jpeg 600w, https:\/\/www.alexetalex.com\/ca\/wp-content\/uploads\/2019\/06\/cake-aux-raisins-250x124.jpeg 250w, https:\/\/www.alexetalex.com\/ca\/wp-content\/uploads\/2019\/06\/cake-aux-raisins-700x348.jpeg 700w, https:\/\/www.alexetalex.com\/ca\/wp-content\/uploads\/2019\/06\/cake-aux-raisins-120x60.jpeg 120w, https:\/\/www.alexetalex.com\/ca\/wp-content\/uploads\/2019\/06\/cake-aux-raisins-320x159.jpeg 320w\" sizes=\"(max-width: 748px) 100vw, 748px\" \/><\/p>\n<p>Il faut que les raisins trempent dans un m\u00e9lange d\u2019eau et de rhum. En parall\u00e8le, il y a lieu de s\u00e9parer les blancs et les jaunes d\u2019\u0153ufs et de m\u00e9langer les jaunes au sucre. Il faut y ajouter la levure d\u00e9lay\u00e9e dans l\u2019eau, le beurre mou et la farine. <\/p>\n<p>Les blancs sont \u00e0 monter en neige tandis que les raisins sont \u00e0 \u00e9goutter. Il suffit d\u2019ajouter les blancs et les raisins au m\u00e9lange de jaunes d\u2019\u0153ufs et de sucre. La p\u00e2te ainsi obtenue se verse dans un moule beurr\u00e9 et se pose au four \u00e0 thermostat 6. <\/p>\n<p><H2>III] Le saviez-vous<\/H2><\/p>\n<p>Certes, le raisin de Corinthe est succulent mais dans la foul\u00e9e, il est conseill\u00e9 de tout d\u00e9couvrir de ce fruit unique avant de le d\u00e9guster.<\/p>\n<p><H3>Raisin sec et raisin de Corinthe : quelle diff\u00e9rence<\/H3><\/p>\n<p>Le raisin de Corinthe est en fait une sorte de raisin sec. La d\u00e9nomination \u00ab raisin  sec \u00bb en elle-m\u00eame englobe diff\u00e9rentes sortes de raisins s\u00e9ch\u00e9s dont les raisin de Corinthe, mais aussi les raisins de Smyrne, les raisins de Malaga, les raisins dor\u00e9s, les raisins Sultanines&#8230;etc.<\/p>\n<p><H3>Faut-il privil\u00e9gier le bio pour les raisins de Corinthe ?<\/H3><\/p>\n<p>Nous avons r\u00e9alis\u00e9 une infographie d\u00e9taill\u00e9e et g\u00e9n\u00e9raliste sur le choix du bio ou du non bio, et vous retrouverez tout cela dans <a href=\"https:\/\/www.alexetalex.com\/ca\/dossiers-fruites\/le-saviez-vous\/le-biologique-ce-nest-pas-systematique\/\" rel=\"noopener\" target=\"_blank\">cet article<\/a>.<\/p>\n<p>Pour le cas particulier du raisin de Corinthe, il y a principalement deux \u00e9l\u00e9ments \u00e0 prendre en compte :<br \/>\n<br \/>&#8211; la diff\u00e9rence de prix entre le raisin de Corinthe bio et le non-bio<br \/>\n<br \/>&#8211; la diff\u00e9rence entre les techniques de culture pour le raisin de Corinthe bio et le non-bio<\/p>\n<p>Rappelons simplement avant toute chose que le label bio, est un label payant, que l&rsquo;agriculteur doit payer chaque ann\u00e9e s&rsquo;il souhaite l&rsquo;utiliser. De fait, de nombreuses exploitations traditionnelles ne sont pas labellis\u00e9es bio, m\u00eame si elles pratiquent une agriculture familiale, parfaitement saine et responsable.<\/p>\n<p>Cela \u00e9tant rappel\u00e9, compte tenu de la diff\u00e9rence de prix entre le bio et le non-bio * pour le raisin de Corinthe, et compte tenu \u00e9galement du fait que les techniques de culture sont relativement similaires en bio et non-bio pour le raisin de Corinthe, il n&rsquo;est pas forc\u00e9ment tr\u00e8s int\u00e9ressant de sur-payer pour du bio.<\/p>\n<p><i>(*) Les raisins de Corinthe bio co\u00fbtent g\u00e9n\u00e9ralement plus chers : un paquet pesant 250 g est vendu aux alentours de 3 \u20ac dans une \u00e9piceries bio en France.<\/i><\/p>\n<p><H3>Raisin de Corinthe ou raisin sultanine<\/H3\n\nIl y a diff\u00e9rentes sortes de raisins mais le choix est fonction des pr\u00e9f\u00e9rences de tout un chacun. Les consommateurs choisissent selon le go\u00fbt et l\u2019aspect du fruit. \n\n\n\n\n\nA rappeler que les raisins de Corinthe sont des raisins de petite taille et qui ne contiennent pas de p\u00e9pins. Ils ont une peau fine et une couleur qui tend \u00e0 virer au violet. Ces raisins ont une saveur assez \u00e9pic\u00e9e mais \u00e9galement sucr\u00e9e. De leur c\u00f4t\u00e9, les raisins sultanines sont \u00e9galement sans p\u00e9pins.\n\n\n\n\n\nLeur peau est molle et ils ont un go\u00fbt assez mielleux. Ce sont des raisins non-sulfit\u00e9s qui prennent une couleur brune suite \u00e0 la dessication. S\u2019ils sont sulfit\u00e9s, ils gardent une couleur dor\u00e9e.\n\n\n\n\n\n<strong>Pour continuer d&rsquo;apprendre :<\/strong><br \/>\n<br \/>&#8211; <a href=\"https:\/\/www.alexetalex.com\/ca\/dossiers-fruites\/fruit-et-nutrition\/raisins-sans-pepin\/\" rel=\"noopener\" target=\"_blank\">Raisins sans p\u00e9pin : comment font-ils pour se reproduire<\/a><br \/>\n<br \/>&#8211; <a href=\"https:\/\/www.alexetalex.com\/ca\/dossiers-fruites\/fruit-et-nutrition\/raisins-secs\/\" rel=\"noopener\" target=\"_blank\">Raisins secs : le guide complet<\/a><br \/>\n<br \/>&#8211; <a href=\"https:\/\/www.alexetalex.com\/ca\/dossiers-fruites\/composition-des-paniers\/fruits-de-saison\/\" rel=\"noopener\" target=\"_blank\">Le calendrier des fruits de saison (pour la France)<\/a><\/p>\n","protected":false},"excerpt":{"rendered":"<p>Raisin de Corinthe : calories, bienfaits, et recettes Les raisins de Corinthe sont petits, sans p\u00e9pins, \u00e0 peau fine, de couleur violac\u00e9e (plus ou moins fonc\u00e9e). Ils sont d\u00e9licieux, et contrairement \u00e0 la plupart des autres vari\u00e9t\u00e9s de raisins, ils ne sont pas trait\u00e9s par sulfitage * ! En effet, les raisins de Corinthe sont [&hellip;]<\/p>\n","protected":false},"author":4,"featured_media":10519,"parent":8698,"menu_order":0,"comment_status":"closed","ping_status":"closed","template":"template-single-dossiers-fruites.php","meta":{"_et_pb_use_builder":"","_et_pb_old_content":"","_et_gb_content_width":""},"acf":[],"yoast_head":"<!-- This site is optimized with the Yoast SEO plugin v17.6 - https:\/\/yoast.com\/wordpress\/plugins\/seo\/ -->\n<title>Raisin de Corinthe : le guide complet (bienfaits, recettes, calories)<\/title>\n<meta name=\"description\" content=\"Les raisins de Corinthe : tout savoir sur cette vari\u00e9t\u00e9 peu connue, qui ne n\u00e9cessite aucun traitement par sulfitage : calories, bienfaits, recettes, vertus\" \/>\n<meta name=\"robots\" content=\"index, follow, max-snippet:-1, max-image-preview:large, max-video-preview:-1\" \/>\n<link rel=\"canonical\" href=\"https:\/\/www.alexetalex.com\/ca\/dossiers-fruites\/fruit-et-nutrition\/raisin-de-corinthe\/\" \/>\n<meta property=\"og:locale\" content=\"fr_FR\" \/>\n<meta property=\"og:type\" content=\"article\" \/>\n<meta property=\"og:title\" content=\"Raisin de Corinthe : le guide complet (bienfaits, recettes, calories)\" \/>\n<meta property=\"og:description\" content=\"Les raisins de Corinthe : tout savoir sur cette vari\u00e9t\u00e9 peu connue, qui ne n\u00e9cessite aucun traitement par sulfitage : calories, bienfaits, recettes, vertus\" \/>\n<meta property=\"og:url\" content=\"https:\/\/www.alexetalex.com\/ca\/dossiers-fruites\/fruit-et-nutrition\/raisin-de-corinthe\/\" \/>\n<meta property=\"article:modified_time\" content=\"2019-08-08T06:22:31+00:00\" \/>\n<meta property=\"og:image\" content=\"https:\/\/www.alexetalex.com\/ca\/wp-content\/uploads\/2019\/06\/Image3.jpg\" \/>\n\t<meta property=\"og:image:width\" content=\"600\" \/>\n\t<meta property=\"og:image:height\" content=\"323\" \/>\n<meta name=\"twitter:label1\" content=\"Dur\u00e9e de lecture estim\u00e9e\" \/>\n\t<meta name=\"twitter:data1\" content=\"8 minutes\" \/>\n<script type=\"application\/ld+json\" class=\"yoast-schema-graph\">{\"@context\":\"https:\/\/schema.org\",\"@graph\":[{\"@type\":\"Organization\",\"@id\":\"https:\/\/www.alexetalex.com\/ca\/#organization\",\"name\":\"Alex & Alex\",\"url\":\"https:\/\/www.alexetalex.com\/ca\/\",\"sameAs\":[],\"logo\":{\"@type\":\"ImageObject\",\"@id\":\"https:\/\/www.alexetalex.com\/ca\/#logo\",\"inLanguage\":\"fr-FR\",\"url\":\"https:\/\/www.alexetalex.com\/ca\/wp-content\/uploads\/2020\/04\/alexalex-1.png\",\"contentUrl\":\"https:\/\/www.alexetalex.com\/ca\/wp-content\/uploads\/2020\/04\/alexalex-1.png\",\"width\":51,\"height\":50,\"caption\":\"Alex & Alex\"},\"image\":{\"@id\":\"https:\/\/www.alexetalex.com\/ca\/#logo\"}},{\"@type\":\"WebSite\",\"@id\":\"https:\/\/www.alexetalex.com\/ca\/#website\",\"url\":\"https:\/\/www.alexetalex.com\/ca\/\",\"name\":\"\",\"description\":\"\",\"publisher\":{\"@id\":\"https:\/\/www.alexetalex.com\/ca\/#organization\"},\"potentialAction\":[{\"@type\":\"SearchAction\",\"target\":{\"@type\":\"EntryPoint\",\"urlTemplate\":\"https:\/\/www.alexetalex.com\/ca\/?s={search_term_string}\"},\"query-input\":\"required name=search_term_string\"}],\"inLanguage\":\"fr-FR\"},{\"@type\":\"ImageObject\",\"@id\":\"https:\/\/www.alexetalex.com\/ca\/dossiers-fruites\/fruit-et-nutrition\/raisin-de-corinthe\/#primaryimage\",\"inLanguage\":\"fr-FR\",\"url\":\"https:\/\/www.alexetalex.com\/ca\/wp-content\/uploads\/2019\/06\/Image3.jpg\",\"contentUrl\":\"https:\/\/www.alexetalex.com\/ca\/wp-content\/uploads\/2019\/06\/Image3.jpg\",\"width\":600,\"height\":323},{\"@type\":\"WebPage\",\"@id\":\"https:\/\/www.alexetalex.com\/ca\/dossiers-fruites\/fruit-et-nutrition\/raisin-de-corinthe\/#webpage\",\"url\":\"https:\/\/www.alexetalex.com\/ca\/dossiers-fruites\/fruit-et-nutrition\/raisin-de-corinthe\/\",\"name\":\"Raisin de Corinthe : le guide complet (bienfaits, recettes, calories)\",\"isPartOf\":{\"@id\":\"https:\/\/www.alexetalex.com\/ca\/#website\"},\"primaryImageOfPage\":{\"@id\":\"https:\/\/www.alexetalex.com\/ca\/dossiers-fruites\/fruit-et-nutrition\/raisin-de-corinthe\/#primaryimage\"},\"datePublished\":\"2019-06-07T14:27:56+00:00\",\"dateModified\":\"2019-08-08T06:22:31+00:00\",\"description\":\"Les raisins de Corinthe : tout savoir sur cette vari\\u00e9t\\u00e9 peu connue, qui ne n\\u00e9cessite aucun traitement par sulfitage : calories, bienfaits, recettes, vertus\",\"breadcrumb\":{\"@id\":\"https:\/\/www.alexetalex.com\/ca\/dossiers-fruites\/fruit-et-nutrition\/raisin-de-corinthe\/#breadcrumb\"},\"inLanguage\":\"fr-FR\",\"potentialAction\":[{\"@type\":\"ReadAction\",\"target\":[\"https:\/\/www.alexetalex.com\/ca\/dossiers-fruites\/fruit-et-nutrition\/raisin-de-corinthe\/\"]}]},{\"@type\":\"BreadcrumbList\",\"@id\":\"https:\/\/www.alexetalex.com\/ca\/dossiers-fruites\/fruit-et-nutrition\/raisin-de-corinthe\/#breadcrumb\",\"itemListElement\":[{\"@type\":\"ListItem\",\"position\":1,\"name\":\"Magazine\",\"item\":\"https:\/\/www.alexetalex.com\/ca\/dossiers-fruites\/\"},{\"@type\":\"ListItem\",\"position\":2,\"name\":\"Nutrition\",\"item\":\"https:\/\/www.alexetalex.com\/ca\/dossiers-fruites\/fruit-et-nutrition\/\"},{\"@type\":\"ListItem\",\"position\":3,\"name\":\"Dossier\"}]}]}<\/script>\n<!-- \/ Yoast SEO plugin. -->","yoast_head_json":{"title":"Raisin de Corinthe : le guide complet (bienfaits, recettes, calories)","description":"Les raisins de Corinthe : tout savoir sur cette vari\u00e9t\u00e9 peu connue, qui ne n\u00e9cessite aucun traitement par sulfitage : calories, bienfaits, recettes, vertus","robots":{"index":"index","follow":"follow","max-snippet":"max-snippet:-1","max-image-preview":"max-image-preview:large","max-video-preview":"max-video-preview:-1"},"canonical":"https:\/\/www.alexetalex.com\/ca\/dossiers-fruites\/fruit-et-nutrition\/raisin-de-corinthe\/","og_locale":"fr_FR","og_type":"article","og_title":"Raisin de Corinthe : le guide complet (bienfaits, recettes, calories)","og_description":"Les raisins de Corinthe : tout savoir sur cette vari\u00e9t\u00e9 peu connue, qui ne n\u00e9cessite aucun traitement par sulfitage : calories, bienfaits, recettes, vertus","og_url":"https:\/\/www.alexetalex.com\/ca\/dossiers-fruites\/fruit-et-nutrition\/raisin-de-corinthe\/","article_modified_time":"2019-08-08T06:22:31+00:00","og_image":[{"width":600,"height":323,"url":"https:\/\/www.alexetalex.com\/ca\/wp-content\/uploads\/2019\/06\/Image3.jpg","type":"image\/jpeg"}],"twitter_misc":{"Dur\u00e9e de lecture estim\u00e9e":"8 minutes"},"schema":{"@context":"https:\/\/schema.org","@graph":[{"@type":"Organization","@id":"https:\/\/www.alexetalex.com\/ca\/#organization","name":"Alex & Alex","url":"https:\/\/www.alexetalex.com\/ca\/","sameAs":[],"logo":{"@type":"ImageObject","@id":"https:\/\/www.alexetalex.com\/ca\/#logo","inLanguage":"fr-FR","url":"https:\/\/www.alexetalex.com\/ca\/wp-content\/uploads\/2020\/04\/alexalex-1.png","contentUrl":"https:\/\/www.alexetalex.com\/ca\/wp-content\/uploads\/2020\/04\/alexalex-1.png","width":51,"height":50,"caption":"Alex & Alex"},"image":{"@id":"https:\/\/www.alexetalex.com\/ca\/#logo"}},{"@type":"WebSite","@id":"https:\/\/www.alexetalex.com\/ca\/#website","url":"https:\/\/www.alexetalex.com\/ca\/","name":"","description":"","publisher":{"@id":"https:\/\/www.alexetalex.com\/ca\/#organization"},"potentialAction":[{"@type":"SearchAction","target":{"@type":"EntryPoint","urlTemplate":"https:\/\/www.alexetalex.com\/ca\/?s={search_term_string}"},"query-input":"required name=search_term_string"}],"inLanguage":"fr-FR"},{"@type":"ImageObject","@id":"https:\/\/www.alexetalex.com\/ca\/dossiers-fruites\/fruit-et-nutrition\/raisin-de-corinthe\/#primaryimage","inLanguage":"fr-FR","url":"https:\/\/www.alexetalex.com\/ca\/wp-content\/uploads\/2019\/06\/Image3.jpg","contentUrl":"https:\/\/www.alexetalex.com\/ca\/wp-content\/uploads\/2019\/06\/Image3.jpg","width":600,"height":323},{"@type":"WebPage","@id":"https:\/\/www.alexetalex.com\/ca\/dossiers-fruites\/fruit-et-nutrition\/raisin-de-corinthe\/#webpage","url":"https:\/\/www.alexetalex.com\/ca\/dossiers-fruites\/fruit-et-nutrition\/raisin-de-corinthe\/","name":"Raisin de Corinthe : le guide complet (bienfaits, recettes, calories)","isPartOf":{"@id":"https:\/\/www.alexetalex.com\/ca\/#website"},"primaryImageOfPage":{"@id":"https:\/\/www.alexetalex.com\/ca\/dossiers-fruites\/fruit-et-nutrition\/raisin-de-corinthe\/#primaryimage"},"datePublished":"2019-06-07T14:27:56+00:00","dateModified":"2019-08-08T06:22:31+00:00","description":"Les raisins de Corinthe : tout savoir sur cette vari\u00e9t\u00e9 peu connue, qui ne n\u00e9cessite aucun traitement par sulfitage : calories, bienfaits, recettes, vertus","breadcrumb":{"@id":"https:\/\/www.alexetalex.com\/ca\/dossiers-fruites\/fruit-et-nutrition\/raisin-de-corinthe\/#breadcrumb"},"inLanguage":"fr-FR","potentialAction":[{"@type":"ReadAction","target":["https:\/\/www.alexetalex.com\/ca\/dossiers-fruites\/fruit-et-nutrition\/raisin-de-corinthe\/"]}]},{"@type":"BreadcrumbList","@id":"https:\/\/www.alexetalex.com\/ca\/dossiers-fruites\/fruit-et-nutrition\/raisin-de-corinthe\/#breadcrumb","itemListElement":[{"@type":"ListItem","position":1,"name":"Magazine","item":"https:\/\/www.alexetalex.com\/ca\/dossiers-fruites\/"},{"@type":"ListItem","position":2,"name":"Nutrition","item":"https:\/\/www.alexetalex.com\/ca\/dossiers-fruites\/fruit-et-nutrition\/"},{"@type":"ListItem","position":3,"name":"Dossier"}]}]}},"_links":{"self":[{"href":"https:\/\/www.alexetalex.com\/ca\/wp-json\/wp\/v2\/pages\/10416"}],"collection":[{"href":"https:\/\/www.alexetalex.com\/ca\/wp-json\/wp\/v2\/pages"}],"about":[{"href":"https:\/\/www.alexetalex.com\/ca\/wp-json\/wp\/v2\/types\/page"}],"author":[{"embeddable":true,"href":"https:\/\/www.alexetalex.com\/ca\/wp-json\/wp\/v2\/users\/4"}],"replies":[{"embeddable":true,"href":"https:\/\/www.alexetalex.com\/ca\/wp-json\/wp\/v2\/comments?post=10416"}],"version-history":[{"count":0,"href":"https:\/\/www.alexetalex.com\/ca\/wp-json\/wp\/v2\/pages\/10416\/revisions"}],"up":[{"embeddable":true,"href":"https:\/\/www.alexetalex.com\/ca\/wp-json\/wp\/v2\/pages\/8698"}],"wp:featuredmedia":[{"embeddable":true,"href":"https:\/\/www.alexetalex.com\/ca\/wp-json\/wp\/v2\/media\/10519"}],"wp:attachment":[{"href":"https:\/\/www.alexetalex.com\/ca\/wp-json\/wp\/v2\/media?parent=10416"}],"curies":[{"name":"wp","href":"https:\/\/api.w.org\/{rel}","templated":true}]}}