{"id":10501,"date":"2019-06-20T10:35:16","date_gmt":"2019-06-20T09:35:16","guid":{"rendered":"https:\/\/www.alexetalex.com\/ca\/?page_id=10501"},"modified":"2019-06-20T10:43:48","modified_gmt":"2019-06-20T09:43:48","slug":"curcuma-bienfaits","status":"publish","type":"page","link":"https:\/\/www.alexetalex.com\/ca\/dossiers-fruites\/fruit-et-nutrition\/curcuma-bienfaits\/","title":{"rendered":"Curcuma : bien le choisir pour b\u00e9n\u00e9ficier de tous ces bienfaits"},"content":{"rendered":"<p><H1>Curcuma : bienfaits, propri\u00e9t\u00e9s, posologie, et vertus<\/H1><\/p>\n<p>Pour une sant\u00e9 de fer, le curcuma est votre meilleur alli\u00e9 ! Car oui, cette \u00e9pice venue d&rsquo;Asie poss\u00e8de de nombreuses vertus, et peut s&rsquo;utiliser au quotidien, dans l&rsquo;alimentation, comme dans la m\u00e9decine douce.<\/p>\n<p>Mais pour profiter de toutes ces propri\u00e9t\u00e9s, encore faut-il conna\u00eetre la posologie adapt\u00e9e, et ne pas faire d\u2019exc\u00e8s. On vous explique tout cela dans cet article complet.<\/p>\n<p><H2>I] Les bienfaits d&rsquo;une cure de curcuma : tout savoir en 2 minutes<\/H2><\/p>\n<p>Le curcuma est cette \u00e9pice parfum\u00e9e qui vient de l\u2019Asie du Sud-Est et qui est utilis\u00e9e \u00e0 de nombreuses fins. Elle est utile dans l\u2019alimentation et se pr\u00e9pare en guise de rem\u00e8de par la m\u00eame occasion.<\/p>\n<p><img loading=\"lazy\" width=\"1254\" height=\"836\" src=\"https:\/\/www.alexetalex.com\/ca\/wp-content\/uploads\/2019\/06\/Curcuma.jpg\" alt=\"Curcuma - bienfaits - frais, poudre, g\u00e9lule\" class=\"alignnone size-full wp-image-10586\" srcset=\"https:\/\/www.alexetalex.com\/ca\/wp-content\/uploads\/2019\/06\/Curcuma.jpg 1254w, https:\/\/www.alexetalex.com\/ca\/wp-content\/uploads\/2019\/06\/Curcuma-600x400.jpg 600w, https:\/\/www.alexetalex.com\/ca\/wp-content\/uploads\/2019\/06\/Curcuma-250x167.jpg 250w, https:\/\/www.alexetalex.com\/ca\/wp-content\/uploads\/2019\/06\/Curcuma-768x512.jpg 768w, https:\/\/www.alexetalex.com\/ca\/wp-content\/uploads\/2019\/06\/Curcuma-700x467.jpg 700w, https:\/\/www.alexetalex.com\/ca\/wp-content\/uploads\/2019\/06\/Curcuma-120x80.jpg 120w, https:\/\/www.alexetalex.com\/ca\/wp-content\/uploads\/2019\/06\/Curcuma-320x213.jpg 320w, https:\/\/www.alexetalex.com\/ca\/wp-content\/uploads\/2019\/06\/Curcuma-272x182.jpg 272w\" sizes=\"(max-width: 1254px) 100vw, 1254px\" \/><\/p>\n<p><H3>Compl\u00e9ment alimentaire de curcuma : de puissants effets<\/H3><\/p>\n<p>Le curcuma est \u00e0 la base de nombreux compl\u00e9ments alimentaires. Ces derniers sont appr\u00e9ci\u00e9s du fait de leur pouvoir antioxydants qui leur viennent des curcuminoides. <\/p>\n<p>Il faut savoir que la dose de curcuminoide en question varie en fonction des maux \u00e0 soigner. C\u2019est pour cela qu\u2019il importe de consulter un m\u00e9decin avant de d\u00e9buter un traitement \u00e0 base de curcuma. Le compl\u00e9ment alimentaire en question se consomme pendant les repas car cela facilite son absorption. A  noter que les patients souffrant d\u2019obstruction des voies biliaires ne devraient pas prendre de curcuma.<\/p>\n<p><H3>Curcuma : dosage et posologie sans risque contre les troubles digestifs<\/H3><\/p>\n<p>Nous avons r\u00e9dig\u00e9 un article complet sur les <a href=\"https:\/\/www.alexetalex.com\/ca\/dossiers-fruites\/fruit-et-nutrition\/curcuma-dangers\/\" rel=\"noopener\" target=\"_blank\">dangers du curcuma<\/a>, et les possibles effets secondaires associ\u00e9s, dans un article complet. Mais vous en trouverez ci-dessous une synth\u00e8se. N&rsquo;h\u00e9sitez pas \u00e0 consulter l&rsquo;article complet pour davantage de pr\u00e9cisions.<\/p>\n<p>Si les sujets souffrent de probl\u00e8mes digestifs, ils pourront se voir prescrire :<\/p>\n<p><strong>&#8211; Du rhizome en poudre ou s\u00e9ch\u00e9 <\/strong><\/p>\n<p><\/p>\n<p>La dose \u00e0 prendre est de 1,5 g \u00e0 3 g, soit, l\u2019\u00e9quivalent d\u2019une demi-cuill\u00e8re \u00e0 une cuill\u00e8re \u00e0 th\u00e9. Cette posologie est quotidienne et apporte jusqu\u2019\u00e0 200mg de curcuminoides. <\/p>\n<p><strong>&#8211; L\u2019infusion <\/strong><\/p>\n<p><\/p>\n<p>Il est pr\u00e9conis\u00e9 d\u2019infuser 1,5 g de poudre de rhizome dans une tasse de 150ml d\u2019eau fr\u00e9missante. Le tout est \u00e0 laisser reposer pendant un quart d\u2019heure. Un patient peut boire 2 tasses par jour. <\/p>\n<p><strong>&#8211; Extrait fluide <\/strong> <\/p>\n<p><\/p>\n<p>Ici, il est conseill\u00e9 de prendre 1,5 ml \u00e0 3ml de cet extrait tous les jours.<\/p>\n<p><strong>&#8211; Teinture <\/strong><\/p>\n<p><\/p>\n<p>La dose est de 10ml par jour<\/p>\n<p><H3>Curcuma : dosage et posologie sans risque en cas d&rsquo;inflammation<\/H3><\/p>\n<p>En cas d\u2019inflammation, un patient peut prendre 200 mg \u00e0 400 mg de curcuminoides. Cette dose se prend 3fois par jour. Il faut prendre des extraits normalis\u00e9s de curcuminoides et non du curcuma \u00e0 l\u2019\u00e9tat pur car le patient peut \u00eatre victime de surdose.<\/p>\n<p>Par ailleurs, les chercheurs conseillent de prendre des extraits qui sont riches en pip\u00e9rine ou en brom\u00e9line \u00e9tant donn\u00e9 que ce sont l\u00e0 des substances permettant de mieux absorber la curcumine. Il est mieux de prendre le curcuma lors des repas \u00e9tant donn\u00e9 que le gras facilite aussi l\u2019absorption de cette \u00e9pice. <\/p>\n<p><H3>Curcuma : o\u00f9 en acheter de tr\u00e8s bonne qualit\u00e9 ?<\/H3><\/p>\n<p>Le curcuma est un produit dont l&rsquo;usage en cuisine s&rsquo;est largement d\u00e9mocratis\u00e9, il est possible d\u2019en trouver dans n&rsquo;importe quel supermarch\u00e9. Mais le curcuma de bonne qualit\u00e9 n\u2019est pas si facile que cela \u00e0 d\u00e9nicher. La provenance du produit et les proc\u00e9d\u00e9s de fabrication ne sont pas forc\u00e9ment indiqu\u00e9s et pourtant, ce sont des informations qui permettent de juger de la qualit\u00e9 du curcuma. <\/p>\n<p>Si vous habitez dans une \u00ab\u00a0grande ville\u00a0\u00bb, vous pourrez facilement trouver du curcuma d&rsquo;excellente qualit\u00e9 dans le quartier indien. A Paris par exemple : dans le 10\u00e8me arrondissement, rue du Faubourg Saint Denis. <\/p>\n<p>Alternativement, vous pouvez aussi commander ce type de produits en ligne, dans des boutiques sp\u00e9cialis\u00e9es de qualit\u00e9. Si cela peut vous aider, nous avons identifi\u00e9 un excellent vendeur sur le web, tr\u00e8s professionnel, et qui dispose de produits d&rsquo;excellente qualit\u00e9. <\/p>\n<p>Le site en question s&rsquo;appelle DYNVEO. Alors s&rsquo;il ne commercialise pas de curcuma en poudre, vous y trouverez n\u00e9anmoins de la curcumine, c&rsquo;est \u00e0 dire la principale mol\u00e9cule naturelle active issue du curcuma.<\/p>\n<p><a href=\"https:\/\/www.dynveo.fr\/curcumine-optimisee.html?search_query=curcuma&#038;results=1\" rel=\"noopener\" target=\"_blank\"><img loading=\"lazy\" width=\"1332\" height=\"500\" src=\"https:\/\/www.alexetalex.com\/ca\/wp-content\/uploads\/2019\/06\/Image1-2.jpg\" alt=\"Image1\" class=\"alignnone size-full wp-image-10591\" srcset=\"https:\/\/www.alexetalex.com\/ca\/wp-content\/uploads\/2019\/06\/Image1-2.jpg 1332w, https:\/\/www.alexetalex.com\/ca\/wp-content\/uploads\/2019\/06\/Image1-2-600x225.jpg 600w, https:\/\/www.alexetalex.com\/ca\/wp-content\/uploads\/2019\/06\/Image1-2-250x94.jpg 250w, https:\/\/www.alexetalex.com\/ca\/wp-content\/uploads\/2019\/06\/Image1-2-768x288.jpg 768w, https:\/\/www.alexetalex.com\/ca\/wp-content\/uploads\/2019\/06\/Image1-2-700x263.jpg 700w, https:\/\/www.alexetalex.com\/ca\/wp-content\/uploads\/2019\/06\/Image1-2-120x45.jpg 120w, https:\/\/www.alexetalex.com\/ca\/wp-content\/uploads\/2019\/06\/Image1-2-320x120.jpg 320w\" sizes=\"(max-width: 1332px) 100vw, 1332px\" \/><\/a><\/p>\n<p>L&rsquo;int\u00e9r\u00eat d&rsquo;utiliser un extrait de curcumine plut\u00f4t que le curcuma r\u00e9side tout simplement dans la concentration en principe actif, et dans la biodisponibilit\u00e9 (c&rsquo;est \u00e0 dire la capacit\u00e9 de notre organisme \u00e0 l&rsquo;assimiler). <\/p>\n<p>Nous avons test\u00e9 plusieurs produits \u00e0 base d&rsquo;extrait naturel de curcumine, mais vous conseillons celui de DYNVEO, car il contient ce que l&rsquo;on appelle de la curcumine libre, c&rsquo;est \u00e0 dire que la mol\u00e9cule active est tr\u00e8s facilement assimilable par l&rsquo;organisme.<\/p>\n<p><H2>II] Autres propri\u00e9t\u00e9s, bienfaits et all\u00e9gations sant\u00e9 du curcuma<\/H2><\/p>\n<p>Le curcuma est une \u00e9pice qui accompagne volontiers les mets culinaires et m\u00eame les p\u00e2tisseries. Il est aussi bon pour la sant\u00e9 \u00e9tant donn\u00e9 qu\u2019il permet d\u2019apaiser les maux caus\u00e9s par les inflammations. Il a encore d\u2019autres atouts jusque-l\u00e0 insoup\u00e7onn\u00e9s.<\/p>\n<p><H3>Curcuma : ses vertus anti-cancer<\/H3><\/p>\n<p>Des donn\u00e9es \u00e9pid\u00e9miologiques ont montr\u00e9 que les pays asiatiques \u00e9taient moins touch\u00e9s par les cancers de la prostate, du c\u00f4lon ou du poumon. Cela s\u2019explique par le fait que la population de ces pays appr\u00e9cie la consommation du curcuma. D\u2019autres \u00e9tudes men\u00e9es sur les animaux ont aussi \u00e9tabli la capacit\u00e9 du curcuma \u00e0 pr\u00e9venir le cancer du sein ou celui de la peau. Il pr\u00e9vient \u00e9galement la leuc\u00e9mie et les cancers du foie. <\/p>\n<p>Des investigations men\u00e9es en clinique sugg\u00e8rent m\u00eame que le curcuma a le pouvoir de r\u00e9duire les risques de cancer chez les personnes qui fument. Les l\u00e9sions annon\u00e7ant le cancer semblent r\u00e9gresser lorsque les patients prennent 1 g \u00e0 8 g de curcuma par jour. La cure dure environ 3 mois. <\/p>\n<p><H3>Curcuma : ses vertus contre les d\u00e9r\u00e8glements de la thyro\u00efde<\/H3><\/p>\n<p>Les probl\u00e8mes de thyro\u00efde sont soit l\u2019hypothyro\u00efdie ou l\u2019hyperthyro\u00efdie. Dans le premier cas, le sujet peut voir ralentir son m\u00e9tabolisme et prendre du poids. Dans le second cas, les effets contraires se produisent. Pour \u00e9viter les cons\u00e9quences f\u00e2cheuses de ces maladies, il est conseill\u00e9 de consommer du th\u00e9 au curcuma. Cette boisson miraculeuse peut en effet stabiliser la thyro\u00efde. <\/p>\n<p><H3>Curcuma : ses bienfaits pour la peau et contre l\u2019acn\u00e9<\/H3><\/p>\n<p>Le curcuma est un ingr\u00e9dient qui prot\u00e8ge la peau et qui a des vertus anti-oxydantes excellentes qui permettent de soigner l\u2019\u00e9piderme. Il ne faut pas oublier que l\u2019oxydation cellulaire est une des causes du vieillissement de la peau. Cela est accentu\u00e9 par une alimentation d\u00e9s\u00e9quilibr\u00e9e ou encore la pollution. <\/p>\n<p>D\u2019un autre c\u00f4t\u00e9, il est possible de recourir aux bienfaits du curcuma pour lutter contre les acn\u00e9s l\u00e9gers et mod\u00e9r\u00e9s. Cela est rendu possible gr\u00e2ce \u00e0 ses vertus anti-inflammatoires et antibact\u00e9riennes. <\/p>\n<p><H3>Curcuma : ses bienfaits pour le foie et la digestion<\/H3><\/p>\n<p>Le curcuma est aussi r\u00e9put\u00e9 pour ses facult\u00e9s \u00e0 stimuler l\u2019appareil digestif. Il soulage les probl\u00e8mes de dyspepsie et traite les maux caus\u00e9s par les ulc\u00e8res gastroduod\u00e9naux. <\/p>\n<p>Pour lutter contre les troubles digestifs, il est conseill\u00e9 de faire bouillir 150ml d\u2019eau et d\u2019y mettre 1,5 g ou 1 g de poudre de curcuma. Le tout se laisse infuser pendant 10 minutes. Le patient peut prendre 2 tasses de cette boisson par jour. Sinon, il peut aussi avaler jusqu\u2019\u00e0 3 g de poudre de rhizome s\u00e9ch\u00e9.<\/p>\n<p><H3>Blanchir ses dents avec du curcuma<\/H3><\/p>\n<p>Le curcuma a aussi le pouvoir de donner un sourire \u00e9clatant. Pour cela, il suffit de prendre \u00bc de cuill\u00e8re \u00e0 caf\u00e9 de curcuma. Il ne reste qu\u2019\u00e0 d\u00e9poser cette portion sur la brosse \u00e0 dents et \u00e0 se brosser les dents avec.<\/p>\n<p>Le brossage dure 3 minutes et il suffit de se rincer la bouche par la suite. Dans le cas o\u00f9 les dents gardent la couleur orang\u00e9e du curcuma, il n\u2019y a qu\u2019\u00e0 se brosser les dents avec le dentifrice usuel. Cette technique peut \u00eatre utilis\u00e9e tous les jours mais la pratiquer pendant une semaine dans le mois suffit largement. <\/p>\n<p><H3>Curcuma en poudre pour les cheveux<\/H3><\/p>\n<p>Le curcuma a le pouvoir de purifier les cheveux pour les d\u00e9barrasser des pellicules ou encore de l\u2019ecz\u00e9ma. <\/p>\n<p>Par ailleurs, c\u2019est une \u00e9pice qui stimule la pousse des cheveux et qui ralentit leur chute. Il active la circulation sanguine du cheveu. Contre l\u2019alop\u00e9cie, il est conseill\u00e9 de pr\u00e9parer un masque capillaire \u00e0 base de curcuma. Le curcuma est aussi l\u2019ingr\u00e9dient qui donne aux cheveux leur reflet lumineux. Aussi, ils passent de blancs \u00e0 ch\u00e2tains. <\/p>\n<p><H3>Le Curcuma : un rem\u00e8de contre l&rsquo;arthrose et pour vos articulations<\/H3><\/p>\n<p>Pour les douleurs articulaires telles que l\u2019arthrose, le curcuma est un rem\u00e8de qui a des propri\u00e9t\u00e9s anti-oxydantes redoutables. D\u2019ailleurs, la curcumine qui est le principe actif de cette \u00e9pice est utilis\u00e9 pour sa capacit\u00e9 \u00e0 apaiser les inflammations et \u00e0 prot\u00e9ger le cartilage articulaire. C\u2019est alors une solution id\u00e9ale pour les affections li\u00e9es au rhumatisme. <\/p>\n<p><H2>III] Comment associer le curcuma en cuisine pour b\u00e9n\u00e9ficier de ces bienfaits<\/H2><br \/>\nLe curcuma peut \u00eatre associ\u00e9 \u00e0 d\u2019autres \u00e9pices pour des m\u00e9langes apportant leurs lots de bienfaits \u00e0 l\u2019organisme.<\/p>\n<p><H3>Association curcuma et poivre<\/H3><\/p>\n<p>Il faut savoir que le poivre est l\u2019\u00e9pice qui favorise l\u2019action du curcuma. Effectivement, la curcumine qui compose le curcuma est rapidement assimil\u00e9e par l\u2019organisme lorsqu\u2019elle est en association avec de la pip\u00e9rine qui elle, vient du poivre. <\/p>\n<p><H3>Curcuma et gingembre : deux plantes de la m\u00eame famille \u00e0 associer<\/H3><\/p>\n<p>Ce sont l\u00e0 deux \u00e9pices \u00e0 associer pour leurs saveurs subtiles et les nombreux avantages qui d\u00e9coulent de leur m\u00e9lange. Ce sont en effet des antioxydants qui optimisent la digestion et boostent le syst\u00e8me immunitaire. Ces deux aliments sont connus pour leurs capacit\u00e9s \u00e0 lutter contre le cancer.<\/p>\n<p><img loading=\"lazy\" width=\"500\" height=\"255\" src=\"https:\/\/www.alexetalex.com\/ca\/wp-content\/uploads\/2019\/06\/curcuma-gingembre.jpg\" alt=\"curcuma-gingembre&#039;\" class=\"alignnone size-full wp-image-10638\" srcset=\"https:\/\/www.alexetalex.com\/ca\/wp-content\/uploads\/2019\/06\/curcuma-gingembre.jpg 500w, https:\/\/www.alexetalex.com\/ca\/wp-content\/uploads\/2019\/06\/curcuma-gingembre-250x128.jpg 250w, https:\/\/www.alexetalex.com\/ca\/wp-content\/uploads\/2019\/06\/curcuma-gingembre-120x61.jpg 120w, https:\/\/www.alexetalex.com\/ca\/wp-content\/uploads\/2019\/06\/curcuma-gingembre-320x163.jpg 320w\" sizes=\"(max-width: 500px) 100vw, 500px\" \/><\/p>\n<p><i>Ci-dessus, des racines de curcuma (\u00e0 droite), et des racines de gingembre (\u00e0 gauche). Les racines de curcuma sont g\u00e9n\u00e9ralement plus orang\u00e9es, et plus petites que les racines de gingembre.<\/i><\/p>\n<p><H3>Curcuma et citron : le duo pour faciliter la digestion<\/H3><\/p>\n<p>Il est pr\u00e9conis\u00e9 de pr\u00e9parer une infusion contenant du curcuma et le jus d\u2019un citron pour acc\u00e9l\u00e9rer la digestion. Cela permet aussi de lutter contre la graisse abdominale et de combattre efficacement les probl\u00e8mes de surpoids. En prenant r\u00e9guli\u00e8rement ce m\u00e9lange, il est possible d\u2019anticiper les effets n\u00e9fastes qui peuvent \u00eatre caus\u00e9s par l\u2019ob\u00e9sit\u00e9.<\/p>\n<p><H3>Curcuma et cumin : bien les associer en cuisine<\/H3><\/p>\n<p>Le Cumin et le curcuma font \u00e9galement bon m\u00e9nage. Ils peuvent s\u2019associer pour une infusion amincissante et de nombreuses personnes les mixent ensemble pour profiter de leurs vertus.<\/p>\n<p>Sur le m\u00eame sujet, et pour poursuivre votre lecture, voici une s\u00e9lection d&rsquo;articles qui pourraient vous int\u00e9resser :<br \/>\n<br \/>&#8211; <a href=\"https:\/\/www.alexetalex.com\/ca\/dossiers-fruites\/fruit-et-nutrition\/curcuma-dangers\/\">Curcuma : dangers et effets ind\u00e9sirables<\/a><br \/>\n<br \/>&#8211; <a href=\"https:\/\/www.alexetalex.com\/ca\/dossiers-fruites\/fruit-et-nutrition\/curcuma-guide-complet\/\" rel=\"noopener\" target=\"_blank\">Curcuma : le guide complet de cette \u00e9pice aux multiples vertus<\/a><\/p>\n","protected":false},"excerpt":{"rendered":"<p>Curcuma : bienfaits, propri\u00e9t\u00e9s, posologie, et vertus Pour une sant\u00e9 de fer, le curcuma est votre meilleur alli\u00e9 ! Car oui, cette \u00e9pice venue d&rsquo;Asie poss\u00e8de de nombreuses vertus, et peut s&rsquo;utiliser au quotidien, dans l&rsquo;alimentation, comme dans la m\u00e9decine douce. Mais pour profiter de toutes ces propri\u00e9t\u00e9s, encore faut-il conna\u00eetre la posologie adapt\u00e9e, et [&hellip;]<\/p>\n","protected":false},"author":4,"featured_media":10586,"parent":8698,"menu_order":0,"comment_status":"closed","ping_status":"closed","template":"template-single-dossiers-fruites.php","meta":{"_et_pb_use_builder":"","_et_pb_old_content":"","_et_gb_content_width":""},"acf":[],"yoast_head":"<!-- This site is optimized with the Yoast SEO plugin v17.6 - https:\/\/yoast.com\/wordpress\/plugins\/seo\/ -->\n<title>Le curcuma et ses bienfaits : bien le choisir pour en b\u00e9n\u00e9ficier<\/title>\n<meta name=\"description\" content=\"Vous pensez tout savoir sur le curcuma ? Mais savez-vous comment aider votre organisme \u00e0 mieux l&#039;assimiler? Qu&#039;en est-il vraiment de ses vertus anti-cancer?\" \/>\n<meta name=\"robots\" content=\"index, follow, max-snippet:-1, max-image-preview:large, max-video-preview:-1\" \/>\n<link rel=\"canonical\" href=\"https:\/\/www.alexetalex.com\/ca\/dossiers-fruites\/fruit-et-nutrition\/curcuma-bienfaits\/\" \/>\n<meta property=\"og:locale\" content=\"fr_FR\" \/>\n<meta property=\"og:type\" content=\"article\" \/>\n<meta property=\"og:title\" content=\"Le curcuma et ses bienfaits : bien le choisir pour en b\u00e9n\u00e9ficier\" \/>\n<meta property=\"og:description\" content=\"Vous pensez tout savoir sur le curcuma ? Mais savez-vous comment aider votre organisme \u00e0 mieux l&#039;assimiler? Qu&#039;en est-il vraiment de ses vertus anti-cancer?\" \/>\n<meta property=\"og:url\" content=\"https:\/\/www.alexetalex.com\/ca\/dossiers-fruites\/fruit-et-nutrition\/curcuma-bienfaits\/\" \/>\n<meta property=\"article:modified_time\" content=\"2019-06-20T09:43:48+00:00\" \/>\n<meta property=\"og:image\" content=\"https:\/\/www.alexetalex.com\/ca\/wp-content\/uploads\/2019\/06\/Curcuma.jpg\" \/>\n\t<meta property=\"og:image:width\" content=\"1254\" \/>\n\t<meta property=\"og:image:height\" content=\"836\" \/>\n<meta name=\"twitter:label1\" content=\"Dur\u00e9e de lecture estim\u00e9e\" \/>\n\t<meta name=\"twitter:data1\" content=\"9 minutes\" \/>\n<script type=\"application\/ld+json\" class=\"yoast-schema-graph\">{\"@context\":\"https:\/\/schema.org\",\"@graph\":[{\"@type\":\"Organization\",\"@id\":\"https:\/\/www.alexetalex.com\/ca\/#organization\",\"name\":\"Alex & Alex\",\"url\":\"https:\/\/www.alexetalex.com\/ca\/\",\"sameAs\":[],\"logo\":{\"@type\":\"ImageObject\",\"@id\":\"https:\/\/www.alexetalex.com\/ca\/#logo\",\"inLanguage\":\"fr-FR\",\"url\":\"https:\/\/www.alexetalex.com\/ca\/wp-content\/uploads\/2020\/04\/alexalex-1.png\",\"contentUrl\":\"https:\/\/www.alexetalex.com\/ca\/wp-content\/uploads\/2020\/04\/alexalex-1.png\",\"width\":51,\"height\":50,\"caption\":\"Alex & Alex\"},\"image\":{\"@id\":\"https:\/\/www.alexetalex.com\/ca\/#logo\"}},{\"@type\":\"WebSite\",\"@id\":\"https:\/\/www.alexetalex.com\/ca\/#website\",\"url\":\"https:\/\/www.alexetalex.com\/ca\/\",\"name\":\"\",\"description\":\"\",\"publisher\":{\"@id\":\"https:\/\/www.alexetalex.com\/ca\/#organization\"},\"potentialAction\":[{\"@type\":\"SearchAction\",\"target\":{\"@type\":\"EntryPoint\",\"urlTemplate\":\"https:\/\/www.alexetalex.com\/ca\/?s={search_term_string}\"},\"query-input\":\"required name=search_term_string\"}],\"inLanguage\":\"fr-FR\"},{\"@type\":\"ImageObject\",\"@id\":\"https:\/\/www.alexetalex.com\/ca\/dossiers-fruites\/fruit-et-nutrition\/curcuma-bienfaits\/#primaryimage\",\"inLanguage\":\"fr-FR\",\"url\":\"https:\/\/www.alexetalex.com\/ca\/wp-content\/uploads\/2019\/06\/Curcuma.jpg\",\"contentUrl\":\"https:\/\/www.alexetalex.com\/ca\/wp-content\/uploads\/2019\/06\/Curcuma.jpg\",\"width\":1254,\"height\":836,\"caption\":\"Turmeric powder, turmeric capsule and turmeric on wooden background\"},{\"@type\":\"WebPage\",\"@id\":\"https:\/\/www.alexetalex.com\/ca\/dossiers-fruites\/fruit-et-nutrition\/curcuma-bienfaits\/#webpage\",\"url\":\"https:\/\/www.alexetalex.com\/ca\/dossiers-fruites\/fruit-et-nutrition\/curcuma-bienfaits\/\",\"name\":\"Le curcuma et ses bienfaits : bien le choisir pour en b\\u00e9n\\u00e9ficier\",\"isPartOf\":{\"@id\":\"https:\/\/www.alexetalex.com\/ca\/#website\"},\"primaryImageOfPage\":{\"@id\":\"https:\/\/www.alexetalex.com\/ca\/dossiers-fruites\/fruit-et-nutrition\/curcuma-bienfaits\/#primaryimage\"},\"datePublished\":\"2019-06-20T09:35:16+00:00\",\"dateModified\":\"2019-06-20T09:43:48+00:00\",\"description\":\"Vous pensez tout savoir sur le curcuma ? Mais savez-vous comment aider votre organisme \\u00e0 mieux l'assimiler? Qu'en est-il vraiment de ses vertus anti-cancer?\",\"breadcrumb\":{\"@id\":\"https:\/\/www.alexetalex.com\/ca\/dossiers-fruites\/fruit-et-nutrition\/curcuma-bienfaits\/#breadcrumb\"},\"inLanguage\":\"fr-FR\",\"potentialAction\":[{\"@type\":\"ReadAction\",\"target\":[\"https:\/\/www.alexetalex.com\/ca\/dossiers-fruites\/fruit-et-nutrition\/curcuma-bienfaits\/\"]}]},{\"@type\":\"BreadcrumbList\",\"@id\":\"https:\/\/www.alexetalex.com\/ca\/dossiers-fruites\/fruit-et-nutrition\/curcuma-bienfaits\/#breadcrumb\",\"itemListElement\":[{\"@type\":\"ListItem\",\"position\":1,\"name\":\"Magazine\",\"item\":\"https:\/\/www.alexetalex.com\/ca\/dossiers-fruites\/\"},{\"@type\":\"ListItem\",\"position\":2,\"name\":\"Nutrition\",\"item\":\"https:\/\/www.alexetalex.com\/ca\/dossiers-fruites\/fruit-et-nutrition\/\"},{\"@type\":\"ListItem\",\"position\":3,\"name\":\"Dossier\"}]}]}<\/script>\n<!-- \/ Yoast SEO plugin. -->","yoast_head_json":{"title":"Le curcuma et ses bienfaits : bien le choisir pour en b\u00e9n\u00e9ficier","description":"Vous pensez tout savoir sur le curcuma ? Mais savez-vous comment aider votre organisme \u00e0 mieux l'assimiler? Qu'en est-il vraiment de ses vertus anti-cancer?","robots":{"index":"index","follow":"follow","max-snippet":"max-snippet:-1","max-image-preview":"max-image-preview:large","max-video-preview":"max-video-preview:-1"},"canonical":"https:\/\/www.alexetalex.com\/ca\/dossiers-fruites\/fruit-et-nutrition\/curcuma-bienfaits\/","og_locale":"fr_FR","og_type":"article","og_title":"Le curcuma et ses bienfaits : bien le choisir pour en b\u00e9n\u00e9ficier","og_description":"Vous pensez tout savoir sur le curcuma ? Mais savez-vous comment aider votre organisme \u00e0 mieux l'assimiler? Qu'en est-il vraiment de ses vertus anti-cancer?","og_url":"https:\/\/www.alexetalex.com\/ca\/dossiers-fruites\/fruit-et-nutrition\/curcuma-bienfaits\/","article_modified_time":"2019-06-20T09:43:48+00:00","og_image":[{"width":1254,"height":836,"url":"https:\/\/www.alexetalex.com\/ca\/wp-content\/uploads\/2019\/06\/Curcuma.jpg","type":"image\/jpeg"}],"twitter_misc":{"Dur\u00e9e de lecture estim\u00e9e":"9 minutes"},"schema":{"@context":"https:\/\/schema.org","@graph":[{"@type":"Organization","@id":"https:\/\/www.alexetalex.com\/ca\/#organization","name":"Alex & Alex","url":"https:\/\/www.alexetalex.com\/ca\/","sameAs":[],"logo":{"@type":"ImageObject","@id":"https:\/\/www.alexetalex.com\/ca\/#logo","inLanguage":"fr-FR","url":"https:\/\/www.alexetalex.com\/ca\/wp-content\/uploads\/2020\/04\/alexalex-1.png","contentUrl":"https:\/\/www.alexetalex.com\/ca\/wp-content\/uploads\/2020\/04\/alexalex-1.png","width":51,"height":50,"caption":"Alex & Alex"},"image":{"@id":"https:\/\/www.alexetalex.com\/ca\/#logo"}},{"@type":"WebSite","@id":"https:\/\/www.alexetalex.com\/ca\/#website","url":"https:\/\/www.alexetalex.com\/ca\/","name":"","description":"","publisher":{"@id":"https:\/\/www.alexetalex.com\/ca\/#organization"},"potentialAction":[{"@type":"SearchAction","target":{"@type":"EntryPoint","urlTemplate":"https:\/\/www.alexetalex.com\/ca\/?s={search_term_string}"},"query-input":"required name=search_term_string"}],"inLanguage":"fr-FR"},{"@type":"ImageObject","@id":"https:\/\/www.alexetalex.com\/ca\/dossiers-fruites\/fruit-et-nutrition\/curcuma-bienfaits\/#primaryimage","inLanguage":"fr-FR","url":"https:\/\/www.alexetalex.com\/ca\/wp-content\/uploads\/2019\/06\/Curcuma.jpg","contentUrl":"https:\/\/www.alexetalex.com\/ca\/wp-content\/uploads\/2019\/06\/Curcuma.jpg","width":1254,"height":836,"caption":"Turmeric powder, turmeric capsule and turmeric on wooden background"},{"@type":"WebPage","@id":"https:\/\/www.alexetalex.com\/ca\/dossiers-fruites\/fruit-et-nutrition\/curcuma-bienfaits\/#webpage","url":"https:\/\/www.alexetalex.com\/ca\/dossiers-fruites\/fruit-et-nutrition\/curcuma-bienfaits\/","name":"Le curcuma et ses bienfaits : bien le choisir pour en b\u00e9n\u00e9ficier","isPartOf":{"@id":"https:\/\/www.alexetalex.com\/ca\/#website"},"primaryImageOfPage":{"@id":"https:\/\/www.alexetalex.com\/ca\/dossiers-fruites\/fruit-et-nutrition\/curcuma-bienfaits\/#primaryimage"},"datePublished":"2019-06-20T09:35:16+00:00","dateModified":"2019-06-20T09:43:48+00:00","description":"Vous pensez tout savoir sur le curcuma ? Mais savez-vous comment aider votre organisme \u00e0 mieux l'assimiler? Qu'en est-il vraiment de ses vertus anti-cancer?","breadcrumb":{"@id":"https:\/\/www.alexetalex.com\/ca\/dossiers-fruites\/fruit-et-nutrition\/curcuma-bienfaits\/#breadcrumb"},"inLanguage":"fr-FR","potentialAction":[{"@type":"ReadAction","target":["https:\/\/www.alexetalex.com\/ca\/dossiers-fruites\/fruit-et-nutrition\/curcuma-bienfaits\/"]}]},{"@type":"BreadcrumbList","@id":"https:\/\/www.alexetalex.com\/ca\/dossiers-fruites\/fruit-et-nutrition\/curcuma-bienfaits\/#breadcrumb","itemListElement":[{"@type":"ListItem","position":1,"name":"Magazine","item":"https:\/\/www.alexetalex.com\/ca\/dossiers-fruites\/"},{"@type":"ListItem","position":2,"name":"Nutrition","item":"https:\/\/www.alexetalex.com\/ca\/dossiers-fruites\/fruit-et-nutrition\/"},{"@type":"ListItem","position":3,"name":"Dossier"}]}]}},"_links":{"self":[{"href":"https:\/\/www.alexetalex.com\/ca\/wp-json\/wp\/v2\/pages\/10501"}],"collection":[{"href":"https:\/\/www.alexetalex.com\/ca\/wp-json\/wp\/v2\/pages"}],"about":[{"href":"https:\/\/www.alexetalex.com\/ca\/wp-json\/wp\/v2\/types\/page"}],"author":[{"embeddable":true,"href":"https:\/\/www.alexetalex.com\/ca\/wp-json\/wp\/v2\/users\/4"}],"replies":[{"embeddable":true,"href":"https:\/\/www.alexetalex.com\/ca\/wp-json\/wp\/v2\/comments?post=10501"}],"version-history":[{"count":0,"href":"https:\/\/www.alexetalex.com\/ca\/wp-json\/wp\/v2\/pages\/10501\/revisions"}],"up":[{"embeddable":true,"href":"https:\/\/www.alexetalex.com\/ca\/wp-json\/wp\/v2\/pages\/8698"}],"wp:featuredmedia":[{"embeddable":true,"href":"https:\/\/www.alexetalex.com\/ca\/wp-json\/wp\/v2\/media\/10586"}],"wp:attachment":[{"href":"https:\/\/www.alexetalex.com\/ca\/wp-json\/wp\/v2\/media?parent=10501"}],"curies":[{"name":"wp","href":"https:\/\/api.w.org\/{rel}","templated":true}]}}