{"id":10658,"date":"2019-06-23T08:20:45","date_gmt":"2019-06-23T07:20:45","guid":{"rendered":"https:\/\/www.alexetalex.com\/ca\/?page_id=10658"},"modified":"2019-11-08T15:33:11","modified_gmt":"2019-11-08T14:33:11","slug":"yuzu","status":"publish","type":"page","link":"https:\/\/www.alexetalex.com\/ca\/dossiers-fruites\/route-des-fruits\/yuzu\/","title":{"rendered":"Yuzu (fruit) : guide complet"},"content":{"rendered":"<p><H1>Yuzu : guide complet sur ce fruit d&rsquo;exception<\/H1><br \/>\nOriginaire de Chine, le <strong>yuzu<\/strong> est pr\u00e9sent au Japon depuis plus de 1000 ans o\u00f9 il est devenu un arbre tr\u00e8s populaire. Cultiv\u00e9 pour son parfum d&rsquo;exception, le yuzu accompagne de nombreux plats de la cuisine nippone.<\/p>\n<p><img loading=\"lazy\" width=\"848\" height=\"565\" src=\"https:\/\/www.alexetalex.com\/ca\/wp-content\/uploads\/2019\/06\/82061795_s.jpg\" alt=\"agrumes yuzus murs\" class=\"alignnone size-full wp-image-11688\" srcset=\"https:\/\/www.alexetalex.com\/ca\/wp-content\/uploads\/2019\/06\/82061795_s.jpg 848w, https:\/\/www.alexetalex.com\/ca\/wp-content\/uploads\/2019\/06\/82061795_s-600x400.jpg 600w, https:\/\/www.alexetalex.com\/ca\/wp-content\/uploads\/2019\/06\/82061795_s-250x167.jpg 250w, https:\/\/www.alexetalex.com\/ca\/wp-content\/uploads\/2019\/06\/82061795_s-768x512.jpg 768w, https:\/\/www.alexetalex.com\/ca\/wp-content\/uploads\/2019\/06\/82061795_s-700x466.jpg 700w, https:\/\/www.alexetalex.com\/ca\/wp-content\/uploads\/2019\/06\/82061795_s-120x80.jpg 120w, https:\/\/www.alexetalex.com\/ca\/wp-content\/uploads\/2019\/06\/82061795_s-320x213.jpg 320w, https:\/\/www.alexetalex.com\/ca\/wp-content\/uploads\/2019\/06\/82061795_s-272x182.jpg 272w\" sizes=\"(max-width: 848px) 100vw, 848px\" \/><\/p>\n<p>Encore m\u00e9connu en France, le yuzu s\u00e9duit cependant de plus en plus les grands chefs occidentaux, il reste tout de m\u00eame un fruit rare, voir de luxe.<\/p>\n<p><H2>I] Le yuzu : tout savoir en 2 minutes sur ce fruit m\u00e9connu<\/H2><\/p>\n<p>YUZU, 4 petites lettres pour d\u00e9signer un agrume dont les japonais raffolent.<br \/>\n<br \/>Bien qu&rsquo;originaire de Chine, poussant \u00e0 l&rsquo;\u00e9tat sauvage dans les contreforts de l&rsquo;Himalaya, ce sont les japonais qui donn\u00e8rent ses lettres de noblesse \u00e0 cet agrume au parfum enivrant. <\/p>\n<p><H3>Yuzu : un citron parfum\u00e9<\/H3><\/p>\n<p>Si vous pr\u00e9sentez un yuzu dans la rue, un quidam vous dira qu&rsquo;il y voit un simple citron, un chef p\u00e2tissier vous parlera en revanche de son parfum unique, se mariant \u00e0 merveille avec le chocolat, tandis qu&rsquo;un japonais vous le prendra des mains tellement il en raffole ! <\/p>\n<p>Le yuzu est ainsi, agrume confidentiel d\u00e9cha\u00eenant les passions.<\/p>\n<p>D&rsquo;un point de vue botanique, le yuzu est issu du croisement entre <i>citrus inchangensis<\/i> et <i>citrus reticulata<\/i>, comprenez un citron parfum\u00e9, avec peu de pulpe et sans jus crois\u00e9 avec une mandarine. Ce fruit est rond, avec une l\u00e9g\u00e8re d\u00e9pression au sommet, de la taille d&rsquo;une petite pomme, \u00e0 la peau verte encore jeune, puis devenant jaune fonc\u00e9e \u00e0 maturit\u00e9.<\/p>\n<p>La peau du yuzu est assez \u00e9paisse mais elle se d\u00e9tache bien. A l&rsquo;int\u00e9rieur, on observe une chair jaune, peu juteuse, garnie de nombreux p\u00e9pins.<br \/>\n<br \/>Outre son parfum, le yuzu se caract\u00e9rise par une r\u00e9sistance particuli\u00e8re au froid. Contrairement \u00e0 notre classique <i>citron jaune<\/i> ne supportant pas des temp\u00e9ratures inf\u00e9rieures \u00e0 -5\u00b0C, le yuzu r\u00e9siste quant \u00e0 lui \u00e0 des temp\u00e9ratures de l&rsquo;ordre de -10\u00b0C\/-12\u00b0C.<\/p>\n<p>Introduit au Japon et en Cor\u00e9e durant la dynastie Tang, c\u2019est-\u00e0-dire entre 618-907, il a fallu attendre le XX\u00e8me si\u00e8cle pour que le yuzu soit import\u00e9 en Europe et aux \u00c9tats-Unis.<\/p>\n<p><H3>Yuzu : un fruit au go\u00fbt et au parfum particuli\u00e8rement recherch\u00e9s<\/H3><\/p>\n<p>Le parfum du yuzu se r\u00e9pand maintenant bien au del\u00e0 du Japon.<br \/>\n<br<br \/>Gr\u00e2ce aux \u00e9changes culinaires entre les chefs occidentaux et asiatiques, son parfum a maintenant gagn\u00e9 toutes tables du monde. <\/p>\n<p>Celui-ci est indescriptible, et tr\u00e8s diff\u00e9rent de celui de notre citron jaune. La seule fa\u00e7on de s&rsquo;en faire une v\u00e9ritable id\u00e9e est de sentir le yuzu frais. <\/p>\n<p><img loading=\"lazy\" width=\"848\" height=\"565\" src=\"https:\/\/www.alexetalex.com\/ca\/wp-content\/uploads\/2019\/06\/66308228_s.jpg\" alt=\"yuzu frais sur table en bois\" class=\"alignnone size-full wp-image-11699\" srcset=\"https:\/\/www.alexetalex.com\/ca\/wp-content\/uploads\/2019\/06\/66308228_s.jpg 848w, https:\/\/www.alexetalex.com\/ca\/wp-content\/uploads\/2019\/06\/66308228_s-600x400.jpg 600w, https:\/\/www.alexetalex.com\/ca\/wp-content\/uploads\/2019\/06\/66308228_s-250x167.jpg 250w, https:\/\/www.alexetalex.com\/ca\/wp-content\/uploads\/2019\/06\/66308228_s-768x512.jpg 768w, https:\/\/www.alexetalex.com\/ca\/wp-content\/uploads\/2019\/06\/66308228_s-700x466.jpg 700w, https:\/\/www.alexetalex.com\/ca\/wp-content\/uploads\/2019\/06\/66308228_s-120x80.jpg 120w, https:\/\/www.alexetalex.com\/ca\/wp-content\/uploads\/2019\/06\/66308228_s-320x213.jpg 320w, https:\/\/www.alexetalex.com\/ca\/wp-content\/uploads\/2019\/06\/66308228_s-272x182.jpg 272w\" sizes=\"(max-width: 848px) 100vw, 848px\" \/><\/p>\n<p>Il se marie en tout cas \u00e0 merveille avec de nombreuses pr\u00e9parations culinaires, que ce soient des plats chauds ou froids, sucr\u00e9s ou sal\u00e9s.<br \/>\n<br \/>Il accompagne notamment \u00e0 merveille tous les produits de la mer.<\/p>\n<p>Il \u00e9galement particuli\u00e8rement appr\u00e9ci\u00e9s des p\u00e2tissiers mais aussi des parfumeurs, qui inclut maintenant le yuzu dans leurs assemblages olfactifs.<\/p>\n<p><H3>Prix moyen du Yuzu en France : 30 \u00e0 40\u20ac \/ kg<\/H3><\/p>\n<p>Cultiv\u00e9 quasiment exclusivement au Japon, le yuzu est toujours rare et cher en France.<br \/>\n<br \/>Il est cependant de plus en plus pr\u00e9sent sur les \u00e9tals fran\u00e7ais, aux mois de novembre\/d\u00e9cembre.<\/p>\n<p>Le prix du kilo varie entre 30 \u00e0 40 euros, en fonction de la qualit\u00e9 du fruit. <\/p>\n<p><H2>II] Yuzu : bienfaits nutritionnels et usage au quotidien<\/H2><\/p>\n<p>Le yuzu est un produit extr\u00eamement riche en de nombreux min\u00e9raux et nutriments. D\u2019ailleurs, au Japon, il est consid\u00e9r\u00e9 comme un aliment m\u00e9dicinal et il est utilis\u00e9 aussi bien en cuisine qu\u2019en cosm\u00e9tique. Ce fruit asiatique dispose en effet de plusieurs propri\u00e9t\u00e9s nutritionnelles et th\u00e9rapeutiques. Les limono\u00efdes ainsi que les flavono\u00efdes qu\u2019ils contiennent ont un effet antioxydant sur le corps humain. <\/p>\n<p><H3>Bienfaits du yuzu<\/H3><br \/>\nPour les personnes d\u00e9sirant avoir une belle chevelure, le <i>citrus junos<\/i>, nom latin du Yuzu, est un des fruits \u00e0 absolument inclure dans l\u2019alimentation. Ses composants contribuent en effet \u00e0 stimuler la pousse et \u00e0 renforcer les cheveux. <\/p>\n<p>Ce fortifiant capillaire est \u00e9galement un anti-inflammatoire int\u00e9ressant. Comme il une excellente teneur en vitamine C, il est efficace pour traiter les petits maux de l\u2019hiver comme la toux ou le rhume.<br \/>\n<br \/>La vitamine C est toujours un bon alli\u00e9 pour booster notre syst\u00e8me immunitaire. <\/p>\n<p>Le yuzu peut par ailleurs \u00eatre utilis\u00e9 dans les r\u00e9gimes minceurs, puisqu\u2019il contribue \u00e0 dig\u00e9rer ais\u00e9ment les lipides. S\u2019il ne fait pas perdre du poids proprement dit, ce fruit est capable d\u2019\u00e9liminer les toxines pr\u00e9sentes \u00e0 l\u2019int\u00e9rieur du corps. Sa faible teneur en calorie fait par ailleurs du yuzu un excellent alli\u00e9 pour une alimentation \u00e9quilibr\u00e9e. Il peut en outre \u00eatre inclus ais\u00e9ment dans beaucoup de recettes, sans apporter au corps des calories en trop.<\/p>\n<p>Les fibres qu\u2019ils contiennent font aussi partie des atouts nutritionnels de cet agrume, aidant \u00e0 la r\u00e9gulation et \u00e0 l&rsquo;am\u00e9lioration du transit intestinal.<\/p>\n<p>Enfin, preuve des bienfaits du yuzu pour le corps humain, durant la saison du yuzu, des bains aux yuzus sont traditionnellement pris par les japonnais : des yuzus frais entiers sont plong\u00e9s dans l&rsquo;eau chaude des bains, pour laisser les huiles essentielles s&rsquo;y r\u00e9pandre, et tonifier l&rsquo;organisme de l&rsquo;heureux baigneur.<\/p>\n<p><H3>Yuzu : analyse nutritionnelle<\/H3><\/p>\n<p>Le yuzu est un produit hors pair qui titille les papilles sans faire gagner du poids \u00e0 celui qui le consomme. Dans 100 grammes de ce fruit, on trouve une importante quantit\u00e9 d\u2019eau et d\u2019autres nutriments n\u00e9cessaires \u00e0 l\u2019organisme :<br \/>\n<br \/>&#8211; Eau : 88.9 gr<br \/>\n<br \/>&#8211; Energie : 104.5 kJ<br \/>\n<br \/>&#8211; Vitamine C : 240 mg<br \/>\n<br \/>&#8211; Vitamine A : 91 Ul<br \/>\n<br \/>&#8211; Fibre : 2 gr<br \/>\n<br \/>&#8211; Glucides : 9 gr<br \/>\n<br \/>&#8211; Prot\u00e9ines : 1 gr<\/p>\n<p><H3>Yuzu confit<\/H3><\/p>\n<p>R\u00e9aliser du yuzu confit est une bonne mani\u00e8re de ne rien jeter de ce fruit, \u00e0 part les p\u00e9pins. D\u00e9licieux, le yuzu confit peut \u00eatre utilis\u00e9 dans une multitude de recettes de g\u00e2teaux et de dessert.<\/p>\n<p>Pour ceci, il convient de couper l\u2019\u00e9corce des yuzus en lamelles. Il faut par la suite porter de l\u2019eau \u00e0 \u00e9bullition et faire blanchir les lamelles d\u2019\u00e9corce. Il est important de renouveler cette op\u00e9ration trois fois pour qu\u2019ils perdent leur amertume. <\/p>\n<p><H3>Huile essentielle de Yuzu<\/H3><\/p>\n<p>Comme avec toute huile essentielle, <strong>il est toujours conseill\u00e9 de consulter un th\u00e9rapeute avant toute utilisation<\/strong>.<\/p>\n<p>L\u2019huile essentielle de Yuzu est une huile rare, tr\u00e8s int\u00e9ressante en cosm\u00e9tique et en parfumerie. Elle apporte des notes de fra\u00eecheur et de subtilit\u00e9 \u00e0 la peau. En association avec d\u2019autres huiles essentielles comme les huiles lipolythiques, l\u2019huile essentielle de yuzu contribue \u00e0 adoucir l\u2019aspect de la cellulite. <\/p>\n<p>Elle a \u00e9galement le pouvoir de purifier la peau. Distill\u00e9e, cette huile pr\u00e9cieuse n\u2019est pas du tout photo sensibilisante. Ainsi, elle peut s\u2019incorporer ais\u00e9ment \u00e0 la plupart des produits cosm\u00e9tiques. Elle s\u2019adapte \u00e0 tous les types de peau, mais particuli\u00e8rement efficaces sur les peaux grasses. <\/p>\n<p>L\u2019utilisation de l\u2019huile du yuzu est r\u00e9serv\u00e9e aux adultes et aux enfants de plus de trois ans. Cette huile quasi miraculeuse est \u00e0 utiliser sur une courte p\u00e9riode. Utilis\u00e9e \u00e0 long terme, elle peut irriter la peau. <\/p>\n<p><H3>Jus de Yuzu<\/H3><\/p>\n<p>Comme l\u2019huile essentielle de Yuzu, son jus est \u00e9galement pr\u00e9cieux. Au Japon, on se sert du jus pour assaisonner plats crus et cuits. Les japonais s\u2019en servent \u00e9galement comme condiment. En France, il est encore rare de trouver du yuzu frais, m\u00eame si de plus en plus de magasins proposent son jus. <\/p>\n<p>Certains restaurants japonais proposent des yuzunades, une limonade o\u00f9 le citron a \u00e9t\u00e9 remplac\u00e9 par du yuzu !<\/p>\n<p><H2>III] Le saviez-vous ?<\/H2><\/p>\n<p><H3>Pourquoi le Yuzu est-il aussi cher ?<\/H3><\/p>\n<p>Le yuzu est un produit rare. Et qui dit raret\u00e9 dit prix \u00e9lev\u00e9. <\/p>\n<p>Cette raret\u00e9 vient premi\u00e8rement du fait que la quasi totalit\u00e9 des cultures de yuzus se trouvent au Japon. Sa saison de production est limit\u00e9e au mois de novembre\/d\u00e9cembre, son importation dans d&rsquo;autres pays co\u00fbte cher, et la demande mondiale en yuzu est sup\u00e9rieure \u00e0 l&rsquo;offre disponible.<\/p>\n<p>De plus le yuzu est un agrume un peu capricieux, sa mise \u00e0 fruit est quelque peu al\u00e9atoire, avec une forte tendance \u00e0 la bi-annualit\u00e9, c&rsquo;est \u00e0 dire que dans le meilleur des cas, un l&rsquo;arbre ne produira des fruits qu&rsquo;une ann\u00e9e sur deux.<\/p>\n<p>Enfin, l&rsquo;arbre est tr\u00e8s \u00e9pineux, il poss\u00e8de en effet des \u00e9pines ac\u00e9r\u00e9es de plusieurs centim\u00e8tres de long, ce qui rend la cueillette (exclusivement manuelle) de cet agrume assez p\u00e9rilleuse.<\/p>\n<p>Tous ces diff\u00e9rents facteurs font du yuzu un produit qui se m\u00e9rite, ce qui explique son prix toujours \u00e9lev\u00e9, surtout en France.<\/p>\n<p><H3>Production de yuzu : quelles sont les principales r\u00e9gions actives ?<\/H3><\/p>\n<p>Si le Yuzu est un fruit autochtone de la Chine, il s\u2019est r\u00e9pandue dans de nombreuses autres r\u00e9gions de la plan\u00e8te au fil des si\u00e8cles. <\/p>\n<p>C&rsquo;est cepedant au Japon, principalement dans le sud du pays, que l&rsquo;on retrouve les plus grandes cultures de yuzu. Par exemple, la pr\u00e9fecture de K\u00f6chi est l\u2019une des r\u00e9gions comptant le plus de champs de Yuzu. Certains villages de cette r\u00e9gion comme Umajimura ou Kitagawa sont tr\u00e8s r\u00e9put\u00e9s pour la qualit\u00e9 de leur <i>citron junos<\/i>.  <\/p>\n<p><img loading=\"lazy\" width=\"848\" height=\"565\" src=\"https:\/\/www.alexetalex.com\/ca\/wp-content\/uploads\/2019\/06\/48071936_s.jpg\" alt=\"arbres yuzu en culture au japon\" class=\"alignnone size-full wp-image-11697\" srcset=\"https:\/\/www.alexetalex.com\/ca\/wp-content\/uploads\/2019\/06\/48071936_s.jpg 848w, https:\/\/www.alexetalex.com\/ca\/wp-content\/uploads\/2019\/06\/48071936_s-600x400.jpg 600w, https:\/\/www.alexetalex.com\/ca\/wp-content\/uploads\/2019\/06\/48071936_s-250x167.jpg 250w, https:\/\/www.alexetalex.com\/ca\/wp-content\/uploads\/2019\/06\/48071936_s-768x512.jpg 768w, https:\/\/www.alexetalex.com\/ca\/wp-content\/uploads\/2019\/06\/48071936_s-700x466.jpg 700w, https:\/\/www.alexetalex.com\/ca\/wp-content\/uploads\/2019\/06\/48071936_s-120x80.jpg 120w, https:\/\/www.alexetalex.com\/ca\/wp-content\/uploads\/2019\/06\/48071936_s-320x213.jpg 320w, https:\/\/www.alexetalex.com\/ca\/wp-content\/uploads\/2019\/06\/48071936_s-272x182.jpg 272w\" sizes=\"(max-width: 848px) 100vw, 848px\" \/><\/p>\n<p>En Europe, ils existent une petite production de cet agrume, principalement en Espagne et au Portugal. <\/p>\n<p>On retrouve \u00e9galement de yuzus californiens, le climat temp\u00e9r\u00e9 de la c\u00f4te ouest am\u00e9ricaine \u00e9tant toujours appr\u00e9ci\u00e9 par les agrumes.<\/p>\n<p><H3>Faut-il privil\u00e9gier la culture bio pour les Yuzu ?<\/H3> <\/p>\n<p>Le yuzu est particuli\u00e8rement recherch\u00e9 pour son parfum, pr\u00e9sent dans les huiles essentielles contenue dans l&rsquo;\u00e9corce du fruit. <\/p>\n<p>L&rsquo;\u00e9ventuelle pr\u00e9sence de pesticides ou autre produit chimique \u00e0 la surface de ce fruit serait donc plus que pr\u00e9judiciable pour son utilisation. Ces r\u00e9sidus nocifs seraient alors imm\u00e9diatement incorpor\u00e9s aux pr\u00e9parations culinaire.<\/p>\n<p>De plus, cet arbre est assez r\u00e9sistant face aux nuisibles et diverses maladie, un traitement chimique de synth\u00e8se sur ce type d&rsquo;arbre n&rsquo;est r\u00e9ellement justifiable que dans tr\u00e8s peu de cas.<\/p>\n<p>C&rsquo;est pourquoi il est indispensable de rechercher des <strong>yuzus bio<\/strong>, garant d&rsquo;une \u00e9corce vierge de tout produit toxique pour la sant\u00e9 humaine. Le prix en sera peut \u00eatre un peu plus \u00e9lev\u00e9, mais le gain pour votre organisme incommensurablement plus grand.<\/p>\n<p><strong>Pour continuer d&rsquo;apprendre :<\/strong><br \/>\n<br \/>&#8211; <a href=\"https:\/\/www.alexetalex.com\/ca\/dossiers-fruites\/route-des-fruits\/bergamote\/\" rel=\"noopener\" target=\"_blank\">La Bergamote : un autre agrume au parfum inimitable<\/a><br \/>\n<br \/>&#8211; <a href=\"https:\/\/www.alexetalex.com\/ca\/dossiers-fruites\/route-des-fruits\/cedrat\/\" rel=\"noopener\" target=\"_blank\">Le C\u00e9drat : l&rsquo;a\u00efeul des agrumes<\/a><br \/>\n<br \/>&#8211; <a href=\"https:\/\/www.alexetalex.com\/ca\/dossiers-fruites\/route-des-fruits\/sudachi\/\" rel=\"noopener\" target=\"_blank\">Le Sudachi, autre agrume embl\u00e9matique du pays du Soleil Levant<\/a><\/p>\n","protected":false},"excerpt":{"rendered":"<p>Yuzu : guide complet sur ce fruit d&rsquo;exception Originaire de Chine, le yuzu est pr\u00e9sent au Japon depuis plus de 1000 ans o\u00f9 il est devenu un arbre tr\u00e8s populaire. Cultiv\u00e9 pour son parfum d&rsquo;exception, le yuzu accompagne de nombreux plats de la cuisine nippone. Encore m\u00e9connu en France, le yuzu s\u00e9duit cependant de plus [&hellip;]<\/p>\n","protected":false},"author":4,"featured_media":11689,"parent":8732,"menu_order":0,"comment_status":"closed","ping_status":"closed","template":"template-single-dossiers-fruites.php","meta":{"_et_pb_use_builder":"","_et_pb_old_content":"","_et_gb_content_width":""},"acf":[],"yoast_head":"<!-- This site is optimized with the Yoast SEO plugin v17.6 - https:\/\/yoast.com\/wordpress\/plugins\/seo\/ -->\n<title>Yuzu - Tout savoir sur ce fruit m\u00e9connu : prix, go\u00fbt, productions...<\/title>\n<meta name=\"description\" content=\"Originaire de Chine, le yuzu est pr\u00e9sent au Japon depuis plus de 1000 ans o\u00f9 il est devenu tr\u00e8s populaire. Son parfum est exceptionnel\" \/>\n<meta name=\"robots\" content=\"index, follow, max-snippet:-1, max-image-preview:large, max-video-preview:-1\" \/>\n<link rel=\"canonical\" href=\"https:\/\/www.alexetalex.com\/ca\/dossiers-fruites\/route-des-fruits\/yuzu\/\" \/>\n<meta property=\"og:locale\" content=\"fr_FR\" \/>\n<meta property=\"og:type\" content=\"article\" \/>\n<meta property=\"og:title\" content=\"Yuzu - Tout savoir sur ce fruit m\u00e9connu : prix, go\u00fbt, productions...\" \/>\n<meta property=\"og:description\" content=\"Originaire de Chine, le yuzu est pr\u00e9sent au Japon depuis plus de 1000 ans o\u00f9 il est devenu tr\u00e8s populaire. Son parfum est exceptionnel\" \/>\n<meta property=\"og:url\" content=\"https:\/\/www.alexetalex.com\/ca\/dossiers-fruites\/route-des-fruits\/yuzu\/\" \/>\n<meta property=\"article:modified_time\" content=\"2019-11-08T14:33:11+00:00\" \/>\n<meta property=\"og:image\" content=\"https:\/\/www.alexetalex.com\/ca\/wp-content\/uploads\/2019\/06\/92065641_s.jpg\" \/>\n\t<meta property=\"og:image:width\" content=\"848\" \/>\n\t<meta property=\"og:image:height\" content=\"565\" \/>\n<meta name=\"twitter:label1\" content=\"Dur\u00e9e de lecture estim\u00e9e\" \/>\n\t<meta name=\"twitter:data1\" content=\"2 minutes\" \/>\n<script type=\"application\/ld+json\" class=\"yoast-schema-graph\">{\"@context\":\"https:\/\/schema.org\",\"@graph\":[{\"@type\":\"Organization\",\"@id\":\"https:\/\/www.alexetalex.com\/ca\/#organization\",\"name\":\"Alex & Alex\",\"url\":\"https:\/\/www.alexetalex.com\/ca\/\",\"sameAs\":[],\"logo\":{\"@type\":\"ImageObject\",\"@id\":\"https:\/\/www.alexetalex.com\/ca\/#logo\",\"inLanguage\":\"fr-FR\",\"url\":\"https:\/\/www.alexetalex.com\/ca\/wp-content\/uploads\/2020\/04\/alexalex-1.png\",\"contentUrl\":\"https:\/\/www.alexetalex.com\/ca\/wp-content\/uploads\/2020\/04\/alexalex-1.png\",\"width\":51,\"height\":50,\"caption\":\"Alex & Alex\"},\"image\":{\"@id\":\"https:\/\/www.alexetalex.com\/ca\/#logo\"}},{\"@type\":\"WebSite\",\"@id\":\"https:\/\/www.alexetalex.com\/ca\/#website\",\"url\":\"https:\/\/www.alexetalex.com\/ca\/\",\"name\":\"\",\"description\":\"\",\"publisher\":{\"@id\":\"https:\/\/www.alexetalex.com\/ca\/#organization\"},\"potentialAction\":[{\"@type\":\"SearchAction\",\"target\":{\"@type\":\"EntryPoint\",\"urlTemplate\":\"https:\/\/www.alexetalex.com\/ca\/?s={search_term_string}\"},\"query-input\":\"required name=search_term_string\"}],\"inLanguage\":\"fr-FR\"},{\"@type\":\"ImageObject\",\"@id\":\"https:\/\/www.alexetalex.com\/ca\/dossiers-fruites\/route-des-fruits\/yuzu\/#primaryimage\",\"inLanguage\":\"fr-FR\",\"url\":\"https:\/\/www.alexetalex.com\/ca\/wp-content\/uploads\/2019\/06\/92065641_s.jpg\",\"contentUrl\":\"https:\/\/www.alexetalex.com\/ca\/wp-content\/uploads\/2019\/06\/92065641_s.jpg\",\"width\":848,\"height\":565,\"caption\":\"yuzu en coupe avec yuzus entiers derriere\"},{\"@type\":\"WebPage\",\"@id\":\"https:\/\/www.alexetalex.com\/ca\/dossiers-fruites\/route-des-fruits\/yuzu\/#webpage\",\"url\":\"https:\/\/www.alexetalex.com\/ca\/dossiers-fruites\/route-des-fruits\/yuzu\/\",\"name\":\"Yuzu - Tout savoir sur ce fruit m\\u00e9connu : prix, go\\u00fbt, productions...\",\"isPartOf\":{\"@id\":\"https:\/\/www.alexetalex.com\/ca\/#website\"},\"primaryImageOfPage\":{\"@id\":\"https:\/\/www.alexetalex.com\/ca\/dossiers-fruites\/route-des-fruits\/yuzu\/#primaryimage\"},\"datePublished\":\"2019-06-23T07:20:45+00:00\",\"dateModified\":\"2019-11-08T14:33:11+00:00\",\"description\":\"Originaire de Chine, le yuzu est pr\\u00e9sent au Japon depuis plus de 1000 ans o\\u00f9 il est devenu tr\\u00e8s populaire. Son parfum est exceptionnel\",\"breadcrumb\":{\"@id\":\"https:\/\/www.alexetalex.com\/ca\/dossiers-fruites\/route-des-fruits\/yuzu\/#breadcrumb\"},\"inLanguage\":\"fr-FR\",\"potentialAction\":[{\"@type\":\"ReadAction\",\"target\":[\"https:\/\/www.alexetalex.com\/ca\/dossiers-fruites\/route-des-fruits\/yuzu\/\"]}]},{\"@type\":\"BreadcrumbList\",\"@id\":\"https:\/\/www.alexetalex.com\/ca\/dossiers-fruites\/route-des-fruits\/yuzu\/#breadcrumb\",\"itemListElement\":[{\"@type\":\"ListItem\",\"position\":1,\"name\":\"Magazine\",\"item\":\"https:\/\/www.alexetalex.com\/ca\/dossiers-fruites\/\"},{\"@type\":\"ListItem\",\"position\":2,\"name\":\"Fruits\",\"item\":\"https:\/\/www.alexetalex.com\/ca\/dossiers-fruites\/route-des-fruits\/\"},{\"@type\":\"ListItem\",\"position\":3,\"name\":\"Dossier\"}]}]}<\/script>\n<!-- \/ Yoast SEO plugin. -->","yoast_head_json":{"title":"Yuzu - Tout savoir sur ce fruit m\u00e9connu : prix, go\u00fbt, productions...","description":"Originaire de Chine, le yuzu est pr\u00e9sent au Japon depuis plus de 1000 ans o\u00f9 il est devenu tr\u00e8s populaire. Son parfum est exceptionnel","robots":{"index":"index","follow":"follow","max-snippet":"max-snippet:-1","max-image-preview":"max-image-preview:large","max-video-preview":"max-video-preview:-1"},"canonical":"https:\/\/www.alexetalex.com\/ca\/dossiers-fruites\/route-des-fruits\/yuzu\/","og_locale":"fr_FR","og_type":"article","og_title":"Yuzu - Tout savoir sur ce fruit m\u00e9connu : prix, go\u00fbt, productions...","og_description":"Originaire de Chine, le yuzu est pr\u00e9sent au Japon depuis plus de 1000 ans o\u00f9 il est devenu tr\u00e8s populaire. Son parfum est exceptionnel","og_url":"https:\/\/www.alexetalex.com\/ca\/dossiers-fruites\/route-des-fruits\/yuzu\/","article_modified_time":"2019-11-08T14:33:11+00:00","og_image":[{"width":848,"height":565,"url":"https:\/\/www.alexetalex.com\/ca\/wp-content\/uploads\/2019\/06\/92065641_s.jpg","type":"image\/jpeg"}],"twitter_misc":{"Dur\u00e9e de lecture estim\u00e9e":"2 minutes"},"schema":{"@context":"https:\/\/schema.org","@graph":[{"@type":"Organization","@id":"https:\/\/www.alexetalex.com\/ca\/#organization","name":"Alex & Alex","url":"https:\/\/www.alexetalex.com\/ca\/","sameAs":[],"logo":{"@type":"ImageObject","@id":"https:\/\/www.alexetalex.com\/ca\/#logo","inLanguage":"fr-FR","url":"https:\/\/www.alexetalex.com\/ca\/wp-content\/uploads\/2020\/04\/alexalex-1.png","contentUrl":"https:\/\/www.alexetalex.com\/ca\/wp-content\/uploads\/2020\/04\/alexalex-1.png","width":51,"height":50,"caption":"Alex & Alex"},"image":{"@id":"https:\/\/www.alexetalex.com\/ca\/#logo"}},{"@type":"WebSite","@id":"https:\/\/www.alexetalex.com\/ca\/#website","url":"https:\/\/www.alexetalex.com\/ca\/","name":"","description":"","publisher":{"@id":"https:\/\/www.alexetalex.com\/ca\/#organization"},"potentialAction":[{"@type":"SearchAction","target":{"@type":"EntryPoint","urlTemplate":"https:\/\/www.alexetalex.com\/ca\/?s={search_term_string}"},"query-input":"required name=search_term_string"}],"inLanguage":"fr-FR"},{"@type":"ImageObject","@id":"https:\/\/www.alexetalex.com\/ca\/dossiers-fruites\/route-des-fruits\/yuzu\/#primaryimage","inLanguage":"fr-FR","url":"https:\/\/www.alexetalex.com\/ca\/wp-content\/uploads\/2019\/06\/92065641_s.jpg","contentUrl":"https:\/\/www.alexetalex.com\/ca\/wp-content\/uploads\/2019\/06\/92065641_s.jpg","width":848,"height":565,"caption":"yuzu en coupe avec yuzus entiers derriere"},{"@type":"WebPage","@id":"https:\/\/www.alexetalex.com\/ca\/dossiers-fruites\/route-des-fruits\/yuzu\/#webpage","url":"https:\/\/www.alexetalex.com\/ca\/dossiers-fruites\/route-des-fruits\/yuzu\/","name":"Yuzu - Tout savoir sur ce fruit m\u00e9connu : prix, go\u00fbt, productions...","isPartOf":{"@id":"https:\/\/www.alexetalex.com\/ca\/#website"},"primaryImageOfPage":{"@id":"https:\/\/www.alexetalex.com\/ca\/dossiers-fruites\/route-des-fruits\/yuzu\/#primaryimage"},"datePublished":"2019-06-23T07:20:45+00:00","dateModified":"2019-11-08T14:33:11+00:00","description":"Originaire de Chine, le yuzu est pr\u00e9sent au Japon depuis plus de 1000 ans o\u00f9 il est devenu tr\u00e8s populaire. Son parfum est exceptionnel","breadcrumb":{"@id":"https:\/\/www.alexetalex.com\/ca\/dossiers-fruites\/route-des-fruits\/yuzu\/#breadcrumb"},"inLanguage":"fr-FR","potentialAction":[{"@type":"ReadAction","target":["https:\/\/www.alexetalex.com\/ca\/dossiers-fruites\/route-des-fruits\/yuzu\/"]}]},{"@type":"BreadcrumbList","@id":"https:\/\/www.alexetalex.com\/ca\/dossiers-fruites\/route-des-fruits\/yuzu\/#breadcrumb","itemListElement":[{"@type":"ListItem","position":1,"name":"Magazine","item":"https:\/\/www.alexetalex.com\/ca\/dossiers-fruites\/"},{"@type":"ListItem","position":2,"name":"Fruits","item":"https:\/\/www.alexetalex.com\/ca\/dossiers-fruites\/route-des-fruits\/"},{"@type":"ListItem","position":3,"name":"Dossier"}]}]}},"_links":{"self":[{"href":"https:\/\/www.alexetalex.com\/ca\/wp-json\/wp\/v2\/pages\/10658"}],"collection":[{"href":"https:\/\/www.alexetalex.com\/ca\/wp-json\/wp\/v2\/pages"}],"about":[{"href":"https:\/\/www.alexetalex.com\/ca\/wp-json\/wp\/v2\/types\/page"}],"author":[{"embeddable":true,"href":"https:\/\/www.alexetalex.com\/ca\/wp-json\/wp\/v2\/users\/4"}],"replies":[{"embeddable":true,"href":"https:\/\/www.alexetalex.com\/ca\/wp-json\/wp\/v2\/comments?post=10658"}],"version-history":[{"count":0,"href":"https:\/\/www.alexetalex.com\/ca\/wp-json\/wp\/v2\/pages\/10658\/revisions"}],"up":[{"embeddable":true,"href":"https:\/\/www.alexetalex.com\/ca\/wp-json\/wp\/v2\/pages\/8732"}],"wp:featuredmedia":[{"embeddable":true,"href":"https:\/\/www.alexetalex.com\/ca\/wp-json\/wp\/v2\/media\/11689"}],"wp:attachment":[{"href":"https:\/\/www.alexetalex.com\/ca\/wp-json\/wp\/v2\/media?parent=10658"}],"curies":[{"name":"wp","href":"https:\/\/api.w.org\/{rel}","templated":true}]}}