{"id":10666,"date":"2019-06-23T10:17:01","date_gmt":"2019-06-23T09:17:01","guid":{"rendered":"https:\/\/www.alexetalex.com\/ca\/?page_id=10666"},"modified":"2020-11-08T05:31:07","modified_gmt":"2020-11-08T04:31:07","slug":"fruits-en-l-et-legumes-en-l","status":"publish","type":"page","link":"https:\/\/www.alexetalex.com\/ca\/dossiers-fruites\/route-des-fruits\/fruits-en-l-et-legumes-en-l\/","title":{"rendered":"Fruits en L et l\u00e9gumes en L"},"content":{"rendered":"<p><H1>Les fruits et les l\u00e9gumes en L <\/H1><\/p>\n<p><\/br><\/p>\n <div class=\"featured-under\">\n    <div>\n<h4>Une synth\u00e8se de l'article pour aller \u00e0 l'essentiel<\/h4>\n\n<\/div>\n<div class=\"idea1\">\n<p>En Fran\u00e7ais, il n'existe que 4 fruits qui commencent en L : la lime, la limette, le litchi et le longane.<\/p>\n<p>Et il existe \u00e9galement 4 noms de l\u00e9gumes commen\u00e7ant par la lettre L : la lentille, la laitue, le luffa, et le lys asiatique comestible.<\/p>\n<p><\/p>\n<div class=\"idea2\">\n<p>Pour aller plus loin<\/p>\n<p> Dans cet article, nous vous proposons d'aller plus loin, et de challenger vos connaissances sur les autres fruits & l\u00e9gumes.<\/p>\n<\/div>\n<\/div>\n<\/div>\n<p><\/br><\/p>\n<p><script async src=\"https:\/\/pagead2.googlesyndication.com\/pagead\/js\/adsbygoogle.js\"><\/script><br \/>\n<ins class=\"adsbygoogle\"\n     style=\"display:block; text-align:center;\"\n     data-ad-layout=\"in-article\"\n     data-ad-format=\"fluid\"\n     data-ad-client=\"ca-pub-9532010157897245\"\n     data-ad-slot=\"1555816871\"><\/ins><br \/>\n<script>\n     (adsbygoogle = window.adsbygoogle || []).push({});\n<\/script><\/p>\n<p><\/br><\/p>\n<p><H2>I] Les fruits qui commencent en L<\/H2><\/p>\n<p><\/br><\/p>\n<p>En Fran\u00e7ais, il n&rsquo;existe que 4 fruits qui commencent par la lettre L :<\/p>\n<p>&#8211; Lime <i>(la \u00ab\u00a0lime\u00a0\u00bb est l&rsquo;autre nom du citron vert : il s&rsquo;agit d&rsquo;un synonyme)<\/i><br \/>\n<br \/>&#8211; <a href=\"https:\/\/www.alexetalex.com\/ca\/dossiers-fruites\/route-des-fruits\/limette\/\">Limette <\/a><i>(cf. image ci-dessous) *<\/i><br \/>\n<br \/>&#8211; <a href=\"https:\/\/www.alexetalex.com\/ca\/dossiers-fruites\/fruit-et-nutrition\/litchi-fruit\/\">Litchi<\/a><br \/>\n<br \/>&#8211; <a href=\"https:\/\/www.alexetalex.com\/ca\/dossiers-fruites\/route-des-fruits\/longane\/\">Longane <\/a><i>(cf. image ci-dessous) **<\/i><\/p>\n<p><\/br><\/p>\n <div class=\"hsg-featured-numb\">\n    <div>\n <p>1<\/p>\n <p><H3>Zoom sur l'un d'entre eux : la limette<\/H3><\/p>\n\n<\/div>\n  \n<\/div>\n<p><\/br><\/p>\n<p><img loading=\"lazy\" width=\"1552\" height=\"959\" src=\"https:\/\/www.alexetalex.com\/wp-content\/uploads\/2019\/06\/Limette2.jpg\" title:\"Limettes\" alt=\"Fruit en L, Limette en branche\" class=\"alignnone size-full wp-image-10667\" srcset=\"https:\/\/www.alexetalex.com\/ca\/wp-content\/uploads\/2019\/06\/Limette2.jpg 1552w, https:\/\/www.alexetalex.com\/ca\/wp-content\/uploads\/2019\/06\/Limette2-600x371.jpg 600w, https:\/\/www.alexetalex.com\/ca\/wp-content\/uploads\/2019\/06\/Limette2-250x154.jpg 250w, https:\/\/www.alexetalex.com\/ca\/wp-content\/uploads\/2019\/06\/Limette2-768x475.jpg 768w, https:\/\/www.alexetalex.com\/ca\/wp-content\/uploads\/2019\/06\/Limette2-700x433.jpg 700w, https:\/\/www.alexetalex.com\/ca\/wp-content\/uploads\/2019\/06\/Limette2-120x74.jpg 120w, https:\/\/www.alexetalex.com\/ca\/wp-content\/uploads\/2019\/06\/Limette2-320x198.jpg 320w\" sizes=\"(max-width: 1552px) 100vw, 1552px\" \/><\/p>\n<p><i>(*) La limette (aussi appel\u00e9e lime m\u00e9diterran\u00e9enne ou citron doux), est un agrume, fruit du limettier doux. La limette est de couleur jaune p\u00e2le \u00e0 maturit\u00e9 ; l&rsquo;\u00e9corce elle-m\u00eame, d&rsquo;environ 5 mm d&rsquo;\u00e9paisseur, est blanche. La pulpe est verd\u00e2tre, et le jus est insipide plut\u00f4t qu&rsquo;acide.<\/i><\/p>\n<p><\/br><\/p>\n <div class=\"hsg-featured-numb\">\n    <div>\n <p>2<\/p>\n <p><H3> Zoom: un fruit en L, la longane<\/H3><\/p>\n\n<\/div>\n  \n<\/div>\n<p><\/br><\/p>\n<p><img loading=\"lazy\" width=\"1707\" height=\"915\" src=\"https:\/\/www.alexetalex.com\/wp-content\/uploads\/2019\/06\/Longane.jpg\" title=\"Longanes en coupe\" alt=\"Longane, fruit en L, petit fruit\" class=\"alignnone size-full wp-image-10671\" srcset=\"https:\/\/www.alexetalex.com\/ca\/wp-content\/uploads\/2019\/06\/Longane.jpg 1707w, https:\/\/www.alexetalex.com\/ca\/wp-content\/uploads\/2019\/06\/Longane-600x322.jpg 600w, https:\/\/www.alexetalex.com\/ca\/wp-content\/uploads\/2019\/06\/Longane-250x134.jpg 250w, https:\/\/www.alexetalex.com\/ca\/wp-content\/uploads\/2019\/06\/Longane-768x412.jpg 768w, https:\/\/www.alexetalex.com\/ca\/wp-content\/uploads\/2019\/06\/Longane-700x375.jpg 700w, https:\/\/www.alexetalex.com\/ca\/wp-content\/uploads\/2019\/06\/Longane-120x64.jpg 120w, https:\/\/www.alexetalex.com\/ca\/wp-content\/uploads\/2019\/06\/Longane-320x172.jpg 320w\" sizes=\"(max-width: 1707px) 100vw, 1707px\" \/><\/p>\n<p><i>(**) Le longane est le fruit comestible du longanier, nom vernaculaire du <em>Dimocarpus longan<\/em>. Son nom vient du Cantonais <em>lung ngaan<\/em>, et du Vietnamien \u00ab\u00a0long nh\u00e3n\u00a0\u00bb, qui signifient \u0153il de dragon.<\/i><\/p>\n<p><\/br><\/p>\n<p><script async src=\"https:\/\/pagead2.googlesyndication.com\/pagead\/js\/adsbygoogle.js\"><\/script><br \/>\n<ins class=\"adsbygoogle\"\n     style=\"display:block; text-align:center;\"\n     data-ad-layout=\"in-article\"\n     data-ad-format=\"fluid\"\n     data-ad-client=\"ca-pub-9532010157897245\"\n     data-ad-slot=\"1555816871\"><\/ins><br \/>\n<script>\n     (adsbygoogle = window.adsbygoogle || []).push({});\n<\/script><\/p>\n<p><\/br><\/p>\n<p><H2>II] Les l\u00e9gumes commen\u00e7ants par L<\/H2><\/p>\n<p><\/br><\/p>\n<p>En Fran\u00e7ais, il n&rsquo;existe que 4 l\u00e9gumes qui commencent par la lettre L :<\/p>\n<p>&#8211; Lentille<br \/>\n<br \/>&#8211; Laitue<br \/>\n<br \/>&#8211; Luffa <i>(cf. image ci-dessous) *<\/i><br \/>\n<br \/>&#8211; Lys asiatique comestible <i>(cf. image ci-dessous) **<\/i><\/p>\n<p><\/br><\/p>\n <div class=\"hsg-featured-numb\">\n    <div>\n <p>1<\/p>\n <p><H3>Connaissez la luffa, un l\u00e9gume en L<\/H3><\/p>\n\n<\/div>\n  \n<\/div>\n<p><\/br><\/p>\n<p><img loading=\"lazy\" width=\"1515\" height=\"928\" src=\"https:\/\/www.alexetalex.com\/wp-content\/uploads\/2019\/06\/Luffa.jpg\" alt=\"Luffa\" class=\"alignnone size-full wp-image-10678\" srcset=\"https:\/\/www.alexetalex.com\/ca\/wp-content\/uploads\/2019\/06\/Luffa.jpg 1515w, https:\/\/www.alexetalex.com\/ca\/wp-content\/uploads\/2019\/06\/Luffa-600x368.jpg 600w, https:\/\/www.alexetalex.com\/ca\/wp-content\/uploads\/2019\/06\/Luffa-250x153.jpg 250w, https:\/\/www.alexetalex.com\/ca\/wp-content\/uploads\/2019\/06\/Luffa-768x470.jpg 768w, https:\/\/www.alexetalex.com\/ca\/wp-content\/uploads\/2019\/06\/Luffa-700x429.jpg 700w, https:\/\/www.alexetalex.com\/ca\/wp-content\/uploads\/2019\/06\/Luffa-120x74.jpg 120w, https:\/\/www.alexetalex.com\/ca\/wp-content\/uploads\/2019\/06\/Luffa-320x196.jpg 320w\" sizes=\"(max-width: 1515px) 100vw, 1515px\" \/><\/p>\n<p><i>(*) La Luffa ou \u00ab\u00a0courge \u00e9ponge\u00a0\u00bb est une plante grimpante de la famille des <em>Cucurbitaceae<\/em>. On trouve cette courge couramment en Orient, en Afrique et en Asie, o\u00f9 plusieurs esp\u00e8ces sont cultiv\u00e9s et cueillis avant maturit\u00e9 pour \u00eatre consomm\u00e9s comme l\u00e9gume.<\/i><\/p>\n<p><\/br><\/p>\n <div class=\"hsg-featured-numb\">\n    <div>\n <p>2<\/p>\n <p><H3> Un autre fruit en L: le lys asiatique comestible <\/H3><\/p>\n\n<\/div>\n  \n<\/div>\n<p><\/br><\/p>\n<p><img loading=\"lazy\" width=\"782\" height=\"1043\" src=\"https:\/\/www.alexetalex.com\/wp-content\/uploads\/2019\/06\/Lys-comestible.jpg\" alt=\"Lys comestible\" class=\"alignnone size-full wp-image-10679\" srcset=\"https:\/\/www.alexetalex.com\/ca\/wp-content\/uploads\/2019\/06\/Lys-comestible.jpg 782w, https:\/\/www.alexetalex.com\/ca\/wp-content\/uploads\/2019\/06\/Lys-comestible-600x800.jpg 600w, https:\/\/www.alexetalex.com\/ca\/wp-content\/uploads\/2019\/06\/Lys-comestible-250x333.jpg 250w, https:\/\/www.alexetalex.com\/ca\/wp-content\/uploads\/2019\/06\/Lys-comestible-768x1024.jpg 768w, https:\/\/www.alexetalex.com\/ca\/wp-content\/uploads\/2019\/06\/Lys-comestible-700x934.jpg 700w, https:\/\/www.alexetalex.com\/ca\/wp-content\/uploads\/2019\/06\/Lys-comestible-120x160.jpg 120w, https:\/\/www.alexetalex.com\/ca\/wp-content\/uploads\/2019\/06\/Lys-comestible-320x427.jpg 320w\" sizes=\"(max-width: 782px) 100vw, 782px\" \/><\/p>\n<p><i>(**) L&rsquo;esp\u00e8ce est cultiv\u00e9e en Asie, notamment au Japon, pour ses bulbilles comestibles et pour l&rsquo;ornementation. Elle a \u00e9t\u00e9 naturalis\u00e9e dans certaines r\u00e9gions d&rsquo;Am\u00e9rique du Nord. Elle est connue dans les pays anglo-saxons sous le nom de Tiger Lily (lis tigr\u00e9), qui d\u00e9signe cependant aussi plusieurs autres esp\u00e8ces.<\/i><\/p>\n<p><\/br><\/p>\n<p><script async src=\"https:\/\/pagead2.googlesyndication.com\/pagead\/js\/adsbygoogle.js\"><\/script><br \/>\n<ins class=\"adsbygoogle\"\n     style=\"display:block; text-align:center;\"\n     data-ad-layout=\"in-article\"\n     data-ad-format=\"fluid\"\n     data-ad-client=\"ca-pub-9532010157897245\"\n     data-ad-slot=\"1555816871\"><\/ins><br \/>\n<script>\n     (adsbygoogle = window.adsbygoogle || []).push({});\n<\/script><\/p>\n<p><\/br><\/p>\n<p><H2>III] Testez vos connaissances sur les fruits<\/H2><\/p>\n<p><\/br><\/p>\n <div class=\"hsg-featured-numb\">\n    <div>\n <p>1<\/p>\n <p><H3>L'abcdaire des fruits<\/H3><\/p>\n\n<\/div>\n  \n<\/div>\n<p><\/br><\/p>\n<p>Retrouvez notre infographie sur l&rsquo;alphabet des fruits en Fran\u00e7ais pour tester vos connaissances sur d&rsquo;autres lettres (attention : les r\u00e9ponses ne sont pas forc\u00e9ment \u00e9videntes \u00e0 chaque fois !).<\/p>\n<p><\/br><\/p>\n<p><strong>&#8212;&#8212;&#8212;&#8212;   Cliquez sur l&rsquo;image ci-dessous pour zoomer !   &#8212;&#8212;&#8212;&#8212;<\/strong><\/p>\n<p><\/br><\/p>\n<p><a href=\"https:\/\/www.alexetalex.com\/wp-content\/uploads\/2019\/03\/Infographie-fruitsv2-BD.jpg\" rel=\"noopener noreferrer\" target=\"_blank\"><img loading=\"lazy\" width=\"800\" height=\"1596\" src=\"https:\/\/www.alexetalex.com\/wp-content\/uploads\/2019\/02\/Infographie-fruits-1.jpg\" title=\"av\u00e9c\u00e9daire des fruits\" alt=\"Infographie fruits\" class=\"alignnone size-full wp-image-10321\" srcset=\"https:\/\/www.alexetalex.com\/ca\/wp-content\/uploads\/2019\/02\/Infographie-fruits-1.jpg 800w, https:\/\/www.alexetalex.com\/ca\/wp-content\/uploads\/2019\/02\/Infographie-fruits-1-600x1197.jpg 600w, https:\/\/www.alexetalex.com\/ca\/wp-content\/uploads\/2019\/02\/Infographie-fruits-1-250x499.jpg 250w, https:\/\/www.alexetalex.com\/ca\/wp-content\/uploads\/2019\/02\/Infographie-fruits-1-768x1532.jpg 768w, https:\/\/www.alexetalex.com\/ca\/wp-content\/uploads\/2019\/02\/Infographie-fruits-1-700x1397.jpg 700w, https:\/\/www.alexetalex.com\/ca\/wp-content\/uploads\/2019\/02\/Infographie-fruits-1-120x239.jpg 120w, https:\/\/www.alexetalex.com\/ca\/wp-content\/uploads\/2019\/02\/Infographie-fruits-1-320x638.jpg 320w\" sizes=\"(max-width: 800px) 100vw, 800px\" \/><\/a><\/p>\n<p><\/br><\/p>\n <div class=\"hsg-featured-numb\">\n    <div>\n <p>2<\/p>\n <p><H3>Le jeu des diff\u00e9rences<\/H3><\/p>\n\n<\/div>\n  \n<\/div>\n<p><\/br><\/p>\n<p>&#8211; <a href=\"https:\/\/www.alexetalex.com\/dossiers-fruites\/le-saviez-vous\/chataigne-marron\/\">Ch\u00e2taigne ou marron : quelle diff\u00e9rence ?<\/a><\/p>\n<p><\/p>\n<p>&#8211; <a href=\"https:\/\/www.alexetalex.com\/dossiers-fruites\/route-des-fruits\/fraise-des-bois\/\">Fraise des bois (comestible) ou fraisier des Indes (toxique) ?<\/a><\/p>\n<p><\/br><\/p>\n <div class=\"hsg-featured-numb\">\n    <div>\n <p>3<\/p>\n <p><H3>Fruit ou l\u00e9gume ? A vous de deviner !<\/H3><\/p>\n\n<\/div>\n  \n<\/div>\n<p><\/br><\/p>\n<p>&#8211; <a href=\"https:\/\/www.alexetalex.com\/dossiers-fruites\/le-saviez-vous\/la-tomate-fruit-ou-legume\/\">La tomate : est-ce un fruit ou l\u00e9gume ?<\/a><\/p>\n<p><\/p>\n<p>&#8211; <a href=\"https:\/\/www.alexetalex.com\/dossiers-fruites\/le-saviez-vous\/avocat-fruit-ou-legume\/\">L&rsquo;avocat : est-ce un fruit ou l\u00e9gume ?<\/a><\/p>\n<p><\/p>\n<p>&#8211; <a href=\"https:\/\/www.alexetalex.com\/dossiers-fruites\/le-saviez-vous\/poivron-fruit-ou-legume\/\">Le poivron : est-ce un fruit ou l\u00e9gume ?<\/a><\/p>\n<p>On vous donne une r\u00e9ponse claire et sans ambigu\u00eft\u00e9 qui s&rsquo;appuie sur la classification g\u00e9n\u00e9rale en botanique, pour que vous n&rsquo;ayez plus de doute en la mati\u00e8re.<\/p>\n<p><\/br><\/p>\n <div class=\"hsg-featured-numb\">\n    <div>\n <p>4<\/p>\n <p><H3>Les fruits commen\u00e7ants par la lettre...<\/H3><\/p>\n\n<\/div>\n  \n<\/div>\n<p><\/br><\/p>\n<p>Pour aller dans le prolongement de cet article, sauriez-vous citer un fruit commen\u00e7ant par :<br \/>\n<br \/>&#8211; <a href=\"https:\/\/www.alexetalex.com\/ca\/dossiers-fruites\/le-saviez-vous\/fruits-legumes-en-s\/\">Les fruits en s<\/a> (spoiler: il en existe 5, mais ils ne sont pas forc\u00e9ment tr\u00e8s connus)<br \/>\n<br \/>&#8211; <a href=\"https:\/\/www.alexetalex.com\/ca\/dossiers-fruites\/le-saviez-vous\/fruits-legumes-en-i\/\">Fruits en i<\/a> (pas \u00e9vident, \u00e0 vous de jouer !)<br \/>\n<br \/>&#8211; <a href=\"https:\/\/www.alexetalex.com\/ca\/dossiers-fruites\/le-saviez-vous\/fruits-legumes-en-z\/\">Des fruits en z<\/a> (attention, un seul fruit en \u00ab\u00a0z\u00a0\u00bb existe !)<\/p>\n<p><i>Retrouvez bien d&rsquo;autres fruits (au bureau) sur la page d\u00e9di\u00e9e \u00e0 notre activit\u00e9 professionnelle : un service de livraison de fruits aux <a href=\"https:\/\/www.alexetalex.com\/ca\/#nos-services\">entreprises <\/a>et aux <a href=\"https:\/\/www.alexetalex.com\/ca\/categorie-produit\/particuliers\/\">particuliers<\/a>, \u00e0 Paris ainsi qu&rsquo;\u00e0 Montr\u00e9al !<\/i><\/p>\n<p><a title=\"Les Fruits au bureau - by Alex &#038; Alex\" href=\"https:\/\/www.alexetalex.com\/ca\/\"><img loading=\"lazy\" width=\"658\" height=\"280\" src=\"https:\/\/www.alexetalex.com\/wp-content\/uploads\/2018\/01\/Call-to-action-2.jpg\" alt=\"Call to action 2\" class=\"alignnone size-full wp-image-8638\" srcset=\"https:\/\/www.alexetalex.com\/ca\/wp-content\/uploads\/2018\/01\/Call-to-action-2.jpg 658w, https:\/\/www.alexetalex.com\/ca\/wp-content\/uploads\/2018\/01\/Call-to-action-2-600x255.jpg 600w, https:\/\/www.alexetalex.com\/ca\/wp-content\/uploads\/2018\/01\/Call-to-action-2-270x115.jpg 270w, https:\/\/www.alexetalex.com\/ca\/wp-content\/uploads\/2018\/01\/Call-to-action-2-550x234.jpg 550w\" sizes=\"(max-width: 658px) 100vw, 658px\" \/><\/a><\/p>\n","protected":false},"excerpt":{"rendered":"<p>Les fruits et les l\u00e9gumes en L I] Les fruits qui commencent en L En Fran\u00e7ais, il n&rsquo;existe que 4 fruits qui commencent par la lettre L : &#8211; Lime (la \u00ab\u00a0lime\u00a0\u00bb est l&rsquo;autre nom du citron vert : il s&rsquo;agit d&rsquo;un synonyme) &#8211; Limette (cf. image ci-dessous) * &#8211; Litchi &#8211; Longane (cf. image [&hellip;]<\/p>\n","protected":false},"author":4,"featured_media":10682,"parent":8732,"menu_order":0,"comment_status":"closed","ping_status":"closed","template":"","meta":{"_et_pb_use_builder":"","_et_pb_old_content":"","_et_gb_content_width":""},"acf":[],"yoast_head":"<!-- This site is optimized with the Yoast SEO plugin v17.6 - https:\/\/yoast.com\/wordpress\/plugins\/seo\/ -->\n<title>Fruits en L et l\u00e9gumes en L : la liste compl\u00e8te en Fran\u00e7ais - A &amp; A<\/title>\n<meta name=\"description\" content=\"En fran\u00e7ais, il n&#039;existe que 4 fruits et 4 l\u00e9gumes qui commencent en L. Est-ce que vous le connaissez tous? D\u00e9couvrez-le!\" \/>\n<meta name=\"robots\" content=\"index, follow, max-snippet:-1, max-image-preview:large, max-video-preview:-1\" \/>\n<link rel=\"canonical\" href=\"https:\/\/www.alexetalex.com\/ca\/dossiers-fruites\/route-des-fruits\/fruits-en-l-et-legumes-en-l\/\" \/>\n<meta property=\"og:locale\" content=\"fr_FR\" \/>\n<meta property=\"og:type\" content=\"article\" \/>\n<meta property=\"og:title\" content=\"Fruits en L et l\u00e9gumes en L : la liste compl\u00e8te en Fran\u00e7ais - A &amp; A\" \/>\n<meta property=\"og:description\" content=\"En fran\u00e7ais, il n&#039;existe que 4 fruits et 4 l\u00e9gumes qui commencent en L. Est-ce que vous le connaissez tous? D\u00e9couvrez-le!\" \/>\n<meta property=\"og:url\" content=\"https:\/\/www.alexetalex.com\/ca\/dossiers-fruites\/route-des-fruits\/fruits-en-l-et-legumes-en-l\/\" \/>\n<meta property=\"article:modified_time\" content=\"2020-11-08T04:31:07+00:00\" \/>\n<meta property=\"og:image\" content=\"https:\/\/www.alexetalex.com\/ca\/wp-content\/uploads\/2019\/06\/Limette.jpg\" \/>\n\t<meta property=\"og:image:width\" content=\"800\" \/>\n\t<meta property=\"og:image:height\" content=\"580\" \/>\n<meta name=\"twitter:label1\" content=\"Dur\u00e9e de lecture estim\u00e9e\" \/>\n\t<meta name=\"twitter:data1\" content=\"3 minutes\" \/>\n<script type=\"application\/ld+json\" class=\"yoast-schema-graph\">{\"@context\":\"https:\/\/schema.org\",\"@graph\":[{\"@type\":\"Organization\",\"@id\":\"https:\/\/www.alexetalex.com\/ca\/#organization\",\"name\":\"Alex & Alex\",\"url\":\"https:\/\/www.alexetalex.com\/ca\/\",\"sameAs\":[],\"logo\":{\"@type\":\"ImageObject\",\"@id\":\"https:\/\/www.alexetalex.com\/ca\/#logo\",\"inLanguage\":\"fr-FR\",\"url\":\"https:\/\/www.alexetalex.com\/ca\/wp-content\/uploads\/2020\/04\/alexalex-1.png\",\"contentUrl\":\"https:\/\/www.alexetalex.com\/ca\/wp-content\/uploads\/2020\/04\/alexalex-1.png\",\"width\":51,\"height\":50,\"caption\":\"Alex & Alex\"},\"image\":{\"@id\":\"https:\/\/www.alexetalex.com\/ca\/#logo\"}},{\"@type\":\"WebSite\",\"@id\":\"https:\/\/www.alexetalex.com\/ca\/#website\",\"url\":\"https:\/\/www.alexetalex.com\/ca\/\",\"name\":\"\",\"description\":\"\",\"publisher\":{\"@id\":\"https:\/\/www.alexetalex.com\/ca\/#organization\"},\"potentialAction\":[{\"@type\":\"SearchAction\",\"target\":{\"@type\":\"EntryPoint\",\"urlTemplate\":\"https:\/\/www.alexetalex.com\/ca\/?s={search_term_string}\"},\"query-input\":\"required name=search_term_string\"}],\"inLanguage\":\"fr-FR\"},{\"@type\":\"ImageObject\",\"@id\":\"https:\/\/www.alexetalex.com\/ca\/dossiers-fruites\/route-des-fruits\/fruits-en-l-et-legumes-en-l\/#primaryimage\",\"inLanguage\":\"fr-FR\",\"url\":\"https:\/\/www.alexetalex.com\/ca\/wp-content\/uploads\/2019\/06\/Limette.jpg\",\"contentUrl\":\"https:\/\/www.alexetalex.com\/ca\/wp-content\/uploads\/2019\/06\/Limette.jpg\",\"width\":800,\"height\":580},{\"@type\":\"WebPage\",\"@id\":\"https:\/\/www.alexetalex.com\/ca\/dossiers-fruites\/route-des-fruits\/fruits-en-l-et-legumes-en-l\/#webpage\",\"url\":\"https:\/\/www.alexetalex.com\/ca\/dossiers-fruites\/route-des-fruits\/fruits-en-l-et-legumes-en-l\/\",\"name\":\"Fruits en L et l\\u00e9gumes en L : la liste compl\\u00e8te en Fran\\u00e7ais - A & A\",\"isPartOf\":{\"@id\":\"https:\/\/www.alexetalex.com\/ca\/#website\"},\"primaryImageOfPage\":{\"@id\":\"https:\/\/www.alexetalex.com\/ca\/dossiers-fruites\/route-des-fruits\/fruits-en-l-et-legumes-en-l\/#primaryimage\"},\"datePublished\":\"2019-06-23T09:17:01+00:00\",\"dateModified\":\"2020-11-08T04:31:07+00:00\",\"description\":\"En fran\\u00e7ais, il n'existe que 4 fruits et 4 l\\u00e9gumes qui commencent en L. Est-ce que vous le connaissez tous? D\\u00e9couvrez-le!\",\"breadcrumb\":{\"@id\":\"https:\/\/www.alexetalex.com\/ca\/dossiers-fruites\/route-des-fruits\/fruits-en-l-et-legumes-en-l\/#breadcrumb\"},\"inLanguage\":\"fr-FR\",\"potentialAction\":[{\"@type\":\"ReadAction\",\"target\":[\"https:\/\/www.alexetalex.com\/ca\/dossiers-fruites\/route-des-fruits\/fruits-en-l-et-legumes-en-l\/\"]}]},{\"@type\":\"BreadcrumbList\",\"@id\":\"https:\/\/www.alexetalex.com\/ca\/dossiers-fruites\/route-des-fruits\/fruits-en-l-et-legumes-en-l\/#breadcrumb\",\"itemListElement\":[{\"@type\":\"ListItem\",\"position\":1,\"name\":\"Magazine\",\"item\":\"https:\/\/www.alexetalex.com\/ca\/dossiers-fruites\/\"},{\"@type\":\"ListItem\",\"position\":2,\"name\":\"Fruits\",\"item\":\"https:\/\/www.alexetalex.com\/ca\/dossiers-fruites\/route-des-fruits\/\"},{\"@type\":\"ListItem\",\"position\":3,\"name\":\"Dossier\"}]}]}<\/script>\n<!-- \/ Yoast SEO plugin. -->","yoast_head_json":{"title":"Fruits en L et l\u00e9gumes en L : la liste compl\u00e8te en Fran\u00e7ais - A & A","description":"En fran\u00e7ais, il n'existe que 4 fruits et 4 l\u00e9gumes qui commencent en L. Est-ce que vous le connaissez tous? D\u00e9couvrez-le!","robots":{"index":"index","follow":"follow","max-snippet":"max-snippet:-1","max-image-preview":"max-image-preview:large","max-video-preview":"max-video-preview:-1"},"canonical":"https:\/\/www.alexetalex.com\/ca\/dossiers-fruites\/route-des-fruits\/fruits-en-l-et-legumes-en-l\/","og_locale":"fr_FR","og_type":"article","og_title":"Fruits en L et l\u00e9gumes en L : la liste compl\u00e8te en Fran\u00e7ais - A & A","og_description":"En fran\u00e7ais, il n'existe que 4 fruits et 4 l\u00e9gumes qui commencent en L. Est-ce que vous le connaissez tous? D\u00e9couvrez-le!","og_url":"https:\/\/www.alexetalex.com\/ca\/dossiers-fruites\/route-des-fruits\/fruits-en-l-et-legumes-en-l\/","article_modified_time":"2020-11-08T04:31:07+00:00","og_image":[{"width":800,"height":580,"url":"https:\/\/www.alexetalex.com\/ca\/wp-content\/uploads\/2019\/06\/Limette.jpg","type":"image\/jpeg"}],"twitter_misc":{"Dur\u00e9e de lecture estim\u00e9e":"3 minutes"},"schema":{"@context":"https:\/\/schema.org","@graph":[{"@type":"Organization","@id":"https:\/\/www.alexetalex.com\/ca\/#organization","name":"Alex & Alex","url":"https:\/\/www.alexetalex.com\/ca\/","sameAs":[],"logo":{"@type":"ImageObject","@id":"https:\/\/www.alexetalex.com\/ca\/#logo","inLanguage":"fr-FR","url":"https:\/\/www.alexetalex.com\/ca\/wp-content\/uploads\/2020\/04\/alexalex-1.png","contentUrl":"https:\/\/www.alexetalex.com\/ca\/wp-content\/uploads\/2020\/04\/alexalex-1.png","width":51,"height":50,"caption":"Alex & Alex"},"image":{"@id":"https:\/\/www.alexetalex.com\/ca\/#logo"}},{"@type":"WebSite","@id":"https:\/\/www.alexetalex.com\/ca\/#website","url":"https:\/\/www.alexetalex.com\/ca\/","name":"","description":"","publisher":{"@id":"https:\/\/www.alexetalex.com\/ca\/#organization"},"potentialAction":[{"@type":"SearchAction","target":{"@type":"EntryPoint","urlTemplate":"https:\/\/www.alexetalex.com\/ca\/?s={search_term_string}"},"query-input":"required name=search_term_string"}],"inLanguage":"fr-FR"},{"@type":"ImageObject","@id":"https:\/\/www.alexetalex.com\/ca\/dossiers-fruites\/route-des-fruits\/fruits-en-l-et-legumes-en-l\/#primaryimage","inLanguage":"fr-FR","url":"https:\/\/www.alexetalex.com\/ca\/wp-content\/uploads\/2019\/06\/Limette.jpg","contentUrl":"https:\/\/www.alexetalex.com\/ca\/wp-content\/uploads\/2019\/06\/Limette.jpg","width":800,"height":580},{"@type":"WebPage","@id":"https:\/\/www.alexetalex.com\/ca\/dossiers-fruites\/route-des-fruits\/fruits-en-l-et-legumes-en-l\/#webpage","url":"https:\/\/www.alexetalex.com\/ca\/dossiers-fruites\/route-des-fruits\/fruits-en-l-et-legumes-en-l\/","name":"Fruits en L et l\u00e9gumes en L : la liste compl\u00e8te en Fran\u00e7ais - A & A","isPartOf":{"@id":"https:\/\/www.alexetalex.com\/ca\/#website"},"primaryImageOfPage":{"@id":"https:\/\/www.alexetalex.com\/ca\/dossiers-fruites\/route-des-fruits\/fruits-en-l-et-legumes-en-l\/#primaryimage"},"datePublished":"2019-06-23T09:17:01+00:00","dateModified":"2020-11-08T04:31:07+00:00","description":"En fran\u00e7ais, il n'existe que 4 fruits et 4 l\u00e9gumes qui commencent en L. Est-ce que vous le connaissez tous? D\u00e9couvrez-le!","breadcrumb":{"@id":"https:\/\/www.alexetalex.com\/ca\/dossiers-fruites\/route-des-fruits\/fruits-en-l-et-legumes-en-l\/#breadcrumb"},"inLanguage":"fr-FR","potentialAction":[{"@type":"ReadAction","target":["https:\/\/www.alexetalex.com\/ca\/dossiers-fruites\/route-des-fruits\/fruits-en-l-et-legumes-en-l\/"]}]},{"@type":"BreadcrumbList","@id":"https:\/\/www.alexetalex.com\/ca\/dossiers-fruites\/route-des-fruits\/fruits-en-l-et-legumes-en-l\/#breadcrumb","itemListElement":[{"@type":"ListItem","position":1,"name":"Magazine","item":"https:\/\/www.alexetalex.com\/ca\/dossiers-fruites\/"},{"@type":"ListItem","position":2,"name":"Fruits","item":"https:\/\/www.alexetalex.com\/ca\/dossiers-fruites\/route-des-fruits\/"},{"@type":"ListItem","position":3,"name":"Dossier"}]}]}},"_links":{"self":[{"href":"https:\/\/www.alexetalex.com\/ca\/wp-json\/wp\/v2\/pages\/10666"}],"collection":[{"href":"https:\/\/www.alexetalex.com\/ca\/wp-json\/wp\/v2\/pages"}],"about":[{"href":"https:\/\/www.alexetalex.com\/ca\/wp-json\/wp\/v2\/types\/page"}],"author":[{"embeddable":true,"href":"https:\/\/www.alexetalex.com\/ca\/wp-json\/wp\/v2\/users\/4"}],"replies":[{"embeddable":true,"href":"https:\/\/www.alexetalex.com\/ca\/wp-json\/wp\/v2\/comments?post=10666"}],"version-history":[{"count":5,"href":"https:\/\/www.alexetalex.com\/ca\/wp-json\/wp\/v2\/pages\/10666\/revisions"}],"predecessor-version":[{"id":17462,"href":"https:\/\/www.alexetalex.com\/ca\/wp-json\/wp\/v2\/pages\/10666\/revisions\/17462"}],"up":[{"embeddable":true,"href":"https:\/\/www.alexetalex.com\/ca\/wp-json\/wp\/v2\/pages\/8732"}],"wp:featuredmedia":[{"embeddable":true,"href":"https:\/\/www.alexetalex.com\/ca\/wp-json\/wp\/v2\/media\/10682"}],"wp:attachment":[{"href":"https:\/\/www.alexetalex.com\/ca\/wp-json\/wp\/v2\/media?parent=10666"}],"curies":[{"name":"wp","href":"https:\/\/api.w.org\/{rel}","templated":true}]}}