{"id":10769,"date":"2019-09-12T09:58:24","date_gmt":"2019-09-12T08:58:24","guid":{"rendered":"https:\/\/www.alexetalex.com\/ca\/?page_id=10769"},"modified":"2019-10-12T01:42:26","modified_gmt":"2019-10-12T00:42:26","slug":"tangor","status":"publish","type":"page","link":"https:\/\/www.alexetalex.com\/ca\/dossiers-fruites\/route-des-fruits\/tangor\/","title":{"rendered":"Tangor (fruit) : guide complet"},"content":{"rendered":"<p><H1>Tangor : le guide complet de ce fruit m\u00e9connu<\/H1><\/p>\n<p>Si on vous dit agrume, de la taille d&rsquo;une orange, de la forme d&rsquo;une orange et de couleur orange, vous pensez \u00e0 ? \u00c0 l&rsquo;orange bien s\u00fbr ! Mais cette description peut aussi correspondre au <strong>Tangor<\/strong> ! Il est vrai que cet agrume reste encore peu connu en France.<\/p>\n<p><img loading=\"lazy\" width=\"1000\" height=\"750\" src=\"https:\/\/www.alexetalex.com\/ca\/wp-content\/uploads\/2019\/09\/tangor-ortanique.jpg\" alt=\"tangor ortanique frais\" class=\"alignnone size-full wp-image-11612\" srcset=\"https:\/\/www.alexetalex.com\/ca\/wp-content\/uploads\/2019\/09\/tangor-ortanique.jpg 1000w, https:\/\/www.alexetalex.com\/ca\/wp-content\/uploads\/2019\/09\/tangor-ortanique-600x450.jpg 600w, https:\/\/www.alexetalex.com\/ca\/wp-content\/uploads\/2019\/09\/tangor-ortanique-250x188.jpg 250w, https:\/\/www.alexetalex.com\/ca\/wp-content\/uploads\/2019\/09\/tangor-ortanique-768x576.jpg 768w, https:\/\/www.alexetalex.com\/ca\/wp-content\/uploads\/2019\/09\/tangor-ortanique-700x525.jpg 700w, https:\/\/www.alexetalex.com\/ca\/wp-content\/uploads\/2019\/09\/tangor-ortanique-120x90.jpg 120w, https:\/\/www.alexetalex.com\/ca\/wp-content\/uploads\/2019\/09\/tangor-ortanique-320x240.jpg 320w\" sizes=\"(max-width: 1000px) 100vw, 1000px\" \/><\/p>\n<p>Et c&rsquo;est autant dommage que \u00e9tonnant, car premi\u00e8rement, l&rsquo;une des principales zones de production du tangor n&rsquo;est autre que l&rsquo;\u00eele de la R\u00e9union (on le surnomme l\u00e0 bas <i>Orange P\u00e9i<\/i>) et c&rsquo;est de plus un agrume au go\u00fbt d\u00e9licieux, tr\u00e8s sucr\u00e9 et peu acide. En jus, il saura r\u00e9galer vos papilles !<\/p>\n<p><H2>I] Tangor : tout savoir en 2 minutes sur cet agrume<\/H2><\/p>\n<p>Le tangor est une esp\u00e8ce hybride, c&rsquo;est \u00e0 dire issue d&rsquo;un croisement entre deux vari\u00e9t\u00e9s d&rsquo;agrumes : la tangerine (agrume proche de la mandarine) et l&rsquo;orange. D&rsquo;o\u00f9 son nom, tang-or, pour TANGerine et ORange.<\/p>\n<p><H3>Tangor : origines d&rsquo;un agrume m\u00e9connu<\/H3><br \/>\nIl existe plusieurs vari\u00e9t\u00e9s de tangor. Les deux plus anciennes r\u00e9pertori\u00e9es sont la vari\u00e9t\u00e9 <i>Temple<\/i> et la vari\u00e9t\u00e9 <i>Ellendale<\/i>. Bien que tr\u00e8s semblables, ces deux vari\u00e9t\u00e9s sont originaires de deux zones g\u00e9ographiques tr\u00e8s distinctes : la Jama\u00efque pour la vari\u00e9t\u00e9 <i>Temple<\/i>, l&rsquo;Australie pour l&rsquo;<i>Ellendale<\/i>. Difficile de faire plus \u00e9loign\u00e9 sur le globe !<br \/>\n<br \/>Elles ont toutes deux \u00e9t\u00e9 identifi\u00e9es formellement pour la premi\u00e8re fois vers la fin du 19\u00e8me si\u00e8cle et elles sont consid\u00e9r\u00e9es comme des vari\u00e9t\u00e9s naturelles de tangors.<\/p>\n<p>Depuis, d&rsquo;autres vari\u00e9t\u00e9s de Tangor sont apparues, r\u00e9sultats de programmes d&rsquo;hybridation men\u00e9s la plupart du temps aux \u00c9tats-Unis. <\/p>\n<p>\u00c0 noter tout de m\u00eame la vari\u00e9t\u00e9 <i>Ortanique<\/i>, d\u00e9couverte un peu plus tard que <i>Temple<\/i> et <i>Ellendale<\/i>, \u00e9galement originaire de Jama\u00efque et consid\u00e9r\u00e9e elle aussi comme une varit\u00e9t\u00e9 naturelle de tangor.<\/p>\n<p><H3>Description d&rsquo;un fruit tangor<\/H3><br \/>\nCet agrume est assez gros, \u00e0 peine plus petit qu&rsquo;une orange, de forme ronde applatie aux p\u00f4les. Certaines vari\u00e9t\u00e9s, notamment l&rsquo;Ortanique, ont la particularit\u00e9 de pr\u00e9senter une petite aur\u00e9ole peu pro\u00e9minente sur le dessous du fruit.<br \/>\n<br \/>La peau du tangor est fine et se p\u00e8le relativement bien. Sa surface est lisse, piquet\u00e9e de centaines de glandes gorg\u00e9es d&rsquo;huiles essentielles. L&rsquo;\u00e9corce brillante de ce fruit va se teinter de couleurs jaune-orang\u00e9es \u00e0 maturit\u00e9.<\/p>\n<p>La chair orang\u00e9e et juteuse du tangor est une invitation \u00e0 croquer ce fruit \u00e0 pleine dent. Prudence tout de m\u00eame, elle renferme une dizaine de p\u00e9pins bien dodus.<\/p>\n<p><img loading=\"lazy\" width=\"1024\" height=\"610\" src=\"https:\/\/www.alexetalex.com\/ca\/wp-content\/uploads\/2019\/09\/tangor-coupe.jpg\" alt=\"tangor, chair orange et pepins\" class=\"alignnone size-full wp-image-11619\" srcset=\"https:\/\/www.alexetalex.com\/ca\/wp-content\/uploads\/2019\/09\/tangor-coupe.jpg 1024w, https:\/\/www.alexetalex.com\/ca\/wp-content\/uploads\/2019\/09\/tangor-coupe-600x357.jpg 600w, https:\/\/www.alexetalex.com\/ca\/wp-content\/uploads\/2019\/09\/tangor-coupe-250x149.jpg 250w, https:\/\/www.alexetalex.com\/ca\/wp-content\/uploads\/2019\/09\/tangor-coupe-768x458.jpg 768w, https:\/\/www.alexetalex.com\/ca\/wp-content\/uploads\/2019\/09\/tangor-coupe-700x417.jpg 700w, https:\/\/www.alexetalex.com\/ca\/wp-content\/uploads\/2019\/09\/tangor-coupe-120x71.jpg 120w, https:\/\/www.alexetalex.com\/ca\/wp-content\/uploads\/2019\/09\/tangor-coupe-320x191.jpg 320w\" sizes=\"(max-width: 1024px) 100vw, 1024px\" \/><\/p>\n<p><H3>Tangor : go\u00fbt, ar\u00f4me et parfum<\/H3><br \/>\nLe tangor est un agrume d\u00e9licieux, caract\u00e9ris\u00e9 par son go\u00fbt tr\u00e8s sucr\u00e9, avec une pointe d&rsquo;acidit\u00e9.<br \/>\n<br \/>Sa belle chair orang\u00e9e offre un parfum riche en bouche, sa douceur sucr\u00e9e rappelle les ar\u00f4mes de mandarine. Tr\u00e8s juteuse, elle fait du tangor un fruit id\u00e9al pour \u00eatre d\u00e9gust\u00e9 en jus, sans autre apparat.<\/p>\n<p><H3>Tangor : saison, culture, production<\/H3><\/p>\n<p>Le tangor est un agrume \u00e0 maturit\u00e9 tardive. Sa <strong>saison<\/strong> de maturit\u00e9 va bien s\u00fbr d\u00e9pendre de sa zone de production.<br \/>\n<br \/>Par exemple, les tangors cultiv\u00e9s sur l&rsquo;\u00eele de la R\u00e9union arriveront \u00e0 maturit\u00e9 entre les mois de juin \u00e0 septembre.<br \/>\n<br \/>En revanche, pour les tangors californiens, ce sera durant les mois de f\u00e9vrier \u00e0 avril que ces agrumes pourront \u00eatre cueillis \u00e0 point.<\/p>\n<p>Le tangor pousse sur un abre qui ne tol\u00e8re que tr\u00e8s peu le froid, il pousse donc dans des r\u00e9gions o\u00f9 les temp\u00e9ratures ne descendent jamais en dessous de 0 \u00b0C.<br \/>\n<br \/>\nBien que consomm\u00e9 sur les march\u00e9s locaux, le tangor est rest\u00e9 largement m\u00e9connu \u00e0 travers le monde de longues ann\u00e9es. Il en d\u00e9coule qu&rsquo;on ne trouve que peu de cultures de ce fruit, et les quelques zones de productions sont relativement r\u00e9centes.<br \/>\n<br \/>C&rsquo;est vers la fin des ann\u00e9es 60, gr\u00e2ce \u00e0 l&rsquo;accueil plut\u00f4t favorable que re\u00e7u ce fruit lors d&rsquo;exportations vers le Canada et la Grande-Bretagne que les premi\u00e8res plantations de tangor virent le jour.<\/p>\n<p><img loading=\"lazy\" width=\"1000\" height=\"750\" src=\"https:\/\/www.alexetalex.com\/ca\/wp-content\/uploads\/2019\/09\/tangor-ortanique-culture.jpg\" alt=\"arbre du tangor cultiv\u00e9\" class=\"alignnone size-full wp-image-11611\" srcset=\"https:\/\/www.alexetalex.com\/ca\/wp-content\/uploads\/2019\/09\/tangor-ortanique-culture.jpg 1000w, https:\/\/www.alexetalex.com\/ca\/wp-content\/uploads\/2019\/09\/tangor-ortanique-culture-600x450.jpg 600w, https:\/\/www.alexetalex.com\/ca\/wp-content\/uploads\/2019\/09\/tangor-ortanique-culture-250x188.jpg 250w, https:\/\/www.alexetalex.com\/ca\/wp-content\/uploads\/2019\/09\/tangor-ortanique-culture-768x576.jpg 768w, https:\/\/www.alexetalex.com\/ca\/wp-content\/uploads\/2019\/09\/tangor-ortanique-culture-700x525.jpg 700w, https:\/\/www.alexetalex.com\/ca\/wp-content\/uploads\/2019\/09\/tangor-ortanique-culture-120x90.jpg 120w, https:\/\/www.alexetalex.com\/ca\/wp-content\/uploads\/2019\/09\/tangor-ortanique-culture-320x240.jpg 320w\" sizes=\"(max-width: 1000px) 100vw, 1000px\" \/><\/p>\n<p>Aujourd&rsquo;hui, les zones de production du tangor sont l&rsquo;\u00eele de la R\u00e9union, la Californie, Chypre, l&rsquo;Afrique du Sud, l&rsquo;Australie ou encore l&rsquo;Espagne et le Maroc.<\/p>\n<p><H2>II] Tangor : bienfaits nutritionnels<\/H2><\/p>\n<p>Quand la saison du tangor b\u00e2t son plein, cet agrume a vraiment la c\u00f4te dans les pays o\u00f9 il jouit d&rsquo;une plus grande notori\u00e9t\u00e9. Et ce n&rsquo;est pas simplement pour son go\u00fbt sucr\u00e9 qu&rsquo;il est si pris\u00e9, c&rsquo;est aussi en raison de ses qualit\u00e9s nutrionnelles.<\/p>\n<p><H3>Tangor : Analyse nutritionnelle<\/H3><\/p>\n<p>Comme tous les agrumes, le tangor est riche en vitamines, notamment en vitamines C. <\/p>\n<p>Dans 100 grammes de ce fruit, on peut trouver:<br \/>\n<br \/>&#8211; 56.7\u03bcg de Vitamin A<br \/>\n<br \/>&#8211; 0.38mg de Vitamin E<br \/>\n<br \/>&#8211; 0.11mg de Vitamin B1<br \/>\n<br \/>&#8211; 0.04mg de Vitamin B2<br \/>\n<br \/>&#8211; 66.78 mg de Vitamine C<\/p>\n<p>Avec la teneur en vitamine C du Tangor, cet agrume est un puissant antioxydant. Par cela, la consommation du tangor aide \u00e0 renforcer le syst\u00e8me immunitaire et le renouvellement cellulaire. Cet agrume est alors b\u00e9n\u00e9fique pour la peau en la rendant lisse et \u00e9lastique.<\/p>\n<p>Comme tout agrume, le Tangor est une bonne source de fibres. Cela est alors tr\u00e8s b\u00e9n\u00e9fique pour la digestion et la perte de poids. C\u2019est dans cette perspective que le Tangor est un alli\u00e9 de taille pendant les r\u00e9gimes. Le faible apport calorique fait de lui un <i>diet friendly<\/i>.<\/p>\n<p>De par sa contenance nutritive, le Tangor, comme tout agrume, poss\u00e8de des propri\u00e9t\u00e9s anti canc\u00e9rig\u00e8nes en bloquant l\u2019expression des g\u00e8nes responsables des maladies d\u00e9g\u00e9n\u00e9ratives, comme le cancer, et en emp\u00eachant la formation des nouvelles cellules canc\u00e9reuses.<\/p>\n<p><H3>Le tangor : une anti-grippe naturel<\/H3><\/p>\n<p>Avec la teneur en vitamine C \u00e9lev\u00e9 du Tangor, ce fruit est une anti-grippe efficace. <\/p>\n<p>A consommer nature, le tangor est un casse grippe des plus \u00e9tonnants. Mais pour plus de performance, il est possible d\u2019en faire une tisane ou une d\u00e9coction avec des ingr\u00e9dients naturels. Pour faire agir les effets, il est pr\u00e9f\u00e9rable d\u2019ing\u00e9rer la d\u00e9coction ti\u00e8de.<\/p>\n<p>Pour cela, il faut du gingembre et du miel. Avec le jus d\u2019un tangor, une tasse d\u2019eau bouillante, du gingembre frais r\u00e2p\u00e9 (en petite quantit\u00e9) et une cuill\u00e8re \u00e0 soupe de miel, la grippe et le rhume ne feront plus effet.<\/p>\n<p>Le principe est de laisser le gingembre infuser dans le m\u00e9lange d\u2019eau, de jus et de miel et d\u2019\u00e9goutter le tout par la suite. Il ne suffit juste que de boire l\u2019infusion encore chaude et de la laisser agir.<\/p>\n<p><H3>Le tangor : un agrume d&rsquo;apparence rustique, mais au jus d\u00e9licieux<\/H3><\/p>\n<p>Il ne faut pas juger un fruit de par son apparence. Le tangor est un fruit l\u00e9g\u00e8rement puriforme et est dot\u00e9 parfois d\u2019un petit nombril. Ce fruit \u00e0 une peau rugueuse et aussi tachet\u00e9e mais dont la chair est tr\u00e8s parfum\u00e9e. <\/p>\n<p>Il est particuli\u00e8rement consomm\u00e9 press\u00e9, car non seulement un tangor sera tr\u00e8s prolifique en jus (il produit 60% de son poids en jus), mais surtout car ce jus est d\u00e9licieusement sucr\u00e9, avec une pointe d&rsquo;acidit\u00e9, juste ce qu&rsquo;il faut pour une alliance parfaite de saveur.<\/p>\n<p><H2>III] Le saviez-vous ?<\/H2><\/p>\n<p>\n<H3>Tangor de la R\u00e9union<\/H3><\/p>\n<p>Sur l&rsquo;\u00eele de la R\u00e9union, lorsque la fin du mois de juin approche, les tangors innondent litt\u00e9ralement les march\u00e9s, les \u00e9tals de bords des routes et les supermarch\u00e9s !<\/p>\n<p>En effet, l&rsquo;\u00eele de la R\u00e9union est une grande productrice de cet agrume, mais cette production est en grande partie destin\u00e9e la consommation locale.<br \/>\n<br \/>C&rsquo;est dans le sud de l&rsquo;\u00eele, sur la commune de Petite-\u00cele qu&rsquo;on retrouve la quasi totalit\u00e9 des vergers de tangor.<br \/>\n<br \/>On compte tout de m\u00eame plus de 250 hectares de vergers de cet agrume sur toute l&rsquo;\u00eele.<\/p>\n<p>Les r\u00e9unionais ont d&rsquo;ailleurs un nom bien \u00e0 eux pour d\u00e9signer cet agrume : l&rsquo;<i>Orange P\u00e9i<\/i>.<\/p>\n<p><H3>Les tangors peuvent \u00eatre verts et parfaitement m\u00fbrs<\/H3> <\/p>\n<p>Pour choisir les tangors, ne vous fiez pas \u00e0 leur couleur : les tangors peuvent \u00eatre verts et parfaitement m\u00fbrs ! En effet, comme la plupart des autres agrumes (cl\u00e9mentines, oranges&#8230;etc.), si les tangors ne subissent pas de temp\u00e9ratures suffisamment basses pour transformer la chlorophylle en pigments jaunes, rouges ou orang\u00e9s, ils restent verts (mais peuvent n\u00e9anmoins \u00eatre parfaitement m\u00fbrs et tr\u00e8s bons \u00e0 manger).<\/p>\n<p>\u00c9galement, si quelques t\u00e2ches brunes sont pr\u00e9sentes \u00e0 la surface de ce fruit, pas de panique, ce n&rsquo;est pas le signe d&rsquo;un fruit malade ou de mauvaise qualit\u00e9. Au contraire, ces t\u00e2ches sont en r\u00e9alit\u00e9s les garantes d&rsquo;un fruit de qualit\u00e9.<\/p>\n<p><img loading=\"lazy\" width=\"582\" height=\"436\" src=\"https:\/\/www.alexetalex.com\/ca\/wp-content\/uploads\/2019\/09\/tangor-coupe-1.jpg\" alt=\"etal de tangors murs et orange\" class=\"alignnone size-full wp-image-11620\" srcset=\"https:\/\/www.alexetalex.com\/ca\/wp-content\/uploads\/2019\/09\/tangor-coupe-1.jpg 582w, https:\/\/www.alexetalex.com\/ca\/wp-content\/uploads\/2019\/09\/tangor-coupe-1-250x187.jpg 250w, https:\/\/www.alexetalex.com\/ca\/wp-content\/uploads\/2019\/09\/tangor-coupe-1-120x90.jpg 120w, https:\/\/www.alexetalex.com\/ca\/wp-content\/uploads\/2019\/09\/tangor-coupe-1-320x240.jpg 320w\" sizes=\"(max-width: 582px) 100vw, 582px\" \/><\/p>\n<p><H3>Tangor : agrume aux appellations multiples<\/H3> <\/p>\n<p>En fonction de sa zone de production, le tangor change d&rsquo;appellation ! <\/p>\n<p>C&rsquo;est pourquoi ce seront des <i>Topaz<\/i> et non des Tangors que vous rencontrerez aux \u00c9tats-Unis, des <i>Tambor<\/i> si vous en croisez sur les march\u00e9s Sud-Africains ou encore des <i>Mandora<\/i> pour les tangors chypriotes ! <\/p>\n<p>En fonction de sa zone de production, le tangor arrive \u00e0 maturit\u00e9 \u00e0 des mois diff\u00e9rents. On peut donc dire que le tangor change de nom en fonction du mois o\u00f9 on le rencontre ! <\/p>\n<p><strong>Pour continuer d&rsquo;apprendre :<\/strong><br \/>\n<br \/>&#8211; <a href=\"https:\/\/www.alexetalex.com\/ca\/dossiers-fruites\/route-des-fruits\/bergamote\/\" rel=\"noopener\" target=\"_blank\">La Bergamote : plus qu&rsquo;un agrume, un PARFUM !<\/a><br \/>\n<br \/>&#8211; <a href=\"https:\/\/www.alexetalex.com\/ca\/dossiers-fruites\/route-des-fruits\/limette\/\" rel=\"noopener\" target=\"_blank\">La Limette : \u00e0 ne pas confondre avec le citron vert !<\/a><br \/>\n<br \/>&#8211; <a href=\"https:\/\/www.alexetalex.com\/ca\/dossiers-fruites\/fruit-et-nutrition\/mineolas\/\" rel=\"noopener\" target=\"_blank\">Le Mineolas : un agrume surprenant venu d&rsquo;Indon\u00e9sie<\/a><\/p>\n","protected":false},"excerpt":{"rendered":"<p>Tangor : le guide complet de ce fruit m\u00e9connu Si on vous dit agrume, de la taille d&rsquo;une orange, de la forme d&rsquo;une orange et de couleur orange, vous pensez \u00e0 ? \u00c0 l&rsquo;orange bien s\u00fbr ! Mais cette description peut aussi correspondre au Tangor ! Il est vrai que cet agrume reste encore peu [&hellip;]<\/p>\n","protected":false},"author":4,"featured_media":11615,"parent":8732,"menu_order":0,"comment_status":"closed","ping_status":"closed","template":"template-single-dossiers-fruites.php","meta":{"_et_pb_use_builder":"","_et_pb_old_content":"","_et_gb_content_width":""},"acf":[],"yoast_head":"<!-- This site is optimized with the Yoast SEO plugin v17.6 - https:\/\/yoast.com\/wordpress\/plugins\/seo\/ -->\n<title>Tangor : le guide complet de ce fruit cultiv\u00e9 \u00e0 La R\u00e9union - Alex&amp;Alex<\/title>\n<meta name=\"description\" content=\"Le tangor est une esp\u00e8ce hybride, c&#039;est \u00e0 dire issue d&#039;un croisement entre deux vari\u00e9t\u00e9s d&#039;agrumes : la tangerine (agrume proche de la mandarine) et l&#039;orange. D&#039;o\u00f9 son nom, tang-or, pour TANGerine et ORange.\" \/>\n<meta name=\"robots\" content=\"index, follow, max-snippet:-1, max-image-preview:large, max-video-preview:-1\" \/>\n<link rel=\"canonical\" href=\"https:\/\/www.alexetalex.com\/ca\/dossiers-fruites\/route-des-fruits\/tangor\/\" \/>\n<meta property=\"og:locale\" content=\"fr_FR\" \/>\n<meta property=\"og:type\" content=\"article\" \/>\n<meta property=\"og:title\" content=\"Tangor : le guide complet de ce fruit cultiv\u00e9 \u00e0 La R\u00e9union - Alex&amp;Alex\" \/>\n<meta property=\"og:description\" content=\"Le tangor est une esp\u00e8ce hybride, c&#039;est \u00e0 dire issue d&#039;un croisement entre deux vari\u00e9t\u00e9s d&#039;agrumes : la tangerine (agrume proche de la mandarine) et l&#039;orange. D&#039;o\u00f9 son nom, tang-or, pour TANGerine et ORange.\" \/>\n<meta property=\"og:url\" content=\"https:\/\/www.alexetalex.com\/ca\/dossiers-fruites\/route-des-fruits\/tangor\/\" \/>\n<meta property=\"article:modified_time\" content=\"2019-10-12T00:42:26+00:00\" \/>\n<meta property=\"og:image\" content=\"https:\/\/www.alexetalex.com\/ca\/wp-content\/uploads\/2019\/09\/tangor2.jpg\" \/>\n\t<meta property=\"og:image:width\" content=\"350\" \/>\n\t<meta property=\"og:image:height\" content=\"185\" \/>\n<meta name=\"twitter:label1\" content=\"Dur\u00e9e de lecture estim\u00e9e\" \/>\n\t<meta name=\"twitter:data1\" content=\"8 minutes\" \/>\n<script type=\"application\/ld+json\" class=\"yoast-schema-graph\">{\"@context\":\"https:\/\/schema.org\",\"@graph\":[{\"@type\":\"Organization\",\"@id\":\"https:\/\/www.alexetalex.com\/ca\/#organization\",\"name\":\"Alex & Alex\",\"url\":\"https:\/\/www.alexetalex.com\/ca\/\",\"sameAs\":[],\"logo\":{\"@type\":\"ImageObject\",\"@id\":\"https:\/\/www.alexetalex.com\/ca\/#logo\",\"inLanguage\":\"fr-FR\",\"url\":\"https:\/\/www.alexetalex.com\/ca\/wp-content\/uploads\/2020\/04\/alexalex-1.png\",\"contentUrl\":\"https:\/\/www.alexetalex.com\/ca\/wp-content\/uploads\/2020\/04\/alexalex-1.png\",\"width\":51,\"height\":50,\"caption\":\"Alex & Alex\"},\"image\":{\"@id\":\"https:\/\/www.alexetalex.com\/ca\/#logo\"}},{\"@type\":\"WebSite\",\"@id\":\"https:\/\/www.alexetalex.com\/ca\/#website\",\"url\":\"https:\/\/www.alexetalex.com\/ca\/\",\"name\":\"\",\"description\":\"\",\"publisher\":{\"@id\":\"https:\/\/www.alexetalex.com\/ca\/#organization\"},\"potentialAction\":[{\"@type\":\"SearchAction\",\"target\":{\"@type\":\"EntryPoint\",\"urlTemplate\":\"https:\/\/www.alexetalex.com\/ca\/?s={search_term_string}\"},\"query-input\":\"required name=search_term_string\"}],\"inLanguage\":\"fr-FR\"},{\"@type\":\"ImageObject\",\"@id\":\"https:\/\/www.alexetalex.com\/ca\/dossiers-fruites\/route-des-fruits\/tangor\/#primaryimage\",\"inLanguage\":\"fr-FR\",\"url\":\"https:\/\/www.alexetalex.com\/ca\/wp-content\/uploads\/2019\/09\/tangor2.jpg\",\"contentUrl\":\"https:\/\/www.alexetalex.com\/ca\/wp-content\/uploads\/2019\/09\/tangor2.jpg\",\"width\":350,\"height\":185,\"caption\":\"Ortanique tangor, CRC 3368, in field 12B, row 35, tree 2, on C-35, at the University of California, Riverside Citrus Variety Collection. 4\/22\/14 \\u00a9 David Karp and Toni Siebert \/ CVC\"},{\"@type\":\"WebPage\",\"@id\":\"https:\/\/www.alexetalex.com\/ca\/dossiers-fruites\/route-des-fruits\/tangor\/#webpage\",\"url\":\"https:\/\/www.alexetalex.com\/ca\/dossiers-fruites\/route-des-fruits\/tangor\/\",\"name\":\"Tangor : le guide complet de ce fruit cultiv\\u00e9 \\u00e0 La R\\u00e9union - Alex&Alex\",\"isPartOf\":{\"@id\":\"https:\/\/www.alexetalex.com\/ca\/#website\"},\"primaryImageOfPage\":{\"@id\":\"https:\/\/www.alexetalex.com\/ca\/dossiers-fruites\/route-des-fruits\/tangor\/#primaryimage\"},\"datePublished\":\"2019-09-12T08:58:24+00:00\",\"dateModified\":\"2019-10-12T00:42:26+00:00\",\"description\":\"Le tangor est une esp\\u00e8ce hybride, c'est \\u00e0 dire issue d'un croisement entre deux vari\\u00e9t\\u00e9s d'agrumes : la tangerine (agrume proche de la mandarine) et l'orange. D'o\\u00f9 son nom, tang-or, pour TANGerine et ORange.\",\"breadcrumb\":{\"@id\":\"https:\/\/www.alexetalex.com\/ca\/dossiers-fruites\/route-des-fruits\/tangor\/#breadcrumb\"},\"inLanguage\":\"fr-FR\",\"potentialAction\":[{\"@type\":\"ReadAction\",\"target\":[\"https:\/\/www.alexetalex.com\/ca\/dossiers-fruites\/route-des-fruits\/tangor\/\"]}]},{\"@type\":\"BreadcrumbList\",\"@id\":\"https:\/\/www.alexetalex.com\/ca\/dossiers-fruites\/route-des-fruits\/tangor\/#breadcrumb\",\"itemListElement\":[{\"@type\":\"ListItem\",\"position\":1,\"name\":\"Magazine\",\"item\":\"https:\/\/www.alexetalex.com\/ca\/dossiers-fruites\/\"},{\"@type\":\"ListItem\",\"position\":2,\"name\":\"Fruits\",\"item\":\"https:\/\/www.alexetalex.com\/ca\/dossiers-fruites\/route-des-fruits\/\"},{\"@type\":\"ListItem\",\"position\":3,\"name\":\"Article\"}]}]}<\/script>\n<!-- \/ Yoast SEO plugin. -->","yoast_head_json":{"title":"Tangor : le guide complet de ce fruit cultiv\u00e9 \u00e0 La R\u00e9union - Alex&Alex","description":"Le tangor est une esp\u00e8ce hybride, c'est \u00e0 dire issue d'un croisement entre deux vari\u00e9t\u00e9s d'agrumes : la tangerine (agrume proche de la mandarine) et l'orange. D'o\u00f9 son nom, tang-or, pour TANGerine et ORange.","robots":{"index":"index","follow":"follow","max-snippet":"max-snippet:-1","max-image-preview":"max-image-preview:large","max-video-preview":"max-video-preview:-1"},"canonical":"https:\/\/www.alexetalex.com\/ca\/dossiers-fruites\/route-des-fruits\/tangor\/","og_locale":"fr_FR","og_type":"article","og_title":"Tangor : le guide complet de ce fruit cultiv\u00e9 \u00e0 La R\u00e9union - Alex&Alex","og_description":"Le tangor est une esp\u00e8ce hybride, c'est \u00e0 dire issue d'un croisement entre deux vari\u00e9t\u00e9s d'agrumes : la tangerine (agrume proche de la mandarine) et l'orange. D'o\u00f9 son nom, tang-or, pour TANGerine et ORange.","og_url":"https:\/\/www.alexetalex.com\/ca\/dossiers-fruites\/route-des-fruits\/tangor\/","article_modified_time":"2019-10-12T00:42:26+00:00","og_image":[{"width":350,"height":185,"url":"https:\/\/www.alexetalex.com\/ca\/wp-content\/uploads\/2019\/09\/tangor2.jpg","type":"image\/jpeg"}],"twitter_misc":{"Dur\u00e9e de lecture estim\u00e9e":"8 minutes"},"schema":{"@context":"https:\/\/schema.org","@graph":[{"@type":"Organization","@id":"https:\/\/www.alexetalex.com\/ca\/#organization","name":"Alex & Alex","url":"https:\/\/www.alexetalex.com\/ca\/","sameAs":[],"logo":{"@type":"ImageObject","@id":"https:\/\/www.alexetalex.com\/ca\/#logo","inLanguage":"fr-FR","url":"https:\/\/www.alexetalex.com\/ca\/wp-content\/uploads\/2020\/04\/alexalex-1.png","contentUrl":"https:\/\/www.alexetalex.com\/ca\/wp-content\/uploads\/2020\/04\/alexalex-1.png","width":51,"height":50,"caption":"Alex & Alex"},"image":{"@id":"https:\/\/www.alexetalex.com\/ca\/#logo"}},{"@type":"WebSite","@id":"https:\/\/www.alexetalex.com\/ca\/#website","url":"https:\/\/www.alexetalex.com\/ca\/","name":"","description":"","publisher":{"@id":"https:\/\/www.alexetalex.com\/ca\/#organization"},"potentialAction":[{"@type":"SearchAction","target":{"@type":"EntryPoint","urlTemplate":"https:\/\/www.alexetalex.com\/ca\/?s={search_term_string}"},"query-input":"required name=search_term_string"}],"inLanguage":"fr-FR"},{"@type":"ImageObject","@id":"https:\/\/www.alexetalex.com\/ca\/dossiers-fruites\/route-des-fruits\/tangor\/#primaryimage","inLanguage":"fr-FR","url":"https:\/\/www.alexetalex.com\/ca\/wp-content\/uploads\/2019\/09\/tangor2.jpg","contentUrl":"https:\/\/www.alexetalex.com\/ca\/wp-content\/uploads\/2019\/09\/tangor2.jpg","width":350,"height":185,"caption":"Ortanique tangor, CRC 3368, in field 12B, row 35, tree 2, on C-35, at the University of California, Riverside Citrus Variety Collection. 4\/22\/14 \u00a9 David Karp and Toni Siebert \/ CVC"},{"@type":"WebPage","@id":"https:\/\/www.alexetalex.com\/ca\/dossiers-fruites\/route-des-fruits\/tangor\/#webpage","url":"https:\/\/www.alexetalex.com\/ca\/dossiers-fruites\/route-des-fruits\/tangor\/","name":"Tangor : le guide complet de ce fruit cultiv\u00e9 \u00e0 La R\u00e9union - Alex&Alex","isPartOf":{"@id":"https:\/\/www.alexetalex.com\/ca\/#website"},"primaryImageOfPage":{"@id":"https:\/\/www.alexetalex.com\/ca\/dossiers-fruites\/route-des-fruits\/tangor\/#primaryimage"},"datePublished":"2019-09-12T08:58:24+00:00","dateModified":"2019-10-12T00:42:26+00:00","description":"Le tangor est une esp\u00e8ce hybride, c'est \u00e0 dire issue d'un croisement entre deux vari\u00e9t\u00e9s d'agrumes : la tangerine (agrume proche de la mandarine) et l'orange. D'o\u00f9 son nom, tang-or, pour TANGerine et ORange.","breadcrumb":{"@id":"https:\/\/www.alexetalex.com\/ca\/dossiers-fruites\/route-des-fruits\/tangor\/#breadcrumb"},"inLanguage":"fr-FR","potentialAction":[{"@type":"ReadAction","target":["https:\/\/www.alexetalex.com\/ca\/dossiers-fruites\/route-des-fruits\/tangor\/"]}]},{"@type":"BreadcrumbList","@id":"https:\/\/www.alexetalex.com\/ca\/dossiers-fruites\/route-des-fruits\/tangor\/#breadcrumb","itemListElement":[{"@type":"ListItem","position":1,"name":"Magazine","item":"https:\/\/www.alexetalex.com\/ca\/dossiers-fruites\/"},{"@type":"ListItem","position":2,"name":"Fruits","item":"https:\/\/www.alexetalex.com\/ca\/dossiers-fruites\/route-des-fruits\/"},{"@type":"ListItem","position":3,"name":"Article"}]}]}},"_links":{"self":[{"href":"https:\/\/www.alexetalex.com\/ca\/wp-json\/wp\/v2\/pages\/10769"}],"collection":[{"href":"https:\/\/www.alexetalex.com\/ca\/wp-json\/wp\/v2\/pages"}],"about":[{"href":"https:\/\/www.alexetalex.com\/ca\/wp-json\/wp\/v2\/types\/page"}],"author":[{"embeddable":true,"href":"https:\/\/www.alexetalex.com\/ca\/wp-json\/wp\/v2\/users\/4"}],"replies":[{"embeddable":true,"href":"https:\/\/www.alexetalex.com\/ca\/wp-json\/wp\/v2\/comments?post=10769"}],"version-history":[{"count":0,"href":"https:\/\/www.alexetalex.com\/ca\/wp-json\/wp\/v2\/pages\/10769\/revisions"}],"up":[{"embeddable":true,"href":"https:\/\/www.alexetalex.com\/ca\/wp-json\/wp\/v2\/pages\/8732"}],"wp:featuredmedia":[{"embeddable":true,"href":"https:\/\/www.alexetalex.com\/ca\/wp-json\/wp\/v2\/media\/11615"}],"wp:attachment":[{"href":"https:\/\/www.alexetalex.com\/ca\/wp-json\/wp\/v2\/media?parent=10769"}],"curies":[{"name":"wp","href":"https:\/\/api.w.org\/{rel}","templated":true}]}}