{"id":10872,"date":"2019-08-25T14:20:18","date_gmt":"2019-08-25T13:20:18","guid":{"rendered":"https:\/\/www.alexetalex.com\/ca\/?page_id=10872"},"modified":"2019-09-07T06:39:16","modified_gmt":"2019-09-07T05:39:16","slug":"longane","status":"publish","type":"page","link":"https:\/\/www.alexetalex.com\/ca\/dossiers-fruites\/route-des-fruits\/longane\/","title":{"rendered":"Longane (fruit) : guide complet"},"content":{"rendered":"<p><H1>Longane : guide complet de ce fruit venu d&rsquo;Asie du Sud-Est<\/H1><\/p>\n<p>Oeil du Dragon, c&rsquo;est ainsi que les chinois appellent ce petit fruit originaire du sud-est de l\u2019Asie. Cousin du <a href=\"https:\/\/www.alexetalex.com\/ca\/dossiers-fruites\/fruit-et-nutrition\/litchi-fruit\/\" rel=\"noopener\" target=\"_blank\">litchi<\/a>, il ne jouit pourtant pas de la m\u00eame popularit\u00e9 sous nos latitudes. Et c&rsquo;est dommage car il a de belles qualit\u00e9s \u00e0 faire valoir : une pulpe tr\u00e8s sucr\u00e9e, une peau fine et lisse, c&rsquo;est un fruit d\u00e9licieux facile \u00e0 transporter et \u00e0 manger. Arrivant \u00e0 maturit\u00e9 juste apr\u00e8s le litchi, il permet ainsi de prolonger les plaisirs exotiques pour les adeptes de ce fruit. <\/p>\n<p>Jetons donc un \u0153il (de dragon) sur ce qui se cache derri\u00e8re ce fruit m\u00e9connu.<\/p>\n<p><img loading=\"lazy\" width=\"841\" height=\"569\" src=\"https:\/\/www.alexetalex.com\/ca\/wp-content\/uploads\/2019\/08\/90620306_s.jpg\" alt=\"Longane, un fruit sucr\u00e9 Asie du sud Est\" class=\"alignnone size-full wp-image-11295\" srcset=\"https:\/\/www.alexetalex.com\/ca\/wp-content\/uploads\/2019\/08\/90620306_s.jpg 841w, https:\/\/www.alexetalex.com\/ca\/wp-content\/uploads\/2019\/08\/90620306_s-600x406.jpg 600w, https:\/\/www.alexetalex.com\/ca\/wp-content\/uploads\/2019\/08\/90620306_s-250x169.jpg 250w, https:\/\/www.alexetalex.com\/ca\/wp-content\/uploads\/2019\/08\/90620306_s-768x520.jpg 768w, https:\/\/www.alexetalex.com\/ca\/wp-content\/uploads\/2019\/08\/90620306_s-700x474.jpg 700w, https:\/\/www.alexetalex.com\/ca\/wp-content\/uploads\/2019\/08\/90620306_s-120x81.jpg 120w, https:\/\/www.alexetalex.com\/ca\/wp-content\/uploads\/2019\/08\/90620306_s-320x217.jpg 320w\" sizes=\"(max-width: 841px) 100vw, 841px\" \/><\/p>\n<p><H2>I] Longane : tout savoir en 2 min sur ce fruit encore confidentiel en Europe<\/H2><\/p>\n<p>Le longane est un fruit issu de l\u2019arbre que l\u2019on appelle \u00ab longanier \u00bb. Il tient son nom du cantonais lung ngaan et du vietnamien long nh\u00e4n qui veut dire \u00ab \u0153il du dragon \u00bb. Le longane est un fruit comestible de forme ovale. Il fait partie de la famille des Sapindaceae au m\u00eame titre que le litchi, le quenettier et le ramboutan.<\/p>\n<p><H3>Longane : le fruit du longanier, un arbre tropical originaire d&rsquo;Asie<\/H3><\/p>\n<p>Le longanier est un arbre tropical et subtropical pouvant atteindre une hauteur de plus de 20 m\u00e8tres. Il se caract\u00e9rise par de grandes feuilles vertes persistantes, un tronc \u00e9pais et solide et une \u00e9corce brune fissur\u00e9e  ressemblant \u00e0 du li\u00e8ge. Les fleurs du longanier sont blanc-cr\u00e8mes, voir jaunes, et sont un vrai r\u00e9gal pour les abeilles, qui trouvent dans ces fleurs un nectar subtil et tr\u00e8s sucr\u00e9.<\/p>\n<p>Le fruit, le longane, est d&rsquo;une taille similaire \u00e0 celle d&rsquo;un litchi. Sa peau est en revanche de couleur jaune-marron, et pr\u00e9sente de petites asp\u00e9rit\u00e9es moins marqu\u00e9es que celles de son fameux cousin. Une fois le fruit cueilli, cette enveloppe peut rapidement brunir pour tendre vers le brun fonc\u00e9. C&rsquo;est pourquoi ce fruit est cueilli la plupart du temps avec sa branche, pour conserver le plus longtemps possible les belles couleurs du fruit.<br \/>\nEn moyenne, les longanes mesurent 2 cm de diam\u00e8tre, poussent en grappe, et on peut trouver jusqu&rsquo;\u00e0 une trentaine de fruits par grappe.<\/p>\n<p>Une fois la peau retir\u00e9e, c&rsquo;est une pulpe blanche, juteuse et sucr\u00e9e qui s&rsquo;offre \u00e0 nous. Difficile de se retenir d&rsquo;y croquer \u00e0 pleine dent! Mais attention tout de m\u00eame \u00e0 ne pas avaler le noyau noir et brillant qu&rsquo;elle renferme, car m\u00eame s&rsquo;il est r\u00e9put\u00e9 en m\u00e9decine traditionnelle chinoise pour ses vertues apaisantes, c&rsquo;est bien en infusion et non pas en l&rsquo;ing\u00e9rant qu&rsquo;il vous transmettra ses vertues!<br \/>\n<br \/>\nC&rsquo;est la t\u00e2che blanche qui se trouve en son milieu de ce noyau qui rappelle un \u0153il et qui lui a valut ce nom d&rsquo;\u0153il du Dragon.<br \/>\n<br \/>\nOn peut aussi noter que la taille du noyau diff\u00e8re selon la vari\u00e9t\u00e9 du longane. Et on recence une grande diversit\u00e9 : le Diamond River (Tha\u00eflande), le Biew Kiew (Tha\u00eflande), le Kohala (\u00eele Hawa\u00ef) ou encore le Fukien Lungan (Chine) pour ne citer qu&rsquo;eux. <\/p>\n<p><H3>Longane : saison et zones de culture<\/H3><\/p>\n<p>On cultive traditionnellement le longanier dans le sud-est de la Chine, au nord de la Tha\u00eflande, mais surtout au Vietnam (nord et sud). C\u2019est un arbre qui pousse naturellement dans un sol profond, l\u00e9ger et humif\u00e8re. On peut cultiver le longanier soit \u00e0 partir d&rsquo;un noyau du fruit, que l&rsquo;on enterrera sous quelques centim\u00e8tres de terreau l\u00e9ger, soit par bouturage .<br \/>\n<br \/>\nEn sa qualit\u00e9 d&rsquo;arbre exotique, il ne supporte pas tr\u00e8s bien le froid et g\u00e8le d\u00e8s que les temp\u00e9ratures avoisinent les -4 \u00b0C.  Sa culture en pot est envisageable, mais le longagnier ne pourra pas s&rsquo;y d\u00e9velopper en tant qu&rsquo;arbre fruitier, et restera au stade d&rsquo;arbuste d\u00e9coratif.<\/p>\n<p><img loading=\"lazy\" width=\"847\" height=\"565\" src=\"https:\/\/www.alexetalex.com\/ca\/wp-content\/uploads\/2019\/08\/84363612_s.jpg\" alt=\"magnifique arbre exotique , le longanier\" class=\"alignnone size-full wp-image-11297\" srcset=\"https:\/\/www.alexetalex.com\/ca\/wp-content\/uploads\/2019\/08\/84363612_s.jpg 847w, https:\/\/www.alexetalex.com\/ca\/wp-content\/uploads\/2019\/08\/84363612_s-600x400.jpg 600w, https:\/\/www.alexetalex.com\/ca\/wp-content\/uploads\/2019\/08\/84363612_s-250x167.jpg 250w, https:\/\/www.alexetalex.com\/ca\/wp-content\/uploads\/2019\/08\/84363612_s-768x512.jpg 768w, https:\/\/www.alexetalex.com\/ca\/wp-content\/uploads\/2019\/08\/84363612_s-700x467.jpg 700w, https:\/\/www.alexetalex.com\/ca\/wp-content\/uploads\/2019\/08\/84363612_s-120x80.jpg 120w, https:\/\/www.alexetalex.com\/ca\/wp-content\/uploads\/2019\/08\/84363612_s-320x213.jpg 320w, https:\/\/www.alexetalex.com\/ca\/wp-content\/uploads\/2019\/08\/84363612_s-272x182.jpg 272w\" sizes=\"(max-width: 847px) 100vw, 847px\" \/><\/p>\n<p>En dehors de ses zones de pr\u00e9sence end\u00e9mique, le longanier peut donc se cultiver dans les zones g\u00e9ographiques \u00e0 gel l\u00e9ger : dans l&rsquo;oc\u00e9an Idien il s&rsquo;est acclimat\u00e9 aux \u00eeles de Madagascar, de Maurice et de la R\u00e9union, et on trouve \u00e9galement des plantations de longaniers en Californie et en Floride.<\/p>\n<p><H3>Longane : prix au kilo = 15 \u20ac environ<\/H3><\/p>\n<p>Commme pour tout fruit, le prix du kilo de longane d\u00e9pend de nombreux facteurs comme la maturit\u00e9 du fruit, la vari\u00e9t\u00e9, le calibrage, la fra\u00eecheur, &#8230; Mais en moyenne, un kilo de longane co\u00fbte dans les 15 euros. Et pour faire le bon choix lors de l\u2019achat, demandez \u00e0 go\u00fbter le fruit. S\u2019il est amer, alors il n\u2019est pas encore compl\u00e8tement mature. Aussi, pr\u00eatez une attention particuli\u00e8re \u00e0 sa coque au moment de l\u2019achat, qui doit \u00eatre exempte de toute bosse ou fissure qui seraient alors le signe de fruits ab\u00eem\u00e9s de pi\u00e8tre qualit\u00e9. <\/p>\n<p><H2>II] Longane : bienfaits, vertus et usages culinaires<\/H2><\/p>\n<p>Les bienfaits pour la sant\u00e9 et les qualit\u00e9s nutrionnelles du longane sont nombreux et ind\u00e9niables. En Asie, il a tout autant sa place en cuisine que dans la pharmacop\u00e9 traditionnelle. Il peut se consommer cru, en jus ou encore s\u00e9ch\u00e9.<\/p>\n<p><H3>Le longane : calories et valeurs nutritives<\/H3><\/p>\n<p>Le longane est un fruit exotique tr\u00e8s faible en calories; on compte \u00e0 peine 20 calories par fruit. Et pourtant, il est extr\u00eamement riche en vitamines A, C et D ainsi qu\u2019en min\u00e9raux comme le calcium, le fer ou le potassium. <\/p>\n<p>Pour une teneur de 100 grammes, on retrouve :<br \/>\n<br \/>&#8211; 83 % d\u2019eau<br \/>\n<br \/>&#8211; 60 kcal de calories<br \/>\n<br \/>&#8211; 1,30 gramme de prot\u00e9ines<br \/>\n<br \/>&#8211; 0,10 gramme de lipides<br \/>\n<br \/>&#8211; 15,10 grammes de glucides<br \/>\n<br \/>&#8211; 1,10 gramme de fibres alimentaires<br \/>\n<br \/>&#8211; 0,13 mg de fer<br \/>\n<br \/>&#8211; 266 mg de Potassium<br \/>\n<br \/>&#8211; 21 mg de s phosphore<br \/>\n<br \/>&#8211; 10 mg de magn\u00e9sium<br \/>\n<br \/>&#8211; 84 mg de vitamine C<br \/>\n<br \/>&#8211; 1,10 mg de calcium <\/p>\n<p><H3>Longane &#8211; le fruit du bien-\u00eatre<\/H3><\/p>\n<p>Ce fruit sucr\u00e9 contient un taux \u00e9lev\u00e9 de potassium r\u00e9duisant ainsi la tension art\u00e9rielle. Pour cause, ce min\u00e9ral est un vasodilatateur capable de rel\u00e2cher la tension dans les vaisseaux sanguins ainsi que dans les art\u00e8res. R\u00e9sultats : sa consommation minimise les accidents vasculaires c\u00e9r\u00e9braux, les crises cardiaques ou m\u00eame l\u2019ath\u00e9roscl\u00e9rose.<\/p>\n<p>Autre bienfait : le longane est un bon traitement minceur. Du fait de son faible taux de calories, il permet de perdre rapidement du poids. En parall\u00e8le, la forte densit\u00e9 en apport nutritif vous \u00e9vite d\u2019avoir constamment la sensation de faim. Bref, vous pouvez en manger autant que vous voulez, sans vous soucier de votre apport calorique.<\/p>\n<p>Mais encore, il est une vrai source d\u2019\u00e9nergie. Dans la m\u00e9decine traditionnelle chinoise, il permet d\u2019\u00e9quilibrer le Qi. \u00c0 cet effet, il stimule le m\u00e9tabolisme et immunise des maladies chroniques. Enfin, regorgeant de vitamine C, il est en mesure de booster les activit\u00e9s antioxydantes de l&rsquo;organisme et de renforcer le syst\u00e8me immunitaire.<\/p>\n<p>Enfin, en infusion, le longane am\u00e9liore la digestion: il facilite le transit, permet de diminuer les constipations passag\u00e8res, prot\u00e8ge \u00e9galement des risques de constipation, et limite les ballonements et la diarrh\u00e9e. Et en m\u00eame temps, il rend plus efficace l\u2019absorption des nutriments contenu dans les aliments. <\/p>\n<p><H3>Jus de longane frais : un jus de fruit extr\u00eamement concentr\u00e9<\/H3><\/p>\n<p>Il est tout \u00e0 fait possible de faire un jus de fruit \u00e0 partir de longanes frais. Sa pulpe extr\u00e8menent justeuse permet en effet la pr\u00e9paration de jus sucr\u00e9s, d\u00e9salt\u00e9rants et tr\u00e8s facile \u00e0 pr\u00e9parer. Voici comment proc\u00e9der: <\/p>\n<p>Pour faire du jus de longane, il suffira d\u2019enlever la coque du fruit puis de s\u00e9parer la chair du noyau. Une fois ce travail effectu\u00e9, vous aurez juste \u00e0 placer les morceaux dans la centrifugeuse et de laisser la machine faire son travail. \u00c0 d\u00e9faut de centrifugeuse, vous pouvez faire bouillir les morceaux de longane dans de l\u2019eau sucr\u00e9e et mettre le jus ainsi obtenu au frais. Si vous trouvez le jus obtenu trop sucr\u00e9, n&rsquo;h\u00e9sitez pas \u00e0 le marier avec d&rsquo;autres fruits, moins sucr\u00e9s, pour \u00e9quilibrer la boisson.<\/p>\n<p><H3>Longane s\u00e9ch\u00e9 : usage culinaire et vertus m\u00e9dicinales<\/H3><\/p>\n<p>Le longane s\u00e9ch\u00e9 se d\u00e9guste traditionnellement en fin de repas, mais il peut aussi entrer dans la composition de boissons rafra\u00eechissantes ou bien se combiner avec des plats de riz et de l\u00e9gumes.<br \/>\n<br \/>\nPour le pr\u00e9parer rien de plus simple, il suffit de faire s\u00e9cher le fruit tel quel, nul besoin de retirer sa peau ou le noyau, La chair va naturellement s\u00e9cher et se retracter sous son enveloppe protectrice jaune-brune.<br \/>\nEn cuisine on pourra alors r\u00e9aliser des plats chauds (en soupe), des plats froids (notamment des desserts) voir m\u00eame des sauces. Contrairement au longane frais, sa chair va se colorer en prenant les teintes de la coque et du noyau autour d&rsquo;elle.<\/p>\n<p><img loading=\"lazy\" width=\"847\" height=\"565\" src=\"https:\/\/www.alexetalex.com\/ca\/wp-content\/uploads\/2019\/08\/106877220_s.jpg\" alt=\"exemple de dessert au longane\" class=\"alignnone size-full wp-image-11298\" srcset=\"https:\/\/www.alexetalex.com\/ca\/wp-content\/uploads\/2019\/08\/106877220_s.jpg 847w, https:\/\/www.alexetalex.com\/ca\/wp-content\/uploads\/2019\/08\/106877220_s-600x400.jpg 600w, https:\/\/www.alexetalex.com\/ca\/wp-content\/uploads\/2019\/08\/106877220_s-250x167.jpg 250w, https:\/\/www.alexetalex.com\/ca\/wp-content\/uploads\/2019\/08\/106877220_s-768x512.jpg 768w, https:\/\/www.alexetalex.com\/ca\/wp-content\/uploads\/2019\/08\/106877220_s-700x467.jpg 700w, https:\/\/www.alexetalex.com\/ca\/wp-content\/uploads\/2019\/08\/106877220_s-120x80.jpg 120w, https:\/\/www.alexetalex.com\/ca\/wp-content\/uploads\/2019\/08\/106877220_s-320x213.jpg 320w, https:\/\/www.alexetalex.com\/ca\/wp-content\/uploads\/2019\/08\/106877220_s-272x182.jpg 272w\" sizes=\"(max-width: 847px) 100vw, 847px\" \/><\/p>\n<p>Les vertus m\u00e9dicinales du longane s\u00e9ch\u00e9 ne sont plus \u00e0 prouver. C\u2019est un des meilleurs rem\u00e8des contre le stress et l\u2019anxi\u00e9t\u00e9. Et dans la m\u00e9decine traditionnelle chinoise, il est utilis\u00e9 pour combattre l\u2019insomnie et apaiser le syst\u00e8me nerveux. Il est particuli\u00e8rement recommand\u00e9 pour diminuer les sympt\u00f4mes de fatigue ou les vertiges. Parmi les modes d&rsquo;admission les plus efficaces, on peut noter le th\u00e9 ou l&rsquo;infusion de longane aidant \u00e0 la fois \u00e0  diminuer l\u2019anxi\u00e9t\u00e9, am\u00e9liorer le sommeil et \u00e0 r\u00e9chauffer le corps en hiver.<\/p>\n<p><H2>III] \u00c0 propos du longane : le saviez-vous ?<\/H2><\/p>\n<p>Le longane s\u2019inscrit actuellement parmi les fruits exotiques les plus pris\u00e9s que ce soit en Asie ou dans le reste du monde. Certes, il est moins populaire que le litchi, mais reste n\u00e9anmoins un excellent fruit pour se rafra\u00eechir en saisons chaudes. <\/p>\n<p><H3>Longane et litchi : quelles diff\u00e9rences ?<\/H3><\/p>\n<p>M\u00eame si le litchi et le longane appartiennent tous deux \u00e0 la m\u00eame famille, ils demeurent tr\u00e8s diff\u00e9rents l\u2019un de l\u2019autre. D\u2019abord, ils se distinguent par leur aspect et leur go\u00fbt. En effet, on ne met pas longtemps \u00e0 s\u2019apercevoir que la chair du litchi est plus l\u00e9g\u00e8re et plus juteuse que celle du longane. Et question aspect, ce dernier poss\u00e8de une peau jaune p\u00e2le et lisse tandis que le litchi est plut\u00f4t de couleur rouge vif avec une \u00e9corce h\u00e9riss\u00e9e.<\/p>\n<p><H3>Longane en anglais, et autres appellations locales<\/H3><\/p>\n<p>Le longane est appel\u00e9 en anglais \u00ab longan \u00bb. On le conna\u00eet aussi sous l\u2019appellation botanique de \u00ab Dimocarpus longan \u00bb ou de \u00ab Nephelium longan \u00bb. Enfin, en termes plus courant, on le reconna\u00eet sous le nom de \u00ab longani \u00bb ou \u00ab d\u2019\u0153il de dragon \u00bb.<\/p>\n<p><H3>Longane en conserve : ne perd-il pas ses propri\u00e9t\u00e9s et b\u00e9n\u00e9fices sant\u00e9 ?<\/H3><\/p>\n<p>Le longane frais se conserve relativement bien \u00e0 temp\u00e9rature ambiante (aux alentour de 25\u00b0C), et peut \u00eatre gard\u00e9 sans probl\u00e8me plusieurs jours dans la corbeille \u00e0 fruits.<br \/>\n<br \/>\nPour une conservation de plus longue dur\u00e9e, on trouve des longanes en conserve, notamment dans les supermach\u00e9s asiatiques. Et l\u00e0 pas d&rsquo;inqui\u00e9tude, avec ce mode de conservation le longane conserve tous ses bienfaits et ses vertus sant\u00e9.<br \/>\n<br \/>\nOn peut aussi retrouver du longane en sirop ou confit (c&rsquo;est alors en g\u00e9n\u00e9rale la vari\u00e9t\u00e9 Wu Yuan qui est utilis\u00e9e).<\/p>\n<p><strong>Pour continuer d&rsquo;apprendre :<\/strong><br \/>\n<br \/>&#8211; <a href=\"https:\/\/www.alexetalex.com\/ca\/dossiers-fruites\/fruit-et-nutrition\/litchi-fruit\/\" rel=\"noopener\" target=\"_blank\">Le litchi : le fameux cousin du longane<\/a><br \/>\n<br \/>&#8211; <a href=\"https:\/\/www.alexetalex.com\/ca\/dossiers-fruites\/fruit-et-nutrition\/icaque\/\" rel=\"noopener\" target=\"_blank\">L&rsquo;Iquaque : un mini-fruit au maxi vertues<\/a><br \/>\n<br \/>&#8211; <a href=\"https:\/\/www.alexetalex.com\/ca\/dossiers-fruites\/fruit-et-nutrition\/mangoustan\/\" rel=\"noopener\" target=\"_blank\">Le Mangoustan : dans la famille des fruits \u00e0 la chaire blanche delicieuse<\/a><\/p>\n","protected":false},"excerpt":{"rendered":"<p>Longane : guide complet de ce fruit venu d&rsquo;Asie du Sud-Est Oeil du Dragon, c&rsquo;est ainsi que les chinois appellent ce petit fruit originaire du sud-est de l\u2019Asie. Cousin du litchi, il ne jouit pourtant pas de la m\u00eame popularit\u00e9 sous nos latitudes. Et c&rsquo;est dommage car il a de belles qualit\u00e9s \u00e0 faire valoir [&hellip;]<\/p>\n","protected":false},"author":4,"featured_media":11296,"parent":8732,"menu_order":0,"comment_status":"closed","ping_status":"closed","template":"template-single-dossiers-fruites.php","meta":{"_et_pb_use_builder":"","_et_pb_old_content":"","_et_gb_content_width":""},"acf":[],"yoast_head":"<!-- This site is optimized with the Yoast SEO plugin v17.6 - https:\/\/yoast.com\/wordpress\/plugins\/seo\/ -->\n<title>Longane (\u0153il de dragon) : tout savoir sur ce fruit originaire d&#039;Asie<\/title>\n<meta name=\"description\" content=\"Oeil du Dragon, c&#039;est l&#039;autre nom de ce fruit du sud-est de l\u2019Asie. Cousin du litchi, il offre pulpe tr\u00e8s sucr\u00e9e, peau fine et lisse, facile \u00e0 transporter et \u00e0 manger\" \/>\n<meta name=\"robots\" content=\"index, follow, max-snippet:-1, max-image-preview:large, max-video-preview:-1\" \/>\n<link rel=\"canonical\" href=\"https:\/\/www.alexetalex.com\/ca\/dossiers-fruites\/route-des-fruits\/longane\/\" \/>\n<meta property=\"og:locale\" content=\"fr_FR\" \/>\n<meta property=\"og:type\" content=\"article\" \/>\n<meta property=\"og:title\" content=\"Longane (\u0153il de dragon) : tout savoir sur ce fruit originaire d&#039;Asie\" \/>\n<meta property=\"og:description\" content=\"Oeil du Dragon, c&#039;est l&#039;autre nom de ce fruit du sud-est de l\u2019Asie. Cousin du litchi, il offre pulpe tr\u00e8s sucr\u00e9e, peau fine et lisse, facile \u00e0 transporter et \u00e0 manger\" \/>\n<meta property=\"og:url\" content=\"https:\/\/www.alexetalex.com\/ca\/dossiers-fruites\/route-des-fruits\/longane\/\" \/>\n<meta property=\"article:modified_time\" content=\"2019-09-07T05:39:16+00:00\" \/>\n<meta property=\"og:image\" content=\"https:\/\/www.alexetalex.com\/ca\/wp-content\/uploads\/2019\/08\/82486212_s.jpg\" \/>\n\t<meta property=\"og:image:width\" content=\"848\" \/>\n\t<meta property=\"og:image:height\" content=\"565\" \/>\n<meta name=\"twitter:label1\" content=\"Dur\u00e9e de lecture estim\u00e9e\" \/>\n\t<meta name=\"twitter:data1\" content=\"10 minutes\" \/>\n<script type=\"application\/ld+json\" class=\"yoast-schema-graph\">{\"@context\":\"https:\/\/schema.org\",\"@graph\":[{\"@type\":\"Organization\",\"@id\":\"https:\/\/www.alexetalex.com\/ca\/#organization\",\"name\":\"Alex & Alex\",\"url\":\"https:\/\/www.alexetalex.com\/ca\/\",\"sameAs\":[],\"logo\":{\"@type\":\"ImageObject\",\"@id\":\"https:\/\/www.alexetalex.com\/ca\/#logo\",\"inLanguage\":\"fr-FR\",\"url\":\"https:\/\/www.alexetalex.com\/ca\/wp-content\/uploads\/2020\/04\/alexalex-1.png\",\"contentUrl\":\"https:\/\/www.alexetalex.com\/ca\/wp-content\/uploads\/2020\/04\/alexalex-1.png\",\"width\":51,\"height\":50,\"caption\":\"Alex & Alex\"},\"image\":{\"@id\":\"https:\/\/www.alexetalex.com\/ca\/#logo\"}},{\"@type\":\"WebSite\",\"@id\":\"https:\/\/www.alexetalex.com\/ca\/#website\",\"url\":\"https:\/\/www.alexetalex.com\/ca\/\",\"name\":\"\",\"description\":\"\",\"publisher\":{\"@id\":\"https:\/\/www.alexetalex.com\/ca\/#organization\"},\"potentialAction\":[{\"@type\":\"SearchAction\",\"target\":{\"@type\":\"EntryPoint\",\"urlTemplate\":\"https:\/\/www.alexetalex.com\/ca\/?s={search_term_string}\"},\"query-input\":\"required name=search_term_string\"}],\"inLanguage\":\"fr-FR\"},{\"@type\":\"ImageObject\",\"@id\":\"https:\/\/www.alexetalex.com\/ca\/dossiers-fruites\/route-des-fruits\/longane\/#primaryimage\",\"inLanguage\":\"fr-FR\",\"url\":\"https:\/\/www.alexetalex.com\/ca\/wp-content\/uploads\/2019\/08\/82486212_s.jpg\",\"contentUrl\":\"https:\/\/www.alexetalex.com\/ca\/wp-content\/uploads\/2019\/08\/82486212_s.jpg\",\"width\":848,\"height\":565},{\"@type\":\"WebPage\",\"@id\":\"https:\/\/www.alexetalex.com\/ca\/dossiers-fruites\/route-des-fruits\/longane\/#webpage\",\"url\":\"https:\/\/www.alexetalex.com\/ca\/dossiers-fruites\/route-des-fruits\/longane\/\",\"name\":\"Longane (\\u0153il de dragon) : tout savoir sur ce fruit originaire d'Asie\",\"isPartOf\":{\"@id\":\"https:\/\/www.alexetalex.com\/ca\/#website\"},\"primaryImageOfPage\":{\"@id\":\"https:\/\/www.alexetalex.com\/ca\/dossiers-fruites\/route-des-fruits\/longane\/#primaryimage\"},\"datePublished\":\"2019-08-25T13:20:18+00:00\",\"dateModified\":\"2019-09-07T05:39:16+00:00\",\"description\":\"Oeil du Dragon, c'est l'autre nom de ce fruit du sud-est de l\\u2019Asie. Cousin du litchi, il offre pulpe tr\\u00e8s sucr\\u00e9e, peau fine et lisse, facile \\u00e0 transporter et \\u00e0 manger\",\"breadcrumb\":{\"@id\":\"https:\/\/www.alexetalex.com\/ca\/dossiers-fruites\/route-des-fruits\/longane\/#breadcrumb\"},\"inLanguage\":\"fr-FR\",\"potentialAction\":[{\"@type\":\"ReadAction\",\"target\":[\"https:\/\/www.alexetalex.com\/ca\/dossiers-fruites\/route-des-fruits\/longane\/\"]}]},{\"@type\":\"BreadcrumbList\",\"@id\":\"https:\/\/www.alexetalex.com\/ca\/dossiers-fruites\/route-des-fruits\/longane\/#breadcrumb\",\"itemListElement\":[{\"@type\":\"ListItem\",\"position\":1,\"name\":\"Magazine\",\"item\":\"https:\/\/www.alexetalex.com\/ca\/dossiers-fruites\/\"},{\"@type\":\"ListItem\",\"position\":2,\"name\":\"Fruits\",\"item\":\"https:\/\/www.alexetalex.com\/ca\/dossiers-fruites\/route-des-fruits\/\"},{\"@type\":\"ListItem\",\"position\":3,\"name\":\"Dossier\"}]}]}<\/script>\n<!-- \/ Yoast SEO plugin. -->","yoast_head_json":{"title":"Longane (\u0153il de dragon) : tout savoir sur ce fruit originaire d'Asie","description":"Oeil du Dragon, c'est l'autre nom de ce fruit du sud-est de l\u2019Asie. Cousin du litchi, il offre pulpe tr\u00e8s sucr\u00e9e, peau fine et lisse, facile \u00e0 transporter et \u00e0 manger","robots":{"index":"index","follow":"follow","max-snippet":"max-snippet:-1","max-image-preview":"max-image-preview:large","max-video-preview":"max-video-preview:-1"},"canonical":"https:\/\/www.alexetalex.com\/ca\/dossiers-fruites\/route-des-fruits\/longane\/","og_locale":"fr_FR","og_type":"article","og_title":"Longane (\u0153il de dragon) : tout savoir sur ce fruit originaire d'Asie","og_description":"Oeil du Dragon, c'est l'autre nom de ce fruit du sud-est de l\u2019Asie. Cousin du litchi, il offre pulpe tr\u00e8s sucr\u00e9e, peau fine et lisse, facile \u00e0 transporter et \u00e0 manger","og_url":"https:\/\/www.alexetalex.com\/ca\/dossiers-fruites\/route-des-fruits\/longane\/","article_modified_time":"2019-09-07T05:39:16+00:00","og_image":[{"width":848,"height":565,"url":"https:\/\/www.alexetalex.com\/ca\/wp-content\/uploads\/2019\/08\/82486212_s.jpg","type":"image\/jpeg"}],"twitter_misc":{"Dur\u00e9e de lecture estim\u00e9e":"10 minutes"},"schema":{"@context":"https:\/\/schema.org","@graph":[{"@type":"Organization","@id":"https:\/\/www.alexetalex.com\/ca\/#organization","name":"Alex & Alex","url":"https:\/\/www.alexetalex.com\/ca\/","sameAs":[],"logo":{"@type":"ImageObject","@id":"https:\/\/www.alexetalex.com\/ca\/#logo","inLanguage":"fr-FR","url":"https:\/\/www.alexetalex.com\/ca\/wp-content\/uploads\/2020\/04\/alexalex-1.png","contentUrl":"https:\/\/www.alexetalex.com\/ca\/wp-content\/uploads\/2020\/04\/alexalex-1.png","width":51,"height":50,"caption":"Alex & Alex"},"image":{"@id":"https:\/\/www.alexetalex.com\/ca\/#logo"}},{"@type":"WebSite","@id":"https:\/\/www.alexetalex.com\/ca\/#website","url":"https:\/\/www.alexetalex.com\/ca\/","name":"","description":"","publisher":{"@id":"https:\/\/www.alexetalex.com\/ca\/#organization"},"potentialAction":[{"@type":"SearchAction","target":{"@type":"EntryPoint","urlTemplate":"https:\/\/www.alexetalex.com\/ca\/?s={search_term_string}"},"query-input":"required name=search_term_string"}],"inLanguage":"fr-FR"},{"@type":"ImageObject","@id":"https:\/\/www.alexetalex.com\/ca\/dossiers-fruites\/route-des-fruits\/longane\/#primaryimage","inLanguage":"fr-FR","url":"https:\/\/www.alexetalex.com\/ca\/wp-content\/uploads\/2019\/08\/82486212_s.jpg","contentUrl":"https:\/\/www.alexetalex.com\/ca\/wp-content\/uploads\/2019\/08\/82486212_s.jpg","width":848,"height":565},{"@type":"WebPage","@id":"https:\/\/www.alexetalex.com\/ca\/dossiers-fruites\/route-des-fruits\/longane\/#webpage","url":"https:\/\/www.alexetalex.com\/ca\/dossiers-fruites\/route-des-fruits\/longane\/","name":"Longane (\u0153il de dragon) : tout savoir sur ce fruit originaire d'Asie","isPartOf":{"@id":"https:\/\/www.alexetalex.com\/ca\/#website"},"primaryImageOfPage":{"@id":"https:\/\/www.alexetalex.com\/ca\/dossiers-fruites\/route-des-fruits\/longane\/#primaryimage"},"datePublished":"2019-08-25T13:20:18+00:00","dateModified":"2019-09-07T05:39:16+00:00","description":"Oeil du Dragon, c'est l'autre nom de ce fruit du sud-est de l\u2019Asie. Cousin du litchi, il offre pulpe tr\u00e8s sucr\u00e9e, peau fine et lisse, facile \u00e0 transporter et \u00e0 manger","breadcrumb":{"@id":"https:\/\/www.alexetalex.com\/ca\/dossiers-fruites\/route-des-fruits\/longane\/#breadcrumb"},"inLanguage":"fr-FR","potentialAction":[{"@type":"ReadAction","target":["https:\/\/www.alexetalex.com\/ca\/dossiers-fruites\/route-des-fruits\/longane\/"]}]},{"@type":"BreadcrumbList","@id":"https:\/\/www.alexetalex.com\/ca\/dossiers-fruites\/route-des-fruits\/longane\/#breadcrumb","itemListElement":[{"@type":"ListItem","position":1,"name":"Magazine","item":"https:\/\/www.alexetalex.com\/ca\/dossiers-fruites\/"},{"@type":"ListItem","position":2,"name":"Fruits","item":"https:\/\/www.alexetalex.com\/ca\/dossiers-fruites\/route-des-fruits\/"},{"@type":"ListItem","position":3,"name":"Dossier"}]}]}},"_links":{"self":[{"href":"https:\/\/www.alexetalex.com\/ca\/wp-json\/wp\/v2\/pages\/10872"}],"collection":[{"href":"https:\/\/www.alexetalex.com\/ca\/wp-json\/wp\/v2\/pages"}],"about":[{"href":"https:\/\/www.alexetalex.com\/ca\/wp-json\/wp\/v2\/types\/page"}],"author":[{"embeddable":true,"href":"https:\/\/www.alexetalex.com\/ca\/wp-json\/wp\/v2\/users\/4"}],"replies":[{"embeddable":true,"href":"https:\/\/www.alexetalex.com\/ca\/wp-json\/wp\/v2\/comments?post=10872"}],"version-history":[{"count":0,"href":"https:\/\/www.alexetalex.com\/ca\/wp-json\/wp\/v2\/pages\/10872\/revisions"}],"up":[{"embeddable":true,"href":"https:\/\/www.alexetalex.com\/ca\/wp-json\/wp\/v2\/pages\/8732"}],"wp:featuredmedia":[{"embeddable":true,"href":"https:\/\/www.alexetalex.com\/ca\/wp-json\/wp\/v2\/media\/11296"}],"wp:attachment":[{"href":"https:\/\/www.alexetalex.com\/ca\/wp-json\/wp\/v2\/media?parent=10872"}],"curies":[{"name":"wp","href":"https:\/\/api.w.org\/{rel}","templated":true}]}}