{"id":10883,"date":"2019-09-10T09:21:45","date_gmt":"2019-09-10T08:21:45","guid":{"rendered":"https:\/\/www.alexetalex.com\/ca\/?page_id=10883"},"modified":"2019-09-12T10:00:04","modified_gmt":"2019-09-12T09:00:04","slug":"limette","status":"publish","type":"page","link":"https:\/\/www.alexetalex.com\/ca\/dossiers-fruites\/route-des-fruits\/limette\/","title":{"rendered":"Limette : guide complet"},"content":{"rendered":"<p><H1>Limette : un citron sucr\u00e9<\/H1><\/p>\n<p>Pour avoir une id\u00e9e de ce que \u00e0 quoi ressemble cet agrume, pensez \u00e0 une orange v\u00eatue de la peau d&rsquo;une bergamote. <br \/>Pour ce qui est du go\u00fbt, rien \u00e0 voir avec le <i>citron vert<\/i> ou <i>lime<\/i> avec lequel elle est souvent confondue, imaginez plut\u00f4t un parfum d\u00e9licat, sucr\u00e9 et tr\u00e8s peu acide.<br \/>\n<br \/>Vous ne serez alors plus tr\u00e8s loin de ce \u00e0 quoi ressemble une <strong>limette<\/strong>.<\/p>\n<p><img loading=\"lazy\" width=\"847\" height=\"565\" src=\"https:\/\/www.alexetalex.com\/ca\/wp-content\/uploads\/2019\/09\/64715672_s.jpg\" alt=\"3 limettes ou mosambi\" class=\"alignnone size-full wp-image-11585\" srcset=\"https:\/\/www.alexetalex.com\/ca\/wp-content\/uploads\/2019\/09\/64715672_s.jpg 847w, https:\/\/www.alexetalex.com\/ca\/wp-content\/uploads\/2019\/09\/64715672_s-600x400.jpg 600w, https:\/\/www.alexetalex.com\/ca\/wp-content\/uploads\/2019\/09\/64715672_s-250x167.jpg 250w, https:\/\/www.alexetalex.com\/ca\/wp-content\/uploads\/2019\/09\/64715672_s-768x512.jpg 768w, https:\/\/www.alexetalex.com\/ca\/wp-content\/uploads\/2019\/09\/64715672_s-700x467.jpg 700w, https:\/\/www.alexetalex.com\/ca\/wp-content\/uploads\/2019\/09\/64715672_s-120x80.jpg 120w, https:\/\/www.alexetalex.com\/ca\/wp-content\/uploads\/2019\/09\/64715672_s-320x213.jpg 320w, https:\/\/www.alexetalex.com\/ca\/wp-content\/uploads\/2019\/09\/64715672_s-272x182.jpg 272w\" sizes=\"(max-width: 847px) 100vw, 847px\" \/><\/p>\n<p>Marginal en France, il est en revanche beaucoup plus populaire en Inde, au Bangladesh ou encore au Pakistan, o\u00f9 il est tr\u00e8s consomm\u00e9 principalement sous forme de jus, en raison de son go\u00fbt unique si plaisant, mais aussi pour les nombreuses vertues reconnues de ce fruit.<\/p>\n<p><H2>I] Limette : tous savoir en 2 minutes sur cet agrume<\/H2><\/p>\n<p>La limette trouve ses origines dans le nord de l&rsquo;Inde, dans les r\u00e9gions du Meghalaya et du Nagaland. De la taille d&rsquo;une orange, il fait parti de la famille des citrons, mais ne poss\u00e9de aucunement l&rsquo;acidit\u00e9 propre \u00e0 ces agrumes connus chez nous. <\/p>\n<p><H3>La limette, fruit du limettier doux<\/H3> <\/p>\n<p>L&rsquo;arbre qui porte la limette r\u00e9pond au nom de <i>limettier doux<\/i> ou <i>Citrus Limetta<\/i>, en raison de la l&rsquo;agr\u00e9able douceur de ses fruits en bouche. Avec moins de 0.1% d&rsquo;acide citrique, la limette est peut \u00eatre l&rsquo;agrume le plus doux que l&rsquo;on puisse \u00eatre amen\u00e9 \u00e0 go\u00fbter (\u00e0 titre de comparaison, on retrouve environ 6% d&rsquo;acide citrique dans le jus de citron jaune, et 1% dans le jus d&rsquo;orange).<\/p>\n<p>De la taille d&rsquo;une orange, environ 7 cm de diam\u00e8tre, la limette est globalement ronde, pr\u00e9sente une peau moyennement \u00e9paisse couverte de glandes remplies d&rsquo;huiles essentielles. La moindre \u00e9raflure \u00e0 la surface de cet agrume, et c&rsquo;est un feu d&rsquo;artifice de senteurs qui s&rsquo;offre \u00e0 nous.<br \/>\n<br \/>\nLa peau de la limette est jaune-verte, avec une tendance vers l&rsquo;orang\u00e9 lorsque le fruit arrive \u00e0 pleine maturit\u00e9. Derri\u00e8re cette peau, un zeste blanc et \u00e9pais entoure la chair tendre et juteuse de la limette, aux beaux reflets orang\u00e9s.<\/p>\n<p><img loading=\"lazy\" width=\"563\" height=\"453\" src=\"https:\/\/www.alexetalex.com\/ca\/wp-content\/uploads\/2019\/09\/22507545_s-1.jpg\" alt=\"limette ou sweet lime coup\u00e9e en deux\" class=\"alignnone size-full wp-image-11598\" srcset=\"https:\/\/www.alexetalex.com\/ca\/wp-content\/uploads\/2019\/09\/22507545_s-1.jpg 563w, https:\/\/www.alexetalex.com\/ca\/wp-content\/uploads\/2019\/09\/22507545_s-1-250x201.jpg 250w, https:\/\/www.alexetalex.com\/ca\/wp-content\/uploads\/2019\/09\/22507545_s-1-120x97.jpg 120w, https:\/\/www.alexetalex.com\/ca\/wp-content\/uploads\/2019\/09\/22507545_s-1-320x257.jpg 320w\" sizes=\"(max-width: 563px) 100vw, 563px\" \/><\/p>\n<p><i>Citrus Limetta<\/i> se plait dans les climats tropicaux et subtropicaux, mais on en retrouve \u00e9galement sur le bassin m\u00e9diterran\u00e9en, en Egypte ou encore en Californie ou en Floride, o\u00f9 il est principalement utilis\u00e9 comme arbuste d&rsquo;ornement. Son feuillage persistant et ses belles fleurs blanches en font un arbre plaisant \u00e0 observer.<\/p>\n<p><H3>Saisons et culture de la limette<\/H3><br \/>\nUn limettier doux mettra entre 5 et 7 ans pour produire ses premiers fruits, pour atteindre son pic de production entre sa dixi\u00e8me et sa vingti\u00e8me ann\u00e9e environ. <\/p>\n<p>On retrouve deux <strong>saisons<\/strong> pour la limette : une premi\u00e8re production arrive sur les \u00e9tals durant l&rsquo;\u00e9t\u00e9, la seconde en hive et se prolonge jusqu&rsquo;au d\u00e9but du printemps.<\/p>\n<p><H3>La limette : une agrume star en Inde<\/H3><\/p>\n<p>C&rsquo;est bien simple, la limette est le jus d&rsquo;agrume le plus consomm\u00e9 en Inde ! <\/p>\n<p>La plupart du temps servi dans la rue par des vendeurs ambulants, les fruits sont press\u00e9s frais, \u00e0 la demande du client. L&rsquo;habitude est de le servir avec un <i>chat masala<\/i> (m\u00e9lange d&rsquo;\u00e9pices indiens) ou un <i>kala namak<\/i>, sel noir hautement parfum\u00e9 provenant de l&rsquo;Himalaya.<br \/>\n<br \/>La douce saveur rafra\u00eechissante du jus de limette est un vrai bonheur pendant les chaleurs torrides de l&rsquo;\u00e9t\u00e9 Indien.<\/p>\n<p><img loading=\"lazy\" width=\"320\" height=\"252\" src=\"https:\/\/www.alexetalex.com\/ca\/wp-content\/uploads\/2019\/09\/sweetlime-limette-en-inde.jpg\" alt=\"limettes empil\u00e9es sur un stand en inde\" class=\"alignnone size-full wp-image-11604\" srcset=\"https:\/\/www.alexetalex.com\/ca\/wp-content\/uploads\/2019\/09\/sweetlime-limette-en-inde.jpg 320w, https:\/\/www.alexetalex.com\/ca\/wp-content\/uploads\/2019\/09\/sweetlime-limette-en-inde-250x197.jpg 250w, https:\/\/www.alexetalex.com\/ca\/wp-content\/uploads\/2019\/09\/sweetlime-limette-en-inde-120x95.jpg 120w\" sizes=\"(max-width: 320px) 100vw, 320px\" \/><\/p>\n<p>C&rsquo;est dans le nord de l&rsquo;Inde, dans des r\u00e9gions montagneuses comprises entre 1000 et 2700 m\u00e8tres d&rsquo;altitude que lon retrouve les principales zones culturales indienne de la limette.<br \/>\n<br \/>\nIl est difficile d&rsquo;en estimer les quantit\u00e9s exactes produites, les chiffres circulant incluant souvent d&rsquo;autres vari\u00e9t\u00e9s d&rsquo;agrumes un peu similaire (comme les <i>oranges douces<\/i>). On peut tout de m\u00eame avancer le chiffre d&rsquo;une cinquantaine de tonnes de limette produites chaque ann\u00e9e en Inde, repr\u00e9sentant 25% de tous les agrumes produits dans ce pays.  <\/p>\n<p>Enfin, citons le mot Hindi pour la limette : <i>Mosambi<\/i>.<\/p>\n<p><H2>II] Limettes: bienfaits et vertus<\/H2><\/p>\n<p>Non contente d&rsquo;offrir un jus d\u00e9licieux pour les papilles, la limette est \u00e9galement gorg\u00e9e de nutriments et de vitamines, particuli\u00e8rement b\u00e9n\u00e9fiques pour l&rsquo;organisme.<\/p>\n<p><H3>Analyse nutritionnelle de la limette<\/H3><\/p>\n<p>La limette est tr\u00e8s juteuse, peu sucr\u00e9e, on y retrouve seulement 43 kcal dans 100g de fruit, ce qui en fait un fruit peu calorique. <\/p>\n<p>De plus dans 100 grammes de limette, on retrouve entre autre:<br \/>\n<br \/> &#8211; 88.4 g d&rsquo;eau<br \/>\n<br \/> &#8211; 0.8g de prot\u00e9ines<br \/>\n<br \/> &#8211; 0.3g de mati\u00e8re grasse<br \/>\n<br \/> &#8211; 0.5g de fibre<br \/>\n<br \/> &#8211; 9.3g de glucides<br \/>\n<br \/> &#8211; 40mg de calcium<br \/>\n<br \/> &#8211; 30mg de phosphore<br \/>\n<br \/> &#8211; 490mg de potassium<br \/>\n<br \/> &#8211; 0.7mg de fer<br \/>\n<br \/> &#8211; 50mg de vitamine C<\/p>\n<p>La limette, en tant que fid\u00e8le repr\u00e9sentante de la famille des <i>Citrus<\/i>, est un concentr\u00e9 de vitamines et de nutriments. Sa forte teneur en vitamine C et en acide folique contribue \u00e0 booster notre syst\u00e8me immunitaire, a un effet b\u00e9n\u00e9fique sur notre peau, et fortifie les os et les articulations.<\/p>\n<p><H3>Cinq bienfaits de la limette <\/H3><br \/>\nVoici quelques bienfaits de la limette pour notre organisme : <\/p>\n<p>1. Pouvoir d\u00e9toxifiant : la limette aide \u00e0 d\u00e9toxifier notre organisme, en \u00e9liminant les toxines et en r\u00e9duisant les effets du stress et de la pollution<br \/>\n<br \/>2. Aide \u00e0 pr\u00e9venir les rhumes : de par sa forte teneur en vitamines C, la limette booste le syst\u00e8me immunitaire, nous rendant plus apte \u00e0 combattre des infections telles que le rhume<br \/>\n<br \/>3. Am\u00e9liore la digestion : gr\u00e2ce \u00e0 la pr\u00e9sence de fibre dans la limette, ce fruit r\u00e9gule la digestion et \u00e9vite les probl\u00e8mes de constipation<br \/>\n<br \/>4. Reduit les crampes : le jus de limette est particuli\u00e8rement recommand\u00e9 pour la r\u00e9cup\u00e9ration des athl\u00e9tes et est parfait pour r\u00e9hydrater le corps apr\u00e8s un effort<br \/>\n<br \/>5. Recommand\u00e9e pour les femmes enceintes : la bonne teneur en calcium du jus de limette en fait un bon alli\u00e9 pour les femmes enceintes et pour la bonne croissance du foetus<\/p>\n<p><H2>III] Limette : comment la consommer ?<\/H2><\/p>\n<p>Si vous avez la chance de pouvoir vous procurer cet agrume d\u00e9licieux, voici quelques conseils pour le d\u00e9guster du mieux possible.<\/p>\n<p><H3>Limette m\u00fbre : signes ext\u00e9rieurs de qualit\u00e9<\/H3><br \/>\nComme la plupart des agrumes de type <i>citrus<\/i>, les limettes ne vont pas se d\u00e9tacher d&rsquo;elle m\u00eame de l&rsquo;arbre lorsqu&rsquo;elles sont arriv\u00e9es \u00e0 maturit\u00e9.<br \/>\n<br \/>C&rsquo;est donc gr\u00e2ce \u00e0 l&rsquo;apparence externe du fruit que l&rsquo;on peut savoir s&rsquo;il est m\u00fbr ou non.<\/p>\n<p>Si le fruit est de la taille d&rsquo;une balle de tennis, lourd en main, avec une peau brillante, de couleur verte tirant sur le jaune, alors vous devriez avoir en face de vous une limette arriv\u00e9e \u00e0 maturit\u00e9.<br \/>\n<br \/>Deuxi\u00e8me gage d&rsquo;un fruit m\u00fbr, grattez l&rsquo;\u00e9corce de la limette avec le bout de l&rsquo;ongle : si un doux parfum s&rsquo;en \u00e9mane et que des huiles s&rsquo;\u00e9parpillent sur votre doigt, c&rsquo;est le signe que les glandes \u00e0 la surface de la peau sont gorg\u00e9es d&rsquo;huiles essentielles, et la garantie d&rsquo;un fruit aux qualit\u00e9s gustatives assur\u00e9es.<\/p>\n<p>Un fruit trop m\u00fbr, quant \u00e0 lui, pr\u00e9sentera une forme ratatin\u00e9e, une couleur terne, et une peau un peu spongieuse. <\/p>\n<p>Enfin, le manque de maturit\u00e9 se rep\u00e8re au poids du fruit qui semble trop faible par rapport \u00e0 sa taille. Le fruit est \u00e9galement trop dur au toucher et l&rsquo;acidit\u00e9 de sa chair sera trop prononc\u00e9e.<\/p>\n<p><img loading=\"lazy\" width=\"799\" height=\"519\" src=\"https:\/\/www.alexetalex.com\/ca\/wp-content\/uploads\/2019\/09\/100930040_s.jpg\" alt=\"heap of ripe green yellow sweet lemon mosambi lebu for sale in fruit market\" class=\"alignnone size-full wp-image-11592\" srcset=\"https:\/\/www.alexetalex.com\/ca\/wp-content\/uploads\/2019\/09\/100930040_s.jpg 799w, https:\/\/www.alexetalex.com\/ca\/wp-content\/uploads\/2019\/09\/100930040_s-600x390.jpg 600w, https:\/\/www.alexetalex.com\/ca\/wp-content\/uploads\/2019\/09\/100930040_s-250x162.jpg 250w, https:\/\/www.alexetalex.com\/ca\/wp-content\/uploads\/2019\/09\/100930040_s-768x499.jpg 768w, https:\/\/www.alexetalex.com\/ca\/wp-content\/uploads\/2019\/09\/100930040_s-700x455.jpg 700w, https:\/\/www.alexetalex.com\/ca\/wp-content\/uploads\/2019\/09\/100930040_s-120x78.jpg 120w, https:\/\/www.alexetalex.com\/ca\/wp-content\/uploads\/2019\/09\/100930040_s-320x208.jpg 320w\" sizes=\"(max-width: 799px) 100vw, 799px\" \/><\/p>\n<p><H3>Comment conserver ses limettes ?<\/H3><br \/>\nLes limettes sont des fruits qui se conservent tr\u00e8s bien.<br \/>\n<br \/>On peut facilement les conserver jusqu&rsquo;\u00e0 deux semaines \u00e0 temp\u00e9rature ambiante. Au r\u00e9frig\u00e9rateur, la p\u00e9riode de conservation est encore allong\u00e9e, pouvant aller jusqu&rsquo;\u00e0 8 semaines.<\/p>\n<p>Il est \u00e9galement possible de congeler le jus de limette, pour le savourer plus tard dans l&rsquo;ann\u00e9e. A savoir que le jus risque de gagner en amertume lors de sa d\u00e9cong\u00e9lation en comparaison du jus frais.<\/p>\n<p>Mais c&rsquo;est \u00e9galement le cas d&rsquo;un jus frais qu&rsquo;on ne consommerait pas imm\u00e9diatement : assez rapidement le jus de limette gagne en amertume, il ne faut donc jamais trop tarder pour d\u00e9guster ce jus une fois le fruit press\u00e9.<\/p>\n<p><H3>Comment peler une limette ?<\/H3><br \/>\nEn raison de son zeste un peu \u00e9pais, la limette peut avoir la r\u00e9putation d&rsquo;\u00eatre difficile \u00e0 \u00e9plucher.<br \/>\n<br \/>\nIl n&rsquo;en est rien si l&rsquo;on utilise la technique adequate. Et \u00e7a tombe bien, on va la partager avec vous !<\/p>\n<p> 1. Premi\u00e8re \u00e9tape, s\u00e9lectionnez une limette bien m\u00fbre<br \/>\n<br \/> 2. A l&rsquo;aide d&rsquo;un couteau tranchant, d\u00e9coupez une fine lamelle d&rsquo;\u00e9corce sur le haut et le bas du fruit<br \/>\n<br \/> 3. Avec la pointe du couteau, effectuez 4 ou 8 incisions sur tout la longueur de la peau, en partant du haut vers le bas de fa\u00e7on \u00e0 joindre les deux parties dont vous avez pr\u00e9c\u00e9demment retir\u00e9 l&rsquo;\u00e9corce. Incisez suffisament profondement pour trancher la peau et le zeste, sans pour autant d\u00e9couper la chair<br \/>\n<br \/> 4. Il ne reste plus qu&rsquo;\u00e0 peler la limette, en suivant les incisions effectu\u00e9es<\/p>\n<p>Vous pourrez alors d\u00e9guster cet agrume incroyablement doux en bouche.<\/p>\n<p><strong>Pour continuer d&rsquo;apprendre :<\/strong><br \/>\n<br \/>&#8211; <a href=\"https:\/\/www.alexetalex.com\/ca\/dossiers-fruites\/route-des-fruits\/sudachi\/\" rel=\"noopener\" target=\"_blank\">Le Sudachi : un autre agrume venu d&rsquo;Asie<\/a><br \/>\n<br \/>&#8211; <a href=\"https:\/\/www.alexetalex.com\/ca\/dossiers-fruites\/fruit-et-nutrition\/ugli\/\" rel=\"noopener\" target=\"_blank\">L&rsquo;Ugli : un agrume encore m\u00e9connu en Europe<\/a><br \/>\n<br \/>&#8211; <a href=\"https:\/\/www.alexetalex.com\/ca\/dossiers-fruites\/fruit-et-nutrition\/mineolas\/\" rel=\"noopener\" target=\"_blank\">Le Mineolas : un agrume surprenant venu d&rsquo;Indon\u00e9sie<\/a><\/p>\n","protected":false},"excerpt":{"rendered":"<p>Limette : un citron sucr\u00e9 Pour avoir une id\u00e9e de ce que \u00e0 quoi ressemble cet agrume, pensez \u00e0 une orange v\u00eatue de la peau d&rsquo;une bergamote. Pour ce qui est du go\u00fbt, rien \u00e0 voir avec le citron vert ou lime avec lequel elle est souvent confondue, imaginez plut\u00f4t un parfum d\u00e9licat, sucr\u00e9 et [&hellip;]<\/p>\n","protected":false},"author":4,"featured_media":11585,"parent":8732,"menu_order":0,"comment_status":"closed","ping_status":"closed","template":"template-single-dossiers-fruites.php","meta":{"_et_pb_use_builder":"","_et_pb_old_content":"","_et_gb_content_width":""},"acf":[],"yoast_head":"<!-- This site is optimized with the Yoast SEO plugin v17.6 - https:\/\/yoast.com\/wordpress\/plugins\/seo\/ -->\n<title>Limette, le plus doux des citrons - go\u00fbt parfum et jus - Alex et Alex<\/title>\n<meta name=\"description\" content=\"Souvent confondue avec le citron vert, la limette est un fruit de la taille d&#039;une orange, \u00e0 la peau vert-jaune gorg\u00e9e d&#039;huile essentielle. Cet agrume de la famille des citron est unique en son genre\" \/>\n<meta name=\"robots\" content=\"index, follow, max-snippet:-1, max-image-preview:large, max-video-preview:-1\" \/>\n<link rel=\"canonical\" href=\"https:\/\/www.alexetalex.com\/ca\/dossiers-fruites\/route-des-fruits\/limette\/\" \/>\n<meta property=\"og:locale\" content=\"fr_FR\" \/>\n<meta property=\"og:type\" content=\"article\" \/>\n<meta property=\"og:title\" content=\"Limette, le plus doux des citrons - go\u00fbt parfum et jus - Alex et Alex\" \/>\n<meta property=\"og:description\" content=\"Souvent confondue avec le citron vert, la limette est un fruit de la taille d&#039;une orange, \u00e0 la peau vert-jaune gorg\u00e9e d&#039;huile essentielle. Cet agrume de la famille des citron est unique en son genre\" \/>\n<meta property=\"og:url\" content=\"https:\/\/www.alexetalex.com\/ca\/dossiers-fruites\/route-des-fruits\/limette\/\" \/>\n<meta property=\"article:modified_time\" content=\"2019-09-12T09:00:04+00:00\" \/>\n<meta property=\"og:image\" content=\"https:\/\/www.alexetalex.com\/ca\/wp-content\/uploads\/2019\/09\/64715672_s.jpg\" \/>\n\t<meta property=\"og:image:width\" content=\"847\" \/>\n\t<meta property=\"og:image:height\" content=\"565\" \/>\n<meta name=\"twitter:label1\" content=\"Dur\u00e9e de lecture estim\u00e9e\" \/>\n\t<meta name=\"twitter:data1\" content=\"8 minutes\" \/>\n<script type=\"application\/ld+json\" class=\"yoast-schema-graph\">{\"@context\":\"https:\/\/schema.org\",\"@graph\":[{\"@type\":\"Organization\",\"@id\":\"https:\/\/www.alexetalex.com\/ca\/#organization\",\"name\":\"Alex & Alex\",\"url\":\"https:\/\/www.alexetalex.com\/ca\/\",\"sameAs\":[],\"logo\":{\"@type\":\"ImageObject\",\"@id\":\"https:\/\/www.alexetalex.com\/ca\/#logo\",\"inLanguage\":\"fr-FR\",\"url\":\"https:\/\/www.alexetalex.com\/ca\/wp-content\/uploads\/2020\/04\/alexalex-1.png\",\"contentUrl\":\"https:\/\/www.alexetalex.com\/ca\/wp-content\/uploads\/2020\/04\/alexalex-1.png\",\"width\":51,\"height\":50,\"caption\":\"Alex & Alex\"},\"image\":{\"@id\":\"https:\/\/www.alexetalex.com\/ca\/#logo\"}},{\"@type\":\"WebSite\",\"@id\":\"https:\/\/www.alexetalex.com\/ca\/#website\",\"url\":\"https:\/\/www.alexetalex.com\/ca\/\",\"name\":\"\",\"description\":\"\",\"publisher\":{\"@id\":\"https:\/\/www.alexetalex.com\/ca\/#organization\"},\"potentialAction\":[{\"@type\":\"SearchAction\",\"target\":{\"@type\":\"EntryPoint\",\"urlTemplate\":\"https:\/\/www.alexetalex.com\/ca\/?s={search_term_string}\"},\"query-input\":\"required name=search_term_string\"}],\"inLanguage\":\"fr-FR\"},{\"@type\":\"ImageObject\",\"@id\":\"https:\/\/www.alexetalex.com\/ca\/dossiers-fruites\/route-des-fruits\/limette\/#primaryimage\",\"inLanguage\":\"fr-FR\",\"url\":\"https:\/\/www.alexetalex.com\/ca\/wp-content\/uploads\/2019\/09\/64715672_s.jpg\",\"contentUrl\":\"https:\/\/www.alexetalex.com\/ca\/wp-content\/uploads\/2019\/09\/64715672_s.jpg\",\"width\":847,\"height\":565,\"caption\":\"Three sweet lime (sweet limetta) fruits on a white background\"},{\"@type\":\"WebPage\",\"@id\":\"https:\/\/www.alexetalex.com\/ca\/dossiers-fruites\/route-des-fruits\/limette\/#webpage\",\"url\":\"https:\/\/www.alexetalex.com\/ca\/dossiers-fruites\/route-des-fruits\/limette\/\",\"name\":\"Limette, le plus doux des citrons - go\\u00fbt parfum et jus - Alex et Alex\",\"isPartOf\":{\"@id\":\"https:\/\/www.alexetalex.com\/ca\/#website\"},\"primaryImageOfPage\":{\"@id\":\"https:\/\/www.alexetalex.com\/ca\/dossiers-fruites\/route-des-fruits\/limette\/#primaryimage\"},\"datePublished\":\"2019-09-10T08:21:45+00:00\",\"dateModified\":\"2019-09-12T09:00:04+00:00\",\"description\":\"Souvent confondue avec le citron vert, la limette est un fruit de la taille d'une orange, \\u00e0 la peau vert-jaune gorg\\u00e9e d'huile essentielle. Cet agrume de la famille des citron est unique en son genre\",\"breadcrumb\":{\"@id\":\"https:\/\/www.alexetalex.com\/ca\/dossiers-fruites\/route-des-fruits\/limette\/#breadcrumb\"},\"inLanguage\":\"fr-FR\",\"potentialAction\":[{\"@type\":\"ReadAction\",\"target\":[\"https:\/\/www.alexetalex.com\/ca\/dossiers-fruites\/route-des-fruits\/limette\/\"]}]},{\"@type\":\"BreadcrumbList\",\"@id\":\"https:\/\/www.alexetalex.com\/ca\/dossiers-fruites\/route-des-fruits\/limette\/#breadcrumb\",\"itemListElement\":[{\"@type\":\"ListItem\",\"position\":1,\"name\":\"Magazine\",\"item\":\"https:\/\/www.alexetalex.com\/ca\/dossiers-fruites\/\"},{\"@type\":\"ListItem\",\"position\":2,\"name\":\"Fruits\",\"item\":\"https:\/\/www.alexetalex.com\/ca\/dossiers-fruites\/route-des-fruits\/\"},{\"@type\":\"ListItem\",\"position\":3,\"name\":\"Dossier\"}]}]}<\/script>\n<!-- \/ Yoast SEO plugin. -->","yoast_head_json":{"title":"Limette, le plus doux des citrons - go\u00fbt parfum et jus - Alex et Alex","description":"Souvent confondue avec le citron vert, la limette est un fruit de la taille d'une orange, \u00e0 la peau vert-jaune gorg\u00e9e d'huile essentielle. Cet agrume de la famille des citron est unique en son genre","robots":{"index":"index","follow":"follow","max-snippet":"max-snippet:-1","max-image-preview":"max-image-preview:large","max-video-preview":"max-video-preview:-1"},"canonical":"https:\/\/www.alexetalex.com\/ca\/dossiers-fruites\/route-des-fruits\/limette\/","og_locale":"fr_FR","og_type":"article","og_title":"Limette, le plus doux des citrons - go\u00fbt parfum et jus - Alex et Alex","og_description":"Souvent confondue avec le citron vert, la limette est un fruit de la taille d'une orange, \u00e0 la peau vert-jaune gorg\u00e9e d'huile essentielle. Cet agrume de la famille des citron est unique en son genre","og_url":"https:\/\/www.alexetalex.com\/ca\/dossiers-fruites\/route-des-fruits\/limette\/","article_modified_time":"2019-09-12T09:00:04+00:00","og_image":[{"width":847,"height":565,"url":"https:\/\/www.alexetalex.com\/ca\/wp-content\/uploads\/2019\/09\/64715672_s.jpg","type":"image\/jpeg"}],"twitter_misc":{"Dur\u00e9e de lecture estim\u00e9e":"8 minutes"},"schema":{"@context":"https:\/\/schema.org","@graph":[{"@type":"Organization","@id":"https:\/\/www.alexetalex.com\/ca\/#organization","name":"Alex & Alex","url":"https:\/\/www.alexetalex.com\/ca\/","sameAs":[],"logo":{"@type":"ImageObject","@id":"https:\/\/www.alexetalex.com\/ca\/#logo","inLanguage":"fr-FR","url":"https:\/\/www.alexetalex.com\/ca\/wp-content\/uploads\/2020\/04\/alexalex-1.png","contentUrl":"https:\/\/www.alexetalex.com\/ca\/wp-content\/uploads\/2020\/04\/alexalex-1.png","width":51,"height":50,"caption":"Alex & Alex"},"image":{"@id":"https:\/\/www.alexetalex.com\/ca\/#logo"}},{"@type":"WebSite","@id":"https:\/\/www.alexetalex.com\/ca\/#website","url":"https:\/\/www.alexetalex.com\/ca\/","name":"","description":"","publisher":{"@id":"https:\/\/www.alexetalex.com\/ca\/#organization"},"potentialAction":[{"@type":"SearchAction","target":{"@type":"EntryPoint","urlTemplate":"https:\/\/www.alexetalex.com\/ca\/?s={search_term_string}"},"query-input":"required name=search_term_string"}],"inLanguage":"fr-FR"},{"@type":"ImageObject","@id":"https:\/\/www.alexetalex.com\/ca\/dossiers-fruites\/route-des-fruits\/limette\/#primaryimage","inLanguage":"fr-FR","url":"https:\/\/www.alexetalex.com\/ca\/wp-content\/uploads\/2019\/09\/64715672_s.jpg","contentUrl":"https:\/\/www.alexetalex.com\/ca\/wp-content\/uploads\/2019\/09\/64715672_s.jpg","width":847,"height":565,"caption":"Three sweet lime (sweet limetta) fruits on a white background"},{"@type":"WebPage","@id":"https:\/\/www.alexetalex.com\/ca\/dossiers-fruites\/route-des-fruits\/limette\/#webpage","url":"https:\/\/www.alexetalex.com\/ca\/dossiers-fruites\/route-des-fruits\/limette\/","name":"Limette, le plus doux des citrons - go\u00fbt parfum et jus - Alex et Alex","isPartOf":{"@id":"https:\/\/www.alexetalex.com\/ca\/#website"},"primaryImageOfPage":{"@id":"https:\/\/www.alexetalex.com\/ca\/dossiers-fruites\/route-des-fruits\/limette\/#primaryimage"},"datePublished":"2019-09-10T08:21:45+00:00","dateModified":"2019-09-12T09:00:04+00:00","description":"Souvent confondue avec le citron vert, la limette est un fruit de la taille d'une orange, \u00e0 la peau vert-jaune gorg\u00e9e d'huile essentielle. Cet agrume de la famille des citron est unique en son genre","breadcrumb":{"@id":"https:\/\/www.alexetalex.com\/ca\/dossiers-fruites\/route-des-fruits\/limette\/#breadcrumb"},"inLanguage":"fr-FR","potentialAction":[{"@type":"ReadAction","target":["https:\/\/www.alexetalex.com\/ca\/dossiers-fruites\/route-des-fruits\/limette\/"]}]},{"@type":"BreadcrumbList","@id":"https:\/\/www.alexetalex.com\/ca\/dossiers-fruites\/route-des-fruits\/limette\/#breadcrumb","itemListElement":[{"@type":"ListItem","position":1,"name":"Magazine","item":"https:\/\/www.alexetalex.com\/ca\/dossiers-fruites\/"},{"@type":"ListItem","position":2,"name":"Fruits","item":"https:\/\/www.alexetalex.com\/ca\/dossiers-fruites\/route-des-fruits\/"},{"@type":"ListItem","position":3,"name":"Dossier"}]}]}},"_links":{"self":[{"href":"https:\/\/www.alexetalex.com\/ca\/wp-json\/wp\/v2\/pages\/10883"}],"collection":[{"href":"https:\/\/www.alexetalex.com\/ca\/wp-json\/wp\/v2\/pages"}],"about":[{"href":"https:\/\/www.alexetalex.com\/ca\/wp-json\/wp\/v2\/types\/page"}],"author":[{"embeddable":true,"href":"https:\/\/www.alexetalex.com\/ca\/wp-json\/wp\/v2\/users\/4"}],"replies":[{"embeddable":true,"href":"https:\/\/www.alexetalex.com\/ca\/wp-json\/wp\/v2\/comments?post=10883"}],"version-history":[{"count":0,"href":"https:\/\/www.alexetalex.com\/ca\/wp-json\/wp\/v2\/pages\/10883\/revisions"}],"up":[{"embeddable":true,"href":"https:\/\/www.alexetalex.com\/ca\/wp-json\/wp\/v2\/pages\/8732"}],"wp:featuredmedia":[{"embeddable":true,"href":"https:\/\/www.alexetalex.com\/ca\/wp-json\/wp\/v2\/media\/11585"}],"wp:attachment":[{"href":"https:\/\/www.alexetalex.com\/ca\/wp-json\/wp\/v2\/media?parent=10883"}],"curies":[{"name":"wp","href":"https:\/\/api.w.org\/{rel}","templated":true}]}}