{"id":10957,"date":"2019-07-27T23:49:13","date_gmt":"2019-07-27T22:49:13","guid":{"rendered":"https:\/\/www.alexetalex.com\/ca\/?page_id=10957"},"modified":"2019-08-28T17:35:16","modified_gmt":"2019-08-28T16:35:16","slug":"icaque","status":"publish","type":"page","link":"https:\/\/www.alexetalex.com\/ca\/dossiers-fruites\/fruit-et-nutrition\/icaque\/","title":{"rendered":"Icaque (fruit) : guide complet"},"content":{"rendered":"<p><H1>Icaque : le guide complet sur ce fruit exotique<\/H1><\/p>\n<p>L\u2019icaque figure parmi les fruits tropicaux insolites qui poss\u00e8dent le plus de vertus m\u00e9dicinales. Pourtant, ce fruit originaire d\u2019Am\u00e9rique centrale reste encore peu connu du reste du monde.<\/p>\n<p>Ce fruit, qui s\u2019apparente \u00e0 une prune de petite taille, constitue en effet un rem\u00e8de naturel contre la diarrh\u00e9e et la dysenterie (entre autres vertus). Si l\u2019aliment vous est encore \u00e9tranger, voici une occasion de d\u00e9couvrir ses multiples bienfaits et utilit\u00e9s.<\/p>\n<p><img loading=\"lazy\" width=\"1200\" height=\"700\" src=\"https:\/\/www.alexetalex.com\/ca\/wp-content\/uploads\/2019\/07\/icaques-2.jpg\" alt=\"icaques\" class=\"alignnone size-full wp-image-11070\" srcset=\"https:\/\/www.alexetalex.com\/ca\/wp-content\/uploads\/2019\/07\/icaques-2.jpg 1200w, https:\/\/www.alexetalex.com\/ca\/wp-content\/uploads\/2019\/07\/icaques-2-600x350.jpg 600w, https:\/\/www.alexetalex.com\/ca\/wp-content\/uploads\/2019\/07\/icaques-2-250x146.jpg 250w, https:\/\/www.alexetalex.com\/ca\/wp-content\/uploads\/2019\/07\/icaques-2-768x448.jpg 768w, https:\/\/www.alexetalex.com\/ca\/wp-content\/uploads\/2019\/07\/icaques-2-700x408.jpg 700w, https:\/\/www.alexetalex.com\/ca\/wp-content\/uploads\/2019\/07\/icaques-2-120x70.jpg 120w, https:\/\/www.alexetalex.com\/ca\/wp-content\/uploads\/2019\/07\/icaques-2-320x187.jpg 320w\" sizes=\"(max-width: 1200px) 100vw, 1200px\" \/><\/p>\n<p><H2>I] 2 minutes pour tout savoir sur ce fruit originaire d\u2019Am\u00e9rique tropicale<\/H2><\/p>\n<p>L\u2019icaque est un fruit encore m\u00e9connu en Europe. Le produit r\u00e9pond n\u00e9anmoins \u00e0 une multitude d\u2019appellations, en l\u2019occurrence : zikak bl\u00e9, Ti zikak (en cr\u00e9ole), icaco (en espagnol), fat pork ou coco plum (en anglais). <\/p>\n<p><H3>Icaque (fruit de l\u2019icaquier) : d\u00e9finition<\/H3><\/p>\n<p>De son nom scientifique \u00ab\u00a0Chrysobalanus Icaco\u00a0\u00bb, l\u2019icaque est un petit fruit mesurant entre 1 \u00e0 3 cm. Natif de l\u2019Am\u00e9rique tropicale, il est \u00e9galement connu sous le nom de prune de coton. Ces termes font r\u00e9f\u00e9rence \u00e0 sa pulpe qui s\u2019apparente \u00e0 un coton. Le fruit provient de l\u2019arbre baptis\u00e9 Icacou par les femmes Arawaks. Bien qu\u2019originaire de l\u2019Am\u00e9rique tropicale, le fruit se r\u00e9pand progressivement dans les diff\u00e9rentes r\u00e9gions des Antilles. <\/p>\n<p>Le fruit comestible et globuleux \u00e0 la chair d\u00e9voile une couleur principalement blanche. Arriv\u00e9e au stade de maturit\u00e9, l\u2019icaque vire au vert. Sa couleur naturelle se situe ensuite entre le pourpre et le jaune. L\u2019icaque arbore une forme de petite prune dot\u00e9e d\u2019une pulpe de style cotonneuse. <\/p>\n<p>Baptis\u00e9 l\u2019icaquier et appartenant \u00e0 la famille des Chrysobalanaceae, l\u2019arbre est dot\u00e9 de petites fleurs blanches qui se rassemblent en groupes axillaires et terminaux sur l\u2019icaquier. L\u2019arbre est tr\u00e8s utilis\u00e9 dans la d\u00e9coration d\u2019int\u00e9rieur et fait office d\u2019objet d\u2019ornement. Il peut d\u2019ailleurs atteindre une hauteur de plus de 4 m. Ses feuilles sont de formes ovales et arrondies au sommet. Ils sont \u00e9galement luisants. <\/p>\n<p><H3>Icaque : go\u00fbt et calories<\/H3><\/p>\n<p>L&rsquo;icaque poss\u00e8de une saveur originale situ\u00e9e entre le fade et l\u2019\u00e2cre qui laisse certains consommateurs encore perplexes.<\/p>\n<p>De la taille d\u2019une petite prune, l&rsquo;icaque poss\u00e8de une pulpe cotonneuse, de couleur blanche est farineuse et d\u00e9pose une saveur douce, assez fade, voire astringente. Dans certains cas, sa chair blanche conf\u00e8re une saveur l\u00e9g\u00e8rement \u00e2cre.<\/p>\n<p><img loading=\"lazy\" width=\"640\" height=\"480\" src=\"https:\/\/www.alexetalex.com\/ca\/wp-content\/uploads\/2019\/07\/icaque.jpg\" alt=\"icaque\" class=\"alignnone size-full wp-image-11071\" srcset=\"https:\/\/www.alexetalex.com\/ca\/wp-content\/uploads\/2019\/07\/icaque.jpg 640w, https:\/\/www.alexetalex.com\/ca\/wp-content\/uploads\/2019\/07\/icaque-600x450.jpg 600w, https:\/\/www.alexetalex.com\/ca\/wp-content\/uploads\/2019\/07\/icaque-250x188.jpg 250w, https:\/\/www.alexetalex.com\/ca\/wp-content\/uploads\/2019\/07\/icaque-120x90.jpg 120w, https:\/\/www.alexetalex.com\/ca\/wp-content\/uploads\/2019\/07\/icaque-320x240.jpg 320w\" sizes=\"(max-width: 640px) 100vw, 640px\" \/><\/p>\n<p>Notons que la pulpe blanche cotonneuse de l\u2019icaque est comestible et s\u2019entoure d\u2019un noyau de taille imposant. Certaines personnes pr\u00e9f\u00e8rent d&rsquo;ailleurs consommer uniquement le noyau, qui est comestible et a un bon go\u00fbt d\u2019amande. <\/p>\n<p>En mati\u00e8re de calorie, le fruit ne conf\u00e8re qu\u2019un tr\u00e8s l\u00e9ger go\u00fbt de sucre. Aussi, l\u2019aliment ne contient que peu de calories. C\u2019est d\u2019ailleurs la raison pour laquelle, le fruit est g\u00e9n\u00e9ralement accompagn\u00e9 de sucre lors de sa pr\u00e9paration et de sa consommation. <\/p>\n<p><H3>L\u2019icaque : un fruit exotique des r\u00e9gions c\u00f4ti\u00e8res tropicales<\/H3><\/p>\n<p>Le fruit est g\u00e9n\u00e9ralement localis\u00e9 en Am\u00e9rique tropicale et dans l\u2019Am\u00e9rique du Sud. Il est ensuite arriv\u00e9 aux Antilles en compagnie des Arawaks du nord de l\u2019Am\u00e9rique du Sud. Le fruit traverse aujourd\u2019hui tout le territoire, notamment dans les diff\u00e9rents recoins de l\u2019\u00eele. <\/p>\n<p>L\u2019icaque pousse \u00e9galement dans les r\u00e9gions c\u00f4ti\u00e8res du sud de la Floride, dans les Cara\u00efbes et dans les Bahamas. Vous pouvez apercevoir le fruit en Am\u00e9rique centrale et m\u00e9ridionale, notamment, au nord du Br\u00e9sil, au Mexique, en \u00c9quateur ainsi qu\u2019en Afrique tropicale.<\/p>\n<p><H2>II] Icaque : bienfaits et vertus, et usage culinaire<\/H2><\/p>\n<p>Le surnom pulpe de coton fait r\u00e9f\u00e9rence \u00e0 son aspect cotonneux ainsi que sa chair blanch\u00e2tre. Cette couleur vire cependant au violet une fois que le fruit a atteint l\u2019\u00e2ge adulte. Bien que peu connue du public, l\u2019icaque commence \u00e0 se faire connaitre aupr\u00e8s des grandes enseignes de grandes distributions. <\/p>\n<p><H3>Icaque : analyse nutritionnelle<\/H3><\/p>\n<p>Le fruit ne pr\u00e9sente pas sp\u00e9cialement de grande valeur nutritive. Il ne contient que peu de sucre. D\u2019ailleurs, selon une estimation, 100 g d\u2019icaque en moyenne ne renferme que 10 \u00e0 15 g de sucre. N\u00e9anmoins, l\u2019icaque renferme une grande quantit\u00e9 de composants naturels qui luttent contre la diarrh\u00e9e.<\/p>\n<p><img loading=\"lazy\" width=\"500\" height=\"500\" src=\"https:\/\/www.alexetalex.com\/ca\/wp-content\/uploads\/2019\/07\/Coco-Plum-1.jpg\" alt=\"icaque bienfaits\" class=\"alignnone size-full wp-image-11072\" srcset=\"https:\/\/www.alexetalex.com\/ca\/wp-content\/uploads\/2019\/07\/Coco-Plum-1.jpg 500w, https:\/\/www.alexetalex.com\/ca\/wp-content\/uploads\/2019\/07\/Coco-Plum-1-300x300.jpg 300w, https:\/\/www.alexetalex.com\/ca\/wp-content\/uploads\/2019\/07\/Coco-Plum-1-100x100.jpg 100w, https:\/\/www.alexetalex.com\/ca\/wp-content\/uploads\/2019\/07\/Coco-Plum-1-250x250.jpg 250w, https:\/\/www.alexetalex.com\/ca\/wp-content\/uploads\/2019\/07\/Coco-Plum-1-120x120.jpg 120w, https:\/\/www.alexetalex.com\/ca\/wp-content\/uploads\/2019\/07\/Coco-Plum-1-260x260.jpg 260w, https:\/\/www.alexetalex.com\/ca\/wp-content\/uploads\/2019\/07\/Coco-Plum-1-320x320.jpg 320w\" sizes=\"(max-width: 500px) 100vw, 500px\" \/><\/p>\n<p><i>On le voit bien sur l&rsquo;image ci-dessus : d&rsquo;aspect ext\u00e9rieur, les icaques ressemblent \u00e0 s&rsquo;y m\u00e9prendre aux prunes que nous avons l&rsquo;habitude de rencontrer en Europe.<\/i><\/p>\n<p><H3>Les propri\u00e9t\u00e9s anti-diarrh\u00e9iques et anti-dysent\u00e9riques de l\u2019icaque<\/H3><\/p>\n<p>Le fruit poss\u00e8de des propri\u00e9t\u00e9s astringentes. Ses valeurs th\u00e9rapeutiques combattent les diarrh\u00e9es.<\/p>\n<p>Par ailleurs du fait de ses propri\u00e9t\u00e9s astringentes, l\u2019icaque poss\u00e8de des valeurs th\u00e9rapeutiques et peut notamment aider \u00e0 combattre les diarrh\u00e9es. Des \u00e9tudes ont en effet rapport\u00e9 l\u2019existence de tri\u00e9no\u00efques, d\u2019acides t\u00e9tra\u00e9no\u00efques et de leurs d\u00e9riv\u00e9s oxo dans l\u2019icaque. \u00c0 ces composants s\u2019ajoutent des tanins cat\u00e9chol en quantit\u00e9 moyenne. <\/p>\n<p>Certaines scientifiques ont \u00e9galement signal\u00e9 la pr\u00e9sente de diterp\u00e8nes et de triterp\u00e8nes dans les feuilles d\u2019icaque. Des \u00e9tudes phytochimiques ont r\u00e9v\u00e9l\u00e9 la pr\u00e9sence de myric\u00e9tine dans ses feuilles. Tous ces composants conf\u00e8rent des propri\u00e9t\u00e9s pharmacologiques qui luttent contre la diarrh\u00e9e. <\/p>\n<p>Pour profiter de ces bienfaits, la posologie recommande une d\u00e9coction \u00e0 30 g de fruit pour un litre d\u2019eau. L\u2019\u00e9corce doit \u00eatre prise en infusion pour pr\u00e9venir et traiter la dysenterie et les diarrh\u00e9es rebelles. Les feuilles, l\u2019\u00e9corce ainsi que les racines pr\u00e9viennent les risques de leucorrh\u00e9e. <\/p>\n<p>Les femmes peuvent faire usage du sic des feuilles et des racines battues avec de l\u2019huile en guise d\u2019injections vaginales. Le produit obtenu permet de raffermir les muqueuses. La d\u00e9coction de 10 \u00e0 20 g de feuille d\u2019icaque m\u00e9lang\u00e9e dans un litre d\u2019eau bouillante constitue de plus un antiseptique naturel. La pr\u00e9paration cicatrise les plaies et lutte contre les maux de gorge. <\/p>\n<p><H3>Utilisation de l\u2019icaque dans la cuisine de tous les jours<\/H3> <\/p>\n<p>De mani\u00e8re g\u00e9n\u00e9rale, l\u2019icaque est consomm\u00e9e crue avec ou sans la peau. Cette derni\u00e8re peut \u00eatre confit dans du sucre ou pel\u00e9e avant d\u2019\u00eatre consomm\u00e9e. Le fruit sert \u00e9galement d\u2019ingr\u00e9dient dans la pr\u00e9paration de rhums parfum\u00e9s, de confitures et de compotes. Leurs amandes sont comestibles. Certaines personnes les pr\u00e9f\u00e8rent grill\u00e9s. <\/p>\n<p>Outre la chair et la peau, l\u2019arbre est \u00e9galement d\u2019une grande utilit\u00e9. Dans les Cara\u00efbes, la v\u00e9g\u00e9tation est utilis\u00e9e pour fabriquer des torches. Dans la m\u00e9decine, elle est exploit\u00e9e pour ses vertus m\u00e9dicinales. <\/p>\n<p><H2>III] \u00c0 propos de l\u2019icaque : le saviez-vous<\/H2><\/p>\n<p>Le fruit ne renferme pas que des vertus m\u00e9dicinales. Il se d\u00e9marque \u00e9galement par ses nombreux faits remarquables. D\u00e9couvrez les quelques informations insolites concernant l\u2019icaque. <\/p>\n<p><H3>L\u2019icaquier : un arbre qui pousse uniquement en bord de mer<\/H3><\/p>\n<p>L\u2019icaquier est l\u2019arbre qui donne naissance au fruit nomm\u00e9 \u00ab\u00a0icaque\u00a0\u00bb. Du nom scientifique Chrysobalanus icaco, la v\u00e9g\u00e9tation appartient \u00e0 la classe des Magnoliopsida, de l\u2019ordre des Rosales et de la famille des Chrysobalanaceae. L\u2019arbre fruitier est originaire de l\u2019Am\u00e9rique tropicale et des Antilles. Vous pouvez \u00e9galement apercevoir l\u2019arbre \u00e0 la R\u00e9union et aux Antilles Fran\u00e7aise. Il pousse g\u00e9n\u00e9ralement sur le littoral sec et dans la for\u00eat semi-humide ainsi que sur le bord des rivi\u00e8res. Les bords de mer constituent en effet l\u2019unique emplacement favorable \u00e0 sa culture. <\/p>\n<p>Dans le cadre de sa culture, il est conseill\u00e9 de choisir une parcelle localis\u00e9e au minimum \u00e0 200 m d\u2019altitude. Pour favoriser une bonne r\u00e9colte d\u2019icaque, il faut r\u00e9aliser des semis \u00e0 partir des graines de la plante. Vous pouvez \u00e9galement effectuer une culture par bouturage. La floraison a par ailleurs lieu entre mars \u00e0 mai, tandis que la fructification commence en juin et finit en septembre. <\/p>\n<p><H3>L\u2019icaque bleu : une vari\u00e9t\u00e9 rare qui colore la bouche<\/H3><\/p>\n<p>Il est possible de consommer l\u2019icaque crue ou confit avec du sucre. Une vari\u00e9t\u00e9 appel\u00e9e icaque bleu d\u00e9pose une couleur bleue sur la bouche apr\u00e8s sa consommation. Cette vari\u00e9t\u00e9 se d\u00e9marque par son fruit plus petit et plus long. L\u2019icaque bleu d\u00e9voile une couleur bleu fonc\u00e9 qui t\u00e2che sur la bouche. <\/p>\n<p>Il existe \u00e9galement une autre vari\u00e9t\u00e9 d\u2019icaques qui affichent une peau rose fonc\u00e9e qui vire presque au rouge. Une autre vari\u00e9t\u00e9 est rev\u00eatue de couleur verte et une autre vari\u00e9t\u00e9 r\u00e9v\u00e8le une peau bleu noire. Les icaques rose fonc\u00e9e et verte sont tr\u00e8s r\u00e9pandues en Martinique, mais l\u2019icaque \u00e0 la peau bleu noire est plus rare, voire inexistante. <\/p>\n<p><H3>M\u00e9decine traditionnelle : vertus des racines, fleurs, et \u00e9corce d\u2019icaquier<\/H3><br \/>\nL\u2019icaque renferme un tanin astringent, un composant tr\u00e8s utilis\u00e9 dans la m\u00e9decine. Les scientifiques d\u00e9crivent le fruit comme antidysentrique et antidiarrh\u00e9ique. Prenant la forme d\u2019infusion, l\u2019\u00e9corce permet en effet de combattre la dysenterie et les diarrh\u00e9es rebelles. <\/p>\n<p>Le fruit fait aujourd\u2019hui l\u2019objet de nombreuses recherches scientifiques en raison de ses propri\u00e9t\u00e9s m\u00e9dicinales. Rappelons n\u00e9anmoins que les Indiens cara\u00efbes ont d\u00e9j\u00e0 exploit\u00e9 ses nombreuses vertus depuis des si\u00e8cles. L\u2019icaque a \u00e9t\u00e9 utilis\u00e9e pour traiter les flux de sang. Pour soulager ce mal, les Indiens pr\u00e9paraient une p\u00e2te de l\u2019amande pil\u00e9e et ajoutaient de l\u2019eau de fleur d\u2019oranger. Ces tribus utilisaient \u00e9galement les racines et les feuilles en d\u00e9coction pour resserrer les organes f\u00e9minins. Le produit servait ainsi \u00e0 simuler la virginit\u00e9 d\u2019une jeune femme. <\/p>\n<p>Dans les Cara\u00efbes, les fleurs et l\u2019\u00e9corce de l\u2019icaque font aujourd\u2019hui office d\u2019anti-leucorrh\u00e9iques. Les feuilles sont utilis\u00e9es pour combattre les maux de gorge. Ils s\u2019av\u00e8rent \u00e9galement un excellent rem\u00e8de contre les affections intestinales. Aux petites Antilles, la racine et l\u2019\u00e9corce sont employ\u00e9es en d\u00e9coction, tandis qu\u2019en Jama\u00efque, ce sont les fruits et les feuilles. En Martinique, la racine est employ\u00e9e en mac\u00e9ration pour lutter contre la \u00ab bless \u00bb. <\/p>\n<p>Au Br\u00e9sil, les habitants utilisaient les feuilles pour traiter le diab\u00e8te. D\u2019ailleurs, les extraits aqueux de feuilles d\u2019icaque \u00e9taient en usage traditionnel dans le pays pour contr\u00f4ler la glyc\u00e9mie des personnes souffrant de diab\u00e8te.<\/p>\n<p><strong>Pour continuer d&rsquo;apprendre :<\/strong><br \/>\n<br \/>&#8211; <a href=\"https:\/\/www.alexetalex.com\/ca\/dossiers-fruites\/le-saviez-vous\/fruits-legumes-en-i\/\" rel=\"noopener\" target=\"_blank\">Connaissez-vous d&rsquo;autres fruits en I<\/a><br \/>\n<br \/>&#8211; <a href=\"https:\/\/www.alexetalex.com\/ca\/dossiers-fruites\/fruit-et-nutrition\/figue-barbarie-bienfaits\/\" rel=\"noopener\" target=\"_blank\">La figue de barbarie : un autre fruit originaire d&rsquo;Am\u00e9rique centrale<\/a><br \/>\n<br \/>&#8211; <a href=\"https:\/\/www.alexetalex.com\/ca\/dossiers-fruites\/composition-des-paniers\/fruits-de-saison\/\" rel=\"noopener\" target=\"_blank\">Le calendrier des fruits de saison (pour la France)<\/a><\/p>\n","protected":false},"excerpt":{"rendered":"<p>Icaque : le guide complet sur ce fruit exotique L\u2019icaque figure parmi les fruits tropicaux insolites qui poss\u00e8dent le plus de vertus m\u00e9dicinales. Pourtant, ce fruit originaire d\u2019Am\u00e9rique centrale reste encore peu connu du reste du monde. Ce fruit, qui s\u2019apparente \u00e0 une prune de petite taille, constitue en effet un rem\u00e8de naturel contre la [&hellip;]<\/p>\n","protected":false},"author":4,"featured_media":11070,"parent":8698,"menu_order":0,"comment_status":"closed","ping_status":"closed","template":"template-single-dossiers-fruites.php","meta":{"_et_pb_use_builder":"","_et_pb_old_content":"","_et_gb_content_width":""},"acf":[],"yoast_head":"<!-- This site is optimized with the Yoast SEO plugin v17.6 - https:\/\/yoast.com\/wordpress\/plugins\/seo\/ -->\n<title>Icaque : Tout savoir sur ce fruit originaire d&#039;Am\u00e9rique centrale - A&amp;A<\/title>\n<meta name=\"description\" content=\"De son nom scientifique &quot;Chrysobalanus Icaco&quot;, l\u2019icaque est un petit fruit mesurant entre 1 \u00e0 3 cm, originaire d&#039;Am\u00e9rique centrale. D\u00e9couvrez tout sur ce fruit dans cet article.\" \/>\n<meta name=\"robots\" content=\"index, follow, max-snippet:-1, max-image-preview:large, max-video-preview:-1\" \/>\n<link rel=\"canonical\" href=\"https:\/\/www.alexetalex.com\/ca\/dossiers-fruites\/fruit-et-nutrition\/icaque\/\" \/>\n<meta property=\"og:locale\" content=\"fr_FR\" \/>\n<meta property=\"og:type\" content=\"article\" \/>\n<meta property=\"og:title\" content=\"Icaque : Tout savoir sur ce fruit originaire d&#039;Am\u00e9rique centrale - A&amp;A\" \/>\n<meta property=\"og:description\" content=\"De son nom scientifique &quot;Chrysobalanus Icaco&quot;, l\u2019icaque est un petit fruit mesurant entre 1 \u00e0 3 cm, originaire d&#039;Am\u00e9rique centrale. D\u00e9couvrez tout sur ce fruit dans cet article.\" \/>\n<meta property=\"og:url\" content=\"https:\/\/www.alexetalex.com\/ca\/dossiers-fruites\/fruit-et-nutrition\/icaque\/\" \/>\n<meta property=\"article:modified_time\" content=\"2019-08-28T16:35:16+00:00\" \/>\n<meta property=\"og:image\" content=\"https:\/\/www.alexetalex.com\/ca\/wp-content\/uploads\/2019\/07\/icaques-2.jpg\" \/>\n\t<meta property=\"og:image:width\" content=\"1200\" \/>\n\t<meta property=\"og:image:height\" content=\"700\" \/>\n<meta name=\"twitter:label1\" content=\"Dur\u00e9e de lecture estim\u00e9e\" \/>\n\t<meta name=\"twitter:data1\" content=\"9 minutes\" \/>\n<script type=\"application\/ld+json\" class=\"yoast-schema-graph\">{\"@context\":\"https:\/\/schema.org\",\"@graph\":[{\"@type\":\"Organization\",\"@id\":\"https:\/\/www.alexetalex.com\/ca\/#organization\",\"name\":\"Alex & Alex\",\"url\":\"https:\/\/www.alexetalex.com\/ca\/\",\"sameAs\":[],\"logo\":{\"@type\":\"ImageObject\",\"@id\":\"https:\/\/www.alexetalex.com\/ca\/#logo\",\"inLanguage\":\"fr-FR\",\"url\":\"https:\/\/www.alexetalex.com\/ca\/wp-content\/uploads\/2020\/04\/alexalex-1.png\",\"contentUrl\":\"https:\/\/www.alexetalex.com\/ca\/wp-content\/uploads\/2020\/04\/alexalex-1.png\",\"width\":51,\"height\":50,\"caption\":\"Alex & Alex\"},\"image\":{\"@id\":\"https:\/\/www.alexetalex.com\/ca\/#logo\"}},{\"@type\":\"WebSite\",\"@id\":\"https:\/\/www.alexetalex.com\/ca\/#website\",\"url\":\"https:\/\/www.alexetalex.com\/ca\/\",\"name\":\"\",\"description\":\"\",\"publisher\":{\"@id\":\"https:\/\/www.alexetalex.com\/ca\/#organization\"},\"potentialAction\":[{\"@type\":\"SearchAction\",\"target\":{\"@type\":\"EntryPoint\",\"urlTemplate\":\"https:\/\/www.alexetalex.com\/ca\/?s={search_term_string}\"},\"query-input\":\"required name=search_term_string\"}],\"inLanguage\":\"fr-FR\"},{\"@type\":\"ImageObject\",\"@id\":\"https:\/\/www.alexetalex.com\/ca\/dossiers-fruites\/fruit-et-nutrition\/icaque\/#primaryimage\",\"inLanguage\":\"fr-FR\",\"url\":\"https:\/\/www.alexetalex.com\/ca\/wp-content\/uploads\/2019\/07\/icaques-2.jpg\",\"contentUrl\":\"https:\/\/www.alexetalex.com\/ca\/wp-content\/uploads\/2019\/07\/icaques-2.jpg\",\"width\":1200,\"height\":700},{\"@type\":\"WebPage\",\"@id\":\"https:\/\/www.alexetalex.com\/ca\/dossiers-fruites\/fruit-et-nutrition\/icaque\/#webpage\",\"url\":\"https:\/\/www.alexetalex.com\/ca\/dossiers-fruites\/fruit-et-nutrition\/icaque\/\",\"name\":\"Icaque : Tout savoir sur ce fruit originaire d'Am\\u00e9rique centrale - A&A\",\"isPartOf\":{\"@id\":\"https:\/\/www.alexetalex.com\/ca\/#website\"},\"primaryImageOfPage\":{\"@id\":\"https:\/\/www.alexetalex.com\/ca\/dossiers-fruites\/fruit-et-nutrition\/icaque\/#primaryimage\"},\"datePublished\":\"2019-07-27T22:49:13+00:00\",\"dateModified\":\"2019-08-28T16:35:16+00:00\",\"description\":\"De son nom scientifique \\\"Chrysobalanus Icaco\\\", l\\u2019icaque est un petit fruit mesurant entre 1 \\u00e0 3 cm, originaire d'Am\\u00e9rique centrale. D\\u00e9couvrez tout sur ce fruit dans cet article.\",\"breadcrumb\":{\"@id\":\"https:\/\/www.alexetalex.com\/ca\/dossiers-fruites\/fruit-et-nutrition\/icaque\/#breadcrumb\"},\"inLanguage\":\"fr-FR\",\"potentialAction\":[{\"@type\":\"ReadAction\",\"target\":[\"https:\/\/www.alexetalex.com\/ca\/dossiers-fruites\/fruit-et-nutrition\/icaque\/\"]}]},{\"@type\":\"BreadcrumbList\",\"@id\":\"https:\/\/www.alexetalex.com\/ca\/dossiers-fruites\/fruit-et-nutrition\/icaque\/#breadcrumb\",\"itemListElement\":[{\"@type\":\"ListItem\",\"position\":1,\"name\":\"Magazine\",\"item\":\"https:\/\/www.alexetalex.com\/ca\/dossiers-fruites\/\"},{\"@type\":\"ListItem\",\"position\":2,\"name\":\"Nutrition\",\"item\":\"https:\/\/www.alexetalex.com\/ca\/dossiers-fruites\/fruit-et-nutrition\/\"},{\"@type\":\"ListItem\",\"position\":3,\"name\":\"Dossier\"}]}]}<\/script>\n<!-- \/ Yoast SEO plugin. -->","yoast_head_json":{"title":"Icaque : Tout savoir sur ce fruit originaire d'Am\u00e9rique centrale - A&A","description":"De son nom scientifique \"Chrysobalanus Icaco\", l\u2019icaque est un petit fruit mesurant entre 1 \u00e0 3 cm, originaire d'Am\u00e9rique centrale. D\u00e9couvrez tout sur ce fruit dans cet article.","robots":{"index":"index","follow":"follow","max-snippet":"max-snippet:-1","max-image-preview":"max-image-preview:large","max-video-preview":"max-video-preview:-1"},"canonical":"https:\/\/www.alexetalex.com\/ca\/dossiers-fruites\/fruit-et-nutrition\/icaque\/","og_locale":"fr_FR","og_type":"article","og_title":"Icaque : Tout savoir sur ce fruit originaire d'Am\u00e9rique centrale - A&A","og_description":"De son nom scientifique \"Chrysobalanus Icaco\", l\u2019icaque est un petit fruit mesurant entre 1 \u00e0 3 cm, originaire d'Am\u00e9rique centrale. D\u00e9couvrez tout sur ce fruit dans cet article.","og_url":"https:\/\/www.alexetalex.com\/ca\/dossiers-fruites\/fruit-et-nutrition\/icaque\/","article_modified_time":"2019-08-28T16:35:16+00:00","og_image":[{"width":1200,"height":700,"url":"https:\/\/www.alexetalex.com\/ca\/wp-content\/uploads\/2019\/07\/icaques-2.jpg","type":"image\/jpeg"}],"twitter_misc":{"Dur\u00e9e de lecture estim\u00e9e":"9 minutes"},"schema":{"@context":"https:\/\/schema.org","@graph":[{"@type":"Organization","@id":"https:\/\/www.alexetalex.com\/ca\/#organization","name":"Alex & Alex","url":"https:\/\/www.alexetalex.com\/ca\/","sameAs":[],"logo":{"@type":"ImageObject","@id":"https:\/\/www.alexetalex.com\/ca\/#logo","inLanguage":"fr-FR","url":"https:\/\/www.alexetalex.com\/ca\/wp-content\/uploads\/2020\/04\/alexalex-1.png","contentUrl":"https:\/\/www.alexetalex.com\/ca\/wp-content\/uploads\/2020\/04\/alexalex-1.png","width":51,"height":50,"caption":"Alex & Alex"},"image":{"@id":"https:\/\/www.alexetalex.com\/ca\/#logo"}},{"@type":"WebSite","@id":"https:\/\/www.alexetalex.com\/ca\/#website","url":"https:\/\/www.alexetalex.com\/ca\/","name":"","description":"","publisher":{"@id":"https:\/\/www.alexetalex.com\/ca\/#organization"},"potentialAction":[{"@type":"SearchAction","target":{"@type":"EntryPoint","urlTemplate":"https:\/\/www.alexetalex.com\/ca\/?s={search_term_string}"},"query-input":"required name=search_term_string"}],"inLanguage":"fr-FR"},{"@type":"ImageObject","@id":"https:\/\/www.alexetalex.com\/ca\/dossiers-fruites\/fruit-et-nutrition\/icaque\/#primaryimage","inLanguage":"fr-FR","url":"https:\/\/www.alexetalex.com\/ca\/wp-content\/uploads\/2019\/07\/icaques-2.jpg","contentUrl":"https:\/\/www.alexetalex.com\/ca\/wp-content\/uploads\/2019\/07\/icaques-2.jpg","width":1200,"height":700},{"@type":"WebPage","@id":"https:\/\/www.alexetalex.com\/ca\/dossiers-fruites\/fruit-et-nutrition\/icaque\/#webpage","url":"https:\/\/www.alexetalex.com\/ca\/dossiers-fruites\/fruit-et-nutrition\/icaque\/","name":"Icaque : Tout savoir sur ce fruit originaire d'Am\u00e9rique centrale - A&A","isPartOf":{"@id":"https:\/\/www.alexetalex.com\/ca\/#website"},"primaryImageOfPage":{"@id":"https:\/\/www.alexetalex.com\/ca\/dossiers-fruites\/fruit-et-nutrition\/icaque\/#primaryimage"},"datePublished":"2019-07-27T22:49:13+00:00","dateModified":"2019-08-28T16:35:16+00:00","description":"De son nom scientifique \"Chrysobalanus Icaco\", l\u2019icaque est un petit fruit mesurant entre 1 \u00e0 3 cm, originaire d'Am\u00e9rique centrale. D\u00e9couvrez tout sur ce fruit dans cet article.","breadcrumb":{"@id":"https:\/\/www.alexetalex.com\/ca\/dossiers-fruites\/fruit-et-nutrition\/icaque\/#breadcrumb"},"inLanguage":"fr-FR","potentialAction":[{"@type":"ReadAction","target":["https:\/\/www.alexetalex.com\/ca\/dossiers-fruites\/fruit-et-nutrition\/icaque\/"]}]},{"@type":"BreadcrumbList","@id":"https:\/\/www.alexetalex.com\/ca\/dossiers-fruites\/fruit-et-nutrition\/icaque\/#breadcrumb","itemListElement":[{"@type":"ListItem","position":1,"name":"Magazine","item":"https:\/\/www.alexetalex.com\/ca\/dossiers-fruites\/"},{"@type":"ListItem","position":2,"name":"Nutrition","item":"https:\/\/www.alexetalex.com\/ca\/dossiers-fruites\/fruit-et-nutrition\/"},{"@type":"ListItem","position":3,"name":"Dossier"}]}]}},"_links":{"self":[{"href":"https:\/\/www.alexetalex.com\/ca\/wp-json\/wp\/v2\/pages\/10957"}],"collection":[{"href":"https:\/\/www.alexetalex.com\/ca\/wp-json\/wp\/v2\/pages"}],"about":[{"href":"https:\/\/www.alexetalex.com\/ca\/wp-json\/wp\/v2\/types\/page"}],"author":[{"embeddable":true,"href":"https:\/\/www.alexetalex.com\/ca\/wp-json\/wp\/v2\/users\/4"}],"replies":[{"embeddable":true,"href":"https:\/\/www.alexetalex.com\/ca\/wp-json\/wp\/v2\/comments?post=10957"}],"version-history":[{"count":0,"href":"https:\/\/www.alexetalex.com\/ca\/wp-json\/wp\/v2\/pages\/10957\/revisions"}],"up":[{"embeddable":true,"href":"https:\/\/www.alexetalex.com\/ca\/wp-json\/wp\/v2\/pages\/8698"}],"wp:featuredmedia":[{"embeddable":true,"href":"https:\/\/www.alexetalex.com\/ca\/wp-json\/wp\/v2\/media\/11070"}],"wp:attachment":[{"href":"https:\/\/www.alexetalex.com\/ca\/wp-json\/wp\/v2\/media?parent=10957"}],"curies":[{"name":"wp","href":"https:\/\/api.w.org\/{rel}","templated":true}]}}