{"id":10972,"date":"2019-08-27T16:33:55","date_gmt":"2019-08-27T15:33:55","guid":{"rendered":"https:\/\/www.alexetalex.com\/ca\/?page_id=10972"},"modified":"2019-08-27T16:33:55","modified_gmt":"2019-08-27T15:33:55","slug":"cerise-griotte","status":"publish","type":"page","link":"https:\/\/www.alexetalex.com\/ca\/dossiers-fruites\/route-des-fruits\/cerise-griotte\/","title":{"rendered":"La Griotte : une cerise pas comme les autres"},"content":{"rendered":"<p><H1>La Griotte : guide complet de cette cerise atypique<\/H1><\/p>\n<p>La griotte, c&rsquo;est la cerise star des recettes de cuisine. En tarte, confiture, eau de vie ou encore en agr\u00e9ment de cailles ou d&rsquo;agneau, elle r\u00e9v\u00e8le toutes ses saveurs d\u00e8s qu&rsquo;elle est travaill\u00e9e.<\/p>\n<p>Coup de projecteur sur cette cerise qui depuis longtemps r\u00e9gale les palais.<\/p>\n<p><img loading=\"lazy\" width=\"923\" height=\"519\" src=\"https:\/\/www.alexetalex.com\/ca\/wp-content\/uploads\/2019\/08\/104856719_s.jpg\" alt=\"cerises griotte en vrac\" class=\"alignnone size-full wp-image-11364\" srcset=\"https:\/\/www.alexetalex.com\/ca\/wp-content\/uploads\/2019\/08\/104856719_s.jpg 923w, https:\/\/www.alexetalex.com\/ca\/wp-content\/uploads\/2019\/08\/104856719_s-600x337.jpg 600w, https:\/\/www.alexetalex.com\/ca\/wp-content\/uploads\/2019\/08\/104856719_s-250x141.jpg 250w, https:\/\/www.alexetalex.com\/ca\/wp-content\/uploads\/2019\/08\/104856719_s-768x432.jpg 768w, https:\/\/www.alexetalex.com\/ca\/wp-content\/uploads\/2019\/08\/104856719_s-700x394.jpg 700w, https:\/\/www.alexetalex.com\/ca\/wp-content\/uploads\/2019\/08\/104856719_s-120x67.jpg 120w, https:\/\/www.alexetalex.com\/ca\/wp-content\/uploads\/2019\/08\/104856719_s-320x180.jpg 320w\" sizes=\"(max-width: 923px) 100vw, 923px\" \/><\/p>\n<p><H2>I] Griotte : tout savoir en 2 minutes<\/H2><\/p>\n<p>Ce  fruit de renomm\u00e9e mondiale pousse sur un petit arbre, le Prunus cesarus, d\u00e9passant rarement la dizaine de m\u00e8tre. Particuli\u00e8rement adapt\u00e9 au climat froid, on en retrouve dans le nord de la France et de l&rsquo;Europe. Sa culture semble \u00eatre tr\u00e8s ancienne, car on en trouve des allusions dans diff\u00e9rents textes romains.<\/p>\n<p><H3>Qu&rsquo;est ce qu&rsquo;une griotte ?<\/H3><\/p>\n<p>A premi\u00e8re vue, pas facile de faire la diff\u00e9rence entre une Griotte ou une Burlat par exemple. C&rsquo;est le go\u00fbt qui est d\u00e9terminant : Griotte vient de l&rsquo;occitan \u00ab\u00a0agri\u00f2ta\u00a0\u00bb d\u00e9riv\u00e9 de \u00ab\u00a0agre\u00a0\u00bb, aigre en fran\u00e7ais. C&rsquo;est donc une cerise au go\u00fbt plut\u00f4t acidul\u00e9, aigre voir acide. Ce n&rsquo;est pas pour rien que l&rsquo;abre qui porte ce fruit s&rsquo;appelle cerisier acide ou griottier acide.<br \/>\n<br \/>\nNos voisins anglais, toujours tr\u00e8s prosa\u00efques, la d\u00e9nomme d&rsquo;ailleurs \u00ab\u00a0sour cherry\u00a0\u00bb, litt\u00e9rallement cerise acide. <\/p>\n<p>Donc contrairement \u00e0 ses cousines issues du Merisier, la cerise griotte se consomme gu\u00e8re crue. Elle est en revanche tr\u00e8s pris\u00e9e en cuisine, o\u00f9 elle a trouv\u00e9 sa place dans bon nombre de recettes, sucr\u00e9es ou sal\u00e9es.  <\/p>\n<p>Comme les autres cerises, elle a la forme d&rsquo;une bille qui ne d\u00e9passe pas les 1.5 cm de diam\u00e8tre et sa peau est de couleur rouge vif ou sombre en fonction de la vari\u00e9t\u00e9 et de la saison.<br \/>\n<br \/>\nOn parle couramment de fruit pour la griotte, mais c&rsquo;est plus pr\u00e9cis\u00e9ment une drupe, c&rsquo;est \u00e0 dire un fruit charnu ayant un noyau en son centre.<\/p>\n<p>La griotte fait partie de la famille des Rosaceae. Elle est donc la cousine de l\u2019abricot, de la p\u00eache mais aussi de la prune, ce qui explique le nom botanique du griottier : Prunus cerasus.<\/p>\n<p><H3>Cerise griotte : saison et prix au kilo<\/H3><\/p>\n<p>Il existe plusieurs vari\u00e9t\u00e9s de griottes et elles n\u2019arrivent pas toutes \u00e0 maturit\u00e9 au m\u00eame moment. Mais il faut tout de m\u00eame attendre l&rsquo;arriv\u00e9e des beaux jours pour pouvoir profiter de ce fruit, la saison s&rsquo;\u00e9talant g\u00e9n\u00e9ralement de mai \u00e0 juillet.<\/p>\n<p>La griotte se vend au kilo. Son prix fluctue en fonction de la p\u00e9riode de l&rsquo;ann\u00e9e et des vari\u00e9t\u00e9s, mais il faut tout de m\u00eame compter entre 6 et 9 euros le kg lorsque la saison b\u00e2t son plein.<\/p>\n<p><H3>Griottes : bien les choisir et bien les conserver<\/H3><\/p>\n<p>Etant un fruit fragile, elle ne se conserve que quelques jours, il faut \u00eatre vigilant lors de l&rsquo;achat de griottes. Les signes ext\u00e9rieures de fra\u00eecheur sont:<br \/>\n<br \/> &#8211; un peau brillante<br \/>\n<br \/> &#8211; une consistance ferme au toucher<br \/>\n<br \/> &#8211; un p\u00e9doncule encore solidement fix\u00e9 au fruit<br \/>\n<br \/>\nSi ces trois crit\u00e8res sont respect\u00e9s, alors pas de soucis, vous pouvez mettre ces griottes dans votre panier.<\/p>\n<p>Pour la conserver, privil\u00e9giez un endroit sec et prot\u00e9g\u00e9 de la lumi\u00e8re, \u00e0 temp\u00e9rature ambiante ou dans le bac \u00e0 l\u00e9gume du r\u00e9frig\u00e9rateur.<\/p>\n<p>La cong\u00e9lation est tout \u00e0 fait envisageable, pensez alors \u00e0 d\u00e9noyauter les cerises avant de les mettre en sachet.<br \/>\n<br \/> D&rsquo;ailleurs, si vous souhaitez vous procurer des griottes hors saison, orientez vous plut\u00f4t vers des produits surgel\u00e9s que vers des produits frais dont la qualit\u00e9 n&rsquo;est alors pas garantie (et le prix bien souvent exorbitant).<\/p>\n<p><H2>II] La Griotte : analyse nutrionnelle et recettes<\/H2><\/p>\n<p>La griotte est un fruit fr\u00e9quemment utilis\u00e9 en p\u00e2tisserie. En compote, en clafoutis, en garniture de for\u00eat noire ou encore en confiture, les griottes sont partout ! <\/p>\n<p><img loading=\"lazy\" width=\"848\" height=\"565\" src=\"https:\/\/www.alexetalex.com\/ca\/wp-content\/uploads\/2019\/08\/60080348_s.jpg\" alt=\"clafoutis aux griottes facon grand mere\" class=\"alignnone size-full wp-image-11362\" srcset=\"https:\/\/www.alexetalex.com\/ca\/wp-content\/uploads\/2019\/08\/60080348_s.jpg 848w, https:\/\/www.alexetalex.com\/ca\/wp-content\/uploads\/2019\/08\/60080348_s-600x400.jpg 600w, https:\/\/www.alexetalex.com\/ca\/wp-content\/uploads\/2019\/08\/60080348_s-250x167.jpg 250w, https:\/\/www.alexetalex.com\/ca\/wp-content\/uploads\/2019\/08\/60080348_s-768x512.jpg 768w, https:\/\/www.alexetalex.com\/ca\/wp-content\/uploads\/2019\/08\/60080348_s-700x466.jpg 700w, https:\/\/www.alexetalex.com\/ca\/wp-content\/uploads\/2019\/08\/60080348_s-120x80.jpg 120w, https:\/\/www.alexetalex.com\/ca\/wp-content\/uploads\/2019\/08\/60080348_s-320x213.jpg 320w, https:\/\/www.alexetalex.com\/ca\/wp-content\/uploads\/2019\/08\/60080348_s-272x182.jpg 272w\" sizes=\"(max-width: 848px) 100vw, 848px\" \/><\/p>\n<p>Elle trouve \u00e9galement leur place dans les plats sal\u00e9s, accompagnant \u00e0 merveille les volailles ou encore le foie gras. <\/p>\n<p>Commen\u00e7ons par une analyse nutritionnelle de ce fruit pour savoir ce qu&rsquo;il r\u00e9serve pour notre organisme.<\/p>\n<p><H3>Griotte : analyse nutritionnelle et bienfaits<\/H3><\/p>\n<p>Moins sucr\u00e9 que sa cousine la cerise douce, elle est surtout riche en fibres et micronutriments.<\/p>\n<p>Dans 100 grammes de griottes, on retrouve entre autres :<br \/>\n<br \/>&#8211; 83.8 gramme d\u2019eau<br \/>\n<br \/>&#8211; 11.6 grammes de sucres<br \/>\n<br \/>&#8211; 1.16 gramme de prot\u00e9ines<br \/>\n<br \/>&#8211; 1.7 gramme de fibres<br \/>\n<br \/>&#8211; 8.5 mg de vitamine C<br \/>\n<br \/>&#8211; 15 mg de calcium<\/p>\n<p>Par ailleurs, la griotte r\u00e9duit l\u2019arthrose et la goutte avec les effets anti-inflammatoires qu\u2019elle prodigue. Avec la pr\u00e9sence de polyph\u00e9nols dans la griotte, la consommation de ce fruit r\u00e9duit favorablement les risques de maladies cardiaques. Le jus de griotte est riche en antioxydants.<\/p>\n<p><H3>Griottes au sirop<\/H3><\/p>\n<p>Un des moyen le plus commun de consommer la griotte est d\u2019en faire une conserve de fruits au sirop. Simple, rapide et d\u00e9licieuse, la griotte au sirop se pr\u00e9pare en moins d\u2019une heure. Pourquoi s&rsquo;en priver ! <\/p>\n<p>Pour cela, il faut  du sucre, de l\u2019eau et bien \u00e9videmment, des griottes ! Les \u00e9tapes sont les suivantes:<br \/>\n<br \/> 1. Preparez les cerises: lavez les et \u00e9quetez les<br \/>\n<br \/> 2. Remplissez un bocal pr\u00e9alablement st\u00e9rilis\u00e9 de cerises en tassant bien<br \/>\n<br \/> 3. Pr\u00e9parer un sirop, en m\u00e9langeant 1kg de sucre dans 2 litres d&rsquo;eau, portez \u00e0 \u00e9bullition et laissez sur le feu 3 minutes<br \/>\n<br \/> 4. Versez le sirop bouillant dans les bocaux pr\u00e9alablemmnt remplis de griottes<br \/>\n<br \/> 5. St\u00e9rilisez les bocaux pendant 30 \u00e0 35 minutes<\/p>\n<p> Vous pourrez ensuite d\u00e9guster ses d\u00e9licieuses cerises tout au long de l&rsquo;ann\u00e9e, et pourquoi pas y plonger l&rsquo;une d&rsquo;entre elles dans votre verre de champagne au moment de f\u00eater la nouvelle ann\u00e9e ?!<\/p>\n<p><img loading=\"lazy\" width=\"848\" height=\"565\" src=\"https:\/\/www.alexetalex.com\/ca\/wp-content\/uploads\/2019\/08\/51585555_s.jpg\" alt=\"bocaux de griottes au sirop\" class=\"alignnone size-full wp-image-11363\" srcset=\"https:\/\/www.alexetalex.com\/ca\/wp-content\/uploads\/2019\/08\/51585555_s.jpg 848w, https:\/\/www.alexetalex.com\/ca\/wp-content\/uploads\/2019\/08\/51585555_s-600x400.jpg 600w, https:\/\/www.alexetalex.com\/ca\/wp-content\/uploads\/2019\/08\/51585555_s-250x167.jpg 250w, https:\/\/www.alexetalex.com\/ca\/wp-content\/uploads\/2019\/08\/51585555_s-768x512.jpg 768w, https:\/\/www.alexetalex.com\/ca\/wp-content\/uploads\/2019\/08\/51585555_s-700x466.jpg 700w, https:\/\/www.alexetalex.com\/ca\/wp-content\/uploads\/2019\/08\/51585555_s-120x80.jpg 120w, https:\/\/www.alexetalex.com\/ca\/wp-content\/uploads\/2019\/08\/51585555_s-320x213.jpg 320w, https:\/\/www.alexetalex.com\/ca\/wp-content\/uploads\/2019\/08\/51585555_s-272x182.jpg 272w\" sizes=\"(max-width: 848px) 100vw, 848px\" \/><\/p>\n<p><H3>Les fameuses \u00ab\u00a0Griottines de Fougerolles\u00a0\u00bb<\/H3><\/p>\n<p>Recette tr\u00e8s simple \u00e0 mettre en oeuvre, il faudra tout de m\u00eame s&rsquo;armer de patience avant de pouvoir d\u00e9guster les fruits de son travail. <\/p>\n<p>Pour 1kg de cerises, comptez 250 grammes de sucre.<br \/>\n<br \/>\nIntroduisez les cerises \u00e9queut\u00e9es et d\u00e9noyaut\u00e9es ainsi que le sucre dans un bocal pr\u00e9alablement st\u00e9rilis\u00e9. Compl\u00e9tez avec de l&rsquo;eau-de-vie.<br \/>\n<br \/>Laisser mac\u00e9rer ce m\u00e9lange pendant plusieurs mois, en remuant de temps en temps pour que le sucre soit bien dissout.<\/p>\n<p>Ces petits joyaux rouges entrent dans la composition de nombreux plats, sal\u00e9s ou sucr\u00e9s, et notamment de la fameuse \u00ab\u00a0For\u00eat noire\u00a0\u00bb. <\/p>\n<p><H2>III] Griotte : origine, vari\u00e9t\u00e9s et zones de production<\/H2><\/p>\n<p>Difficile de savoir de quelle r\u00e9gion du globe vient exactement la griotte. Elle est maintenant pr\u00e9sente dans de nombreux pays, et \u00e9trangement c&rsquo;est la Russie qui en est le premier producteur mondial. Quand on vous disait que le griottier tol\u00e8re bien le froid, ce n&rsquo;\u00e9tait pas des blagues !<\/p>\n<p><H3>Griotte : origine et zones de production<\/H3><\/p>\n<p>M\u00eame si son origine exacte reste flou, botanistes et scientifiques s&rsquo;accordent pour dire que cet arbre trouverait son origine en Asie Mineure, dans les pays bordants la mer Caspienne. <\/p>\n<p>Supportant le froid, la culture de cet arbuste se fait dans le Nord de la France, en Pologne mais aussi en Allemagne, en Russie et aussi en Ukraine. En dehors de l\u2019Europe, on peut citer la Turquie ou encore l&rsquo;Iran, l&rsquo;un des pays originels de cet arbre maintenant adopt\u00e9 mondialement.<\/p>\n<p><H3>Quelques vari\u00e9t\u00e9s r\u00e9put\u00e9es de cerise Griotte<\/H3><\/p>\n<p>Parmi les vari\u00e9t\u00e9s de griottes, les Montmorency sont les plus c\u00e9l\u00e8bres. Pr\u00e9sents sur le territoire fran\u00e7ais depuis le Moyen-Age, ces fruits ont m\u00eame fait l\u2019objet d\u2019une mention dans des ouvrages de Jean Jacques Rousseau et de Voltaire. <\/p>\n<p>On peut \u00e9galement citer les vari\u00e9t\u00e9s de griottes de la Toussaint ou encore les griottes de Champagnes et les griottes Lyonnaises.<\/p>\n<p><strong>Pour continuer d&rsquo;apprendre :<\/strong><br \/>\n<br \/>&#8211; <a href=\"https:\/\/www.alexetalex.com\/ca\/dossiers-fruites\/route-des-fruits\/fraise-des-bois\/\" rel=\"noopener\" target=\"_blank\">Faites durer le plaisir avec la fraise des bois de Dordogne<\/a><br \/>\n<br \/>&#8211; <a href=\"https:\/\/www.alexetalex.com\/ca\/dossiers-fruites\/route-des-fruits\/sureau-noir\/\" rel=\"noopener\" target=\"_blank\">La baie de sureau noir, une autre reine des g\u00e2teaux<\/a><br \/>\n<br \/>&#8211; <a href=\"https:\/\/www.alexetalex.com\/ca\/dossiers-fruites\/fruit-et-nutrition\/raisin-de-corinthe\/\" rel=\"noopener\" target=\"_blank\">Le raisin de corinthe &#8211; un raisin pas comme les autres<\/a><\/p>\n","protected":false},"excerpt":{"rendered":"<p>La Griotte : guide complet de cette cerise atypique La griotte, c&rsquo;est la cerise star des recettes de cuisine. En tarte, confiture, eau de vie ou encore en agr\u00e9ment de cailles ou d&rsquo;agneau, elle r\u00e9v\u00e8le toutes ses saveurs d\u00e8s qu&rsquo;elle est travaill\u00e9e. Coup de projecteur sur cette cerise qui depuis longtemps r\u00e9gale les palais. I] [&hellip;]<\/p>\n","protected":false},"author":4,"featured_media":11366,"parent":8732,"menu_order":0,"comment_status":"closed","ping_status":"closed","template":"template-single-dossiers-fruites.php","meta":{"_et_pb_use_builder":"","_et_pb_old_content":"","_et_gb_content_width":""},"acf":[],"yoast_head":"<!-- This site is optimized with the Yoast SEO plugin v17.6 - https:\/\/yoast.com\/wordpress\/plugins\/seo\/ -->\n<title>La Griotte : Tout savoir sur cette cerise pas comme les autres - A &amp; A<\/title>\n<meta name=\"description\" content=\"La griotte, c&#039;est la cerise star des recettes de cuisine. En tarte, confiture, eau de vie ou encore en agr\u00e9ment de cailles ou d&#039;agneau, elle r\u00e9v\u00e8le toutes ses saveurs d\u00e8s qu&#039;elle est travaill\u00e9e.\" \/>\n<meta name=\"robots\" content=\"index, follow, max-snippet:-1, max-image-preview:large, max-video-preview:-1\" \/>\n<link rel=\"canonical\" href=\"https:\/\/www.alexetalex.com\/ca\/dossiers-fruites\/route-des-fruits\/cerise-griotte\/\" \/>\n<meta property=\"og:locale\" content=\"fr_FR\" \/>\n<meta property=\"og:type\" content=\"article\" \/>\n<meta property=\"og:title\" content=\"La Griotte : Tout savoir sur cette cerise pas comme les autres - A &amp; A\" \/>\n<meta property=\"og:description\" content=\"La griotte, c&#039;est la cerise star des recettes de cuisine. En tarte, confiture, eau de vie ou encore en agr\u00e9ment de cailles ou d&#039;agneau, elle r\u00e9v\u00e8le toutes ses saveurs d\u00e8s qu&#039;elle est travaill\u00e9e.\" \/>\n<meta property=\"og:url\" content=\"https:\/\/www.alexetalex.com\/ca\/dossiers-fruites\/route-des-fruits\/cerise-griotte\/\" \/>\n<meta property=\"og:image\" content=\"https:\/\/www.alexetalex.com\/ca\/wp-content\/uploads\/2019\/08\/81854990_s.jpg\" \/>\n\t<meta property=\"og:image:width\" content=\"886\" \/>\n\t<meta property=\"og:image:height\" content=\"541\" \/>\n<meta name=\"twitter:label1\" content=\"Dur\u00e9e de lecture estim\u00e9e\" \/>\n\t<meta name=\"twitter:data1\" content=\"7 minutes\" \/>\n<script type=\"application\/ld+json\" class=\"yoast-schema-graph\">{\"@context\":\"https:\/\/schema.org\",\"@graph\":[{\"@type\":\"Organization\",\"@id\":\"https:\/\/www.alexetalex.com\/ca\/#organization\",\"name\":\"Alex & Alex\",\"url\":\"https:\/\/www.alexetalex.com\/ca\/\",\"sameAs\":[],\"logo\":{\"@type\":\"ImageObject\",\"@id\":\"https:\/\/www.alexetalex.com\/ca\/#logo\",\"inLanguage\":\"fr-FR\",\"url\":\"https:\/\/www.alexetalex.com\/ca\/wp-content\/uploads\/2020\/04\/alexalex-1.png\",\"contentUrl\":\"https:\/\/www.alexetalex.com\/ca\/wp-content\/uploads\/2020\/04\/alexalex-1.png\",\"width\":51,\"height\":50,\"caption\":\"Alex & Alex\"},\"image\":{\"@id\":\"https:\/\/www.alexetalex.com\/ca\/#logo\"}},{\"@type\":\"WebSite\",\"@id\":\"https:\/\/www.alexetalex.com\/ca\/#website\",\"url\":\"https:\/\/www.alexetalex.com\/ca\/\",\"name\":\"\",\"description\":\"\",\"publisher\":{\"@id\":\"https:\/\/www.alexetalex.com\/ca\/#organization\"},\"potentialAction\":[{\"@type\":\"SearchAction\",\"target\":{\"@type\":\"EntryPoint\",\"urlTemplate\":\"https:\/\/www.alexetalex.com\/ca\/?s={search_term_string}\"},\"query-input\":\"required name=search_term_string\"}],\"inLanguage\":\"fr-FR\"},{\"@type\":\"ImageObject\",\"@id\":\"https:\/\/www.alexetalex.com\/ca\/dossiers-fruites\/route-des-fruits\/cerise-griotte\/#primaryimage\",\"inLanguage\":\"fr-FR\",\"url\":\"https:\/\/www.alexetalex.com\/ca\/wp-content\/uploads\/2019\/08\/81854990_s.jpg\",\"contentUrl\":\"https:\/\/www.alexetalex.com\/ca\/wp-content\/uploads\/2019\/08\/81854990_s.jpg\",\"width\":886,\"height\":541,\"caption\":\"griottes empil\\u00e9es\"},{\"@type\":\"WebPage\",\"@id\":\"https:\/\/www.alexetalex.com\/ca\/dossiers-fruites\/route-des-fruits\/cerise-griotte\/#webpage\",\"url\":\"https:\/\/www.alexetalex.com\/ca\/dossiers-fruites\/route-des-fruits\/cerise-griotte\/\",\"name\":\"La Griotte : Tout savoir sur cette cerise pas comme les autres - A & A\",\"isPartOf\":{\"@id\":\"https:\/\/www.alexetalex.com\/ca\/#website\"},\"primaryImageOfPage\":{\"@id\":\"https:\/\/www.alexetalex.com\/ca\/dossiers-fruites\/route-des-fruits\/cerise-griotte\/#primaryimage\"},\"datePublished\":\"2019-08-27T15:33:55+00:00\",\"dateModified\":\"2019-08-27T15:33:55+00:00\",\"description\":\"La griotte, c'est la cerise star des recettes de cuisine. En tarte, confiture, eau de vie ou encore en agr\\u00e9ment de cailles ou d'agneau, elle r\\u00e9v\\u00e8le toutes ses saveurs d\\u00e8s qu'elle est travaill\\u00e9e.\",\"breadcrumb\":{\"@id\":\"https:\/\/www.alexetalex.com\/ca\/dossiers-fruites\/route-des-fruits\/cerise-griotte\/#breadcrumb\"},\"inLanguage\":\"fr-FR\",\"potentialAction\":[{\"@type\":\"ReadAction\",\"target\":[\"https:\/\/www.alexetalex.com\/ca\/dossiers-fruites\/route-des-fruits\/cerise-griotte\/\"]}]},{\"@type\":\"BreadcrumbList\",\"@id\":\"https:\/\/www.alexetalex.com\/ca\/dossiers-fruites\/route-des-fruits\/cerise-griotte\/#breadcrumb\",\"itemListElement\":[{\"@type\":\"ListItem\",\"position\":1,\"name\":\"Magazine\",\"item\":\"https:\/\/www.alexetalex.com\/ca\/dossiers-fruites\/\"},{\"@type\":\"ListItem\",\"position\":2,\"name\":\"Fruits\",\"item\":\"https:\/\/www.alexetalex.com\/ca\/dossiers-fruites\/route-des-fruits\/\"},{\"@type\":\"ListItem\",\"position\":3,\"name\":\"Dossier\"}]}]}<\/script>\n<!-- \/ Yoast SEO plugin. -->","yoast_head_json":{"title":"La Griotte : Tout savoir sur cette cerise pas comme les autres - A & A","description":"La griotte, c'est la cerise star des recettes de cuisine. En tarte, confiture, eau de vie ou encore en agr\u00e9ment de cailles ou d'agneau, elle r\u00e9v\u00e8le toutes ses saveurs d\u00e8s qu'elle est travaill\u00e9e.","robots":{"index":"index","follow":"follow","max-snippet":"max-snippet:-1","max-image-preview":"max-image-preview:large","max-video-preview":"max-video-preview:-1"},"canonical":"https:\/\/www.alexetalex.com\/ca\/dossiers-fruites\/route-des-fruits\/cerise-griotte\/","og_locale":"fr_FR","og_type":"article","og_title":"La Griotte : Tout savoir sur cette cerise pas comme les autres - A & A","og_description":"La griotte, c'est la cerise star des recettes de cuisine. En tarte, confiture, eau de vie ou encore en agr\u00e9ment de cailles ou d'agneau, elle r\u00e9v\u00e8le toutes ses saveurs d\u00e8s qu'elle est travaill\u00e9e.","og_url":"https:\/\/www.alexetalex.com\/ca\/dossiers-fruites\/route-des-fruits\/cerise-griotte\/","og_image":[{"width":886,"height":541,"url":"https:\/\/www.alexetalex.com\/ca\/wp-content\/uploads\/2019\/08\/81854990_s.jpg","type":"image\/jpeg"}],"twitter_misc":{"Dur\u00e9e de lecture estim\u00e9e":"7 minutes"},"schema":{"@context":"https:\/\/schema.org","@graph":[{"@type":"Organization","@id":"https:\/\/www.alexetalex.com\/ca\/#organization","name":"Alex & Alex","url":"https:\/\/www.alexetalex.com\/ca\/","sameAs":[],"logo":{"@type":"ImageObject","@id":"https:\/\/www.alexetalex.com\/ca\/#logo","inLanguage":"fr-FR","url":"https:\/\/www.alexetalex.com\/ca\/wp-content\/uploads\/2020\/04\/alexalex-1.png","contentUrl":"https:\/\/www.alexetalex.com\/ca\/wp-content\/uploads\/2020\/04\/alexalex-1.png","width":51,"height":50,"caption":"Alex & Alex"},"image":{"@id":"https:\/\/www.alexetalex.com\/ca\/#logo"}},{"@type":"WebSite","@id":"https:\/\/www.alexetalex.com\/ca\/#website","url":"https:\/\/www.alexetalex.com\/ca\/","name":"","description":"","publisher":{"@id":"https:\/\/www.alexetalex.com\/ca\/#organization"},"potentialAction":[{"@type":"SearchAction","target":{"@type":"EntryPoint","urlTemplate":"https:\/\/www.alexetalex.com\/ca\/?s={search_term_string}"},"query-input":"required name=search_term_string"}],"inLanguage":"fr-FR"},{"@type":"ImageObject","@id":"https:\/\/www.alexetalex.com\/ca\/dossiers-fruites\/route-des-fruits\/cerise-griotte\/#primaryimage","inLanguage":"fr-FR","url":"https:\/\/www.alexetalex.com\/ca\/wp-content\/uploads\/2019\/08\/81854990_s.jpg","contentUrl":"https:\/\/www.alexetalex.com\/ca\/wp-content\/uploads\/2019\/08\/81854990_s.jpg","width":886,"height":541,"caption":"griottes empil\u00e9es"},{"@type":"WebPage","@id":"https:\/\/www.alexetalex.com\/ca\/dossiers-fruites\/route-des-fruits\/cerise-griotte\/#webpage","url":"https:\/\/www.alexetalex.com\/ca\/dossiers-fruites\/route-des-fruits\/cerise-griotte\/","name":"La Griotte : Tout savoir sur cette cerise pas comme les autres - A & A","isPartOf":{"@id":"https:\/\/www.alexetalex.com\/ca\/#website"},"primaryImageOfPage":{"@id":"https:\/\/www.alexetalex.com\/ca\/dossiers-fruites\/route-des-fruits\/cerise-griotte\/#primaryimage"},"datePublished":"2019-08-27T15:33:55+00:00","dateModified":"2019-08-27T15:33:55+00:00","description":"La griotte, c'est la cerise star des recettes de cuisine. En tarte, confiture, eau de vie ou encore en agr\u00e9ment de cailles ou d'agneau, elle r\u00e9v\u00e8le toutes ses saveurs d\u00e8s qu'elle est travaill\u00e9e.","breadcrumb":{"@id":"https:\/\/www.alexetalex.com\/ca\/dossiers-fruites\/route-des-fruits\/cerise-griotte\/#breadcrumb"},"inLanguage":"fr-FR","potentialAction":[{"@type":"ReadAction","target":["https:\/\/www.alexetalex.com\/ca\/dossiers-fruites\/route-des-fruits\/cerise-griotte\/"]}]},{"@type":"BreadcrumbList","@id":"https:\/\/www.alexetalex.com\/ca\/dossiers-fruites\/route-des-fruits\/cerise-griotte\/#breadcrumb","itemListElement":[{"@type":"ListItem","position":1,"name":"Magazine","item":"https:\/\/www.alexetalex.com\/ca\/dossiers-fruites\/"},{"@type":"ListItem","position":2,"name":"Fruits","item":"https:\/\/www.alexetalex.com\/ca\/dossiers-fruites\/route-des-fruits\/"},{"@type":"ListItem","position":3,"name":"Dossier"}]}]}},"_links":{"self":[{"href":"https:\/\/www.alexetalex.com\/ca\/wp-json\/wp\/v2\/pages\/10972"}],"collection":[{"href":"https:\/\/www.alexetalex.com\/ca\/wp-json\/wp\/v2\/pages"}],"about":[{"href":"https:\/\/www.alexetalex.com\/ca\/wp-json\/wp\/v2\/types\/page"}],"author":[{"embeddable":true,"href":"https:\/\/www.alexetalex.com\/ca\/wp-json\/wp\/v2\/users\/4"}],"replies":[{"embeddable":true,"href":"https:\/\/www.alexetalex.com\/ca\/wp-json\/wp\/v2\/comments?post=10972"}],"version-history":[{"count":0,"href":"https:\/\/www.alexetalex.com\/ca\/wp-json\/wp\/v2\/pages\/10972\/revisions"}],"up":[{"embeddable":true,"href":"https:\/\/www.alexetalex.com\/ca\/wp-json\/wp\/v2\/pages\/8732"}],"wp:featuredmedia":[{"embeddable":true,"href":"https:\/\/www.alexetalex.com\/ca\/wp-json\/wp\/v2\/media\/11366"}],"wp:attachment":[{"href":"https:\/\/www.alexetalex.com\/ca\/wp-json\/wp\/v2\/media?parent=10972"}],"curies":[{"name":"wp","href":"https:\/\/api.w.org\/{rel}","templated":true}]}}