{"id":11370,"date":"2019-08-28T13:50:29","date_gmt":"2019-08-28T12:50:29","guid":{"rendered":"https:\/\/www.alexetalex.com\/ca\/?page_id=11370"},"modified":"2020-11-11T12:56:54","modified_gmt":"2020-11-11T11:56:54","slug":"jamalac-fruit-le-guide-complet","status":"publish","type":"page","link":"https:\/\/www.alexetalex.com\/ca\/dossiers-fruites\/route-des-fruits\/jamalac-fruit-le-guide-complet\/","title":{"rendered":"Jamalac (fruit) : guide complet"},"content":{"rendered":"<p><H1>Jamalac : le guide complet de ce fruit originaire d&rsquo;Indon\u00e9sie<\/H1><\/p>\n<p><\/br><\/p>\n<p>Quasiment inconnu (et introuvable) au Canada et en France, le Jamalac est un fruit que nos amis R\u00e9unionais connaissent bien. De couleur ros\u00e9 \u00e0 rouge vif et en forme de poire, il r\u00e9gale depuis plus de 300 ans les habitants des \u00eeles des Mascareignes. <\/p>\n<p>Petit tour d&rsquo;horizon de ce fruit plus qu&rsquo;insolite de l&rsquo;oc\u00e9an Indien.<br \/>\n<br \/><\/br><br \/>\n<img loading=\"lazy\" width=\"774\" height=\"619\" src=\"https:\/\/www.alexetalex.com\/wp-content\/uploads\/2019\/08\/9057279_s.jpg\" title=\"Jamalac entier et en coupe\" alt=\"jamalac, fruit exotique\" class=\"alignnone size-full wp-image-11376\" srcset=\"https:\/\/www.alexetalex.com\/ca\/wp-content\/uploads\/2019\/08\/9057279_s.jpg 774w, https:\/\/www.alexetalex.com\/ca\/wp-content\/uploads\/2019\/08\/9057279_s-600x480.jpg 600w, https:\/\/www.alexetalex.com\/ca\/wp-content\/uploads\/2019\/08\/9057279_s-250x200.jpg 250w, https:\/\/www.alexetalex.com\/ca\/wp-content\/uploads\/2019\/08\/9057279_s-768x614.jpg 768w, https:\/\/www.alexetalex.com\/ca\/wp-content\/uploads\/2019\/08\/9057279_s-700x560.jpg 700w, https:\/\/www.alexetalex.com\/ca\/wp-content\/uploads\/2019\/08\/9057279_s-120x96.jpg 120w, https:\/\/www.alexetalex.com\/ca\/wp-content\/uploads\/2019\/08\/9057279_s-320x256.jpg 320w\" sizes=\"(max-width: 774px) 100vw, 774px\" \/><br \/>\n<br \/><\/br><\/p>\n<p><H2>I] Jamalac : 2 minutes pour tout savoir sur ce fruit<\/H2><\/p>\n<p><\/br><\/p>\n<p>S&rsquo;il est aussi connu sous le nom de \u00ab\u00a0pomme de Java\u00a0\u00bb, c&rsquo;est parceque ce fruit d\u00e9licieux et atypique est originaire des \u00eeles indon\u00e9siennes.<br \/>\n<br \/>\nDe culture plut\u00f4t ais\u00e9e, le jamalac s&rsquo;est ensuite r\u00e9pandu dans de nombreuses \u00eeles de l&rsquo;oc\u00e9an indien, et il s&rsquo;est par exemple tr\u00e8s bien acclimat\u00e9 aux \u00eeles de la R\u00e9union, Maurice ou Madagascar. Il r\u00e9gale d\u00e9sormais les habitants de la r\u00e9gion qui peuvent d\u00e9guster sa chair tr\u00e8s juteuse au plus chaud de leurs \u00e9t\u00e9s (d\u00e9cembre\/janvier).<\/p>\n<p><\/br><\/p>\n <div class=\"hsg-featured-numb\">\n    <div>\n <p>1<\/p>\n <p><H3>Jamalac : arbre et fruit<\/H3><\/p>\n\n<\/div>\n  \n<\/div>\n<p><\/br><\/p>\n<p>Jamalac d\u00e9signe \u00e0 la fois l&rsquo;arbre et le fruit qui y pousse. <\/p>\n<p>L&rsquo;arbre Jamalac, ou jamalaquier, de son nom scientifique<em> Syzygium Samarangense<\/em> (comme \u00e7a vous savez tout!), fait partie de la famille des <em>myrtaceae<\/em>; famille qui regroupe principalement des esp\u00e8ces tropicales, comme le <a href=\"https:\/\/www.alexetalex.com\/ca\/dossiers-fruites\/route-des-fruits\/goyave\/\">goyavier <\/a>ou le giroflier. En effet, c&rsquo;est un arbre d&rsquo;envergure mod\u00e9r\u00e9e, pouvant atteindre une dizaine de m\u00e8tres. D&rsquo;ailleurs, les fruits de cet arbre poussent en grappes et arrivent \u00e0 maturtit\u00e9 vers les mois de d\u00e9cembre\/janvier. De plus, c&rsquo;est un arbre qui arrive \u00e0 maturit\u00e9 peut porter plusieurs centaines de fruits, ce qui fait du jamalac un arbre tr\u00e8s productif.<\/p>\n<p>La peau du jamalac (le fruit) est g\u00e9n\u00e9ralement de couleur rose ou rouge, mais on trouve aussi des jamalacs de couleur blanche, jaune ou violette en fonction de la vari\u00e9t\u00e9 observ\u00e9e. Sa chair est d&rsquo;une blancheur \u00e9clatante et se caract\u00e9rise par une teneur en eau tr\u00e8s \u00e9lev\u00e9e (90 %) ce qui fait du jamalac un fruit tr\u00e8s d\u00e9salt\u00e9rant. <\/p>\n<p>On le consomme donc la plupart du temps cru, notamment dans une fameuse salade de fruits r\u00e9unionnaise piment\u00e9e.<\/p>\n<p>En Anglais, il est fait conna\u00eetre sous le nom de \u00ab\u00a0Bell Fruit\u00a0\u00bb, en raison de sa forme de cloche.<br \/>\n<br \/><\/br><br \/>\n<img loading=\"lazy\" width=\"830\" height=\"577\" src=\"https:\/\/www.alexetalex.com\/wp-content\/uploads\/2019\/08\/17448708_s.jpg\" title=\"Jamalac en branche\" alt=\"jamalac en branche\" class=\"alignnone size-full wp-image-11377\" srcset=\"https:\/\/www.alexetalex.com\/ca\/wp-content\/uploads\/2019\/08\/17448708_s.jpg 830w, https:\/\/www.alexetalex.com\/ca\/wp-content\/uploads\/2019\/08\/17448708_s-600x417.jpg 600w, https:\/\/www.alexetalex.com\/ca\/wp-content\/uploads\/2019\/08\/17448708_s-250x174.jpg 250w, https:\/\/www.alexetalex.com\/ca\/wp-content\/uploads\/2019\/08\/17448708_s-768x534.jpg 768w, https:\/\/www.alexetalex.com\/ca\/wp-content\/uploads\/2019\/08\/17448708_s-700x487.jpg 700w, https:\/\/www.alexetalex.com\/ca\/wp-content\/uploads\/2019\/08\/17448708_s-120x83.jpg 120w, https:\/\/www.alexetalex.com\/ca\/wp-content\/uploads\/2019\/08\/17448708_s-320x222.jpg 320w\" sizes=\"(max-width: 830px) 100vw, 830px\" \/><br \/>\n<br \/><\/br><\/p>\n <div class=\"hsg-featured-numb\">\n    <div>\n <p>2<\/p>\n <p><H3>Go\u00fbt et calories<\/H3><\/p>\n\n<\/div>\n  \n<\/div>\n<p><\/br><\/p>\n<p>Avec sa forte teneur en eau, le jamalac est l\u00e9g\u00e8rement sucr\u00e9, et d\u00e9veloppe un parfum de rose lorsqu&rsquo;on le croque.<br \/>\n<br \/>Tout dans le jamalac est comestible, la peau, la chair et son centre, qui peut cenpendant \u00eatre retir\u00e9 car sa consistance cotonneuse et son manque de go\u00fbt n&rsquo;apporte pas grand int\u00e9r\u00eat dans la d\u00e9gustation de ce fruit.<br \/>\n<br \/>La chair du jamalac a une consistance qui se rapproche de celle de la past\u00e8que, un autre fruit gorg\u00e9 d&rsquo;eau.<\/p>\n<p>Avec son faible apport en calories (environ une trentaine pour 100 g de fruit), le jamalac peut trouver sa place sans probl\u00e8me dans une alimentation \u00e9quilibr\u00e9e.<br \/>\n<br \/><\/br><\/p>\n <div class=\"hsg-featured-numb\">\n    <div>\n <p>3<\/p>\n <p><H3>Comment manger ce fruit d\u00e9licieux ?<\/H3><\/p>\n\n<\/div>\n  \n<\/div>\n<p>Comme on vient de le voir, le jamalac est le plus souvent consomm\u00e9 cru, son atout fra\u00eecheur fait de lui un incontournable des salades de fruits estivales.<br \/>\n<br \/>Dans les \u00eeles de l&rsquo;oc\u00e9an Indien, il est couramment m\u00eal\u00e9 \u00e0 de l&rsquo;ananas, de la mangue et des fruits de la passion, le tout est ensuite relev\u00e9 par du piment, du sel et du poivre.<br \/>\n<br \/>Cette salade de fruits est, effectivement, insolite sous nos latitudes.<\/p>\n<p><\/br><\/p>\n<p><H2>II] Le Jamalac : bienfaits et vertus<\/H2><\/p>\n<p><\/br><\/p>\n<p>Du cot\u00e9 de ses apports pour l&rsquo;organisme, le jamalac est ausi un fruit hors du commum. Peu sucr\u00e9 et gorg\u00e9 d&rsquo;eau, il est un atout minceur pour tout ceux qui surveillent leur ligne.<br \/>\n<br \/><\/br><\/p>\n <div class=\"hsg-featured-numb\">\n    <div>\n <p>1<\/p>\n <p><H3>Analyse nutritionnelle<\/H3><\/p>\n\n<\/div>\n  \n<\/div>\n<p><\/br><\/p>\n<p>Dans une portion de 100g de jamalac, on va retrouver :<br \/>\n<br \/>&#8211; 34 kcal de calories <br \/>&#8211; 90,6 g d&rsquo;eau <br \/>&#8211; 0.5 g de prot\u00e9ines <br \/>&#8211; 0.2 g de graisses <br \/>&#8211; 8,6 g de glucide <br \/>&#8211; 1,0 g de fibres alimentaires <br \/>&#8211; 20 mg de vitamine B1  <br \/>&#8211; 30 mg de vitamine B2 <br \/>&#8211; 30 mg de vitamine B6  <br \/>&#8211; 6 mg de vitamine C <br \/>&#8211; 25 mg de sodium <br \/>&#8211; 340 mg de potassium <br \/>&#8211; 28 mg de calcium <br \/>&#8211; 13 mg de magn\u00e9sium <br \/>&#8211; 35 mg de phosphore <br \/>&#8211; 1.5 mg de fer <br \/>&#8211; 0.2 mg de zinc<\/p>\n<p><\/br><\/p>\n <div class=\"hsg-featured-numb\">\n    <div>\n <p>2<\/p>\n <p><H3>Les vertus du jamalac<\/H3><\/p>\n\n<\/div>\n  \n<\/div>\n<p><\/br><\/p>\n<p>Par ailleurs, en m\u00e9d\u00e9cine tradionnelle, on l&rsquo;utilise principalement en raison du pouvoir astrigent de ses feuilles, c&rsquo;est-\u00e0-dire leur capacit\u00e9 \u00e0 reserrer les tissus vivants. Il semble notamment aider dans le traitement des diarrh\u00e9es a\u00efgues.<\/p>\n<p><\/br><\/p>\n <div class=\"hsg-featured-numb\">\n    <div>\n <p>3<\/p>\n <p><H3>Quelques recettes autour du Jamalac<\/H3><\/p>\n\n<\/div>\n  \n<\/div>\n<p><\/br><\/p>\n<p>En plus de la fameuse salade de fruits au jamalac voici deux autres recettes pour cuisiner ce fruit original. <\/p>\n<p>Commen\u00e7ons par un grand classique, la <strong>confiture<\/strong> ! Pour 1 kg de fruit, comptez 800 grammes de sucre roux, ainsi que le jus d&rsquo;un citron jaune. Une gousse de vanille peut tout \u00e0 fait s&rsquo;ajouter \u00e0 la confection de cette confiture.<\/p>\n<p>&#8211; Pelez les jamalac, coupez les en morceaux et retirer le centre et les p\u00e9pins.<br \/>\n<br \/>&#8211; Dans une casserole, plongez les fruits coup\u00e9s, le sucre, le jus de citron (et la vanille si vous aimez ce parfum), m\u00e9langez bien et portez le tout \u00e0 \u00e9bullition.<br \/>\n<br \/>&#8211; Une fois l&rsquo;\u00e9bullition atteinte, laissez-le cuire 20 minutes \u00e0 feu doux, en remuant de temps en temps.<br \/>\n<br \/>&#8211; Vous pouvez faire le test de \u00ab\u00a0l&rsquo;assiette froide\u00a0\u00bb pour vous assurer que la bonne texture de confiture est atteinte.<br \/>\n<br \/>&#8211; Il n&rsquo;y a plus qu&rsquo;\u00e0 mettre votre confiture de jamalac dans des bocaux st\u00e9riles, les retourner et les laisser refroidir.<br \/>\n<br \/>&#8211; Vous pouvez conserver cette confiture plusieurs mois avant de la consommer.<\/p>\n<p><\/br><\/p>\n<p>Autre id\u00e9e recette int\u00e9ressante : l&rsquo;<strong>Achard<\/strong> de jamalac.<\/p>\n<p>\nCette sp\u00e9cialit\u00e9 cr\u00e9ole accompagne tr\u00e8s bien le riz ou les caris par exemple. Elle se pr\u00e9pare avec diff\u00e9rents l\u00e9gumes ou fruits. Regardons ici de plus pr\u00e8s l&rsquo;achard de jamalac.<\/p>\n<p>&#8211; Commencez par peler et ep\u00e9piner vos jamalac.<br \/>\n<br \/>&#8211; Emincez-les finement, \u00e0 la fa\u00e7on d&rsquo;une julienne de l\u00e9gumes.<br \/>\n<br \/>&#8211; Recouvrez les morceaux de jamalac de gros sel et laissez reposer 48h au r\u00e9frig\u00e9rateur.<br \/>\n<br \/>&#8211; Rincez-les \u00e0 l&rsquo;eau froide et \u00e9pongez-les avec un torchon.<br \/>\n<br \/>&#8211; Dans une casserole, introduisez les morceaux de fruit, ajoutez des oignons \u00e9minc\u00e9s, du gingembre et de l&rsquo;ail coup\u00e9s en morceaux. Couvrez le tout d&rsquo;huile.<br \/>\n<br \/>&#8211; Vous pouvez inclure d&rsquo;autres \u00e9pices comme des clous de girofle, du laurier, du poivre de Sichuan ou du thym.<br \/>\n<br \/>&#8211; Une fois l&rsquo;\u00e9bullition atteinte, r\u00e9duisez doucement le feu pour ne pas frire les aliments, et laisser cuire 5 minutes.<br \/>\n<br \/>&#8211; Versez le m\u00e9lange dans des bocaux st\u00e9rilis\u00e9s.<\/p>\n<p><\/br><\/p>\n<p><H2>III] Le jamalac dans le monde<\/H2><\/p>\n<p><\/br><\/p>\n<p>Bon nombre des territoires fran\u00e7ais d&rsquo;outre-mer (DOM-TOM), notamment ceux de l&rsquo;Oc\u00e9an Indien, disposent du climat id\u00e9al pour le d\u00e9veloppement du jamalaquier. Et c&rsquo;est un arbre relativement courant sur de nombreuses \u00eeles fran\u00e7aises, contrairement \u00e0 ce que sa renomm\u00e9e dans l&rsquo;hexagone pourrait laisser croire.<\/p>\n<p><\/br><\/p>\n <div class=\"hsg-featured-numb\">\n    <div>\n <p>1<\/p>\n <p><H3>\u00cele de La R\u00e9union<\/H3><\/p>\n\n<\/div>\n  \n<\/div>\n<p><\/br><\/p>\n<p>Dans cette \u00eele de l\u2019Oc\u00e9an Indien, le jamalaquier a su s\u2019implanter et se d\u00e9velopper naturellement sans aucun probl\u00e8me. En effet, le climat chaud et humide de cette \u00eele offre l&rsquo;environnement id\u00e9al pour cet arbre. On le trouve ainsi fr\u00e9quemment dans les jardins, o\u00f9 il est assez populaire. D&rsquo;ailleurs ses fruits sont aussi tr\u00e8s appr\u00e9ci\u00e9s et se retrouvent couramment dans les plats typiques de cette \u00eele.<\/p>\n<p><\/br><\/p>\n <div class=\"hsg-featured-numb\">\n    <div>\n <p>2<\/p>\n <p><H3>Guadeloupe et Madagascar<\/H3><\/p>\n\n<\/div>\n  \n<\/div>\n<p><\/br><\/p>\n<p>\u00c9galement pr\u00e9sent dans les Cara\u00efbes, le jamalac est pr\u00e9nomm\u00e9 <i>Pomme Malacca<\/i> en Guadeloupe.<\/p>\n<p><\/p>\n<p>Quant \u00e0 Madagascar, cette grande \u00eele \u00e9tant assez vaste, la popularit\u00e9 de ce fruit qui vient d\u2019Asie n\u2019est pas homog\u00e8ne sur l\u2019ensemble du territoire.<\/p>\n<p>En revanche, c\u2019est un fruit ind\u00e9niablement appr\u00e9ci\u00e9 dans de nombreuses parties du versant Ouest du pays, et on le consomme sous diff\u00e9rentes formes : cru, en salade ou plong\u00e9 dans du vinaigre.<\/p>\n<p><\/br><\/p>\n <div class=\"hsg-featured-numb\">\n    <div>\n <p>3<\/p>\n <p><H3>\u00cele Maurice<\/H3><\/p>\n\n<\/div>\n  \n<\/div>\n<p><\/br><\/p>\n<p>Tr\u00e8s populaires dans les ann\u00e9es 40-60, le jamalac a depuis un peu \u00e9t\u00e9 d\u00e9laiss\u00e9 par les habitants de Maurice et le nombre de plantations a quelque peu diminu\u00e9. Il est cependant toujours possible de se procurer des jamalacs sur les march\u00e9s mauriciens.<br \/>\n<br \/><\/br><\/p>\n<p><strong>Pour continuer d&rsquo;apprendre :<\/strong><br \/>\n<br \/>&#8211; <a href=\"https:\/\/www.alexetalex.com\/ca\/dossiers-fruites\/le-saviez-vous\/fruits-legumes-en-j\/\" rel=\"noopener noreferrer\" target=\"_blank\">Connaissez-vous d&rsquo;autres fruits en J<\/a><br \/>\n<br \/>&#8211; <a href=\"https:\/\/www.alexetalex.com\/ca\/dossiers-fruites\/route-des-fruits\/bilimbi\/\">Bilimbi: un autre fruit surprennant d&rsquo;outre-mer<\/a><br \/>\n<br \/>&#8211; <a href=\"https:\/\/www.alexetalex.com\/ca\/dossiers-fruites\/fruit-et-nutrition\/sapotille\/\" rel=\"noopener noreferrer\" target=\"_blank\">Et la Sapotille, est-ce que vous la connaissez ?<\/a><\/p>\n","protected":false},"excerpt":{"rendered":"<p>Jamalac : le guide complet de ce fruit originaire d&rsquo;Indon\u00e9sie Quasiment inconnu (et introuvable) au Canada et en France, le Jamalac est un fruit que nos amis R\u00e9unionais connaissent bien. De couleur ros\u00e9 \u00e0 rouge vif et en forme de poire, il r\u00e9gale depuis plus de 300 ans les habitants des \u00eeles des Mascareignes. Petit [&hellip;]<\/p>\n","protected":false},"author":4,"featured_media":11378,"parent":8732,"menu_order":0,"comment_status":"closed","ping_status":"closed","template":"","meta":{"_et_pb_use_builder":"","_et_pb_old_content":"","_et_gb_content_width":""},"acf":[],"yoast_head":"<!-- This site is optimized with the Yoast SEO plugin v17.6 - https:\/\/yoast.com\/wordpress\/plugins\/seo\/ -->\n<title>Jamalac : guide complet de ce fruit exotique - Alex &amp; Alex<\/title>\n<meta name=\"description\" content=\"Quasiment inconnu dans l&#039;hexagone, le Jamalac est un fruit que nos amis R\u00e9unionais connaissent bien. De couleur ros\u00e9 \u00e0 rouge vif et en forme de poire, il r\u00e9gale depuis plus de 300 ans les habitants des \u00eeles des Mascareignes\" \/>\n<meta name=\"robots\" content=\"index, follow, max-snippet:-1, max-image-preview:large, max-video-preview:-1\" \/>\n<link rel=\"canonical\" href=\"https:\/\/www.alexetalex.com\/ca\/dossiers-fruites\/route-des-fruits\/jamalac-fruit-le-guide-complet\/\" \/>\n<meta property=\"og:locale\" content=\"fr_FR\" \/>\n<meta property=\"og:type\" content=\"article\" \/>\n<meta property=\"og:title\" content=\"Jamalac : guide complet de ce fruit exotique - Alex &amp; Alex\" \/>\n<meta property=\"og:description\" content=\"Quasiment inconnu dans l&#039;hexagone, le Jamalac est un fruit que nos amis R\u00e9unionais connaissent bien. De couleur ros\u00e9 \u00e0 rouge vif et en forme de poire, il r\u00e9gale depuis plus de 300 ans les habitants des \u00eeles des Mascareignes\" \/>\n<meta property=\"og:url\" content=\"https:\/\/www.alexetalex.com\/ca\/dossiers-fruites\/route-des-fruits\/jamalac-fruit-le-guide-complet\/\" \/>\n<meta property=\"article:modified_time\" content=\"2020-11-11T11:56:54+00:00\" \/>\n<meta property=\"og:image\" content=\"https:\/\/www.alexetalex.com\/ca\/wp-content\/uploads\/2019\/08\/4800412_s.jpg\" \/>\n\t<meta property=\"og:image:width\" content=\"848\" \/>\n\t<meta property=\"og:image:height\" content=\"565\" \/>\n<meta name=\"twitter:label1\" content=\"Dur\u00e9e de lecture estim\u00e9e\" \/>\n\t<meta name=\"twitter:data1\" content=\"7 minutes\" \/>\n<script type=\"application\/ld+json\" class=\"yoast-schema-graph\">{\"@context\":\"https:\/\/schema.org\",\"@graph\":[{\"@type\":\"Organization\",\"@id\":\"https:\/\/www.alexetalex.com\/ca\/#organization\",\"name\":\"Alex & Alex\",\"url\":\"https:\/\/www.alexetalex.com\/ca\/\",\"sameAs\":[],\"logo\":{\"@type\":\"ImageObject\",\"@id\":\"https:\/\/www.alexetalex.com\/ca\/#logo\",\"inLanguage\":\"fr-FR\",\"url\":\"https:\/\/www.alexetalex.com\/ca\/wp-content\/uploads\/2020\/04\/alexalex-1.png\",\"contentUrl\":\"https:\/\/www.alexetalex.com\/ca\/wp-content\/uploads\/2020\/04\/alexalex-1.png\",\"width\":51,\"height\":50,\"caption\":\"Alex & Alex\"},\"image\":{\"@id\":\"https:\/\/www.alexetalex.com\/ca\/#logo\"}},{\"@type\":\"WebSite\",\"@id\":\"https:\/\/www.alexetalex.com\/ca\/#website\",\"url\":\"https:\/\/www.alexetalex.com\/ca\/\",\"name\":\"\",\"description\":\"\",\"publisher\":{\"@id\":\"https:\/\/www.alexetalex.com\/ca\/#organization\"},\"potentialAction\":[{\"@type\":\"SearchAction\",\"target\":{\"@type\":\"EntryPoint\",\"urlTemplate\":\"https:\/\/www.alexetalex.com\/ca\/?s={search_term_string}\"},\"query-input\":\"required name=search_term_string\"}],\"inLanguage\":\"fr-FR\"},{\"@type\":\"ImageObject\",\"@id\":\"https:\/\/www.alexetalex.com\/ca\/dossiers-fruites\/route-des-fruits\/jamalac-fruit-le-guide-complet\/#primaryimage\",\"inLanguage\":\"fr-FR\",\"url\":\"https:\/\/www.alexetalex.com\/ca\/wp-content\/uploads\/2019\/08\/4800412_s.jpg\",\"contentUrl\":\"https:\/\/www.alexetalex.com\/ca\/wp-content\/uploads\/2019\/08\/4800412_s.jpg\",\"width\":848,\"height\":565,\"caption\":\"jamalac en vrac dans un cageot\"},{\"@type\":\"WebPage\",\"@id\":\"https:\/\/www.alexetalex.com\/ca\/dossiers-fruites\/route-des-fruits\/jamalac-fruit-le-guide-complet\/#webpage\",\"url\":\"https:\/\/www.alexetalex.com\/ca\/dossiers-fruites\/route-des-fruits\/jamalac-fruit-le-guide-complet\/\",\"name\":\"Jamalac : guide complet de ce fruit exotique - Alex & Alex\",\"isPartOf\":{\"@id\":\"https:\/\/www.alexetalex.com\/ca\/#website\"},\"primaryImageOfPage\":{\"@id\":\"https:\/\/www.alexetalex.com\/ca\/dossiers-fruites\/route-des-fruits\/jamalac-fruit-le-guide-complet\/#primaryimage\"},\"datePublished\":\"2019-08-28T12:50:29+00:00\",\"dateModified\":\"2020-11-11T11:56:54+00:00\",\"description\":\"Quasiment inconnu dans l'hexagone, le Jamalac est un fruit que nos amis R\\u00e9unionais connaissent bien. De couleur ros\\u00e9 \\u00e0 rouge vif et en forme de poire, il r\\u00e9gale depuis plus de 300 ans les habitants des \\u00eeles des Mascareignes\",\"breadcrumb\":{\"@id\":\"https:\/\/www.alexetalex.com\/ca\/dossiers-fruites\/route-des-fruits\/jamalac-fruit-le-guide-complet\/#breadcrumb\"},\"inLanguage\":\"fr-FR\",\"potentialAction\":[{\"@type\":\"ReadAction\",\"target\":[\"https:\/\/www.alexetalex.com\/ca\/dossiers-fruites\/route-des-fruits\/jamalac-fruit-le-guide-complet\/\"]}]},{\"@type\":\"BreadcrumbList\",\"@id\":\"https:\/\/www.alexetalex.com\/ca\/dossiers-fruites\/route-des-fruits\/jamalac-fruit-le-guide-complet\/#breadcrumb\",\"itemListElement\":[{\"@type\":\"ListItem\",\"position\":1,\"name\":\"Magazine\",\"item\":\"https:\/\/www.alexetalex.com\/ca\/dossiers-fruites\/\"},{\"@type\":\"ListItem\",\"position\":2,\"name\":\"Fruits\",\"item\":\"https:\/\/www.alexetalex.com\/ca\/dossiers-fruites\/route-des-fruits\/\"},{\"@type\":\"ListItem\",\"position\":3,\"name\":\"Jamalac (fruit) : guide complet\"}]}]}<\/script>\n<!-- \/ Yoast SEO plugin. -->","yoast_head_json":{"title":"Jamalac : guide complet de ce fruit exotique - Alex & Alex","description":"Quasiment inconnu dans l'hexagone, le Jamalac est un fruit que nos amis R\u00e9unionais connaissent bien. De couleur ros\u00e9 \u00e0 rouge vif et en forme de poire, il r\u00e9gale depuis plus de 300 ans les habitants des \u00eeles des Mascareignes","robots":{"index":"index","follow":"follow","max-snippet":"max-snippet:-1","max-image-preview":"max-image-preview:large","max-video-preview":"max-video-preview:-1"},"canonical":"https:\/\/www.alexetalex.com\/ca\/dossiers-fruites\/route-des-fruits\/jamalac-fruit-le-guide-complet\/","og_locale":"fr_FR","og_type":"article","og_title":"Jamalac : guide complet de ce fruit exotique - Alex & Alex","og_description":"Quasiment inconnu dans l'hexagone, le Jamalac est un fruit que nos amis R\u00e9unionais connaissent bien. De couleur ros\u00e9 \u00e0 rouge vif et en forme de poire, il r\u00e9gale depuis plus de 300 ans les habitants des \u00eeles des Mascareignes","og_url":"https:\/\/www.alexetalex.com\/ca\/dossiers-fruites\/route-des-fruits\/jamalac-fruit-le-guide-complet\/","article_modified_time":"2020-11-11T11:56:54+00:00","og_image":[{"width":848,"height":565,"url":"https:\/\/www.alexetalex.com\/ca\/wp-content\/uploads\/2019\/08\/4800412_s.jpg","type":"image\/jpeg"}],"twitter_misc":{"Dur\u00e9e de lecture estim\u00e9e":"7 minutes"},"schema":{"@context":"https:\/\/schema.org","@graph":[{"@type":"Organization","@id":"https:\/\/www.alexetalex.com\/ca\/#organization","name":"Alex & Alex","url":"https:\/\/www.alexetalex.com\/ca\/","sameAs":[],"logo":{"@type":"ImageObject","@id":"https:\/\/www.alexetalex.com\/ca\/#logo","inLanguage":"fr-FR","url":"https:\/\/www.alexetalex.com\/ca\/wp-content\/uploads\/2020\/04\/alexalex-1.png","contentUrl":"https:\/\/www.alexetalex.com\/ca\/wp-content\/uploads\/2020\/04\/alexalex-1.png","width":51,"height":50,"caption":"Alex & Alex"},"image":{"@id":"https:\/\/www.alexetalex.com\/ca\/#logo"}},{"@type":"WebSite","@id":"https:\/\/www.alexetalex.com\/ca\/#website","url":"https:\/\/www.alexetalex.com\/ca\/","name":"","description":"","publisher":{"@id":"https:\/\/www.alexetalex.com\/ca\/#organization"},"potentialAction":[{"@type":"SearchAction","target":{"@type":"EntryPoint","urlTemplate":"https:\/\/www.alexetalex.com\/ca\/?s={search_term_string}"},"query-input":"required name=search_term_string"}],"inLanguage":"fr-FR"},{"@type":"ImageObject","@id":"https:\/\/www.alexetalex.com\/ca\/dossiers-fruites\/route-des-fruits\/jamalac-fruit-le-guide-complet\/#primaryimage","inLanguage":"fr-FR","url":"https:\/\/www.alexetalex.com\/ca\/wp-content\/uploads\/2019\/08\/4800412_s.jpg","contentUrl":"https:\/\/www.alexetalex.com\/ca\/wp-content\/uploads\/2019\/08\/4800412_s.jpg","width":848,"height":565,"caption":"jamalac en vrac dans un cageot"},{"@type":"WebPage","@id":"https:\/\/www.alexetalex.com\/ca\/dossiers-fruites\/route-des-fruits\/jamalac-fruit-le-guide-complet\/#webpage","url":"https:\/\/www.alexetalex.com\/ca\/dossiers-fruites\/route-des-fruits\/jamalac-fruit-le-guide-complet\/","name":"Jamalac : guide complet de ce fruit exotique - Alex & Alex","isPartOf":{"@id":"https:\/\/www.alexetalex.com\/ca\/#website"},"primaryImageOfPage":{"@id":"https:\/\/www.alexetalex.com\/ca\/dossiers-fruites\/route-des-fruits\/jamalac-fruit-le-guide-complet\/#primaryimage"},"datePublished":"2019-08-28T12:50:29+00:00","dateModified":"2020-11-11T11:56:54+00:00","description":"Quasiment inconnu dans l'hexagone, le Jamalac est un fruit que nos amis R\u00e9unionais connaissent bien. De couleur ros\u00e9 \u00e0 rouge vif et en forme de poire, il r\u00e9gale depuis plus de 300 ans les habitants des \u00eeles des Mascareignes","breadcrumb":{"@id":"https:\/\/www.alexetalex.com\/ca\/dossiers-fruites\/route-des-fruits\/jamalac-fruit-le-guide-complet\/#breadcrumb"},"inLanguage":"fr-FR","potentialAction":[{"@type":"ReadAction","target":["https:\/\/www.alexetalex.com\/ca\/dossiers-fruites\/route-des-fruits\/jamalac-fruit-le-guide-complet\/"]}]},{"@type":"BreadcrumbList","@id":"https:\/\/www.alexetalex.com\/ca\/dossiers-fruites\/route-des-fruits\/jamalac-fruit-le-guide-complet\/#breadcrumb","itemListElement":[{"@type":"ListItem","position":1,"name":"Magazine","item":"https:\/\/www.alexetalex.com\/ca\/dossiers-fruites\/"},{"@type":"ListItem","position":2,"name":"Fruits","item":"https:\/\/www.alexetalex.com\/ca\/dossiers-fruites\/route-des-fruits\/"},{"@type":"ListItem","position":3,"name":"Jamalac (fruit) : guide complet"}]}]}},"_links":{"self":[{"href":"https:\/\/www.alexetalex.com\/ca\/wp-json\/wp\/v2\/pages\/11370"}],"collection":[{"href":"https:\/\/www.alexetalex.com\/ca\/wp-json\/wp\/v2\/pages"}],"about":[{"href":"https:\/\/www.alexetalex.com\/ca\/wp-json\/wp\/v2\/types\/page"}],"author":[{"embeddable":true,"href":"https:\/\/www.alexetalex.com\/ca\/wp-json\/wp\/v2\/users\/4"}],"replies":[{"embeddable":true,"href":"https:\/\/www.alexetalex.com\/ca\/wp-json\/wp\/v2\/comments?post=11370"}],"version-history":[{"count":3,"href":"https:\/\/www.alexetalex.com\/ca\/wp-json\/wp\/v2\/pages\/11370\/revisions"}],"predecessor-version":[{"id":17496,"href":"https:\/\/www.alexetalex.com\/ca\/wp-json\/wp\/v2\/pages\/11370\/revisions\/17496"}],"up":[{"embeddable":true,"href":"https:\/\/www.alexetalex.com\/ca\/wp-json\/wp\/v2\/pages\/8732"}],"wp:featuredmedia":[{"embeddable":true,"href":"https:\/\/www.alexetalex.com\/ca\/wp-json\/wp\/v2\/media\/11378"}],"wp:attachment":[{"href":"https:\/\/www.alexetalex.com\/ca\/wp-json\/wp\/v2\/media?parent=11370"}],"curies":[{"name":"wp","href":"https:\/\/api.w.org\/{rel}","templated":true}]}}