{"id":11417,"date":"2019-08-30T15:25:57","date_gmt":"2019-08-30T14:25:57","guid":{"rendered":"https:\/\/www.alexetalex.com\/ca\/?page_id=11417"},"modified":"2020-11-08T05:48:37","modified_gmt":"2020-11-08T04:48:37","slug":"carambole-fruit-guide-complet","status":"publish","type":"page","link":"https:\/\/www.alexetalex.com\/ca\/dossiers-fruites\/route-des-fruits\/carambole-fruit-guide-complet\/","title":{"rendered":"Carambole (fruit) : guide complet"},"content":{"rendered":"<p><H1>Carambole (fruit) : guide complet <\/H1><\/p>\n<p><\/br><\/p>\n<p>Fruit tropical aux mille vertus, la <strong>carambole<\/strong> se distingue par sa forme et son go\u00fbt exceptionnel. Originaire de l\u2019Asie du Sud-est, le fruit du carambolier a longtemps \u00e9t\u00e9 rel\u00e9gu\u00e9 au simple rang de d\u00e9coration dans la cuisine rafin\u00e9e. C&rsquo;\u00e9tait sans compter sur ses multiples bienfaits pour notre organisme, qui font depuis jouer au carambole les premiers r\u00f4les sur la sc\u00e8ne culinaire. <\/p>\n<p><img loading=\"lazy\" width=\"848\" height=\"565\" src=\"https:\/\/www.alexetalex.com\/wp-content\/uploads\/2019\/08\/70729084_s.jpg\" title= \"Carmbole en coupe\" alt=\"carambole enti\u00e8re et coup\u00e9e\" class=\"alignnone size-full wp-image-11676\" srcset=\"https:\/\/www.alexetalex.com\/ca\/wp-content\/uploads\/2019\/08\/70729084_s.jpg 848w, https:\/\/www.alexetalex.com\/ca\/wp-content\/uploads\/2019\/08\/70729084_s-600x400.jpg 600w, https:\/\/www.alexetalex.com\/ca\/wp-content\/uploads\/2019\/08\/70729084_s-250x167.jpg 250w, https:\/\/www.alexetalex.com\/ca\/wp-content\/uploads\/2019\/08\/70729084_s-768x512.jpg 768w, https:\/\/www.alexetalex.com\/ca\/wp-content\/uploads\/2019\/08\/70729084_s-700x466.jpg 700w, https:\/\/www.alexetalex.com\/ca\/wp-content\/uploads\/2019\/08\/70729084_s-120x80.jpg 120w, https:\/\/www.alexetalex.com\/ca\/wp-content\/uploads\/2019\/08\/70729084_s-320x213.jpg 320w, https:\/\/www.alexetalex.com\/ca\/wp-content\/uploads\/2019\/08\/70729084_s-272x182.jpg 272w\" sizes=\"(max-width: 848px) 100vw, 848px\" \/><\/p>\n<p>D\u00e9couvrez tous ce qu\u2019il faut savoir sur la carambole : ses caract\u00e9ristiques, ses apports nutritionnels, ses bienfaits, les recettes \u00e0 r\u00e9aliser avec ce fruit, etc. <\/p>\n<p><\/br><\/p>\n<p><H2>I] Carambole : tout savoir en 2 minutes sur ce fruit<\/H2><\/p>\n<p><\/br><\/p>\n<p>Poussant \u00e0 l\u2019\u00e9tat sauvage sur la p\u00e9ninsule malaise, ce fruit de couleur vive a peu \u00e0 peu colonis\u00e9 toutes les r\u00e9gions tropicales du globe. Tr\u00e8s d\u00e9coratif, il peut \u00e9galement servir \u00e0 la confection de nombreux produits d\u00e9riv\u00e9s. <\/p>\n<p><\/br><\/p>\n <div class=\"hsg-featured-numb\">\n    <div>\n <p>1<\/p>\n <p><H3>Une \u00e9toile parmi les fruits<\/H3><\/p>\n\n<\/div>\n  \n<\/div>\n<p><\/br><\/p>\n<p>C&rsquo;est ind\u00e9niablement sa forme qui caract\u00e9rise la carambole : fruit ovale bard\u00e9 de 5 \u00ab\u00a0p\u00e9tales\u00a0\u00bb, la carambole se d\u00e9taille en \u00e9toile lorsqu&rsquo;on la tranche dans la largeur. Et c&rsquo;est gr\u00e2ce \u00e0 cette  forme unique que la carambole s&rsquo;est largement invit\u00e9e dans la restauration pour venir d\u00e9corer divers plats et desserts.<\/p>\n<p>Outre cette forme unique, la carambole se caract\u00e9rise par une couleur verte lorsqu&rsquo;elle est encore jeune, virant ensuite au jaune avec la maturit\u00e9. Les fruits poussent par grappes sur les branches, voir \u00e0 m\u00eame le tronc du carambolier, arbre tropical d&rsquo;une dizaine de m\u00e8tres de haut, au tronc court et tortueux.<\/p>\n<p><img loading=\"lazy\" width=\"848\" height=\"565\" src=\"https:\/\/www.alexetalex.com\/wp-content\/uploads\/2019\/08\/88175557_s.jpg\" alt=\"grappes de carambole sur branche de carambolier\" class=\"alignnone size-full wp-image-11679\" srcset=\"https:\/\/www.alexetalex.com\/ca\/wp-content\/uploads\/2019\/08\/88175557_s.jpg 848w, https:\/\/www.alexetalex.com\/ca\/wp-content\/uploads\/2019\/08\/88175557_s-600x400.jpg 600w, https:\/\/www.alexetalex.com\/ca\/wp-content\/uploads\/2019\/08\/88175557_s-250x167.jpg 250w, https:\/\/www.alexetalex.com\/ca\/wp-content\/uploads\/2019\/08\/88175557_s-768x512.jpg 768w, https:\/\/www.alexetalex.com\/ca\/wp-content\/uploads\/2019\/08\/88175557_s-700x466.jpg 700w, https:\/\/www.alexetalex.com\/ca\/wp-content\/uploads\/2019\/08\/88175557_s-120x80.jpg 120w, https:\/\/www.alexetalex.com\/ca\/wp-content\/uploads\/2019\/08\/88175557_s-320x213.jpg 320w, https:\/\/www.alexetalex.com\/ca\/wp-content\/uploads\/2019\/08\/88175557_s-272x182.jpg 272w\" sizes=\"(max-width: 848px) 100vw, 848px\" \/><\/p>\n<p>Les fleurs du carambolier sont de petite taille, de couleur pourpre et naissent elles aussi en grappe sur cet arbre \u00e9tonnant.<\/p>\n<p><\/br><\/p>\n <div class=\"hsg-featured-numb\">\n    <div>\n <p>2<\/p>\n <p><H3>Carambole toxique ?<\/H3><\/p>\n\n<\/div>\n  \n<\/div>\n<p><\/br><\/p>\n<p>Il a \u00e9t\u00e9 prouv\u00e9 que la consommation excessive de carambole peut provoquer de graves effets secondaires. Ce sont principalement deux constituants de ce fruit qui sont en cause : la caramboxine et l&rsquo;acide oxalique. Lorsqu&rsquo;ils sont tous deux en pr\u00e9sence dans l&rsquo;organisme, ils peuvent affecter le bon fonctionnement de notre foie, laissant alors passer des toxines qui peuvent aller jusqu&rsquo;au cerveau. Des troubles neurologiques graves peuvent alors appara\u00eetre.<\/p>\n<p>Plusieurs cas de d\u00e9ces d\u00fb \u00e0 une intoxication \u00e0 la carambole ont d\u00e9j\u00e0 \u00e9t\u00e9 diagnostiqu\u00e9s en Martinique et en Asie. Les personnes ayant des insuffisances r\u00e9nales sont particuli\u00e8rement vuln\u00e9rables \u00e0 ces effets secondaires, la consommation de carambole frais ou en jus est d&rsquo;ailleurs vivement d\u00e9conseill\u00e9e pour cette partie de la population.<\/p>\n<p>Pour les personnes n&rsquo;ayant pas d&rsquo;insuffisance r\u00e9nale, il est tout de m\u00eame recommand\u00e9 de ne pas consommer plus de deux caramboles par semaine ; en effet un ph\u00e9nom\u00e8ne d&rsquo;accumulation dans l&rsquo;organisme des composants mis en cause est suspect\u00e9e, il faut donc veiller \u00e0 limiter sa consommation.<\/p>\n<p>Au final, la prochaine fois qu&rsquo;on vous servira un dessert agr\u00e9ment\u00e9 d&rsquo;une petite \u00e9toile de carambole, vous pourrez tout de m\u00eame la d\u00e9guster sans crainte, en revanche \u00e9viter de pr\u00e9parer une salade de fruit 100% carambole la prochaine fois que vos amis s&rsquo;invite chez vous !<\/p>\n<p><\/br><\/p>\n <div class=\"hsg-featured-numb\">\n    <div>\n <p>3<\/p>\n <p><H3>Culture et saison de la carambole<\/H3><\/p>\n\n<\/div>\n  \n<\/div>\n<p><\/br><\/p>\n<p>Le carambolier est un arbre appr\u00e9ciant le climat des r\u00e9gions tropicales. Originaires de Malaisie, cet arbre est maintenant plant\u00e9 dans de nombreuses autres r\u00e9gions de la plan\u00e8te comme le Br\u00e9sil, la Tha\u00eflande, l\u2019Isra\u00ebl ou les Etats-Unis.<\/p>\n<p>La carambole n&rsquo;est pas cultiv\u00e9e en Europe mais elle a envahie les \u00e9tals des primeurs europ\u00e9ennes suite \u00e0 l&rsquo;engouement des restaurateurs pour ce fruits tr\u00e8s d\u00e9coratif. <\/p>\n<p>On peut retrouver de la carambole quasiment tout au long de l&rsquo;ann\u00e9e sur les \u00e9tals de l&rsquo;Hexagone.<\/p>\n<p>La pleine saison de la carambole se situe entre mars et mai. Entre juin et juillet, elle est toujours disponible sur les \u00e9tals de certains march\u00e9s et magasins. A partir du mois d\u2019ao\u00fbt jusqu\u2019au mois de f\u00e9vrier, il devient cependant plus difficile de trouver le fruit de l\u2019\u00e9toile.<\/p>\n<p><\/br><\/p>\n<p><H2>II] La carambole : analyse nutritionnelle et bienfaits<\/H2><\/p>\n<p><\/br><\/p>\n<p>La carambole est un fruit exotique aux mille bienfaits gr\u00e2ce aux vitamines et aux min\u00e9raux qu\u2019elle contient. <\/p>\n<p><\/br><\/p>\n <div class=\"hsg-featured-numb\">\n    <div>\n <p>1<\/p>\n <p><H3>Carambole : analyse nutritionnelle<\/H3><\/p>\n\n<\/div>\n  \n<\/div>\n<p><\/br><\/p>\n<p>La carambole procure \u00e0 son consommateur une multitude de nutriments. Dans 100 grammes du fruit, on trouve notamment :<br \/>\n&#8211; 1.7 g de fibres<br \/>\n&#8211; 133 mg de potassium<br \/>\n&#8211; 10 mg de magn\u00e9sium<br \/>\n&#8211; 12 mg de phosphore<br \/>\n&#8211; 34, 5 mg de vitamine C<br \/>\n&#8211; 0, 39 mg de vitamine B5<br \/>\n&#8211; 25 \u00b5g de B\u00eata-carot\u00e8nes<br \/>\n&#8211; 91,3 g d\u2019eau <\/p>\n<p>Il est int\u00e9ressant de noter que la carambole contient tr\u00e8s peu de sucre et de calories, tout en \u00e9tant riche en eau. C&rsquo;est donc un fruit particuli\u00e8rement rafra\u00eechissant.<\/p>\n<p><\/br><\/p>\n <div class=\"hsg-featured-numb\">\n    <div>\n <p>2<\/p>\n <p><H3>Bienfaits de la carambole<\/H3><\/p>\n\n<\/div>\n  \n<\/div>\n<p><\/br><\/p>\n<p>Le potassium et le magn\u00e9sium contenus dans une carambole procurent du tonus aux muscles, y compris ceux du c\u0153ur. Il permet ainsi de maintenir une bonne sant\u00e9 cardio-vasculaire.<\/p>\n<p>Le phosphore contribue \u00e0 renforcer le bon fonctionnement des cellules nerveuses.  Pour sa part, le potassium permet d\u2019am\u00e9liorer la qualit\u00e9 du sommeil. Quant aux b\u00eata-carot\u00e8nes, ils aident \u00e0 maintenir une bonne vue. <\/p>\n<p>La vitamine C contenue dans le fruit de l\u2019\u00e9toile lui procure des vertus antioxydantes, apaise les sensations de fatigue et renforce le syst\u00e8me immunitaire.<br \/>\n<br \/>En ce qui concerne la vitamine B5, elle participe \u00e0 garder en bonne sant\u00e9 les cellules de notre peaux, ainsi que les cheveux.<\/p>\n<p>Outre ces min\u00e9raux et ces vitamines, la carambole est \u00e9galement une bonne source de fibres. Celles-ci aident \u00e0 r\u00e9guler le taux de mauvais cholest\u00e9rol, \u00e0 faciliter le transit intestinal et \u00e0 diminuer le risque de cancer du c\u00f4lon.<\/p>\n<p><\/br><\/p>\n <div class=\"hsg-featured-numb\">\n    <div>\n <p>3<\/p>\n <p><H3> Un fruit qui contr\u00f4le le diab\u00e8te ! <\/H3><\/p>\n\n<\/div>\n  \n<\/div>\n<p><\/br><\/p>\n<p>Comme le <strong><a href=\"https:\/\/www.alexetalex.com\/ca\/dossiers-fruites\/route-des-fruits\/jamblon\/\" rel=\"noopener noreferrer\" target=\"_blank\">jamblon<\/a><\/strong> (un fruit tropical ressemblant \u00e0 une aubergine), la carambole poss\u00e8de \u00e9galement la capacit\u00e9 de contr\u00f4ler le diab\u00e8te en inhibant l\u2019assimilation rapide du glucose dans l\u2019intestin et en \u00e9quilibrant le taux de sucre dans le sang, ce qui a pour effet de diminuer le taux de glyc\u00e9mie. <\/p>\n<p>Cette propri\u00e9t\u00e9 est notamment due \u00e0 la forte teneur en fibre de la carambole.<\/p>\n<p><\/br><\/p>\n<p><H2>III] La carambole tr\u00e8s pr\u00e9sente dans la culture antillaise<\/H2><\/p>\n<p><\/br><\/p>\n<p>L\u2019introduction de la carambole aux Antilles date de la deuxi\u00e8me moiti\u00e9 du 18e si\u00e8cle. De nos jours, ce fruit y est tr\u00e8s commun. <\/p>\n<p><\/br><\/p>\n <div class=\"hsg-featured-numb\">\n    <div>\n <p>1<\/p>\n <p><H3>Une implantation r\u00e9ussie<\/H3><\/p>\n\n<\/div>\n  \n<\/div>\n<p><\/br><\/p>\n<p>Cela est d\u00fb principalement aux conditions agro-climatiques existantes dans cette r\u00e9gion du monde convenant parfaitement au carambolier. Les Antilles comptent 1500 mm de pr\u00e9cipitation par an environ, ce qui r\u00e9pond parfaitement aux besoins de cet arbre. <\/p>\n<p>Il existe principalement deux vari\u00e9t\u00e9s de carambole cultiv\u00e9es sur l&rsquo;\u00eele :<br \/>\n&#8211; la premi\u00e8re, <i>Averrhoa carambola<\/i>, donne des caramboles \u00e0 chair croquante l\u00e9g\u00e8rement acidul\u00e9e, tr\u00e8s sucr\u00e9e et aromatiques. Ce type de carambole sucr\u00e9e est tr\u00e8s appr\u00e9ci\u00e9 cru, en salade ou en jus<br \/>\n&#8211; la seconde,  <i>Averrhoa bilimbi<\/i>, aussi appel\u00e9 bilimbi, offre quant \u00e0 elle des fruits plus mous et acides. Ceux-ci sont cueillis encore verts, avant leur compl\u00e8te maturit\u00e9, et s&rsquo;utilisent dans les pr\u00e9parations aigre-douces.<\/p>\n<p>Tr\u00e8s productifs, les caramboliers des Antilles portent des fruits quasiment toute l&rsquo;ann\u00e9e, sont des arbres tr\u00e8s rustiques, et assez facile de culture.<\/p>\n<p><img loading=\"lazy\" width=\"848\" height=\"565\" src=\"https:\/\/www.alexetalex.com\/wp-content\/uploads\/2019\/08\/101110272_s.jpg\" alt=\"groupe de caramboles jaunes bien murs\" class=\"alignnone size-full wp-image-11686\" srcset=\"https:\/\/www.alexetalex.com\/ca\/wp-content\/uploads\/2019\/08\/101110272_s.jpg 848w, https:\/\/www.alexetalex.com\/ca\/wp-content\/uploads\/2019\/08\/101110272_s-600x400.jpg 600w, https:\/\/www.alexetalex.com\/ca\/wp-content\/uploads\/2019\/08\/101110272_s-250x167.jpg 250w, https:\/\/www.alexetalex.com\/ca\/wp-content\/uploads\/2019\/08\/101110272_s-768x512.jpg 768w, https:\/\/www.alexetalex.com\/ca\/wp-content\/uploads\/2019\/08\/101110272_s-700x466.jpg 700w, https:\/\/www.alexetalex.com\/ca\/wp-content\/uploads\/2019\/08\/101110272_s-120x80.jpg 120w, https:\/\/www.alexetalex.com\/ca\/wp-content\/uploads\/2019\/08\/101110272_s-320x213.jpg 320w, https:\/\/www.alexetalex.com\/ca\/wp-content\/uploads\/2019\/08\/101110272_s-272x182.jpg 272w\" sizes=\"(max-width: 848px) 100vw, 848px\" \/><br \/>\n<br \/><\/br><\/p>\n <div class=\"hsg-featured-numb\">\n    <div>\n <p>2<\/p>\n <p><H3>La carambole en recette<\/H3><\/p>\n\n<\/div>\n  \n<\/div>\n<p><\/br><\/p>\n<p>Le fruit de l\u2019\u00e9toile peut bien \u00e9videmment agr\u00e9menter une salade de fruit ou d\u00e9corer d\u00e9licatement un plat, mais sachez qu&rsquo;il se pr\u00e9pare aussi tr\u00e8s bien en compote ou en confiture. Une sorte de cidre de carambole a m\u00eame d\u00e9j\u00e0 \u00e9t\u00e9 commercialis\u00e9 en Guadeloupe !<\/p>\n<p>Une utilisation originale de la carambole permet de r\u00e9aliser un d\u00e9licieux rhum arrang\u00e9 : pour cela, prenez trois caramboles parfaitement jaunes, trois morceaux de sucre, une gousse de vanille et 70 cl de rhum, antillais bien sur !<\/p>\n<p>Pour la pr\u00e9paration, vous devez :<br \/>\n&#8211; laver les caramboles et les couper en lamelles d\u2019environ 4 mm d\u2019\u00e9paisseur<br \/>\n&#8211; d\u00e9poser les caramboles ainsi que les morceaux de sucre dans un bocal<br \/>\n&#8211; verser le rhum dans le bocal puis le fermer<br \/>\n&#8211; laisser mac\u00e9rer pendant quelques mois<\/p>\n<p><\/br><\/p>\n <div class=\"hsg-featured-numb\">\n    <div>\n <p>3<\/p>\n <p><H3>Choisir et conserver ses caramboles<\/H3><\/p>\n\n<\/div>\n  \n<\/div>\n<p><\/br><\/p>\n<p>Une carambole de bonne qualit\u00e9 pr\u00e9sente une couleur bien jaune et sans aucune t\u00e2che apparente. Quand il est m\u00fbr, ses \u00ab\u00a0ailettes\u00a0\u00bb affichent une ligne brune. Le fruit doit \u00eatre ferme et \u00e0 la peau brillante.<\/p>\n<p>Pour bien conserver les fruits de l\u2019\u00e9toile m\u00fbrs, le mieux est comme souvent avec les fruits, de les mettre au r\u00e9frig\u00e9rateur. Ils se conserveront plusieurs semaines sans soucis. Il est \u00e9galement possible de les conserver \u00e0 temp\u00e9rature ambiante, mais pour une dur\u00e9e de 4-5 jours seulement.<\/p>\n<p>Encore vertes, les caramboles se conservent \u00e0 temp\u00e9rature ambiante jusqu\u2019\u00e0 ce qu\u2019elles obtiennent une peau bien jaune, signe de leur maturit\u00e9 compl\u00e8te. <\/p>\n<p><\/br><\/p>\n<p><strong>Pour continuer d&rsquo;apprendre :<\/strong><br \/>\n&#8211; <a href=\"https:\/\/www.alexetalex.com\/ca\/dossiers-fruites\/route-des-fruits\/fruit-du-dragon\/\" rel=\"noopener noreferrer\" target=\"_blank\">Le Fruit du Dragon, le champion des fruits au look \u00e9trange !<\/i><\/a><br \/>\n&#8211; <a href=\"https:\/\/www.alexetalex.com\/ca\/dossiers-fruites\/fruit-et-nutrition\/safou\/\" rel=\"noopener noreferrer\" target=\"_blank\">Le Safou, ou Prune d&rsquo;Afrique, fruit \u00e0 d\u00e9couvrir<\/a><br \/>\n&#8211; <a href=\"https:\/\/www.alexetalex.com\/ca\/dossiers-fruites\/fruit-et-nutrition\/zatte\/\" rel=\"noopener noreferrer\" target=\"_blank\">Le Zatte: un fruit hors du commun<\/a><\/p>\n","protected":false},"excerpt":{"rendered":"<p>Carambole (fruit) : guide complet Fruit tropical aux mille vertus, la carambole se distingue par sa forme et son go\u00fbt exceptionnel. Originaire de l\u2019Asie du Sud-est, le fruit du carambolier a longtemps \u00e9t\u00e9 rel\u00e9gu\u00e9 au simple rang de d\u00e9coration dans la cuisine rafin\u00e9e. C&rsquo;\u00e9tait sans compter sur ses multiples bienfaits pour notre organisme, qui font [&hellip;]<\/p>\n","protected":false},"author":4,"featured_media":11677,"parent":8732,"menu_order":0,"comment_status":"closed","ping_status":"closed","template":"","meta":{"_et_pb_use_builder":"","_et_pb_old_content":"","_et_gb_content_width":""},"acf":[],"yoast_head":"<!-- This site is optimized with the Yoast SEO plugin v17.6 - https:\/\/yoast.com\/wordpress\/plugins\/seo\/ -->\n<title>Carambole (fruit) : une \u00e9toile parmi les fruits - Alex et Alex<\/title>\n<meta name=\"description\" content=\"Fruit tropical aux mille vertus, la carambole se distingue par sa forme exceptionnelle. Originaire d&#039;Asie, ce fruit n&#039;est plus une simple d\u00e9coration culinaire\" \/>\n<meta name=\"robots\" content=\"index, follow, max-snippet:-1, max-image-preview:large, max-video-preview:-1\" \/>\n<link rel=\"canonical\" href=\"https:\/\/www.alexetalex.com\/ca\/dossiers-fruites\/route-des-fruits\/carambole-fruit-guide-complet\/\" \/>\n<meta property=\"og:locale\" content=\"fr_FR\" \/>\n<meta property=\"og:type\" content=\"article\" \/>\n<meta property=\"og:title\" content=\"Carambole (fruit) : une \u00e9toile parmi les fruits - Alex et Alex\" \/>\n<meta property=\"og:description\" content=\"Fruit tropical aux mille vertus, la carambole se distingue par sa forme exceptionnelle. Originaire d&#039;Asie, ce fruit n&#039;est plus une simple d\u00e9coration culinaire\" \/>\n<meta property=\"og:url\" content=\"https:\/\/www.alexetalex.com\/ca\/dossiers-fruites\/route-des-fruits\/carambole-fruit-guide-complet\/\" \/>\n<meta property=\"article:modified_time\" content=\"2020-11-08T04:48:37+00:00\" \/>\n<meta property=\"og:image\" content=\"https:\/\/www.alexetalex.com\/ca\/wp-content\/uploads\/2019\/08\/47449201_s.jpg\" \/>\n\t<meta property=\"og:image:width\" content=\"850\" \/>\n\t<meta property=\"og:image:height\" content=\"563\" \/>\n<meta name=\"twitter:label1\" content=\"Dur\u00e9e de lecture estim\u00e9e\" \/>\n\t<meta name=\"twitter:data1\" content=\"8 minutes\" \/>\n<script type=\"application\/ld+json\" class=\"yoast-schema-graph\">{\"@context\":\"https:\/\/schema.org\",\"@graph\":[{\"@type\":\"Organization\",\"@id\":\"https:\/\/www.alexetalex.com\/ca\/#organization\",\"name\":\"Alex & Alex\",\"url\":\"https:\/\/www.alexetalex.com\/ca\/\",\"sameAs\":[],\"logo\":{\"@type\":\"ImageObject\",\"@id\":\"https:\/\/www.alexetalex.com\/ca\/#logo\",\"inLanguage\":\"fr-FR\",\"url\":\"https:\/\/www.alexetalex.com\/ca\/wp-content\/uploads\/2020\/04\/alexalex-1.png\",\"contentUrl\":\"https:\/\/www.alexetalex.com\/ca\/wp-content\/uploads\/2020\/04\/alexalex-1.png\",\"width\":51,\"height\":50,\"caption\":\"Alex & Alex\"},\"image\":{\"@id\":\"https:\/\/www.alexetalex.com\/ca\/#logo\"}},{\"@type\":\"WebSite\",\"@id\":\"https:\/\/www.alexetalex.com\/ca\/#website\",\"url\":\"https:\/\/www.alexetalex.com\/ca\/\",\"name\":\"\",\"description\":\"\",\"publisher\":{\"@id\":\"https:\/\/www.alexetalex.com\/ca\/#organization\"},\"potentialAction\":[{\"@type\":\"SearchAction\",\"target\":{\"@type\":\"EntryPoint\",\"urlTemplate\":\"https:\/\/www.alexetalex.com\/ca\/?s={search_term_string}\"},\"query-input\":\"required name=search_term_string\"}],\"inLanguage\":\"fr-FR\"},{\"@type\":\"ImageObject\",\"@id\":\"https:\/\/www.alexetalex.com\/ca\/dossiers-fruites\/route-des-fruits\/carambole-fruit-guide-complet\/#primaryimage\",\"inLanguage\":\"fr-FR\",\"url\":\"https:\/\/www.alexetalex.com\/ca\/wp-content\/uploads\/2019\/08\/47449201_s.jpg\",\"contentUrl\":\"https:\/\/www.alexetalex.com\/ca\/wp-content\/uploads\/2019\/08\/47449201_s.jpg\",\"width\":850,\"height\":563,\"caption\":\"Sliced carambola fruit on green palm leaf\"},{\"@type\":\"WebPage\",\"@id\":\"https:\/\/www.alexetalex.com\/ca\/dossiers-fruites\/route-des-fruits\/carambole-fruit-guide-complet\/#webpage\",\"url\":\"https:\/\/www.alexetalex.com\/ca\/dossiers-fruites\/route-des-fruits\/carambole-fruit-guide-complet\/\",\"name\":\"Carambole (fruit) : une \\u00e9toile parmi les fruits - Alex et Alex\",\"isPartOf\":{\"@id\":\"https:\/\/www.alexetalex.com\/ca\/#website\"},\"primaryImageOfPage\":{\"@id\":\"https:\/\/www.alexetalex.com\/ca\/dossiers-fruites\/route-des-fruits\/carambole-fruit-guide-complet\/#primaryimage\"},\"datePublished\":\"2019-08-30T14:25:57+00:00\",\"dateModified\":\"2020-11-08T04:48:37+00:00\",\"description\":\"Fruit tropical aux mille vertus, la carambole se distingue par sa forme exceptionnelle. Originaire d'Asie, ce fruit n'est plus une simple d\\u00e9coration culinaire\",\"breadcrumb\":{\"@id\":\"https:\/\/www.alexetalex.com\/ca\/dossiers-fruites\/route-des-fruits\/carambole-fruit-guide-complet\/#breadcrumb\"},\"inLanguage\":\"fr-FR\",\"potentialAction\":[{\"@type\":\"ReadAction\",\"target\":[\"https:\/\/www.alexetalex.com\/ca\/dossiers-fruites\/route-des-fruits\/carambole-fruit-guide-complet\/\"]}]},{\"@type\":\"BreadcrumbList\",\"@id\":\"https:\/\/www.alexetalex.com\/ca\/dossiers-fruites\/route-des-fruits\/carambole-fruit-guide-complet\/#breadcrumb\",\"itemListElement\":[{\"@type\":\"ListItem\",\"position\":1,\"name\":\"Magazine\",\"item\":\"https:\/\/www.alexetalex.com\/ca\/dossiers-fruites\/\"},{\"@type\":\"ListItem\",\"position\":2,\"name\":\"Fruits\",\"item\":\"https:\/\/www.alexetalex.com\/ca\/dossiers-fruites\/route-des-fruits\/\"},{\"@type\":\"ListItem\",\"position\":3,\"name\":\"Dossier\"}]}]}<\/script>\n<!-- \/ Yoast SEO plugin. -->","yoast_head_json":{"title":"Carambole (fruit) : une \u00e9toile parmi les fruits - Alex et Alex","description":"Fruit tropical aux mille vertus, la carambole se distingue par sa forme exceptionnelle. Originaire d'Asie, ce fruit n'est plus une simple d\u00e9coration culinaire","robots":{"index":"index","follow":"follow","max-snippet":"max-snippet:-1","max-image-preview":"max-image-preview:large","max-video-preview":"max-video-preview:-1"},"canonical":"https:\/\/www.alexetalex.com\/ca\/dossiers-fruites\/route-des-fruits\/carambole-fruit-guide-complet\/","og_locale":"fr_FR","og_type":"article","og_title":"Carambole (fruit) : une \u00e9toile parmi les fruits - Alex et Alex","og_description":"Fruit tropical aux mille vertus, la carambole se distingue par sa forme exceptionnelle. Originaire d'Asie, ce fruit n'est plus une simple d\u00e9coration culinaire","og_url":"https:\/\/www.alexetalex.com\/ca\/dossiers-fruites\/route-des-fruits\/carambole-fruit-guide-complet\/","article_modified_time":"2020-11-08T04:48:37+00:00","og_image":[{"width":850,"height":563,"url":"https:\/\/www.alexetalex.com\/ca\/wp-content\/uploads\/2019\/08\/47449201_s.jpg","type":"image\/jpeg"}],"twitter_misc":{"Dur\u00e9e de lecture estim\u00e9e":"8 minutes"},"schema":{"@context":"https:\/\/schema.org","@graph":[{"@type":"Organization","@id":"https:\/\/www.alexetalex.com\/ca\/#organization","name":"Alex & Alex","url":"https:\/\/www.alexetalex.com\/ca\/","sameAs":[],"logo":{"@type":"ImageObject","@id":"https:\/\/www.alexetalex.com\/ca\/#logo","inLanguage":"fr-FR","url":"https:\/\/www.alexetalex.com\/ca\/wp-content\/uploads\/2020\/04\/alexalex-1.png","contentUrl":"https:\/\/www.alexetalex.com\/ca\/wp-content\/uploads\/2020\/04\/alexalex-1.png","width":51,"height":50,"caption":"Alex & Alex"},"image":{"@id":"https:\/\/www.alexetalex.com\/ca\/#logo"}},{"@type":"WebSite","@id":"https:\/\/www.alexetalex.com\/ca\/#website","url":"https:\/\/www.alexetalex.com\/ca\/","name":"","description":"","publisher":{"@id":"https:\/\/www.alexetalex.com\/ca\/#organization"},"potentialAction":[{"@type":"SearchAction","target":{"@type":"EntryPoint","urlTemplate":"https:\/\/www.alexetalex.com\/ca\/?s={search_term_string}"},"query-input":"required name=search_term_string"}],"inLanguage":"fr-FR"},{"@type":"ImageObject","@id":"https:\/\/www.alexetalex.com\/ca\/dossiers-fruites\/route-des-fruits\/carambole-fruit-guide-complet\/#primaryimage","inLanguage":"fr-FR","url":"https:\/\/www.alexetalex.com\/ca\/wp-content\/uploads\/2019\/08\/47449201_s.jpg","contentUrl":"https:\/\/www.alexetalex.com\/ca\/wp-content\/uploads\/2019\/08\/47449201_s.jpg","width":850,"height":563,"caption":"Sliced carambola fruit on green palm leaf"},{"@type":"WebPage","@id":"https:\/\/www.alexetalex.com\/ca\/dossiers-fruites\/route-des-fruits\/carambole-fruit-guide-complet\/#webpage","url":"https:\/\/www.alexetalex.com\/ca\/dossiers-fruites\/route-des-fruits\/carambole-fruit-guide-complet\/","name":"Carambole (fruit) : une \u00e9toile parmi les fruits - Alex et Alex","isPartOf":{"@id":"https:\/\/www.alexetalex.com\/ca\/#website"},"primaryImageOfPage":{"@id":"https:\/\/www.alexetalex.com\/ca\/dossiers-fruites\/route-des-fruits\/carambole-fruit-guide-complet\/#primaryimage"},"datePublished":"2019-08-30T14:25:57+00:00","dateModified":"2020-11-08T04:48:37+00:00","description":"Fruit tropical aux mille vertus, la carambole se distingue par sa forme exceptionnelle. Originaire d'Asie, ce fruit n'est plus une simple d\u00e9coration culinaire","breadcrumb":{"@id":"https:\/\/www.alexetalex.com\/ca\/dossiers-fruites\/route-des-fruits\/carambole-fruit-guide-complet\/#breadcrumb"},"inLanguage":"fr-FR","potentialAction":[{"@type":"ReadAction","target":["https:\/\/www.alexetalex.com\/ca\/dossiers-fruites\/route-des-fruits\/carambole-fruit-guide-complet\/"]}]},{"@type":"BreadcrumbList","@id":"https:\/\/www.alexetalex.com\/ca\/dossiers-fruites\/route-des-fruits\/carambole-fruit-guide-complet\/#breadcrumb","itemListElement":[{"@type":"ListItem","position":1,"name":"Magazine","item":"https:\/\/www.alexetalex.com\/ca\/dossiers-fruites\/"},{"@type":"ListItem","position":2,"name":"Fruits","item":"https:\/\/www.alexetalex.com\/ca\/dossiers-fruites\/route-des-fruits\/"},{"@type":"ListItem","position":3,"name":"Dossier"}]}]}},"_links":{"self":[{"href":"https:\/\/www.alexetalex.com\/ca\/wp-json\/wp\/v2\/pages\/11417"}],"collection":[{"href":"https:\/\/www.alexetalex.com\/ca\/wp-json\/wp\/v2\/pages"}],"about":[{"href":"https:\/\/www.alexetalex.com\/ca\/wp-json\/wp\/v2\/types\/page"}],"author":[{"embeddable":true,"href":"https:\/\/www.alexetalex.com\/ca\/wp-json\/wp\/v2\/users\/4"}],"replies":[{"embeddable":true,"href":"https:\/\/www.alexetalex.com\/ca\/wp-json\/wp\/v2\/comments?post=11417"}],"version-history":[{"count":3,"href":"https:\/\/www.alexetalex.com\/ca\/wp-json\/wp\/v2\/pages\/11417\/revisions"}],"predecessor-version":[{"id":17467,"href":"https:\/\/www.alexetalex.com\/ca\/wp-json\/wp\/v2\/pages\/11417\/revisions\/17467"}],"up":[{"embeddable":true,"href":"https:\/\/www.alexetalex.com\/ca\/wp-json\/wp\/v2\/pages\/8732"}],"wp:featuredmedia":[{"embeddable":true,"href":"https:\/\/www.alexetalex.com\/ca\/wp-json\/wp\/v2\/media\/11677"}],"wp:attachment":[{"href":"https:\/\/www.alexetalex.com\/ca\/wp-json\/wp\/v2\/media?parent=11417"}],"curies":[{"name":"wp","href":"https:\/\/api.w.org\/{rel}","templated":true}]}}