{"id":11421,"date":"2019-08-31T11:45:30","date_gmt":"2019-08-31T10:45:30","guid":{"rendered":"https:\/\/www.alexetalex.com\/ca\/?page_id=11421"},"modified":"2020-10-20T17:18:03","modified_gmt":"2020-10-20T16:18:03","slug":"caimite","status":"publish","type":"page","link":"https:\/\/www.alexetalex.com\/ca\/dossiers-fruites\/route-des-fruits\/caimite\/","title":{"rendered":"Ca\u00efmite (fruit) : guide complet"},"content":{"rendered":"<p><H1>Ca\u00efmite : guide complet <\/H1><\/p>\n<p><\/br><\/p>\n<p>Une pulpe laiteuse et un coeur en \u00e9toile, voil\u00e0 ce qui caract\u00e9rise le <strong>Ca\u00efmite<\/strong>. Originaire d\u2019Am\u00e9rique Centrale et des Antilles, ce fruit violac\u00e9 est aussi populaire dans ses r\u00e9gions d&rsquo;origine qu&rsquo;il est inconnu au Canada.<\/p>\n<p><\/br><br \/>\n<img loading=\"lazy\" width=\"848\" height=\"565\" src=\"https:\/\/www.alexetalex.com\/wp-content\/uploads\/2019\/08\/56383485_s.jpg\" alt=\"caimite coeur en forme d&#039;etoile\" class=\"alignnone size-full wp-image-11738\" srcset=\"https:\/\/www.alexetalex.com\/ca\/wp-content\/uploads\/2019\/08\/56383485_s.jpg 848w, https:\/\/www.alexetalex.com\/ca\/wp-content\/uploads\/2019\/08\/56383485_s-600x400.jpg 600w, https:\/\/www.alexetalex.com\/ca\/wp-content\/uploads\/2019\/08\/56383485_s-250x167.jpg 250w, https:\/\/www.alexetalex.com\/ca\/wp-content\/uploads\/2019\/08\/56383485_s-768x512.jpg 768w, https:\/\/www.alexetalex.com\/ca\/wp-content\/uploads\/2019\/08\/56383485_s-700x466.jpg 700w, https:\/\/www.alexetalex.com\/ca\/wp-content\/uploads\/2019\/08\/56383485_s-120x80.jpg 120w, https:\/\/www.alexetalex.com\/ca\/wp-content\/uploads\/2019\/08\/56383485_s-320x213.jpg 320w, https:\/\/www.alexetalex.com\/ca\/wp-content\/uploads\/2019\/08\/56383485_s-272x182.jpg 272w\" sizes=\"(max-width: 848px) 100vw, 848px\" \/><br \/>\n<br \/><\/br><\/p>\n<p>Description, bienfaits, saveurs et ar\u00f4mes, on vous dit tout sur la ca\u00efmite dans cet article.<\/p>\n<p><\/br><\/p>\n<p><H2>I] Ca\u00efmite : tout savoir en 2 minutes sur ce fruit tropical<\/H2><\/p>\n<p><\/br><\/p>\n<p>Ingr\u00e9dient phare dans la m\u00e9decine traditionnelle antillaise, la ca\u00efmite a le poids, la taille et la forme d\u2019une pomme. Faisant partie de la m\u00eame famille que le corossol, le rollinier et le c\u0153ur de b\u0153uf, ce fruit se d\u00e9veloppe naturellement dans les zones c\u00f4ti\u00e8res d\u2019Am\u00e9rique centrale o\u00f9 son arbre peut s\u2019\u00e9lever jusqu\u2019 \u00e0 15 m\u00e8tres de hauteur. Il dispose par ailleurs d\u2019une importante richesse en nutriments et en vitamines. La consommation du ca\u00efmite est b\u00e9n\u00e9fique pour la sant\u00e9. Utilis\u00e9 en cuisine, ce produit est \u00e9galement employ\u00e9 en cosm\u00e9tique pour r\u00e9aliser des parfums et des cr\u00e8mes permettant de combattre le vieillissement cutan\u00e9.  <\/p>\n<p><\/br><\/p>\n <div class=\"hsg-featured-numb\">\n    <div>\n <p>1<\/p>\n <p><H3>Le ca\u00efmitier<\/H3><\/p>\n\n<\/div>\n  \n<\/div>\n<p><\/br><\/p>\n<p>La ca\u00efmite epousse sur le ca\u00efmitier, un arbre de la famille des <em>Sapotaceae<\/em>, et proche des <a href=\"https:\/\/www.alexetalex.com\/ca\/dossiers-fruites\/route-des-fruits\/sapote-noire\/\"><strong>sapotes<\/strong><\/a>. Le ca\u00efmitier, dont le nom latin est <i>chrysophyllum cainito<\/i>, s\u2019adapte ais\u00e9ment aux climats chauds du Mexique, des \u00eeles Cara\u00efbes et de nombreux pays d\u2019Am\u00e9rique Centrale, mais il pousse \u00e9galement dans les r\u00e9gions semi-arides et humides. Bien que le ca\u00efmitier soit peu exigeant quant \u00e0 la nature du sol, il ne supporte pas les sols asphyxiants, charg\u00e9s de produits chimiques. <\/p>\n<p>S\u2019il n\u2019est pas \u00e0 l\u2019\u00e9troit, le ca\u00efmitier offrira un bel ombrage.<\/p>\n<p>Autofertile, cet arbre tropical dispose d\u2019un feuillage persistant, d&rsquo; une \u00e9corce tr\u00e8s riche en latex et de petites fleurs de couleur jaune verd\u00e2tre qui apparaissant entre les mois d\u2019octobre et de janvier. La r\u00e9colte des fruits d\u00e9marre en janvier et peut s\u2019\u00e9tendre jusqu\u2019en mars. <\/p>\n<p>Les insectes qui peuvent nuire aux feuilles du ca\u00efmitier sont rares. La cochenille originaire d\u2019Australie peut occasionnellement affecter l\u2019arbre, mais aux Antilles, cet arbre semble peu inqui\u00e9t\u00e9 par les nuisibles environnants.<\/p>\n<p>Tr\u00e8s r\u00e9sistant, le bois du ca\u00efmitier est utilis\u00e9 dans la construction. Dans certains pays d\u2019Am\u00e9rique Centrale, il est cultiv\u00e9 pour r\u00e9aliser des meubles et des objets d\u2019ornement. <\/p>\n<p><\/br><\/p>\n <div class=\"hsg-featured-numb\">\n    <div>\n <p>2<\/p>\n <p><H3>La ca\u00efmite<\/H3><\/p>\n\n<\/div>\n  \n<\/div>\n<p><\/br><\/p>\n<p>Fruit globuleux \u00e0 la peau \u00e9paisse, la ca\u00efmite se cueille \u00e0 maturit\u00e9, lorsqu\u2019elle est molle. En effet, ce fruit exotique n\u2019a pas tendance \u00e0 tomber quand il est m\u00fbr. Il importe donc de se fier aux changements de couleur de la peau de ce fruit pour le cueillir parfaitement m\u00fbr. La couleur de la peau  change avec la vari\u00e9t\u00e9 \u00e9tudi\u00e9e, elle peut aller du jaune au violet. Non m\u00fbr, en revanche, tous les ca\u00efmites sont de couleur verte. La pulpe de ce fruit est violac\u00e9e.<\/p>\n<p>Il existe \u00e9galement une vari\u00e9t\u00e9 de ca\u00efmite \u00e0 la peau verte \u00e0 maturit\u00e9 et \u00e0 la chair blanch\u00e2tre.<\/p>\n<p>Lorsqu\u2019elle est divis\u00e9e en deux, l\u2019on d\u00e9couvre une pulpe molle et gluante \u00e0 maturit\u00e9. Enti\u00e8rement comestible, celle-ci a un go\u00fbt agr\u00e9ablement sucr\u00e9 et comporte un \u00e0 quatre p\u00e9pins aplatis, de couleur brune.<br \/>\n<br \/>Il faut noter que <strong>les p\u00e9pins ne doivent en aucun cas se consommer, car ils sont toxiques<\/strong>. <\/p>\n<p><\/br><\/p>\n<p><H2>II] La Ca\u00efmite : bienfaits et usages<\/H2><\/p>\n<p><\/br><\/p>\n<p>En plus du fait que la <i>pomme de lait<\/i> soit tr\u00e8s rafra\u00eechissante, elle dispose \u00e9galement de nombreux bienfaits.<br \/>\n<br \/>Comme de nombreux fruits tropicaux, la consommation de ce fruit permet en effet d\u2019acc\u00e9der \u00e0 des divers avantages et de calmer des diff\u00e9rents maux. Riche en vitamines A, C et B, en calcium et en fer, ce produit est \u00e9galement une bonne source de polyph\u00e9nols, des micronutriments poss\u00e9dant de propri\u00e9t\u00e9s antioxydantes. <\/p>\n<p><\/br><\/p>\n <div class=\"hsg-featured-numb\">\n    <div>\n <p>1<\/p>\n <p><H3>Analyse nutritionnelle<\/H3><\/p>\n\n<\/div>\n  \n<\/div>\n<p><\/br><\/p>\n<p>Dans 100 g de pomme \u00e9toile, on retrouve entre autre :<br \/>\n<br \/> &#8211; 78 \u00e0 79 % d\u2019eau <br \/> &#8211; 67,2 Kcal de valeur \u00e9nerg\u00e9tique <br \/> &#8211; 3,3 g de fibres <br \/> &#8211; 2, 33 g de prot\u00e9ines <br \/> &#8211; 14, 65 g de glucides <br \/> &#8211; 17,3 mg de calcium <br \/> &#8211; 0,7 mg de fer <br \/> &#8211; 15, 20 mg de vitamine C <br \/> &#8211; 0, 39 \u00b5g de vitamine A <br \/> &#8211; 40 \u00b5g de vitamine B2<\/p>\n<p><\/br><\/p>\n <div class=\"hsg-featured-numb\">\n    <div>\n <p>2<\/p>\n <p><H3>Propri\u00e9t\u00e9s m\u00e9dicinales et bienfaits<\/H3><\/p>\n\n<\/div>\n  \n<\/div>\n<p><\/br><\/p>\n<p>Bien que les usages de la pomme lait ne soient pas tr\u00e8s r\u00e9pandus en Europe, ce fruit est assez populaire dans la plupart des \u00eeles de la mer des Cara\u00efbes. Les bronchites et les diarrh\u00e9es figurent parmi les maladies qu\u2019il peut gu\u00e9rir. Ce fruit peut \u00e9galement \u00eatre appliqu\u00e9 sur la peau pour soigner les blessures et les plaies. Aussi, il constitue un rem\u00e8de efficace pour soulager les rhumatismes. <\/p>\n<p>En Am\u00e9rique Centrale, la ca\u00efmite est utilis\u00e9e pour combattre les affections inflammatoires, \u00e0 l\u2019instar de l\u2019angine de poitrine et de la laryngite. En C\u00f4te d\u2019Ivoire, la d\u00e9coction de l\u2019\u00e9corce de cet arbre est utilis\u00e9e en bain de bouche contre la mauvaise haleine. <\/p>\n<p>Pour les diab\u00e9tiques, sa consommation doit \u00eatre faite avec beaucoup de pr\u00e9cautions et avec le consentement d\u2019un m\u00e9decin. <\/p>\n<p>Pour les femmes allaitantes, la consommation r\u00e9guli\u00e8re de la pomme de lait favoriserait la production de lait de bonne qualit\u00e9. <\/p>\n<p><\/br><\/p>\n <div class=\"hsg-featured-numb\">\n    <div>\n <p>3<\/p>\n <p><H3>Comment consommer la ca\u00efmite ?<\/H3><\/p>\n\n<\/div>\n  \n<\/div>\n<p><\/br><\/p>\n<p>La ca\u00efmite est un fruit qui se consomme cru. Sa chair est tr\u00e8s douce et sucr\u00e9e et s\u2019appr\u00e9cie \u00e0 maturit\u00e9. Apr\u00e8s s&rsquo;\u00eatre d\u00e9lect\u00e9 de ce fruit, il ne vous restera plus qu&rsquo;un l\u00e9ger voile de latex sur le bord des l\u00e8vres.<\/p>\n<p>Tout comme les melons, la ca\u00efmite peut \u00eatre d\u00e9gust\u00e9e aussi bien en dessert qu&rsquo;en entr\u00e9e. <\/p>\n<p>Tr\u00e8s rafra\u00eechissant et appr\u00e9ci\u00e9 fortement par les Antillais, le jus de ca\u00efmite s\u2019int\u00e8gre ais\u00e9ment dans la pr\u00e9paration de nombreux de cocktails. En Jama\u00efque, le fruit se pr\u00e9pare en compote et en confiture et combin\u00e9 avec de l\u2019orange pour \u00eatre consomm\u00e9 lors des \u00e9v\u00e8nements importants comme les c\u00e9r\u00e9monies de mariage. <\/p>\n<p>Outre le fruit du ca\u00efmitier, on peut \u00e9galement utiliser la s\u00e8ve de cet arbre en cataplasme. Elle soigne efficacement les abc\u00e8s. Conditionn\u00e9e en poudre ou s\u00e9ch\u00e9e, elle peut par ailleurs  \u00eatre utilis\u00e9e comme un vermifuge naturel.<\/p>\n<p><\/br><\/p>\n <div class=\"hsg-featured-numb\">\n    <div>\n <p>4<\/p>\n <p><H3>La feuille de ca\u00efmite<\/H3><\/p>\n\n<\/div>\n  \n<\/div>\n<p><\/br><\/p>\n<p>Le ca\u00efmitier pr\u00e9sente un feuillage exceptionnel, compos\u00e9 de feuilles de couleur dor\u00e9e et de couleur verte brillante. Une multitude de vertus m\u00e9dicinales sont attribu\u00e9es \u00e0 ces feuilles. Aux Antilles par exemple, l&rsquo;infusion de feuilles permet d\u2019\u00e9quilibrer le taux de glyc\u00e9mie dans le sang, et donc de combattre le diab\u00e8te. L\u2019infusion n\u00e9cessite pas plus de 3 feuilles par grande tasse.<\/p>\n<p><\/br><br \/>\n<img loading=\"lazy\" width=\"848\" height=\"565\" src=\"https:\/\/www.alexetalex.com\/wp-content\/uploads\/2019\/08\/56391116_s.jpg\" alt=\"feuilles et fruit du caimitier la pomme etoile\" class=\"alignnone size-full wp-image-11740\" srcset=\"https:\/\/www.alexetalex.com\/ca\/wp-content\/uploads\/2019\/08\/56391116_s.jpg 848w, https:\/\/www.alexetalex.com\/ca\/wp-content\/uploads\/2019\/08\/56391116_s-600x400.jpg 600w, https:\/\/www.alexetalex.com\/ca\/wp-content\/uploads\/2019\/08\/56391116_s-250x167.jpg 250w, https:\/\/www.alexetalex.com\/ca\/wp-content\/uploads\/2019\/08\/56391116_s-768x512.jpg 768w, https:\/\/www.alexetalex.com\/ca\/wp-content\/uploads\/2019\/08\/56391116_s-700x466.jpg 700w, https:\/\/www.alexetalex.com\/ca\/wp-content\/uploads\/2019\/08\/56391116_s-120x80.jpg 120w, https:\/\/www.alexetalex.com\/ca\/wp-content\/uploads\/2019\/08\/56391116_s-320x213.jpg 320w, https:\/\/www.alexetalex.com\/ca\/wp-content\/uploads\/2019\/08\/56391116_s-272x182.jpg 272w\" sizes=\"(max-width: 848px) 100vw, 848px\" \/><br \/>\n<br \/><\/br><\/p>\n<p>Dans d\u2019autres r\u00e9gions d\u2019Am\u00e9rique Centrale, les feuilles de ca\u00efmite sont employ\u00e9es pour traiter les blessures et les plaies en cataplasme. <\/p>\n<p><\/br><\/p>\n<p><H2>III] La Ca\u00efmite : l&rsquo;info en plus <\/H2><\/p>\n<p><\/br><\/p>\n<p>D\u00e9couverte dans les \u00eeles des grandes Antilles, la ca\u00efmite a conquis par la suite le reste de l\u2019archipel, dont la Martinique. Le mot ca\u00efmite a \u00e9t\u00e9 donn\u00e9 par les Indiens Ta\u00efnos. En Martinique ainsi que dans d\u2019autres \u00eeles des Cara\u00efbes, c\u2019est ce terme qui a \u00e9t\u00e9 retenu. <i>Maduraverde<\/i>, <i>Vu Sua<\/i>, <i>Milk Fruit<\/i> et <i>Star Fruit<\/i> et <i>cainito<\/i> sont par ailleurs d\u2019autres noms de la ca\u00efmite. <\/p>\n<p><\/br><\/p>\n <div class=\"hsg-featured-numb\">\n    <div>\n <p>1<\/p>\n <p><H3>La ca\u00efmite en Martinique et Guadeloupe<\/H3><\/p>\n\n<\/div>\n  \n<\/div>\n<p><\/br><\/p>\n<p>Le ca\u00efmitier est tr\u00e8s c\u00e9l\u00e8bre aux Antilles, surtout en Guadeloupe et en Martinique o\u00f9 il est largement cultiv\u00e9 dans les jardins. Comme pour beaucoup d\u2019arbres exotiques, son d\u00e9veloppement en tant que culture de diversification est \u00e9troitement li\u00e9 aux possibilit\u00e9s de commercialisation sur les march\u00e9s internationaux et sur les march\u00e9s locaux. <\/p>\n<p>L\u2019arbre et ses fruits sont en effet peu populaires en dehors des fronti\u00e8res antillaises. En outre, leur exportation vers l\u2019Europe n\u00e9cessite un accompagnement commercial solide afin de faire d\u00e9couvrir et appr\u00e9cier ce fruit \u00e0 l\u2019apparence et au go\u00fbt exceptionnel. Pour ce faire, certaines strat\u00e9gies commerciales pourraient se mettre en place. Les \u00e9tablissements h\u00f4teliers, par exemple, auraient la possibilit\u00e9 de contribuer directement ou indirectement \u00e0 en sensibilisant les touristes \u00e0 la d\u00e9gustation de ce fruit tropical. Ils pourraient, par exemple inclure la ca\u00efmite dans les <a href=\"https:\/\/www.alexetalex.com\/ca\/fruits-au-bureau\/\"><strong>corbeilles de fruits<\/strong><\/a> qu\u2019ils placent dans les suites ou dans les chambres. De leur c\u00f4t\u00e9, les producteurs pourraient faire de leur mieux pour toujours offrir des produits de qualit\u00e9. <\/p>\n<p><\/br><\/p>\n<p><strong>Pour continuer d&rsquo;apprendre :<\/strong><br \/>\n<br \/>&#8211; <a href=\"https:\/\/www.alexetalex.com\/dossiers-fruites\/route-des-fruits\/durian\/\" rel=\"noopener noreferrer\" target=\"_blank\">Le durian : le fruit qui pue vous livre tous ses secrets<\/a><br \/>\n<br \/>&#8211; <a href=\"https:\/\/www.alexetalex.com\/dossiers-fruites\/route-des-fruits\/jamalac-fruit-le-guide-complet\/\" rel=\"noopener noreferrer\" target=\"_blank\">Le jamalac, tr\u00e8s populaire aux Mascareignes<\/a><br \/>\n<br \/>&#8211; <a href=\"https:\/\/www.alexetalex.com\/dossiers-fruites\/route-des-fruits\/tamarin-fruit\/\" rel=\"noopener noreferrer\" target=\"_blank\">Le tamarin : une grosse cacahou\u00e8te au go\u00fbt sucr\u00e9 !<\/a><\/p>\n","protected":false},"excerpt":{"rendered":"<p>Ca\u00efmite : guide complet Une pulpe laiteuse et un coeur en \u00e9toile, voil\u00e0 ce qui caract\u00e9rise le Ca\u00efmite. Originaire d\u2019Am\u00e9rique Centrale et des Antilles, ce fruit violac\u00e9 est aussi populaire dans ses r\u00e9gions d&rsquo;origine qu&rsquo;il est inconnu au Canada. Description, bienfaits, saveurs et ar\u00f4mes, on vous dit tout sur la ca\u00efmite dans cet article. I] [&hellip;]<\/p>\n","protected":false},"author":4,"featured_media":11739,"parent":8732,"menu_order":0,"comment_status":"closed","ping_status":"closed","template":"","meta":{"_et_pb_use_builder":"","_et_pb_old_content":"","_et_gb_content_width":""},"acf":[],"yoast_head":"<!-- This site is optimized with the Yoast SEO plugin v17.6 - https:\/\/yoast.com\/wordpress\/plugins\/seo\/ -->\n<title>Ca\u00efmite (fruit) : un dr\u00f4le de fruit antillais \u00e0 d\u00e9couvrir - Alex&amp;Alex<\/title>\n<meta name=\"description\" content=\"Une pulpe laiteuse et un coeur en \u00e9toile caract\u00e9risent la Ca\u00efmite, ce fruit violac\u00e9 originaire d\u2019Am\u00e9rique centrale et des Antilles.\" \/>\n<meta name=\"robots\" content=\"index, follow, max-snippet:-1, max-image-preview:large, max-video-preview:-1\" \/>\n<link rel=\"canonical\" href=\"https:\/\/www.alexetalex.com\/ca\/dossiers-fruites\/route-des-fruits\/caimite\/\" \/>\n<meta property=\"og:locale\" content=\"fr_FR\" \/>\n<meta property=\"og:type\" content=\"article\" \/>\n<meta property=\"og:title\" content=\"Ca\u00efmite (fruit) : un dr\u00f4le de fruit antillais \u00e0 d\u00e9couvrir - Alex&amp;Alex\" \/>\n<meta property=\"og:description\" content=\"Une pulpe laiteuse et un coeur en \u00e9toile caract\u00e9risent la Ca\u00efmite, ce fruit violac\u00e9 originaire d\u2019Am\u00e9rique centrale et des Antilles.\" \/>\n<meta property=\"og:url\" content=\"https:\/\/www.alexetalex.com\/ca\/dossiers-fruites\/route-des-fruits\/caimite\/\" \/>\n<meta property=\"article:modified_time\" content=\"2020-10-20T16:18:03+00:00\" \/>\n<meta property=\"og:image\" content=\"https:\/\/www.alexetalex.com\/ca\/wp-content\/uploads\/2019\/08\/115460749_s.jpg\" \/>\n\t<meta property=\"og:image:width\" content=\"350\" \/>\n\t<meta property=\"og:image:height\" content=\"233\" \/>\n<meta name=\"twitter:label1\" content=\"Dur\u00e9e de lecture estim\u00e9e\" \/>\n\t<meta name=\"twitter:data1\" content=\"8 minutes\" \/>\n<script type=\"application\/ld+json\" class=\"yoast-schema-graph\">{\"@context\":\"https:\/\/schema.org\",\"@graph\":[{\"@type\":\"Organization\",\"@id\":\"https:\/\/www.alexetalex.com\/ca\/#organization\",\"name\":\"Alex & Alex\",\"url\":\"https:\/\/www.alexetalex.com\/ca\/\",\"sameAs\":[],\"logo\":{\"@type\":\"ImageObject\",\"@id\":\"https:\/\/www.alexetalex.com\/ca\/#logo\",\"inLanguage\":\"fr-FR\",\"url\":\"https:\/\/www.alexetalex.com\/ca\/wp-content\/uploads\/2020\/04\/alexalex-1.png\",\"contentUrl\":\"https:\/\/www.alexetalex.com\/ca\/wp-content\/uploads\/2020\/04\/alexalex-1.png\",\"width\":51,\"height\":50,\"caption\":\"Alex & Alex\"},\"image\":{\"@id\":\"https:\/\/www.alexetalex.com\/ca\/#logo\"}},{\"@type\":\"WebSite\",\"@id\":\"https:\/\/www.alexetalex.com\/ca\/#website\",\"url\":\"https:\/\/www.alexetalex.com\/ca\/\",\"name\":\"\",\"description\":\"\",\"publisher\":{\"@id\":\"https:\/\/www.alexetalex.com\/ca\/#organization\"},\"potentialAction\":[{\"@type\":\"SearchAction\",\"target\":{\"@type\":\"EntryPoint\",\"urlTemplate\":\"https:\/\/www.alexetalex.com\/ca\/?s={search_term_string}\"},\"query-input\":\"required name=search_term_string\"}],\"inLanguage\":\"fr-FR\"},{\"@type\":\"ImageObject\",\"@id\":\"https:\/\/www.alexetalex.com\/ca\/dossiers-fruites\/route-des-fruits\/caimite\/#primaryimage\",\"inLanguage\":\"fr-FR\",\"url\":\"https:\/\/www.alexetalex.com\/ca\/wp-content\/uploads\/2019\/08\/115460749_s.jpg\",\"contentUrl\":\"https:\/\/www.alexetalex.com\/ca\/wp-content\/uploads\/2019\/08\/115460749_s.jpg\",\"width\":350,\"height\":233,\"caption\":\"Cainito on white background\"},{\"@type\":\"WebPage\",\"@id\":\"https:\/\/www.alexetalex.com\/ca\/dossiers-fruites\/route-des-fruits\/caimite\/#webpage\",\"url\":\"https:\/\/www.alexetalex.com\/ca\/dossiers-fruites\/route-des-fruits\/caimite\/\",\"name\":\"Ca\\u00efmite (fruit) : un dr\\u00f4le de fruit antillais \\u00e0 d\\u00e9couvrir - Alex&Alex\",\"isPartOf\":{\"@id\":\"https:\/\/www.alexetalex.com\/ca\/#website\"},\"primaryImageOfPage\":{\"@id\":\"https:\/\/www.alexetalex.com\/ca\/dossiers-fruites\/route-des-fruits\/caimite\/#primaryimage\"},\"datePublished\":\"2019-08-31T10:45:30+00:00\",\"dateModified\":\"2020-10-20T16:18:03+00:00\",\"description\":\"Une pulpe laiteuse et un coeur en \\u00e9toile caract\\u00e9risent la Ca\\u00efmite, ce fruit violac\\u00e9 originaire d\\u2019Am\\u00e9rique centrale et des Antilles.\",\"breadcrumb\":{\"@id\":\"https:\/\/www.alexetalex.com\/ca\/dossiers-fruites\/route-des-fruits\/caimite\/#breadcrumb\"},\"inLanguage\":\"fr-FR\",\"potentialAction\":[{\"@type\":\"ReadAction\",\"target\":[\"https:\/\/www.alexetalex.com\/ca\/dossiers-fruites\/route-des-fruits\/caimite\/\"]}]},{\"@type\":\"BreadcrumbList\",\"@id\":\"https:\/\/www.alexetalex.com\/ca\/dossiers-fruites\/route-des-fruits\/caimite\/#breadcrumb\",\"itemListElement\":[{\"@type\":\"ListItem\",\"position\":1,\"name\":\"Magazine\",\"item\":\"https:\/\/www.alexetalex.com\/ca\/dossiers-fruites\/\"},{\"@type\":\"ListItem\",\"position\":2,\"name\":\"Fruits\",\"item\":\"https:\/\/www.alexetalex.com\/ca\/dossiers-fruites\/route-des-fruits\/\"},{\"@type\":\"ListItem\",\"position\":3,\"name\":\"Dossier\"}]}]}<\/script>\n<!-- \/ Yoast SEO plugin. -->","yoast_head_json":{"title":"Ca\u00efmite (fruit) : un dr\u00f4le de fruit antillais \u00e0 d\u00e9couvrir - Alex&Alex","description":"Une pulpe laiteuse et un coeur en \u00e9toile caract\u00e9risent la Ca\u00efmite, ce fruit violac\u00e9 originaire d\u2019Am\u00e9rique centrale et des Antilles.","robots":{"index":"index","follow":"follow","max-snippet":"max-snippet:-1","max-image-preview":"max-image-preview:large","max-video-preview":"max-video-preview:-1"},"canonical":"https:\/\/www.alexetalex.com\/ca\/dossiers-fruites\/route-des-fruits\/caimite\/","og_locale":"fr_FR","og_type":"article","og_title":"Ca\u00efmite (fruit) : un dr\u00f4le de fruit antillais \u00e0 d\u00e9couvrir - Alex&Alex","og_description":"Une pulpe laiteuse et un coeur en \u00e9toile caract\u00e9risent la Ca\u00efmite, ce fruit violac\u00e9 originaire d\u2019Am\u00e9rique centrale et des Antilles.","og_url":"https:\/\/www.alexetalex.com\/ca\/dossiers-fruites\/route-des-fruits\/caimite\/","article_modified_time":"2020-10-20T16:18:03+00:00","og_image":[{"width":350,"height":233,"url":"https:\/\/www.alexetalex.com\/ca\/wp-content\/uploads\/2019\/08\/115460749_s.jpg","type":"image\/jpeg"}],"twitter_misc":{"Dur\u00e9e de lecture estim\u00e9e":"8 minutes"},"schema":{"@context":"https:\/\/schema.org","@graph":[{"@type":"Organization","@id":"https:\/\/www.alexetalex.com\/ca\/#organization","name":"Alex & Alex","url":"https:\/\/www.alexetalex.com\/ca\/","sameAs":[],"logo":{"@type":"ImageObject","@id":"https:\/\/www.alexetalex.com\/ca\/#logo","inLanguage":"fr-FR","url":"https:\/\/www.alexetalex.com\/ca\/wp-content\/uploads\/2020\/04\/alexalex-1.png","contentUrl":"https:\/\/www.alexetalex.com\/ca\/wp-content\/uploads\/2020\/04\/alexalex-1.png","width":51,"height":50,"caption":"Alex & Alex"},"image":{"@id":"https:\/\/www.alexetalex.com\/ca\/#logo"}},{"@type":"WebSite","@id":"https:\/\/www.alexetalex.com\/ca\/#website","url":"https:\/\/www.alexetalex.com\/ca\/","name":"","description":"","publisher":{"@id":"https:\/\/www.alexetalex.com\/ca\/#organization"},"potentialAction":[{"@type":"SearchAction","target":{"@type":"EntryPoint","urlTemplate":"https:\/\/www.alexetalex.com\/ca\/?s={search_term_string}"},"query-input":"required name=search_term_string"}],"inLanguage":"fr-FR"},{"@type":"ImageObject","@id":"https:\/\/www.alexetalex.com\/ca\/dossiers-fruites\/route-des-fruits\/caimite\/#primaryimage","inLanguage":"fr-FR","url":"https:\/\/www.alexetalex.com\/ca\/wp-content\/uploads\/2019\/08\/115460749_s.jpg","contentUrl":"https:\/\/www.alexetalex.com\/ca\/wp-content\/uploads\/2019\/08\/115460749_s.jpg","width":350,"height":233,"caption":"Cainito on white background"},{"@type":"WebPage","@id":"https:\/\/www.alexetalex.com\/ca\/dossiers-fruites\/route-des-fruits\/caimite\/#webpage","url":"https:\/\/www.alexetalex.com\/ca\/dossiers-fruites\/route-des-fruits\/caimite\/","name":"Ca\u00efmite (fruit) : un dr\u00f4le de fruit antillais \u00e0 d\u00e9couvrir - Alex&Alex","isPartOf":{"@id":"https:\/\/www.alexetalex.com\/ca\/#website"},"primaryImageOfPage":{"@id":"https:\/\/www.alexetalex.com\/ca\/dossiers-fruites\/route-des-fruits\/caimite\/#primaryimage"},"datePublished":"2019-08-31T10:45:30+00:00","dateModified":"2020-10-20T16:18:03+00:00","description":"Une pulpe laiteuse et un coeur en \u00e9toile caract\u00e9risent la Ca\u00efmite, ce fruit violac\u00e9 originaire d\u2019Am\u00e9rique centrale et des Antilles.","breadcrumb":{"@id":"https:\/\/www.alexetalex.com\/ca\/dossiers-fruites\/route-des-fruits\/caimite\/#breadcrumb"},"inLanguage":"fr-FR","potentialAction":[{"@type":"ReadAction","target":["https:\/\/www.alexetalex.com\/ca\/dossiers-fruites\/route-des-fruits\/caimite\/"]}]},{"@type":"BreadcrumbList","@id":"https:\/\/www.alexetalex.com\/ca\/dossiers-fruites\/route-des-fruits\/caimite\/#breadcrumb","itemListElement":[{"@type":"ListItem","position":1,"name":"Magazine","item":"https:\/\/www.alexetalex.com\/ca\/dossiers-fruites\/"},{"@type":"ListItem","position":2,"name":"Fruits","item":"https:\/\/www.alexetalex.com\/ca\/dossiers-fruites\/route-des-fruits\/"},{"@type":"ListItem","position":3,"name":"Dossier"}]}]}},"_links":{"self":[{"href":"https:\/\/www.alexetalex.com\/ca\/wp-json\/wp\/v2\/pages\/11421"}],"collection":[{"href":"https:\/\/www.alexetalex.com\/ca\/wp-json\/wp\/v2\/pages"}],"about":[{"href":"https:\/\/www.alexetalex.com\/ca\/wp-json\/wp\/v2\/types\/page"}],"author":[{"embeddable":true,"href":"https:\/\/www.alexetalex.com\/ca\/wp-json\/wp\/v2\/users\/4"}],"replies":[{"embeddable":true,"href":"https:\/\/www.alexetalex.com\/ca\/wp-json\/wp\/v2\/comments?post=11421"}],"version-history":[{"count":3,"href":"https:\/\/www.alexetalex.com\/ca\/wp-json\/wp\/v2\/pages\/11421\/revisions"}],"predecessor-version":[{"id":17358,"href":"https:\/\/www.alexetalex.com\/ca\/wp-json\/wp\/v2\/pages\/11421\/revisions\/17358"}],"up":[{"embeddable":true,"href":"https:\/\/www.alexetalex.com\/ca\/wp-json\/wp\/v2\/pages\/8732"}],"wp:featuredmedia":[{"embeddable":true,"href":"https:\/\/www.alexetalex.com\/ca\/wp-json\/wp\/v2\/media\/11739"}],"wp:attachment":[{"href":"https:\/\/www.alexetalex.com\/ca\/wp-json\/wp\/v2\/media?parent=11421"}],"curies":[{"name":"wp","href":"https:\/\/api.w.org\/{rel}","templated":true}]}}