{"id":11440,"date":"2019-09-04T21:07:28","date_gmt":"2019-09-04T20:07:28","guid":{"rendered":"https:\/\/www.alexetalex.com\/ca\/?page_id=11440"},"modified":"2020-11-08T06:07:01","modified_gmt":"2020-11-08T05:07:01","slug":"frelon-asiatique","status":"publish","type":"page","link":"https:\/\/www.alexetalex.com\/ca\/dossiers-fruites\/route-des-fruits\/frelon-asiatique\/","title":{"rendered":"Frelons Asiatiques : comment les pi\u00e9ger"},"content":{"rendered":"<p><H1>Frelon Asiatique : comment limiter sa propagation?<\/H1><\/p>\n<p><\/br><\/p>\n<p>La lutte contre le frelon Asiatique (de son nom scientifique <em>Vespa Velutina<\/em>) vise essentiellement \u00e0 pi\u00e9ger les femelles fondatrices (ou \u00ab\u00a0reines\u00a0\u00bb) pendant leur p\u00e9riode de circulation. Celle-ci a lieu entre les mois de f\u00e9vrier et mai, lorsqu&rsquo;elles se d\u00e9placent pour cr\u00e9er leurs nids.<\/p>\n<p>Tout le monde peut ainsi contribuer \u00e0 limiter la pr\u00e9sence de frelons asiatiques en mettant dans son jardin des pi\u00e8ges tr\u00e8s simples aux bonnes p\u00e9riodes de l&rsquo;ann\u00e9e.<\/p>\n<p>L&rsquo;astuce qu&rsquo;on vous partagera a \u00e9t\u00e9 test\u00e9e par nous-m\u00eames ce printemps, avec des r\u00e9sultats qui ont surpris nos amis, voisins et relations! Tout le monde s&rsquo;est pass\u00e9 le mot dans la campagne autour de Donzenac, en Corr\u00e8ze (une tr\u00e8s belle r\u00e9gion fran\u00e7aise, assez rurale, avec beaucoup de producteurs et petites exploitations familiales).<\/p>\n<p><strong>R\u00e9sultat : quasiment aucun frelon Asiatique n\u2019est venu troubler notre tranquillit\u00e9 cet \u00e9t\u00e9 !<\/strong><\/p>\n<p><\/br><\/p>\n<p><img loading=\"lazy\" width=\"1342\" height=\"1125\" src=\"https:\/\/www.alexetalex.com\/wp-content\/uploads\/2019\/09\/Image1-1.jpg\" alt=\"Image1\" title=\"Un pi\u00e8ge pour attraper les frelons\" alt=\"pi\u00e8ge pour attraper les frelons\" class=\"alignnone size-full wp-image-11535\" srcset=\"https:\/\/www.alexetalex.com\/ca\/wp-content\/uploads\/2019\/09\/Image1-1.jpg 1342w, https:\/\/www.alexetalex.com\/ca\/wp-content\/uploads\/2019\/09\/Image1-1-600x503.jpg 600w, https:\/\/www.alexetalex.com\/ca\/wp-content\/uploads\/2019\/09\/Image1-1-250x210.jpg 250w, https:\/\/www.alexetalex.com\/ca\/wp-content\/uploads\/2019\/09\/Image1-1-768x644.jpg 768w, https:\/\/www.alexetalex.com\/ca\/wp-content\/uploads\/2019\/09\/Image1-1-700x587.jpg 700w, https:\/\/www.alexetalex.com\/ca\/wp-content\/uploads\/2019\/09\/Image1-1-120x101.jpg 120w, https:\/\/www.alexetalex.com\/ca\/wp-content\/uploads\/2019\/09\/Image1-1-320x268.jpg 320w\" sizes=\"(max-width: 1342px) 100vw, 1342px\" \/><\/p>\n<p><\/br><\/p>\n<p><H2>I] Pourquoi lutter contre le frelon Asiatique?<\/H2><\/p>\n<p><\/br><\/p>\n <div class=\"hsg-featured-numb\">\n    <div>\n <p>1<\/p>\n <p><H3>Origine et dangers du frelon Asiatique<\/H3><\/p>\n\n<\/div>\n  \n<\/div>\n<p><\/br><\/p>\n<p>Le frelon Asiatique a d\u00e9barqu\u00e9 en France il y a plusieurs ann\u00e9es et n&rsquo;a aucun pr\u00e9dateur naturel. Une femelle fondatrice est probablement arriv\u00e9e en France en 2004, dans une cargaison de poteries en provenance de Chine, livr\u00e9e dans le Lot-et-Garonne. Au Canada, <a href=\"https:\/\/quebec.huffingtonpost.ca\/entry\/frelons-meurtriers-reperes-canada_qc_5eb04cabc5b614b5c49b6a1c\">ces insectes ont \u00e9t\u00e9 signal\u00e9s pour la premi\u00e8re fois en 2019<\/a>, provenant probablement d&rsquo;un navire de cargaison de provenance Asiatique. <\/p>\n<p>Le frelon Asiatique est dangereux non seulement \u00e0 cause de sa piq\u00fbre, mais ses habitudes alimentaires sont aussi susceptibles d&rsquo;entra\u00eener des d\u00e9gats importants sur la biodiversit\u00e9 locale. En effet, il se nourrit d&rsquo;autres insectes, notamment d&rsquo;abeilles&#8230;<\/p>\n<p><\/br><\/p>\n <div class=\"hsg-featured-numb\">\n    <div>\n <p>2<\/p>\n <p><H3>Une lutte strat\u00e9gique et cibl\u00e9e, \u00e0 laquelle tout le monde peut prendre part<\/H3><\/p>\n\n<\/div>\n  \n<\/div>\n<p><\/br><\/p>\n<p>En fabriquant un pi\u00e8ge sp\u00e9cifique pour les frelons asiatiques, il s&rsquo;agit \u00e9galement d&rsquo;\u00e9viter de pi\u00e9ger les autres insectes, et en particulier les abeilles. Ce pi\u00e8ge est tr\u00e8s facile \u00e0 r\u00e9aliser chez soi, et tout le monde peut y contribuer en installant un dispositif tr\u00e8s simple dans son jardin.<\/p>\n<p>Dans l&rsquo;infographie ci-dessous, nous vous pr\u00e9sentons une fa\u00e7on simple et efficace de lutter contre la propagation du frelon asiatique dans votre r\u00e9gion. N&rsquo;h\u00e9sitez pas \u00e0 la partager ! Comme toutes les infographies que nous cr\u00e9ons, celle-ci est libre de droits !<\/p>\n<p><\/br><\/p>\n<p><strong>&#8212;&#8212;&#8212;&#8212;&#8212;&#8212;&#8212;&#8211; Cliquer pour zoomer &#8212;&#8212;&#8212;&#8212;&#8212;&#8212;&#8212;-<\/strong><\/p>\n<p><\/br><\/p>\n<p><a href=\"https:\/\/www.alexetalex.com\/wp-content\/uploads\/2019\/09\/infographie-frelons-HD.pdf\" rel=\"noopener noreferrer\" target=\"_blank\"><img src=\"https:\/\/www.alexetalex.com\/wp-content\/uploads\/2019\/09\/infographie-frelonsBD.jpg\" alt=\"infographie frelonsBD\" class=\"alignnone size-full wp-image-11492\" \/><\/a><\/p>\n<p><\/br><\/p>\n<p><H2>II] Comment fabriquer un pi\u00e8ge \u00e0 frelons Asiatiques simple et efficace<\/H2><\/p>\n<p><\/br><\/p>\n <div class=\"hsg-featured-numb\">\n    <div>\n <p>1<\/p>\n <p><H3>Mat\u00e9riel n\u00e9cessaire pour fabriquer un pi\u00e8ge \u00e0 frelons Asiatiques<\/H3><\/p>\n\n<\/div>\n  \n<\/div>\n<p><\/br><\/p>\n<p>&#8211; 2 bouteilles plastiques <br \/>&#8211; 2 b\u00e2tonn\u00e9s de glace <br \/>&#8211; 1 rond de mousse ou d&rsquo;\u00e9ponge <br \/>&#8211; 1 cutter <br \/>&#8211; 1 perceuse <br \/>&#8211; 2 forets \u00e0 bois (\u00d8 5 mm et \u00d8 9 mm) <br \/>&#8211; Bi\u00e8re, vin blanc, sirop (de grenadine ou de cassis)<\/p>\n<p><\/br><\/p>\n <div class=\"hsg-featured-numb\">\n    <div>\n <p>2<\/p>\n <p><H3>\u00c9tapes de fabrication du pi\u00e8ge \u00e0 frelons Asiatiques<\/H3><\/p>\n\n<\/div>\n  \n<\/div>\n<p><\/br><\/p>\n<p><strong>\u00c9tape 1<\/strong> : D\u00e9coupez le haut des 2 bouteilles afin de cr\u00e9er 2 entonnoirs.<\/p>\n<p><strong>\u00c9tape 2<\/strong> : Imbibez la mousse avec un app\u00e2t \u00e0 base de bi\u00e8re, vin blanc et sirop m\u00e9lang\u00e9s, et ins\u00e9rez-la dans l&rsquo;une des bouteilles.<\/p>\n<p><strong>\u00c9tape 3<\/strong> : Apr\u00e8s avoir pris soin de retirer le bouchon d&rsquo;un des deux entonnoirs, ins\u00e9rez-le dans la bouteille.<\/p>\n<p><strong>\u00c9tape 4<\/strong> : Percez les trous d&rsquo;entr\u00e9e (en haut A &#8211; \u00d8 9 mm) et de sortie des petits insectes (en bas B &#8211; \u00d8 5 mm) et placez-y les b\u00e2tonn\u00e9s (ils font office de \u00ab piste \u00bb d&rsquo;atterrissage et de d\u00e9collage).<\/p>\n<p><strong>\u00c9tape 5<\/strong> : Puis, percez le second entonnoir (C &#8211; \u00d8 9 mm) et placez-le sur la bouteille : il servira de couvercle. Assurez-vous que le trou (C) tombe en face de trou d&rsquo;entr\u00e9e (A). En faisant tourner le couvercle, vous pouvez ouvrir ou fermer l&rsquo;entr\u00e9e (A).<\/p>\n<p><\/br><\/p>\n <div class=\"hsg-featured-numb\">\n    <div>\n <p>3<\/p>\n <p><H3>Utiliser un app\u00e2t s\u00e9lectif et radical<\/H3><\/p>\n\n<\/div>\n  \n<\/div>\n<p><\/br><\/p>\n<p>Avec l&rsquo;utilisation d&rsquo;un app\u00e2t s\u00e9lectif, le but est de pi\u00e9ger seulement les frelons Asiatiques, sans toucher aux abeilles, autant que possible.<\/p>\n<p>Placez le rond de mousse au fond de la bouteille, et impr\u00e9gnez-le de l&rsquo;app\u00e2t s\u00e9lectif jusqu&rsquo;\u00e0 saturation. L&rsquo;utilisation du rond de mousse est facultatif, mais il permet une \u00e9vaporation accrue et un rayonnement plus large des ar\u00f4mes attractifs d\u00e8s l&rsquo;apparition d&rsquo;un rayon de soleil. Ce rond de mousse \u00e9vite \u00e9galement la noyade des petits insectes attir\u00e9s eux aussi dans le pi\u00e8ge.<\/p>\n<p>Rechargez le pi\u00e8ge en app\u00e2t tous les 2 \u00e0 3 jours environ.<\/p>\n<p><\/br><\/p>\n<p><strong>Composition de l\u2019app\u00e2t s\u00e9lectif le plus efficace :<\/strong><\/p>\n<p>&#8211; <strong>1\/2 de volume de bi\u00e8re brune<\/strong> (un puissant attracteur pour les femelles frelons Asiatiques en qu\u00eate de glucide). <br \/>&#8211; <strong>1\/4 de volume de sirop<\/strong> utilis\u00e9 pur (grenadine ou cassis par exemple). <br \/>&#8211; <strong>1\/4 de volume de vin blanc<\/strong> (qui repousse les abeilles).<\/p>\n<p><\/br><\/p>\n<p><strong><i>Ci-dessous la version simplifi\u00e9e de l&rsquo;infographie avec un zoom uniquement sur la partie qui concerne la cr\u00e9ation du pi\u00e8ge.<\/i><\/strong><\/p>\n<p><\/br><\/p>\n<p><a href=\"https:\/\/www.alexetalex.com\/wp-content\/uploads\/2019\/09\/infographie-frelonsV2.pdf\" rel=\"noopener noreferrer\" target=\"_blank\"><img src=\"https:\/\/www.alexetalex.com\/wp-content\/uploads\/2019\/09\/infographie-frelonsV22.jpg\" alt=\"infographie frelonsV22\" class=\"alignnone size-full wp-image-11498\" \/><\/a><\/p>\n<p><\/br><\/p>\n<p><H2>III] Placer le pi\u00e8ge aux bons endroits et aux bonnes p\u00e9riodes<\/H2><\/p>\n<p><\/br><\/p>\n <div class=\"hsg-featured-numb\">\n    <div>\n <p>1<\/p>\n <p><H3>Comment mettre en place le pi\u00e8ge<\/H3><\/p>\n\n<\/div>\n  \n<\/div>\n<p>Afin de pi\u00e9ger s\u00e9lectivement le frelon Asiatique, ne mettez vos pi\u00e8ges en place que pendant une p\u00e9riode bien pr\u00e9cise (cela \u00e9vitera que trop d\u2019insectes autres que des frelons Asiatiques ne soient pi\u00e9g\u00e9s) : du 1er F\u00e9vrier au 1er Mai, p\u00e9riode durant laquelle le frelon Asiatique sort d\u2019hibernation.<\/p>\n<p>&#8211; Placez un ou plusieurs pi\u00e8ges, selon la taille de votre jardin. <br \/>&#8211; Placez les pi\u00e8ges en hauteur, par exemple dans un arbre. <br \/>&#8211; Situez-les en dehors des endroits fr\u00e9quent\u00e9s par les enfants (terrasse, entr\u00e9e de la maison, terrain de jeux\u2026etc.).<\/p>\n<p><\/br><\/p>\n <div class=\"hsg-featured-numb\">\n    <div>\n <p>2<\/p>\n <p><H3>Comment vider le pi\u00e8ge<\/H3><\/p>\n\n<\/div>\n  \n<\/div>\n<p><\/br><\/p>\n<p>Prenez des pr\u00e9cautions pour \u00e9liminer les reines frelons Asiatiques prises au pi\u00e8ge : placez le pi\u00e8ge ferm\u00e9 dans une grande bassine, remplissez-la avec de l&rsquo;eau, et attendez 1 heure pour noyer les frelons.<\/p>\n<p><\/br><\/p>\n <div class=\"hsg-featured-numb\">\n    <div>\n <p>3<\/p>\n <p><H3>Faire d\u00e9truire les nids de frelons Asiatiques<\/H3><\/p>\n\n<\/div>\n  \n<\/div>\n<p><\/br><\/p>\n<p>Si votre pi\u00e8ge se remplit de nombreux frelons, il y a sans doute un nid pr\u00e8s de chez vous.<\/p>\n<p><strong>Ne vous aventurez en aucun cas \u00e0 tenter de le d\u00e9truire, le danger de se faire piquer est trop grand : une seule piq\u00fbre peut entra\u00eener un grave choc anaphylactique chez une personne allergique.<\/strong><\/p>\n<p>Renseignez-vous aupr\u00e8s de votre mairie pour obtenir les coordonn\u00e9es des professionnels qui interviennent dans votre r\u00e9gion, et faites exclusivement appel \u00e0 eux (les frais sont \u00e0 votre charge).<\/p>\n<p><i>Esp\u00e9rant que cet article vous aura \u00e9t\u00e9 utile ! En tout cas, n&rsquo;h\u00e9sitez pas \u00e0 consulter certaines de nos autres infographies ci-dessous, toutes \u00e9tant libres de droit, puisque l&rsquo;objectif est avant tout celui du partage ! Bonne lecture !<\/i><\/p>\n<p><\/br><\/p>\n<p><strong>Pour continuer d&rsquo;apprendre :<\/strong><\/p>\n<p>&#8211; <a href=\"https:\/\/www.alexetalex.com\/ca\/dossiers-fruites\/le-saviez-vous\/bon-produit\/\" rel=\"noopener noreferrer\" target=\"_blank\">Fruits et l\u00e9gumes : quel travail se cache derri\u00e8re un bon produit<\/a><br \/>\n<br \/>&#8211; <a href=\"https:\/\/www.alexetalex.com\/ca\/dossiers-fruites\/le-saviez-vous\/le-biologique-ce-nest-pas-systematique\/\" rel=\"noopener noreferrer\" target=\"_blank\">Bio ou non-bio : pour quels produits faut-il vraiment privil\u00e9gier le bio<\/a><br \/>\n<br \/>&#8211; <a href=\"https:\/\/www.alexetalex.com\/ca\/dossiers-fruites\/composition-des-paniers\/fruits-de-saison\/\" rel=\"noopener noreferrer\" target=\"_blank\">Le calendrier des fruits de saison<\/a><\/p>\n","protected":false},"excerpt":{"rendered":"<p>Frelon Asiatique : comment limiter sa propagation? La lutte contre le frelon Asiatique (de son nom scientifique Vespa Velutina) vise essentiellement \u00e0 pi\u00e9ger les femelles fondatrices (ou \u00ab\u00a0reines\u00a0\u00bb) pendant leur p\u00e9riode de circulation. Celle-ci a lieu entre les mois de f\u00e9vrier et mai, lorsqu&rsquo;elles se d\u00e9placent pour cr\u00e9er leurs nids. Tout le monde peut ainsi [&hellip;]<\/p>\n","protected":false},"author":4,"featured_media":11495,"parent":8732,"menu_order":0,"comment_status":"closed","ping_status":"closed","template":"","meta":{"_et_pb_use_builder":"","_et_pb_old_content":"","_et_gb_content_width":""},"acf":[],"yoast_head":"<!-- This site is optimized with the Yoast SEO plugin v17.6 - https:\/\/yoast.com\/wordpress\/plugins\/seo\/ -->\n<title>Frelon Asiatique : pourquoi et comment limiter sa propagation<\/title>\n<meta name=\"description\" content=\"La lutte contre le frelon Asiatique vise avant tout \u00e0 pi\u00e9ger les &quot;reines&quot; lorsqu&#039;elles sortent d&#039;hibernation pour construire leur nid ailleurs\" \/>\n<meta name=\"robots\" content=\"index, follow, max-snippet:-1, max-image-preview:large, max-video-preview:-1\" \/>\n<link rel=\"canonical\" href=\"https:\/\/www.alexetalex.com\/ca\/dossiers-fruites\/route-des-fruits\/frelon-asiatique\/\" \/>\n<meta property=\"og:locale\" content=\"fr_FR\" \/>\n<meta property=\"og:type\" content=\"article\" \/>\n<meta property=\"og:title\" content=\"Frelon Asiatique : pourquoi et comment limiter sa propagation\" \/>\n<meta property=\"og:description\" content=\"La lutte contre le frelon Asiatique vise avant tout \u00e0 pi\u00e9ger les &quot;reines&quot; lorsqu&#039;elles sortent d&#039;hibernation pour construire leur nid ailleurs\" \/>\n<meta property=\"og:url\" content=\"https:\/\/www.alexetalex.com\/ca\/dossiers-fruites\/route-des-fruits\/frelon-asiatique\/\" \/>\n<meta property=\"article:modified_time\" content=\"2020-11-08T05:07:01+00:00\" \/>\n<meta property=\"og:image\" content=\"https:\/\/www.alexetalex.com\/ca\/wp-content\/uploads\/2019\/09\/Image1.jpg\" \/>\n\t<meta property=\"og:image:width\" content=\"720\" \/>\n\t<meta property=\"og:image:height\" content=\"492\" \/>\n<meta name=\"twitter:label1\" content=\"Dur\u00e9e de lecture estim\u00e9e\" \/>\n\t<meta name=\"twitter:data1\" content=\"6 minutes\" \/>\n<script type=\"application\/ld+json\" class=\"yoast-schema-graph\">{\"@context\":\"https:\/\/schema.org\",\"@graph\":[{\"@type\":\"Organization\",\"@id\":\"https:\/\/www.alexetalex.com\/ca\/#organization\",\"name\":\"Alex & Alex\",\"url\":\"https:\/\/www.alexetalex.com\/ca\/\",\"sameAs\":[],\"logo\":{\"@type\":\"ImageObject\",\"@id\":\"https:\/\/www.alexetalex.com\/ca\/#logo\",\"inLanguage\":\"fr-FR\",\"url\":\"https:\/\/www.alexetalex.com\/ca\/wp-content\/uploads\/2020\/04\/alexalex-1.png\",\"contentUrl\":\"https:\/\/www.alexetalex.com\/ca\/wp-content\/uploads\/2020\/04\/alexalex-1.png\",\"width\":51,\"height\":50,\"caption\":\"Alex & Alex\"},\"image\":{\"@id\":\"https:\/\/www.alexetalex.com\/ca\/#logo\"}},{\"@type\":\"WebSite\",\"@id\":\"https:\/\/www.alexetalex.com\/ca\/#website\",\"url\":\"https:\/\/www.alexetalex.com\/ca\/\",\"name\":\"\",\"description\":\"\",\"publisher\":{\"@id\":\"https:\/\/www.alexetalex.com\/ca\/#organization\"},\"potentialAction\":[{\"@type\":\"SearchAction\",\"target\":{\"@type\":\"EntryPoint\",\"urlTemplate\":\"https:\/\/www.alexetalex.com\/ca\/?s={search_term_string}\"},\"query-input\":\"required name=search_term_string\"}],\"inLanguage\":\"fr-FR\"},{\"@type\":\"ImageObject\",\"@id\":\"https:\/\/www.alexetalex.com\/ca\/dossiers-fruites\/route-des-fruits\/frelon-asiatique\/#primaryimage\",\"inLanguage\":\"fr-FR\",\"url\":\"https:\/\/www.alexetalex.com\/ca\/wp-content\/uploads\/2019\/09\/Image1.jpg\",\"contentUrl\":\"https:\/\/www.alexetalex.com\/ca\/wp-content\/uploads\/2019\/09\/Image1.jpg\",\"width\":720,\"height\":492},{\"@type\":\"WebPage\",\"@id\":\"https:\/\/www.alexetalex.com\/ca\/dossiers-fruites\/route-des-fruits\/frelon-asiatique\/#webpage\",\"url\":\"https:\/\/www.alexetalex.com\/ca\/dossiers-fruites\/route-des-fruits\/frelon-asiatique\/\",\"name\":\"Frelon Asiatique : pourquoi et comment limiter sa propagation\",\"isPartOf\":{\"@id\":\"https:\/\/www.alexetalex.com\/ca\/#website\"},\"primaryImageOfPage\":{\"@id\":\"https:\/\/www.alexetalex.com\/ca\/dossiers-fruites\/route-des-fruits\/frelon-asiatique\/#primaryimage\"},\"datePublished\":\"2019-09-04T20:07:28+00:00\",\"dateModified\":\"2020-11-08T05:07:01+00:00\",\"description\":\"La lutte contre le frelon Asiatique vise avant tout \\u00e0 pi\\u00e9ger les \\\"reines\\\" lorsqu'elles sortent d'hibernation pour construire leur nid ailleurs\",\"breadcrumb\":{\"@id\":\"https:\/\/www.alexetalex.com\/ca\/dossiers-fruites\/route-des-fruits\/frelon-asiatique\/#breadcrumb\"},\"inLanguage\":\"fr-FR\",\"potentialAction\":[{\"@type\":\"ReadAction\",\"target\":[\"https:\/\/www.alexetalex.com\/ca\/dossiers-fruites\/route-des-fruits\/frelon-asiatique\/\"]}]},{\"@type\":\"BreadcrumbList\",\"@id\":\"https:\/\/www.alexetalex.com\/ca\/dossiers-fruites\/route-des-fruits\/frelon-asiatique\/#breadcrumb\",\"itemListElement\":[{\"@type\":\"ListItem\",\"position\":1,\"name\":\"Magazine\",\"item\":\"https:\/\/www.alexetalex.com\/ca\/dossiers-fruites\/\"},{\"@type\":\"ListItem\",\"position\":2,\"name\":\"Fruits\",\"item\":\"https:\/\/www.alexetalex.com\/ca\/dossiers-fruites\/route-des-fruits\/\"},{\"@type\":\"ListItem\",\"position\":3,\"name\":\"Dossier\"}]}]}<\/script>\n<!-- \/ Yoast SEO plugin. -->","yoast_head_json":{"title":"Frelon Asiatique : pourquoi et comment limiter sa propagation","description":"La lutte contre le frelon Asiatique vise avant tout \u00e0 pi\u00e9ger les \"reines\" lorsqu'elles sortent d'hibernation pour construire leur nid ailleurs","robots":{"index":"index","follow":"follow","max-snippet":"max-snippet:-1","max-image-preview":"max-image-preview:large","max-video-preview":"max-video-preview:-1"},"canonical":"https:\/\/www.alexetalex.com\/ca\/dossiers-fruites\/route-des-fruits\/frelon-asiatique\/","og_locale":"fr_FR","og_type":"article","og_title":"Frelon Asiatique : pourquoi et comment limiter sa propagation","og_description":"La lutte contre le frelon Asiatique vise avant tout \u00e0 pi\u00e9ger les \"reines\" lorsqu'elles sortent d'hibernation pour construire leur nid ailleurs","og_url":"https:\/\/www.alexetalex.com\/ca\/dossiers-fruites\/route-des-fruits\/frelon-asiatique\/","article_modified_time":"2020-11-08T05:07:01+00:00","og_image":[{"width":720,"height":492,"url":"https:\/\/www.alexetalex.com\/ca\/wp-content\/uploads\/2019\/09\/Image1.jpg","type":"image\/jpeg"}],"twitter_misc":{"Dur\u00e9e de lecture estim\u00e9e":"6 minutes"},"schema":{"@context":"https:\/\/schema.org","@graph":[{"@type":"Organization","@id":"https:\/\/www.alexetalex.com\/ca\/#organization","name":"Alex & Alex","url":"https:\/\/www.alexetalex.com\/ca\/","sameAs":[],"logo":{"@type":"ImageObject","@id":"https:\/\/www.alexetalex.com\/ca\/#logo","inLanguage":"fr-FR","url":"https:\/\/www.alexetalex.com\/ca\/wp-content\/uploads\/2020\/04\/alexalex-1.png","contentUrl":"https:\/\/www.alexetalex.com\/ca\/wp-content\/uploads\/2020\/04\/alexalex-1.png","width":51,"height":50,"caption":"Alex & Alex"},"image":{"@id":"https:\/\/www.alexetalex.com\/ca\/#logo"}},{"@type":"WebSite","@id":"https:\/\/www.alexetalex.com\/ca\/#website","url":"https:\/\/www.alexetalex.com\/ca\/","name":"","description":"","publisher":{"@id":"https:\/\/www.alexetalex.com\/ca\/#organization"},"potentialAction":[{"@type":"SearchAction","target":{"@type":"EntryPoint","urlTemplate":"https:\/\/www.alexetalex.com\/ca\/?s={search_term_string}"},"query-input":"required name=search_term_string"}],"inLanguage":"fr-FR"},{"@type":"ImageObject","@id":"https:\/\/www.alexetalex.com\/ca\/dossiers-fruites\/route-des-fruits\/frelon-asiatique\/#primaryimage","inLanguage":"fr-FR","url":"https:\/\/www.alexetalex.com\/ca\/wp-content\/uploads\/2019\/09\/Image1.jpg","contentUrl":"https:\/\/www.alexetalex.com\/ca\/wp-content\/uploads\/2019\/09\/Image1.jpg","width":720,"height":492},{"@type":"WebPage","@id":"https:\/\/www.alexetalex.com\/ca\/dossiers-fruites\/route-des-fruits\/frelon-asiatique\/#webpage","url":"https:\/\/www.alexetalex.com\/ca\/dossiers-fruites\/route-des-fruits\/frelon-asiatique\/","name":"Frelon Asiatique : pourquoi et comment limiter sa propagation","isPartOf":{"@id":"https:\/\/www.alexetalex.com\/ca\/#website"},"primaryImageOfPage":{"@id":"https:\/\/www.alexetalex.com\/ca\/dossiers-fruites\/route-des-fruits\/frelon-asiatique\/#primaryimage"},"datePublished":"2019-09-04T20:07:28+00:00","dateModified":"2020-11-08T05:07:01+00:00","description":"La lutte contre le frelon Asiatique vise avant tout \u00e0 pi\u00e9ger les \"reines\" lorsqu'elles sortent d'hibernation pour construire leur nid ailleurs","breadcrumb":{"@id":"https:\/\/www.alexetalex.com\/ca\/dossiers-fruites\/route-des-fruits\/frelon-asiatique\/#breadcrumb"},"inLanguage":"fr-FR","potentialAction":[{"@type":"ReadAction","target":["https:\/\/www.alexetalex.com\/ca\/dossiers-fruites\/route-des-fruits\/frelon-asiatique\/"]}]},{"@type":"BreadcrumbList","@id":"https:\/\/www.alexetalex.com\/ca\/dossiers-fruites\/route-des-fruits\/frelon-asiatique\/#breadcrumb","itemListElement":[{"@type":"ListItem","position":1,"name":"Magazine","item":"https:\/\/www.alexetalex.com\/ca\/dossiers-fruites\/"},{"@type":"ListItem","position":2,"name":"Fruits","item":"https:\/\/www.alexetalex.com\/ca\/dossiers-fruites\/route-des-fruits\/"},{"@type":"ListItem","position":3,"name":"Dossier"}]}]}},"_links":{"self":[{"href":"https:\/\/www.alexetalex.com\/ca\/wp-json\/wp\/v2\/pages\/11440"}],"collection":[{"href":"https:\/\/www.alexetalex.com\/ca\/wp-json\/wp\/v2\/pages"}],"about":[{"href":"https:\/\/www.alexetalex.com\/ca\/wp-json\/wp\/v2\/types\/page"}],"author":[{"embeddable":true,"href":"https:\/\/www.alexetalex.com\/ca\/wp-json\/wp\/v2\/users\/4"}],"replies":[{"embeddable":true,"href":"https:\/\/www.alexetalex.com\/ca\/wp-json\/wp\/v2\/comments?post=11440"}],"version-history":[{"count":5,"href":"https:\/\/www.alexetalex.com\/ca\/wp-json\/wp\/v2\/pages\/11440\/revisions"}],"predecessor-version":[{"id":17470,"href":"https:\/\/www.alexetalex.com\/ca\/wp-json\/wp\/v2\/pages\/11440\/revisions\/17470"}],"up":[{"embeddable":true,"href":"https:\/\/www.alexetalex.com\/ca\/wp-json\/wp\/v2\/pages\/8732"}],"wp:featuredmedia":[{"embeddable":true,"href":"https:\/\/www.alexetalex.com\/ca\/wp-json\/wp\/v2\/media\/11495"}],"wp:attachment":[{"href":"https:\/\/www.alexetalex.com\/ca\/wp-json\/wp\/v2\/media?parent=11440"}],"curies":[{"name":"wp","href":"https:\/\/api.w.org\/{rel}","templated":true}]}}