{"id":11528,"date":"2019-09-07T16:00:09","date_gmt":"2019-09-07T15:00:09","guid":{"rendered":"https:\/\/www.alexetalex.com\/ca\/?page_id=11528"},"modified":"2020-05-06T02:19:28","modified_gmt":"2020-05-06T01:19:28","slug":"bon-produit","status":"publish","type":"page","link":"https:\/\/www.alexetalex.com\/ca\/dossiers-fruites\/route-des-fruits\/bon-produit\/","title":{"rendered":"Quel travail se cache derri\u00e8re un bon fruit ?"},"content":{"rendered":"<p><H1>Fruits et l\u00e9gumes : quel travail se cache derri\u00e8re un bon produit ?<\/H1><\/p>\n<p>Ce sont les travaux des producteurs, tout au long de l&rsquo;ann\u00e9e, qui assurent la qualit\u00e9 des fruits et l\u00e9gumes frais que vous retrouvez sur les march\u00e9s, et dans vos restaurants pr\u00e9f\u00e9r\u00e9s !<\/p>\n<p>Car oui, derri\u00e8re chaque fruit et chaque l\u00e9gume que l&rsquo;on consomme au quotidien, se cache une grande quantit\u00e9 de travail, parfois insoup\u00e7onn\u00e9e ou m\u00e9connue !<\/p>\n<p>C&rsquo;est ce travail, r\u00e9alis\u00e9 par des producteurs engag\u00e9s et passionn\u00e9s que nous souhaitons mettre \u00e0 l&rsquo;honneur au travers de cette infographie, \u00e0 la fois ludique et d\u00e9taill\u00e9e, r\u00e9alis\u00e9e en collaboration avec <a href=\"http:\/\/jardinsdedonzenac.fr\/\" rel=\"noopener noreferrer\" target=\"_blank\">Les Jardins de Donzenac<\/a>, l&rsquo;un de nos partenaires historiques.<\/p>\n<p>Cette infographie est une synth\u00e8se des principaux travaux \u00e0 r\u00e9aliser dans le cadre d&rsquo;une exploitation familiale, et qui permettent d&rsquo;obtenir, in-fine, des produits fermiers de qualit\u00e9, comme ceux que nous s\u00e9lectionnons chaque semaine pour les <a href=\"https:\/\/www.alexetalex.com\/ca\/nos-fruits\" rel=\"noopener noreferrer\" target=\"_blank\">paniers de fruits<\/a> de nos clients.<\/p>\n<p>&#8212;&#8212;&#8212;&#8212;&#8212;&#8212;<strong>Cliquez ci-dessous pour zoomer<\/strong>&#8212;&#8212;&#8212;&#8212;&#8212;&#8212;<\/p>\n<p><\/p>\n<p><a href=\"https:\/\/www.alexetalex.com\/ca\/wp-content\/uploads\/2019\/10\/Infographie-quel-travail-derri\u00e8re-un-bon-produit.pdf\" rel=\"noopener noreferrer\" target=\"_blank\"><img loading=\"lazy\" width=\"595\" height=\"1984\" src=\"https:\/\/www.alexetalex.com\/ca\/wp-content\/uploads\/2019\/09\/Infographie-quel-travail-derri\u00e8re-un-bon-produit-BD.jpg\" alt=\"Infographie quel travail derri\u00e8re un bon produit BD\" class=\"alignnone size-full wp-image-11882\" srcset=\"https:\/\/www.alexetalex.com\/ca\/wp-content\/uploads\/2019\/09\/Infographie-quel-travail-derri\u00e8re-un-bon-produit-BD.jpg 595w, https:\/\/www.alexetalex.com\/ca\/wp-content\/uploads\/2019\/09\/Infographie-quel-travail-derri\u00e8re-un-bon-produit-BD-250x834.jpg 250w, https:\/\/www.alexetalex.com\/ca\/wp-content\/uploads\/2019\/09\/Infographie-quel-travail-derri\u00e8re-un-bon-produit-BD-120x400.jpg 120w, https:\/\/www.alexetalex.com\/ca\/wp-content\/uploads\/2019\/09\/Infographie-quel-travail-derri\u00e8re-un-bon-produit-BD-320x1067.jpg 320w\" sizes=\"(max-width: 595px) 100vw, 595px\" \/><\/a><\/p>\n<p><\/p>\n<p><i>L&rsquo;infographie est \u00e9galement disponible en version <a href=\"https:\/\/www.alexetalex.com\/ca\/wp-content\/uploads\/2019\/10\/Infographie-quel-travail-derri\u00e8re-un-bon-produit.jpg\" rel=\"noopener noreferrer\" target=\"_blank\">jpg ultra-HD<\/a>.<\/i><\/p>\n<p><H2>I] Les travaux d&rsquo;hiver<\/H2><\/p>\n<p>De novembre \u00e0 f\u00e9vrier, la nature entre dans une p\u00e9riode de sommeil, appel\u00e9e aussi \u00ab\u00a0dormance\u00a0\u00bb ou \u00ab\u00a0repos v\u00e9g\u00e9tatif\u00a0\u00bb.<\/p>\n<p>En hiver, les sols ont besoin d&rsquo;attention et doivent donc \u00eatre fertilis\u00e9s, paill\u00e9s ou labour\u00e9s afin de limiter le d\u00e9veloppement des \u00ab\u00a0mauvaises herbes\u00a0\u00bb (que l&rsquo;on nomme aussi \u00ab\u00a0adventice\u00a0\u00bb car elles ne sont au final pas toujours mauvaises).<\/p>\n<p>Il faut \u00e9galement remettre en \u00e9tat les palissages, entretenir et remplacer les outils d\u00e9di\u00e9s aux r\u00e9coltes et au stockage.<\/p>\n<p>C&rsquo;est aussi \u00e0 la fin de l&rsquo;hiver qu&rsquo;il convient de commencer \u00e0 poser les pi\u00e8ges \u00e0 frelons Asiatiques (plus pr\u00e9cis\u00e9ment du 1er F\u00e9vrier au 1er Mai) afin de pi\u00e9ger les femelles fondatrices (c&rsquo;est \u00e0 dire les \u00ab\u00a0reines frelons Asiatiques\u00a0\u00bb) qui sortent de leur hibernation et circulent pour aller reconstruire un autre nid ailleurs.<\/p>\n<p><H3>Du c\u00f4t\u00e9 du verger<\/H3><\/p>\n<p>Du c\u00f4t\u00e9 du verger, les arbres peuvent \u00eatre taill\u00e9s. En effet, la s\u00e8ve est maintenant redescendue dans les racines. C&rsquo;est donc le bon moment pour pratiquer la taille des branches : retirer le bois mort, \u00e9liminer les gourmands, et donner la forme recherch\u00e9e \u00e0 l&rsquo;arbre.<\/p>\n<p><H3>Du c\u00f4t\u00e9 du potager<\/H3><\/p>\n<p>Du c\u00f4t\u00e9 du potager, le mara\u00eecher pr\u00e9pare d\u00e9j\u00e0 la nouvelle saison \u00e0 venir et proc\u00e8de aux premiers semis sous serre. Il peut aussi \u00eatre n\u00e9cessaire de poser des protections comme des voiles d&rsquo;hivernage afin de prot\u00e9ger les cultures les plus fragiles en cas de grand froid.<\/p>\n<p><H2>II] Les travaux de printemps<\/H2><\/p>\n<p>C&rsquo;est la p\u00e9riode de croissance des rameaux et des feuilles. La nature se r\u00e9veille, la s\u00e8ve circule \u00e0 nouveau dans les plantes : c&rsquo;est ce que l&rsquo;on appelle le d\u00e9bourrement. En mai\/juin, c&rsquo;est la floraison avec l&rsquo;apparition de petites fleurs, voire de certains fruits pour les vari\u00e9t\u00e9s les plus pr\u00e9coces.<\/p>\n<p>En cette sortie d&rsquo;hiver, l&rsquo;arriv\u00e9e \u00e0 maturit\u00e9 des premiers fruits pr\u00e9coces (comme les fraises, les cerises et les n\u00e8fles) et les repiquages en ext\u00e9rieur des semis r\u00e9alis\u00e9s sous serre, sont des mets plus qu&rsquo;app\u00e9tissants pour la faune qui, elle aussi, a besoin de se fortifier apr\u00e8s les rigueurs de l&rsquo;hiver.<\/p>\n<p>Le producteur devra donc veiller \u00e0 bien prot\u00e9ger ses cultures contre les attaques des oiseaux, limaces, et autres mulots.<\/p>\n<p><H3>Du c\u00f4t\u00e9 du potager<\/H3><\/p>\n<p>Du c\u00f4t\u00e9 du potager, un contr\u00f4le des mauvaises herbes est de rigueur afin d&rsquo;en limiter la prolif\u00e9ration, rapide et abondante au printemps, et ne pas \u00e9touffer les jeunes plants naissants.<\/p>\n<p>Afin de garantir une bonne reprise des v\u00e9g\u00e9taux, un d\u00e9veloppement efficace et une fructification abondante, il faut proc\u00e9der \u00e0 des apports d\u00b4engrais et de fortifiants. Les plus connus au jardin bio sont le compost et les purins (ortie et consoude notamment).<\/p>\n<p><H3>Du c\u00f4t\u00e9 du verger<\/H3><\/p>\n<p>Du c\u00f4t\u00e9 du verger, l&rsquo;arrosage naturel est en g\u00e9n\u00e9ral suffisant \u00e0 cette saison et c&rsquo;est le moment de remplir les r\u00e9serves d&rsquo;eau qui seront capitales pour la saison estivale \u00e0 venir.<\/p>\n<p>C&rsquo;est aussi le moment de greffer les porte-greffes, puisque c&rsquo;est au d\u00e9but du printemps que la s\u00e8ve remonte des racines, et permet donc la prise du greffon.<\/p>\n<p><H2>III] Les travaux d&rsquo;\u00e9t\u00e9<\/H2><\/p>\n<p>Au d\u00e9but de l&rsquo;\u00e9t\u00e9, le feuillage continue de se d\u00e9velopper et les fleurs vont donner des fruits : c&rsquo;est la nouaison. En plein \u00e9t\u00e9 c&rsquo;est la v\u00e9raison : les fruits grossissent et m\u00fbrissent. Ils se colorent, deviennent moins acides et s&rsquo;enrichissent en sucres et en ar\u00f4mes.<\/p>\n<p><H3>L&rsquo;\u00e9t\u00e9 : la d\u00e9licate p\u00e9riode pour la production de fruits et de l\u00e9gumes<\/H3><\/p>\n<p>En cette p\u00e9riode, le plus grand risque qui p\u00e8se sur les r\u00e9coltes est bien \u00e9videmment la s\u00e9cheresse et le manque d&rsquo;eau. Un arrosage r\u00e9gulier et abondant des plantes et des arbres est capital afin d&rsquo;\u00e9viter tout stress hydrique et de garantir un bon d\u00e9veloppement des fruits et l\u00e9gumes.<\/p>\n<p>C&rsquo;est aussi le moment de r\u00e9colter les fruits et l\u00e9gumes d&rsquo;\u00e9t\u00e9, de les trier, de les conditionner, de les stocker puis de les vendre.<\/p>\n<p>Du c\u00f4t\u00e9 du potager comme du verger, il faut pratiquer un arrosage r\u00e9gulier. En effet, un manque d&rsquo;eau trop s\u00e9v\u00e8re se traduira d&rsquo;abord par une perte des fruits et l\u00e9gumes, puis par un d\u00e9p\u00e9rissement total des plantes, voire des arbres.<\/p>\n<p><H3>Comment retrouver le bon go\u00fbt des fruits et des l\u00e9gumes ?<\/H3><\/p>\n<p>Aucun label, pas m\u00eame le label bio, ne peut vous garantir \u00e0 100% un produit de qualit\u00e9. Les meilleurs fruits et l\u00e9gumes sont ceux produits pr\u00e8s de chez vous, en saison, dans des exploitations \u00e0 taille humaine, et qui pratiquent une agriculture respectueuse de l&rsquo;environnement.<\/p>\n<p><strong>Pour rappel, le label bio est un label payant&#8230; Le producteur doit payer chaque ann\u00e9e un organisme de certification afin d&rsquo;avoir le droit d&rsquo;\u00e9tiqueter ses produits comme \u00ab\u00a0bio\u00a0\u00bb.<\/strong><\/p>\n<p>Selon nous, avec l&rsquo;entr\u00e9e de l&rsquo;industrie dans le \u00ab\u00a0bio\u00a0\u00bb (c&rsquo;est \u00e0 dire la grande distribution et les grandes multinationales agricoles), ce label perd \u00e9norm\u00e9ment d&rsquo;int\u00e9r\u00eat&#8230; Voir notre article complet \u00e0 ce sujet : <a href=\"https:\/\/www.alexetalex.com\/ca\/dossiers-fruites\/le-saviez-vous\/le-biologique-ce-nest-pas-systematique\/\" rel=\"noopener noreferrer\" target=\"_blank\">le biologique, ce n&rsquo;est pas syst\u00e9matique<\/a>.<\/p>\n<p>Par ailleurs beaucoup de petites exploitations familiales, qui pratiquent une agriculture particuli\u00e8rement respectueuse de l&rsquo;environnement, et sans pesticide, refusent tout simplement d&rsquo;entrer dans ce syst\u00e8me de labellisation, trop capitalistique \u00e0 leurs yeux.<\/p>\n<p>Ce n&rsquo;est donc pas parce qu&rsquo;un produit est bio qu&rsquo;il est forc\u00e9ment bon&#8230; Et m\u00eame loin de l\u00e0&#8230;<\/p>\n <div class=\"hsg-featured-snippet\">\n    <div>\n<img src=\"https:\/\/alexetalex.com\/ca\/wp-content\/uploads\/2020\/05\/ampoule2.svg\"><h2>A retenir<\/h2>\n\n<\/div>\n<p>Pour retrouver le bon go\u00fbt des fruits et des l\u00e9gumes : #1 consommer de saison, #2 des fruits et l\u00e9gumes issus d'exploitations familiales, #3 produits localement, #4 avec des m\u00e9thodes respectueuses de la nature, et #5 cueillis \u00e0 maturit\u00e9.<\/p>\n<\/div>\n<p><H2>IV] Les travaux d&rsquo;automne<\/H2><\/p>\n<p>En France, la nature reste tr\u00e8s g\u00e9n\u00e9reuse en automne. R\u00e9colte des fruits et l\u00e9gumes d&rsquo;automne, stockage, vente au d\u00e9tail ou en gros, et transformation des produits sont donc au programme.<\/p>\n<p><H3>Du c\u00f4t\u00e9 du potager<\/H3><\/p>\n<p>Du c\u00f4t\u00e9 du potager, beaucoup l\u00e9gumes restent \u00e0 r\u00e9colter, conditionner, stocker, puis \u00e0 vendre sur les march\u00e9s (betterave, brocoli, choux de Bruxelles, navet, potiron&#8230;etc.).<\/p>\n<p><H3>Du c\u00f4t\u00e9 du verger<\/H3><\/p>\n<p>Du c\u00f4t\u00e9 du verger c&rsquo;est la m\u00eame chose : les pommes, les poires, les raisins, les ch\u00e2taignes, les noix, et autres kiwis n&rsquo;attendent que d&rsquo;\u00eatre r\u00e9colt\u00e9s.<\/p>\n<p>C&rsquo;est \u00e9galement le moment propice pour planter de nouveaux sujets, ou d\u00e9placer des plantations r\u00e9centes ou des rejets, qui tireront plus facilement leurs racines \u00e0 cette p\u00e9riode. Car comme dit le dicton \u00ab\u00a0A la Sainte Catherine, tout bois prend racine\u00a0\u00bb !<\/p>\n<p>C&rsquo;est aussi le moment d&rsquo;installer des mangeoires et des nichoirs \u00e0 oiseaux pour l&rsquo;hiver (insectivores, les oiseaux sont en effet essentiels pour l&rsquo;\u00e9quilibre des espaces naturels), et d&rsquo;entretenir les ruches (pesage, nourrissage, traitements anti parasites) : les abeilles viendront en effet assurer la pollinisation des fleurs au printemps prochain.<\/p>\n<p>A la fin de l&rsquo;automne, c&rsquo;est le grand nettoyage afin d&rsquo;\u00e9viter la prolif\u00e9ration des maladies : \u00e9limination des fruits impropres rest\u00e9s sur les arbres, ramassage des feuilles mortes et des branches tomb\u00e9es au sol, \u00e9limination des mousses et autres lichens.<\/p>\n<p>Esp\u00e9rant que cet article vous aura \u00e9t\u00e9 utile ! En tout cas, n&rsquo;h\u00e9sitez pas \u00e0 consulter certaines de nos autres infographies ci-dessous, toutes \u00e9tant libres de droit, puisque l&rsquo;objectif est avant tout celui du partage ! Bonne lecture !<\/p>\n<p><strong>Pour continuer d&rsquo;apprendre :<\/strong><br \/>\n<br \/>&#8211; <a href=\"https:\/\/www.alexetalex.com\/ca\/dossiers-fruites\/le-saviez-vous\/frelon-asiatique\/\" rel=\"noopener noreferrer\" target=\"_blank\">Frelon asiatique : comment limiter sa progression<\/a><br \/>\n<br \/>&#8211; <a href=\"https:\/\/www.alexetalex.com\/ca\/dossiers-fruites\/composition-des-paniers\/fruits-de-saison\/\" rel=\"noopener noreferrer\" target=\"_blank\">Le calendrier des fruits de saison<\/a><br \/>\n<br \/>&#8211; <a href=\"https:\/\/www.alexetalex.com\/ca\/dossiers-fruites\/le-saviez-vous\/le-biologique-ce-nest-pas-systematique\/\" rel=\"noopener noreferrer\" target=\"_blank\">Bio ou non-bio : comment bien choisir<\/a><\/p>\n","protected":false},"excerpt":{"rendered":"<p>Fruits et l\u00e9gumes : quel travail se cache derri\u00e8re un bon produit ? Ce sont les travaux des producteurs, tout au long de l&rsquo;ann\u00e9e, qui assurent la qualit\u00e9 des fruits et l\u00e9gumes frais que vous retrouvez sur les march\u00e9s, et dans vos restaurants pr\u00e9f\u00e9r\u00e9s ! Car oui, derri\u00e8re chaque fruit et chaque l\u00e9gume que l&rsquo;on [&hellip;]<\/p>\n","protected":false},"author":4,"featured_media":11561,"parent":8732,"menu_order":0,"comment_status":"closed","ping_status":"closed","template":"","meta":{"_et_pb_use_builder":"","_et_pb_old_content":"","_et_gb_content_width":""},"acf":[],"yoast_head":"<!-- This site is optimized with the Yoast SEO plugin v17.6 - https:\/\/yoast.com\/wordpress\/plugins\/seo\/ -->\n<title>Fruits et l\u00e9gumes : quel travail se cache derri\u00e8re un bon produit ? - Alex &amp; Alex<\/title>\n<meta name=\"description\" content=\"Ce sont les travaux des producteurs, tout au long de l&#039;ann\u00e9e, qui assurent la qualit\u00e9 des fruits et l\u00e9gumes frais que vous retrouvez sur les march\u00e9s, et dans vos restaurants pr\u00e9f\u00e9r\u00e9s !\" \/>\n<meta name=\"robots\" content=\"index, follow, max-snippet:-1, max-image-preview:large, max-video-preview:-1\" \/>\n<link rel=\"canonical\" href=\"https:\/\/www.alexetalex.com\/ca\/dossiers-fruites\/route-des-fruits\/bon-produit\/\" \/>\n<meta property=\"og:locale\" content=\"fr_FR\" \/>\n<meta property=\"og:type\" content=\"article\" \/>\n<meta property=\"og:title\" content=\"Fruits et l\u00e9gumes : quel travail se cache derri\u00e8re un bon produit ? - Alex &amp; Alex\" \/>\n<meta property=\"og:description\" content=\"Ce sont les travaux des producteurs, tout au long de l&#039;ann\u00e9e, qui assurent la qualit\u00e9 des fruits et l\u00e9gumes frais que vous retrouvez sur les march\u00e9s, et dans vos restaurants pr\u00e9f\u00e9r\u00e9s !\" \/>\n<meta property=\"og:url\" content=\"https:\/\/www.alexetalex.com\/ca\/dossiers-fruites\/route-des-fruits\/bon-produit\/\" \/>\n<meta property=\"article:modified_time\" content=\"2020-05-06T01:19:28+00:00\" \/>\n<meta property=\"og:image\" content=\"https:\/\/www.alexetalex.com\/ca\/wp-content\/uploads\/2019\/09\/bon-fruit-35478831_s.jpg\" \/>\n\t<meta property=\"og:image:width\" content=\"847\" \/>\n\t<meta property=\"og:image:height\" content=\"565\" \/>\n<meta name=\"twitter:label1\" content=\"Dur\u00e9e de lecture estim\u00e9e\" \/>\n\t<meta name=\"twitter:data1\" content=\"7 minutes\" \/>\n<script type=\"application\/ld+json\" class=\"yoast-schema-graph\">{\"@context\":\"https:\/\/schema.org\",\"@graph\":[{\"@type\":\"Organization\",\"@id\":\"https:\/\/www.alexetalex.com\/ca\/#organization\",\"name\":\"Alex & Alex\",\"url\":\"https:\/\/www.alexetalex.com\/ca\/\",\"sameAs\":[],\"logo\":{\"@type\":\"ImageObject\",\"@id\":\"https:\/\/www.alexetalex.com\/ca\/#logo\",\"inLanguage\":\"fr-FR\",\"url\":\"https:\/\/www.alexetalex.com\/ca\/wp-content\/uploads\/2020\/04\/alexalex-1.png\",\"contentUrl\":\"https:\/\/www.alexetalex.com\/ca\/wp-content\/uploads\/2020\/04\/alexalex-1.png\",\"width\":51,\"height\":50,\"caption\":\"Alex & Alex\"},\"image\":{\"@id\":\"https:\/\/www.alexetalex.com\/ca\/#logo\"}},{\"@type\":\"WebSite\",\"@id\":\"https:\/\/www.alexetalex.com\/ca\/#website\",\"url\":\"https:\/\/www.alexetalex.com\/ca\/\",\"name\":\"\",\"description\":\"\",\"publisher\":{\"@id\":\"https:\/\/www.alexetalex.com\/ca\/#organization\"},\"potentialAction\":[{\"@type\":\"SearchAction\",\"target\":{\"@type\":\"EntryPoint\",\"urlTemplate\":\"https:\/\/www.alexetalex.com\/ca\/?s={search_term_string}\"},\"query-input\":\"required name=search_term_string\"}],\"inLanguage\":\"fr-FR\"},{\"@type\":\"ImageObject\",\"@id\":\"https:\/\/www.alexetalex.com\/ca\/dossiers-fruites\/route-des-fruits\/bon-produit\/#primaryimage\",\"inLanguage\":\"fr-FR\",\"url\":\"https:\/\/www.alexetalex.com\/ca\/wp-content\/uploads\/2019\/09\/bon-fruit-35478831_s.jpg\",\"contentUrl\":\"https:\/\/www.alexetalex.com\/ca\/wp-content\/uploads\/2019\/09\/bon-fruit-35478831_s.jpg\",\"width\":847,\"height\":565},{\"@type\":\"WebPage\",\"@id\":\"https:\/\/www.alexetalex.com\/ca\/dossiers-fruites\/route-des-fruits\/bon-produit\/#webpage\",\"url\":\"https:\/\/www.alexetalex.com\/ca\/dossiers-fruites\/route-des-fruits\/bon-produit\/\",\"name\":\"Fruits et l\\u00e9gumes : quel travail se cache derri\\u00e8re un bon produit ? - Alex & Alex\",\"isPartOf\":{\"@id\":\"https:\/\/www.alexetalex.com\/ca\/#website\"},\"primaryImageOfPage\":{\"@id\":\"https:\/\/www.alexetalex.com\/ca\/dossiers-fruites\/route-des-fruits\/bon-produit\/#primaryimage\"},\"datePublished\":\"2019-09-07T15:00:09+00:00\",\"dateModified\":\"2020-05-06T01:19:28+00:00\",\"description\":\"Ce sont les travaux des producteurs, tout au long de l'ann\\u00e9e, qui assurent la qualit\\u00e9 des fruits et l\\u00e9gumes frais que vous retrouvez sur les march\\u00e9s, et dans vos restaurants pr\\u00e9f\\u00e9r\\u00e9s !\",\"breadcrumb\":{\"@id\":\"https:\/\/www.alexetalex.com\/ca\/dossiers-fruites\/route-des-fruits\/bon-produit\/#breadcrumb\"},\"inLanguage\":\"fr-FR\",\"potentialAction\":[{\"@type\":\"ReadAction\",\"target\":[\"https:\/\/www.alexetalex.com\/ca\/dossiers-fruites\/route-des-fruits\/bon-produit\/\"]}]},{\"@type\":\"BreadcrumbList\",\"@id\":\"https:\/\/www.alexetalex.com\/ca\/dossiers-fruites\/route-des-fruits\/bon-produit\/#breadcrumb\",\"itemListElement\":[{\"@type\":\"ListItem\",\"position\":1,\"name\":\"Magazine\",\"item\":\"https:\/\/www.alexetalex.com\/ca\/dossiers-fruites\/\"},{\"@type\":\"ListItem\",\"position\":2,\"name\":\"Fruits\",\"item\":\"https:\/\/www.alexetalex.com\/ca\/dossiers-fruites\/route-des-fruits\/\"},{\"@type\":\"ListItem\",\"position\":3,\"name\":\"Article\"}]}]}<\/script>\n<!-- \/ Yoast SEO plugin. -->","yoast_head_json":{"title":"Fruits et l\u00e9gumes : quel travail se cache derri\u00e8re un bon produit ? - Alex & Alex","description":"Ce sont les travaux des producteurs, tout au long de l'ann\u00e9e, qui assurent la qualit\u00e9 des fruits et l\u00e9gumes frais que vous retrouvez sur les march\u00e9s, et dans vos restaurants pr\u00e9f\u00e9r\u00e9s !","robots":{"index":"index","follow":"follow","max-snippet":"max-snippet:-1","max-image-preview":"max-image-preview:large","max-video-preview":"max-video-preview:-1"},"canonical":"https:\/\/www.alexetalex.com\/ca\/dossiers-fruites\/route-des-fruits\/bon-produit\/","og_locale":"fr_FR","og_type":"article","og_title":"Fruits et l\u00e9gumes : quel travail se cache derri\u00e8re un bon produit ? - Alex & Alex","og_description":"Ce sont les travaux des producteurs, tout au long de l'ann\u00e9e, qui assurent la qualit\u00e9 des fruits et l\u00e9gumes frais que vous retrouvez sur les march\u00e9s, et dans vos restaurants pr\u00e9f\u00e9r\u00e9s !","og_url":"https:\/\/www.alexetalex.com\/ca\/dossiers-fruites\/route-des-fruits\/bon-produit\/","article_modified_time":"2020-05-06T01:19:28+00:00","og_image":[{"width":847,"height":565,"url":"https:\/\/www.alexetalex.com\/ca\/wp-content\/uploads\/2019\/09\/bon-fruit-35478831_s.jpg","type":"image\/jpeg"}],"twitter_misc":{"Dur\u00e9e de lecture estim\u00e9e":"7 minutes"},"schema":{"@context":"https:\/\/schema.org","@graph":[{"@type":"Organization","@id":"https:\/\/www.alexetalex.com\/ca\/#organization","name":"Alex & Alex","url":"https:\/\/www.alexetalex.com\/ca\/","sameAs":[],"logo":{"@type":"ImageObject","@id":"https:\/\/www.alexetalex.com\/ca\/#logo","inLanguage":"fr-FR","url":"https:\/\/www.alexetalex.com\/ca\/wp-content\/uploads\/2020\/04\/alexalex-1.png","contentUrl":"https:\/\/www.alexetalex.com\/ca\/wp-content\/uploads\/2020\/04\/alexalex-1.png","width":51,"height":50,"caption":"Alex & Alex"},"image":{"@id":"https:\/\/www.alexetalex.com\/ca\/#logo"}},{"@type":"WebSite","@id":"https:\/\/www.alexetalex.com\/ca\/#website","url":"https:\/\/www.alexetalex.com\/ca\/","name":"","description":"","publisher":{"@id":"https:\/\/www.alexetalex.com\/ca\/#organization"},"potentialAction":[{"@type":"SearchAction","target":{"@type":"EntryPoint","urlTemplate":"https:\/\/www.alexetalex.com\/ca\/?s={search_term_string}"},"query-input":"required name=search_term_string"}],"inLanguage":"fr-FR"},{"@type":"ImageObject","@id":"https:\/\/www.alexetalex.com\/ca\/dossiers-fruites\/route-des-fruits\/bon-produit\/#primaryimage","inLanguage":"fr-FR","url":"https:\/\/www.alexetalex.com\/ca\/wp-content\/uploads\/2019\/09\/bon-fruit-35478831_s.jpg","contentUrl":"https:\/\/www.alexetalex.com\/ca\/wp-content\/uploads\/2019\/09\/bon-fruit-35478831_s.jpg","width":847,"height":565},{"@type":"WebPage","@id":"https:\/\/www.alexetalex.com\/ca\/dossiers-fruites\/route-des-fruits\/bon-produit\/#webpage","url":"https:\/\/www.alexetalex.com\/ca\/dossiers-fruites\/route-des-fruits\/bon-produit\/","name":"Fruits et l\u00e9gumes : quel travail se cache derri\u00e8re un bon produit ? - Alex & Alex","isPartOf":{"@id":"https:\/\/www.alexetalex.com\/ca\/#website"},"primaryImageOfPage":{"@id":"https:\/\/www.alexetalex.com\/ca\/dossiers-fruites\/route-des-fruits\/bon-produit\/#primaryimage"},"datePublished":"2019-09-07T15:00:09+00:00","dateModified":"2020-05-06T01:19:28+00:00","description":"Ce sont les travaux des producteurs, tout au long de l'ann\u00e9e, qui assurent la qualit\u00e9 des fruits et l\u00e9gumes frais que vous retrouvez sur les march\u00e9s, et dans vos restaurants pr\u00e9f\u00e9r\u00e9s !","breadcrumb":{"@id":"https:\/\/www.alexetalex.com\/ca\/dossiers-fruites\/route-des-fruits\/bon-produit\/#breadcrumb"},"inLanguage":"fr-FR","potentialAction":[{"@type":"ReadAction","target":["https:\/\/www.alexetalex.com\/ca\/dossiers-fruites\/route-des-fruits\/bon-produit\/"]}]},{"@type":"BreadcrumbList","@id":"https:\/\/www.alexetalex.com\/ca\/dossiers-fruites\/route-des-fruits\/bon-produit\/#breadcrumb","itemListElement":[{"@type":"ListItem","position":1,"name":"Magazine","item":"https:\/\/www.alexetalex.com\/ca\/dossiers-fruites\/"},{"@type":"ListItem","position":2,"name":"Fruits","item":"https:\/\/www.alexetalex.com\/ca\/dossiers-fruites\/route-des-fruits\/"},{"@type":"ListItem","position":3,"name":"Article"}]}]}},"_links":{"self":[{"href":"https:\/\/www.alexetalex.com\/ca\/wp-json\/wp\/v2\/pages\/11528"}],"collection":[{"href":"https:\/\/www.alexetalex.com\/ca\/wp-json\/wp\/v2\/pages"}],"about":[{"href":"https:\/\/www.alexetalex.com\/ca\/wp-json\/wp\/v2\/types\/page"}],"author":[{"embeddable":true,"href":"https:\/\/www.alexetalex.com\/ca\/wp-json\/wp\/v2\/users\/4"}],"replies":[{"embeddable":true,"href":"https:\/\/www.alexetalex.com\/ca\/wp-json\/wp\/v2\/comments?post=11528"}],"version-history":[{"count":3,"href":"https:\/\/www.alexetalex.com\/ca\/wp-json\/wp\/v2\/pages\/11528\/revisions"}],"predecessor-version":[{"id":16834,"href":"https:\/\/www.alexetalex.com\/ca\/wp-json\/wp\/v2\/pages\/11528\/revisions\/16834"}],"up":[{"embeddable":true,"href":"https:\/\/www.alexetalex.com\/ca\/wp-json\/wp\/v2\/pages\/8732"}],"wp:featuredmedia":[{"embeddable":true,"href":"https:\/\/www.alexetalex.com\/ca\/wp-json\/wp\/v2\/media\/11561"}],"wp:attachment":[{"href":"https:\/\/www.alexetalex.com\/ca\/wp-json\/wp\/v2\/media?parent=11528"}],"curies":[{"name":"wp","href":"https:\/\/api.w.org\/{rel}","templated":true}]}}