{"id":11569,"date":"2019-09-08T07:20:30","date_gmt":"2019-09-08T06:20:30","guid":{"rendered":"https:\/\/www.alexetalex.com\/ca\/?page_id=11569"},"modified":"2019-10-12T01:28:50","modified_gmt":"2019-10-12T00:28:50","slug":"lime-limette-citron-definition","status":"publish","type":"page","link":"https:\/\/www.alexetalex.com\/ca\/dossiers-fruites\/route-des-fruits\/lime-limette-citron-definition\/","title":{"rendered":"Limes, limettes et citrons : quelles diff\u00e9rences ?"},"content":{"rendered":"<p><H1>Lime, limette et citrons : comment diff\u00e9rencier ces agrumes<\/H1><\/p>\n<p>Dans notre article sur le <a href=\"https:\/\/www.alexetalex.com\/ca\/dossiers-fruites\/route-des-fruits\/kumquat\/\" rel=\"noopener\" target=\"_blank\">kumquat<\/a>, nous expliquons que cet arbuste a la particularit\u00e9 de s&rsquo;hybrider facilement. C&rsquo;est plus g\u00e9n\u00e9ralement un trait caract\u00e9ristique de tous les arbustes du type <i>Citrus<\/i>, c&rsquo;est \u00e0 dire les agrumes (cette sp\u00e9cificit\u00e9 reste cependant plus prononc\u00e9e chez le kumquat).<\/p>\n<p>Et c&rsquo;est pour cette raison qu&rsquo;on retrouve toute une quantit\u00e9 d&rsquo;agrumes diff\u00e9rents, avec des noms se ressemblant parfois, provenant souvent du noms des arbres \u00ab\u00a0parents\u00a0\u00bb, ce qui peut au final porter \u00e0 confusion.<\/p>\n<p>C&rsquo;est particuli\u00e8rement le cas entre les limes, limettes et citrons, verts et jaunes ! Difficile de bien s&rsquo;y retrouver entre ces diff\u00e9rentes app\u00e9lations.<\/p>\n<p>Essayons d&rsquo;y voir un peu plus clair.<\/p>\n<p><H2>I] Le citron jaune, fruit du <i>citrus limon<\/i><\/H2><\/p>\n<p><H3>Le citron jaune : description<\/H3><\/p>\n<p>Commen\u00e7ons par celui qui semble \u00eatre le plus connu et pour lequel aucune ambigu\u00eft\u00e9 n&rsquo;est de mise : le <i>Citron Jaune<\/i>.<\/p>\n <div class=\"hsg-featured-snippet\">\n    <div>\n<img src=\"https:\/\/alexetalex.com\/ca\/wp-content\/uploads\/2020\/05\/iconex.svg\"><h2>Citron jaune : description<\/h2>\n\n<\/div>\n<p>Le citron est le fruit du citronnier, <i>citrus limon<\/i>, et rev\u00eat une peau d'un jaune \u00e9clatant sur les \u00e9tals de nos marchands de fruits. Cette couleur jaune n'est pourtant pas syst\u00e8matique chez cet agrume, qui se pare en r\u00e9alit\u00e9 d'une peau verte m\u00eame \u00e0 maturit\u00e9 ; la couleur jaune n'apparaissant que sous l'effet du froid.<\/p>\n<\/div>\n<p>Et pour rendre un peu plus compliqu\u00e9 ce qui paraissait simple, derri\u00e8re la d\u00e9nomination de <strong>citron jaune<\/strong> (ou tout simplement <strong>citron<\/strong>) se cache en fait deux vari\u00e9t\u00e9s distinctes : le citron doux et le citron acide. Le premier \u00e9tant beaucoup moins connu que son cousin acide, il est principalement utilis\u00e9 en tant qu&rsquo;arbuste d\u00e9coratif.<\/p>\n<p><H3>Le citron jaune : usage et int\u00e9r\u00eat<\/H3><\/p>\n<p>Le citron acide en revanche est une star des cuisines et accompagne \u00e0 merveille poissons en tout genre.<\/p>\n<p><img loading=\"lazy\" width=\"797\" height=\"601\" src=\"https:\/\/www.alexetalex.com\/ca\/wp-content\/uploads\/2019\/09\/25594196_s.jpg\" alt=\"citrons jaune sur citronnier\" class=\"alignnone size-full wp-image-11584\" srcset=\"https:\/\/www.alexetalex.com\/ca\/wp-content\/uploads\/2019\/09\/25594196_s.jpg 797w, https:\/\/www.alexetalex.com\/ca\/wp-content\/uploads\/2019\/09\/25594196_s-600x452.jpg 600w, https:\/\/www.alexetalex.com\/ca\/wp-content\/uploads\/2019\/09\/25594196_s-250x189.jpg 250w, https:\/\/www.alexetalex.com\/ca\/wp-content\/uploads\/2019\/09\/25594196_s-768x579.jpg 768w, https:\/\/www.alexetalex.com\/ca\/wp-content\/uploads\/2019\/09\/25594196_s-700x528.jpg 700w, https:\/\/www.alexetalex.com\/ca\/wp-content\/uploads\/2019\/09\/25594196_s-120x90.jpg 120w, https:\/\/www.alexetalex.com\/ca\/wp-content\/uploads\/2019\/09\/25594196_s-320x241.jpg 320w\" sizes=\"(max-width: 797px) 100vw, 797px\" \/><\/p>\n<p>Mais alors le <i>citron vert<\/i>, ne serait-ce qu&rsquo;un citron jaune dont la peau est rest\u00e9e verte comme nous venons de le voir ?<\/p>\n<p><H2>II] La lime ou citron vert, fruit du limettier<\/H2><\/p>\n<p><H3>La lime ou citron vert : description<\/H3><\/p>\n<p>Et bien non, <strong>le citron vert<\/strong> est bien une vari\u00e9t\u00e9 distincte.<\/p>\n <div class=\"hsg-featured-snippet\">\n    <div>\n<img src=\"https:\/\/alexetalex.com\/ca\/wp-content\/uploads\/2020\/05\/iconex.svg\"><h2>Citron vert : description<\/h2>\n\n<\/div>\n<p>Le citron vert un fruit plus petit, plus rond, \u00e0 la peau plus fine que le citron jaune. Sa pulpe, elle aussi, offre des reflets verts et est g\u00e9n\u00e9ralement d\u00e9pourvue de p\u00e9pin. <\/p>\n<\/div>\n<p>Cet agrume est en fait correctement pr\u00e9nomm\u00e9 <strong>lime<\/strong> ou <strong>lime acide<\/strong>. <\/p>\n<p>L&rsquo;arbre qui porte ce fruit est le limettier, il en existe deux esp\u00e8ces : <i>Citrus latifolia<\/i> et <i>Citrus aurantiifolia<\/i>.<\/p>\n<p>G\u00e9n\u00e9ralement plus acide que le citron jaune, les limes sont couramment utilis\u00e9s pour aromatiser les desserts sucr\u00e9es, ou pour accompagner un cocktail bien frais.<\/p>\n<p><img loading=\"lazy\" width=\"848\" height=\"565\" src=\"https:\/\/www.alexetalex.com\/ca\/wp-content\/uploads\/2019\/09\/39576460_s.jpg\" alt=\"citrons verts ou lime gros plan\" class=\"alignnone size-full wp-image-11583\" srcset=\"https:\/\/www.alexetalex.com\/ca\/wp-content\/uploads\/2019\/09\/39576460_s.jpg 848w, https:\/\/www.alexetalex.com\/ca\/wp-content\/uploads\/2019\/09\/39576460_s-600x400.jpg 600w, https:\/\/www.alexetalex.com\/ca\/wp-content\/uploads\/2019\/09\/39576460_s-250x167.jpg 250w, https:\/\/www.alexetalex.com\/ca\/wp-content\/uploads\/2019\/09\/39576460_s-768x512.jpg 768w, https:\/\/www.alexetalex.com\/ca\/wp-content\/uploads\/2019\/09\/39576460_s-700x466.jpg 700w, https:\/\/www.alexetalex.com\/ca\/wp-content\/uploads\/2019\/09\/39576460_s-120x80.jpg 120w, https:\/\/www.alexetalex.com\/ca\/wp-content\/uploads\/2019\/09\/39576460_s-320x213.jpg 320w, https:\/\/www.alexetalex.com\/ca\/wp-content\/uploads\/2019\/09\/39576460_s-272x182.jpg 272w\" sizes=\"(max-width: 848px) 100vw, 848px\" \/><\/p>\n<p>Le nom de <i>citron vert<\/i> est donc source de confusion, pouvant \u00e0 la fois d\u00e9signer la lime, le citron jaune immature, ou encore le citron jaune m\u00fbr mais \u00e0 peau encore verte. De quoi s&#8217;embrouiller les m\u00e9ninges !<\/p>\n<p><H3>La lime ou citron vert : \u00e0 l&rsquo;\u00e9tranger<\/H3><\/p>\n<p>Nos voisins anglais ont \u00e9tonnamment fait preuve de plus de discernement et utilisent exclusivement le terme de <i>lime<\/i> pour d\u00e9signer cet agrume, eux qui sont habituellement les rois des appellations tr\u00e8s prosa\u00efques et visuelles (par exemple \u00ab\u00a0Bell fruit\u00a0\u00bb pour le <a href=\"https:\/\/www.alexetalex.com\/ca\/dossiers-fruites\/route-des-fruits\/jamalac-fruit-le-guide-complet\/\" rel=\"noopener\" target=\"_blank\">jamalac<\/a>, fruit en forme de cloche, ou encore \u00ab\u00a0Sour Cherry\u00a0\u00bb pour notre petite cerise au go\u00fbt acide r\u00e9pondant au nom tintant de <a href=\"https:\/\/www.alexetalex.com\/ca\/dossiers-fruites\/route-des-fruits\/cerise-griotte\/\" rel=\"noopener\" target=\"_blank\">griotte<\/a>). Nous avons donc \u00e9chapp\u00e9 au \u00ab\u00a0<i>Green lemon<\/i>\u00ab\u00a0, qui n&rsquo;existe tout simplement pas en langue anglaise.<\/p>\n<p>Continuons notre enqu\u00eate : sous la d\u00e9nomination de limette, ne devrions nous voir qu&rsquo;une simple petite lime ? Et non ! D\u00e9cidemment ces appellations portent \u00e0 confusion ! La limette est elle aussi un agrume \u00e0 part enti\u00e8re. Et bien plus gros qu&rsquo;une lime !<\/p>\n<p><H2>III] La limette : fruit du limettier doux<\/H2><\/p>\n<p><H3>Limette : description<\/H3><\/p>\n <div class=\"hsg-featured-snippet\">\n    <div>\n<img src=\"https:\/\/alexetalex.com\/ca\/wp-content\/uploads\/2020\/05\/iconex.svg\"><h2>Limette : description<\/h2>\n\n<\/div>\n<p>Beaucoup moins connue en France, la <strong>limette<\/strong> est un agrume de forme ronde, \u00e0 la mani\u00e8re d'une orange. Sa peau est finement textur\u00e9e, de couleur jaune-verte se teintant d'orange  \u00e0 maturit\u00e9 et parsem\u00e9e de fine glandes renfermant de l'huile essentielle qui, \u00e0 la moindre \u00e9raflure \u00e0 la surface de ce fruit, diffusent un parfum intense, chaleureux et p\u00e9tillant.<\/p>\n<\/div>\n<p>Ci-dessous une photo que nous avons r\u00e9alis\u00e9e de 3 limettes.<\/p>\n<p><img loading=\"lazy\" width=\"847\" height=\"565\" src=\"https:\/\/www.alexetalex.com\/ca\/wp-content\/uploads\/2019\/09\/64715672_s.jpg\" alt=\"3 limettes ou mosambi\" class=\"alignnone size-full wp-image-11585\" srcset=\"https:\/\/www.alexetalex.com\/ca\/wp-content\/uploads\/2019\/09\/64715672_s.jpg 847w, https:\/\/www.alexetalex.com\/ca\/wp-content\/uploads\/2019\/09\/64715672_s-600x400.jpg 600w, https:\/\/www.alexetalex.com\/ca\/wp-content\/uploads\/2019\/09\/64715672_s-250x167.jpg 250w, https:\/\/www.alexetalex.com\/ca\/wp-content\/uploads\/2019\/09\/64715672_s-768x512.jpg 768w, https:\/\/www.alexetalex.com\/ca\/wp-content\/uploads\/2019\/09\/64715672_s-700x467.jpg 700w, https:\/\/www.alexetalex.com\/ca\/wp-content\/uploads\/2019\/09\/64715672_s-120x80.jpg 120w, https:\/\/www.alexetalex.com\/ca\/wp-content\/uploads\/2019\/09\/64715672_s-320x213.jpg 320w, https:\/\/www.alexetalex.com\/ca\/wp-content\/uploads\/2019\/09\/64715672_s-272x182.jpg 272w\" sizes=\"(max-width: 847px) 100vw, 847px\" \/><\/p>\n<p>Coupez cet agrume en deux et c&rsquo;est une chair orang\u00e9e qu s&rsquo;offre \u00e0 vous. Une invitation \u00e0 croquez cette pulpe ap\u00e9tissante, qui est d&rsquo;ailleurs douce et juteuse, pas le moins du monde acide (la limette est moins acide qu&rsquo;une orange). Seule ombre au tableau, sa grande quantit\u00e9 de graines de couleur cr\u00e8me, qui rendent sa d\u00e9gustation telle quelle un peu fastidieuse. <\/p>\n<p><img loading=\"lazy\" width=\"838\" height=\"571\" src=\"https:\/\/www.alexetalex.com\/ca\/wp-content\/uploads\/2019\/09\/22507545_s.jpg\" alt=\"limette agrume a la peau verte et chair orange\" class=\"alignnone size-full wp-image-11586\" srcset=\"https:\/\/www.alexetalex.com\/ca\/wp-content\/uploads\/2019\/09\/22507545_s.jpg 838w, https:\/\/www.alexetalex.com\/ca\/wp-content\/uploads\/2019\/09\/22507545_s-600x409.jpg 600w, https:\/\/www.alexetalex.com\/ca\/wp-content\/uploads\/2019\/09\/22507545_s-250x170.jpg 250w, https:\/\/www.alexetalex.com\/ca\/wp-content\/uploads\/2019\/09\/22507545_s-768x523.jpg 768w, https:\/\/www.alexetalex.com\/ca\/wp-content\/uploads\/2019\/09\/22507545_s-700x477.jpg 700w, https:\/\/www.alexetalex.com\/ca\/wp-content\/uploads\/2019\/09\/22507545_s-120x82.jpg 120w, https:\/\/www.alexetalex.com\/ca\/wp-content\/uploads\/2019\/09\/22507545_s-320x218.jpg 320w\" sizes=\"(max-width: 838px) 100vw, 838px\" \/><\/p>\n<p>C&rsquo;est pour cette raison que la mani\u00e8re la plus commune de d\u00e9guster la limette est en jus ; un jus tout simplement divin, \u00e0 la fois sucr\u00e9, au parfum de citron vert, sans la moindre acidit\u00e9. Un jus on ne peut plus rafra\u00eechissant.<\/p>\n<p><H3>La limette \u00e0 l&rsquo;\u00e9tranger<\/H3><\/p>\n<p>A tel point que c&rsquo;est m\u00eame le jus d&rsquo;agrume le plus consomm\u00e9 en Inde, devant notre pourtant fameux jus d&rsquo;orange !<br \/>\n<br \/>Les indiens ont d&rsquo;ailleurs un nom bien \u00e0 eux pour d\u00e9signer cet agrume : <i>Mosambi<\/i> ou <i>Mousambi<\/i>.<br \/>\n<br \/>Les anglais quant \u00e0 eux ont adopt\u00e9 l&rsquo;appellation <i>Sweet Lime<\/i> &#8211; de retour \u00e0 leurs bonnes vieilles habitudes.<\/p>\n<p><strong>Pour continuer d&rsquo;apprendre :<\/strong><br \/>\n<br \/>&#8211; <a href=\"https:\/\/www.alexetalex.com\/ca\/dossiers-fruites\/limette\/\" rel=\"noopener\" target=\"_blank\">La Limette : guide complet<\/a><br \/>\n<br \/>&#8211; <a href=\"https:\/\/www.alexetalex.com\/ca\/dossiers-fruites\/fruit-et-nutrition\/ugli\/\" rel=\"noopener\" target=\"_blank\">L&rsquo;Ugli : un agrume encore m\u00e9connu en Europe<\/a><br \/>\n<br \/>&#8211; <a href=\"https:\/\/www.alexetalex.com\/ca\/dossiers-fruites\/fruit-et-nutrition\/mineolas\/\" rel=\"noopener\" target=\"_blank\">Le Mineolas : un agrume surprenant venu d&rsquo;Indon\u00e9sie<\/a><\/p>\n","protected":false},"excerpt":{"rendered":"<p>Lime, limette et citrons : comment diff\u00e9rencier ces agrumes Dans notre article sur le kumquat, nous expliquons que cet arbuste a la particularit\u00e9 de s&rsquo;hybrider facilement. C&rsquo;est plus g\u00e9n\u00e9ralement un trait caract\u00e9ristique de tous les arbustes du type Citrus, c&rsquo;est \u00e0 dire les agrumes (cette sp\u00e9cificit\u00e9 reste cependant plus prononc\u00e9e chez le kumquat). Et c&rsquo;est [&hellip;]<\/p>\n","protected":false},"author":4,"featured_media":11592,"parent":8732,"menu_order":0,"comment_status":"closed","ping_status":"closed","template":"template-single-dossiers-fruites.php","meta":{"_et_pb_use_builder":"","_et_pb_old_content":"","_et_gb_content_width":""},"acf":[],"yoast_head":"<!-- This site is optimized with the Yoast SEO plugin v17.6 - https:\/\/yoast.com\/wordpress\/plugins\/seo\/ -->\n<title>Lime limette et citrons : comment diff\u00e9rencier ces agrumes ?<\/title>\n<meta name=\"description\" content=\"Lime, limette et citron vert et jaunes : des noms qui se ressemblent. Pourtant ce sont tous des vari\u00e9t\u00e9s bien distinctes d&#039;agrumes. Guide complet pour ne plus les confondre\" \/>\n<meta name=\"robots\" content=\"index, follow, max-snippet:-1, max-image-preview:large, max-video-preview:-1\" \/>\n<link rel=\"canonical\" href=\"https:\/\/www.alexetalex.com\/ca\/dossiers-fruites\/route-des-fruits\/lime-limette-citron-definition\/\" \/>\n<meta property=\"og:locale\" content=\"fr_FR\" \/>\n<meta property=\"og:type\" content=\"article\" \/>\n<meta property=\"og:title\" content=\"Lime limette et citrons : comment diff\u00e9rencier ces agrumes ?\" \/>\n<meta property=\"og:description\" content=\"Lime, limette et citron vert et jaunes : des noms qui se ressemblent. Pourtant ce sont tous des vari\u00e9t\u00e9s bien distinctes d&#039;agrumes. Guide complet pour ne plus les confondre\" \/>\n<meta property=\"og:url\" content=\"https:\/\/www.alexetalex.com\/ca\/dossiers-fruites\/route-des-fruits\/lime-limette-citron-definition\/\" \/>\n<meta property=\"article:modified_time\" content=\"2019-10-12T00:28:50+00:00\" \/>\n<meta property=\"og:image\" content=\"https:\/\/www.alexetalex.com\/ca\/wp-content\/uploads\/2019\/09\/100930040_s.jpg\" \/>\n\t<meta property=\"og:image:width\" content=\"799\" \/>\n\t<meta property=\"og:image:height\" content=\"519\" \/>\n<meta name=\"twitter:label1\" content=\"Dur\u00e9e de lecture estim\u00e9e\" \/>\n\t<meta name=\"twitter:data1\" content=\"5 minutes\" \/>\n<script type=\"application\/ld+json\" class=\"yoast-schema-graph\">{\"@context\":\"https:\/\/schema.org\",\"@graph\":[{\"@type\":\"Organization\",\"@id\":\"https:\/\/www.alexetalex.com\/ca\/#organization\",\"name\":\"Alex & Alex\",\"url\":\"https:\/\/www.alexetalex.com\/ca\/\",\"sameAs\":[],\"logo\":{\"@type\":\"ImageObject\",\"@id\":\"https:\/\/www.alexetalex.com\/ca\/#logo\",\"inLanguage\":\"fr-FR\",\"url\":\"https:\/\/www.alexetalex.com\/ca\/wp-content\/uploads\/2020\/04\/alexalex-1.png\",\"contentUrl\":\"https:\/\/www.alexetalex.com\/ca\/wp-content\/uploads\/2020\/04\/alexalex-1.png\",\"width\":51,\"height\":50,\"caption\":\"Alex & Alex\"},\"image\":{\"@id\":\"https:\/\/www.alexetalex.com\/ca\/#logo\"}},{\"@type\":\"WebSite\",\"@id\":\"https:\/\/www.alexetalex.com\/ca\/#website\",\"url\":\"https:\/\/www.alexetalex.com\/ca\/\",\"name\":\"\",\"description\":\"\",\"publisher\":{\"@id\":\"https:\/\/www.alexetalex.com\/ca\/#organization\"},\"potentialAction\":[{\"@type\":\"SearchAction\",\"target\":{\"@type\":\"EntryPoint\",\"urlTemplate\":\"https:\/\/www.alexetalex.com\/ca\/?s={search_term_string}\"},\"query-input\":\"required name=search_term_string\"}],\"inLanguage\":\"fr-FR\"},{\"@type\":\"ImageObject\",\"@id\":\"https:\/\/www.alexetalex.com\/ca\/dossiers-fruites\/route-des-fruits\/lime-limette-citron-definition\/#primaryimage\",\"inLanguage\":\"fr-FR\",\"url\":\"https:\/\/www.alexetalex.com\/ca\/wp-content\/uploads\/2019\/09\/100930040_s.jpg\",\"contentUrl\":\"https:\/\/www.alexetalex.com\/ca\/wp-content\/uploads\/2019\/09\/100930040_s.jpg\",\"width\":799,\"height\":519,\"caption\":\"heap of ripe green yellow sweet lemon mosambi lebu for sale in fruit market\"},{\"@type\":\"WebPage\",\"@id\":\"https:\/\/www.alexetalex.com\/ca\/dossiers-fruites\/route-des-fruits\/lime-limette-citron-definition\/#webpage\",\"url\":\"https:\/\/www.alexetalex.com\/ca\/dossiers-fruites\/route-des-fruits\/lime-limette-citron-definition\/\",\"name\":\"Lime limette et citrons : comment diff\\u00e9rencier ces agrumes ?\",\"isPartOf\":{\"@id\":\"https:\/\/www.alexetalex.com\/ca\/#website\"},\"primaryImageOfPage\":{\"@id\":\"https:\/\/www.alexetalex.com\/ca\/dossiers-fruites\/route-des-fruits\/lime-limette-citron-definition\/#primaryimage\"},\"datePublished\":\"2019-09-08T06:20:30+00:00\",\"dateModified\":\"2019-10-12T00:28:50+00:00\",\"description\":\"Lime, limette et citron vert et jaunes : des noms qui se ressemblent. Pourtant ce sont tous des vari\\u00e9t\\u00e9s bien distinctes d'agrumes. Guide complet pour ne plus les confondre\",\"breadcrumb\":{\"@id\":\"https:\/\/www.alexetalex.com\/ca\/dossiers-fruites\/route-des-fruits\/lime-limette-citron-definition\/#breadcrumb\"},\"inLanguage\":\"fr-FR\",\"potentialAction\":[{\"@type\":\"ReadAction\",\"target\":[\"https:\/\/www.alexetalex.com\/ca\/dossiers-fruites\/route-des-fruits\/lime-limette-citron-definition\/\"]}]},{\"@type\":\"BreadcrumbList\",\"@id\":\"https:\/\/www.alexetalex.com\/ca\/dossiers-fruites\/route-des-fruits\/lime-limette-citron-definition\/#breadcrumb\",\"itemListElement\":[{\"@type\":\"ListItem\",\"position\":1,\"name\":\"Magazine\",\"item\":\"https:\/\/www.alexetalex.com\/ca\/dossiers-fruites\/\"},{\"@type\":\"ListItem\",\"position\":2,\"name\":\"Fruits\",\"item\":\"https:\/\/www.alexetalex.com\/ca\/dossiers-fruites\/route-des-fruits\/\"},{\"@type\":\"ListItem\",\"position\":3,\"name\":\"Article\"}]}]}<\/script>\n<!-- \/ Yoast SEO plugin. -->","yoast_head_json":{"title":"Lime limette et citrons : comment diff\u00e9rencier ces agrumes ?","description":"Lime, limette et citron vert et jaunes : des noms qui se ressemblent. Pourtant ce sont tous des vari\u00e9t\u00e9s bien distinctes d'agrumes. Guide complet pour ne plus les confondre","robots":{"index":"index","follow":"follow","max-snippet":"max-snippet:-1","max-image-preview":"max-image-preview:large","max-video-preview":"max-video-preview:-1"},"canonical":"https:\/\/www.alexetalex.com\/ca\/dossiers-fruites\/route-des-fruits\/lime-limette-citron-definition\/","og_locale":"fr_FR","og_type":"article","og_title":"Lime limette et citrons : comment diff\u00e9rencier ces agrumes ?","og_description":"Lime, limette et citron vert et jaunes : des noms qui se ressemblent. Pourtant ce sont tous des vari\u00e9t\u00e9s bien distinctes d'agrumes. Guide complet pour ne plus les confondre","og_url":"https:\/\/www.alexetalex.com\/ca\/dossiers-fruites\/route-des-fruits\/lime-limette-citron-definition\/","article_modified_time":"2019-10-12T00:28:50+00:00","og_image":[{"width":799,"height":519,"url":"https:\/\/www.alexetalex.com\/ca\/wp-content\/uploads\/2019\/09\/100930040_s.jpg","type":"image\/jpeg"}],"twitter_misc":{"Dur\u00e9e de lecture estim\u00e9e":"5 minutes"},"schema":{"@context":"https:\/\/schema.org","@graph":[{"@type":"Organization","@id":"https:\/\/www.alexetalex.com\/ca\/#organization","name":"Alex & Alex","url":"https:\/\/www.alexetalex.com\/ca\/","sameAs":[],"logo":{"@type":"ImageObject","@id":"https:\/\/www.alexetalex.com\/ca\/#logo","inLanguage":"fr-FR","url":"https:\/\/www.alexetalex.com\/ca\/wp-content\/uploads\/2020\/04\/alexalex-1.png","contentUrl":"https:\/\/www.alexetalex.com\/ca\/wp-content\/uploads\/2020\/04\/alexalex-1.png","width":51,"height":50,"caption":"Alex & Alex"},"image":{"@id":"https:\/\/www.alexetalex.com\/ca\/#logo"}},{"@type":"WebSite","@id":"https:\/\/www.alexetalex.com\/ca\/#website","url":"https:\/\/www.alexetalex.com\/ca\/","name":"","description":"","publisher":{"@id":"https:\/\/www.alexetalex.com\/ca\/#organization"},"potentialAction":[{"@type":"SearchAction","target":{"@type":"EntryPoint","urlTemplate":"https:\/\/www.alexetalex.com\/ca\/?s={search_term_string}"},"query-input":"required name=search_term_string"}],"inLanguage":"fr-FR"},{"@type":"ImageObject","@id":"https:\/\/www.alexetalex.com\/ca\/dossiers-fruites\/route-des-fruits\/lime-limette-citron-definition\/#primaryimage","inLanguage":"fr-FR","url":"https:\/\/www.alexetalex.com\/ca\/wp-content\/uploads\/2019\/09\/100930040_s.jpg","contentUrl":"https:\/\/www.alexetalex.com\/ca\/wp-content\/uploads\/2019\/09\/100930040_s.jpg","width":799,"height":519,"caption":"heap of ripe green yellow sweet lemon mosambi lebu for sale in fruit market"},{"@type":"WebPage","@id":"https:\/\/www.alexetalex.com\/ca\/dossiers-fruites\/route-des-fruits\/lime-limette-citron-definition\/#webpage","url":"https:\/\/www.alexetalex.com\/ca\/dossiers-fruites\/route-des-fruits\/lime-limette-citron-definition\/","name":"Lime limette et citrons : comment diff\u00e9rencier ces agrumes ?","isPartOf":{"@id":"https:\/\/www.alexetalex.com\/ca\/#website"},"primaryImageOfPage":{"@id":"https:\/\/www.alexetalex.com\/ca\/dossiers-fruites\/route-des-fruits\/lime-limette-citron-definition\/#primaryimage"},"datePublished":"2019-09-08T06:20:30+00:00","dateModified":"2019-10-12T00:28:50+00:00","description":"Lime, limette et citron vert et jaunes : des noms qui se ressemblent. Pourtant ce sont tous des vari\u00e9t\u00e9s bien distinctes d'agrumes. Guide complet pour ne plus les confondre","breadcrumb":{"@id":"https:\/\/www.alexetalex.com\/ca\/dossiers-fruites\/route-des-fruits\/lime-limette-citron-definition\/#breadcrumb"},"inLanguage":"fr-FR","potentialAction":[{"@type":"ReadAction","target":["https:\/\/www.alexetalex.com\/ca\/dossiers-fruites\/route-des-fruits\/lime-limette-citron-definition\/"]}]},{"@type":"BreadcrumbList","@id":"https:\/\/www.alexetalex.com\/ca\/dossiers-fruites\/route-des-fruits\/lime-limette-citron-definition\/#breadcrumb","itemListElement":[{"@type":"ListItem","position":1,"name":"Magazine","item":"https:\/\/www.alexetalex.com\/ca\/dossiers-fruites\/"},{"@type":"ListItem","position":2,"name":"Fruits","item":"https:\/\/www.alexetalex.com\/ca\/dossiers-fruites\/route-des-fruits\/"},{"@type":"ListItem","position":3,"name":"Article"}]}]}},"_links":{"self":[{"href":"https:\/\/www.alexetalex.com\/ca\/wp-json\/wp\/v2\/pages\/11569"}],"collection":[{"href":"https:\/\/www.alexetalex.com\/ca\/wp-json\/wp\/v2\/pages"}],"about":[{"href":"https:\/\/www.alexetalex.com\/ca\/wp-json\/wp\/v2\/types\/page"}],"author":[{"embeddable":true,"href":"https:\/\/www.alexetalex.com\/ca\/wp-json\/wp\/v2\/users\/4"}],"replies":[{"embeddable":true,"href":"https:\/\/www.alexetalex.com\/ca\/wp-json\/wp\/v2\/comments?post=11569"}],"version-history":[{"count":0,"href":"https:\/\/www.alexetalex.com\/ca\/wp-json\/wp\/v2\/pages\/11569\/revisions"}],"up":[{"embeddable":true,"href":"https:\/\/www.alexetalex.com\/ca\/wp-json\/wp\/v2\/pages\/8732"}],"wp:featuredmedia":[{"embeddable":true,"href":"https:\/\/www.alexetalex.com\/ca\/wp-json\/wp\/v2\/media\/11592"}],"wp:attachment":[{"href":"https:\/\/www.alexetalex.com\/ca\/wp-json\/wp\/v2\/media?parent=11569"}],"curies":[{"name":"wp","href":"https:\/\/api.w.org\/{rel}","templated":true}]}}