{"id":11799,"date":"2019-10-05T13:34:09","date_gmt":"2019-10-05T12:34:09","guid":{"rendered":"https:\/\/www.alexetalex.com\/ca\/?page_id=11799"},"modified":"2020-10-28T12:14:52","modified_gmt":"2020-10-28T11:14:52","slug":"corossol","status":"publish","type":"page","link":"https:\/\/www.alexetalex.com\/ca\/dossiers-fruites\/route-des-fruits\/corossol\/","title":{"rendered":"Corossol (fruit): guide complet"},"content":{"rendered":"<p><H1>Corossol : guide complet sur ce fruit exotique<\/H1><\/p>\n<p><\/br><\/p>\n<p>Le <strong>corossol<\/strong>, aussi connu comme graviola, est un fruit que l&rsquo;on croise difficilement chez notre primeur du coin. Ce fruit tropical est pourtant tr\u00e8s populaire dans les pays o\u00f9 il pousse naturellement et il saurait ravir les palais des plus gourmets s&rsquo;il \u00e9tait mieux export\u00e9.<\/p>\n<p><img loading=\"lazy\" width=\"848\" height=\"565\" src=\"https:\/\/www.alexetalex.com\/wp-content\/uploads\/2019\/10\/117609181_s.jpg\" alt=\"beau corossol vert et branche avec feuille de corossolier\" class=\"alignnone size-full wp-image-11802\" srcset=\"https:\/\/www.alexetalex.com\/ca\/wp-content\/uploads\/2019\/10\/117609181_s.jpg 848w, https:\/\/www.alexetalex.com\/ca\/wp-content\/uploads\/2019\/10\/117609181_s-600x400.jpg 600w, https:\/\/www.alexetalex.com\/ca\/wp-content\/uploads\/2019\/10\/117609181_s-250x167.jpg 250w, https:\/\/www.alexetalex.com\/ca\/wp-content\/uploads\/2019\/10\/117609181_s-768x512.jpg 768w, https:\/\/www.alexetalex.com\/ca\/wp-content\/uploads\/2019\/10\/117609181_s-700x466.jpg 700w, https:\/\/www.alexetalex.com\/ca\/wp-content\/uploads\/2019\/10\/117609181_s-120x80.jpg 120w, https:\/\/www.alexetalex.com\/ca\/wp-content\/uploads\/2019\/10\/117609181_s-320x213.jpg 320w, https:\/\/www.alexetalex.com\/ca\/wp-content\/uploads\/2019\/10\/117609181_s-272x182.jpg 272w\" sizes=\"(max-width: 848px) 100vw, 848px\" \/><\/p>\n<p>Tr\u00e8s m\u00e9diatis\u00e9 r\u00e9cemment pour ses pr\u00e9tendues actions b\u00e9n\u00e9fiques contre le cancer, le corossol reste un fruit m\u00e9connu, sur lequel il est bon de jeter un coup de projecteur, pour mieux discerner le vrai du faux.<br \/>\n<br \/><\/br><\/p>\n<p><H2>I] Le corossol: tout savoir en 2 minutes sur ce fruit m\u00e9connu<\/H2><\/p>\n<p><\/br><\/p>\n<p>Originaire de l&rsquo;\u00eele de Cura\u00e7ao, ce serait d&rsquo;ailleurs \u00e0 partir du nom de cette \u00eele qu&rsquo;aurait \u00e9t\u00e9 nomm\u00e9 ce fruit, le corossol est l&rsquo;un des tout premiers fruits rapport\u00e9s en Espagne par Christophe Colomb lors de son voyage vers le <i>Nouveau Monde<\/i>. <\/p>\n<p><\/br><\/p>\n <div class=\"hsg-featured-numb\">\n    <div>\n <p>1<\/p>\n <p><H3>Corossol : une chair onctueuse derri\u00e8re une carapace \u00e9pineuse<\/H3><\/p>\n\n<\/div>\n  \n<\/div>\n<p><\/br><\/p>\n<p>Il se r\u00e9pandra un peu plus tard dans l&rsquo;ensemble des Antilles, au 17\u00e8me si\u00e8cle, avec l&rsquo;\u00e9mergence des \u00e9changes maritimes, commerciaux et humains dans cette r\u00e9gion du monde.<\/p>\n<p>Le corossol est maintenant un fruit couramment r\u00e9pandu dans les Antilles et les pays tropicaux. En effet, il est largement consomm\u00e9 sur les march\u00e9s locaux.<\/p>\n<p>Il s&rsquo;agit d&rsquo;un gros fruit qui peut peser jusqu&rsquo;\u00e0 4 kg et mesurer entre 15 et 25 cm de long. Vert sur l&rsquo;arbre, il devient vert-jaun\u00e2tre \u00e0 maturit\u00e9. Le fruit est rev\u00eatu d&rsquo;une peau h\u00e9riss\u00e9e d&rsquo;\u00e9pines molles, qui n&#8217;emp\u00eachent donc en rien sa manipulation \u00e0 la main. Sa chair est tr\u00e8s blanche, un peu fibreuse, tr\u00e8s odorante, molle et juteuse et des petites graines plates noires y sont retranch\u00e9es.<\/p>\n<p><img loading=\"lazy\" width=\"848\" height=\"565\" src=\"https:\/\/www.alexetalex.com\/wp-content\/uploads\/2019\/10\/127799634_s.jpg\" alt=\"corossol en coupe une chair blanche se d\u00e9couvre sous la peau verte epineuse \" class=\"alignnone size-full wp-image-11804\" srcset=\"https:\/\/www.alexetalex.com\/ca\/wp-content\/uploads\/2019\/10\/127799634_s.jpg 848w, https:\/\/www.alexetalex.com\/ca\/wp-content\/uploads\/2019\/10\/127799634_s-600x400.jpg 600w, https:\/\/www.alexetalex.com\/ca\/wp-content\/uploads\/2019\/10\/127799634_s-250x167.jpg 250w, https:\/\/www.alexetalex.com\/ca\/wp-content\/uploads\/2019\/10\/127799634_s-768x512.jpg 768w, https:\/\/www.alexetalex.com\/ca\/wp-content\/uploads\/2019\/10\/127799634_s-700x466.jpg 700w, https:\/\/www.alexetalex.com\/ca\/wp-content\/uploads\/2019\/10\/127799634_s-120x80.jpg 120w, https:\/\/www.alexetalex.com\/ca\/wp-content\/uploads\/2019\/10\/127799634_s-320x213.jpg 320w, https:\/\/www.alexetalex.com\/ca\/wp-content\/uploads\/2019\/10\/127799634_s-272x182.jpg 272w\" sizes=\"(max-width: 848px) 100vw, 848px\" \/><\/p>\n<p><\/br><\/p>\n <div class=\"hsg-featured-numb\">\n    <div>\n <p>2<\/p>\n <p><H3>Corossolier, l'arbre \u00e0 corossols<\/H3><\/p>\n\n<\/div>\n  \n<\/div>\n<p><\/br><\/p>\n<p>Le corossolier est un arbre au port globuleux, c&rsquo;est \u00e0 dire pr\u00e9sentant un tronc droit surmont\u00e9 d&rsquo;un houppier bien arrondi, de 5 \u00e0 8 m\u00e8tres de haut.<\/p>\n<p>C&rsquo;est un arbre tropical qui aime donc les climats chauds et pluvieux, ainsi que les sols drainants. Les feuilles du corossolier sont longues et fines, d&rsquo;un beau vert-fonc\u00e9 et elles \u00e9manent un odeur assez prononc\u00e9e. Ces feuilles sont d&rsquo;ailleurs utilis\u00e9es pour traiter divers maux.<\/p>\n<p><\/br><\/p>\n <div class=\"hsg-featured-numb\">\n    <div>\n <p>3<\/p>\n <p><H3>Go\u00fbt du corossol<\/H3><\/p>\n\n<\/div>\n  \n<\/div>\n<p><\/br><\/p>\n<p>Une fois l&rsquo;\u00e9pineuse carapace du corossol retir\u00e9e, une chair comestible s&rsquo;offre \u00e0 nous. La chair du corossol est \u00e0 la fois sucr\u00e9e et acidul\u00e9e et son go\u00fbt rappelle un peu celui des fameux bonbons Arlequin. Niveau texture, le corossol \u00e9voque la rhubarbe, en raison de son aspect filandreux.<br \/>\n<br \/><\/br><\/p>\n <div class=\"hsg-featured-numb\">\n    <div>\n <p>4<\/p>\n <p><H3>Culture et saison du corossol<\/H3><\/p>\n\n<\/div>\n  \n<\/div>\n<p><\/br><\/p>\n<p>Le corossol est un fruit qui pousse sous les tropiques. Aux Antilles par exemple, les fruits vont arriver \u00e0 maturit\u00e9 \u00e0 partir du mois d&rsquo;octobre, et on retrouvera des corossols sur les \u00e9tals jusqu&rsquo;au mois de f\u00e9vrier. Par ailleurs, il est toujours possible de trouver des corossols en dehors de cette pleine saison, mais en quantit\u00e9 moindre.<\/p>\n<p><\/br><\/p>\n<p><H2>II] Bienfaits et vertus du corossol<\/H3><\/p>\n<p><\/br><\/p>\n<p>Il y a bien des raisons pour que ce fruit soit tr\u00e8s convoit\u00e9 dans les r\u00e9gions o\u00f9 il pousse naturellement. Le corossol poss\u00e8de, effectivement, de nombreuses vertus m\u00e9dicinales, et sa composition nutritionnelle en font un tr\u00e8s bon alli\u00e9 pour rester en bonne sant\u00e9. Le fruit mais aussi les feuilles sont d&rsquo;ailleurs couramment utilis\u00e9es en m\u00e9decine traditionnelle.<\/p>\n<p><\/br><\/p>\n <div class=\"hsg-featured-numb\">\n    <div>\n <p>1<\/p>\n <p><H3>Corossol : analyse nutritionnelle<\/H3><\/p>\n\n<\/div>\n  \n<\/div>\n<p><\/br><\/p>\n<p>C&rsquo;est un fruit riche en eau, il se r\u00e9v\u00e9lera donc comme tr\u00e8s d\u00e9salt\u00e9rant, et \u00e9galement aux vertus diur\u00e9tiques. Sur le plan nutritionnel, le corossol est tr\u00e8s \u00e9nerg\u00e9tique, il est riche en sucre, notamment en fructose, et poss\u00e8de une forte teneur en vitamines C, B1 et B2.<\/p>\n<p>Sa richesse en fibre fera du corossol un bon coupe faim, et un bon r\u00e9gulateur de transit.<\/p>\n<p>Enfin, on compte de nombreux min\u00e9raux dans ce fruit, notamment du fer, du phosphore et du potassium.<\/p>\n<p><\/br><\/p>\n <div class=\"hsg-featured-numb\">\n    <div>\n <p>2<\/p>\n <p><H3>Bienfaits et vertus du corossol<\/H3><\/p>\n\n<\/div>\n  \n<\/div>\n<p><\/br><\/p>\n<p>En m\u00e9decine traditionnelle, il est notamment utilis\u00e9 pour aider \u00e0 :<\/p>\n<p>&#8211; calmer les exc\u00e8s de fi\u00e8vre<br \/>\n&#8211; r\u00e9guler la digestion<br \/>\n&#8211; apaiser les nerfs<br \/>\n&#8211; lutter contre les insomnies<\/p>\n<p><\/br><\/p>\n <div class=\"hsg-featured-numb\">\n    <div>\n <p>3<\/p>\n <p><H3>Un fruit plus fort que le cancer ?<\/H3><\/p>\n\n<\/div>\n  \n<\/div>\n<p><\/br><\/p>\n<p>De nombreux articles ont circul\u00e9 notamment sur internet vantant les exploits du corossol pour combattre le cancer. Malheureusement, aucune publication scientifique n&rsquo;est vraiment venue \u00e9tayer cette r\u00e9putation.<\/p>\n<p>En revanche, la consommation quotidienne de fruits et l\u00e9gumes frais, vari\u00e9s et de bonne qualit\u00e9 est sans contestation possible une des meilleures mani\u00e8res de se pr\u00e9venir contre l&rsquo;apparition de cellules canc\u00e9reuses. Gr\u00e2ce \u00e0 leurs apports nutritionnels extraordinaires, les fruits et l\u00e9gumes frais sont notre premier rempart pour maintenir notre organisme en bonne sant\u00e9 et en \u00e9tat de se d\u00e9fendre contre les agressions ext\u00e9rieures.<br \/>\n<br \/><\/br><\/p>\n <div class=\"hsg-featured-numb\">\n    <div>\n <p>4<\/p>\n <p><H3>Un fruit neurotoxique<\/H3><\/p>\n\n<\/div>\n  \n<\/div>\n<p><\/br><\/p>\n<p>\u00c0 l&rsquo;inverse, une \u00e9tude publi\u00e9e par un centre de traitement et de recherche du cancer de New York (le Memorial Sloan Kettering Cancer Center) tendrait \u00e0 mettre en garde contre une consommation excessive du corossol.<\/p>\n<p>En effet, certains composants de ce fruit pourraient s&rsquo;av\u00e9rer toxiques, voire m\u00eame neurotoxiques, avec des implication possible dans la d\u00e9claration de la maladie de Parkinson.<\/p>\n<p>Une fois de plus, rien ne vaut une alimentation vari\u00e9e, sans d\u00e9s\u00e9quilibres induits par une consommation excessive d&rsquo;un aliment en particulier, aussi sain et de bonne r\u00e9putation soit-il.<\/p>\n<p><\/br><\/p>\n <div class=\"hsg-featured-numb\">\n    <div>\n <p>5<\/p>\n <p><H3>Bienfaits des feuilles de corossol<\/H3><\/p>\n\n<\/div>\n  \n<\/div>\n<p><\/br><\/p>\n<p>Les feuilles du corossolier ont d\u00fb rapidement titiller la curiosit\u00e9 des premiers peuples en raison de son odeur prononc\u00e9e. Elles ont depuis \u00e9t\u00e9 grandement utilis\u00e9es pour diff\u00e9rentes vertus, notamment pour :<\/p>\n<p>&#8211; r\u00e9duire les maux d&rsquo;estomac<br \/>\n&#8211; lutter contre les rhumatismes<br \/>\n&#8211; diminuer les douleurs dues \u00e0 l&rsquo;arthrite<br \/>\n&#8211; abaisser la fi\u00e8vre<\/p>\n<p><\/br><\/p>\n <div class=\"hsg-featured-numb\">\n    <div>\n <p>6<\/p>\n <p><H3>Le corossol en recettes<\/H3><\/p>\n\n<\/div>\n  \n<\/div>\n<p><\/br><\/p>\n<p>Le plus simple est bien \u00e9videmment de consommer ce fruit cru, \u00e0 la petite cuill\u00e8re.<\/p>\n<p>En outre, Le corossol se pr\u00eate aussi tr\u00e8s bien \u00e0 la r\u00e9alisation d&rsquo;un d\u00e9licieux jus de fruit. Pour le pr\u00e9parer rien de plus simple, choisissez un corossol bien m\u00fbr, r\u00e9cup\u00e9rez uniquement la pulpe, en prenant soin de retirer les graines qui s&rsquo;y trouvent. <\/p>\n<p>Dans un blender, mixer la pulpe de corossol, puis filtrer le r\u00e9sultat obtenu, pour s\u00e9parer les fibres du jus. Il ne vous reste plus qu&rsquo;\u00e0 d\u00e9guster ce d\u00e9licieux jus, que l&rsquo;on peut agr\u00e9menter d&rsquo;un peu de sucre et d&rsquo;un jus de citron press\u00e9. Le corossol s\u2019accommode aussi tr\u00e8s bien en sorbet ou en confiture.<\/p>\n<p><\/br><\/p>\n<p><H2>III] Le saviez-vous ?<\/H2><\/p>\n<p><\/br><\/p>\n <div class=\"hsg-featured-numb\">\n    <div>\n <p>1<\/p>\n <p><H3>Reconna\u00eetre un corossol bien m\u00fbr<\/H3><\/p>\n\n<\/div>\n  \n<\/div>\n<p><\/br><\/p>\n<p>Pour profiter pleinement de ce fruit, mieux vaut le choisir bien m\u00fbr. Pour \u00eatre sur de ne pas se tromper, on vous conseille de vous attarder sur trois d\u00e9tails:<\/p>\n<p>1. Les \u00e9pines sur la peau doivent \u00eatre bien \u00e9cart\u00e9es<br \/>\n2. Les \u00e9pines doivent \u00eatre cassantes<br \/>\n3. Le corossol doit \u00eatre un peu mou lorsqu&rsquo;on le t\u00e2te entre ses doigts<\/p>\n<p>Si vous rep\u00e9rez un corossol r\u00e9pondant \u00e0 ces crit\u00e8res, pas de doute, vous allez vous r\u00e9galer !<\/p>\n<p><\/br><\/p>\n <div class=\"hsg-featured-numb\">\n    <div>\n <p>2<\/p>\n <p><H3>Une fleur \u00e9tonnante<\/H3><\/p>\n\n<\/div>\n  \n<\/div>\n<p><\/br><\/p>\n<p>La fleur du corossolier est assez incongrue, elle est constitu\u00e9e de 4 s\u00e9pales jaune-verd\u00e2tres de forme triangulaire, donnant \u00e0 cette fleur un aspect de petite clochette. <\/p>\n<p><img loading=\"lazy\" width=\"692\" height=\"692\" src=\"https:\/\/www.alexetalex.com\/wp-content\/uploads\/2019\/10\/30392596_s.jpg\" alt=\"fleur de corossol sur branche de corossolier\" class=\"alignnone size-full wp-image-11807\" srcset=\"https:\/\/www.alexetalex.com\/ca\/wp-content\/uploads\/2019\/10\/30392596_s.jpg 692w, https:\/\/www.alexetalex.com\/ca\/wp-content\/uploads\/2019\/10\/30392596_s-300x300.jpg 300w, https:\/\/www.alexetalex.com\/ca\/wp-content\/uploads\/2019\/10\/30392596_s-100x100.jpg 100w, https:\/\/www.alexetalex.com\/ca\/wp-content\/uploads\/2019\/10\/30392596_s-600x600.jpg 600w, https:\/\/www.alexetalex.com\/ca\/wp-content\/uploads\/2019\/10\/30392596_s-250x250.jpg 250w, https:\/\/www.alexetalex.com\/ca\/wp-content\/uploads\/2019\/10\/30392596_s-120x120.jpg 120w, https:\/\/www.alexetalex.com\/ca\/wp-content\/uploads\/2019\/10\/30392596_s-260x260.jpg 260w, https:\/\/www.alexetalex.com\/ca\/wp-content\/uploads\/2019\/10\/30392596_s-320x320.jpg 320w\" sizes=\"(max-width: 692px) 100vw, 692px\" \/><br \/>\n<br \/><\/br><\/p>\n <div class=\"hsg-featured-numb\">\n    <div>\n <p>3<\/p>\n <p><H3>L'\u00eele du Corossol, au Qu\u00e9bec !<\/H3><\/p>\n\n<\/div>\n  \n<\/div>\n<p><\/br><\/p>\n<p>Et oui, une \u00eele dans le monde porte le nom de ce fruit. Et rien \u00e0 voir avec l&rsquo;\u00eele de Cura\u00e7ao dont on parlait pr\u00e9c\u00e9demment, car l&rsquo;\u00eele de Corossol se trouve au Qu\u00e9bec ! <\/p>\n<p>En sa qualit\u00e9 de fruit tropical, on peut vite se douter qu&rsquo;aucun corossolier ne pousse sur l&rsquo;\u00eele de Corossol ! Ce nom est en fait d\u00fb \u00e0 un navire fran\u00e7ais, le Corossol, qui y f\u00eet naufrage en novembre 1683 ! Depuis cette date, l&rsquo;\u00eele conserva ce nom incongru. <\/p>\n<p>Elle est maintenant r\u00e9put\u00e9e pour sa r\u00e9serve d&rsquo;oiseaux, et son <a href=\"http:\/\/chasseurdephares.patrickmatte.net\/photos\/phare-ile-corossol\/\" rel=\"noopener noreferrer\" target=\"_blank\">phare octogonal blanc<\/a>.<\/p>\n<p><\/br><\/p>\n<p><strong>Pour continuer d&rsquo;apprendre :<\/strong><br \/>\n&#8211; <a href=\"https:\/\/www.alexetalex.com\/ca\/dossiers-fruites\/fruit-et-nutrition\/sapotille\/\" rel=\"noopener noreferrer\" target=\"_blank\">D\u00e9couvrez la Sapotille : un fruit divinement d\u00e9licieux !<\/a><br \/>\n&#8211; <a href=\"https:\/\/www.alexetalex.com\/ca\/dossiers-fruites\/fruit-et-nutrition\/zatte\/\" rel=\"noopener noreferrer\" target=\"_blank\">Le Zatte est lui aussi de la famille du corossol<\/a><br \/>\n&#8211; <a href=\"https:\/\/www.alexetalex.com\/ca\/dossiers-fruites\/fruit-et-nutrition\/safou\/\" rel=\"noopener noreferrer\" target=\"_blank\">Vous reprendrez bien un peu de Safou<\/a><\/p>\n","protected":false},"excerpt":{"rendered":"<p>Corossol : guide complet sur ce fruit exotique Le corossol, aussi connu comme graviola, est un fruit que l&rsquo;on croise difficilement chez notre primeur du coin. Ce fruit tropical est pourtant tr\u00e8s populaire dans les pays o\u00f9 il pousse naturellement et il saurait ravir les palais des plus gourmets s&rsquo;il \u00e9tait mieux export\u00e9. Tr\u00e8s m\u00e9diatis\u00e9 [&hellip;]<\/p>\n","protected":false},"author":4,"featured_media":11801,"parent":8732,"menu_order":0,"comment_status":"closed","ping_status":"closed","template":"","meta":{"_et_pb_use_builder":"","_et_pb_old_content":"","_et_gb_content_width":""},"acf":[],"yoast_head":"<!-- This site is optimized with the Yoast SEO plugin v17.6 - https:\/\/yoast.com\/wordpress\/plugins\/seo\/ -->\n<title>Corossol (fruit) : origine, go\u00fbt, recette et bienfait - Alex&amp;Alex<\/title>\n<meta name=\"description\" content=\"Originaire de l&#039;\u00eele de Cura\u00e7ao, le corossol est l&#039;un des premiers fruits rapport\u00e9s en Espagne par Christophe Colomb lors de son voyage vers le Nouveau Monde\" \/>\n<meta name=\"robots\" content=\"index, follow, max-snippet:-1, max-image-preview:large, max-video-preview:-1\" \/>\n<link rel=\"canonical\" href=\"https:\/\/www.alexetalex.com\/ca\/dossiers-fruites\/route-des-fruits\/corossol\/\" \/>\n<meta property=\"og:locale\" content=\"fr_FR\" \/>\n<meta property=\"og:type\" content=\"article\" \/>\n<meta property=\"og:title\" content=\"Corossol (fruit) : origine, go\u00fbt, recette et bienfait - Alex&amp;Alex\" \/>\n<meta property=\"og:description\" content=\"Originaire de l&#039;\u00eele de Cura\u00e7ao, le corossol est l&#039;un des premiers fruits rapport\u00e9s en Espagne par Christophe Colomb lors de son voyage vers le Nouveau Monde\" \/>\n<meta property=\"og:url\" content=\"https:\/\/www.alexetalex.com\/ca\/dossiers-fruites\/route-des-fruits\/corossol\/\" \/>\n<meta property=\"article:modified_time\" content=\"2020-10-28T11:14:52+00:00\" \/>\n<meta property=\"og:image\" content=\"https:\/\/www.alexetalex.com\/ca\/wp-content\/uploads\/2019\/10\/129222942_s.jpg\" \/>\n\t<meta property=\"og:image:width\" content=\"848\" \/>\n\t<meta property=\"og:image:height\" content=\"565\" \/>\n<meta name=\"twitter:label1\" content=\"Dur\u00e9e de lecture estim\u00e9e\" \/>\n\t<meta name=\"twitter:data1\" content=\"7 minutes\" \/>\n<script type=\"application\/ld+json\" class=\"yoast-schema-graph\">{\"@context\":\"https:\/\/schema.org\",\"@graph\":[{\"@type\":\"Organization\",\"@id\":\"https:\/\/www.alexetalex.com\/ca\/#organization\",\"name\":\"Alex & Alex\",\"url\":\"https:\/\/www.alexetalex.com\/ca\/\",\"sameAs\":[],\"logo\":{\"@type\":\"ImageObject\",\"@id\":\"https:\/\/www.alexetalex.com\/ca\/#logo\",\"inLanguage\":\"fr-FR\",\"url\":\"https:\/\/www.alexetalex.com\/ca\/wp-content\/uploads\/2020\/04\/alexalex-1.png\",\"contentUrl\":\"https:\/\/www.alexetalex.com\/ca\/wp-content\/uploads\/2020\/04\/alexalex-1.png\",\"width\":51,\"height\":50,\"caption\":\"Alex & Alex\"},\"image\":{\"@id\":\"https:\/\/www.alexetalex.com\/ca\/#logo\"}},{\"@type\":\"WebSite\",\"@id\":\"https:\/\/www.alexetalex.com\/ca\/#website\",\"url\":\"https:\/\/www.alexetalex.com\/ca\/\",\"name\":\"\",\"description\":\"\",\"publisher\":{\"@id\":\"https:\/\/www.alexetalex.com\/ca\/#organization\"},\"potentialAction\":[{\"@type\":\"SearchAction\",\"target\":{\"@type\":\"EntryPoint\",\"urlTemplate\":\"https:\/\/www.alexetalex.com\/ca\/?s={search_term_string}\"},\"query-input\":\"required name=search_term_string\"}],\"inLanguage\":\"fr-FR\"},{\"@type\":\"ImageObject\",\"@id\":\"https:\/\/www.alexetalex.com\/ca\/dossiers-fruites\/route-des-fruits\/corossol\/#primaryimage\",\"inLanguage\":\"fr-FR\",\"url\":\"https:\/\/www.alexetalex.com\/ca\/wp-content\/uploads\/2019\/10\/129222942_s.jpg\",\"contentUrl\":\"https:\/\/www.alexetalex.com\/ca\/wp-content\/uploads\/2019\/10\/129222942_s.jpg\",\"width\":848,\"height\":565,\"caption\":\"Fresh soursop fruit in the market close up\"},{\"@type\":\"WebPage\",\"@id\":\"https:\/\/www.alexetalex.com\/ca\/dossiers-fruites\/route-des-fruits\/corossol\/#webpage\",\"url\":\"https:\/\/www.alexetalex.com\/ca\/dossiers-fruites\/route-des-fruits\/corossol\/\",\"name\":\"Corossol (fruit) : origine, go\\u00fbt, recette et bienfait - Alex&Alex\",\"isPartOf\":{\"@id\":\"https:\/\/www.alexetalex.com\/ca\/#website\"},\"primaryImageOfPage\":{\"@id\":\"https:\/\/www.alexetalex.com\/ca\/dossiers-fruites\/route-des-fruits\/corossol\/#primaryimage\"},\"datePublished\":\"2019-10-05T12:34:09+00:00\",\"dateModified\":\"2020-10-28T11:14:52+00:00\",\"description\":\"Originaire de l'\\u00eele de Cura\\u00e7ao, le corossol est l'un des premiers fruits rapport\\u00e9s en Espagne par Christophe Colomb lors de son voyage vers le Nouveau Monde\",\"breadcrumb\":{\"@id\":\"https:\/\/www.alexetalex.com\/ca\/dossiers-fruites\/route-des-fruits\/corossol\/#breadcrumb\"},\"inLanguage\":\"fr-FR\",\"potentialAction\":[{\"@type\":\"ReadAction\",\"target\":[\"https:\/\/www.alexetalex.com\/ca\/dossiers-fruites\/route-des-fruits\/corossol\/\"]}]},{\"@type\":\"BreadcrumbList\",\"@id\":\"https:\/\/www.alexetalex.com\/ca\/dossiers-fruites\/route-des-fruits\/corossol\/#breadcrumb\",\"itemListElement\":[{\"@type\":\"ListItem\",\"position\":1,\"name\":\"Magazine\",\"item\":\"https:\/\/www.alexetalex.com\/ca\/dossiers-fruites\/\"},{\"@type\":\"ListItem\",\"position\":2,\"name\":\"Fruits\",\"item\":\"https:\/\/www.alexetalex.com\/ca\/dossiers-fruites\/route-des-fruits\/\"},{\"@type\":\"ListItem\",\"position\":3,\"name\":\"Dossier\"}]}]}<\/script>\n<!-- \/ Yoast SEO plugin. -->","yoast_head_json":{"title":"Corossol (fruit) : origine, go\u00fbt, recette et bienfait - Alex&Alex","description":"Originaire de l'\u00eele de Cura\u00e7ao, le corossol est l'un des premiers fruits rapport\u00e9s en Espagne par Christophe Colomb lors de son voyage vers le Nouveau Monde","robots":{"index":"index","follow":"follow","max-snippet":"max-snippet:-1","max-image-preview":"max-image-preview:large","max-video-preview":"max-video-preview:-1"},"canonical":"https:\/\/www.alexetalex.com\/ca\/dossiers-fruites\/route-des-fruits\/corossol\/","og_locale":"fr_FR","og_type":"article","og_title":"Corossol (fruit) : origine, go\u00fbt, recette et bienfait - Alex&Alex","og_description":"Originaire de l'\u00eele de Cura\u00e7ao, le corossol est l'un des premiers fruits rapport\u00e9s en Espagne par Christophe Colomb lors de son voyage vers le Nouveau Monde","og_url":"https:\/\/www.alexetalex.com\/ca\/dossiers-fruites\/route-des-fruits\/corossol\/","article_modified_time":"2020-10-28T11:14:52+00:00","og_image":[{"width":848,"height":565,"url":"https:\/\/www.alexetalex.com\/ca\/wp-content\/uploads\/2019\/10\/129222942_s.jpg","type":"image\/jpeg"}],"twitter_misc":{"Dur\u00e9e de lecture estim\u00e9e":"7 minutes"},"schema":{"@context":"https:\/\/schema.org","@graph":[{"@type":"Organization","@id":"https:\/\/www.alexetalex.com\/ca\/#organization","name":"Alex & Alex","url":"https:\/\/www.alexetalex.com\/ca\/","sameAs":[],"logo":{"@type":"ImageObject","@id":"https:\/\/www.alexetalex.com\/ca\/#logo","inLanguage":"fr-FR","url":"https:\/\/www.alexetalex.com\/ca\/wp-content\/uploads\/2020\/04\/alexalex-1.png","contentUrl":"https:\/\/www.alexetalex.com\/ca\/wp-content\/uploads\/2020\/04\/alexalex-1.png","width":51,"height":50,"caption":"Alex & Alex"},"image":{"@id":"https:\/\/www.alexetalex.com\/ca\/#logo"}},{"@type":"WebSite","@id":"https:\/\/www.alexetalex.com\/ca\/#website","url":"https:\/\/www.alexetalex.com\/ca\/","name":"","description":"","publisher":{"@id":"https:\/\/www.alexetalex.com\/ca\/#organization"},"potentialAction":[{"@type":"SearchAction","target":{"@type":"EntryPoint","urlTemplate":"https:\/\/www.alexetalex.com\/ca\/?s={search_term_string}"},"query-input":"required name=search_term_string"}],"inLanguage":"fr-FR"},{"@type":"ImageObject","@id":"https:\/\/www.alexetalex.com\/ca\/dossiers-fruites\/route-des-fruits\/corossol\/#primaryimage","inLanguage":"fr-FR","url":"https:\/\/www.alexetalex.com\/ca\/wp-content\/uploads\/2019\/10\/129222942_s.jpg","contentUrl":"https:\/\/www.alexetalex.com\/ca\/wp-content\/uploads\/2019\/10\/129222942_s.jpg","width":848,"height":565,"caption":"Fresh soursop fruit in the market close up"},{"@type":"WebPage","@id":"https:\/\/www.alexetalex.com\/ca\/dossiers-fruites\/route-des-fruits\/corossol\/#webpage","url":"https:\/\/www.alexetalex.com\/ca\/dossiers-fruites\/route-des-fruits\/corossol\/","name":"Corossol (fruit) : origine, go\u00fbt, recette et bienfait - Alex&Alex","isPartOf":{"@id":"https:\/\/www.alexetalex.com\/ca\/#website"},"primaryImageOfPage":{"@id":"https:\/\/www.alexetalex.com\/ca\/dossiers-fruites\/route-des-fruits\/corossol\/#primaryimage"},"datePublished":"2019-10-05T12:34:09+00:00","dateModified":"2020-10-28T11:14:52+00:00","description":"Originaire de l'\u00eele de Cura\u00e7ao, le corossol est l'un des premiers fruits rapport\u00e9s en Espagne par Christophe Colomb lors de son voyage vers le Nouveau Monde","breadcrumb":{"@id":"https:\/\/www.alexetalex.com\/ca\/dossiers-fruites\/route-des-fruits\/corossol\/#breadcrumb"},"inLanguage":"fr-FR","potentialAction":[{"@type":"ReadAction","target":["https:\/\/www.alexetalex.com\/ca\/dossiers-fruites\/route-des-fruits\/corossol\/"]}]},{"@type":"BreadcrumbList","@id":"https:\/\/www.alexetalex.com\/ca\/dossiers-fruites\/route-des-fruits\/corossol\/#breadcrumb","itemListElement":[{"@type":"ListItem","position":1,"name":"Magazine","item":"https:\/\/www.alexetalex.com\/ca\/dossiers-fruites\/"},{"@type":"ListItem","position":2,"name":"Fruits","item":"https:\/\/www.alexetalex.com\/ca\/dossiers-fruites\/route-des-fruits\/"},{"@type":"ListItem","position":3,"name":"Dossier"}]}]}},"_links":{"self":[{"href":"https:\/\/www.alexetalex.com\/ca\/wp-json\/wp\/v2\/pages\/11799"}],"collection":[{"href":"https:\/\/www.alexetalex.com\/ca\/wp-json\/wp\/v2\/pages"}],"about":[{"href":"https:\/\/www.alexetalex.com\/ca\/wp-json\/wp\/v2\/types\/page"}],"author":[{"embeddable":true,"href":"https:\/\/www.alexetalex.com\/ca\/wp-json\/wp\/v2\/users\/4"}],"replies":[{"embeddable":true,"href":"https:\/\/www.alexetalex.com\/ca\/wp-json\/wp\/v2\/comments?post=11799"}],"version-history":[{"count":2,"href":"https:\/\/www.alexetalex.com\/ca\/wp-json\/wp\/v2\/pages\/11799\/revisions"}],"predecessor-version":[{"id":17406,"href":"https:\/\/www.alexetalex.com\/ca\/wp-json\/wp\/v2\/pages\/11799\/revisions\/17406"}],"up":[{"embeddable":true,"href":"https:\/\/www.alexetalex.com\/ca\/wp-json\/wp\/v2\/pages\/8732"}],"wp:featuredmedia":[{"embeddable":true,"href":"https:\/\/www.alexetalex.com\/ca\/wp-json\/wp\/v2\/media\/11801"}],"wp:attachment":[{"href":"https:\/\/www.alexetalex.com\/ca\/wp-json\/wp\/v2\/media?parent=11799"}],"curies":[{"name":"wp","href":"https:\/\/api.w.org\/{rel}","templated":true}]}}