{"id":11927,"date":"2019-10-18T09:47:09","date_gmt":"2019-10-18T08:47:09","guid":{"rendered":"https:\/\/www.alexetalex.com\/ca\/?page_id=11927"},"modified":"2020-10-27T15:58:30","modified_gmt":"2020-10-27T14:58:30","slug":"bilimbi","status":"publish","type":"page","link":"https:\/\/www.alexetalex.com\/ca\/dossiers-fruites\/route-des-fruits\/bilimbi\/","title":{"rendered":"Bilimbi (fruit) : guide complet"},"content":{"rendered":"<p><H1>Bilimbi : guide complet sur ce fruit d&rsquo;Indon\u00e9sie<\/H1><\/p>\n<p><\/br><\/p>\n<p>Le <strong>bilimbi<\/strong> est un fruit de la m\u00eame famille que la <a href=\"https:\/\/www.alexetalex.com\/ca\/dossiers-fruites\/route-des-fruits\/carambole\/\" rel=\"noopener noreferrer\" target=\"_blank\">carambole<\/a>. En raison de son apparence et de sa provenance, il est aussi connu sous le nom de <i>Cornichon d&rsquo;Inde<\/i> aux Antilles et \u00e0 la R\u00e9union. Tout comme le cornichon, le bilimbi s&rsquo;utilise en cuisine en tant que rehausseur de g\u00f4ut et de saveurs.<\/p>\n<p><\/br><br \/>\n<img loading=\"lazy\" width=\"848\" height=\"565\" src=\"https:\/\/www.alexetalex.com\/wp-content\/uploads\/2019\/10\/91343202_s.jpg\" alt=\"grappe de bilimbi poussant sur l&#039;arbre\" class=\"alignnone size-full wp-image-11929\" srcset=\"https:\/\/www.alexetalex.com\/ca\/wp-content\/uploads\/2019\/10\/91343202_s.jpg 848w, https:\/\/www.alexetalex.com\/ca\/wp-content\/uploads\/2019\/10\/91343202_s-600x400.jpg 600w, https:\/\/www.alexetalex.com\/ca\/wp-content\/uploads\/2019\/10\/91343202_s-250x167.jpg 250w, https:\/\/www.alexetalex.com\/ca\/wp-content\/uploads\/2019\/10\/91343202_s-768x512.jpg 768w, https:\/\/www.alexetalex.com\/ca\/wp-content\/uploads\/2019\/10\/91343202_s-700x466.jpg 700w, https:\/\/www.alexetalex.com\/ca\/wp-content\/uploads\/2019\/10\/91343202_s-120x80.jpg 120w, https:\/\/www.alexetalex.com\/ca\/wp-content\/uploads\/2019\/10\/91343202_s-320x213.jpg 320w\" sizes=\"(max-width: 848px) 100vw, 848px\" \/><br \/>\n<br \/><\/br><\/p>\n<p><H2>I] Le bilimbi : tout savoir en 2 minutes sur ce fruit m\u00e9connu<\/H2><\/p>\n<p><\/br><\/p>\n<p>Le bilimbi serait originaire des \u00celes Moluques, les fameuses \u00eeles que d\u00e9couvrit Magellan apr\u00e8s la toute premi\u00e8re travers\u00e9e de l&rsquo;oc\u00e9an Pacifique.<br \/>\n<br \/><\/br><\/p>\n <div class=\"hsg-featured-numb\">\n    <div>\n <p>1<\/p>\n <p><H3>Origines et caract\u00e9ristiques<\/H3><\/p>\n\n<\/div>\n  \n<\/div>\n<p><\/br><\/p>\n<p>Ce fruit est donc tr\u00e8s commun dans cette r\u00e9gion du monde. En effet, non seulement il est cultiv\u00e9 sur les \u00eeles indon\u00e9siennes, mais aussi au Sri-Lanka et en Myanmar (Birmanie). De plus, il se trouve \u00e0 l&rsquo;\u00e9tat semi-sauvage sur toutes les Philippines et il est \u00e9galement tr\u00e8s pr\u00e9sent en Tha\u00eflande, Malaisie, Singapour et m\u00eame en Inde.<\/p>\n<p>La culture du bilimbi se r\u00e9pandit ensuite dans d&rsquo;autres zones tropicales du monde, telles que l&rsquo;Afrique ou l&rsquo;Australie. Dans ces r\u00e9gions, le fruit fut rapidement adopt\u00e9 par les cultivateurs locaux, qui l&rsquo;inclurent assez vite dans leur offre commerciale.<\/p>\n<p>En 1793, le bilimbi voyagea jusqu&rsquo;\u00e0 l&rsquo;arc des Cara\u00efbes, et choisit la Jama\u00efque comme premier port d&rsquo;arriv\u00e9e. Puis ce fut au tour de Cuba, de Porto Rico, de Trinidad et des Antilles d&rsquo;accueillir ce fruit aux allures de cornichon. <\/p>\n<p>Tr\u00e8s appr\u00e9ci\u00e9 dans la culture et la cuisine asiatique, le bilimbi fut \u00e9galement accueilli dans les pays d\u2019Am\u00e9rique Latine. Notamment du fait de la pr\u00e9sence d&rsquo;une forte communaut\u00e9 asiatique dans la r\u00e9gion.<\/p>\n<p>Le bilimbi, comme on l&rsquo;a vu pr\u00e9cedemment, ressemble \u00e0 un gros cornichon mais un peu translucide. Ellipso\u00efde, il pr\u00e9sente en quelque sorte 5 faces faiblement marqu\u00e9es et mesure entre 5 et 10 cm de long.<\/p>\n<p><\/p>\n<p>Immature, le fruit est craquant. Sa peau va passer du vert \u00e9clatant au jaune\/vert, voir ivoire et m\u00eame quasi-blanc lorsque le fruit va m\u00fbrir. Ce dernier va alors se d\u00e9tacher de l&rsquo;arbre et tomber au sol. La peau est brillante, tr\u00e8s fine, tendre. La chair, de son c\u00f4t\u00e9, est verte et poss\u00e8de la consistance de la gel\u00e9e. Cette pulp est \u00e0 la fois tr\u00e8s juteuse et tr\u00e8s acide.<\/p>\n<p>Entre 6 et 7 graines plates sont g\u00e9n\u00e9ralement lov\u00e9es \u00e0 l&rsquo;int\u00e9rieur, des graines lisses et brunes.<\/p>\n<p><\/br><\/p>\n <div class=\"hsg-featured-numb\">\n    <div>\n <p>2<\/p>\n <p><H3>Bilimbi de la R\u00e9union<\/H3><\/p>\n\n<\/div>\n  \n<\/div>\n<p><\/br><\/p>\n<p>Il aura fallu attendre 1764 pour que le bilimbi soit introduit sur l&rsquo;\u00eele de la R\u00e9union. <\/p>\n<p>Le bilimbi est un arbre qui a besoin d&rsquo;un climat chaud et humide. Or, ces conditions peuvent se trouver sur les litoraux de l&rsquo;\u00eele de la R\u00e9union, r\u00e9gion sur laquelle cet arbre s&rsquo;est vite implant\u00e9. Toutefois, il est \u00e0 noter que le climat r\u00e9unionnais n&rsquo;est plus tr\u00e8s favorable \u00e0 cet arbre au dessus de 400 m\u00e8tres d&rsquo;altitude, ce qui confine sa cultivation aux zones c\u00f4ti\u00e8res de l&rsquo;\u00eele.<\/p>\n<p>Si le bilimbi a fait une acclimatation r\u00e9ussie sur l&rsquo;\u00eele de la R\u00e9union, le cam\u00e9l\u00e9on de la R\u00e9union s&rsquo;est quant \u00e0 lui tr\u00e8s vite plu dans cet arbre !<br \/>\n<br \/>\nEn effet, les fleurs de cet arbre ont la particularit\u00e9 d&rsquo;attirer de nombreux insectes, friandises pr\u00e9f\u00e9r\u00e9es de l&rsquo;<i>Endormi<\/i>, surnom que nos amis r\u00e9unionnais donnent \u00e0 ce saurien expert du camouflage.<\/p>\n<p>Le bilimbi, le fruit, s&rsquo;est \u00e9galement invit\u00e9 dans la cuisine r\u00e9unionnaise, en version sal\u00e9e ou sucr\u00e9e : rougails et achards se retrouvent \u00e9pic\u00e9s par ce fruit-condiment, \u00e9galement pr\u00e9par\u00e9 comme un cornichon, dans du vinaigre ou du sel. <\/p>\n<p>En version sucr\u00e9e, ce sont de bilimbis confits au sucre ou de marmelade de bilimbi dont se d\u00e9lectent les insulaires r\u00e9unionnais.<\/p>\n<p>Tr\u00e8s pr\u00e9sent dans les parc et les jardins, le bilimbi r\u00e9unionnais produit en abondance et sans discontinuer, de f\u00e9vrier au mois d&rsquo;avril.<\/p>\n<p><\/br><\/p>\n <div class=\"hsg-featured-numb\">\n    <div>\n <p>3<\/p>\n <p><H3>Comment consommer les bilimbi<\/H3><\/p>\n\n<\/div>\n  \n<\/div>\n<p><\/br><\/p>\n<p>En raison de sa forte teneur en acide citrique, le bilimbi est rarement consomm\u00e9 cru. Il est en revanche tr\u00e8s utilis\u00e9 en tant que condiment.<\/p>\n<p>Dans la cuisine d&rsquo;Extr\u00eame Orient, on incorpore couramment des bilimbis bien m\u00fbrs aux currys pour accompagner plats et l\u00e9gumes. Les fruits entiers sont aussi fr\u00e9quemment pr\u00e9par\u00e9s au vinaigre \u00e0 la mani\u00e8re des cornichons.<\/p>\n<p>De l&rsquo;autre c\u00f4t\u00e9 du globe, dans la r\u00e9gion des Cara\u00efbes, le bilimbi fait aussi partie int\u00e9grante de la cuisine r\u00e9gionale.<\/p>\n<p>Au Costa Rica par exemple, il est de coutume d&rsquo;utiliser des bilimbis encore verts et crus pour pr\u00e9parer des relishs. Les relishs sont une pr\u00e9paration \u00e0 base de l\u00e9gumes marin\u00e9s, utilis\u00e9e comme condiment. Cette pr\u00e9paration peut aussi parfois accompagner des plats de viande ou de poisson, servis avec du riz et des haricots.<\/p>\n<p>Il entre aussi dans la composition des chutney, rempla\u00e7ant un autre fruit comme par exemple la mangue, rendant le m\u00e9lange plus facile \u00e0 conserver<\/p>\n<p>Si le fruit est vraiment trop acide, il est possible de r\u00e9duire un peu son acidit\u00e9 en plongeant le fruit frais dans de l&rsquo;eau pendant toute une nuit (ou dans de l&rsquo;eau sal\u00e9e pendant quelques heures).<\/p>\n<p>On peut alors cuire le fruit avec du sucre, et obtenir ainsi une confiture de bilimbi, au go\u00fbt un peu acide.<\/p>\n<p><\/br><\/p>\n<p><H2>II] Bienfaits et vertus du bilimbi<\/H3><\/p>\n<p><\/br><\/p>\n <div class=\"hsg-featured-numb\">\n    <div>\n <p>1<\/p>\n <p><H3>Bilimbi : analyse nutritionnelle<\/H3><\/p>\n\n<\/div>\n  \n<\/div>\n<p><\/br><\/p>\n<p>Dans une portion de 100g de bilimbi comestible, on retrouve environ :<br \/>\n<br \/> &#8211; eau : 94 g <br \/> &#8211; fibres : 0.6 g <br \/> &#8211; prot\u00e9ines : 0.6 g <br \/> &#8211; calcium : 3.4 mgg <br \/> &#8211; phosphore : 11 mg <br \/> &#8211; fer : 1 mg <br \/> &#8211; carot\u00e8ne : 0.03 mg <br \/> &#8211; vitamines B3 : 0.3 mg <br \/> &#8211; vitamines C : 15.5 mg<\/p>\n<p>On constate que ce fruit est gorg\u00e9 d&rsquo;eau, et tr\u00e8s peu calorique.<\/p>\n<p>La forte teneur en vitamine C en fait un parfait alli\u00e9 pour booster notre syst\u00e8me immunitaire, et nous permet de pr\u00e9venir, par exemple, des coups de froid. La vitamine C, associ\u00e9e au carot\u00e8ne, joue \u00e9galement un r\u00f4le important d&rsquo;anti-oxydant pour le corps humain.<\/p>\n<p><\/br><\/p>\n <div class=\"hsg-featured-numb\">\n    <div>\n <p>2<\/p>\n <p><H3>Usage en m\u00e9decine traditionnelle<\/H3><\/p>\n\n<\/div>\n  \n<\/div>\n<p><\/br><\/p>\n<p>Lorsqu&rsquo;il n&rsquo;est pas utilis\u00e9 en tant que condiment, le bilimbi peut tout \u00e0 fait \u00eatre utilis\u00e9 pour certaines de ces vertus m\u00e9dicinales. Ainsi, \u00e0 Java, le fruit combin\u00e9 \u00e0 du poivre est consomm\u00e9 pour favoriser la sudation lorsque les premiers signes de rhumes apparaissent. <\/p>\n<p>Les fruits, mix\u00e9s pour obtenir une p\u00e2te, sont \u00e9galement appliqu\u00e9s sur le corps pour aider au r\u00e9tablissement apr\u00e8s un \u00e9pisode fi\u00e9vreux. Le fruit est \u00e9galement administr\u00e9 pour soulager la toux. Enfin, le bilimbi aurait des vertus contre les h\u00e9morro\u00efdes.<\/p>\n<p>D&rsquo;autres parties de cette plante sont aussi utilis\u00e9es pour traiter divers sympt\u00f4mes de maladies. Par exemple, aux Philippines, les feuilles de bilimbi sont utilis\u00e9es en cataplasme pour soulager les d\u00e9mangeaisons. Les feuilles peuvent aussi \u00eatre appliqu\u00e9es sur les morsures envenim\u00e9es, sur les parties du corps souffrant de rhumatisme, ou sur les \u00e9ruptions cutan\u00e9es. Infus\u00e9es, ces feuilles soulageraient \u00e9galement la toux, et auraient un effet positif contre les inflammations rectales.<\/p>\n<p><\/br><\/p>\n<p><H2>III] Le saviez-vous ?<\/H2><\/p>\n<p><\/br><\/p>\n <div class=\"hsg-featured-numb\">\n    <div>\n <p>1<\/p>\n <p><H3>Le bilimbi comme d\u00e9tachant<\/H3><\/p>\n\n<\/div>\n  \n<\/div>\n<p><\/br><\/p>\n<p>Et oui, gr\u00e2ce \u00e0 l&rsquo;acide oxalique contenu dans cette plante, le bilimbi est utilis\u00e9, dans les r\u00e9gions o\u00f9 il pousse, comme d\u00e9tachant pour les habits. Une mani\u00e8re \u00e9cologique et originale de faire sa lessive ! Ce m\u00eame constituant a d&rsquo;ailleurs aussi un pouvoir de d\u00e9capant pour les m\u00e9taux.<\/p>\n<p><\/br><\/p>\n <div class=\"hsg-featured-numb\">\n    <div>\n <p>2<\/p>\n <p><H3>Saison et r\u00e9colte du bilimbi<\/H3><\/p>\n\n<\/div>\n  \n<\/div>\n<p><\/br><\/p>\n<p>Dans les r\u00e9gions tropicales de l&rsquo;h\u00e9misph\u00e8re Nord, l&rsquo;arbre commence \u00e0 fleurir \u00e0 partir du mois de f\u00e9vrier. La floraison, et la fructification, sera ensuite quasi continue jusqu&rsquo;au mois de d\u00e9cembre.<\/p>\n<p>La r\u00e9colte du bilimbi est g\u00e9n\u00e9ralement manuelle, en raison de la finesse de la peau de ce fruit, qui rend sa cueillette d\u00e9licate. Une fois cueilli, ces fruits ne se conservent pas longtemps, quelques jours tout au plus.<\/p>\n<p><\/br><\/p>\n <div class=\"hsg-featured-numb\">\n    <div>\n <p>3<\/p>\n <p><H3>Le bilimbi, une plante cauliflore<\/H3><\/p>\n\n<\/div>\n  \n<\/div>\n<p><\/br><\/p>\n<p>Ce qui signifie que les fleurs, et donc plus tard les fruits, poussent directement sur le tronc ! Et non sur les tiges comme c&rsquo;est le cas pour la plupart des arbres fruitiers. Ce sont donc directement attach\u00e9es au tronc que l&rsquo;on va retrouver les grappes de bilimbi !<\/p>\n<p><\/br><br \/>\n<img loading=\"lazy\" width=\"565\" height=\"847\" src=\"https:\/\/www.alexetalex.com\/wp-content\/uploads\/2019\/10\/85912531_s.jpg\" alt=\"grappes de bilimbi ou concombre d&#039;inde sur l&#039;arbre\" class=\"alignnone size-full wp-image-11933\" srcset=\"https:\/\/www.alexetalex.com\/ca\/wp-content\/uploads\/2019\/10\/85912531_s.jpg 565w, https:\/\/www.alexetalex.com\/ca\/wp-content\/uploads\/2019\/10\/85912531_s-250x375.jpg 250w, https:\/\/www.alexetalex.com\/ca\/wp-content\/uploads\/2019\/10\/85912531_s-120x180.jpg 120w, https:\/\/www.alexetalex.com\/ca\/wp-content\/uploads\/2019\/10\/85912531_s-320x480.jpg 320w\" sizes=\"(max-width: 565px) 100vw, 565px\" \/><br \/>\n<br \/><\/br><\/p>\n<p>Le bilimbi n&rsquo;est bien s\u00fbr pas le seul arbre fruitier \u00e0 pr\u00e9senter cette caract\u00e9ristique, on peut notamment citer le <a href=\"https:\/\/www.alexetalex.com\/ca\/dossiers-fruites\/route-des-fruits\/papaye\/\" rel=\"noopener noreferrer\" target=\"_blank\">papayer<\/a>, le <a href=\"https:\/\/www.alexetalex.com\/ca\/dossiers-fruites\/route-des-fruits\/durian\/\" rel=\"noopener noreferrer\" target=\"_blank\">durian<\/a>, ou encore le <a href=\"https:\/\/www.alexetalex.com\/ca\/dossiers-fruites\/fruit-et-nutrition\/jaboticaba\/\" rel=\"noopener noreferrer\" target=\"_blank\">jaboticaba<\/a>.<\/p>\n<p><\/br><\/p>\n<p><strong>Pour continuer d&rsquo;apprendre :<\/strong><\/p>\n<p>&#8211; <a href=\"https:\/\/www.alexetalex.com\/ca\/dossiers-fruites\/fruit-et-nutrition\/icaque\/\" rel=\"noopener noreferrer\" target=\"_blank\">L&rsquo;icaque, de la famille du litchi, vous connaissez ?<\/a><br \/>\n<br \/>&#8211; <a href=\"https:\/\/www.alexetalex.com\/ca\/dossiers-fruites\/fruit-et-nutrition\/curcuma-guide-complet\/\" rel=\"noopener noreferrer\" target=\"_blank\">Le curcuma va lui aussi rehausser les saveurs et booster votre corps<\/a><br \/>\n<br \/>&#8211; <a href=\"https:\/\/www.alexetalex.com\/ca\/dossiers-fruites\/fruit-et-nutrition\/figue-barbarie-bienfaits\/\" rel=\"noopener noreferrer\" target=\"_blank\">On vous r\u00e9v\u00e8le tous les bienfaits de la Figue de barbarie. Et ils sont nombreux !<\/a><\/p>\n","protected":false},"excerpt":{"rendered":"<p>Bilimbi : guide complet sur ce fruit d&rsquo;Indon\u00e9sie Le bilimbi est un fruit de la m\u00eame famille que la carambole. En raison de son apparence et de sa provenance, il est aussi connu sous le nom de Cornichon d&rsquo;Inde aux Antilles et \u00e0 la R\u00e9union. Tout comme le cornichon, le bilimbi s&rsquo;utilise en cuisine en [&hellip;]<\/p>\n","protected":false},"author":4,"featured_media":11929,"parent":8732,"menu_order":0,"comment_status":"closed","ping_status":"closed","template":"","meta":{"_et_pb_use_builder":"","_et_pb_old_content":"","_et_gb_content_width":""},"acf":[],"yoast_head":"<!-- This site is optimized with the Yoast SEO plugin v17.6 - https:\/\/yoast.com\/wordpress\/plugins\/seo\/ -->\n<title>Bilimbi (fruit) : caract\u00e9ristiques, saisons, recettes et bienfaits - Alex&amp;Alex<\/title>\n<meta name=\"description\" content=\"Le bilimbi est un fruit de la m\u00eame famille que la carambole. Aussi appel\u00e9 Cornichon d&#039;Inde aux Antilles et \u00e0 la R\u00e9union, en raison de ses origines et de sa ressemblance avec ce condiment bien connu chez nous, le bilimbi est lui aussi principalement utilis\u00e9 en cuisine en tant que rehausseur de go\u00fbt et de saveurs.\" \/>\n<meta name=\"robots\" content=\"index, follow, max-snippet:-1, max-image-preview:large, max-video-preview:-1\" \/>\n<link rel=\"canonical\" href=\"https:\/\/www.alexetalex.com\/ca\/dossiers-fruites\/route-des-fruits\/bilimbi\/\" \/>\n<meta property=\"og:locale\" content=\"fr_FR\" \/>\n<meta property=\"og:type\" content=\"article\" \/>\n<meta property=\"og:title\" content=\"Bilimbi (fruit) : caract\u00e9ristiques, saisons, recettes et bienfaits - Alex&amp;Alex\" \/>\n<meta property=\"og:description\" content=\"Le bilimbi est un fruit de la m\u00eame famille que la carambole. Aussi appel\u00e9 Cornichon d&#039;Inde aux Antilles et \u00e0 la R\u00e9union, en raison de ses origines et de sa ressemblance avec ce condiment bien connu chez nous, le bilimbi est lui aussi principalement utilis\u00e9 en cuisine en tant que rehausseur de go\u00fbt et de saveurs.\" \/>\n<meta property=\"og:url\" content=\"https:\/\/www.alexetalex.com\/ca\/dossiers-fruites\/route-des-fruits\/bilimbi\/\" \/>\n<meta property=\"article:modified_time\" content=\"2020-10-27T14:58:30+00:00\" \/>\n<meta property=\"og:image\" content=\"https:\/\/www.alexetalex.com\/ca\/wp-content\/uploads\/2019\/10\/91343202_s.jpg\" \/>\n\t<meta property=\"og:image:width\" content=\"848\" \/>\n\t<meta property=\"og:image:height\" content=\"565\" \/>\n<meta name=\"twitter:label1\" content=\"Dur\u00e9e de lecture estim\u00e9e\" \/>\n\t<meta name=\"twitter:data1\" content=\"7 minutes\" \/>\n<script type=\"application\/ld+json\" class=\"yoast-schema-graph\">{\"@context\":\"https:\/\/schema.org\",\"@graph\":[{\"@type\":\"Organization\",\"@id\":\"https:\/\/www.alexetalex.com\/ca\/#organization\",\"name\":\"Alex & Alex\",\"url\":\"https:\/\/www.alexetalex.com\/ca\/\",\"sameAs\":[],\"logo\":{\"@type\":\"ImageObject\",\"@id\":\"https:\/\/www.alexetalex.com\/ca\/#logo\",\"inLanguage\":\"fr-FR\",\"url\":\"https:\/\/www.alexetalex.com\/ca\/wp-content\/uploads\/2020\/04\/alexalex-1.png\",\"contentUrl\":\"https:\/\/www.alexetalex.com\/ca\/wp-content\/uploads\/2020\/04\/alexalex-1.png\",\"width\":51,\"height\":50,\"caption\":\"Alex & Alex\"},\"image\":{\"@id\":\"https:\/\/www.alexetalex.com\/ca\/#logo\"}},{\"@type\":\"WebSite\",\"@id\":\"https:\/\/www.alexetalex.com\/ca\/#website\",\"url\":\"https:\/\/www.alexetalex.com\/ca\/\",\"name\":\"\",\"description\":\"\",\"publisher\":{\"@id\":\"https:\/\/www.alexetalex.com\/ca\/#organization\"},\"potentialAction\":[{\"@type\":\"SearchAction\",\"target\":{\"@type\":\"EntryPoint\",\"urlTemplate\":\"https:\/\/www.alexetalex.com\/ca\/?s={search_term_string}\"},\"query-input\":\"required name=search_term_string\"}],\"inLanguage\":\"fr-FR\"},{\"@type\":\"ImageObject\",\"@id\":\"https:\/\/www.alexetalex.com\/ca\/dossiers-fruites\/route-des-fruits\/bilimbi\/#primaryimage\",\"inLanguage\":\"fr-FR\",\"url\":\"https:\/\/www.alexetalex.com\/ca\/wp-content\/uploads\/2019\/10\/91343202_s.jpg\",\"contentUrl\":\"https:\/\/www.alexetalex.com\/ca\/wp-content\/uploads\/2019\/10\/91343202_s.jpg\",\"width\":848,\"height\":565,\"caption\":\"Averrhoa bilimbi fruit on tree\"},{\"@type\":\"WebPage\",\"@id\":\"https:\/\/www.alexetalex.com\/ca\/dossiers-fruites\/route-des-fruits\/bilimbi\/#webpage\",\"url\":\"https:\/\/www.alexetalex.com\/ca\/dossiers-fruites\/route-des-fruits\/bilimbi\/\",\"name\":\"Bilimbi (fruit) : caract\\u00e9ristiques, saisons, recettes et bienfaits - Alex&Alex\",\"isPartOf\":{\"@id\":\"https:\/\/www.alexetalex.com\/ca\/#website\"},\"primaryImageOfPage\":{\"@id\":\"https:\/\/www.alexetalex.com\/ca\/dossiers-fruites\/route-des-fruits\/bilimbi\/#primaryimage\"},\"datePublished\":\"2019-10-18T08:47:09+00:00\",\"dateModified\":\"2020-10-27T14:58:30+00:00\",\"description\":\"Le bilimbi est un fruit de la m\\u00eame famille que la carambole. Aussi appel\\u00e9 Cornichon d'Inde aux Antilles et \\u00e0 la R\\u00e9union, en raison de ses origines et de sa ressemblance avec ce condiment bien connu chez nous, le bilimbi est lui aussi principalement utilis\\u00e9 en cuisine en tant que rehausseur de go\\u00fbt et de saveurs.\",\"breadcrumb\":{\"@id\":\"https:\/\/www.alexetalex.com\/ca\/dossiers-fruites\/route-des-fruits\/bilimbi\/#breadcrumb\"},\"inLanguage\":\"fr-FR\",\"potentialAction\":[{\"@type\":\"ReadAction\",\"target\":[\"https:\/\/www.alexetalex.com\/ca\/dossiers-fruites\/route-des-fruits\/bilimbi\/\"]}]},{\"@type\":\"BreadcrumbList\",\"@id\":\"https:\/\/www.alexetalex.com\/ca\/dossiers-fruites\/route-des-fruits\/bilimbi\/#breadcrumb\",\"itemListElement\":[{\"@type\":\"ListItem\",\"position\":1,\"name\":\"Magazine\",\"item\":\"https:\/\/www.alexetalex.com\/ca\/dossiers-fruites\/\"},{\"@type\":\"ListItem\",\"position\":2,\"name\":\"Fruits\",\"item\":\"https:\/\/www.alexetalex.com\/ca\/dossiers-fruites\/route-des-fruits\/\"},{\"@type\":\"ListItem\",\"position\":3,\"name\":\"Dossier\"}]}]}<\/script>\n<!-- \/ Yoast SEO plugin. -->","yoast_head_json":{"title":"Bilimbi (fruit) : caract\u00e9ristiques, saisons, recettes et bienfaits - Alex&Alex","description":"Le bilimbi est un fruit de la m\u00eame famille que la carambole. Aussi appel\u00e9 Cornichon d'Inde aux Antilles et \u00e0 la R\u00e9union, en raison de ses origines et de sa ressemblance avec ce condiment bien connu chez nous, le bilimbi est lui aussi principalement utilis\u00e9 en cuisine en tant que rehausseur de go\u00fbt et de saveurs.","robots":{"index":"index","follow":"follow","max-snippet":"max-snippet:-1","max-image-preview":"max-image-preview:large","max-video-preview":"max-video-preview:-1"},"canonical":"https:\/\/www.alexetalex.com\/ca\/dossiers-fruites\/route-des-fruits\/bilimbi\/","og_locale":"fr_FR","og_type":"article","og_title":"Bilimbi (fruit) : caract\u00e9ristiques, saisons, recettes et bienfaits - Alex&Alex","og_description":"Le bilimbi est un fruit de la m\u00eame famille que la carambole. Aussi appel\u00e9 Cornichon d'Inde aux Antilles et \u00e0 la R\u00e9union, en raison de ses origines et de sa ressemblance avec ce condiment bien connu chez nous, le bilimbi est lui aussi principalement utilis\u00e9 en cuisine en tant que rehausseur de go\u00fbt et de saveurs.","og_url":"https:\/\/www.alexetalex.com\/ca\/dossiers-fruites\/route-des-fruits\/bilimbi\/","article_modified_time":"2020-10-27T14:58:30+00:00","og_image":[{"width":848,"height":565,"url":"https:\/\/www.alexetalex.com\/ca\/wp-content\/uploads\/2019\/10\/91343202_s.jpg","type":"image\/jpeg"}],"twitter_misc":{"Dur\u00e9e de lecture estim\u00e9e":"7 minutes"},"schema":{"@context":"https:\/\/schema.org","@graph":[{"@type":"Organization","@id":"https:\/\/www.alexetalex.com\/ca\/#organization","name":"Alex & Alex","url":"https:\/\/www.alexetalex.com\/ca\/","sameAs":[],"logo":{"@type":"ImageObject","@id":"https:\/\/www.alexetalex.com\/ca\/#logo","inLanguage":"fr-FR","url":"https:\/\/www.alexetalex.com\/ca\/wp-content\/uploads\/2020\/04\/alexalex-1.png","contentUrl":"https:\/\/www.alexetalex.com\/ca\/wp-content\/uploads\/2020\/04\/alexalex-1.png","width":51,"height":50,"caption":"Alex & Alex"},"image":{"@id":"https:\/\/www.alexetalex.com\/ca\/#logo"}},{"@type":"WebSite","@id":"https:\/\/www.alexetalex.com\/ca\/#website","url":"https:\/\/www.alexetalex.com\/ca\/","name":"","description":"","publisher":{"@id":"https:\/\/www.alexetalex.com\/ca\/#organization"},"potentialAction":[{"@type":"SearchAction","target":{"@type":"EntryPoint","urlTemplate":"https:\/\/www.alexetalex.com\/ca\/?s={search_term_string}"},"query-input":"required name=search_term_string"}],"inLanguage":"fr-FR"},{"@type":"ImageObject","@id":"https:\/\/www.alexetalex.com\/ca\/dossiers-fruites\/route-des-fruits\/bilimbi\/#primaryimage","inLanguage":"fr-FR","url":"https:\/\/www.alexetalex.com\/ca\/wp-content\/uploads\/2019\/10\/91343202_s.jpg","contentUrl":"https:\/\/www.alexetalex.com\/ca\/wp-content\/uploads\/2019\/10\/91343202_s.jpg","width":848,"height":565,"caption":"Averrhoa bilimbi fruit on tree"},{"@type":"WebPage","@id":"https:\/\/www.alexetalex.com\/ca\/dossiers-fruites\/route-des-fruits\/bilimbi\/#webpage","url":"https:\/\/www.alexetalex.com\/ca\/dossiers-fruites\/route-des-fruits\/bilimbi\/","name":"Bilimbi (fruit) : caract\u00e9ristiques, saisons, recettes et bienfaits - Alex&Alex","isPartOf":{"@id":"https:\/\/www.alexetalex.com\/ca\/#website"},"primaryImageOfPage":{"@id":"https:\/\/www.alexetalex.com\/ca\/dossiers-fruites\/route-des-fruits\/bilimbi\/#primaryimage"},"datePublished":"2019-10-18T08:47:09+00:00","dateModified":"2020-10-27T14:58:30+00:00","description":"Le bilimbi est un fruit de la m\u00eame famille que la carambole. Aussi appel\u00e9 Cornichon d'Inde aux Antilles et \u00e0 la R\u00e9union, en raison de ses origines et de sa ressemblance avec ce condiment bien connu chez nous, le bilimbi est lui aussi principalement utilis\u00e9 en cuisine en tant que rehausseur de go\u00fbt et de saveurs.","breadcrumb":{"@id":"https:\/\/www.alexetalex.com\/ca\/dossiers-fruites\/route-des-fruits\/bilimbi\/#breadcrumb"},"inLanguage":"fr-FR","potentialAction":[{"@type":"ReadAction","target":["https:\/\/www.alexetalex.com\/ca\/dossiers-fruites\/route-des-fruits\/bilimbi\/"]}]},{"@type":"BreadcrumbList","@id":"https:\/\/www.alexetalex.com\/ca\/dossiers-fruites\/route-des-fruits\/bilimbi\/#breadcrumb","itemListElement":[{"@type":"ListItem","position":1,"name":"Magazine","item":"https:\/\/www.alexetalex.com\/ca\/dossiers-fruites\/"},{"@type":"ListItem","position":2,"name":"Fruits","item":"https:\/\/www.alexetalex.com\/ca\/dossiers-fruites\/route-des-fruits\/"},{"@type":"ListItem","position":3,"name":"Dossier"}]}]}},"_links":{"self":[{"href":"https:\/\/www.alexetalex.com\/ca\/wp-json\/wp\/v2\/pages\/11927"}],"collection":[{"href":"https:\/\/www.alexetalex.com\/ca\/wp-json\/wp\/v2\/pages"}],"about":[{"href":"https:\/\/www.alexetalex.com\/ca\/wp-json\/wp\/v2\/types\/page"}],"author":[{"embeddable":true,"href":"https:\/\/www.alexetalex.com\/ca\/wp-json\/wp\/v2\/users\/4"}],"replies":[{"embeddable":true,"href":"https:\/\/www.alexetalex.com\/ca\/wp-json\/wp\/v2\/comments?post=11927"}],"version-history":[{"count":5,"href":"https:\/\/www.alexetalex.com\/ca\/wp-json\/wp\/v2\/pages\/11927\/revisions"}],"predecessor-version":[{"id":17378,"href":"https:\/\/www.alexetalex.com\/ca\/wp-json\/wp\/v2\/pages\/11927\/revisions\/17378"}],"up":[{"embeddable":true,"href":"https:\/\/www.alexetalex.com\/ca\/wp-json\/wp\/v2\/pages\/8732"}],"wp:featuredmedia":[{"embeddable":true,"href":"https:\/\/www.alexetalex.com\/ca\/wp-json\/wp\/v2\/media\/11929"}],"wp:attachment":[{"href":"https:\/\/www.alexetalex.com\/ca\/wp-json\/wp\/v2\/media?parent=11927"}],"curies":[{"name":"wp","href":"https:\/\/api.w.org\/{rel}","templated":true}]}}