{"id":11937,"date":"2019-10-21T08:04:15","date_gmt":"2019-10-21T07:04:15","guid":{"rendered":"https:\/\/www.alexetalex.com\/ca\/?page_id=11937"},"modified":"2020-11-11T14:17:00","modified_gmt":"2020-11-11T13:17:00","slug":"jamblon","status":"publish","type":"page","link":"https:\/\/www.alexetalex.com\/ca\/dossiers-fruites\/route-des-fruits\/jamblon\/","title":{"rendered":"Jamblon (fruit) : guide complet"},"content":{"rendered":"<p><H1>Le Jamblon : guide complet<\/H1><\/p>\n<p><\/br><\/p>\n<p>Peu connu, le <strong>jamblon<\/strong>, est un fruit aux allures d&rsquo;olive dont les \u00e9clats sont d&rsquo;un noir profond. Il pr\u00e9sente toutefois plus d\u2019int\u00e9r\u00eat en tant que plante m\u00e9dicinale que pour ses qualit\u00e9s gustatives. Ce fruit r\u00e9pond \u00e0 diff\u00e9rentes appellations, dont <i>prune de java<\/i> ou encore <i>t\u00e9t\u00e9 n\u00e9gresse<\/i>. Par ailleurs, ce fruit tropical est encore pr\u00e9sent en m\u00e9decine traditionnelle gr\u00e2ce \u00e0 ses diff\u00e9rentes vertus, dont son possible effet contre le diab\u00e8te.<\/p>\n<p><\/br><\/p>\n<p><img loading=\"lazy\" width=\"848\" height=\"565\" src=\"https:\/\/www.alexetalex.com\/wp-content\/uploads\/2019\/10\/118621547_s.jpg\" title=\"Baies de jamblon\" alt=\"jamblon fruit exotique aux vertus m\u00e9dicinales\" class=\"alignnone size-full wp-image-11979\" srcset=\"https:\/\/www.alexetalex.com\/ca\/wp-content\/uploads\/2019\/10\/118621547_s.jpg 848w, https:\/\/www.alexetalex.com\/ca\/wp-content\/uploads\/2019\/10\/118621547_s-600x400.jpg 600w, https:\/\/www.alexetalex.com\/ca\/wp-content\/uploads\/2019\/10\/118621547_s-250x167.jpg 250w, https:\/\/www.alexetalex.com\/ca\/wp-content\/uploads\/2019\/10\/118621547_s-768x512.jpg 768w, https:\/\/www.alexetalex.com\/ca\/wp-content\/uploads\/2019\/10\/118621547_s-700x466.jpg 700w, https:\/\/www.alexetalex.com\/ca\/wp-content\/uploads\/2019\/10\/118621547_s-120x80.jpg 120w, https:\/\/www.alexetalex.com\/ca\/wp-content\/uploads\/2019\/10\/118621547_s-320x213.jpg 320w\" sizes=\"(max-width: 848px) 100vw, 848px\" \/><\/p>\n<p><\/br><\/p>\n<p>Le jamblon est une plante \u00e0 la croissance rapide, envahissante, voire m\u00eame consid\u00e9r\u00e9e comme une plante invasive dans certaines r\u00e9gions d&rsquo;implantation, comme la R\u00e9union. Malgr\u00e9 sa prolificit\u00e9 un peu excessive, cet arbre s&rsquo;appr\u00e9cie beaucoup pour l&rsquo;ombre rafra\u00eechissante qu&rsquo;il prodigue sous le soleil des tropiques. Sc\u00e8ne idyllique \u00e0 relever avec un verre de rhum arrang\u00e9&#8230; arrang\u00e9 au jamblon bien \u00e9videmment !<\/p>\n<p><\/br><\/p>\n<p><H2>I] Le jamblon : tout savoir en 2 minutes sur ce petit fruit noir<\/H2><\/p>\n<p><\/br><\/p>\n<p>Ce petit fruit gorg\u00e9 de bienfaits pour l&rsquo;organisme humain est bien connu depuis des si\u00e8cles dans sa r\u00e9gion d&rsquo;origine, l&rsquo;Inde. Il est d&rsquo;ailleurs utilis\u00e9 encore aujourd&rsquo;hui dans des c\u00e9r\u00e9monies en l&rsquo;honneur du dieu Ganesh, l&rsquo;une des divinit\u00e9s qui sont le plus v\u00e9n\u00e9r\u00e9es la religion hindoue.<\/p>\n<p><\/br><\/p>\n <div class=\"hsg-featured-numb\">\n    <div>\n <p>1<\/p>\n <p><H3>Jamblon : origines et description<\/H3><\/p>\n\n<\/div>\n  \n<\/div>\n<p><\/br><\/p>\n<p>Le jamblon pousse sur l&rsquo;arbre portant le nom de jamelonier. Cet arbre est originaire d&rsquo;Inde, de Birmanie et du Sri Lanka. Son introduction en Malaisie remonte \u00e0 fort longtemps, et plus g\u00e9n\u00e9ralement dans toute l&rsquo;Asie du Sud-Est, puis sur la c\u00f4te Est-Africaine. <\/p>\n<p>Son introduction aux Cara\u00efbes est bien plus r\u00e9cente, vers le d\u00e9but du 20\u00e8me si\u00e8cle.<\/p>\n<p>Les fruits jamblon poussent sur l&rsquo;arbre en grappes, chaque grappe pouvant contenir jusqu&rsquo;\u00e0 40 fruits. A la mani\u00e8re d&rsquo;une olive, le fruit est rond ou oblong, souvent un peu incurv\u00e9. La taille des baies varie de 1 \u00e0 5 cm de long, et elles passent de la couleur verte lorsqu&rsquo;elles ne sont pas encore m\u00fbres, \u00e0 un magenta l\u00e9ger puis \u00e0 un violet intense voire noir lorsqu&rsquo;elles ont atteint leur compl\u00e8te maturit\u00e9.<\/p>\n<p>La peau est fine, lisse, brillante et adh\u00e8re \u00e0 la chair. Cette derni\u00e8re peut \u00eatre blanche ou violette. Elle est, en revanche, toujours tr\u00e8s juteuse, et renferme la plupart du temps une unique graine, assez volumineuse. <\/p>\n<p>\u00c0 la d\u00e9gustation, cette chair se r\u00e9v\u00e8le astringente, acide ou peu sucr\u00e9e. Ne vous attendez donc pas \u00e0 une explosion de saveurs gourmandes lors de la d\u00e9gustation de ce fruit frais ! <\/p>\n<p><\/br><\/p>\n <div class=\"hsg-featured-numb\">\n    <div>\n <p>2<\/p>\n <p><H3>Jamblon : un fruit courant \u00e0 la R\u00e9union<\/H3><\/p>\n\n<\/div>\n  \n<\/div>\n<p><\/br><\/p>\n<p>La naturalisation du jamelonier d&rsquo;Inde vers l&rsquo;\u00eele de la R\u00e9union s&rsquo;est faite sans probl\u00e8me, en raison du climat propice \u00e0 cet arbre r\u00e9gnant sur l&rsquo;\u00eele.<\/p>\n<p>On retrouve notamment le jamelonier sur le littoral et dans les for\u00eats les plus s\u00e8ches de l\u2019\u00eele, en particulier le long des ravines de l&rsquo;Ouest et sur les alluvions.<\/p>\n<p>C&rsquo;est une esp\u00e8ce \u00e0 la propagation rapide, qui peut \u00eatre une menace pour la biodiversit\u00e9 dans certaines parties de l&rsquo;\u00eele.<\/p>\n<p>Les belles petites fleurs blanches de cet arbres vont commencer \u00e0 exhaler leur parfum \u00e0 partir du mois de d\u00e9cembre, pour ensuite se transformer en ces fameux jamblons, dont la compl\u00e8te maturit\u00e9 aura lieu vers le mois d&rsquo;avril.<\/p>\n<p><\/br><\/p>\n <div class=\"hsg-featured-numb\">\n    <div>\n <p>3<\/p>\n <p><H3>De la poudre de jamblon contre le diab\u00e8te<\/H3><\/p>\n\n<\/div>\n  \n<\/div>\n<p><\/br><\/p>\n<p>De la <strong>poudre de graines<\/strong> de jamblon plus exactement.<\/p>\n<p>En effet, ces graines, une fois qu&rsquo;elles ont \u00e9t\u00e9 r\u00e9duites en poudre, sont utilis\u00e9es pour traiter les patients atteints de diab\u00e8tes ou pr\u00e9sentant des traces de sucre dans les urines. <\/p>\n<p>Dans la plupart des cas, le taux de sucre dans le sang est rapidement abaiss\u00e9 apr\u00e8s ingestion de la poudre de graine de jamblon, sans effet secondaire constat\u00e9. <\/p>\n<p>Plusieurs tests on \u00e9t\u00e9 men\u00e9s en laboratoire, sur des chiens et des lapins,  et ont confirm\u00e9 l&rsquo;effet rapide et positif sur la r\u00e9duction du taux de sucre dans le sang, suite \u00e0 l&rsquo;ingestion de poudre de graines de jamblon s\u00e9ch\u00e9es.<\/p>\n<p><\/br><\/p>\n<p><H2>II] Bienfaits et vertus du jamblon<\/H3><\/p>\n<p><\/br><\/p>\n<p>C&rsquo;est ind\u00e9niablement en tant que plante m\u00e9dicinale que le jamblon a re\u00e7u le plus de reconnaissances. Ses vertus m\u00e9dicinales vont, effectivement, bien au del\u00e0 du plaisir mod\u00e9r\u00e9 qui peut r\u00e9sulter de sa d\u00e9gustation (principalement \u00e0 cause de son fort pouvoir astringent en bouche et de la saveur acidul\u00e9 tr\u00e8s prononc\u00e9e). <\/p>\n<p><\/br><\/p>\n <div class=\"hsg-featured-numb\">\n    <div>\n <p>1<\/p>\n <p><H3>Analyse nutritionnelle<\/H3><\/p>\n\n<\/div>\n  \n<\/div>\n<p><\/br><\/p>\n<p>Dans 100 grammes de jamblon, on retrouve environ :<\/p>\n<p>&#8211; eau : 85 g <br \/>&#8211; prot\u00e9ines : 0.1 g <br \/>&#8211; lipides : 0.2 g <br \/>&#8211; fibres :\t0.5 g <br \/>&#8211; glucides : 14.0 g <br \/>&#8211; calcium\t: 10 mg <br \/>&#8211; magnesium\t: 35 mg <br \/>&#8211; phosphore : 15 mg <br \/>&#8211; fer : 1.5 mg <br \/>&#8211; sodium : 26.2 mg <br \/>&#8211; potassium : 55 mg <br \/>&#8211; cuivre : 0.23 mg <br \/>&#8211; vitamine A : 80 U.I. <br \/>&#8211; vitamine B1 : 0.01 mg <br \/>&#8211; vitamine B2 : 0.01 mg <br \/>&#8211; vitamine B3 : 0.25 mg <br \/>&#8211; vitamine C : 10 mg <br \/>&#8211; acide folique : 3 \u00b5g<\/p>\n<p>Comme c&rsquo;est le cas pour la plupart des petites baies, le jamblon est riche en min\u00e9raux, vitamines, et autres \u00e9l\u00e9ments essentiels pour notre organisme.<\/p>\n<p>Ces apports en \u00e9l\u00e9ments essentiels qui sont pr\u00e9sents dans le jamblon encouragent donc sa consommation.<\/p>\n<p><\/br><\/p>\n <div class=\"hsg-featured-numb\">\n    <div>\n <p>2<\/p>\n <p><H3>Une plante m\u00e9dicinale dans laquelle tout est bon<\/H3><\/p>\n\n<\/div>\n  \n<\/div>\n<p><\/br><\/p>\n<p>D&rsquo;ailleurs, la richesse nutritive et m\u00e9dicinale du jamblon ne se restreignent pas au fruit. Elles sont aussi pr\u00e9sentes dans le reste de la plante.<br \/>\n<\/br><\/p>\n<p><strong>>>> Le fruit en lui-m\u00eame :<\/strong><\/p>\n<p><strong>Le jamblon consomm\u00e9 frais<\/strong> est r\u00e9put\u00e9 pour \u00eatre astringent. C&rsquo;est-\u00e0-dire, qu&rsquo;il resserre les tissus vivants. D&rsquo;ailleurs il est aussi stomachique (stimule l&rsquo;estomac et la digestion), carminatif (r\u00e9duit les gaz intestinaux) et diur\u00e9tique (favorise les s\u00e9cr\u00e9tions urinaires).<\/p>\n<p><strong>La confiture de jamblon<\/strong>, mais aussi le jus du fruit bien m\u00fbr, peuvent \u00eatre utilis\u00e9s pour traiter les diarrh\u00e9es aigu\u00ebs.<\/p>\n<p><strong>Le jus de jamblon<\/strong>, dilu\u00e9 \u00e0 de l&rsquo;eau peut aussi servir en gargarisme pour soigner les affections de la gorge.<\/p>\n<p><\/br><\/p>\n<p><strong>>>> Les graines et l&rsquo;\u00e9corce de jamelonier :<\/strong><\/p>\n<p>Les graines et l&rsquo;\u00e9corce de jamelonier ont \u00e9galement des vertus m\u00e9dicinales. Elles contiennent en effet plusieurs substances actives, comme l&rsquo;alcalo\u00efdes <i>jambosine<\/i>, et un glycosides, appel\u00e9 <i>jambolin<\/i>. Ces \u00e9l\u00e9ments ont notamment pour effet d&rsquo;arr\u00eater la transformation de l&rsquo;amidon en glucose. C&rsquo;est pour cette raison que les graines de jamblon sont s&rsquo;utilisent couramment faire baisser le taux de sucre dans le sang des personnes diab\u00e8tiques, comme vous l&rsquo;avez lu dans les paragraphes pr\u00e9c\u00e9dents.<\/p>\n<p>Un autre constituant des graines de jamblon, l&rsquo;acide ellagique, un anti-oxydant v\u00e9g\u00e9tal aux vertus m\u00e9dicinales, a pour effet de faire baisser la tension art\u00e9rielle. L&rsquo;acide ellagique n&rsquo;est qu&rsquo;un des 34 autres polyph\u00e9nols identifi\u00e9s dans les graines et l&rsquo;\u00e9corce de cette plantes. <\/p>\n<p>Les polyph\u00e9nols sont des mol\u00e9cules \u00e0 l\u2019int\u00e9r\u00eat croissant en m\u00e9decine en raison de leurs extraordinaires vertus pour notre organisme. Leur r\u00f4le d&rsquo;<strong>anti-oxydant naturel<\/strong> suscite actuellement les plus grandes esp\u00e9rances, notamment pour pr\u00e9venir et traiter les cancers, les maladies inflammatoires, neurologiques et cardiovasculaires.<\/p>\n<p><\/br><\/p>\n<p><strong>>>> Les feuilles de jamelonier :<\/strong><\/p>\n<p>Les feuilles viennent elles aussi contribuer aux vertus multiples de cette plante m\u00e9dicinale. Cela est en parti d\u00fb \u00e0 leur forte teneur en tanin  (12 \u00e0 13% sur leur poids s\u00e9ch\u00e9).<\/p>\n<p>Le jus extrait de ces feuilles est utilis\u00e9 en m\u00e9decine traditionnelle pour traiter la dysenterie. <\/p>\n<p>En cataplasmes, appliqu\u00e9s sur les zones touch\u00e9es, elles peuvent aider dans le traitement des affections de la peau.<\/p>\n<p>Enfin, les tiges, les boutons floraux et m\u00eame les fleurs ont des vertus antibiotiques.<\/p>\n<p>Pour conclure, vous l&rsquo;aurez constat\u00e9, tout est bon dans la jamblon !<\/p>\n<p><\/br><\/p>\n<p><H2>III] Le saviez-vous ?<\/H2><\/p>\n<p><\/br><\/p>\n <div class=\"hsg-featured-numb\">\n    <div>\n <p>1<\/p>\n <p><H3>Manger du jamblon bleuit la langue !<\/H3><\/p>\n\n<\/div>\n  \n<\/div>\n<p><\/br><br \/>\nLe jamblon contient de l&rsquo;<i>Anthocyane<\/i> (du grec anthos \u00ab fleur \u00bb et kuanos \u00ab bleu sombre \u00bb), c&rsquo;est \u00e0 dire un pigment naturel que l&rsquo;on retrouve dans les v\u00e9g\u00e9taux comme la m\u00fbre, la prune, le raisin noir ou encore la cerise ou les oranges sanguine. Ces pigments sont \u00e9galement ceux que qui donnent leur couleur rouge-orang\u00e9e aux feuilles d&rsquo;automne. <\/p>\n<p>Ce pigment n&rsquo;est donc pas toujours de couleur bleue, contrairement \u00e0 ce que sous-entendent les origines \u00e9tymologiques de ce mot, ses couleurs peuvent aller du bleu intense, au rouge-orang\u00e9, en passant par le violet.<\/p>\n<p>Pour le jamblon ce sont donc des anthocyanes bleus qui se d\u00e9posent sur notre langue lorsqu&rsquo;on d\u00e9guste ce fruit, la rendant toute bleue !<\/p>\n<p>Il est int\u00e9ressant de noter que cet particularit\u00e9 n&rsquo;est pas simplement amusante, les anthocyanes jouent \u00e9galement un r\u00f4le d&rsquo;anti-oxydant, ce qui les rend donc tr\u00e8s b\u00e9n\u00e9fiques pour notre organisme.<\/p>\n<p><\/br><\/p>\n <div class=\"hsg-featured-numb\">\n    <div>\n <p>2<\/p>\n <p><H3>Rhum arrang\u00e9 au jamblon - recette de la R\u00e9union<\/H3><\/p>\n\n<\/div>\n  \n<\/div>\n<p><\/br><\/p>\n<p>Voil\u00e0 une recette exotique et atypique pour un rhum arrang\u00e9, comme nos amis de l&rsquo;\u00cele de la R\u00e9union ont le secret !<\/p>\n<p> Pour un litre de rhum, comptez environ 500 g de jamblons bien m\u00fbrs, 1 gousse de vanille, un peu de cannelle, et quelques cuill\u00e8res \u00e0 soupe de sucre de cannes.<\/p>\n<p>Pour la r\u00e9alisation du rhum arrang\u00e9, rien de plus simple, il suffit de m\u00e9langer tous les ingr\u00e9dients dans un r\u00e9cipient,<\/p>\n<p>Ensuite il faut s&rsquo;armer de patience, et laisser mac\u00e9rer ce m\u00e9lange au moins 1 mois. Le liquide va alors prendre un teinte bien sombre. Vous pourrez alors vous r\u00e9galer de ce rhum assur\u00e9ment d\u00e9paysant.<\/p>\n<p>Il est aussi int\u00e9ressant de noter que les baies de jamblon s&rsquo;utilisent aussi pour la confection de vins et de vinaigres.<\/p>\n<p><\/br><\/p>\n <div class=\"hsg-featured-numb\">\n    <div>\n <p>3<\/p>\n <p><H3>Un arbre sacr\u00e9 dans la religion Hindoue<\/H3><\/p>\n\n<\/div>\n  \n<\/div>\n<p><\/br><\/p>\n<p><img loading=\"lazy\" width=\"799\" height=\"599\" src=\"https:\/\/www.alexetalex.com\/wp-content\/uploads\/2019\/10\/84621824_s.jpg\" alt=\"statuette du dieu ganesh, v\u00e9n\u00e9r\u00e9 avec du jamblon\" class=\"alignnone size-full wp-image-12000\" srcset=\"https:\/\/www.alexetalex.com\/ca\/wp-content\/uploads\/2019\/10\/84621824_s.jpg 799w, https:\/\/www.alexetalex.com\/ca\/wp-content\/uploads\/2019\/10\/84621824_s-600x450.jpg 600w, https:\/\/www.alexetalex.com\/ca\/wp-content\/uploads\/2019\/10\/84621824_s-250x187.jpg 250w, https:\/\/www.alexetalex.com\/ca\/wp-content\/uploads\/2019\/10\/84621824_s-768x576.jpg 768w, https:\/\/www.alexetalex.com\/ca\/wp-content\/uploads\/2019\/10\/84621824_s-700x525.jpg 700w, https:\/\/www.alexetalex.com\/ca\/wp-content\/uploads\/2019\/10\/84621824_s-120x90.jpg 120w, https:\/\/www.alexetalex.com\/ca\/wp-content\/uploads\/2019\/10\/84621824_s-320x240.jpg 320w\" sizes=\"(max-width: 799px) 100vw, 799px\" \/><\/p>\n<p><\/br><\/p>\n<p>Le jamelonier est un arbre v\u00e9n\u00e9r\u00e9 par l&rsquo;Hindouisme.<\/p>\n<p>C&rsquo;est pourquoi il est souvent plant\u00e9 pr\u00e8s des temples Hindous, et est consid\u00e9r\u00e9 comme sacr\u00e9 pour Krishna, le dieu \u00e0 la peau bleu sombre.<\/p>\n<p>De plus, les feuilles et les fruits sont employ\u00e9s dans les rites d&rsquo;adoration du dieu Ganesh, dieu \u00e0 t\u00eate d&rsquo;\u00e9l\u00e9phant, l&rsquo;un des dieux les plus v\u00e9n\u00e9r\u00e9s en Inde.<\/p>\n<p><\/br><\/p>\n<p><strong>Pour continuer d&rsquo;apprendre :<\/strong><br \/>\n<br \/>&#8211; <a href=\"https:\/\/www.alexetalex.com\/ca\/dossiers-fruites\/route-des-fruits\/sureau-noir\/\" rel=\"noopener noreferrer\" target=\"_blank\">Le sureau noir : connaissez-vous cette petite baie, toute noire elle aussi ?<\/a><br \/>\n<br \/>&#8211; <a href=\"https:\/\/www.alexetalex.com\/ca\/dossiers-fruites\/route-des-fruits\/cynorhodon-ou-gratte-cul\/\" rel=\"noopener noreferrer\" target=\"_blank\">Le Cynorhdon (aussi appel\u00e9 \u00ab Gratte-Cul \u00bb) : pourquoi ce fruit est-il si concentr\u00e9 en vitamines ?<\/a><br \/>\n<br \/>&#8211; <a href=\"https:\/\/www.alexetalex.com\/ca\/dossiers-fruites\/route-des-fruits\/kumquat\/\" rel=\"noopener noreferrer\" target=\"_blank\">savez-vous quel est le plus petit agrume au monde ?<\/a><\/p>\n","protected":false},"excerpt":{"rendered":"<p>Le Jamblon : guide complet Peu connu, le jamblon, est un fruit aux allures d&rsquo;olive dont les \u00e9clats sont d&rsquo;un noir profond. Il pr\u00e9sente toutefois plus d\u2019int\u00e9r\u00eat en tant que plante m\u00e9dicinale que pour ses qualit\u00e9s gustatives. Ce fruit r\u00e9pond \u00e0 diff\u00e9rentes appellations, dont prune de java ou encore t\u00e9t\u00e9 n\u00e9gresse. Par ailleurs, ce fruit [&hellip;]<\/p>\n","protected":false},"author":4,"featured_media":11979,"parent":8732,"menu_order":0,"comment_status":"closed","ping_status":"closed","template":"","meta":{"_et_pb_use_builder":"","_et_pb_old_content":"","_et_gb_content_width":""},"acf":[],"yoast_head":"<!-- This site is optimized with the Yoast SEO plugin v17.6 - https:\/\/yoast.com\/wordpress\/plugins\/seo\/ -->\n<title>Jamblon (fruit) : origine, description, vertus m\u00e9dicinales - Alex&amp;Alex<\/title>\n<meta name=\"description\" content=\"Ce fruit \u00e0 l&#039;allure d&#039;olive, n&#039;est pas particuli\u00e8rement pris\u00e9 pour son go\u00fbt. Mais les propri\u00e9t\u00e9s m\u00e9dicinales du jamblon, vous \u00e9pateront!\" \/>\n<meta name=\"robots\" content=\"index, follow, max-snippet:-1, max-image-preview:large, max-video-preview:-1\" \/>\n<link rel=\"canonical\" href=\"https:\/\/www.alexetalex.com\/ca\/dossiers-fruites\/route-des-fruits\/jamblon\/\" \/>\n<meta property=\"og:locale\" content=\"fr_FR\" \/>\n<meta property=\"og:type\" content=\"article\" \/>\n<meta property=\"og:title\" content=\"Jamblon (fruit) : origine, description, vertus m\u00e9dicinales - Alex&amp;Alex\" \/>\n<meta property=\"og:description\" content=\"Ce fruit \u00e0 l&#039;allure d&#039;olive, n&#039;est pas particuli\u00e8rement pris\u00e9 pour son go\u00fbt. Mais les propri\u00e9t\u00e9s m\u00e9dicinales du jamblon, vous \u00e9pateront!\" \/>\n<meta property=\"og:url\" content=\"https:\/\/www.alexetalex.com\/ca\/dossiers-fruites\/route-des-fruits\/jamblon\/\" \/>\n<meta property=\"article:modified_time\" content=\"2020-11-11T13:17:00+00:00\" \/>\n<meta property=\"og:image\" content=\"https:\/\/www.alexetalex.com\/ca\/wp-content\/uploads\/2019\/10\/118621547_s.jpg\" \/>\n\t<meta property=\"og:image:width\" content=\"848\" \/>\n\t<meta property=\"og:image:height\" content=\"565\" \/>\n<meta name=\"twitter:label1\" content=\"Dur\u00e9e de lecture estim\u00e9e\" \/>\n\t<meta name=\"twitter:data1\" content=\"9 minutes\" \/>\n<script type=\"application\/ld+json\" class=\"yoast-schema-graph\">{\"@context\":\"https:\/\/schema.org\",\"@graph\":[{\"@type\":\"Organization\",\"@id\":\"https:\/\/www.alexetalex.com\/ca\/#organization\",\"name\":\"Alex & Alex\",\"url\":\"https:\/\/www.alexetalex.com\/ca\/\",\"sameAs\":[],\"logo\":{\"@type\":\"ImageObject\",\"@id\":\"https:\/\/www.alexetalex.com\/ca\/#logo\",\"inLanguage\":\"fr-FR\",\"url\":\"https:\/\/www.alexetalex.com\/ca\/wp-content\/uploads\/2020\/04\/alexalex-1.png\",\"contentUrl\":\"https:\/\/www.alexetalex.com\/ca\/wp-content\/uploads\/2020\/04\/alexalex-1.png\",\"width\":51,\"height\":50,\"caption\":\"Alex & Alex\"},\"image\":{\"@id\":\"https:\/\/www.alexetalex.com\/ca\/#logo\"}},{\"@type\":\"WebSite\",\"@id\":\"https:\/\/www.alexetalex.com\/ca\/#website\",\"url\":\"https:\/\/www.alexetalex.com\/ca\/\",\"name\":\"\",\"description\":\"\",\"publisher\":{\"@id\":\"https:\/\/www.alexetalex.com\/ca\/#organization\"},\"potentialAction\":[{\"@type\":\"SearchAction\",\"target\":{\"@type\":\"EntryPoint\",\"urlTemplate\":\"https:\/\/www.alexetalex.com\/ca\/?s={search_term_string}\"},\"query-input\":\"required name=search_term_string\"}],\"inLanguage\":\"fr-FR\"},{\"@type\":\"ImageObject\",\"@id\":\"https:\/\/www.alexetalex.com\/ca\/dossiers-fruites\/route-des-fruits\/jamblon\/#primaryimage\",\"inLanguage\":\"fr-FR\",\"url\":\"https:\/\/www.alexetalex.com\/ca\/wp-content\/uploads\/2019\/10\/118621547_s.jpg\",\"contentUrl\":\"https:\/\/www.alexetalex.com\/ca\/wp-content\/uploads\/2019\/10\/118621547_s.jpg\",\"width\":848,\"height\":565,\"caption\":\"Exotic fruit Syzygium cumini called in Brazil as jamel\\u00e3o in wood background with one cut\"},{\"@type\":\"WebPage\",\"@id\":\"https:\/\/www.alexetalex.com\/ca\/dossiers-fruites\/route-des-fruits\/jamblon\/#webpage\",\"url\":\"https:\/\/www.alexetalex.com\/ca\/dossiers-fruites\/route-des-fruits\/jamblon\/\",\"name\":\"Jamblon (fruit) : origine, description, vertus m\\u00e9dicinales - Alex&Alex\",\"isPartOf\":{\"@id\":\"https:\/\/www.alexetalex.com\/ca\/#website\"},\"primaryImageOfPage\":{\"@id\":\"https:\/\/www.alexetalex.com\/ca\/dossiers-fruites\/route-des-fruits\/jamblon\/#primaryimage\"},\"datePublished\":\"2019-10-21T07:04:15+00:00\",\"dateModified\":\"2020-11-11T13:17:00+00:00\",\"description\":\"Ce fruit \\u00e0 l'allure d'olive, n'est pas particuli\\u00e8rement pris\\u00e9 pour son go\\u00fbt. Mais les propri\\u00e9t\\u00e9s m\\u00e9dicinales du jamblon, vous \\u00e9pateront!\",\"breadcrumb\":{\"@id\":\"https:\/\/www.alexetalex.com\/ca\/dossiers-fruites\/route-des-fruits\/jamblon\/#breadcrumb\"},\"inLanguage\":\"fr-FR\",\"potentialAction\":[{\"@type\":\"ReadAction\",\"target\":[\"https:\/\/www.alexetalex.com\/ca\/dossiers-fruites\/route-des-fruits\/jamblon\/\"]}]},{\"@type\":\"BreadcrumbList\",\"@id\":\"https:\/\/www.alexetalex.com\/ca\/dossiers-fruites\/route-des-fruits\/jamblon\/#breadcrumb\",\"itemListElement\":[{\"@type\":\"ListItem\",\"position\":1,\"name\":\"Magazine\",\"item\":\"https:\/\/www.alexetalex.com\/ca\/dossiers-fruites\/\"},{\"@type\":\"ListItem\",\"position\":2,\"name\":\"Fruits\",\"item\":\"https:\/\/www.alexetalex.com\/ca\/dossiers-fruites\/route-des-fruits\/\"},{\"@type\":\"ListItem\",\"position\":3,\"name\":\"Dossier\"}]}]}<\/script>\n<!-- \/ Yoast SEO plugin. -->","yoast_head_json":{"title":"Jamblon (fruit) : origine, description, vertus m\u00e9dicinales - Alex&Alex","description":"Ce fruit \u00e0 l'allure d'olive, n'est pas particuli\u00e8rement pris\u00e9 pour son go\u00fbt. Mais les propri\u00e9t\u00e9s m\u00e9dicinales du jamblon, vous \u00e9pateront!","robots":{"index":"index","follow":"follow","max-snippet":"max-snippet:-1","max-image-preview":"max-image-preview:large","max-video-preview":"max-video-preview:-1"},"canonical":"https:\/\/www.alexetalex.com\/ca\/dossiers-fruites\/route-des-fruits\/jamblon\/","og_locale":"fr_FR","og_type":"article","og_title":"Jamblon (fruit) : origine, description, vertus m\u00e9dicinales - Alex&Alex","og_description":"Ce fruit \u00e0 l'allure d'olive, n'est pas particuli\u00e8rement pris\u00e9 pour son go\u00fbt. Mais les propri\u00e9t\u00e9s m\u00e9dicinales du jamblon, vous \u00e9pateront!","og_url":"https:\/\/www.alexetalex.com\/ca\/dossiers-fruites\/route-des-fruits\/jamblon\/","article_modified_time":"2020-11-11T13:17:00+00:00","og_image":[{"width":848,"height":565,"url":"https:\/\/www.alexetalex.com\/ca\/wp-content\/uploads\/2019\/10\/118621547_s.jpg","type":"image\/jpeg"}],"twitter_misc":{"Dur\u00e9e de lecture estim\u00e9e":"9 minutes"},"schema":{"@context":"https:\/\/schema.org","@graph":[{"@type":"Organization","@id":"https:\/\/www.alexetalex.com\/ca\/#organization","name":"Alex & Alex","url":"https:\/\/www.alexetalex.com\/ca\/","sameAs":[],"logo":{"@type":"ImageObject","@id":"https:\/\/www.alexetalex.com\/ca\/#logo","inLanguage":"fr-FR","url":"https:\/\/www.alexetalex.com\/ca\/wp-content\/uploads\/2020\/04\/alexalex-1.png","contentUrl":"https:\/\/www.alexetalex.com\/ca\/wp-content\/uploads\/2020\/04\/alexalex-1.png","width":51,"height":50,"caption":"Alex & Alex"},"image":{"@id":"https:\/\/www.alexetalex.com\/ca\/#logo"}},{"@type":"WebSite","@id":"https:\/\/www.alexetalex.com\/ca\/#website","url":"https:\/\/www.alexetalex.com\/ca\/","name":"","description":"","publisher":{"@id":"https:\/\/www.alexetalex.com\/ca\/#organization"},"potentialAction":[{"@type":"SearchAction","target":{"@type":"EntryPoint","urlTemplate":"https:\/\/www.alexetalex.com\/ca\/?s={search_term_string}"},"query-input":"required name=search_term_string"}],"inLanguage":"fr-FR"},{"@type":"ImageObject","@id":"https:\/\/www.alexetalex.com\/ca\/dossiers-fruites\/route-des-fruits\/jamblon\/#primaryimage","inLanguage":"fr-FR","url":"https:\/\/www.alexetalex.com\/ca\/wp-content\/uploads\/2019\/10\/118621547_s.jpg","contentUrl":"https:\/\/www.alexetalex.com\/ca\/wp-content\/uploads\/2019\/10\/118621547_s.jpg","width":848,"height":565,"caption":"Exotic fruit Syzygium cumini called in Brazil as jamel\u00e3o in wood background with one cut"},{"@type":"WebPage","@id":"https:\/\/www.alexetalex.com\/ca\/dossiers-fruites\/route-des-fruits\/jamblon\/#webpage","url":"https:\/\/www.alexetalex.com\/ca\/dossiers-fruites\/route-des-fruits\/jamblon\/","name":"Jamblon (fruit) : origine, description, vertus m\u00e9dicinales - Alex&Alex","isPartOf":{"@id":"https:\/\/www.alexetalex.com\/ca\/#website"},"primaryImageOfPage":{"@id":"https:\/\/www.alexetalex.com\/ca\/dossiers-fruites\/route-des-fruits\/jamblon\/#primaryimage"},"datePublished":"2019-10-21T07:04:15+00:00","dateModified":"2020-11-11T13:17:00+00:00","description":"Ce fruit \u00e0 l'allure d'olive, n'est pas particuli\u00e8rement pris\u00e9 pour son go\u00fbt. Mais les propri\u00e9t\u00e9s m\u00e9dicinales du jamblon, vous \u00e9pateront!","breadcrumb":{"@id":"https:\/\/www.alexetalex.com\/ca\/dossiers-fruites\/route-des-fruits\/jamblon\/#breadcrumb"},"inLanguage":"fr-FR","potentialAction":[{"@type":"ReadAction","target":["https:\/\/www.alexetalex.com\/ca\/dossiers-fruites\/route-des-fruits\/jamblon\/"]}]},{"@type":"BreadcrumbList","@id":"https:\/\/www.alexetalex.com\/ca\/dossiers-fruites\/route-des-fruits\/jamblon\/#breadcrumb","itemListElement":[{"@type":"ListItem","position":1,"name":"Magazine","item":"https:\/\/www.alexetalex.com\/ca\/dossiers-fruites\/"},{"@type":"ListItem","position":2,"name":"Fruits","item":"https:\/\/www.alexetalex.com\/ca\/dossiers-fruites\/route-des-fruits\/"},{"@type":"ListItem","position":3,"name":"Dossier"}]}]}},"_links":{"self":[{"href":"https:\/\/www.alexetalex.com\/ca\/wp-json\/wp\/v2\/pages\/11937"}],"collection":[{"href":"https:\/\/www.alexetalex.com\/ca\/wp-json\/wp\/v2\/pages"}],"about":[{"href":"https:\/\/www.alexetalex.com\/ca\/wp-json\/wp\/v2\/types\/page"}],"author":[{"embeddable":true,"href":"https:\/\/www.alexetalex.com\/ca\/wp-json\/wp\/v2\/users\/4"}],"replies":[{"embeddable":true,"href":"https:\/\/www.alexetalex.com\/ca\/wp-json\/wp\/v2\/comments?post=11937"}],"version-history":[{"count":3,"href":"https:\/\/www.alexetalex.com\/ca\/wp-json\/wp\/v2\/pages\/11937\/revisions"}],"predecessor-version":[{"id":17499,"href":"https:\/\/www.alexetalex.com\/ca\/wp-json\/wp\/v2\/pages\/11937\/revisions\/17499"}],"up":[{"embeddable":true,"href":"https:\/\/www.alexetalex.com\/ca\/wp-json\/wp\/v2\/pages\/8732"}],"wp:featuredmedia":[{"embeddable":true,"href":"https:\/\/www.alexetalex.com\/ca\/wp-json\/wp\/v2\/media\/11979"}],"wp:attachment":[{"href":"https:\/\/www.alexetalex.com\/ca\/wp-json\/wp\/v2\/media?parent=11937"}],"curies":[{"name":"wp","href":"https:\/\/api.w.org\/{rel}","templated":true}]}}