{"id":12910,"date":"2020-01-06T08:42:11","date_gmt":"2020-01-06T07:42:11","guid":{"rendered":"https:\/\/www.alexetalex.com\/ca\/dossiers-fruites\/route-des-fruits\/lucuma-copy\/"},"modified":"2020-05-04T16:57:27","modified_gmt":"2020-05-04T15:57:27","slug":"kiwai","status":"publish","type":"page","link":"https:\/\/www.alexetalex.com\/ca\/dossiers-fruites\/route-des-fruits\/kiwai\/","title":{"rendered":"Le Kiwa\u00ef : le fruit le plus facile \u00e0 manger au bureau ?"},"content":{"rendered":"<p><H1>Kiwai : guide complet sur ce mini kiwi<\/H1><br \/>\nOn entend beaucoup parler de la \u00ab\u00a0finger food\u00a0\u00bb, ces petites portions de nourriture qui se d\u00e9gustent simplement avec les doigts, sans fourchette ni couteau. Et bien ce terme s&rsquo;appplique \u00e0 merveille pour le <strong>kiwa\u00ef<\/strong>, sorte de kiwi miniature, \u00e0 la peau verte et si fine qu&rsquo;il se d\u00e9guste entier en une bouch\u00e9e, nul besoin de le peler, de le couper ou de l&rsquo;\u00e9p\u00e9piner. <\/p>\n<p><img loading=\"lazy\" width=\"847\" height=\"565\" src=\"https:\/\/www.alexetalex.com\/ca\/wp-content\/uploads\/2020\/01\/109365049_s.jpg\" alt=\"bol de kiwai a deguster entier\" class=\"alignnone size-full wp-image-12912\" srcset=\"https:\/\/www.alexetalex.com\/ca\/wp-content\/uploads\/2020\/01\/109365049_s.jpg 847w, https:\/\/www.alexetalex.com\/ca\/wp-content\/uploads\/2020\/01\/109365049_s-600x400.jpg 600w, https:\/\/www.alexetalex.com\/ca\/wp-content\/uploads\/2020\/01\/109365049_s-250x167.jpg 250w, https:\/\/www.alexetalex.com\/ca\/wp-content\/uploads\/2020\/01\/109365049_s-768x512.jpg 768w, https:\/\/www.alexetalex.com\/ca\/wp-content\/uploads\/2020\/01\/109365049_s-700x467.jpg 700w, https:\/\/www.alexetalex.com\/ca\/wp-content\/uploads\/2020\/01\/109365049_s-120x80.jpg 120w, https:\/\/www.alexetalex.com\/ca\/wp-content\/uploads\/2020\/01\/109365049_s-320x213.jpg 320w\" sizes=\"(max-width: 847px) 100vw, 847px\" \/><\/p>\n<p>Plus sucr\u00e9 et plus parfum\u00e9 que le traditionnel kiwi vert, on ne peut que \u00eatre surpris lorsque l&rsquo;on go\u00fbte \u00e0 un kiwa\u00ef pour la premi\u00e8re fois. Il est alors difficile de r\u00e9sister  \u00e0 la tentation d&rsquo;en mettre un second sur ces papilles, mais inutile de se priver, le kiwa\u00ef est source de multiple bienfaits et vertus pour l&rsquo;organisme.<\/p>\n<p><H2>I] Le kiwa\u00ef : tout savoir en 2 minutes sur ce \u00ab\u00a0finger fruit\u00a0\u00bb<\/H2><br \/>\nDe la m\u00eame famille botanique que le kiwi, le kiwa\u00ef est lui aussi une liane, il utilise de ce fait d&rsquo;autres arbres ou structures pour soutenir sa croissance. <\/p>\n<p><H3>Description du Kiwa\u00ef<\/H3><br \/>\nA l\u2019\u0153il, on remarque imm\u00e9diatement le lien de parent\u00e9 qui existe entre le kiwi et le kiwa\u00ef : de forme ovale ou ovo\u00efde, le kiwa\u00ef a une forme globale parfaitement similaire \u00e0 celle du kiwi. Un p\u00e9tiole en son sommet rattachant le fruit \u00e0 la branche ainsi qu&rsquo;une petite corolle \u00e0 l&rsquo;allure de feuilles s\u00e9ch\u00e9es sur le dessous compl\u00e8tent l&rsquo;apparence ext\u00e9rieure de ce fruit. Coup\u00e9 en deux, le kiwa\u00ef ressemble alors \u00e0 s&rsquo;y m\u00e9prendre au kiwi : une chair de couleur vert \u00e9meraude, parsem\u00e9e de minuscules grains noirs.<\/p>\n<p>En revanche, c&rsquo;est de part sa peau que le kiwa\u00ef se diff\u00e9rentie particuli\u00e8rement de son cousin : de couleur verte, pouvant tendre sur le jaune \u00e0 maturit\u00e9, elle est fine et glabre et est parfaitement consommable.<\/p>\n<p>Certaines vari\u00e9t\u00e9s de kiwa\u00ef peuvent pr\u00e9senter des reflets rouges, au niveau de la chair ou de la peau, voir m\u00eame des deux.<\/p>\n<p>Au niveau du go\u00fbt, le kiwa\u00ef est g\u00e9n\u00e9ralement plus sucr\u00e9 et plus parfum\u00e9 que le kiwi traditionnel, son taux de sucre pouvant d&rsquo;ailleurs atteindre presque les 30% (\u00e0 comparer aux 14% de sucre pr\u00e9sents dans le kiwi).<\/p>\n<p>Sur sa liane, le kiwa\u00ef pousse en grappe pouvant porter jusqu&rsquo;\u00e0 une dizaine de fruits. La taille du kiwa\u00ef est de l&rsquo;ordre de 1 \u00e0 2 cm, \u00e9quivalente \u00e0 celle de gros raisins de table. Et comme le raisin, ce fruit se consomme donc sans plus de pr\u00e9paration qu&rsquo;un rapide passage sous l&rsquo;eau clair : peau, chair et p\u00e9pin, tout se mange, en l&rsquo;espace d&rsquo;une simple bouch\u00e9e!<\/p>\n<p><img loading=\"lazy\" width=\"849\" height=\"564\" src=\"https:\/\/www.alexetalex.com\/ca\/wp-content\/uploads\/2020\/01\/11963892_s.jpg\" alt=\"kiwai sur l&#039;arbre \u00e0 kiwai en grappe\" class=\"alignnone size-full wp-image-12915\" srcset=\"https:\/\/www.alexetalex.com\/ca\/wp-content\/uploads\/2020\/01\/11963892_s.jpg 849w, https:\/\/www.alexetalex.com\/ca\/wp-content\/uploads\/2020\/01\/11963892_s-600x400.jpg 600w, https:\/\/www.alexetalex.com\/ca\/wp-content\/uploads\/2020\/01\/11963892_s-250x166.jpg 250w, https:\/\/www.alexetalex.com\/ca\/wp-content\/uploads\/2020\/01\/11963892_s-768x510.jpg 768w, https:\/\/www.alexetalex.com\/ca\/wp-content\/uploads\/2020\/01\/11963892_s-700x465.jpg 700w, https:\/\/www.alexetalex.com\/ca\/wp-content\/uploads\/2020\/01\/11963892_s-120x80.jpg 120w, https:\/\/www.alexetalex.com\/ca\/wp-content\/uploads\/2020\/01\/11963892_s-320x213.jpg 320w\" sizes=\"(max-width: 849px) 100vw, 849px\" \/><\/p>\n<p><H3>Kiwa\u00ef : le kiwi venu du froid<\/H3><br \/>\nKiwi de Siberie, tel est un des autres noms de ce kiwi miniature. La raison en est bien simple, l&rsquo;aire de r\u00e9partition originelle du kiwa\u00ef correspond \u00e0 la vaste r\u00e9gion englobant la Sib\u00e9rie, le nord de la Chine et le Japon. Le kiwa\u00ef est donc une plante bien acclimat\u00e9e aux climats froids, ce qui la rend tr\u00e8s r\u00e9sistante aux basses temp\u00e9ratures. Quand son cousin le kiwi vert ne peut survivre que lorsque les temp\u00e9ratures ne descendent pas en dessous de -12\u00b0C\/-15\u00b0C, le kiwa\u00ef lui est capable de r\u00e9sister \u00e0 des vagues de froid allant jusqu&rsquo;\u00e0 -25\u00b0C voir m\u00eame -30\u00b0C.<\/p>\n<p><H3>Kiwa\u00ef: cultures et saisons<\/H3><br \/>\nL&rsquo;arbre qui porte les kiwa\u00efs s&rsquo;appelle lui aussi kiwa\u00ef. Et ce n&rsquo;est pas un arbre au sens botanique du terme, mais une liane, ce qui signifie qu&rsquo;elle a besoin d&rsquo;un support pour grandir. A l&rsquo;\u00e9tat sauvage, le kiwa\u00ef se satisfait naturellement d&rsquo;un arbre pour s&rsquo;\u00e9lever dans les airs. En revanche, quand il s&rsquo;agit de la culture de cette plante, ce sont des structures m\u00e9talliques, de type palissage, qui sont g\u00e9n\u00e9ralement construites pour servir de support au kiwa\u00ef. <\/p>\n<p>Une fois le palissage en place, la culture du kiwa\u00ef demande relativement peut de technicit\u00e9, un sol bien drain\u00e9 et un bon ensoleillement sont bien g\u00e9n\u00e9ralement suffisant pour obtenir une belle r\u00e9colte de kiwa\u00ef de fin ao\u00fbt \u00e0 d\u00e9but octobre, en fonction des vari\u00e9t\u00e9s cultiv\u00e9es.<\/p>\n<p>Autre caract\u00e9ristique du kiwa\u00ef, c&rsquo;est une plante qui n&rsquo;est pas auto-fertile dans son \u00e9tat naturel, il faut donc la pr\u00e9sence de plants m\u00e2les et de plants femelles pour assurer une fructification. Des vari\u00e9t\u00e9s auto-fertiles ont cependant vue le jour, ce qui permet de ne planter qu&rsquo;un seul pied dans son jardin tout en ayant la garanti de voir des fruits arriver \u00e0 maturit\u00e9 en fin de saison.<\/p>\n<p><H2>II] Bienfaits et propri\u00e9t\u00e9s th\u00e9rapeutiques du kiwa\u00ef<\/H3><br \/>\nPeu connue et encore peu consomm\u00e9e en France, cette petite baie est pourtant tr\u00e8s int\u00e9ressante sur le plan nutritionnel. <\/p>\n<p><H3>Principaux constituants du kiwa\u00ef<\/H3><br \/>\nLa premi\u00e8re vertu du kiwa\u00ef est sa haute teneur en vitamines C : on en compte pr\u00e8s de 400 mg pour 100 grammes de fruits (contre seulement 120 mg pour 100 grammes d&rsquo;orange).<\/p>\n<p>Au niveau calorique, m\u00eame si ce fruit est assez sucr\u00e9, on ne compte que 52 kcal dans une portion de 100g de kiwa\u00ef.<\/p>\n<p>Le kiwa\u00ef est \u00e9galement une bonne source de fibres alimentaires ainsi que d&rsquo;oligo-\u00e9l\u00e9ment. On retrouve dans 100 grammes de fruit les teneurs suivantes : <\/p>\n<p> &#8211; fibres alimentaires : 3.6 g<br \/>\n<br \/> &#8211; potassium : 268 mg<br \/>\n<br \/> &#8211; calcium : 46 mg<br \/>\n<br \/> &#8211; magnesium : 19 mg<br \/>\n<br \/> &#8211; phosphore : 29 mg<br \/>\n<br \/> &#8211; vitamines E : 5.28 mg<\/p>\n<p><H3>Bienfaits du kiwa\u00ef<\/H3><br \/>\nLe kiwa\u00ef est parfois qualifi\u00e9 de \u00ab\u00a0super fruit\u00a0\u00bb. Derri\u00e8re cette appellation plus marketing que scientifiquement fond\u00e9e, on retrouve tout de m\u00eame de nombreux bienfaits dans cette petite baie verte. <\/p>\n<p>Elle est tout d&rsquo;abord antioxydante (comme de nombreux petits-fruits, myrtilles, framboise, groseilles, cranberrys, &#8230;, qu&rsquo;il convient de ne jamais oublier pour une alimentation \u00e9quilibr\u00e9e). Le caract\u00e8re antioxydant de ce fruit permet \u00e0 notre organisme de mieux combattre le vieillissement cellulaire, de limiter le risque de maladie cardio-vasculaire et aussi d&rsquo;\u00eatre moins enclin \u00e0 d\u00e9velopper des cancers. La vitamine E pr\u00e9sente dans ce fruit est \u00e9galement un bon alli\u00e9 pour combattre les radicaux libres, source de vieillissement cellulaire acc\u00e9l\u00e9r\u00e9.<\/p>\n<p>Les fibres alimentaires pr\u00e9sentes en bonne quantit\u00e9 vont r\u00e9guler le transit intestinal et ainsi assurer une bonne digestion. <\/p>\n<p>Bref, le kiwa\u00ef est un fruit gorg\u00e9 de bienfaits pour l&rsquo;organisme et qui plus est tr\u00e8s facile \u00e0 d\u00e9guster, il ne faut donc pas passer \u00e0 c\u00f4t\u00e9 !<\/p>\n<p><H3>Comment se consomme le kiwa\u00ef<\/H3><br \/>\nOn l&rsquo;a vu, tout se mange dans un kiwa\u00ef. Il est donc le fruit parfait pour une consommation sur le pouce, lors d&rsquo;une pause fruit\u00e9e au bureau ou pour le 4h des enfants. Son go\u00fbt sucr\u00e9 et parfum\u00e9 est d&rsquo;ailleurs tr\u00e8s appr\u00e9ci\u00e9 des jeunes enfants. <\/p>\n<p>Pour plus d&rsquo;originalit\u00e9, on peut aussi l\u2019appr\u00eater en petites rondelles et le disposer en <i>topping<\/i> sur un yaourt ou un fromage blanc. <\/p>\n<p>Il s&rsquo;invite aussi particuli\u00e8rement bien dans les salades de fruits (il se marie notamment merveilleusement bien avec les oranges, les fraises et l&rsquo;ananas), les tartes ou les smoothies. La confiture de kiwa\u00ef est \u00e9galement une option pour profiter tout au long de l&rsquo;ann\u00e9e du go\u00fbt unique de ce fruit. Il est \u00e9galement possible de croiser un sorbet au kiwa\u00ef au d\u00e9tour d&rsquo;un glacier sp\u00e9cialis\u00e9 dans les parfums un peu insolites.<\/p>\n<p>Enfin,  on peut d\u00e9cliner ce fruit dans des plats sal\u00e9s, en accompagnement de viande blanches ou de poissons.<\/p>\n<p><H2>III] Le saviez-vous ?<\/H2><\/p>\n<p><H3>Pour d\u00e9guster un bon kiwa\u00ef<\/H3><br \/>\nLe kiwa\u00ef se consomme lorsque le fruit est arriv\u00e9 \u00e0 maturit\u00e9. Un fruit \u00e0 maturit\u00e9 se reconnait \u00e0 la peau qui commence \u00e0 se friper. <\/p>\n<p>Plus le kiwa\u00ef m\u00fbrira, plus la peau de ce dernier va se fl\u00e9trir, et plus il sera savoureux et plus il r\u00e9v\u00e9lera la totale pl\u00e9nitude de ses ar\u00f4mes. C&rsquo;est donc un fruit qui se bonifie avec le temps. Ainsi, de mani\u00e8re assez paradoxale, le kiwa\u00ef est un fruit qui plus il est moche, plus il sera d\u00e9licieux \u00e0 d\u00e9guster !<\/p>\n<p>Attention tout de m\u00eame \u00e0 ne pas attendre trop longtemps, une fois ramolli et trop vieux, il perd de ses qualit\u00e9s nutritionnelles. <\/p>\n<p><H3>Des kiwa\u00ef \u00ab\u00a0made in France\u00a0\u00bb<\/H3><br \/>\nLe kiwa\u00ef est une plante qui est tout \u00e0 fait adaptable au climat francophone. On retrouve donc plusieurs cultures de ce fruit, dans diff\u00e9rentes r\u00e9gions de l&rsquo;Hexagone. <\/p>\n<p>Par exemple en Corr\u00e8ze, on retrouve diff\u00e9rents producteurs de kiwa\u00ef, qui apr\u00e8s l&rsquo;implantation de culture de kiwi, ont d\u00e9cid\u00e9 de diversifier leurs productions en incluant le kiwa\u00ef \u00e0 leur gamme de culture.<\/p>\n<p>Le sud de la France est de mani\u00e8re g\u00e9n\u00e9rale la principale r\u00e9gion productrice de cette petite baie en France. On retrouve donc des producteurs dans le pays basque, dans les landes et plus g\u00e9n\u00e9ralement dans la r\u00e9gion Nouvelle-Aquitaine. <\/p>\n<p>Jusqu&rsquo;\u00e0 ce jour, on retrouve principalement de petites exploitations, de taille familiale, sur des surfaces la plupart du temps inf\u00e9rieures \u00e0 l&rsquo;hectare.<\/p>\n<p><strong>Pour continuer d&rsquo;apprendre :<\/strong><br \/>\n<br \/>&#8211; <a href=\"https:\/\/www.alexetalex.com\/ca\/dossiers-fruites\/route-des-fruits\/bilimbi\/\" rel=\"noopener noreferrer\" target=\"_blank\">D\u00e9couvrez ce cornichon sucr\u00e9 qui pousse en grappe<\/a><br \/>\n<br \/>&#8211; <a href=\"https:\/\/www.alexetalex.com\/ca\/dossiers-fruites\/route-des-fruits\/sapote-noire\/\" rel=\"noopener noreferrer\" target=\"_blank\">Un fruit au go\u00fbt de chocolat, vous pensez que \u00e7a n&rsquo;existe pas ?<\/a><br \/>\n<br \/>&#8211; <a href=\"https:\/\/www.alexetalex.com\/ca\/dossiers-fruites\/route-des-fruits\/ramboutan\/\" rel=\"noopener noreferrer\" target=\"_blank\">Le litchi aussi poss\u00e8de des cousins m\u00e9connus<\/a><\/p>\n","protected":false},"excerpt":{"rendered":"<p>Kiwai : guide complet sur ce mini kiwi On entend beaucoup parler de la \u00ab\u00a0finger food\u00a0\u00bb, ces petites portions de nourriture qui se d\u00e9gustent simplement avec les doigts, sans fourchette ni couteau. Et bien ce terme s&rsquo;appplique \u00e0 merveille pour le kiwa\u00ef, sorte de kiwi miniature, \u00e0 la peau verte et si fine qu&rsquo;il se [&hellip;]<\/p>\n","protected":false},"author":4,"featured_media":12912,"parent":8732,"menu_order":0,"comment_status":"closed","ping_status":"closed","template":"","meta":{"_et_pb_use_builder":"","_et_pb_old_content":"","_et_gb_content_width":""},"acf":[],"yoast_head":"<!-- This site is optimized with the Yoast SEO plugin v17.6 - https:\/\/yoast.com\/wordpress\/plugins\/seo\/ -->\n<title>kiwai : tout sur ce mini kiwi - gout, arbre, culture - Alex&amp;Alex<\/title>\n<meta name=\"description\" content=\"Le kiwa\u00ef, sorte de kiwi miniature \u00e0 la peau verte et si fine qu&#039;il se d\u00e9guste entier en une bouch\u00e9e, sans besoin de le peler, de le couper ou de l&#039;\u00e9p\u00e9piner.\" \/>\n<meta name=\"robots\" content=\"index, follow, max-snippet:-1, max-image-preview:large, max-video-preview:-1\" \/>\n<link rel=\"canonical\" href=\"https:\/\/www.alexetalex.com\/ca\/dossiers-fruites\/route-des-fruits\/kiwai\/\" \/>\n<meta property=\"og:locale\" content=\"fr_FR\" \/>\n<meta property=\"og:type\" content=\"article\" \/>\n<meta property=\"og:title\" content=\"kiwai : tout sur ce mini kiwi - gout, arbre, culture - Alex&amp;Alex\" \/>\n<meta property=\"og:description\" content=\"Le kiwa\u00ef, sorte de kiwi miniature \u00e0 la peau verte et si fine qu&#039;il se d\u00e9guste entier en une bouch\u00e9e, sans besoin de le peler, de le couper ou de l&#039;\u00e9p\u00e9piner.\" \/>\n<meta property=\"og:url\" content=\"https:\/\/www.alexetalex.com\/ca\/dossiers-fruites\/route-des-fruits\/kiwai\/\" \/>\n<meta property=\"article:modified_time\" content=\"2020-05-04T15:57:27+00:00\" \/>\n<meta property=\"og:image\" content=\"https:\/\/www.alexetalex.com\/ca\/wp-content\/uploads\/2020\/01\/109365049_s.jpg\" \/>\n\t<meta property=\"og:image:width\" content=\"847\" \/>\n\t<meta property=\"og:image:height\" content=\"565\" \/>\n<meta name=\"twitter:label1\" content=\"Dur\u00e9e de lecture estim\u00e9e\" \/>\n\t<meta name=\"twitter:data1\" content=\"8 minutes\" \/>\n<script type=\"application\/ld+json\" class=\"yoast-schema-graph\">{\"@context\":\"https:\/\/schema.org\",\"@graph\":[{\"@type\":\"Organization\",\"@id\":\"https:\/\/www.alexetalex.com\/ca\/#organization\",\"name\":\"Alex & Alex\",\"url\":\"https:\/\/www.alexetalex.com\/ca\/\",\"sameAs\":[],\"logo\":{\"@type\":\"ImageObject\",\"@id\":\"https:\/\/www.alexetalex.com\/ca\/#logo\",\"inLanguage\":\"fr-FR\",\"url\":\"https:\/\/www.alexetalex.com\/ca\/wp-content\/uploads\/2020\/04\/alexalex-1.png\",\"contentUrl\":\"https:\/\/www.alexetalex.com\/ca\/wp-content\/uploads\/2020\/04\/alexalex-1.png\",\"width\":51,\"height\":50,\"caption\":\"Alex & Alex\"},\"image\":{\"@id\":\"https:\/\/www.alexetalex.com\/ca\/#logo\"}},{\"@type\":\"WebSite\",\"@id\":\"https:\/\/www.alexetalex.com\/ca\/#website\",\"url\":\"https:\/\/www.alexetalex.com\/ca\/\",\"name\":\"\",\"description\":\"\",\"publisher\":{\"@id\":\"https:\/\/www.alexetalex.com\/ca\/#organization\"},\"potentialAction\":[{\"@type\":\"SearchAction\",\"target\":{\"@type\":\"EntryPoint\",\"urlTemplate\":\"https:\/\/www.alexetalex.com\/ca\/?s={search_term_string}\"},\"query-input\":\"required name=search_term_string\"}],\"inLanguage\":\"fr-FR\"},{\"@type\":\"ImageObject\",\"@id\":\"https:\/\/www.alexetalex.com\/ca\/dossiers-fruites\/route-des-fruits\/kiwai\/#primaryimage\",\"inLanguage\":\"fr-FR\",\"url\":\"https:\/\/www.alexetalex.com\/ca\/wp-content\/uploads\/2020\/01\/109365049_s.jpg\",\"contentUrl\":\"https:\/\/www.alexetalex.com\/ca\/wp-content\/uploads\/2020\/01\/109365049_s.jpg\",\"width\":847,\"height\":565,\"caption\":\"cropped hand picking hardy kiwi fruit or kiwi berry from ceramic bowl on wooden kitchen table\"},{\"@type\":\"WebPage\",\"@id\":\"https:\/\/www.alexetalex.com\/ca\/dossiers-fruites\/route-des-fruits\/kiwai\/#webpage\",\"url\":\"https:\/\/www.alexetalex.com\/ca\/dossiers-fruites\/route-des-fruits\/kiwai\/\",\"name\":\"kiwai : tout sur ce mini kiwi - gout, arbre, culture - Alex&Alex\",\"isPartOf\":{\"@id\":\"https:\/\/www.alexetalex.com\/ca\/#website\"},\"primaryImageOfPage\":{\"@id\":\"https:\/\/www.alexetalex.com\/ca\/dossiers-fruites\/route-des-fruits\/kiwai\/#primaryimage\"},\"datePublished\":\"2020-01-06T07:42:11+00:00\",\"dateModified\":\"2020-05-04T15:57:27+00:00\",\"description\":\"Le kiwa\\u00ef, sorte de kiwi miniature \\u00e0 la peau verte et si fine qu'il se d\\u00e9guste entier en une bouch\\u00e9e, sans besoin de le peler, de le couper ou de l'\\u00e9p\\u00e9piner.\",\"breadcrumb\":{\"@id\":\"https:\/\/www.alexetalex.com\/ca\/dossiers-fruites\/route-des-fruits\/kiwai\/#breadcrumb\"},\"inLanguage\":\"fr-FR\",\"potentialAction\":[{\"@type\":\"ReadAction\",\"target\":[\"https:\/\/www.alexetalex.com\/ca\/dossiers-fruites\/route-des-fruits\/kiwai\/\"]}]},{\"@type\":\"BreadcrumbList\",\"@id\":\"https:\/\/www.alexetalex.com\/ca\/dossiers-fruites\/route-des-fruits\/kiwai\/#breadcrumb\",\"itemListElement\":[{\"@type\":\"ListItem\",\"position\":1,\"name\":\"Magazine\",\"item\":\"https:\/\/www.alexetalex.com\/ca\/dossiers-fruites\/\"},{\"@type\":\"ListItem\",\"position\":2,\"name\":\"Fruits\",\"item\":\"https:\/\/www.alexetalex.com\/ca\/dossiers-fruites\/route-des-fruits\/\"},{\"@type\":\"ListItem\",\"position\":3,\"name\":\"Dossier\"}]}]}<\/script>\n<!-- \/ Yoast SEO plugin. -->","yoast_head_json":{"title":"kiwai : tout sur ce mini kiwi - gout, arbre, culture - Alex&Alex","description":"Le kiwa\u00ef, sorte de kiwi miniature \u00e0 la peau verte et si fine qu'il se d\u00e9guste entier en une bouch\u00e9e, sans besoin de le peler, de le couper ou de l'\u00e9p\u00e9piner.","robots":{"index":"index","follow":"follow","max-snippet":"max-snippet:-1","max-image-preview":"max-image-preview:large","max-video-preview":"max-video-preview:-1"},"canonical":"https:\/\/www.alexetalex.com\/ca\/dossiers-fruites\/route-des-fruits\/kiwai\/","og_locale":"fr_FR","og_type":"article","og_title":"kiwai : tout sur ce mini kiwi - gout, arbre, culture - Alex&Alex","og_description":"Le kiwa\u00ef, sorte de kiwi miniature \u00e0 la peau verte et si fine qu'il se d\u00e9guste entier en une bouch\u00e9e, sans besoin de le peler, de le couper ou de l'\u00e9p\u00e9piner.","og_url":"https:\/\/www.alexetalex.com\/ca\/dossiers-fruites\/route-des-fruits\/kiwai\/","article_modified_time":"2020-05-04T15:57:27+00:00","og_image":[{"width":847,"height":565,"url":"https:\/\/www.alexetalex.com\/ca\/wp-content\/uploads\/2020\/01\/109365049_s.jpg","type":"image\/jpeg"}],"twitter_misc":{"Dur\u00e9e de lecture estim\u00e9e":"8 minutes"},"schema":{"@context":"https:\/\/schema.org","@graph":[{"@type":"Organization","@id":"https:\/\/www.alexetalex.com\/ca\/#organization","name":"Alex & Alex","url":"https:\/\/www.alexetalex.com\/ca\/","sameAs":[],"logo":{"@type":"ImageObject","@id":"https:\/\/www.alexetalex.com\/ca\/#logo","inLanguage":"fr-FR","url":"https:\/\/www.alexetalex.com\/ca\/wp-content\/uploads\/2020\/04\/alexalex-1.png","contentUrl":"https:\/\/www.alexetalex.com\/ca\/wp-content\/uploads\/2020\/04\/alexalex-1.png","width":51,"height":50,"caption":"Alex & Alex"},"image":{"@id":"https:\/\/www.alexetalex.com\/ca\/#logo"}},{"@type":"WebSite","@id":"https:\/\/www.alexetalex.com\/ca\/#website","url":"https:\/\/www.alexetalex.com\/ca\/","name":"","description":"","publisher":{"@id":"https:\/\/www.alexetalex.com\/ca\/#organization"},"potentialAction":[{"@type":"SearchAction","target":{"@type":"EntryPoint","urlTemplate":"https:\/\/www.alexetalex.com\/ca\/?s={search_term_string}"},"query-input":"required name=search_term_string"}],"inLanguage":"fr-FR"},{"@type":"ImageObject","@id":"https:\/\/www.alexetalex.com\/ca\/dossiers-fruites\/route-des-fruits\/kiwai\/#primaryimage","inLanguage":"fr-FR","url":"https:\/\/www.alexetalex.com\/ca\/wp-content\/uploads\/2020\/01\/109365049_s.jpg","contentUrl":"https:\/\/www.alexetalex.com\/ca\/wp-content\/uploads\/2020\/01\/109365049_s.jpg","width":847,"height":565,"caption":"cropped hand picking hardy kiwi fruit or kiwi berry from ceramic bowl on wooden kitchen table"},{"@type":"WebPage","@id":"https:\/\/www.alexetalex.com\/ca\/dossiers-fruites\/route-des-fruits\/kiwai\/#webpage","url":"https:\/\/www.alexetalex.com\/ca\/dossiers-fruites\/route-des-fruits\/kiwai\/","name":"kiwai : tout sur ce mini kiwi - gout, arbre, culture - Alex&Alex","isPartOf":{"@id":"https:\/\/www.alexetalex.com\/ca\/#website"},"primaryImageOfPage":{"@id":"https:\/\/www.alexetalex.com\/ca\/dossiers-fruites\/route-des-fruits\/kiwai\/#primaryimage"},"datePublished":"2020-01-06T07:42:11+00:00","dateModified":"2020-05-04T15:57:27+00:00","description":"Le kiwa\u00ef, sorte de kiwi miniature \u00e0 la peau verte et si fine qu'il se d\u00e9guste entier en une bouch\u00e9e, sans besoin de le peler, de le couper ou de l'\u00e9p\u00e9piner.","breadcrumb":{"@id":"https:\/\/www.alexetalex.com\/ca\/dossiers-fruites\/route-des-fruits\/kiwai\/#breadcrumb"},"inLanguage":"fr-FR","potentialAction":[{"@type":"ReadAction","target":["https:\/\/www.alexetalex.com\/ca\/dossiers-fruites\/route-des-fruits\/kiwai\/"]}]},{"@type":"BreadcrumbList","@id":"https:\/\/www.alexetalex.com\/ca\/dossiers-fruites\/route-des-fruits\/kiwai\/#breadcrumb","itemListElement":[{"@type":"ListItem","position":1,"name":"Magazine","item":"https:\/\/www.alexetalex.com\/ca\/dossiers-fruites\/"},{"@type":"ListItem","position":2,"name":"Fruits","item":"https:\/\/www.alexetalex.com\/ca\/dossiers-fruites\/route-des-fruits\/"},{"@type":"ListItem","position":3,"name":"Dossier"}]}]}},"_links":{"self":[{"href":"https:\/\/www.alexetalex.com\/ca\/wp-json\/wp\/v2\/pages\/12910"}],"collection":[{"href":"https:\/\/www.alexetalex.com\/ca\/wp-json\/wp\/v2\/pages"}],"about":[{"href":"https:\/\/www.alexetalex.com\/ca\/wp-json\/wp\/v2\/types\/page"}],"author":[{"embeddable":true,"href":"https:\/\/www.alexetalex.com\/ca\/wp-json\/wp\/v2\/users\/4"}],"replies":[{"embeddable":true,"href":"https:\/\/www.alexetalex.com\/ca\/wp-json\/wp\/v2\/comments?post=12910"}],"version-history":[{"count":1,"href":"https:\/\/www.alexetalex.com\/ca\/wp-json\/wp\/v2\/pages\/12910\/revisions"}],"predecessor-version":[{"id":16682,"href":"https:\/\/www.alexetalex.com\/ca\/wp-json\/wp\/v2\/pages\/12910\/revisions\/16682"}],"up":[{"embeddable":true,"href":"https:\/\/www.alexetalex.com\/ca\/wp-json\/wp\/v2\/pages\/8732"}],"wp:featuredmedia":[{"embeddable":true,"href":"https:\/\/www.alexetalex.com\/ca\/wp-json\/wp\/v2\/media\/12912"}],"wp:attachment":[{"href":"https:\/\/www.alexetalex.com\/ca\/wp-json\/wp\/v2\/media?parent=12910"}],"curies":[{"name":"wp","href":"https:\/\/api.w.org\/{rel}","templated":true}]}}