{"id":16106,"date":"2020-04-30T10:06:44","date_gmt":"2020-04-30T09:06:44","guid":{"rendered":"https:\/\/www.alexetalex.com\/ca\/?page_id=16106"},"modified":"2020-04-30T10:06:44","modified_gmt":"2020-04-30T09:06:44","slug":"conditions-generales-de-ventes","status":"publish","type":"page","link":"https:\/\/www.alexetalex.com\/ca\/conditions-generales-de-ventes\/","title":{"rendered":"Conditions g\u00e9n\u00e9rales de ventes"},"content":{"rendered":"<h1><strong>Conditions g\u00e9n\u00e9rales de ventes<\/strong><\/h1>\n<p>Le service d\u2019abonnement \u00e0 la livraison de fruits pourra \u00eatre mise en place dans les conditions pr\u00e9vues ci-dessous.<\/p>\n<h2><strong>PR\u00c9AMBULE : D\u00c9FINITIONS<\/strong><\/h2>\n<p>&#8211; Le Fournisseur : la soci\u00e9t\u00e9 FRUTELIS, soci\u00e9t\u00e9 par actions simplifi\u00e9es dont le si\u00e8ge social est situ\u00e9 21 rue Joubert 75009 Paris, immatricul\u00e9e au Registre du Commerce et des Soci\u00e9t\u00e9s de Paris sous le num\u00e9ro 531 715 613.<br \/>\n&#8211; Le Client : toute personne, physique ou morale, ayant souscrit \u00e0 une offre propos\u00e9e par le Fournisseur. La souscription est tacite d\u00e8s lors que le client fait appel aux services du fournisseur depuis plus d\u2019un mois.<br \/>\n&#8211; Le Contrat : les pr\u00e9sentes Conditions G\u00e9n\u00e9rales de Vente, le Bon De Commande ci-dessous et le document \u201cLes Tarifs\u201d constituent Le Contrat (ci-apr\u00e8s \u201cContrat\u201d).<\/p>\n<h3>\n<strong>ARTICLE 1 \u2013 OBJET<\/strong><\/h3>\n<p>Les pr\u00e9sentes Conditions G\u00e9n\u00e9rales de Ventes d\u00e9finissent les relations contractuelles entre le Fournisseur et le Client et ce, que le Client soit professionnel ou particulier.<\/p>\n<p>Le Fournisseur fourni au Client un service de mise \u00e0 disposition de paniers de produits frais, \u00e0 compter de la date d\u2019effet du Contrat et \u00e0 l\u2019adresse de livraison qui s\u2019y trouve d\u00e9sign\u00e9e.<\/p>\n<h3>\n<strong>ARTICLE 2 \u2013 DESCRIPTION DES PRESTATIONS<\/strong><\/h3>\n<p>La nature et les conditions de r\u00e9alisation des prestations fournies par le Fournisseur sont pr\u00e9cis\u00e9es ci-dessous :<\/p>\n<p><strong>2.1 Services de convivialit\u00e9 au bureau<\/strong><\/p>\n<p>Le Fournisseur s\u2019engage \u00e0 mettre \u00e0 disposition du Client un ou des paniers et \u00e0 assurer pour ceux-ci un service de livraison de fruits ou tout autre service de convivialit\u00e9 au bureau choisi par le Client (fruits secs, th\u00e9 fruit\u00e9, fruits \u00e0 jus\u2026etc.). Les livraisons sont effectu\u00e9es \u00e0 la fr\u00e9quence et pendant les jours indiqu\u00e9s dans le Bon De Commande, ou \u00e0 tout autre moment mentionn\u00e9 dans les remarques du Bon De Commande. En cas de jour f\u00e9ri\u00e9, la livraison s\u2019effectuera lors du prochain jour ouvr\u00e9. Le Client autorise ce service et met \u00e0 disposition du Fournisseur les moyens techniques d\u2019acc\u00e8s sur le site dans les conditions habituelles pr\u00e9vues par le Client.<\/p>\n<p><strong>2.2 Garantie \u00ab Satisfait ou Relivr\u00e9 \u00bb<\/strong><\/p>\n<p>Pour les Clients entreprise, le Fournisseur s\u2019engage \u00e0 proc\u00e9der, sur demande du Client, au remplacement des fruits livr\u00e9s s\u2019ils sont jug\u00e9s ab\u00eem\u00e9s par le Client. Le Fournisseur s\u2019engage \u00e0 mettre \u00e0 disposition du Client un service apr\u00e8s vente disponible par email et\/ou par t\u00e9l\u00e9phone permettant de signaler ce type d\u2019incidents. Le Client b\u00e9n\u00e9ficie d\u2019un d\u00e9lai de 48 heures \u00e0 compter de la date de livraison pour exercer ce droit.<\/p>\n<p><strong>2.3 Remplacement des paniers<\/strong><\/p>\n<p>Le Fournisseur remplace les paniers chaque semaine. Les remplacements seront effectu\u00e9s pendant les heures et jours ouvr\u00e9s du Client, durant les livraisons de fruits. Le Fournisseur reste propri\u00e9taire des paniers.<\/p>\n<p><strong>2.4 Suspension des livraisons<\/strong><\/p>\n<p>Le Client peut suspendre les livraisons quand il le souhaite, en en informant le Fournisseur par email ou par t\u00e9l\u00e9phone au moins 1 semaine \u00e0 l\u2019avance. Le Fournisseur \u00e9mettra alors un avoir valable un an.<\/p>\n<p><strong>2.5 Prestations non incluses dans le Contrat<\/strong><\/p>\n<p>Les prestations qui pourraient \u00eatre faites sur demandes particuli\u00e8res du Client donneront lieu \u00e0 facturation s\u00e9par\u00e9e au tarif alors en vigueur. Le Fournisseur se r\u00e9serve le droit de facturer au Client les sommes dues au titre des \u201cprestations hors Contrat\u201d.<\/p>\n<h3>\n<strong>ARCTICLE 3 \u2013 DUR\u00c9E DU CONTRAT<\/strong><\/h3>\n<p>Le Contrat entre en vigueur \u00e0 compter de son acceptation par le Client et est conclu pour une dur\u00e9e ind\u00e9termin\u00e9e. Il est r\u00e9siliable \u00e0 tout moment par le Client ou par le Fournisseur moyennant le respect d\u2019un pr\u00e9avis de 10 jours \u00e0 compter de la r\u00e9ception de l\u2019une des options suivantes :<br \/>\n\u2013 d\u2019un email \u00e0 notre adresse de contact habituelle<br \/>\n\u2013 d\u2019une simple lettre de r\u00e9siliation envoy\u00e9e par le Client \u00e0 FRUTELIS SAS 21 RUE JOUBERT 75009 PARIS<\/p>\n<h3>\n<strong>ARTICLE 4 \u2013 R\u00c9SILIATION<\/strong><\/h3>\n<p><strong>4.1<\/strong> \u2013 Le Contrat pourra \u00eatre r\u00e9sili\u00e9 par le Client par email, courrier simple ou courrier recommand\u00e9, \u00e0 tout moment, moyennant un pr\u00e9avis de 10 jours.<br \/>\n<strong>4.2<\/strong> \u2013 Le Contrat pourra \u00eatre r\u00e9sili\u00e9 par le Fournisseur, sans indemnit\u00e9, et sans pr\u00e9avis en cas de non paiement de l\u2019une des factures.<\/p>\n<h3>\n<strong>ARTICLE 5 \u2013 CONDITIONS FINANCI\u00c8RES<\/strong><\/h3>\n<p><strong>5.1<\/strong> \u2013 Le prix du service de livraison de fruits est d\u00e9fini dans la documentation \u201cLes Tarifs\u201d et est susceptible d\u2019\u00e9voluer.<br \/>\n<strong>5.2<\/strong> \u2013 Les factures sont payables au plus tard 15 jours apr\u00e8s r\u00e9ception de la facture. Le paiement des factures pourra s\u2019effectuer par pr\u00e9l\u00e8vement, virement, carte bancaire, ou encore par ch\u00e8que.<\/p>\n","protected":false},"excerpt":{"rendered":"<p>Conditions g\u00e9n\u00e9rales de ventes Le service d\u2019abonnement \u00e0 la livraison de fruits pourra \u00eatre mise en place dans les conditions pr\u00e9vues ci-dessous. PR\u00c9AMBULE : D\u00c9FINITIONS &#8211; Le Fournisseur : la soci\u00e9t\u00e9 FRUTELIS, soci\u00e9t\u00e9 par actions simplifi\u00e9es dont le si\u00e8ge social est situ\u00e9 21 rue Joubert 75009 Paris, immatricul\u00e9e au Registre du Commerce et des Soci\u00e9t\u00e9s [&hellip;]<\/p>\n","protected":false},"author":18,"featured_media":0,"parent":0,"menu_order":0,"comment_status":"closed","ping_status":"closed","template":"","meta":{"_et_pb_use_builder":"","_et_pb_old_content":"","_et_gb_content_width":""},"acf":[],"yoast_head":"<!-- This site is optimized with the Yoast SEO plugin v17.6 - https:\/\/yoast.com\/wordpress\/plugins\/seo\/ -->\n<title>Conditions g\u00e9n\u00e9rales de ventes -<\/title>\n<meta name=\"robots\" content=\"index, follow, max-snippet:-1, max-image-preview:large, max-video-preview:-1\" \/>\n<link rel=\"canonical\" href=\"https:\/\/www.alexetalex.com\/ca\/conditions-generales-de-ventes\/\" \/>\n<meta property=\"og:locale\" content=\"fr_FR\" \/>\n<meta property=\"og:type\" content=\"article\" \/>\n<meta property=\"og:title\" content=\"Conditions g\u00e9n\u00e9rales de ventes -\" \/>\n<meta property=\"og:description\" content=\"Conditions g\u00e9n\u00e9rales de ventes Le service d\u2019abonnement \u00e0 la livraison de fruits pourra \u00eatre mise en place dans les conditions pr\u00e9vues ci-dessous. PR\u00c9AMBULE : D\u00c9FINITIONS &#8211; Le Fournisseur : la soci\u00e9t\u00e9 FRUTELIS, soci\u00e9t\u00e9 par actions simplifi\u00e9es dont le si\u00e8ge social est situ\u00e9 21 rue Joubert 75009 Paris, immatricul\u00e9e au Registre du Commerce et des Soci\u00e9t\u00e9s [&hellip;]\" \/>\n<meta property=\"og:url\" content=\"https:\/\/www.alexetalex.com\/ca\/conditions-generales-de-ventes\/\" \/>\n<meta name=\"twitter:label1\" content=\"Dur\u00e9e de lecture estim\u00e9e\" \/>\n\t<meta name=\"twitter:data1\" content=\"4 minutes\" \/>\n<script type=\"application\/ld+json\" class=\"yoast-schema-graph\">{\"@context\":\"https:\/\/schema.org\",\"@graph\":[{\"@type\":\"Organization\",\"@id\":\"https:\/\/www.alexetalex.com\/ca\/#organization\",\"name\":\"Alex & Alex\",\"url\":\"https:\/\/www.alexetalex.com\/ca\/\",\"sameAs\":[],\"logo\":{\"@type\":\"ImageObject\",\"@id\":\"https:\/\/www.alexetalex.com\/ca\/#logo\",\"inLanguage\":\"fr-FR\",\"url\":\"https:\/\/www.alexetalex.com\/ca\/wp-content\/uploads\/2020\/04\/alexalex-1.png\",\"contentUrl\":\"https:\/\/www.alexetalex.com\/ca\/wp-content\/uploads\/2020\/04\/alexalex-1.png\",\"width\":51,\"height\":50,\"caption\":\"Alex & Alex\"},\"image\":{\"@id\":\"https:\/\/www.alexetalex.com\/ca\/#logo\"}},{\"@type\":\"WebSite\",\"@id\":\"https:\/\/www.alexetalex.com\/ca\/#website\",\"url\":\"https:\/\/www.alexetalex.com\/ca\/\",\"name\":\"\",\"description\":\"\",\"publisher\":{\"@id\":\"https:\/\/www.alexetalex.com\/ca\/#organization\"},\"potentialAction\":[{\"@type\":\"SearchAction\",\"target\":{\"@type\":\"EntryPoint\",\"urlTemplate\":\"https:\/\/www.alexetalex.com\/ca\/?s={search_term_string}\"},\"query-input\":\"required name=search_term_string\"}],\"inLanguage\":\"fr-FR\"},{\"@type\":\"WebPage\",\"@id\":\"https:\/\/www.alexetalex.com\/ca\/conditions-generales-de-ventes\/#webpage\",\"url\":\"https:\/\/www.alexetalex.com\/ca\/conditions-generales-de-ventes\/\",\"name\":\"Conditions g\\u00e9n\\u00e9rales de ventes -\",\"isPartOf\":{\"@id\":\"https:\/\/www.alexetalex.com\/ca\/#website\"},\"datePublished\":\"2020-04-30T09:06:44+00:00\",\"dateModified\":\"2020-04-30T09:06:44+00:00\",\"breadcrumb\":{\"@id\":\"https:\/\/www.alexetalex.com\/ca\/conditions-generales-de-ventes\/#breadcrumb\"},\"inLanguage\":\"fr-FR\",\"potentialAction\":[{\"@type\":\"ReadAction\",\"target\":[\"https:\/\/www.alexetalex.com\/ca\/conditions-generales-de-ventes\/\"]}]},{\"@type\":\"BreadcrumbList\",\"@id\":\"https:\/\/www.alexetalex.com\/ca\/conditions-generales-de-ventes\/#breadcrumb\",\"itemListElement\":[{\"@type\":\"ListItem\",\"position\":1,\"name\":\"Conditions g\\u00e9n\\u00e9rales de ventes\"}]}]}<\/script>\n<!-- \/ Yoast SEO plugin. -->","yoast_head_json":{"title":"Conditions g\u00e9n\u00e9rales de ventes -","robots":{"index":"index","follow":"follow","max-snippet":"max-snippet:-1","max-image-preview":"max-image-preview:large","max-video-preview":"max-video-preview:-1"},"canonical":"https:\/\/www.alexetalex.com\/ca\/conditions-generales-de-ventes\/","og_locale":"fr_FR","og_type":"article","og_title":"Conditions g\u00e9n\u00e9rales de ventes -","og_description":"Conditions g\u00e9n\u00e9rales de ventes Le service d\u2019abonnement \u00e0 la livraison de fruits pourra \u00eatre mise en place dans les conditions pr\u00e9vues ci-dessous. PR\u00c9AMBULE : D\u00c9FINITIONS &#8211; Le Fournisseur : la soci\u00e9t\u00e9 FRUTELIS, soci\u00e9t\u00e9 par actions simplifi\u00e9es dont le si\u00e8ge social est situ\u00e9 21 rue Joubert 75009 Paris, immatricul\u00e9e au Registre du Commerce et des Soci\u00e9t\u00e9s [&hellip;]","og_url":"https:\/\/www.alexetalex.com\/ca\/conditions-generales-de-ventes\/","twitter_misc":{"Dur\u00e9e de lecture estim\u00e9e":"4 minutes"},"schema":{"@context":"https:\/\/schema.org","@graph":[{"@type":"Organization","@id":"https:\/\/www.alexetalex.com\/ca\/#organization","name":"Alex & Alex","url":"https:\/\/www.alexetalex.com\/ca\/","sameAs":[],"logo":{"@type":"ImageObject","@id":"https:\/\/www.alexetalex.com\/ca\/#logo","inLanguage":"fr-FR","url":"https:\/\/www.alexetalex.com\/ca\/wp-content\/uploads\/2020\/04\/alexalex-1.png","contentUrl":"https:\/\/www.alexetalex.com\/ca\/wp-content\/uploads\/2020\/04\/alexalex-1.png","width":51,"height":50,"caption":"Alex & Alex"},"image":{"@id":"https:\/\/www.alexetalex.com\/ca\/#logo"}},{"@type":"WebSite","@id":"https:\/\/www.alexetalex.com\/ca\/#website","url":"https:\/\/www.alexetalex.com\/ca\/","name":"","description":"","publisher":{"@id":"https:\/\/www.alexetalex.com\/ca\/#organization"},"potentialAction":[{"@type":"SearchAction","target":{"@type":"EntryPoint","urlTemplate":"https:\/\/www.alexetalex.com\/ca\/?s={search_term_string}"},"query-input":"required name=search_term_string"}],"inLanguage":"fr-FR"},{"@type":"WebPage","@id":"https:\/\/www.alexetalex.com\/ca\/conditions-generales-de-ventes\/#webpage","url":"https:\/\/www.alexetalex.com\/ca\/conditions-generales-de-ventes\/","name":"Conditions g\u00e9n\u00e9rales de ventes -","isPartOf":{"@id":"https:\/\/www.alexetalex.com\/ca\/#website"},"datePublished":"2020-04-30T09:06:44+00:00","dateModified":"2020-04-30T09:06:44+00:00","breadcrumb":{"@id":"https:\/\/www.alexetalex.com\/ca\/conditions-generales-de-ventes\/#breadcrumb"},"inLanguage":"fr-FR","potentialAction":[{"@type":"ReadAction","target":["https:\/\/www.alexetalex.com\/ca\/conditions-generales-de-ventes\/"]}]},{"@type":"BreadcrumbList","@id":"https:\/\/www.alexetalex.com\/ca\/conditions-generales-de-ventes\/#breadcrumb","itemListElement":[{"@type":"ListItem","position":1,"name":"Conditions g\u00e9n\u00e9rales de ventes"}]}]}},"_links":{"self":[{"href":"https:\/\/www.alexetalex.com\/ca\/wp-json\/wp\/v2\/pages\/16106"}],"collection":[{"href":"https:\/\/www.alexetalex.com\/ca\/wp-json\/wp\/v2\/pages"}],"about":[{"href":"https:\/\/www.alexetalex.com\/ca\/wp-json\/wp\/v2\/types\/page"}],"author":[{"embeddable":true,"href":"https:\/\/www.alexetalex.com\/ca\/wp-json\/wp\/v2\/users\/18"}],"replies":[{"embeddable":true,"href":"https:\/\/www.alexetalex.com\/ca\/wp-json\/wp\/v2\/comments?post=16106"}],"version-history":[{"count":0,"href":"https:\/\/www.alexetalex.com\/ca\/wp-json\/wp\/v2\/pages\/16106\/revisions"}],"wp:attachment":[{"href":"https:\/\/www.alexetalex.com\/ca\/wp-json\/wp\/v2\/media?parent=16106"}],"curies":[{"name":"wp","href":"https:\/\/api.w.org\/{rel}","templated":true}]}}