{"id":16477,"date":"2020-05-02T14:49:45","date_gmt":"2020-05-02T13:49:45","guid":{"rendered":"https:\/\/www.alexetalex.com\/ca\/?page_id=16477"},"modified":"2020-05-04T17:11:27","modified_gmt":"2020-05-04T16:11:27","slug":"nous-sponsorisons-vos-evenements","status":"publish","type":"page","link":"https:\/\/www.alexetalex.com\/ca\/dossiers-fruites\/sport-et-fruits\/nous-sponsorisons-vos-evenements\/","title":{"rendered":"Nous sponsorisons vos \u00e9v\u00e9nements"},"content":{"rendered":"<p><H1>Nous sponsorisons vos \u00e9v\u00e9nements<\/H1><\/p>\n<p>Une passion ? un engagement ? Des valeurs ? Vous avez de grandes ambitions pour votre \u00e9v\u00e9nement sportif ? Vous voulez attirer encore plus de participants ?<\/p>\n<p>Alors pensez \u00e0 nous solliciter ! Nous pouvons vous apporter les fruits dont les sportifs ont besoin !<\/p>\n<p>>>>>>>> NOTE IMPORTANTE <<<<<<<<\n\n\n\n\n\nEn raison du COVID-19, nos op\u00e9rations de sponsoring d&rsquo;\u00e9v\u00e9nement sportifs sont tous suspendus.\n\n\n\n\n\nAussi, compte tenu de l\u2019incertitude entourant la dur\u00e9e de la situation actuelle et le d\u00e9lai \u00e0 compter avant une reprise normale des op\u00e9rations, nous ne pourrons malheureusement pas accueillir de nouveaux projets avant l&rsquo;\u00e9t\u00e9 2021.\n\n\n\n\n\nEsp\u00e9rant que la situation \u00e9volue positivement n\u00e9anmoins.\n\n\n\n\n\nL&rsquo;\u00e9quipe Alex &#038; Alex\n<\/p>\n","protected":false},"excerpt":{"rendered":"<p>Nous sponsorisons vos \u00e9v\u00e9nements Une passion ? un engagement ? Des valeurs ? Vous avez de grandes ambitions pour votre \u00e9v\u00e9nement sportif ? Vous voulez attirer encore plus de participants ? Alors pensez \u00e0 nous solliciter ! Nous pouvons vous apporter les fruits dont les sportifs ont besoin ! >>>>>>> NOTE IMPORTANTE<\/p>\n","protected":false},"author":18,"featured_media":7003,"parent":8728,"menu_order":0,"comment_status":"closed","ping_status":"closed","template":"","meta":{"_et_pb_use_builder":"","_et_pb_old_content":"","_et_gb_content_width":""},"acf":[],"yoast_head":"<!-- This site is optimized with the Yoast SEO plugin v17.6 - https:\/\/yoast.com\/wordpress\/plugins\/seo\/ -->\n<title>Nous sponsorisons vos \u00e9v\u00e9nements -<\/title>\n<meta name=\"robots\" content=\"index, follow, max-snippet:-1, max-image-preview:large, max-video-preview:-1\" \/>\n<link rel=\"canonical\" href=\"https:\/\/www.alexetalex.com\/ca\/dossiers-fruites\/sport-et-fruits\/nous-sponsorisons-vos-evenements\/\" \/>\n<meta property=\"og:locale\" content=\"fr_FR\" \/>\n<meta property=\"og:type\" content=\"article\" \/>\n<meta property=\"og:title\" content=\"Nous sponsorisons vos \u00e9v\u00e9nements -\" \/>\n<meta property=\"og:description\" content=\"Nous sponsorisons vos \u00e9v\u00e9nements Une passion ? un engagement ? Des valeurs ? Vous avez de grandes ambitions pour votre \u00e9v\u00e9nement sportif ? Vous voulez attirer encore plus de participants ? Alors pensez \u00e0 nous solliciter ! Nous pouvons vous apporter les fruits dont les sportifs ont besoin ! &gt;&gt;&gt;&gt;&gt;&gt;&gt; NOTE IMPORTANTE\" \/>\n<meta property=\"og:url\" content=\"https:\/\/www.alexetalex.com\/ca\/dossiers-fruites\/sport-et-fruits\/nous-sponsorisons-vos-evenements\/\" \/>\n<meta property=\"article:modified_time\" content=\"2020-05-04T16:11:27+00:00\" \/>\n<meta property=\"og:image\" content=\"https:\/\/www.alexetalex.com\/ca\/wp-content\/uploads\/2016\/09\/20160911_084225.jpg\" \/>\n\t<meta property=\"og:image:width\" content=\"2560\" \/>\n\t<meta property=\"og:image:height\" content=\"1920\" \/>\n<script type=\"application\/ld+json\" class=\"yoast-schema-graph\">{\"@context\":\"https:\/\/schema.org\",\"@graph\":[{\"@type\":\"Organization\",\"@id\":\"https:\/\/www.alexetalex.com\/ca\/#organization\",\"name\":\"Alex & Alex\",\"url\":\"https:\/\/www.alexetalex.com\/ca\/\",\"sameAs\":[],\"logo\":{\"@type\":\"ImageObject\",\"@id\":\"https:\/\/www.alexetalex.com\/ca\/#logo\",\"inLanguage\":\"fr-FR\",\"url\":\"https:\/\/www.alexetalex.com\/ca\/wp-content\/uploads\/2020\/04\/alexalex-1.png\",\"contentUrl\":\"https:\/\/www.alexetalex.com\/ca\/wp-content\/uploads\/2020\/04\/alexalex-1.png\",\"width\":51,\"height\":50,\"caption\":\"Alex & Alex\"},\"image\":{\"@id\":\"https:\/\/www.alexetalex.com\/ca\/#logo\"}},{\"@type\":\"WebSite\",\"@id\":\"https:\/\/www.alexetalex.com\/ca\/#website\",\"url\":\"https:\/\/www.alexetalex.com\/ca\/\",\"name\":\"\",\"description\":\"\",\"publisher\":{\"@id\":\"https:\/\/www.alexetalex.com\/ca\/#organization\"},\"potentialAction\":[{\"@type\":\"SearchAction\",\"target\":{\"@type\":\"EntryPoint\",\"urlTemplate\":\"https:\/\/www.alexetalex.com\/ca\/?s={search_term_string}\"},\"query-input\":\"required name=search_term_string\"}],\"inLanguage\":\"fr-FR\"},{\"@type\":\"ImageObject\",\"@id\":\"https:\/\/www.alexetalex.com\/ca\/dossiers-fruites\/sport-et-fruits\/nous-sponsorisons-vos-evenements\/#primaryimage\",\"inLanguage\":\"fr-FR\",\"url\":\"https:\/\/www.alexetalex.com\/ca\/wp-content\/uploads\/2016\/09\/20160911_084225.jpg\",\"contentUrl\":\"https:\/\/www.alexetalex.com\/ca\/wp-content\/uploads\/2016\/09\/20160911_084225.jpg\",\"width\":2560,\"height\":1920},{\"@type\":\"WebPage\",\"@id\":\"https:\/\/www.alexetalex.com\/ca\/dossiers-fruites\/sport-et-fruits\/nous-sponsorisons-vos-evenements\/#webpage\",\"url\":\"https:\/\/www.alexetalex.com\/ca\/dossiers-fruites\/sport-et-fruits\/nous-sponsorisons-vos-evenements\/\",\"name\":\"Nous sponsorisons vos \\u00e9v\\u00e9nements -\",\"isPartOf\":{\"@id\":\"https:\/\/www.alexetalex.com\/ca\/#website\"},\"primaryImageOfPage\":{\"@id\":\"https:\/\/www.alexetalex.com\/ca\/dossiers-fruites\/sport-et-fruits\/nous-sponsorisons-vos-evenements\/#primaryimage\"},\"datePublished\":\"2020-05-02T13:49:45+00:00\",\"dateModified\":\"2020-05-04T16:11:27+00:00\",\"breadcrumb\":{\"@id\":\"https:\/\/www.alexetalex.com\/ca\/dossiers-fruites\/sport-et-fruits\/nous-sponsorisons-vos-evenements\/#breadcrumb\"},\"inLanguage\":\"fr-FR\",\"potentialAction\":[{\"@type\":\"ReadAction\",\"target\":[\"https:\/\/www.alexetalex.com\/ca\/dossiers-fruites\/sport-et-fruits\/nous-sponsorisons-vos-evenements\/\"]}]},{\"@type\":\"BreadcrumbList\",\"@id\":\"https:\/\/www.alexetalex.com\/ca\/dossiers-fruites\/sport-et-fruits\/nous-sponsorisons-vos-evenements\/#breadcrumb\",\"itemListElement\":[{\"@type\":\"ListItem\",\"position\":1,\"name\":\"Magazine\",\"item\":\"https:\/\/www.alexetalex.com\/ca\/dossiers-fruites\/\"},{\"@type\":\"ListItem\",\"position\":2,\"name\":\"Sport\",\"item\":\"https:\/\/www.alexetalex.com\/ca\/dossiers-fruites\/sport-et-fruits\/\"},{\"@type\":\"ListItem\",\"position\":3,\"name\":\"Nous sponsorisons vos \\u00e9v\\u00e9nements\"}]}]}<\/script>\n<!-- \/ Yoast SEO plugin. -->","yoast_head_json":{"title":"Nous sponsorisons vos \u00e9v\u00e9nements -","robots":{"index":"index","follow":"follow","max-snippet":"max-snippet:-1","max-image-preview":"max-image-preview:large","max-video-preview":"max-video-preview:-1"},"canonical":"https:\/\/www.alexetalex.com\/ca\/dossiers-fruites\/sport-et-fruits\/nous-sponsorisons-vos-evenements\/","og_locale":"fr_FR","og_type":"article","og_title":"Nous sponsorisons vos \u00e9v\u00e9nements -","og_description":"Nous sponsorisons vos \u00e9v\u00e9nements Une passion ? un engagement ? Des valeurs ? Vous avez de grandes ambitions pour votre \u00e9v\u00e9nement sportif ? Vous voulez attirer encore plus de participants ? Alors pensez \u00e0 nous solliciter ! Nous pouvons vous apporter les fruits dont les sportifs ont besoin ! >>>>>>> NOTE IMPORTANTE","og_url":"https:\/\/www.alexetalex.com\/ca\/dossiers-fruites\/sport-et-fruits\/nous-sponsorisons-vos-evenements\/","article_modified_time":"2020-05-04T16:11:27+00:00","og_image":[{"width":2560,"height":1920,"url":"https:\/\/www.alexetalex.com\/ca\/wp-content\/uploads\/2016\/09\/20160911_084225.jpg","type":"image\/jpeg"}],"schema":{"@context":"https:\/\/schema.org","@graph":[{"@type":"Organization","@id":"https:\/\/www.alexetalex.com\/ca\/#organization","name":"Alex & Alex","url":"https:\/\/www.alexetalex.com\/ca\/","sameAs":[],"logo":{"@type":"ImageObject","@id":"https:\/\/www.alexetalex.com\/ca\/#logo","inLanguage":"fr-FR","url":"https:\/\/www.alexetalex.com\/ca\/wp-content\/uploads\/2020\/04\/alexalex-1.png","contentUrl":"https:\/\/www.alexetalex.com\/ca\/wp-content\/uploads\/2020\/04\/alexalex-1.png","width":51,"height":50,"caption":"Alex & Alex"},"image":{"@id":"https:\/\/www.alexetalex.com\/ca\/#logo"}},{"@type":"WebSite","@id":"https:\/\/www.alexetalex.com\/ca\/#website","url":"https:\/\/www.alexetalex.com\/ca\/","name":"","description":"","publisher":{"@id":"https:\/\/www.alexetalex.com\/ca\/#organization"},"potentialAction":[{"@type":"SearchAction","target":{"@type":"EntryPoint","urlTemplate":"https:\/\/www.alexetalex.com\/ca\/?s={search_term_string}"},"query-input":"required name=search_term_string"}],"inLanguage":"fr-FR"},{"@type":"ImageObject","@id":"https:\/\/www.alexetalex.com\/ca\/dossiers-fruites\/sport-et-fruits\/nous-sponsorisons-vos-evenements\/#primaryimage","inLanguage":"fr-FR","url":"https:\/\/www.alexetalex.com\/ca\/wp-content\/uploads\/2016\/09\/20160911_084225.jpg","contentUrl":"https:\/\/www.alexetalex.com\/ca\/wp-content\/uploads\/2016\/09\/20160911_084225.jpg","width":2560,"height":1920},{"@type":"WebPage","@id":"https:\/\/www.alexetalex.com\/ca\/dossiers-fruites\/sport-et-fruits\/nous-sponsorisons-vos-evenements\/#webpage","url":"https:\/\/www.alexetalex.com\/ca\/dossiers-fruites\/sport-et-fruits\/nous-sponsorisons-vos-evenements\/","name":"Nous sponsorisons vos \u00e9v\u00e9nements -","isPartOf":{"@id":"https:\/\/www.alexetalex.com\/ca\/#website"},"primaryImageOfPage":{"@id":"https:\/\/www.alexetalex.com\/ca\/dossiers-fruites\/sport-et-fruits\/nous-sponsorisons-vos-evenements\/#primaryimage"},"datePublished":"2020-05-02T13:49:45+00:00","dateModified":"2020-05-04T16:11:27+00:00","breadcrumb":{"@id":"https:\/\/www.alexetalex.com\/ca\/dossiers-fruites\/sport-et-fruits\/nous-sponsorisons-vos-evenements\/#breadcrumb"},"inLanguage":"fr-FR","potentialAction":[{"@type":"ReadAction","target":["https:\/\/www.alexetalex.com\/ca\/dossiers-fruites\/sport-et-fruits\/nous-sponsorisons-vos-evenements\/"]}]},{"@type":"BreadcrumbList","@id":"https:\/\/www.alexetalex.com\/ca\/dossiers-fruites\/sport-et-fruits\/nous-sponsorisons-vos-evenements\/#breadcrumb","itemListElement":[{"@type":"ListItem","position":1,"name":"Magazine","item":"https:\/\/www.alexetalex.com\/ca\/dossiers-fruites\/"},{"@type":"ListItem","position":2,"name":"Sport","item":"https:\/\/www.alexetalex.com\/ca\/dossiers-fruites\/sport-et-fruits\/"},{"@type":"ListItem","position":3,"name":"Nous sponsorisons vos \u00e9v\u00e9nements"}]}]}},"_links":{"self":[{"href":"https:\/\/www.alexetalex.com\/ca\/wp-json\/wp\/v2\/pages\/16477"}],"collection":[{"href":"https:\/\/www.alexetalex.com\/ca\/wp-json\/wp\/v2\/pages"}],"about":[{"href":"https:\/\/www.alexetalex.com\/ca\/wp-json\/wp\/v2\/types\/page"}],"author":[{"embeddable":true,"href":"https:\/\/www.alexetalex.com\/ca\/wp-json\/wp\/v2\/users\/18"}],"replies":[{"embeddable":true,"href":"https:\/\/www.alexetalex.com\/ca\/wp-json\/wp\/v2\/comments?post=16477"}],"version-history":[{"count":1,"href":"https:\/\/www.alexetalex.com\/ca\/wp-json\/wp\/v2\/pages\/16477\/revisions"}],"predecessor-version":[{"id":16688,"href":"https:\/\/www.alexetalex.com\/ca\/wp-json\/wp\/v2\/pages\/16477\/revisions\/16688"}],"up":[{"embeddable":true,"href":"https:\/\/www.alexetalex.com\/ca\/wp-json\/wp\/v2\/pages\/8728"}],"wp:featuredmedia":[{"embeddable":true,"href":"https:\/\/www.alexetalex.com\/ca\/wp-json\/wp\/v2\/media\/7003"}],"wp:attachment":[{"href":"https:\/\/www.alexetalex.com\/ca\/wp-json\/wp\/v2\/media?parent=16477"}],"curies":[{"name":"wp","href":"https:\/\/api.w.org\/{rel}","templated":true}]}}