{"id":16480,"date":"2020-05-02T15:16:23","date_gmt":"2020-05-02T14:16:23","guid":{"rendered":"https:\/\/www.alexetalex.com\/ca\/?page_id=16480"},"modified":"2020-05-06T03:21:44","modified_gmt":"2020-05-06T02:21:44","slug":"tour-de-france","status":"publish","type":"page","link":"https:\/\/www.alexetalex.com\/ca\/dossiers-fruites\/route-des-fruits\/tour-de-france\/","title":{"rendered":"Nous recrutons pour notre Tour de France"},"content":{"rendered":"<h1>La Route des Fruits : un Tour de France des fruits de nos r\u00e9gions<\/h1>\n<p>Depuis 2017, Alex &#038; Alex a choisi de s\u2019engager dans la mise en valeur du patrimoine fruitier fran\u00e7ais, et ce, en \u00e9tant \u00e0 l\u2019initiative d\u2019un projet national : La Route Des Fruits, un Tour de France du patrimoine fruitier de nos r\u00e9gions, ainsi que du savoir-faire des mara\u00eechers, des producteurs, des transformateurs et autres acteurs de cette \u00e9conomie locale.<\/p>\n<p><strong>Notamment gr\u00e2ce \u00e0 cette initiative, Alex &#038; Alex poss\u00e8de d\u00e9sormais la plus importante communaut\u00e9 de son secteur sur les r\u00e9seaux sociaux, France et Canada confondus<\/strong>. Un grand merci \u00e0 tous ceux qui nous soutiennent et nous suivent d\u00e9j\u00e0 sur les r\u00e9seaux sociaux !<\/p>\n<p><H2>I] Nous recrutons pour notre prochain Tour De France 2021<\/H2><br \/>\n<H3>L\u2019id\u00e9e : faire (re)d\u00e9couvrir la richesse du patrimoine fruitier<\/H3><\/p>\n<p>Savez-vous que rien que pour la pomme, la France est riche de plusieurs centaines de vari\u00e9t\u00e9s diff\u00e9rentes, dans chacune de ses r\u00e9gions ? Oui, dans chacune de ses r\u00e9gions ! On parle donc de plusieurs milliers de vari\u00e9t\u00e9s de pommes rien que sur le territoire national ! C\u2019est s\u00fbr que \u00e7a change de ce que l\u2019on voit en supermarch\u00e9 : pomme rouge = Gala ; pomme jaune = Golden ; pomme verte = Granny\u2026<\/p>\n<p>La diversit\u00e9 naturelle qui pr\u00e9valait autrefois, avec une multitude d\u2019esp\u00e8ces diff\u00e9rentes, acclimat\u00e9es aux particularit\u00e9s locales de chaque r\u00e9gion, laisse petit \u00e0 petit la place \u00e0 une uniformisation de masse : 3 couleurs distinctes pour 3 vari\u00e9t\u00e9s \u00ab star \u00bb seulement.<\/p>\n<p>A l\u2019\u00e9tat sauvage, un pommier greff\u00e9, d\u2019une vari\u00e9t\u00e9 rustique, et acclimat\u00e9 de longue date, peut facilement produire 150 kilos de pommes chaque ann\u00e9e\u2026 Sans aucune intervention humaine, sans aucun entretien, et sans aucun engrais, pesticide ou traitement chimique. Dans les zones rurales, il y en a encore dans presque tous les champs de p\u00e2turage. Et ces arbres peuvent vivre plus de 300 ans sans aucune difficult\u00e9 ! Si les pommes ainsi produites sont tr\u00e8s bonnes au go\u00fbt, leur aspect visuel ne respecte aucun standard : chaque pomme est diff\u00e9rente, parfois l\u00e9g\u00e8rement d\u00e9form\u00e9e, parfois l\u00e9g\u00e8rement t\u00e2ch\u00e9e. Ce qui les rend pratiquement invendables en supermarch\u00e9s\u2026<\/p>\n<p>En comparaison, un pommier d\u2019agriculture conventionnelle ne va vivre et produire des fruits que pendant une vingtaine d\u2019ann\u00e9es tout au plus. Il va n\u00e9cessiter un entretien constant avant et pendant la p\u00e9riode de croissance des fruits. Et ces fruits vont devoir subir 20 \u00e0 40 traitements chimiques avant d\u2019\u00eatre finalement r\u00e9colt\u00e9s ! Mais toutes les pommes ainsi produites vont \u00eatre parfaites visuellement\u2026 C\u2019est l\u00e0 tout le paradoxe. Le visuel l\u2019a depuis longtemps emport\u00e9 sur le go\u00fbt\u2026<\/p>\n<p><H3>Comment : un road-trip d&rsquo;un mois l&rsquo;\u00e9t\u00e9 prochain<\/H3><\/p>\n<p>L\u2019objectif de notre Route Des Fruits est donc non seulement d\u2019aller \u00e0 la rencontre des producteurs qui cultivent encore des vari\u00e9t\u00e9s anciennes de fa\u00e7on traditionnelle, mais aussi de vous les faire d\u00e9couvrir, ou red\u00e9couvrir, non seulement au travers de cette op\u00e9ration, mais \u00e9galement en incluant ces vari\u00e9t\u00e9s dans les paniers de fruits que nous livrons chaque semaine \u00e0 nos clients.<\/p>\n<p>Pour cela, nous faisons un appel \u00e0 candidature pour ceux qui seraient int\u00e9resser par l&rsquo;aventure !<\/p>\n<p>Il s&rsquo;agit d&rsquo;une mission de 2 mois, dont 1 mois de pr\u00e9paration, et 1 mois sur le terrain.<\/p>\n<p><H3>Pour postuler : c&rsquo;est facile !<\/H3><\/p>\n<p>Si vous \u00eates int\u00e9ress\u00e9(e) par cette initiative, n\u2019h\u00e9sitez pas \u00e0 postuler, et pour cela, rien de plus simple :<\/p>\n<p>&#8211; Disposer d&rsquo;un blog et r\u00e9diger un article \u00e0 propos d&rsquo;Alex &#038; Alex avec un lien vers notre site<br \/>\n<br \/>&#8211; Expliquer dans cet article de blog les raisons pour lesquelles vous souhaitez participer \u00e0 notre Tour De France<br \/>\n<br \/>&#8211; Nous \u00e9crire par courriel en nous indiquant l&rsquo;url de votre article de blog<br \/>\n<br \/>&#8211; Disposer de mat\u00e9riel photo et vid\u00e9o permettant de r\u00e9aliser de belle prise de vue (mat\u00e9riel pro ou semi-pro est un atout ind\u00e9niable).<\/p>\n<p><H2>II] Les premi\u00e8res \u00e9ditions du Tour de France<\/H2><\/p>\n<p><H3>Les r\u00e9ussites<\/H3><\/p>\n<p>Les premi\u00e8res \u00e9tapes de notre Tour de France nous ont emmen\u00e9 en Auvergne (pour les myrtilles sauvages), \u00e0 Agen (pour les prunes), \u00e0 Antibes (pour les cl\u00e9mentines sanguines), en Corr\u00e8ze (pour la pomme St Germaine), \u00e0 Menton (pour le citron)\u2026etc. Et chaque mois, nous programmons de nouvelles \u00e9tapes.<\/p>\n<p><img class=\"category-banner img- responsive\" src=\"http:\/\/www.alexetalex.com\/wp-content\/uploads\/2018\/01\/route-fruits2-550.jpg\" \/><\/p>\n<p><img class=\"category-banner img- responsive\" src=\"http:\/\/www.alexetalex.com\/wp-content\/uploads\/2018\/01\/route-fruits3-550.jpg\" \/><\/p>\n<p><img class=\"category-banner img- responsive\" src=\"http:\/\/www.alexetalex.com\/wp-content\/uploads\/2017\/08\/IMG_20170812_174122_edit.jpg\" \/><\/p>\n<p><H3>Les prochaines \u00e9ditions<\/H3><\/p>\n<p>Les prochaines \u00e9ditions s&rsquo;\u00e9criront peut-\u00eatre avec vous ! N&rsquo;h\u00e9sitez pas \u00e0 postuler.<\/p>\n","protected":false},"excerpt":{"rendered":"<p>La Route des Fruits : un Tour de France des fruits de nos r\u00e9gions Depuis 2017, Alex &#038; Alex a choisi de s\u2019engager dans la mise en valeur du patrimoine fruitier fran\u00e7ais, et ce, en \u00e9tant \u00e0 l\u2019initiative d\u2019un projet national : La Route Des Fruits, un Tour de France du patrimoine fruitier de nos [&hellip;]<\/p>\n","protected":false},"author":18,"featured_media":16839,"parent":8732,"menu_order":0,"comment_status":"closed","ping_status":"closed","template":"","meta":{"_et_pb_use_builder":"","_et_pb_old_content":"","_et_gb_content_width":""},"acf":[],"yoast_head":"<!-- This site is optimized with the Yoast SEO plugin v17.6 - https:\/\/yoast.com\/wordpress\/plugins\/seo\/ -->\n<title>Nous recrutons pour notre Tour de France -<\/title>\n<meta name=\"robots\" content=\"index, follow, max-snippet:-1, max-image-preview:large, max-video-preview:-1\" \/>\n<link rel=\"canonical\" href=\"https:\/\/www.alexetalex.com\/ca\/dossiers-fruites\/route-des-fruits\/tour-de-france\/\" \/>\n<meta property=\"og:locale\" content=\"fr_FR\" \/>\n<meta property=\"og:type\" content=\"article\" \/>\n<meta property=\"og:title\" content=\"Nous recrutons pour notre Tour de France -\" \/>\n<meta property=\"og:description\" content=\"La Route des Fruits : un Tour de France des fruits de nos r\u00e9gions Depuis 2017, Alex &#038; Alex a choisi de s\u2019engager dans la mise en valeur du patrimoine fruitier fran\u00e7ais, et ce, en \u00e9tant \u00e0 l\u2019initiative d\u2019un projet national : La Route Des Fruits, un Tour de France du patrimoine fruitier de nos [&hellip;]\" \/>\n<meta property=\"og:url\" content=\"https:\/\/www.alexetalex.com\/ca\/dossiers-fruites\/route-des-fruits\/tour-de-france\/\" \/>\n<meta property=\"article:modified_time\" content=\"2020-05-06T02:21:44+00:00\" \/>\n<meta property=\"og:image\" content=\"https:\/\/www.alexetalex.com\/ca\/wp-content\/uploads\/2020\/05\/tour-france.jpg\" \/>\n\t<meta property=\"og:image:width\" content=\"800\" \/>\n\t<meta property=\"og:image:height\" content=\"500\" \/>\n<meta name=\"twitter:label1\" content=\"Dur\u00e9e de lecture estim\u00e9e\" \/>\n\t<meta name=\"twitter:data1\" content=\"4 minutes\" \/>\n<script type=\"application\/ld+json\" class=\"yoast-schema-graph\">{\"@context\":\"https:\/\/schema.org\",\"@graph\":[{\"@type\":\"Organization\",\"@id\":\"https:\/\/www.alexetalex.com\/ca\/#organization\",\"name\":\"Alex & Alex\",\"url\":\"https:\/\/www.alexetalex.com\/ca\/\",\"sameAs\":[],\"logo\":{\"@type\":\"ImageObject\",\"@id\":\"https:\/\/www.alexetalex.com\/ca\/#logo\",\"inLanguage\":\"fr-FR\",\"url\":\"https:\/\/www.alexetalex.com\/ca\/wp-content\/uploads\/2020\/04\/alexalex-1.png\",\"contentUrl\":\"https:\/\/www.alexetalex.com\/ca\/wp-content\/uploads\/2020\/04\/alexalex-1.png\",\"width\":51,\"height\":50,\"caption\":\"Alex & Alex\"},\"image\":{\"@id\":\"https:\/\/www.alexetalex.com\/ca\/#logo\"}},{\"@type\":\"WebSite\",\"@id\":\"https:\/\/www.alexetalex.com\/ca\/#website\",\"url\":\"https:\/\/www.alexetalex.com\/ca\/\",\"name\":\"\",\"description\":\"\",\"publisher\":{\"@id\":\"https:\/\/www.alexetalex.com\/ca\/#organization\"},\"potentialAction\":[{\"@type\":\"SearchAction\",\"target\":{\"@type\":\"EntryPoint\",\"urlTemplate\":\"https:\/\/www.alexetalex.com\/ca\/?s={search_term_string}\"},\"query-input\":\"required name=search_term_string\"}],\"inLanguage\":\"fr-FR\"},{\"@type\":\"ImageObject\",\"@id\":\"https:\/\/www.alexetalex.com\/ca\/dossiers-fruites\/route-des-fruits\/tour-de-france\/#primaryimage\",\"inLanguage\":\"fr-FR\",\"url\":\"https:\/\/www.alexetalex.com\/ca\/wp-content\/uploads\/2020\/05\/tour-france.jpg\",\"contentUrl\":\"https:\/\/www.alexetalex.com\/ca\/wp-content\/uploads\/2020\/05\/tour-france.jpg\",\"width\":800,\"height\":500},{\"@type\":\"WebPage\",\"@id\":\"https:\/\/www.alexetalex.com\/ca\/dossiers-fruites\/route-des-fruits\/tour-de-france\/#webpage\",\"url\":\"https:\/\/www.alexetalex.com\/ca\/dossiers-fruites\/route-des-fruits\/tour-de-france\/\",\"name\":\"Nous recrutons pour notre Tour de France -\",\"isPartOf\":{\"@id\":\"https:\/\/www.alexetalex.com\/ca\/#website\"},\"primaryImageOfPage\":{\"@id\":\"https:\/\/www.alexetalex.com\/ca\/dossiers-fruites\/route-des-fruits\/tour-de-france\/#primaryimage\"},\"datePublished\":\"2020-05-02T14:16:23+00:00\",\"dateModified\":\"2020-05-06T02:21:44+00:00\",\"breadcrumb\":{\"@id\":\"https:\/\/www.alexetalex.com\/ca\/dossiers-fruites\/route-des-fruits\/tour-de-france\/#breadcrumb\"},\"inLanguage\":\"fr-FR\",\"potentialAction\":[{\"@type\":\"ReadAction\",\"target\":[\"https:\/\/www.alexetalex.com\/ca\/dossiers-fruites\/route-des-fruits\/tour-de-france\/\"]}]},{\"@type\":\"BreadcrumbList\",\"@id\":\"https:\/\/www.alexetalex.com\/ca\/dossiers-fruites\/route-des-fruits\/tour-de-france\/#breadcrumb\",\"itemListElement\":[{\"@type\":\"ListItem\",\"position\":1,\"name\":\"Magazine\",\"item\":\"https:\/\/www.alexetalex.com\/ca\/dossiers-fruites\/\"},{\"@type\":\"ListItem\",\"position\":2,\"name\":\"Fruits\",\"item\":\"https:\/\/www.alexetalex.com\/ca\/dossiers-fruites\/route-des-fruits\/\"},{\"@type\":\"ListItem\",\"position\":3,\"name\":\"Nous recrutons pour notre Tour de France\"}]}]}<\/script>\n<!-- \/ Yoast SEO plugin. -->","yoast_head_json":{"title":"Nous recrutons pour notre Tour de France -","robots":{"index":"index","follow":"follow","max-snippet":"max-snippet:-1","max-image-preview":"max-image-preview:large","max-video-preview":"max-video-preview:-1"},"canonical":"https:\/\/www.alexetalex.com\/ca\/dossiers-fruites\/route-des-fruits\/tour-de-france\/","og_locale":"fr_FR","og_type":"article","og_title":"Nous recrutons pour notre Tour de France -","og_description":"La Route des Fruits : un Tour de France des fruits de nos r\u00e9gions Depuis 2017, Alex &#038; Alex a choisi de s\u2019engager dans la mise en valeur du patrimoine fruitier fran\u00e7ais, et ce, en \u00e9tant \u00e0 l\u2019initiative d\u2019un projet national : La Route Des Fruits, un Tour de France du patrimoine fruitier de nos [&hellip;]","og_url":"https:\/\/www.alexetalex.com\/ca\/dossiers-fruites\/route-des-fruits\/tour-de-france\/","article_modified_time":"2020-05-06T02:21:44+00:00","og_image":[{"width":800,"height":500,"url":"https:\/\/www.alexetalex.com\/ca\/wp-content\/uploads\/2020\/05\/tour-france.jpg","type":"image\/jpeg"}],"twitter_misc":{"Dur\u00e9e de lecture estim\u00e9e":"4 minutes"},"schema":{"@context":"https:\/\/schema.org","@graph":[{"@type":"Organization","@id":"https:\/\/www.alexetalex.com\/ca\/#organization","name":"Alex & Alex","url":"https:\/\/www.alexetalex.com\/ca\/","sameAs":[],"logo":{"@type":"ImageObject","@id":"https:\/\/www.alexetalex.com\/ca\/#logo","inLanguage":"fr-FR","url":"https:\/\/www.alexetalex.com\/ca\/wp-content\/uploads\/2020\/04\/alexalex-1.png","contentUrl":"https:\/\/www.alexetalex.com\/ca\/wp-content\/uploads\/2020\/04\/alexalex-1.png","width":51,"height":50,"caption":"Alex & Alex"},"image":{"@id":"https:\/\/www.alexetalex.com\/ca\/#logo"}},{"@type":"WebSite","@id":"https:\/\/www.alexetalex.com\/ca\/#website","url":"https:\/\/www.alexetalex.com\/ca\/","name":"","description":"","publisher":{"@id":"https:\/\/www.alexetalex.com\/ca\/#organization"},"potentialAction":[{"@type":"SearchAction","target":{"@type":"EntryPoint","urlTemplate":"https:\/\/www.alexetalex.com\/ca\/?s={search_term_string}"},"query-input":"required name=search_term_string"}],"inLanguage":"fr-FR"},{"@type":"ImageObject","@id":"https:\/\/www.alexetalex.com\/ca\/dossiers-fruites\/route-des-fruits\/tour-de-france\/#primaryimage","inLanguage":"fr-FR","url":"https:\/\/www.alexetalex.com\/ca\/wp-content\/uploads\/2020\/05\/tour-france.jpg","contentUrl":"https:\/\/www.alexetalex.com\/ca\/wp-content\/uploads\/2020\/05\/tour-france.jpg","width":800,"height":500},{"@type":"WebPage","@id":"https:\/\/www.alexetalex.com\/ca\/dossiers-fruites\/route-des-fruits\/tour-de-france\/#webpage","url":"https:\/\/www.alexetalex.com\/ca\/dossiers-fruites\/route-des-fruits\/tour-de-france\/","name":"Nous recrutons pour notre Tour de France -","isPartOf":{"@id":"https:\/\/www.alexetalex.com\/ca\/#website"},"primaryImageOfPage":{"@id":"https:\/\/www.alexetalex.com\/ca\/dossiers-fruites\/route-des-fruits\/tour-de-france\/#primaryimage"},"datePublished":"2020-05-02T14:16:23+00:00","dateModified":"2020-05-06T02:21:44+00:00","breadcrumb":{"@id":"https:\/\/www.alexetalex.com\/ca\/dossiers-fruites\/route-des-fruits\/tour-de-france\/#breadcrumb"},"inLanguage":"fr-FR","potentialAction":[{"@type":"ReadAction","target":["https:\/\/www.alexetalex.com\/ca\/dossiers-fruites\/route-des-fruits\/tour-de-france\/"]}]},{"@type":"BreadcrumbList","@id":"https:\/\/www.alexetalex.com\/ca\/dossiers-fruites\/route-des-fruits\/tour-de-france\/#breadcrumb","itemListElement":[{"@type":"ListItem","position":1,"name":"Magazine","item":"https:\/\/www.alexetalex.com\/ca\/dossiers-fruites\/"},{"@type":"ListItem","position":2,"name":"Fruits","item":"https:\/\/www.alexetalex.com\/ca\/dossiers-fruites\/route-des-fruits\/"},{"@type":"ListItem","position":3,"name":"Nous recrutons pour notre Tour de France"}]}]}},"_links":{"self":[{"href":"https:\/\/www.alexetalex.com\/ca\/wp-json\/wp\/v2\/pages\/16480"}],"collection":[{"href":"https:\/\/www.alexetalex.com\/ca\/wp-json\/wp\/v2\/pages"}],"about":[{"href":"https:\/\/www.alexetalex.com\/ca\/wp-json\/wp\/v2\/types\/page"}],"author":[{"embeddable":true,"href":"https:\/\/www.alexetalex.com\/ca\/wp-json\/wp\/v2\/users\/18"}],"replies":[{"embeddable":true,"href":"https:\/\/www.alexetalex.com\/ca\/wp-json\/wp\/v2\/comments?post=16480"}],"version-history":[{"count":1,"href":"https:\/\/www.alexetalex.com\/ca\/wp-json\/wp\/v2\/pages\/16480\/revisions"}],"predecessor-version":[{"id":16567,"href":"https:\/\/www.alexetalex.com\/ca\/wp-json\/wp\/v2\/pages\/16480\/revisions\/16567"}],"up":[{"embeddable":true,"href":"https:\/\/www.alexetalex.com\/ca\/wp-json\/wp\/v2\/pages\/8732"}],"wp:featuredmedia":[{"embeddable":true,"href":"https:\/\/www.alexetalex.com\/ca\/wp-json\/wp\/v2\/media\/16839"}],"wp:attachment":[{"href":"https:\/\/www.alexetalex.com\/ca\/wp-json\/wp\/v2\/media?parent=16480"}],"curies":[{"name":"wp","href":"https:\/\/api.w.org\/{rel}","templated":true}]}}