{"id":16482,"date":"2020-05-02T15:17:27","date_gmt":"2020-05-02T14:17:27","guid":{"rendered":"https:\/\/www.alexetalex.com\/ca\/?page_id=16482"},"modified":"2020-05-06T03:22:42","modified_gmt":"2020-05-06T02:22:42","slug":"blogueurs","status":"publish","type":"page","link":"https:\/\/www.alexetalex.com\/ca\/dossiers-fruites\/route-des-fruits\/blogueurs\/","title":{"rendered":"Nos cadeaux tr\u00e8s originaux aux blogueurs"},"content":{"rendered":"<p><H1>Nos cadeaux tr\u00e8s originaux aux blogeur(se)s<\/H1><\/p>\n<p>Le principe est simple : notre marque a des produits \u00e0 promouvoir, et vous, les \u00ab influenceurs \u00bb, avez un blog (ou des comptes sur les r\u00e9seaux sociaux) \u00e0 alimenter en contenu.<\/p>\n<p>Alors ici, Alex &#038; Alex vous propose ces nouveaut\u00e9s : vous choisissez celles qui nous int\u00e9ressent, ont vous les envoie, puis libre \u00e0 vous d&rsquo;alimenter votre blog et vos r\u00e9seaux !<\/p>\n<p>\u00catre r\u00e9compens\u00e9(e) pour parler d&rsquo;une marque que vous appr\u00e9ciez : c&rsquo;est ce que nous vous proposons ici, gratuitement !<\/p>\n<p><H2>I] Envie de d\u00e9couvrir nos nouveaux services en avant-premi\u00e8re ?<\/H2><br \/>\n<H3>L&rsquo;id\u00e9e : vous permettre de tester toutes nos nouveaut\u00e9s<\/H3><\/p>\n<p>Officiellement, on d\u00e9marrer toujours un blog pour \u00ab\u00a0le partage\u00a0\u00bb&#8230; bien qu&rsquo;officieusement, on sait que ce n&rsquo;est pas toujours le cas&#8230;<\/p>\n<p>Mais quoi qu&rsquo;il en soit, la g\u00e9n\u00e9rosit\u00e9 du \u00ab\u00a0partage\u00a0\u00bb, au bout d&rsquo;un moment, \u00e7a peut vite co\u00fbter cher&#8230; Alors comment faire pour avoir des produits gratuits et pouvoir ainsi continuer d&rsquo;alimenter son blog ou ses r\u00e9seaux ? Une question \u00e0 laquelle je vous propose de r\u00e9pondre ci-dessous !<\/p>\n<p><H3>Les pr\u00e9requis : disposer d&rsquo;un blog et de 5000 followers<\/H3><\/p>\n<p>&#8211; Avoir un blog<br \/>\n<br \/>&#8211; Avoir un minimum de 5 000 abonn\u00e9s sur Instagram \/ Facebook \/ YouTube<\/p>\n<p>C&rsquo;est simple.<\/p>\n<p><H3>Votre engagement<\/H3><\/p>\n<p>C&rsquo;est simple aussi :<\/p>\n<p>&#8211; Donner votre V\u00c9RITABLE avis concernant l\u2019article envoy\u00e9 dans un article de blog en citant le site www.alexetalex.com<br \/>\n<br \/>&#8211; Publier une photo \/ story \/ vid\u00e9o sur les r\u00e9seaux en nous citant<\/p>\n<p><H2>II] Que contient notre \u00ab\u00a0Welcome Pack\u00a0\u00bb 2020 ?<\/H2><br \/>\n<H3>Le nouveau tote bag \u00ab\u00a0Alex &#038; Alex\u00a0\u00bb<\/H3><\/p>\n<p>&#8211; Mati\u00e8re : 100% coton<br \/>\n&#8211; Grammage : 140 gr\/m2<br \/>\n&#8211; Dimensions : 42 x 38 cm<br \/>\n&#8211; Capacit\u00e9 : 10 litres<br \/>\n&#8211; Poign\u00e9es longues : 67 cm<\/p>\n<p><H3>Une s\u00e9lection d&rsquo;infusions estivales et fruit\u00e9es<\/H3><\/p>\n<p>D&rsquo;une puret\u00e9 exceptionnelle, les plantes r\u00e9colt\u00e9es pour ces infusions proviennent de Grand Roche, dans le centre de la France. Il s&rsquo;agit d&rsquo;une d\u00e9couverte gustative que vous propose Alex &#038; Alex avec les produits de notre partenaire \u00ab\u00a0Les Jardins de Donzenac\u00a0\u00bb, une exploitation artisanale et familiale :<\/p>\n<p>&#8211; Fleurs de Tilleul<br \/>\n<br \/>&#8211; Verveine Citronn\u00e9e<br \/>\n<br \/>&#8211; M\u00e9lange Tilleul Mauve<\/p>\n<p><H3>Notre calendrier des fruits de saison<\/H3><\/p>\n<p>Consommer de saison, c&rsquo;est facile, gr\u00e2ce \u00e0 notre calendrier des fruits et l\u00e9gumes de saison !<\/p>\n<p>Avec plus de 200 vari\u00e9t\u00e9s de fruits et l\u00e9gumes cultiv\u00e9es en France, il s&rsquo;agit du calendrier le plus complet, du moins \u00e0 notre connaissance, r\u00e9alit\u00e9 sur cette th\u00e9matique.<\/p>\n<p>Ce calendrier a d&rsquo;ailleurs \u00e9t\u00e9 repris par des centaines de blogueurs en France et \u00e0 l&rsquo;international. Ci-dessous quelques exemples :<\/p>\n<p>http:\/\/www.lesgateauxdesteph.com\/2018\/06\/fruits-et-legumes-de-saison.html<\/p>\n<p>http:\/\/www.casseroleetchocolat.fr\/calendrier-fruits-legumes-saison\/<\/p>\n<p>https:\/\/cahierdegourmandises.fr\/alimentation\/<\/p>\n<p>http:\/\/sissiaurlie.canalblog.com\/archives\/2019\/03\/26\/37209234.html<\/p>\n","protected":false},"excerpt":{"rendered":"<p>Nos cadeaux tr\u00e8s originaux aux blogeur(se)s Le principe est simple : notre marque a des produits \u00e0 promouvoir, et vous, les \u00ab influenceurs \u00bb, avez un blog (ou des comptes sur les r\u00e9seaux sociaux) \u00e0 alimenter en contenu. Alors ici, Alex &#038; Alex vous propose ces nouveaut\u00e9s : vous choisissez celles qui nous int\u00e9ressent, ont [&hellip;]<\/p>\n","protected":false},"author":18,"featured_media":7234,"parent":8732,"menu_order":0,"comment_status":"closed","ping_status":"closed","template":"","meta":{"_et_pb_use_builder":"","_et_pb_old_content":"","_et_gb_content_width":""},"acf":[],"yoast_head":"<!-- This site is optimized with the Yoast SEO plugin v17.6 - https:\/\/yoast.com\/wordpress\/plugins\/seo\/ -->\n<title>Nos cadeaux tr\u00e8s originaux aux blogueurs -<\/title>\n<meta name=\"robots\" content=\"index, follow, max-snippet:-1, max-image-preview:large, max-video-preview:-1\" \/>\n<link rel=\"canonical\" href=\"https:\/\/www.alexetalex.com\/ca\/dossiers-fruites\/route-des-fruits\/blogueurs\/\" \/>\n<meta property=\"og:locale\" content=\"fr_FR\" \/>\n<meta property=\"og:type\" content=\"article\" \/>\n<meta property=\"og:title\" content=\"Nos cadeaux tr\u00e8s originaux aux blogueurs -\" \/>\n<meta property=\"og:description\" content=\"Nos cadeaux tr\u00e8s originaux aux blogeur(se)s Le principe est simple : notre marque a des produits \u00e0 promouvoir, et vous, les \u00ab influenceurs \u00bb, avez un blog (ou des comptes sur les r\u00e9seaux sociaux) \u00e0 alimenter en contenu. Alors ici, Alex &#038; Alex vous propose ces nouveaut\u00e9s : vous choisissez celles qui nous int\u00e9ressent, ont [&hellip;]\" \/>\n<meta property=\"og:url\" content=\"https:\/\/www.alexetalex.com\/ca\/dossiers-fruites\/route-des-fruits\/blogueurs\/\" \/>\n<meta property=\"article:modified_time\" content=\"2020-05-06T02:22:42+00:00\" \/>\n<meta property=\"og:image\" content=\"https:\/\/www.alexetalex.com\/ca\/wp-content\/uploads\/2016\/12\/v\u00e9los.png\" \/>\n\t<meta property=\"og:image:width\" content=\"702\" \/>\n\t<meta property=\"og:image:height\" content=\"397\" \/>\n<meta name=\"twitter:label1\" content=\"Dur\u00e9e de lecture estim\u00e9e\" \/>\n\t<meta name=\"twitter:data1\" content=\"2 minutes\" \/>\n<script type=\"application\/ld+json\" class=\"yoast-schema-graph\">{\"@context\":\"https:\/\/schema.org\",\"@graph\":[{\"@type\":\"Organization\",\"@id\":\"https:\/\/www.alexetalex.com\/ca\/#organization\",\"name\":\"Alex & Alex\",\"url\":\"https:\/\/www.alexetalex.com\/ca\/\",\"sameAs\":[],\"logo\":{\"@type\":\"ImageObject\",\"@id\":\"https:\/\/www.alexetalex.com\/ca\/#logo\",\"inLanguage\":\"fr-FR\",\"url\":\"https:\/\/www.alexetalex.com\/ca\/wp-content\/uploads\/2020\/04\/alexalex-1.png\",\"contentUrl\":\"https:\/\/www.alexetalex.com\/ca\/wp-content\/uploads\/2020\/04\/alexalex-1.png\",\"width\":51,\"height\":50,\"caption\":\"Alex & Alex\"},\"image\":{\"@id\":\"https:\/\/www.alexetalex.com\/ca\/#logo\"}},{\"@type\":\"WebSite\",\"@id\":\"https:\/\/www.alexetalex.com\/ca\/#website\",\"url\":\"https:\/\/www.alexetalex.com\/ca\/\",\"name\":\"\",\"description\":\"\",\"publisher\":{\"@id\":\"https:\/\/www.alexetalex.com\/ca\/#organization\"},\"potentialAction\":[{\"@type\":\"SearchAction\",\"target\":{\"@type\":\"EntryPoint\",\"urlTemplate\":\"https:\/\/www.alexetalex.com\/ca\/?s={search_term_string}\"},\"query-input\":\"required name=search_term_string\"}],\"inLanguage\":\"fr-FR\"},{\"@type\":\"ImageObject\",\"@id\":\"https:\/\/www.alexetalex.com\/ca\/dossiers-fruites\/route-des-fruits\/blogueurs\/#primaryimage\",\"inLanguage\":\"fr-FR\",\"url\":\"https:\/\/www.alexetalex.com\/ca\/wp-content\/uploads\/2016\/12\/v\\u00e9los.png\",\"contentUrl\":\"https:\/\/www.alexetalex.com\/ca\/wp-content\/uploads\/2016\/12\/v\\u00e9los.png\",\"width\":702,\"height\":397},{\"@type\":\"WebPage\",\"@id\":\"https:\/\/www.alexetalex.com\/ca\/dossiers-fruites\/route-des-fruits\/blogueurs\/#webpage\",\"url\":\"https:\/\/www.alexetalex.com\/ca\/dossiers-fruites\/route-des-fruits\/blogueurs\/\",\"name\":\"Nos cadeaux tr\\u00e8s originaux aux blogueurs -\",\"isPartOf\":{\"@id\":\"https:\/\/www.alexetalex.com\/ca\/#website\"},\"primaryImageOfPage\":{\"@id\":\"https:\/\/www.alexetalex.com\/ca\/dossiers-fruites\/route-des-fruits\/blogueurs\/#primaryimage\"},\"datePublished\":\"2020-05-02T14:17:27+00:00\",\"dateModified\":\"2020-05-06T02:22:42+00:00\",\"breadcrumb\":{\"@id\":\"https:\/\/www.alexetalex.com\/ca\/dossiers-fruites\/route-des-fruits\/blogueurs\/#breadcrumb\"},\"inLanguage\":\"fr-FR\",\"potentialAction\":[{\"@type\":\"ReadAction\",\"target\":[\"https:\/\/www.alexetalex.com\/ca\/dossiers-fruites\/route-des-fruits\/blogueurs\/\"]}]},{\"@type\":\"BreadcrumbList\",\"@id\":\"https:\/\/www.alexetalex.com\/ca\/dossiers-fruites\/route-des-fruits\/blogueurs\/#breadcrumb\",\"itemListElement\":[{\"@type\":\"ListItem\",\"position\":1,\"name\":\"Magazine\",\"item\":\"https:\/\/www.alexetalex.com\/ca\/dossiers-fruites\/\"},{\"@type\":\"ListItem\",\"position\":2,\"name\":\"Fruits\",\"item\":\"https:\/\/www.alexetalex.com\/ca\/dossiers-fruites\/route-des-fruits\/\"},{\"@type\":\"ListItem\",\"position\":3,\"name\":\"Nos cadeaux tr\\u00e8s originaux aux blogueurs\"}]}]}<\/script>\n<!-- \/ Yoast SEO plugin. -->","yoast_head_json":{"title":"Nos cadeaux tr\u00e8s originaux aux blogueurs -","robots":{"index":"index","follow":"follow","max-snippet":"max-snippet:-1","max-image-preview":"max-image-preview:large","max-video-preview":"max-video-preview:-1"},"canonical":"https:\/\/www.alexetalex.com\/ca\/dossiers-fruites\/route-des-fruits\/blogueurs\/","og_locale":"fr_FR","og_type":"article","og_title":"Nos cadeaux tr\u00e8s originaux aux blogueurs -","og_description":"Nos cadeaux tr\u00e8s originaux aux blogeur(se)s Le principe est simple : notre marque a des produits \u00e0 promouvoir, et vous, les \u00ab influenceurs \u00bb, avez un blog (ou des comptes sur les r\u00e9seaux sociaux) \u00e0 alimenter en contenu. Alors ici, Alex &#038; Alex vous propose ces nouveaut\u00e9s : vous choisissez celles qui nous int\u00e9ressent, ont [&hellip;]","og_url":"https:\/\/www.alexetalex.com\/ca\/dossiers-fruites\/route-des-fruits\/blogueurs\/","article_modified_time":"2020-05-06T02:22:42+00:00","og_image":[{"width":702,"height":397,"url":"https:\/\/www.alexetalex.com\/ca\/wp-content\/uploads\/2016\/12\/v\u00e9los.png","type":"image\/png"}],"twitter_misc":{"Dur\u00e9e de lecture estim\u00e9e":"2 minutes"},"schema":{"@context":"https:\/\/schema.org","@graph":[{"@type":"Organization","@id":"https:\/\/www.alexetalex.com\/ca\/#organization","name":"Alex & Alex","url":"https:\/\/www.alexetalex.com\/ca\/","sameAs":[],"logo":{"@type":"ImageObject","@id":"https:\/\/www.alexetalex.com\/ca\/#logo","inLanguage":"fr-FR","url":"https:\/\/www.alexetalex.com\/ca\/wp-content\/uploads\/2020\/04\/alexalex-1.png","contentUrl":"https:\/\/www.alexetalex.com\/ca\/wp-content\/uploads\/2020\/04\/alexalex-1.png","width":51,"height":50,"caption":"Alex & Alex"},"image":{"@id":"https:\/\/www.alexetalex.com\/ca\/#logo"}},{"@type":"WebSite","@id":"https:\/\/www.alexetalex.com\/ca\/#website","url":"https:\/\/www.alexetalex.com\/ca\/","name":"","description":"","publisher":{"@id":"https:\/\/www.alexetalex.com\/ca\/#organization"},"potentialAction":[{"@type":"SearchAction","target":{"@type":"EntryPoint","urlTemplate":"https:\/\/www.alexetalex.com\/ca\/?s={search_term_string}"},"query-input":"required name=search_term_string"}],"inLanguage":"fr-FR"},{"@type":"ImageObject","@id":"https:\/\/www.alexetalex.com\/ca\/dossiers-fruites\/route-des-fruits\/blogueurs\/#primaryimage","inLanguage":"fr-FR","url":"https:\/\/www.alexetalex.com\/ca\/wp-content\/uploads\/2016\/12\/v\u00e9los.png","contentUrl":"https:\/\/www.alexetalex.com\/ca\/wp-content\/uploads\/2016\/12\/v\u00e9los.png","width":702,"height":397},{"@type":"WebPage","@id":"https:\/\/www.alexetalex.com\/ca\/dossiers-fruites\/route-des-fruits\/blogueurs\/#webpage","url":"https:\/\/www.alexetalex.com\/ca\/dossiers-fruites\/route-des-fruits\/blogueurs\/","name":"Nos cadeaux tr\u00e8s originaux aux blogueurs -","isPartOf":{"@id":"https:\/\/www.alexetalex.com\/ca\/#website"},"primaryImageOfPage":{"@id":"https:\/\/www.alexetalex.com\/ca\/dossiers-fruites\/route-des-fruits\/blogueurs\/#primaryimage"},"datePublished":"2020-05-02T14:17:27+00:00","dateModified":"2020-05-06T02:22:42+00:00","breadcrumb":{"@id":"https:\/\/www.alexetalex.com\/ca\/dossiers-fruites\/route-des-fruits\/blogueurs\/#breadcrumb"},"inLanguage":"fr-FR","potentialAction":[{"@type":"ReadAction","target":["https:\/\/www.alexetalex.com\/ca\/dossiers-fruites\/route-des-fruits\/blogueurs\/"]}]},{"@type":"BreadcrumbList","@id":"https:\/\/www.alexetalex.com\/ca\/dossiers-fruites\/route-des-fruits\/blogueurs\/#breadcrumb","itemListElement":[{"@type":"ListItem","position":1,"name":"Magazine","item":"https:\/\/www.alexetalex.com\/ca\/dossiers-fruites\/"},{"@type":"ListItem","position":2,"name":"Fruits","item":"https:\/\/www.alexetalex.com\/ca\/dossiers-fruites\/route-des-fruits\/"},{"@type":"ListItem","position":3,"name":"Nos cadeaux tr\u00e8s originaux aux blogueurs"}]}]}},"_links":{"self":[{"href":"https:\/\/www.alexetalex.com\/ca\/wp-json\/wp\/v2\/pages\/16482"}],"collection":[{"href":"https:\/\/www.alexetalex.com\/ca\/wp-json\/wp\/v2\/pages"}],"about":[{"href":"https:\/\/www.alexetalex.com\/ca\/wp-json\/wp\/v2\/types\/page"}],"author":[{"embeddable":true,"href":"https:\/\/www.alexetalex.com\/ca\/wp-json\/wp\/v2\/users\/18"}],"replies":[{"embeddable":true,"href":"https:\/\/www.alexetalex.com\/ca\/wp-json\/wp\/v2\/comments?post=16482"}],"version-history":[{"count":1,"href":"https:\/\/www.alexetalex.com\/ca\/wp-json\/wp\/v2\/pages\/16482\/revisions"}],"predecessor-version":[{"id":16566,"href":"https:\/\/www.alexetalex.com\/ca\/wp-json\/wp\/v2\/pages\/16482\/revisions\/16566"}],"up":[{"embeddable":true,"href":"https:\/\/www.alexetalex.com\/ca\/wp-json\/wp\/v2\/pages\/8732"}],"wp:featuredmedia":[{"embeddable":true,"href":"https:\/\/www.alexetalex.com\/ca\/wp-json\/wp\/v2\/media\/7234"}],"wp:attachment":[{"href":"https:\/\/www.alexetalex.com\/ca\/wp-json\/wp\/v2\/media?parent=16482"}],"curies":[{"name":"wp","href":"https:\/\/api.w.org\/{rel}","templated":true}]}}