{"id":16714,"date":"2020-05-04T22:30:17","date_gmt":"2020-05-04T21:30:17","guid":{"rendered":"https:\/\/www.alexetalex.com\/ca\/?page_id=16714"},"modified":"2020-05-04T22:30:17","modified_gmt":"2020-05-04T21:30:17","slug":"paniers-fruits-mars","status":"publish","type":"page","link":"https:\/\/www.alexetalex.com\/ca\/dossiers-fruites\/route-des-fruits\/paniers-fruits-mars\/","title":{"rendered":"Vos paniers de fruits au bureau en Mars"},"content":{"rendered":"<p><H1>Nos paniers de fruits pour ce mois de Mars<\/H1><\/p>\n<p>Au mois de Mars, de nombreux fruits-vous sont propos\u00e9s dans nos paniers. Pour ce mois particulier, les prunes rouges allo et les pommes rosinette du Qu\u00e9bec sont mis en avant. Ainsi, vous aurez le loisir d\u2019en profiter dans le panier de fruits CLASSIQUE mais vous pouvez \u00e9galement les retrouver dans le panier PREMIUM.<\/p>\n<p>Le tout d\u00e9pend de vos go\u00fbts. Avec  ces produits, vous aurez le privil\u00e8ge de profiter de fruits frais \u00e0 longueur de temps. Les quelques fruits suivant sont ceux qui composent votre panier mais il faut savoir que l\u2019arrivage change en fonction des produits disponibles sur le march\u00e9.<\/p>\n<p><H2>I] Les fruits de saison en Mars<\/H2><\/p>\n<p><H3>Nos paniers de fruits \u00ab Premium \u00bb et \u00ab fruits en folie \u00bb en Mars<\/H3><\/p>\n<p>&#8211; Pommes Pink Lady<br \/>\n<br \/>&#8211; Pommes Rosinette locales<br \/>\n<br \/>&#8211; Pommes Golden<br \/>\n<br \/>&#8211; Bananes des Antilles<br \/>\n<br \/>&#8211; Cl\u00e9mentines Orri<br \/>\n<br \/>&#8211; Prunes Rouges Allo<br \/>\n<br \/>&#8211; Oranges Navel<br \/>\n<br \/>&#8211; Poires Anjou<br \/>\n<br \/>&#8211; Raisins Noirs Cardinal<br \/>\n<br \/>&#8211; Raisins Dor\u00e9s Sultanine<\/p>\n<p><H3>Les paniers de fruits \u00ab classiques \u00bb proposent<\/H3><\/p>\n<p>&#8211; Pommes Honey Crisp locales<br \/>\n<br \/>&#8211; Pommes Mc Intosh locales<br \/>\n<br \/>&#8211; Oranges Navel<br \/>\n<br \/>&#8211; Bananes des Antilles<br \/>\n<br \/>&#8211; Poires Anjou<br \/>\n<br \/>&#8211; Prunes Rouges Allo<\/p>\n<p>Pour le mois de Mars, vous pourrez essayer les fruits suivants avec notre offre :<\/p>\n<p>&#8211; prunes rouges allo<br \/>\n<br \/>&#8211; pommes rosinette locales<\/p>\n<p><H2>II] Focus sur la prune rouge allo<\/H2><\/p>\n<p>En g\u00e9n\u00e9ral, la prune est connue comme \u00e9tant un fruit \u00e0 chair sucr\u00e9e et parfaitement comestible. En outre, ce fruit a un noyau en son milieu. La prune allo rouge est un fruit assez gros qui a un go\u00fbt excellent. La variante de prune dite \u00ab allo \u00bb a l\u2019\u00e9piderme rouge et sa chair a une couleur jaune orang\u00e9e.<\/p>\n<p><H3>Historique<\/H3><\/p>\n<p>La prune est un fruit du prunier qui est un arbre venant de la Chine. Il pousse dans les zones caract\u00e9ris\u00e9es par un climat temp\u00e9r\u00e9 et chaud. Le prunier mesure dans les 6 m\u00e8tres mais certains arbres ne font pas plus de 3 m\u00e8tres de haut. C\u2019est un arbre ayant de belles fleurs blanches. La couleur de la chair de la prune varie en fonction du type de prune. Il existe des prunes jaunes verd\u00e2tres ou encore rouges. Le fruit est g\u00e9n\u00e9ralement d\u00e9licieusement parfum\u00e9. Concernant la prune rouge allo, elle est class\u00e9e parmi les vari\u00e9t\u00e9s de prunes am\u00e9ricano-japonaises.<\/p>\n<p><H3>Culture de la prune<\/H3><\/p>\n<p>Le prunier est un arbre robuste qui r\u00e9siste au froid. Il peut pousser au Nord comme au Sud. Il peut vivre jusqu\u2019\u00e0 50 ans mais cela varie selon l\u2019esp\u00e8ce. Les fruits sont g\u00e9n\u00e9ralement tri\u00e9s \u00e0 la main et les plus beaux sont de suite commercialis\u00e9s. En France, la production de prunes tourne autour des 175000 tonnes et la prune allo rouge figure dans la liste bien \u00e9videmment. <\/p>\n<p><H3>Les vertus de la prune allo rouge<\/H3><\/p>\n<p>La prune allo rouge est un fruit qui est riche en antioxydants. Ainsi, elle permet de lutter contre le vieillissement de la peau. La prune est aussi riche en magn\u00e9sium et en fer. Elle contient aussi beaucoup de fibres et de vitamine C. Les prunes sont souvent recommand\u00e9es pour leur facult\u00e9 \u00e0 stimuler le transit. La prune allo rouge peut \u00eatre d\u00e9gust\u00e9e telle qu\u2019elle mais elle peut \u00e9galement \u00eatre po\u00eal\u00e9e et \u00eatre pr\u00e9par\u00e9e en confiture. C\u2019est aussi un fruit qui accompagne divers plats dont le magret de canard ou encore le poulet.  <\/p>\n<p><H2>III] La pomme rosinette locale<\/H2><\/p>\n<p>La pomme rosinette est la vari\u00e9t\u00e9 de pomme qui vient enrichir le Qu\u00e9bec. Elle plait aussi bien aux consommateurs qu\u2019aux producteurs. Cette pomme est g\u00e9n\u00e9ralement visible sur le march\u00e9 \u00e0 partir du mois de Mars. La pomme rosinette est issue d\u2019un croisement entre une pomme jaune sans acidit\u00e9 et une autre pomme issue d\u2019un pommier inconnu.<\/p>\n<p><H3>Historique<\/H3><\/p>\n<p>Le groupement \u00ab la pomme de demain \u00bb a mis au point la pomme rosinette. Il s\u2019agit d\u2019un groupe de sp\u00e9cialistes dans le monde de la pomiculture du Qu\u00e9bec appuy\u00e9s par des producteurs agricoles. A noter que la rosinette a d\u00e9j\u00e0 eu son brevet. Ce dernier a \u00e9t\u00e9 octroy\u00e9 par l\u2019agence canadienne d\u2019inspection des aliments.<\/p>\n<p><H3>La pomme rosinette dans la nutrition<\/H3><\/p>\n<p>La pomme contient du polyph\u00e9nol et de la quercetine qui sont tous les deux des compos\u00e9s antioxydants. Ces derniers combattent efficacement les agressions du syst\u00e8me digestif. Par ailleurs, la pomme rosinette comme toutes les autres est riche en pectine. Elle est alors capable de neutraliser les m\u00e9taux lourds. En consommant ce fruit, de nombreuses personnes r\u00e9ussissent \u00e0 nettoyer leurs intestins et leur foie par la m\u00eame occasion.<\/p>\n<p>C\u2019est un fruit qui peut se manger cru \u00e0 condition de bien le laver. En outre, la pomme rosinette est un excellent coupe-faim qui est aussi pris en guise de collation. Par ailleurs, la pomme est aussi consomm\u00e9e en mono-di\u00e8te afin de lutter contre les mauvaises graisses et les toxines. C\u2019est l\u2019aliment id\u00e9al qui permet de commencer un r\u00e9gime hypocalorique en vue de perdre du poids. <\/p>\n","protected":false},"excerpt":{"rendered":"<p>Nos paniers de fruits pour ce mois de Mars Au mois de Mars, de nombreux fruits-vous sont propos\u00e9s dans nos paniers. Pour ce mois particulier, les prunes rouges allo et les pommes rosinette du Qu\u00e9bec sont mis en avant. Ainsi, vous aurez le loisir d\u2019en profiter dans le panier de fruits CLASSIQUE mais vous pouvez [&hellip;]<\/p>\n","protected":false},"author":4,"featured_media":16708,"parent":8732,"menu_order":0,"comment_status":"closed","ping_status":"closed","template":"","meta":{"_et_pb_use_builder":"","_et_pb_old_content":"","_et_gb_content_width":""},"acf":[],"yoast_head":"<!-- This site is optimized with the Yoast SEO plugin v17.6 - https:\/\/yoast.com\/wordpress\/plugins\/seo\/ -->\n<title>Fruits de saison en Mars - bienfaits, vertus, conseils<\/title>\n<meta name=\"description\" content=\"Le mois de Mars est une p\u00e9riode d&#039;abondance pour les fruits de saison. Nous vous proposons un panier de fruits de saison bien garnis.\" \/>\n<meta name=\"robots\" content=\"index, follow, max-snippet:-1, max-image-preview:large, max-video-preview:-1\" \/>\n<link rel=\"canonical\" href=\"https:\/\/www.alexetalex.com\/ca\/dossiers-fruites\/route-des-fruits\/paniers-fruits-mars\/\" \/>\n<meta property=\"og:locale\" content=\"fr_FR\" \/>\n<meta property=\"og:type\" content=\"article\" \/>\n<meta property=\"og:title\" content=\"Fruits de saison en Mars - bienfaits, vertus, conseils\" \/>\n<meta property=\"og:description\" content=\"Le mois de Mars est une p\u00e9riode d&#039;abondance pour les fruits de saison. Nous vous proposons un panier de fruits de saison bien garnis.\" \/>\n<meta property=\"og:url\" content=\"https:\/\/www.alexetalex.com\/ca\/dossiers-fruites\/route-des-fruits\/paniers-fruits-mars\/\" \/>\n<meta property=\"og:image\" content=\"https:\/\/www.alexetalex.com\/ca\/wp-content\/uploads\/2020\/05\/Compo-Mars.jpg\" \/>\n\t<meta property=\"og:image:width\" content=\"560\" \/>\n\t<meta property=\"og:image:height\" content=\"400\" \/>\n<meta name=\"twitter:label1\" content=\"Dur\u00e9e de lecture estim\u00e9e\" \/>\n\t<meta name=\"twitter:data1\" content=\"4 minutes\" \/>\n<script type=\"application\/ld+json\" class=\"yoast-schema-graph\">{\"@context\":\"https:\/\/schema.org\",\"@graph\":[{\"@type\":\"Organization\",\"@id\":\"https:\/\/www.alexetalex.com\/ca\/#organization\",\"name\":\"Alex & Alex\",\"url\":\"https:\/\/www.alexetalex.com\/ca\/\",\"sameAs\":[],\"logo\":{\"@type\":\"ImageObject\",\"@id\":\"https:\/\/www.alexetalex.com\/ca\/#logo\",\"inLanguage\":\"fr-FR\",\"url\":\"https:\/\/www.alexetalex.com\/ca\/wp-content\/uploads\/2020\/04\/alexalex-1.png\",\"contentUrl\":\"https:\/\/www.alexetalex.com\/ca\/wp-content\/uploads\/2020\/04\/alexalex-1.png\",\"width\":51,\"height\":50,\"caption\":\"Alex & Alex\"},\"image\":{\"@id\":\"https:\/\/www.alexetalex.com\/ca\/#logo\"}},{\"@type\":\"WebSite\",\"@id\":\"https:\/\/www.alexetalex.com\/ca\/#website\",\"url\":\"https:\/\/www.alexetalex.com\/ca\/\",\"name\":\"\",\"description\":\"\",\"publisher\":{\"@id\":\"https:\/\/www.alexetalex.com\/ca\/#organization\"},\"potentialAction\":[{\"@type\":\"SearchAction\",\"target\":{\"@type\":\"EntryPoint\",\"urlTemplate\":\"https:\/\/www.alexetalex.com\/ca\/?s={search_term_string}\"},\"query-input\":\"required name=search_term_string\"}],\"inLanguage\":\"fr-FR\"},{\"@type\":\"ImageObject\",\"@id\":\"https:\/\/www.alexetalex.com\/ca\/dossiers-fruites\/route-des-fruits\/paniers-fruits-mars\/#primaryimage\",\"inLanguage\":\"fr-FR\",\"url\":\"https:\/\/www.alexetalex.com\/ca\/wp-content\/uploads\/2020\/05\/Compo-Mars.jpg\",\"contentUrl\":\"https:\/\/www.alexetalex.com\/ca\/wp-content\/uploads\/2020\/05\/Compo-Mars.jpg\",\"width\":560,\"height\":400},{\"@type\":\"WebPage\",\"@id\":\"https:\/\/www.alexetalex.com\/ca\/dossiers-fruites\/route-des-fruits\/paniers-fruits-mars\/#webpage\",\"url\":\"https:\/\/www.alexetalex.com\/ca\/dossiers-fruites\/route-des-fruits\/paniers-fruits-mars\/\",\"name\":\"Fruits de saison en Mars - bienfaits, vertus, conseils\",\"isPartOf\":{\"@id\":\"https:\/\/www.alexetalex.com\/ca\/#website\"},\"primaryImageOfPage\":{\"@id\":\"https:\/\/www.alexetalex.com\/ca\/dossiers-fruites\/route-des-fruits\/paniers-fruits-mars\/#primaryimage\"},\"datePublished\":\"2020-05-04T21:30:17+00:00\",\"dateModified\":\"2020-05-04T21:30:17+00:00\",\"description\":\"Le mois de Mars est une p\\u00e9riode d'abondance pour les fruits de saison. Nous vous proposons un panier de fruits de saison bien garnis.\",\"breadcrumb\":{\"@id\":\"https:\/\/www.alexetalex.com\/ca\/dossiers-fruites\/route-des-fruits\/paniers-fruits-mars\/#breadcrumb\"},\"inLanguage\":\"fr-FR\",\"potentialAction\":[{\"@type\":\"ReadAction\",\"target\":[\"https:\/\/www.alexetalex.com\/ca\/dossiers-fruites\/route-des-fruits\/paniers-fruits-mars\/\"]}]},{\"@type\":\"BreadcrumbList\",\"@id\":\"https:\/\/www.alexetalex.com\/ca\/dossiers-fruites\/route-des-fruits\/paniers-fruits-mars\/#breadcrumb\",\"itemListElement\":[{\"@type\":\"ListItem\",\"position\":1,\"name\":\"Magazine\",\"item\":\"https:\/\/www.alexetalex.com\/ca\/dossiers-fruites\/\"},{\"@type\":\"ListItem\",\"position\":2,\"name\":\"Fruits\",\"item\":\"https:\/\/www.alexetalex.com\/ca\/dossiers-fruites\/route-des-fruits\/\"},{\"@type\":\"ListItem\",\"position\":3,\"name\":\"Vos paniers de fruits au bureau en Mars\"}]}]}<\/script>\n<!-- \/ Yoast SEO plugin. -->","yoast_head_json":{"title":"Fruits de saison en Mars - bienfaits, vertus, conseils","description":"Le mois de Mars est une p\u00e9riode d'abondance pour les fruits de saison. Nous vous proposons un panier de fruits de saison bien garnis.","robots":{"index":"index","follow":"follow","max-snippet":"max-snippet:-1","max-image-preview":"max-image-preview:large","max-video-preview":"max-video-preview:-1"},"canonical":"https:\/\/www.alexetalex.com\/ca\/dossiers-fruites\/route-des-fruits\/paniers-fruits-mars\/","og_locale":"fr_FR","og_type":"article","og_title":"Fruits de saison en Mars - bienfaits, vertus, conseils","og_description":"Le mois de Mars est une p\u00e9riode d'abondance pour les fruits de saison. Nous vous proposons un panier de fruits de saison bien garnis.","og_url":"https:\/\/www.alexetalex.com\/ca\/dossiers-fruites\/route-des-fruits\/paniers-fruits-mars\/","og_image":[{"width":560,"height":400,"url":"https:\/\/www.alexetalex.com\/ca\/wp-content\/uploads\/2020\/05\/Compo-Mars.jpg","type":"image\/jpeg"}],"twitter_misc":{"Dur\u00e9e de lecture estim\u00e9e":"4 minutes"},"schema":{"@context":"https:\/\/schema.org","@graph":[{"@type":"Organization","@id":"https:\/\/www.alexetalex.com\/ca\/#organization","name":"Alex & Alex","url":"https:\/\/www.alexetalex.com\/ca\/","sameAs":[],"logo":{"@type":"ImageObject","@id":"https:\/\/www.alexetalex.com\/ca\/#logo","inLanguage":"fr-FR","url":"https:\/\/www.alexetalex.com\/ca\/wp-content\/uploads\/2020\/04\/alexalex-1.png","contentUrl":"https:\/\/www.alexetalex.com\/ca\/wp-content\/uploads\/2020\/04\/alexalex-1.png","width":51,"height":50,"caption":"Alex & Alex"},"image":{"@id":"https:\/\/www.alexetalex.com\/ca\/#logo"}},{"@type":"WebSite","@id":"https:\/\/www.alexetalex.com\/ca\/#website","url":"https:\/\/www.alexetalex.com\/ca\/","name":"","description":"","publisher":{"@id":"https:\/\/www.alexetalex.com\/ca\/#organization"},"potentialAction":[{"@type":"SearchAction","target":{"@type":"EntryPoint","urlTemplate":"https:\/\/www.alexetalex.com\/ca\/?s={search_term_string}"},"query-input":"required name=search_term_string"}],"inLanguage":"fr-FR"},{"@type":"ImageObject","@id":"https:\/\/www.alexetalex.com\/ca\/dossiers-fruites\/route-des-fruits\/paniers-fruits-mars\/#primaryimage","inLanguage":"fr-FR","url":"https:\/\/www.alexetalex.com\/ca\/wp-content\/uploads\/2020\/05\/Compo-Mars.jpg","contentUrl":"https:\/\/www.alexetalex.com\/ca\/wp-content\/uploads\/2020\/05\/Compo-Mars.jpg","width":560,"height":400},{"@type":"WebPage","@id":"https:\/\/www.alexetalex.com\/ca\/dossiers-fruites\/route-des-fruits\/paniers-fruits-mars\/#webpage","url":"https:\/\/www.alexetalex.com\/ca\/dossiers-fruites\/route-des-fruits\/paniers-fruits-mars\/","name":"Fruits de saison en Mars - bienfaits, vertus, conseils","isPartOf":{"@id":"https:\/\/www.alexetalex.com\/ca\/#website"},"primaryImageOfPage":{"@id":"https:\/\/www.alexetalex.com\/ca\/dossiers-fruites\/route-des-fruits\/paniers-fruits-mars\/#primaryimage"},"datePublished":"2020-05-04T21:30:17+00:00","dateModified":"2020-05-04T21:30:17+00:00","description":"Le mois de Mars est une p\u00e9riode d'abondance pour les fruits de saison. Nous vous proposons un panier de fruits de saison bien garnis.","breadcrumb":{"@id":"https:\/\/www.alexetalex.com\/ca\/dossiers-fruites\/route-des-fruits\/paniers-fruits-mars\/#breadcrumb"},"inLanguage":"fr-FR","potentialAction":[{"@type":"ReadAction","target":["https:\/\/www.alexetalex.com\/ca\/dossiers-fruites\/route-des-fruits\/paniers-fruits-mars\/"]}]},{"@type":"BreadcrumbList","@id":"https:\/\/www.alexetalex.com\/ca\/dossiers-fruites\/route-des-fruits\/paniers-fruits-mars\/#breadcrumb","itemListElement":[{"@type":"ListItem","position":1,"name":"Magazine","item":"https:\/\/www.alexetalex.com\/ca\/dossiers-fruites\/"},{"@type":"ListItem","position":2,"name":"Fruits","item":"https:\/\/www.alexetalex.com\/ca\/dossiers-fruites\/route-des-fruits\/"},{"@type":"ListItem","position":3,"name":"Vos paniers de fruits au bureau en Mars"}]}]}},"_links":{"self":[{"href":"https:\/\/www.alexetalex.com\/ca\/wp-json\/wp\/v2\/pages\/16714"}],"collection":[{"href":"https:\/\/www.alexetalex.com\/ca\/wp-json\/wp\/v2\/pages"}],"about":[{"href":"https:\/\/www.alexetalex.com\/ca\/wp-json\/wp\/v2\/types\/page"}],"author":[{"embeddable":true,"href":"https:\/\/www.alexetalex.com\/ca\/wp-json\/wp\/v2\/users\/4"}],"replies":[{"embeddable":true,"href":"https:\/\/www.alexetalex.com\/ca\/wp-json\/wp\/v2\/comments?post=16714"}],"version-history":[{"count":1,"href":"https:\/\/www.alexetalex.com\/ca\/wp-json\/wp\/v2\/pages\/16714\/revisions"}],"predecessor-version":[{"id":16715,"href":"https:\/\/www.alexetalex.com\/ca\/wp-json\/wp\/v2\/pages\/16714\/revisions\/16715"}],"up":[{"embeddable":true,"href":"https:\/\/www.alexetalex.com\/ca\/wp-json\/wp\/v2\/pages\/8732"}],"wp:featuredmedia":[{"embeddable":true,"href":"https:\/\/www.alexetalex.com\/ca\/wp-json\/wp\/v2\/media\/16708"}],"wp:attachment":[{"href":"https:\/\/www.alexetalex.com\/ca\/wp-json\/wp\/v2\/media?parent=16714"}],"curies":[{"name":"wp","href":"https:\/\/api.w.org\/{rel}","templated":true}]}}