{"id":16716,"date":"2020-05-04T22:32:09","date_gmt":"2020-05-04T21:32:09","guid":{"rendered":"https:\/\/www.alexetalex.com\/ca\/?page_id=16716"},"modified":"2020-05-04T22:35:44","modified_gmt":"2020-05-04T21:35:44","slug":"paniers-fruits-aout","status":"publish","type":"page","link":"https:\/\/www.alexetalex.com\/ca\/dossiers-fruites\/route-des-fruits\/paniers-fruits-aout\/","title":{"rendered":"Vos paniers de fruits au bureau en Ao\u00fbt"},"content":{"rendered":"<p><H1>Fruits de saison en Ao\u00fbt<\/H1><\/p>\n<p>Le mois d\u2019ao\u00fbt est une p\u00e9riode de prosp\u00e9rit\u00e9 pour les fruits et les l\u00e9gumes. Nous vous proposons un panier bien rempli de fruits frais. En ao\u00fbt, les framboises du Qu\u00e9bec et les p\u00eaches d\u2019Ontario sont privil\u00e9gi\u00e9es. Vous avez toujours le choix entre la formule PREMIUM ou la formule CLASSIQUE.<\/p>\n<p>Choisissez le panier qui convient \u00e0 vos go\u00fbts. Pour ce mois, nous avons pr\u00e9par\u00e9 une composition sp\u00e9ciale avec une composition de saveurs. Il est \u00e0 rappeler que les fruits contenus dans un panier peuvent changer selon les arrivages et les produits sur le march\u00e9.<\/p>\n<p><a href=\"https:\/\/www.alexetalex.com\/ca\/dossiers-fruites\/composition-des-paniers\/paniers-fruits-aout\/compo-aout\/\" rel=\"attachment wp-att-9893\"><img src=\"https:\/\/www.alexetalex.com\/ca\/wp-content\/uploads\/2018\/12\/compo-aout-700x354.jpg\" alt=\"compo-aout\" class=\"alignnone size-large wp-image-9893\" \/><\/a><\/p>\n<p><H2>I] Composition de nos paniers fruits en Ao\u00fbt<\/H2><\/p>\n<p><H3>Nos paniers fruits \u00ab\u2009Premium\u2009\u00bb et \u00ab\u2009fruits en folie\u2009\u00bb en Ao\u00fbt<\/H3><\/p>\n<p>\u2013 Pommes Pink Lady<br \/>\n<br \/>\u2013 Pommes Mc Intosch<br \/>\n<br \/>\u2013 Bananes des Antilles<br \/>\n<br \/>\u2013 Prunes rouges d\u2019Ontario<br \/>\n<br \/>\u2013 Abricots d\u2019Ontario<br \/>\n<br \/>\u2013 P\u00eaches blanches d\u2019Ontario<br \/>\n<br \/>\u2013 Nectarines blanches<br \/>\n<br \/>\u2013 Raisins rouges Goden Globe<br \/>\n<br \/>\u2013 Framboises du Qu\u00e9bec<\/p>\n<p><H3>Nos paniers fruits \u00ab\u2009Classique\u2009\u00bb en Ao\u00fbt<\/H3><\/p>\n<p>Si vous pr\u00e9f\u00e9rez le panier de fruits \u00ab\u2009classiques\u2009\u00bb, voici les composants :<br \/>\n<br \/>\u2013 Pommes Pink Lady<br \/>\n<br \/>\u2013 Pommes Mc Intosch<br \/>\n<br \/>\u2013 Bananes des Antilles<br \/>\n<br \/>\u2013 P\u00eaches blanches d\u2019Ontario<br \/>\n<br \/>\u2013 Prunes rouges d\u2019Ontario<\/p>\n<p>Pour ce mois d\u2019ao\u00fbt, nous vous proposons en exclusivit\u00e9 deux fruits de saison \u00e0 ne pas manquer :<br \/>\n<br \/>&#8211; Les framboises de Qu\u00e9bec<br \/>\n<br \/>&#8211; Les p\u00eaches d\u2019Ontario<\/p>\n<p><H2>II] Les framboises du Qu\u00e9bec<\/H2><\/p>\n<p>La framboise est un fruit rouge obtenu \u00e0 partir du framboisier, faisant partie de la famille des rosac\u00e9es. Les framboises du Qu\u00e9bec se consomment bien fra\u00eeches et bien mures. Durant le mois d\u2019ao\u00fbt, les \u00e9tals sont garnis. Ce petit fruit sucr\u00e9 et acidul\u00e9 r\u00e9ussira \u00e0 vous donner l\u2019eau \u00e0 la bouche rien que par son parfum d\u00e9licieux.<\/p>\n<p><H3>Les framboises de Qu\u00e9bec pour l\u2019automne<\/H3><\/p>\n<p>D\u00e8s le mois de juillet, vous pouvez voir ce fruit partout dans les march\u00e9s qu\u00e9b\u00e9cois. Les autres fruits color\u00e9s et parfum\u00e9s du mois de juillet commencent \u00e0 dispara\u00eetre vers le d\u00e9but du mois d\u2019ao\u00fbt, mais la framboise est toujours d\u2019actualit\u00e9. Et elle est encore plus savoureuse, car elle est bien mure et bien sucr\u00e9e. <\/p>\n<p><H3>L\u2019histoire de la framboise du Qu\u00e9bec<\/H3><\/p>\n<p>La framboise est issue d\u2019une l\u00e9gende peu connue, mais qui est tr\u00e8s appr\u00e9ci\u00e9e par les cultivateurs. Le nom scientifique de la framboise est Rubus Idaeus. D\u2019apr\u00e8s la l\u00e9gende, la framboise \u00e9tait un fruit blanc. Une nymphe nomm\u00e9e Ida, fille du roi de Cr\u00e8te et nourrice de Zeus, souhaitait cueillir des framboises dans la for\u00eat pour trouver la paix, tant elle \u00e9tait triste ce jour-l\u00e0. Mais alors qu\u2019elle s\u2019accroupit, elle se piqua un sein aux \u00e9pines du framboisier. Son sang coula sur la plantation et toutes les framboises eurent une couleur rouge sang. La framboise se pr\u00e9sente sous diff\u00e9rentes couleurs : rouge, noire, jaune, orange, ambr\u00e9e et blanche. La culture de ce fruit d\u00e9butait au d\u00e9but du XXe si\u00e8cle en Europe. Aujourd\u2019hui, beaucoup de pays en cultivent, dont le Qu\u00e9bec.<\/p>\n<p><H3>Les vertus de la framboise du Qu\u00e9bec<\/H3><\/p>\n<p>La framboise poss\u00e8de plusieurs vertus. Premi\u00e8rement, c\u2019est un puissant antioxydant. Elle prot\u00e8ge le c\u0153ur contre les maladies auxquelles il est expos\u00e9, mais prot\u00e8ge aussi notre organisme contre de nombreux cancers et des maladies chroniques vari\u00e9es. La framboise est aussi bourr\u00e9e de vitamine C, soit environ 25 mg de vitamine C dans 100 g de framboises. Si vous suivez un r\u00e9\u00e9quilibrage alimentaire pour perdre du poids, la framboise est riche en fibres et vous aide \u00e0 bien dig\u00e9rer vos aliments. La digestion est aussi \u00e9quilibr\u00e9e gr\u00e2ce aux celluloses que contient ce fruit.<\/p>\n<p><H2>III] Les p\u00eaches du Qu\u00e9bec<\/H2><\/p>\n<p>Au Qu\u00e9bec, la p\u00eache est un fruit de saison pour le mois d\u2019ao\u00fbt. Avec sa couleur rouge orang\u00e9 et sa peau en velours, ce fruit d\u00e9core les \u00e9tals du march\u00e9 de Qu\u00e9bec et attire bon nombre de clients. La p\u00eache est un fruit juteux et sucr\u00e9. On aime la consommer crue ou en confiture. <\/p>\n<p><H3>Les caract\u00e9ristiques de la p\u00eache<\/H3><\/p>\n<p>C\u2019est un fruit de la famille des rosac\u00e9es, et d\u2019origine asiatique. Au Qu\u00e9bec, la p\u00eache remplit les \u00e9tals du mois de juin au mois d\u2019ao\u00fbt. Lorsqu\u2019elle est bien mure, la p\u00eache prend une forme arrondie et p\u00e8se jusqu\u2019\u00e0 150 g. Elle a une peau duveteuse, sa chair est sucr\u00e9e et tr\u00e8s juteuse. Le premier p\u00eacher fut d\u00e9couvert en Chine il y a des milliers d\u2019ann\u00e9es avant J.-C. ensuite, il fut import\u00e9 en Inde et ensuite en Europe. L\u2019arbre resta un bon moment en Perse o\u00f9 le fruit obtint le nom de malum persicum ou pomme de Perse. Le p\u00eacher devient un arbre tr\u00e8s pris\u00e9 depuis le VIe si\u00e8cle. Vous pouvez voir plusieurs p\u00eachers dans le jardin fruitier de Versailles, car c\u2019\u00e9tait le fruit pr\u00e9f\u00e9r\u00e9 de Louis XIV et il demanda \u00e0 ce que son jardinier en plante 33 vari\u00e9t\u00e9s dans son jardin.<\/p>\n<p><H3>Les bienfaits de la p\u00eache<\/H3><\/p>\n<p>La p\u00eache est un fruit qui est dot\u00e9 de plusieurs bienfaits. D\u2019abord, c\u2019est un antioxydant tr\u00e8s efficace qui \u00e9limine rapidement le mauvais cholest\u00e9rol. Aussi, la p\u00eache poss\u00e8de des actifs ph\u00e9noliques, dont les hydroxinnamates et les flavans-3-ols4.6. La pelure est consommable, elle contient aussi des actifs qui contribuent \u00e0 la pr\u00e9vention contre plusieurs maladies. La vitamine C y est abondante, tout comme les fibres alimentaires qui permettent de perdre du poids naturellement. C\u2019est aussi une source de vitamine E et de fer.<\/p>\n<p>N\u2019h\u00e9sitez pas \u00e0 nous contacter pour avoir de plus amples renseignements concernant les paniers ou les livraisons \u00e0 Montr\u00e9al. Nous restons \u00e0 votre disponibilit\u00e9. La variation des fruits peut changer au fil des jours selon les arrivages du march\u00e9.<\/p>\n","protected":false},"excerpt":{"rendered":"<p>Fruits de saison en Ao\u00fbt Le mois d\u2019ao\u00fbt est une p\u00e9riode de prosp\u00e9rit\u00e9 pour les fruits et les l\u00e9gumes. Nous vous proposons un panier bien rempli de fruits frais. En ao\u00fbt, les framboises du Qu\u00e9bec et les p\u00eaches d\u2019Ontario sont privil\u00e9gi\u00e9es. Vous avez toujours le choix entre la formule PREMIUM ou la formule CLASSIQUE. Choisissez [&hellip;]<\/p>\n","protected":false},"author":4,"featured_media":16703,"parent":8732,"menu_order":0,"comment_status":"closed","ping_status":"closed","template":"","meta":{"_et_pb_use_builder":"","_et_pb_old_content":"","_et_gb_content_width":""},"acf":[],"yoast_head":"<!-- This site is optimized with the Yoast SEO plugin v17.6 - https:\/\/yoast.com\/wordpress\/plugins\/seo\/ -->\n<title>Fruits de saison en Ao\u00fbt - bienfaits, vertus et id\u00e9es d&#039;utilisation<\/title>\n<meta name=\"description\" content=\"Fruits de saison en Ao\u00fbt Le mois d\u2019ao\u00fbt est une p\u00e9riode de prosp\u00e9rit\u00e9 pour les fruits et les l\u00e9gumes. Nous vous proposons un panier bien rempli de fruits.\" \/>\n<meta name=\"robots\" content=\"index, follow, max-snippet:-1, max-image-preview:large, max-video-preview:-1\" \/>\n<link rel=\"canonical\" href=\"https:\/\/www.alexetalex.com\/ca\/dossiers-fruites\/route-des-fruits\/paniers-fruits-aout\/\" \/>\n<meta property=\"og:locale\" content=\"fr_FR\" \/>\n<meta property=\"og:type\" content=\"article\" \/>\n<meta property=\"og:title\" content=\"Fruits de saison en Ao\u00fbt - bienfaits, vertus et id\u00e9es d&#039;utilisation\" \/>\n<meta property=\"og:description\" content=\"Fruits de saison en Ao\u00fbt Le mois d\u2019ao\u00fbt est une p\u00e9riode de prosp\u00e9rit\u00e9 pour les fruits et les l\u00e9gumes. Nous vous proposons un panier bien rempli de fruits.\" \/>\n<meta property=\"og:url\" content=\"https:\/\/www.alexetalex.com\/ca\/dossiers-fruites\/route-des-fruits\/paniers-fruits-aout\/\" \/>\n<meta property=\"article:modified_time\" content=\"2020-05-04T21:35:44+00:00\" \/>\n<meta property=\"og:image\" content=\"https:\/\/www.alexetalex.com\/ca\/wp-content\/uploads\/2020\/05\/compo-aout.jpg\" \/>\n\t<meta property=\"og:image:width\" content=\"1406\" \/>\n\t<meta property=\"og:image:height\" content=\"711\" \/>\n<meta name=\"twitter:label1\" content=\"Dur\u00e9e de lecture estim\u00e9e\" \/>\n\t<meta name=\"twitter:data1\" content=\"5 minutes\" \/>\n<script type=\"application\/ld+json\" class=\"yoast-schema-graph\">{\"@context\":\"https:\/\/schema.org\",\"@graph\":[{\"@type\":\"Organization\",\"@id\":\"https:\/\/www.alexetalex.com\/ca\/#organization\",\"name\":\"Alex & Alex\",\"url\":\"https:\/\/www.alexetalex.com\/ca\/\",\"sameAs\":[],\"logo\":{\"@type\":\"ImageObject\",\"@id\":\"https:\/\/www.alexetalex.com\/ca\/#logo\",\"inLanguage\":\"fr-FR\",\"url\":\"https:\/\/www.alexetalex.com\/ca\/wp-content\/uploads\/2020\/04\/alexalex-1.png\",\"contentUrl\":\"https:\/\/www.alexetalex.com\/ca\/wp-content\/uploads\/2020\/04\/alexalex-1.png\",\"width\":51,\"height\":50,\"caption\":\"Alex & Alex\"},\"image\":{\"@id\":\"https:\/\/www.alexetalex.com\/ca\/#logo\"}},{\"@type\":\"WebSite\",\"@id\":\"https:\/\/www.alexetalex.com\/ca\/#website\",\"url\":\"https:\/\/www.alexetalex.com\/ca\/\",\"name\":\"\",\"description\":\"\",\"publisher\":{\"@id\":\"https:\/\/www.alexetalex.com\/ca\/#organization\"},\"potentialAction\":[{\"@type\":\"SearchAction\",\"target\":{\"@type\":\"EntryPoint\",\"urlTemplate\":\"https:\/\/www.alexetalex.com\/ca\/?s={search_term_string}\"},\"query-input\":\"required name=search_term_string\"}],\"inLanguage\":\"fr-FR\"},{\"@type\":\"ImageObject\",\"@id\":\"https:\/\/www.alexetalex.com\/ca\/dossiers-fruites\/route-des-fruits\/paniers-fruits-aout\/#primaryimage\",\"inLanguage\":\"fr-FR\",\"url\":\"https:\/\/www.alexetalex.com\/ca\/wp-content\/uploads\/2020\/05\/compo-aout.jpg\",\"contentUrl\":\"https:\/\/www.alexetalex.com\/ca\/wp-content\/uploads\/2020\/05\/compo-aout.jpg\",\"width\":1406,\"height\":711},{\"@type\":\"WebPage\",\"@id\":\"https:\/\/www.alexetalex.com\/ca\/dossiers-fruites\/route-des-fruits\/paniers-fruits-aout\/#webpage\",\"url\":\"https:\/\/www.alexetalex.com\/ca\/dossiers-fruites\/route-des-fruits\/paniers-fruits-aout\/\",\"name\":\"Fruits de saison en Ao\\u00fbt - bienfaits, vertus et id\\u00e9es d'utilisation\",\"isPartOf\":{\"@id\":\"https:\/\/www.alexetalex.com\/ca\/#website\"},\"primaryImageOfPage\":{\"@id\":\"https:\/\/www.alexetalex.com\/ca\/dossiers-fruites\/route-des-fruits\/paniers-fruits-aout\/#primaryimage\"},\"datePublished\":\"2020-05-04T21:32:09+00:00\",\"dateModified\":\"2020-05-04T21:35:44+00:00\",\"description\":\"Fruits de saison en Ao\\u00fbt Le mois d\\u2019ao\\u00fbt est une p\\u00e9riode de prosp\\u00e9rit\\u00e9 pour les fruits et les l\\u00e9gumes. Nous vous proposons un panier bien rempli de fruits.\",\"breadcrumb\":{\"@id\":\"https:\/\/www.alexetalex.com\/ca\/dossiers-fruites\/route-des-fruits\/paniers-fruits-aout\/#breadcrumb\"},\"inLanguage\":\"fr-FR\",\"potentialAction\":[{\"@type\":\"ReadAction\",\"target\":[\"https:\/\/www.alexetalex.com\/ca\/dossiers-fruites\/route-des-fruits\/paniers-fruits-aout\/\"]}]},{\"@type\":\"BreadcrumbList\",\"@id\":\"https:\/\/www.alexetalex.com\/ca\/dossiers-fruites\/route-des-fruits\/paniers-fruits-aout\/#breadcrumb\",\"itemListElement\":[{\"@type\":\"ListItem\",\"position\":1,\"name\":\"Magazine\",\"item\":\"https:\/\/www.alexetalex.com\/ca\/dossiers-fruites\/\"},{\"@type\":\"ListItem\",\"position\":2,\"name\":\"Fruits\",\"item\":\"https:\/\/www.alexetalex.com\/ca\/dossiers-fruites\/route-des-fruits\/\"},{\"@type\":\"ListItem\",\"position\":3,\"name\":\"Vos paniers de fruits au bureau en Ao\\u00fbt\"}]}]}<\/script>\n<!-- \/ Yoast SEO plugin. -->","yoast_head_json":{"title":"Fruits de saison en Ao\u00fbt - bienfaits, vertus et id\u00e9es d'utilisation","description":"Fruits de saison en Ao\u00fbt Le mois d\u2019ao\u00fbt est une p\u00e9riode de prosp\u00e9rit\u00e9 pour les fruits et les l\u00e9gumes. Nous vous proposons un panier bien rempli de fruits.","robots":{"index":"index","follow":"follow","max-snippet":"max-snippet:-1","max-image-preview":"max-image-preview:large","max-video-preview":"max-video-preview:-1"},"canonical":"https:\/\/www.alexetalex.com\/ca\/dossiers-fruites\/route-des-fruits\/paniers-fruits-aout\/","og_locale":"fr_FR","og_type":"article","og_title":"Fruits de saison en Ao\u00fbt - bienfaits, vertus et id\u00e9es d'utilisation","og_description":"Fruits de saison en Ao\u00fbt Le mois d\u2019ao\u00fbt est une p\u00e9riode de prosp\u00e9rit\u00e9 pour les fruits et les l\u00e9gumes. Nous vous proposons un panier bien rempli de fruits.","og_url":"https:\/\/www.alexetalex.com\/ca\/dossiers-fruites\/route-des-fruits\/paniers-fruits-aout\/","article_modified_time":"2020-05-04T21:35:44+00:00","og_image":[{"width":1406,"height":711,"url":"https:\/\/www.alexetalex.com\/ca\/wp-content\/uploads\/2020\/05\/compo-aout.jpg","type":"image\/jpeg"}],"twitter_misc":{"Dur\u00e9e de lecture estim\u00e9e":"5 minutes"},"schema":{"@context":"https:\/\/schema.org","@graph":[{"@type":"Organization","@id":"https:\/\/www.alexetalex.com\/ca\/#organization","name":"Alex & Alex","url":"https:\/\/www.alexetalex.com\/ca\/","sameAs":[],"logo":{"@type":"ImageObject","@id":"https:\/\/www.alexetalex.com\/ca\/#logo","inLanguage":"fr-FR","url":"https:\/\/www.alexetalex.com\/ca\/wp-content\/uploads\/2020\/04\/alexalex-1.png","contentUrl":"https:\/\/www.alexetalex.com\/ca\/wp-content\/uploads\/2020\/04\/alexalex-1.png","width":51,"height":50,"caption":"Alex & Alex"},"image":{"@id":"https:\/\/www.alexetalex.com\/ca\/#logo"}},{"@type":"WebSite","@id":"https:\/\/www.alexetalex.com\/ca\/#website","url":"https:\/\/www.alexetalex.com\/ca\/","name":"","description":"","publisher":{"@id":"https:\/\/www.alexetalex.com\/ca\/#organization"},"potentialAction":[{"@type":"SearchAction","target":{"@type":"EntryPoint","urlTemplate":"https:\/\/www.alexetalex.com\/ca\/?s={search_term_string}"},"query-input":"required name=search_term_string"}],"inLanguage":"fr-FR"},{"@type":"ImageObject","@id":"https:\/\/www.alexetalex.com\/ca\/dossiers-fruites\/route-des-fruits\/paniers-fruits-aout\/#primaryimage","inLanguage":"fr-FR","url":"https:\/\/www.alexetalex.com\/ca\/wp-content\/uploads\/2020\/05\/compo-aout.jpg","contentUrl":"https:\/\/www.alexetalex.com\/ca\/wp-content\/uploads\/2020\/05\/compo-aout.jpg","width":1406,"height":711},{"@type":"WebPage","@id":"https:\/\/www.alexetalex.com\/ca\/dossiers-fruites\/route-des-fruits\/paniers-fruits-aout\/#webpage","url":"https:\/\/www.alexetalex.com\/ca\/dossiers-fruites\/route-des-fruits\/paniers-fruits-aout\/","name":"Fruits de saison en Ao\u00fbt - bienfaits, vertus et id\u00e9es d'utilisation","isPartOf":{"@id":"https:\/\/www.alexetalex.com\/ca\/#website"},"primaryImageOfPage":{"@id":"https:\/\/www.alexetalex.com\/ca\/dossiers-fruites\/route-des-fruits\/paniers-fruits-aout\/#primaryimage"},"datePublished":"2020-05-04T21:32:09+00:00","dateModified":"2020-05-04T21:35:44+00:00","description":"Fruits de saison en Ao\u00fbt Le mois d\u2019ao\u00fbt est une p\u00e9riode de prosp\u00e9rit\u00e9 pour les fruits et les l\u00e9gumes. Nous vous proposons un panier bien rempli de fruits.","breadcrumb":{"@id":"https:\/\/www.alexetalex.com\/ca\/dossiers-fruites\/route-des-fruits\/paniers-fruits-aout\/#breadcrumb"},"inLanguage":"fr-FR","potentialAction":[{"@type":"ReadAction","target":["https:\/\/www.alexetalex.com\/ca\/dossiers-fruites\/route-des-fruits\/paniers-fruits-aout\/"]}]},{"@type":"BreadcrumbList","@id":"https:\/\/www.alexetalex.com\/ca\/dossiers-fruites\/route-des-fruits\/paniers-fruits-aout\/#breadcrumb","itemListElement":[{"@type":"ListItem","position":1,"name":"Magazine","item":"https:\/\/www.alexetalex.com\/ca\/dossiers-fruites\/"},{"@type":"ListItem","position":2,"name":"Fruits","item":"https:\/\/www.alexetalex.com\/ca\/dossiers-fruites\/route-des-fruits\/"},{"@type":"ListItem","position":3,"name":"Vos paniers de fruits au bureau en Ao\u00fbt"}]}]}},"_links":{"self":[{"href":"https:\/\/www.alexetalex.com\/ca\/wp-json\/wp\/v2\/pages\/16716"}],"collection":[{"href":"https:\/\/www.alexetalex.com\/ca\/wp-json\/wp\/v2\/pages"}],"about":[{"href":"https:\/\/www.alexetalex.com\/ca\/wp-json\/wp\/v2\/types\/page"}],"author":[{"embeddable":true,"href":"https:\/\/www.alexetalex.com\/ca\/wp-json\/wp\/v2\/users\/4"}],"replies":[{"embeddable":true,"href":"https:\/\/www.alexetalex.com\/ca\/wp-json\/wp\/v2\/comments?post=16716"}],"version-history":[{"count":1,"href":"https:\/\/www.alexetalex.com\/ca\/wp-json\/wp\/v2\/pages\/16716\/revisions"}],"predecessor-version":[{"id":16717,"href":"https:\/\/www.alexetalex.com\/ca\/wp-json\/wp\/v2\/pages\/16716\/revisions\/16717"}],"up":[{"embeddable":true,"href":"https:\/\/www.alexetalex.com\/ca\/wp-json\/wp\/v2\/pages\/8732"}],"wp:featuredmedia":[{"embeddable":true,"href":"https:\/\/www.alexetalex.com\/ca\/wp-json\/wp\/v2\/media\/16703"}],"wp:attachment":[{"href":"https:\/\/www.alexetalex.com\/ca\/wp-json\/wp\/v2\/media?parent=16716"}],"curies":[{"name":"wp","href":"https:\/\/api.w.org\/{rel}","templated":true}]}}