{"id":16718,"date":"2020-05-04T22:37:15","date_gmt":"2020-05-04T21:37:15","guid":{"rendered":"https:\/\/www.alexetalex.com\/ca\/?page_id=16718"},"modified":"2020-05-04T22:37:15","modified_gmt":"2020-05-04T21:37:15","slug":"paniers-fruits-septembre","status":"publish","type":"page","link":"https:\/\/www.alexetalex.com\/ca\/dossiers-fruites\/route-des-fruits\/paniers-fruits-septembre\/","title":{"rendered":"Vos paniers de fruits au bureau en Septembre"},"content":{"rendered":"<p><H1>Fruits de saison en Septembre<\/H1><\/p>\n<p><H2>I] composition de nos paniers fruits en Septembre<\/H2><\/p>\n<p>En Septembre, nous vous proposons diff\u00e9rents fruits de saison que vous pouvez trouver dans nos paniers. Les prunes vertes du Qu\u00e9bec ainsi que ses raisins verts sont forts go\u00fbteux et vous aurez l\u2019avantage d\u2019en profiter en optant pour le panier CLASSIQUE ou pour le panier de fruits PREMIUM.<\/p>\n<p>Le tout d\u00e9pend de vos pr\u00e9f\u00e9rences. Avec ces fruits frais, vous pourrez consommer des produits d\u2019une grande fraicheur. Chaque panier pr\u00e9sent\u00e9 se compose de d\u00e9licieux fruits exotiques. A noter que les arrivages sont diversifi\u00e9s en fonction des produits disponibles sur le march\u00e9.<\/p>\n<p><H3>En septembre, le panier \u00ab Premium \u00bb et \u00ab fruits en folie \u00bb se compose de<\/H3><br \/>\n&#8211; Pommes Honey Crisp locales<br \/>\n<br \/>&#8211; Pommes Rosinette locales<br \/>\n<br \/>&#8211; Bananes des Antilles<br \/>\n<br \/>&#8211; Prunes Vertes<br \/>\n<br \/>&#8211; Poires Bosc<br \/>\n<br \/>&#8211; P\u00eaches Jaunes<br \/>\n<br \/>&#8211; Nectarines Blanches<br \/>\n<br \/>&#8211; Raisins Rouges de Corinthe<br \/>\n<br \/>&#8211; Raisins Verts Italia<\/p>\n<p><H3>Quant au panier de fruits \u00ab classiques \u00bb, il contient<\/H3><\/p>\n<p>&#8211; Pommes Honey Crisp locales<br \/>\n<br \/>&#8211; Pommes Rosinette locales<br \/>\n<br \/>&#8211; Bananes des Antilles<br \/>\n<br \/>&#8211; Poires Bartlett<br \/>\n<br \/>&#8211; P\u00eaches Jaunes<br \/>\n<br \/>&#8211; Prunes Vertes<\/p>\n<p>Avec ces offres, vous pourrez alors d\u00e9guster :<br \/>\n<br \/>&#8211; Les prunes vertes<br \/>\n<br \/>&#8211; Les raisins verts Italia<\/p>\n<p><H2>II] Les prunes vertes<\/H2><\/p>\n<p>En Asie, le prunier est un symbole de vie. Il est pris\u00e9 depuis des si\u00e8cles et il importe de savoir que ce sont les japonais et les chinois qui furent les premiers \u00e0 utiliser les fruits issus de cet arbre. Ils d\u00e9gustaient alors les prunes fraiches ou s\u00e9ch\u00e9es en fonction des circonstances. Il ne fallut pas longtemps pour que les prunes acc\u00e8dent au monde culinaire.<\/p>\n<p><H3>Une petite histoire<\/H3><\/p>\n<p>Au Qu\u00e9bec par exemple, les pruniers ont \u00e9t\u00e9 introduits par Samuel de Champlain et les P\u00e8res R\u00e9collets. D\u2019apr\u00e8s les r\u00e9cits, Champlain aurait sem\u00e9 de nombreux pruniers pendant ses voyages. Lors de son premier voyage au Canada, il embarqua alors des pruniers et d\u2019autres arbres fruitiers. L\u2019objectif \u00e9tait d\u2019am\u00e9liorer le repas des colons afin qu\u2019ils puissent faire face au froid hivernal. En 1901, 218.000 pruniers ont \u00e9t\u00e9 d\u00e9compt\u00e9s \u00e0 l\u2019Est du Qu\u00e9bec. <\/p>\n<p><H3>Les vertus des prunes vertes<\/H3><\/p>\n<p>Les prunes ont un effet laxatif et elles sont indiqu\u00e9es aux personnes constip\u00e9es. Par ailleurs, elles contiennent des antioxydants qui peuvent r\u00e9duire les risques de cancer du c\u00f4lon. Qui plus est, certaines cellules de ces fruits sont capables d\u2019emp\u00eacher la multiplication de cellules canc\u00e9reuses.  De plus, les prunes ont la facult\u00e9 de renforcer les os. C\u2019est pourquoi, elles sont recommand\u00e9es aux femmes m\u00e9nopaus\u00e9es. En outre, consommer des prunes contribue \u00e0 r\u00e9duire le taux de mauvais cholest\u00e9rol. Les personnes qui consomment souvent ce fruit ne souffrent pas de maladies cardiovasculaires. Le jus de prune est riche en fer et le fruit a une grande teneur en fibres alimentaires. Sinon, la prune est \u00e9galement une bonne source de vitamine B6. <\/p>\n<p><H2>III] Les raisins verts Italia<\/H2><\/p>\n<p>L\u2019\u00e9t\u00e9 est le climat qui vous permet de profiter des d\u00e9licieux raisins verts. Ces fruits sont disponibles sur le march\u00e9 toute l\u2019ann\u00e9e mais les vari\u00e9t\u00e9s sont diversifi\u00e9es pendant le mois de Septembre. Effectivement, en d\u00e9pit du climat canadien, les agriculteurs mettent tout en \u0153uvre pour que ces fruits plus que succulents puissent \u00eatre cueillis \u00e0 temps. Les consommateurs aiment d\u2019ailleurs consommer le raisin vert sous toutes ses formes. <\/p>\n<p><H3>Une petite histoire<\/H3><\/p>\n<p>En Am\u00e9rique du Nord, le raisin est lui aussi li\u00e9 \u00e0 l\u2019arriv\u00e9e des colons qui sont originaires d\u2019Europe. Adeptes du vin, ils arrivent du c\u00f4t\u00e9 du Canada avec des graines de leurs c\u00e9pages pr\u00e9f\u00e9r\u00e9s. Les tentatives de semence se sold\u00e8rent par des \u00e9checs toutefois. Au Qu\u00e9bec, Jacques Cartier voit pendant ses explorations que la vigne sauvage pousse sur l\u2019\u00eele d\u2019Orl\u00e9ans qui sera connue sous le nom d\u2019\u00eele de Bacchus. <\/p>\n<p><H3>Les bienfaits du raisin vert Italia<\/H3><\/p>\n<p>Diff\u00e9rentes \u00e9tudes ont montr\u00e9 les qualit\u00e9s du raisin vert et ses impacts positifs sur la sant\u00e9. En buvant du jus de raisin vert, vous constaterez une nette diminution de taux de mauvais cholest\u00e9rol. Ce fruit permet d\u2019anticiper la formation de caillots sanguins et am\u00e9liore nettement la sant\u00e9 du c\u0153ur. Par ailleurs, le raisin vert am\u00e9liore les capacit\u00e9s motrices et optimise la m\u00e9morisation.<\/p>\n<p>Aussi, les fonctions cognitives sont nettement meilleures. Vous n\u2019\u00eates pas sans savoir que le raisin se compose de flavonoides qui jouent le r\u00f4le d\u2019antioxydants. Ainsi, les radicaux libres sont neutralis\u00e9s. Les raisins permettent \u00e9galement de combattre la prolif\u00e9ration des cellules us\u00e9es par le cancer. <\/p>\n<p><H3>Comment manger les raisins verts Italia ?<\/H3><\/p>\n<p>Le raisin vert est un fruit est recommand\u00e9 aux personnes qui se conforment \u00e0 un r\u00e9gime. Effectivement, il a une densit\u00e9 calorique faible. Il peut se boire en jus de fruit frais d\u00e9licatement sucr\u00e9 ou peu juste se prendre en guise de dessert pour cl\u00f4turer un copieux repas. Parfois, le raisin vert se prend juste comme une collation quelconque pour cr\u00e9er un effet coupe-faim. Rassasiant et agr\u00e9able en bouche, c\u2019est un encas parfait et irr\u00e9sistiblement bon.<\/p>\n","protected":false},"excerpt":{"rendered":"<p>Fruits de saison en Septembre I] composition de nos paniers fruits en Septembre En Septembre, nous vous proposons diff\u00e9rents fruits de saison que vous pouvez trouver dans nos paniers. Les prunes vertes du Qu\u00e9bec ainsi que ses raisins verts sont forts go\u00fbteux et vous aurez l\u2019avantage d\u2019en profiter en optant pour le panier CLASSIQUE ou [&hellip;]<\/p>\n","protected":false},"author":4,"featured_media":16711,"parent":8732,"menu_order":0,"comment_status":"closed","ping_status":"closed","template":"","meta":{"_et_pb_use_builder":"","_et_pb_old_content":"","_et_gb_content_width":""},"acf":[],"yoast_head":"<!-- This site is optimized with the Yoast SEO plugin v17.6 - https:\/\/yoast.com\/wordpress\/plugins\/seo\/ -->\n<title>Fruits de saison en Septembre - bienfaits, vertus et propri\u00e9t\u00e9s<\/title>\n<meta name=\"description\" content=\"Fruits de saison en septembre. Septembre est une p\u00e9riode de prosp\u00e9rit\u00e9 pour les fruits et les l\u00e9gumes. Nous vous proposons un panier bien rempli de fruits.\" \/>\n<meta name=\"robots\" content=\"index, follow, max-snippet:-1, max-image-preview:large, max-video-preview:-1\" \/>\n<link rel=\"canonical\" href=\"https:\/\/www.alexetalex.com\/ca\/dossiers-fruites\/route-des-fruits\/paniers-fruits-septembre\/\" \/>\n<meta property=\"og:locale\" content=\"fr_FR\" \/>\n<meta property=\"og:type\" content=\"article\" \/>\n<meta property=\"og:title\" content=\"Fruits de saison en Septembre - bienfaits, vertus et propri\u00e9t\u00e9s\" \/>\n<meta property=\"og:description\" content=\"Fruits de saison en septembre. Septembre est une p\u00e9riode de prosp\u00e9rit\u00e9 pour les fruits et les l\u00e9gumes. Nous vous proposons un panier bien rempli de fruits.\" \/>\n<meta property=\"og:url\" content=\"https:\/\/www.alexetalex.com\/ca\/dossiers-fruites\/route-des-fruits\/paniers-fruits-septembre\/\" \/>\n<meta property=\"og:image\" content=\"https:\/\/www.alexetalex.com\/ca\/wp-content\/uploads\/2020\/05\/Compo-sept.jpg\" \/>\n\t<meta property=\"og:image:width\" content=\"1055\" \/>\n\t<meta property=\"og:image:height\" content=\"532\" \/>\n<meta name=\"twitter:label1\" content=\"Dur\u00e9e de lecture estim\u00e9e\" \/>\n\t<meta name=\"twitter:data1\" content=\"4 minutes\" \/>\n<script type=\"application\/ld+json\" class=\"yoast-schema-graph\">{\"@context\":\"https:\/\/schema.org\",\"@graph\":[{\"@type\":\"Organization\",\"@id\":\"https:\/\/www.alexetalex.com\/ca\/#organization\",\"name\":\"Alex & Alex\",\"url\":\"https:\/\/www.alexetalex.com\/ca\/\",\"sameAs\":[],\"logo\":{\"@type\":\"ImageObject\",\"@id\":\"https:\/\/www.alexetalex.com\/ca\/#logo\",\"inLanguage\":\"fr-FR\",\"url\":\"https:\/\/www.alexetalex.com\/ca\/wp-content\/uploads\/2020\/04\/alexalex-1.png\",\"contentUrl\":\"https:\/\/www.alexetalex.com\/ca\/wp-content\/uploads\/2020\/04\/alexalex-1.png\",\"width\":51,\"height\":50,\"caption\":\"Alex & Alex\"},\"image\":{\"@id\":\"https:\/\/www.alexetalex.com\/ca\/#logo\"}},{\"@type\":\"WebSite\",\"@id\":\"https:\/\/www.alexetalex.com\/ca\/#website\",\"url\":\"https:\/\/www.alexetalex.com\/ca\/\",\"name\":\"\",\"description\":\"\",\"publisher\":{\"@id\":\"https:\/\/www.alexetalex.com\/ca\/#organization\"},\"potentialAction\":[{\"@type\":\"SearchAction\",\"target\":{\"@type\":\"EntryPoint\",\"urlTemplate\":\"https:\/\/www.alexetalex.com\/ca\/?s={search_term_string}\"},\"query-input\":\"required name=search_term_string\"}],\"inLanguage\":\"fr-FR\"},{\"@type\":\"ImageObject\",\"@id\":\"https:\/\/www.alexetalex.com\/ca\/dossiers-fruites\/route-des-fruits\/paniers-fruits-septembre\/#primaryimage\",\"inLanguage\":\"fr-FR\",\"url\":\"https:\/\/www.alexetalex.com\/ca\/wp-content\/uploads\/2020\/05\/Compo-sept.jpg\",\"contentUrl\":\"https:\/\/www.alexetalex.com\/ca\/wp-content\/uploads\/2020\/05\/Compo-sept.jpg\",\"width\":1055,\"height\":532},{\"@type\":\"WebPage\",\"@id\":\"https:\/\/www.alexetalex.com\/ca\/dossiers-fruites\/route-des-fruits\/paniers-fruits-septembre\/#webpage\",\"url\":\"https:\/\/www.alexetalex.com\/ca\/dossiers-fruites\/route-des-fruits\/paniers-fruits-septembre\/\",\"name\":\"Fruits de saison en Septembre - bienfaits, vertus et propri\\u00e9t\\u00e9s\",\"isPartOf\":{\"@id\":\"https:\/\/www.alexetalex.com\/ca\/#website\"},\"primaryImageOfPage\":{\"@id\":\"https:\/\/www.alexetalex.com\/ca\/dossiers-fruites\/route-des-fruits\/paniers-fruits-septembre\/#primaryimage\"},\"datePublished\":\"2020-05-04T21:37:15+00:00\",\"dateModified\":\"2020-05-04T21:37:15+00:00\",\"description\":\"Fruits de saison en septembre. Septembre est une p\\u00e9riode de prosp\\u00e9rit\\u00e9 pour les fruits et les l\\u00e9gumes. Nous vous proposons un panier bien rempli de fruits.\",\"breadcrumb\":{\"@id\":\"https:\/\/www.alexetalex.com\/ca\/dossiers-fruites\/route-des-fruits\/paniers-fruits-septembre\/#breadcrumb\"},\"inLanguage\":\"fr-FR\",\"potentialAction\":[{\"@type\":\"ReadAction\",\"target\":[\"https:\/\/www.alexetalex.com\/ca\/dossiers-fruites\/route-des-fruits\/paniers-fruits-septembre\/\"]}]},{\"@type\":\"BreadcrumbList\",\"@id\":\"https:\/\/www.alexetalex.com\/ca\/dossiers-fruites\/route-des-fruits\/paniers-fruits-septembre\/#breadcrumb\",\"itemListElement\":[{\"@type\":\"ListItem\",\"position\":1,\"name\":\"Magazine\",\"item\":\"https:\/\/www.alexetalex.com\/ca\/dossiers-fruites\/\"},{\"@type\":\"ListItem\",\"position\":2,\"name\":\"Fruits\",\"item\":\"https:\/\/www.alexetalex.com\/ca\/dossiers-fruites\/route-des-fruits\/\"},{\"@type\":\"ListItem\",\"position\":3,\"name\":\"Vos paniers de fruits au bureau en Septembre\"}]}]}<\/script>\n<!-- \/ Yoast SEO plugin. -->","yoast_head_json":{"title":"Fruits de saison en Septembre - bienfaits, vertus et propri\u00e9t\u00e9s","description":"Fruits de saison en septembre. Septembre est une p\u00e9riode de prosp\u00e9rit\u00e9 pour les fruits et les l\u00e9gumes. Nous vous proposons un panier bien rempli de fruits.","robots":{"index":"index","follow":"follow","max-snippet":"max-snippet:-1","max-image-preview":"max-image-preview:large","max-video-preview":"max-video-preview:-1"},"canonical":"https:\/\/www.alexetalex.com\/ca\/dossiers-fruites\/route-des-fruits\/paniers-fruits-septembre\/","og_locale":"fr_FR","og_type":"article","og_title":"Fruits de saison en Septembre - bienfaits, vertus et propri\u00e9t\u00e9s","og_description":"Fruits de saison en septembre. Septembre est une p\u00e9riode de prosp\u00e9rit\u00e9 pour les fruits et les l\u00e9gumes. Nous vous proposons un panier bien rempli de fruits.","og_url":"https:\/\/www.alexetalex.com\/ca\/dossiers-fruites\/route-des-fruits\/paniers-fruits-septembre\/","og_image":[{"width":1055,"height":532,"url":"https:\/\/www.alexetalex.com\/ca\/wp-content\/uploads\/2020\/05\/Compo-sept.jpg","type":"image\/jpeg"}],"twitter_misc":{"Dur\u00e9e de lecture estim\u00e9e":"4 minutes"},"schema":{"@context":"https:\/\/schema.org","@graph":[{"@type":"Organization","@id":"https:\/\/www.alexetalex.com\/ca\/#organization","name":"Alex & Alex","url":"https:\/\/www.alexetalex.com\/ca\/","sameAs":[],"logo":{"@type":"ImageObject","@id":"https:\/\/www.alexetalex.com\/ca\/#logo","inLanguage":"fr-FR","url":"https:\/\/www.alexetalex.com\/ca\/wp-content\/uploads\/2020\/04\/alexalex-1.png","contentUrl":"https:\/\/www.alexetalex.com\/ca\/wp-content\/uploads\/2020\/04\/alexalex-1.png","width":51,"height":50,"caption":"Alex & Alex"},"image":{"@id":"https:\/\/www.alexetalex.com\/ca\/#logo"}},{"@type":"WebSite","@id":"https:\/\/www.alexetalex.com\/ca\/#website","url":"https:\/\/www.alexetalex.com\/ca\/","name":"","description":"","publisher":{"@id":"https:\/\/www.alexetalex.com\/ca\/#organization"},"potentialAction":[{"@type":"SearchAction","target":{"@type":"EntryPoint","urlTemplate":"https:\/\/www.alexetalex.com\/ca\/?s={search_term_string}"},"query-input":"required name=search_term_string"}],"inLanguage":"fr-FR"},{"@type":"ImageObject","@id":"https:\/\/www.alexetalex.com\/ca\/dossiers-fruites\/route-des-fruits\/paniers-fruits-septembre\/#primaryimage","inLanguage":"fr-FR","url":"https:\/\/www.alexetalex.com\/ca\/wp-content\/uploads\/2020\/05\/Compo-sept.jpg","contentUrl":"https:\/\/www.alexetalex.com\/ca\/wp-content\/uploads\/2020\/05\/Compo-sept.jpg","width":1055,"height":532},{"@type":"WebPage","@id":"https:\/\/www.alexetalex.com\/ca\/dossiers-fruites\/route-des-fruits\/paniers-fruits-septembre\/#webpage","url":"https:\/\/www.alexetalex.com\/ca\/dossiers-fruites\/route-des-fruits\/paniers-fruits-septembre\/","name":"Fruits de saison en Septembre - bienfaits, vertus et propri\u00e9t\u00e9s","isPartOf":{"@id":"https:\/\/www.alexetalex.com\/ca\/#website"},"primaryImageOfPage":{"@id":"https:\/\/www.alexetalex.com\/ca\/dossiers-fruites\/route-des-fruits\/paniers-fruits-septembre\/#primaryimage"},"datePublished":"2020-05-04T21:37:15+00:00","dateModified":"2020-05-04T21:37:15+00:00","description":"Fruits de saison en septembre. Septembre est une p\u00e9riode de prosp\u00e9rit\u00e9 pour les fruits et les l\u00e9gumes. Nous vous proposons un panier bien rempli de fruits.","breadcrumb":{"@id":"https:\/\/www.alexetalex.com\/ca\/dossiers-fruites\/route-des-fruits\/paniers-fruits-septembre\/#breadcrumb"},"inLanguage":"fr-FR","potentialAction":[{"@type":"ReadAction","target":["https:\/\/www.alexetalex.com\/ca\/dossiers-fruites\/route-des-fruits\/paniers-fruits-septembre\/"]}]},{"@type":"BreadcrumbList","@id":"https:\/\/www.alexetalex.com\/ca\/dossiers-fruites\/route-des-fruits\/paniers-fruits-septembre\/#breadcrumb","itemListElement":[{"@type":"ListItem","position":1,"name":"Magazine","item":"https:\/\/www.alexetalex.com\/ca\/dossiers-fruites\/"},{"@type":"ListItem","position":2,"name":"Fruits","item":"https:\/\/www.alexetalex.com\/ca\/dossiers-fruites\/route-des-fruits\/"},{"@type":"ListItem","position":3,"name":"Vos paniers de fruits au bureau en Septembre"}]}]}},"_links":{"self":[{"href":"https:\/\/www.alexetalex.com\/ca\/wp-json\/wp\/v2\/pages\/16718"}],"collection":[{"href":"https:\/\/www.alexetalex.com\/ca\/wp-json\/wp\/v2\/pages"}],"about":[{"href":"https:\/\/www.alexetalex.com\/ca\/wp-json\/wp\/v2\/types\/page"}],"author":[{"embeddable":true,"href":"https:\/\/www.alexetalex.com\/ca\/wp-json\/wp\/v2\/users\/4"}],"replies":[{"embeddable":true,"href":"https:\/\/www.alexetalex.com\/ca\/wp-json\/wp\/v2\/comments?post=16718"}],"version-history":[{"count":1,"href":"https:\/\/www.alexetalex.com\/ca\/wp-json\/wp\/v2\/pages\/16718\/revisions"}],"predecessor-version":[{"id":16719,"href":"https:\/\/www.alexetalex.com\/ca\/wp-json\/wp\/v2\/pages\/16718\/revisions\/16719"}],"up":[{"embeddable":true,"href":"https:\/\/www.alexetalex.com\/ca\/wp-json\/wp\/v2\/pages\/8732"}],"wp:featuredmedia":[{"embeddable":true,"href":"https:\/\/www.alexetalex.com\/ca\/wp-json\/wp\/v2\/media\/16711"}],"wp:attachment":[{"href":"https:\/\/www.alexetalex.com\/ca\/wp-json\/wp\/v2\/media?parent=16718"}],"curies":[{"name":"wp","href":"https:\/\/api.w.org\/{rel}","templated":true}]}}