{"id":16720,"date":"2020-05-04T22:39:37","date_gmt":"2020-05-04T21:39:37","guid":{"rendered":"https:\/\/www.alexetalex.com\/ca\/?page_id=16720"},"modified":"2020-05-04T22:39:37","modified_gmt":"2020-05-04T21:39:37","slug":"paniers-fruits-octobre","status":"publish","type":"page","link":"https:\/\/www.alexetalex.com\/ca\/dossiers-fruites\/route-des-fruits\/paniers-fruits-octobre\/","title":{"rendered":"Vos paniers de fruits au bureau en Octobre"},"content":{"rendered":"<p><H1>Nos paniers de fruits pour ce mois d\u2019Octobre<\/H1><\/p>\n<p>En Octobre, nos paniers de fruits \u00e0 Montr\u00e9al proposent de nombreuses vari\u00e9t\u00e9s de fruits sur le march\u00e9. Pour ce mois particulier, retrouvez les raisins de Corinthe et les raisins rouges Golden Globe que vous d\u00e9gusterez en optant pour le panier de fruits CLASSIQUE ou PREMIUM en fonction de vos pr\u00e9f\u00e9rences.<\/p>\n<p>Avec ces paniers, vous pourrez profiter de produits frais et des saveurs du pays. N\u2019oubliez pas que le panier contient divers fruits et que l\u2019arrivage varie en fonction des produits disponibles sur le march\u00e9.<\/p>\n<p><H2>I] Les paniers de fruits Alex &#038; Alex<\/H2><\/p>\n<p><H3>Les paniers de fruits \u00ab Premium \u00bb et \u00ab fruits en folie \u00bb du mois d\u2019Octobre<\/H3><\/p>\n<p>&#8211; Pommes Honey Crisp locales<br \/>\n<br \/>&#8211; Pommes Rosinette locales<br \/>\n<br \/>&#8211; Bananes des Antilles<br \/>\n<br \/>&#8211; Prunes noires<br \/>\n<br \/>&#8211; Poires William<br \/>\n<br \/>&#8211; P\u00eaches Jaunes<br \/>\n<br \/>&#8211; Cl\u00e9mentines Nardocot<br \/>\n<br \/>&#8211; Raisins de Corinthe<br \/>\n<br \/>&#8211; Raisins Rouge Golden Globe<\/p>\n<p><H3>Les paniers de fruits classiques pour leur part contiennent<\/H3><\/p>\n<p>&#8211; Pommes Honey Crisp locales<br \/>\n<br \/>&#8211; Pommes Rosinette locales<br \/>\n<br \/>&#8211; Bananes des Antilles<br \/>\n<br \/>&#8211; Cl\u00e9mentines Nardocot<br \/>\n<br \/>&#8211; Prunes Noires<br \/>\n<br \/>&#8211; Poires Bartlett<\/p>\n<p>Pour ce mois d\u2019Octobre, nous vous proposons un focus sur deux sp\u00e9cificit\u00e9s de ces quelques fruits de saison, que vous pourrez retrouver dans nos paniers de fruits :<br \/>\n<br \/>&#8211; Raisins de Corinthe<br \/>\n<br \/>&#8211; Raisins rouges Golden Globe<\/p>\n<p><H2>II] Les Raisins de Corinthe<\/H2><\/p>\n<p>Le raisin de Corinthe est connu comme \u00e9tant un raisin sec. Il se retrouve en Gr\u00e8ce mais est aussi visible en Afrique du Sud, en Turquie ou encore en Australie. C\u2019est une vari\u00e9t\u00e9 de raisin exempte de p\u00e9pins. Ce raisin a une petite taille. Il se d\u00e9marque par sa saveur sucr\u00e9e bien que l\u00e9g\u00e8rement poivr\u00e9e. C\u2019est un raisin qui peut \u00eatre utilis\u00e9 en p\u00e2tisserie mais peut aussi se glisser dans les salades.<\/p>\n<p><H3>Historique<\/H3><\/p>\n<p>Ce raisin tire son nom de la ville de Corinthe. Apr\u00e8s le tabac, le raisin de Corinthe est le produit le plus important de la Gr\u00e8ce. A lui seul, il repr\u00e9sente environ 20% des exportations. Il a \u00e9t\u00e9 export\u00e9 des \u00eeles de C\u00e9phalonie et Zante. En occupant les \u00eeles Ioniennes au XIXe si\u00e8cle, le raisin de Corinthe s\u2019est fait connaitre sur le march\u00e9 europ\u00e9en. La culture a alors connu une extension dans l\u2019Ouest et le Nord du P\u00e9loponn\u00e8se.<\/p>\n<p><H3>Utilisation du raisin de Corinthe<\/H3><\/p>\n<p>Le raisin de Corinthe est caract\u00e9ris\u00e9 par une saveur d\u00e9licate, ce qui en fait un fruit grandement privil\u00e9gi\u00e9. Qui plus est, ce raisin a diff\u00e9rentes vertus et de ce fait, il devient une habitude dans notre alimentation. Le raisin de Corinthe est consomm\u00e9 de suite et est \u00e9galement utilis\u00e9 en guise d\u2019ingr\u00e9dient pour la cuisine. Son grand avantage est sa facult\u00e9 \u00e0 conserver ses vertus nutritives en toute circonstance.<\/p>\n<p><H3>Les propri\u00e9t\u00e9s et bienfaits du raisin de Corinthe<\/H3><\/p>\n<p>Les raisins de Corinthe sont riches en oligo\u00e9l\u00e9ments. Ils renferment du calcium, du fer ou encore du potassium. Ce raisin est un fruit qui permet de combattre les probl\u00e8mes d\u2019hypertension. Il r\u00e9duit \u00e9galement le stress et permet de calmer l\u2019anxi\u00e9t\u00e9. Par ailleurs, les raisins de Corinthe contiennent aussi des vitamines et ont une action positive sur le syst\u00e8me digestif. Ainsi, c\u2019est un fruit qui optime la digestion. Le raisin de Corinthe est un fruit quelque peu paradoxal car s\u2019il est hypercalorique, il r\u00e9duit beaucoup les risques d\u2019ob\u00e9sit\u00e9. De ce fait, il est conseill\u00e9 de le prendre dans le cadre d\u2019un r\u00e9gime minceur.<\/p>\n<p><H2>III] Le raisin rouge Golden Globe<\/H2><\/p>\n<p>Le raisin rouge Golden Globe n\u2019a pas vraiment d\u2019origine pr\u00e9cise mais on pense qu\u2019il vient d\u2019Asie ou qu\u2019il est originaire d\u2019Europe. Pour tout dire, ce genre de raisin est utilis\u00e9 \u00e0 des fins vinicoles mais il est pris en guise d\u2019aliment de table \u00e0 dater du XVIIe si\u00e8cle. C\u2019est un raisin qui est caract\u00e9ris\u00e9 par des graines rondes ayant une couleur rouge virant au violet. Il a une chair sucr\u00e9e et juteuse \u00e0 la fois.<\/p>\n<p><H3>Historique<\/H3><\/p>\n<p>Les raisins rouges Golden Globe peuvent pousser \u00e0 n\u2019importe quel endroit. Leur culture est agr\u00e9able et facile en m\u00eame temps. Ce raisin aime le soleil et une grappe peut peser jusqu\u2019\u00e0 500g en fonction de la r\u00e9colte. A noter que ce raisin est conservable sur son plan de maturit\u00e9. Il est juste conseill\u00e9 d\u2019adopter une protection sp\u00e9ciale avec un filet pour assurer la conservation du fruit jusqu\u2019\u00e0 la fin de l\u2019ann\u00e9e. Par ailleurs, il importe de savoir que c\u2019est une des plus belles vari\u00e9t\u00e9s de raisin au monde.<\/p>\n<p><H3>Se nourrir de raisins rouges Golden Globe<\/H3><\/p>\n<p>Il est envisageable de d\u00e9guster le raisin rouge Golden Globe une fois qu\u2019il a \u00e9t\u00e9 lav\u00e9 et \u00e9goutt\u00e9. Il est \u00e9galement conseill\u00e9 de l\u2019utiliser pour agr\u00e9menter une salade de fruits ou encore pour parfaire une tarte et diff\u00e9rentes p\u00e2tisseries. Ce raisin peut m\u00eame \u00eatre utilis\u00e9 pour aromatiser des glaces et pour parfumer la confiture. Ce doux fruit accompagne le poisson, le gibier, la volaille et m\u00eame le fromage.<\/p>\n<p><H3>Les vertus du raisin rouge Golden Globe<\/H3><\/p>\n<p>Il faut noter que les grappes de ces raisins ont des grains de taille et de couleur uniformes. Ils ne sont si serr\u00e9s ni mous ni moins fl\u00e9tris. Ce raisin peut se conserver pendant 5 jours s\u2019il est gard\u00e9 au frigidaire. Il ne faut pas oublier de le sortir avant de le consommer. Il est souvent utilis\u00e9 pour obtenir du jus ou pour pr\u00e9parer un smoothie.<\/p>\n","protected":false},"excerpt":{"rendered":"<p>Nos paniers de fruits pour ce mois d\u2019Octobre En Octobre, nos paniers de fruits \u00e0 Montr\u00e9al proposent de nombreuses vari\u00e9t\u00e9s de fruits sur le march\u00e9. Pour ce mois particulier, retrouvez les raisins de Corinthe et les raisins rouges Golden Globe que vous d\u00e9gusterez en optant pour le panier de fruits CLASSIQUE ou PREMIUM en fonction [&hellip;]<\/p>\n","protected":false},"author":4,"featured_media":16710,"parent":8732,"menu_order":0,"comment_status":"closed","ping_status":"closed","template":"","meta":{"_et_pb_use_builder":"","_et_pb_old_content":"","_et_gb_content_width":""},"acf":[],"yoast_head":"<!-- This site is optimized with the Yoast SEO plugin v17.6 - https:\/\/yoast.com\/wordpress\/plugins\/seo\/ -->\n<title>Fruits de saison - Octobre - bienfaits, vertus, id\u00e9es d&#039;utilisation<\/title>\n<meta name=\"description\" content=\"Le mois d\u2019octobre est une p\u00e9riode d&#039;abondance pour les fruits de saison Nous vous proposons un panier de fruits de saison bien rempli !\" \/>\n<meta name=\"robots\" content=\"index, follow, max-snippet:-1, max-image-preview:large, max-video-preview:-1\" \/>\n<link rel=\"canonical\" href=\"https:\/\/www.alexetalex.com\/ca\/dossiers-fruites\/route-des-fruits\/paniers-fruits-octobre\/\" \/>\n<meta property=\"og:locale\" content=\"fr_FR\" \/>\n<meta property=\"og:type\" content=\"article\" \/>\n<meta property=\"og:title\" content=\"Fruits de saison - Octobre - bienfaits, vertus, id\u00e9es d&#039;utilisation\" \/>\n<meta property=\"og:description\" content=\"Le mois d\u2019octobre est une p\u00e9riode d&#039;abondance pour les fruits de saison Nous vous proposons un panier de fruits de saison bien rempli !\" \/>\n<meta property=\"og:url\" content=\"https:\/\/www.alexetalex.com\/ca\/dossiers-fruites\/route-des-fruits\/paniers-fruits-octobre\/\" \/>\n<meta property=\"og:image\" content=\"https:\/\/www.alexetalex.com\/ca\/wp-content\/uploads\/2020\/05\/Compo-octobre.jpg\" \/>\n\t<meta property=\"og:image:width\" content=\"560\" \/>\n\t<meta property=\"og:image:height\" content=\"400\" \/>\n<meta name=\"twitter:label1\" content=\"Dur\u00e9e de lecture estim\u00e9e\" \/>\n\t<meta name=\"twitter:data1\" content=\"5 minutes\" \/>\n<script type=\"application\/ld+json\" class=\"yoast-schema-graph\">{\"@context\":\"https:\/\/schema.org\",\"@graph\":[{\"@type\":\"Organization\",\"@id\":\"https:\/\/www.alexetalex.com\/ca\/#organization\",\"name\":\"Alex & Alex\",\"url\":\"https:\/\/www.alexetalex.com\/ca\/\",\"sameAs\":[],\"logo\":{\"@type\":\"ImageObject\",\"@id\":\"https:\/\/www.alexetalex.com\/ca\/#logo\",\"inLanguage\":\"fr-FR\",\"url\":\"https:\/\/www.alexetalex.com\/ca\/wp-content\/uploads\/2020\/04\/alexalex-1.png\",\"contentUrl\":\"https:\/\/www.alexetalex.com\/ca\/wp-content\/uploads\/2020\/04\/alexalex-1.png\",\"width\":51,\"height\":50,\"caption\":\"Alex & Alex\"},\"image\":{\"@id\":\"https:\/\/www.alexetalex.com\/ca\/#logo\"}},{\"@type\":\"WebSite\",\"@id\":\"https:\/\/www.alexetalex.com\/ca\/#website\",\"url\":\"https:\/\/www.alexetalex.com\/ca\/\",\"name\":\"\",\"description\":\"\",\"publisher\":{\"@id\":\"https:\/\/www.alexetalex.com\/ca\/#organization\"},\"potentialAction\":[{\"@type\":\"SearchAction\",\"target\":{\"@type\":\"EntryPoint\",\"urlTemplate\":\"https:\/\/www.alexetalex.com\/ca\/?s={search_term_string}\"},\"query-input\":\"required name=search_term_string\"}],\"inLanguage\":\"fr-FR\"},{\"@type\":\"ImageObject\",\"@id\":\"https:\/\/www.alexetalex.com\/ca\/dossiers-fruites\/route-des-fruits\/paniers-fruits-octobre\/#primaryimage\",\"inLanguage\":\"fr-FR\",\"url\":\"https:\/\/www.alexetalex.com\/ca\/wp-content\/uploads\/2020\/05\/Compo-octobre.jpg\",\"contentUrl\":\"https:\/\/www.alexetalex.com\/ca\/wp-content\/uploads\/2020\/05\/Compo-octobre.jpg\",\"width\":560,\"height\":400},{\"@type\":\"WebPage\",\"@id\":\"https:\/\/www.alexetalex.com\/ca\/dossiers-fruites\/route-des-fruits\/paniers-fruits-octobre\/#webpage\",\"url\":\"https:\/\/www.alexetalex.com\/ca\/dossiers-fruites\/route-des-fruits\/paniers-fruits-octobre\/\",\"name\":\"Fruits de saison - Octobre - bienfaits, vertus, id\\u00e9es d'utilisation\",\"isPartOf\":{\"@id\":\"https:\/\/www.alexetalex.com\/ca\/#website\"},\"primaryImageOfPage\":{\"@id\":\"https:\/\/www.alexetalex.com\/ca\/dossiers-fruites\/route-des-fruits\/paniers-fruits-octobre\/#primaryimage\"},\"datePublished\":\"2020-05-04T21:39:37+00:00\",\"dateModified\":\"2020-05-04T21:39:37+00:00\",\"description\":\"Le mois d\\u2019octobre est une p\\u00e9riode d'abondance pour les fruits de saison Nous vous proposons un panier de fruits de saison bien rempli !\",\"breadcrumb\":{\"@id\":\"https:\/\/www.alexetalex.com\/ca\/dossiers-fruites\/route-des-fruits\/paniers-fruits-octobre\/#breadcrumb\"},\"inLanguage\":\"fr-FR\",\"potentialAction\":[{\"@type\":\"ReadAction\",\"target\":[\"https:\/\/www.alexetalex.com\/ca\/dossiers-fruites\/route-des-fruits\/paniers-fruits-octobre\/\"]}]},{\"@type\":\"BreadcrumbList\",\"@id\":\"https:\/\/www.alexetalex.com\/ca\/dossiers-fruites\/route-des-fruits\/paniers-fruits-octobre\/#breadcrumb\",\"itemListElement\":[{\"@type\":\"ListItem\",\"position\":1,\"name\":\"Magazine\",\"item\":\"https:\/\/www.alexetalex.com\/ca\/dossiers-fruites\/\"},{\"@type\":\"ListItem\",\"position\":2,\"name\":\"Fruits\",\"item\":\"https:\/\/www.alexetalex.com\/ca\/dossiers-fruites\/route-des-fruits\/\"},{\"@type\":\"ListItem\",\"position\":3,\"name\":\"Vos paniers de fruits au bureau en Octobre\"}]}]}<\/script>\n<!-- \/ Yoast SEO plugin. -->","yoast_head_json":{"title":"Fruits de saison - Octobre - bienfaits, vertus, id\u00e9es d'utilisation","description":"Le mois d\u2019octobre est une p\u00e9riode d'abondance pour les fruits de saison Nous vous proposons un panier de fruits de saison bien rempli !","robots":{"index":"index","follow":"follow","max-snippet":"max-snippet:-1","max-image-preview":"max-image-preview:large","max-video-preview":"max-video-preview:-1"},"canonical":"https:\/\/www.alexetalex.com\/ca\/dossiers-fruites\/route-des-fruits\/paniers-fruits-octobre\/","og_locale":"fr_FR","og_type":"article","og_title":"Fruits de saison - Octobre - bienfaits, vertus, id\u00e9es d'utilisation","og_description":"Le mois d\u2019octobre est une p\u00e9riode d'abondance pour les fruits de saison Nous vous proposons un panier de fruits de saison bien rempli !","og_url":"https:\/\/www.alexetalex.com\/ca\/dossiers-fruites\/route-des-fruits\/paniers-fruits-octobre\/","og_image":[{"width":560,"height":400,"url":"https:\/\/www.alexetalex.com\/ca\/wp-content\/uploads\/2020\/05\/Compo-octobre.jpg","type":"image\/jpeg"}],"twitter_misc":{"Dur\u00e9e de lecture estim\u00e9e":"5 minutes"},"schema":{"@context":"https:\/\/schema.org","@graph":[{"@type":"Organization","@id":"https:\/\/www.alexetalex.com\/ca\/#organization","name":"Alex & Alex","url":"https:\/\/www.alexetalex.com\/ca\/","sameAs":[],"logo":{"@type":"ImageObject","@id":"https:\/\/www.alexetalex.com\/ca\/#logo","inLanguage":"fr-FR","url":"https:\/\/www.alexetalex.com\/ca\/wp-content\/uploads\/2020\/04\/alexalex-1.png","contentUrl":"https:\/\/www.alexetalex.com\/ca\/wp-content\/uploads\/2020\/04\/alexalex-1.png","width":51,"height":50,"caption":"Alex & Alex"},"image":{"@id":"https:\/\/www.alexetalex.com\/ca\/#logo"}},{"@type":"WebSite","@id":"https:\/\/www.alexetalex.com\/ca\/#website","url":"https:\/\/www.alexetalex.com\/ca\/","name":"","description":"","publisher":{"@id":"https:\/\/www.alexetalex.com\/ca\/#organization"},"potentialAction":[{"@type":"SearchAction","target":{"@type":"EntryPoint","urlTemplate":"https:\/\/www.alexetalex.com\/ca\/?s={search_term_string}"},"query-input":"required name=search_term_string"}],"inLanguage":"fr-FR"},{"@type":"ImageObject","@id":"https:\/\/www.alexetalex.com\/ca\/dossiers-fruites\/route-des-fruits\/paniers-fruits-octobre\/#primaryimage","inLanguage":"fr-FR","url":"https:\/\/www.alexetalex.com\/ca\/wp-content\/uploads\/2020\/05\/Compo-octobre.jpg","contentUrl":"https:\/\/www.alexetalex.com\/ca\/wp-content\/uploads\/2020\/05\/Compo-octobre.jpg","width":560,"height":400},{"@type":"WebPage","@id":"https:\/\/www.alexetalex.com\/ca\/dossiers-fruites\/route-des-fruits\/paniers-fruits-octobre\/#webpage","url":"https:\/\/www.alexetalex.com\/ca\/dossiers-fruites\/route-des-fruits\/paniers-fruits-octobre\/","name":"Fruits de saison - Octobre - bienfaits, vertus, id\u00e9es d'utilisation","isPartOf":{"@id":"https:\/\/www.alexetalex.com\/ca\/#website"},"primaryImageOfPage":{"@id":"https:\/\/www.alexetalex.com\/ca\/dossiers-fruites\/route-des-fruits\/paniers-fruits-octobre\/#primaryimage"},"datePublished":"2020-05-04T21:39:37+00:00","dateModified":"2020-05-04T21:39:37+00:00","description":"Le mois d\u2019octobre est une p\u00e9riode d'abondance pour les fruits de saison Nous vous proposons un panier de fruits de saison bien rempli !","breadcrumb":{"@id":"https:\/\/www.alexetalex.com\/ca\/dossiers-fruites\/route-des-fruits\/paniers-fruits-octobre\/#breadcrumb"},"inLanguage":"fr-FR","potentialAction":[{"@type":"ReadAction","target":["https:\/\/www.alexetalex.com\/ca\/dossiers-fruites\/route-des-fruits\/paniers-fruits-octobre\/"]}]},{"@type":"BreadcrumbList","@id":"https:\/\/www.alexetalex.com\/ca\/dossiers-fruites\/route-des-fruits\/paniers-fruits-octobre\/#breadcrumb","itemListElement":[{"@type":"ListItem","position":1,"name":"Magazine","item":"https:\/\/www.alexetalex.com\/ca\/dossiers-fruites\/"},{"@type":"ListItem","position":2,"name":"Fruits","item":"https:\/\/www.alexetalex.com\/ca\/dossiers-fruites\/route-des-fruits\/"},{"@type":"ListItem","position":3,"name":"Vos paniers de fruits au bureau en Octobre"}]}]}},"_links":{"self":[{"href":"https:\/\/www.alexetalex.com\/ca\/wp-json\/wp\/v2\/pages\/16720"}],"collection":[{"href":"https:\/\/www.alexetalex.com\/ca\/wp-json\/wp\/v2\/pages"}],"about":[{"href":"https:\/\/www.alexetalex.com\/ca\/wp-json\/wp\/v2\/types\/page"}],"author":[{"embeddable":true,"href":"https:\/\/www.alexetalex.com\/ca\/wp-json\/wp\/v2\/users\/4"}],"replies":[{"embeddable":true,"href":"https:\/\/www.alexetalex.com\/ca\/wp-json\/wp\/v2\/comments?post=16720"}],"version-history":[{"count":1,"href":"https:\/\/www.alexetalex.com\/ca\/wp-json\/wp\/v2\/pages\/16720\/revisions"}],"predecessor-version":[{"id":16721,"href":"https:\/\/www.alexetalex.com\/ca\/wp-json\/wp\/v2\/pages\/16720\/revisions\/16721"}],"up":[{"embeddable":true,"href":"https:\/\/www.alexetalex.com\/ca\/wp-json\/wp\/v2\/pages\/8732"}],"wp:featuredmedia":[{"embeddable":true,"href":"https:\/\/www.alexetalex.com\/ca\/wp-json\/wp\/v2\/media\/16710"}],"wp:attachment":[{"href":"https:\/\/www.alexetalex.com\/ca\/wp-json\/wp\/v2\/media?parent=16720"}],"curies":[{"name":"wp","href":"https:\/\/api.w.org\/{rel}","templated":true}]}}