{"id":16722,"date":"2020-05-04T22:42:27","date_gmt":"2020-05-04T21:42:27","guid":{"rendered":"https:\/\/www.alexetalex.com\/ca\/?page_id=16722"},"modified":"2020-05-04T22:42:27","modified_gmt":"2020-05-04T21:42:27","slug":"paniers-fruits-novembre","status":"publish","type":"page","link":"https:\/\/www.alexetalex.com\/ca\/dossiers-fruites\/route-des-fruits\/paniers-fruits-novembre\/","title":{"rendered":"Vos paniers de fruits au bureau en Novembre"},"content":{"rendered":"<p><H1>Nos paniers de fruits pour ce mois de Novembre<\/H1><\/p>\n<p>Profitez de nos paniers de fruits \u00e0 Montr\u00e9al pour le mois de Novembre. Ces derniers vous proposeront divers fruits dont les cl\u00e9mentines Nardocot et les kakis. Vous pourrez en profiter en fonction du panier qui vous plait.<\/p>\n<p>L\u00e0 encore, vous avez le choix entre le panier de fruits CLASSIQUE d\u2019une part et le panier PREMIUM d\u2019autres parts. Le tout d\u00e9pend de vos pr\u00e9f\u00e9rences mais avec ces paniers, vous profiterez toujours d\u2019articles frais. Les paniers se composeront en fonction des produits disponibles sur le march\u00e9 et les arrivages d\u00e9pendent \u00e9galement de ces derniers.<\/p>\n<p><H2>I] Composition de nos paniers de fruits de saison en novembre<\/H2><\/p>\n<p><H3>Pour les paniers de fruits \u00ab Premium \u00bb et \u00ab fruits en folie \u00bb du mois de Novembre<\/H3><\/p>\n<p>&#8211; Pommes Royal Gala<br \/>\n<br \/>&#8211; Pommes Rosinette locales<br \/>\n<br \/>&#8211; Bananes des Antilles<br \/>\n<br \/>&#8211; Prunes noires<br \/>\n<br \/>&#8211; Poires William<br \/>\n<br \/>&#8211; Poires Bosc<br \/>\n<br \/>&#8211; Kakis<br \/>\n<br \/>&#8211; Cl\u00e9mentines Nardocot<br \/>\n<br \/>&#8211; Raisins Rouges<br \/>\n<br \/>&#8211; Raisins Verts Italia<\/p>\n<p><H3>Dans le panier de fruits dit \u00ab Classique \u00bb vous trouverez<\/H3><\/p>\n<p>&#8211; Pommes Honey Crisp locales<br \/>\n<br \/>&#8211; Pommes Mc Intosh locales<br \/>\n<br \/>&#8211; Bananes des Antilles<br \/>\n<br \/>&#8211; Cl\u00e9mentines Nardocot<br \/>\n<br \/>&#8211; Prunes Noires<br \/>\n<br \/>&#8211; Poires Bartlett<\/p>\n<p>Pour le mois de Novembre, vous pourrez notamment vous r\u00e9galer de deux fruits de saison que nous avons mis en exergue dans cet article :<br \/>\n<br \/>&#8211;\tCl\u00e9mentines Nardocot<br \/>\n<br \/>&#8211;\tKakis<\/p>\n<p><H2>II] La cl\u00e9mentine Nardocot<\/H2><\/p>\n<p>La Cl\u00e9mentine Nardocot est une cl\u00e9mentine qui est caract\u00e9ris\u00e9e par une forme quelque peu aplatie en plus de son \u00e9corce qui se d\u00e9tache ais\u00e9ment. Elle ne contient pas de p\u00e9pins et a une belle saveur sucr\u00e9e et acidul\u00e9e \u00e0 la fois. Cette cl\u00e9mentine a la chair fondante et c\u2019est ce qui en fait un fruit d\u00e9licatement frais. Ce fruit peut \u00eatre utilis\u00e9 en cuisine mais lorsque les quartiers sont confis, ils peuvent servir de friandise.<\/p>\n<p><H3>Historique<\/H3><\/p>\n<p>En d\u00e9couvrant des passages maritimes dans l\u2019h\u00e9misph\u00e8re Sud, les agrumes asiatiques atterrissent en Europe en 1947. Les fruits ont surtout \u00e9t\u00e9 recourus pour lutter contre le scorbut. Christophe Colomb les conduit en Am\u00e9rique dans le cadre de son second voyage. Les agrumes parviennent alors jusqu\u2019au Maroc au VIIe si\u00e8cle. A noter que ce pays est caract\u00e9ristique d\u2019un climat temp\u00e9r\u00e9 qui convient parfaitement \u00e0 la culture des agrumes.<\/p>\n<p><H3>La notori\u00e9t\u00e9 de la cl\u00e9mentine Nardocot<\/H3><\/p>\n<p>Il importe de savoir que la cl\u00e9mentine Nardocot est un fruit qui fait la fiert\u00e9 du pays marocain.  Avec son go\u00fbt savoureux, il est id\u00e9al pour le dessert mais peut aussi servir \u00e0 combler un petit creux. Cette cl\u00e9mentine s\u2019\u00e9pluche en un rien de temps. <\/p>\n<p><H3>Les vertus de la cl\u00e9mentine Nardocot<\/H3><\/p>\n<p>Il est n\u00e9cessaire de choisir une cl\u00e9mentine Nardocot qui soit assez lourde. Effectivement, celle-ci est alors plus juteuse. Cela ne suffit pas de juger sur l\u2019apparence bossel\u00e9e du fruit \u00e9tant donn\u00e9 que les cl\u00e9mentines classiques pr\u00e9sentent toutes cet aspect. Par ailleurs, le fruit est bien meilleur lorsqu\u2019il n\u2019est pas mou. <\/p>\n<p><H3>Cuisiner la cl\u00e9mentine Nardocot<\/H3><\/p>\n<p>Il faut savoir que cette cl\u00e9mentine est capable de se substituer \u00e0 l\u2019orange dans diverses recettes. Elle peut aussi \u00eatre combin\u00e9e \u00e0 de la salade d\u2019\u00e9pinards. Sinon, cette cl\u00e9mentine est aussi utilis\u00e9e pour concocter les desserts. En outre, elle est recourue pour l\u2019aromatisation des grillades. Il suffit de l\u2019associer \u00e0 un peu de beurre dans ce cas. Ainsi, le beurre est m\u00e9lang\u00e9 \u00e0 de la pulpe de cl\u00e9mentine et \u00e0 du zeste de cl\u00e9mentine Nardocot. <\/p>\n<p><H2>III] Les Kakis : un fruit encore m\u00e9connu<\/H2><\/p>\n<p>Le kaki ou plaquemine de Cor\u00e9e ou encore figue caque est un fruit du plaqueminier. Il est connu au Japon mais il est surtout produit en Chine et aussi en Cor\u00e9e. Il est aussi retrouv\u00e9 en Inde. Un arbre peut mesurer jusqu\u2019\u00e0 10m de haut et pr\u00e9sent\u00e9 des feuilles larges et de forme ovale. Elles ont une couleur verte. Les fleurs du plaqueminier sont blanches, vertes ou jaunes. <\/p>\n<p><H3>Historique<\/H3><\/p>\n<p>Le plaqueminier contient des traces de fruits qui ont \u00e9t\u00e9 cultiv\u00e9s au n\u00e9olithique. D\u2019ailleurs, voil\u00e0 plus de 2000 ans qu\u2019il y est mentionn\u00e9. La g\u00e9n\u00e9tique met en \u00e9vidence 2 centres de domestication qui ont \u00e9t\u00e9 s\u00e9par\u00e9s ; il s\u2019agit du Japon et de la Chine.  Les cultivars sont diversifi\u00e9s mais les deux centres poss\u00e8dent des variantes de kakis astringentes et non astringentes.<\/p>\n<p><H3>La valeur nutritive du kaki<\/H3><\/p>\n<p>Le kaki est un fruit qui est tr\u00e8s riche en min\u00e9raux. Cependant, son apport \u00e9nerg\u00e9tique n\u2019est pas vraiment important. En effet, 100g de kaki rapporte 67,7kcal. Le fruit contient \u00e9galement des fibres en plus de pigments carot\u00e9no\u00efdes. Ce fruit a un pouvoir antioxydant remarquable. <\/p>\n<p><H3>Manger le kaki<\/H3><\/p>\n<p>En se servant d\u2019un couteau ac\u00e9r\u00e9, il est possible de peler le kaki, m\u00eame la vari\u00e9t\u00e9 ayant une chair astringente. Pour qu\u2019il soit plus ferme, il est conseill\u00e9 de le laisser 2 heures au r\u00e9frig\u00e9rateur. De ce fait, il sera plus facile \u00e0 \u00e9plucher et pourra se consommer de suite par la suite. Il est aussi envisageable de d\u00e9calotter le haut de ce fruit. Il n\u2019y aura plus qu\u2019\u00e0 manger le tout \u00e0 la petite cuill\u00e8re. C\u2019est un fruit d\u2019une grande fraicheur. <\/p>\n","protected":false},"excerpt":{"rendered":"<p>Nos paniers de fruits pour ce mois de Novembre Profitez de nos paniers de fruits \u00e0 Montr\u00e9al pour le mois de Novembre. Ces derniers vous proposeront divers fruits dont les cl\u00e9mentines Nardocot et les kakis. Vous pourrez en profiter en fonction du panier qui vous plait. L\u00e0 encore, vous avez le choix entre le panier [&hellip;]<\/p>\n","protected":false},"author":4,"featured_media":16709,"parent":8732,"menu_order":0,"comment_status":"closed","ping_status":"closed","template":"","meta":{"_et_pb_use_builder":"","_et_pb_old_content":"","_et_gb_content_width":""},"acf":[],"yoast_head":"<!-- This site is optimized with the Yoast SEO plugin v17.6 - https:\/\/yoast.com\/wordpress\/plugins\/seo\/ -->\n<title>Fruits de saison - Novembre - bienfaits, vertus, conseils<\/title>\n<meta name=\"description\" content=\"Le mois de novembre est une p\u00e9riode d&#039;abondance pour les fruits de saison. Nous vous proposons un panier de fruits de saison bien remplis !\" \/>\n<meta name=\"robots\" content=\"index, follow, max-snippet:-1, max-image-preview:large, max-video-preview:-1\" \/>\n<link rel=\"canonical\" href=\"https:\/\/www.alexetalex.com\/ca\/dossiers-fruites\/route-des-fruits\/paniers-fruits-novembre\/\" \/>\n<meta property=\"og:locale\" content=\"fr_FR\" \/>\n<meta property=\"og:type\" content=\"article\" \/>\n<meta property=\"og:title\" content=\"Fruits de saison - Novembre - bienfaits, vertus, conseils\" \/>\n<meta property=\"og:description\" content=\"Le mois de novembre est une p\u00e9riode d&#039;abondance pour les fruits de saison. Nous vous proposons un panier de fruits de saison bien remplis !\" \/>\n<meta property=\"og:url\" content=\"https:\/\/www.alexetalex.com\/ca\/dossiers-fruites\/route-des-fruits\/paniers-fruits-novembre\/\" \/>\n<meta property=\"og:image\" content=\"https:\/\/www.alexetalex.com\/ca\/wp-content\/uploads\/2020\/05\/Compo-novembre.jpg\" \/>\n\t<meta property=\"og:image:width\" content=\"560\" \/>\n\t<meta property=\"og:image:height\" content=\"400\" \/>\n<meta name=\"twitter:label1\" content=\"Dur\u00e9e de lecture estim\u00e9e\" \/>\n\t<meta name=\"twitter:data1\" content=\"5 minutes\" \/>\n<script type=\"application\/ld+json\" class=\"yoast-schema-graph\">{\"@context\":\"https:\/\/schema.org\",\"@graph\":[{\"@type\":\"Organization\",\"@id\":\"https:\/\/www.alexetalex.com\/ca\/#organization\",\"name\":\"Alex & Alex\",\"url\":\"https:\/\/www.alexetalex.com\/ca\/\",\"sameAs\":[],\"logo\":{\"@type\":\"ImageObject\",\"@id\":\"https:\/\/www.alexetalex.com\/ca\/#logo\",\"inLanguage\":\"fr-FR\",\"url\":\"https:\/\/www.alexetalex.com\/ca\/wp-content\/uploads\/2020\/04\/alexalex-1.png\",\"contentUrl\":\"https:\/\/www.alexetalex.com\/ca\/wp-content\/uploads\/2020\/04\/alexalex-1.png\",\"width\":51,\"height\":50,\"caption\":\"Alex & Alex\"},\"image\":{\"@id\":\"https:\/\/www.alexetalex.com\/ca\/#logo\"}},{\"@type\":\"WebSite\",\"@id\":\"https:\/\/www.alexetalex.com\/ca\/#website\",\"url\":\"https:\/\/www.alexetalex.com\/ca\/\",\"name\":\"\",\"description\":\"\",\"publisher\":{\"@id\":\"https:\/\/www.alexetalex.com\/ca\/#organization\"},\"potentialAction\":[{\"@type\":\"SearchAction\",\"target\":{\"@type\":\"EntryPoint\",\"urlTemplate\":\"https:\/\/www.alexetalex.com\/ca\/?s={search_term_string}\"},\"query-input\":\"required name=search_term_string\"}],\"inLanguage\":\"fr-FR\"},{\"@type\":\"ImageObject\",\"@id\":\"https:\/\/www.alexetalex.com\/ca\/dossiers-fruites\/route-des-fruits\/paniers-fruits-novembre\/#primaryimage\",\"inLanguage\":\"fr-FR\",\"url\":\"https:\/\/www.alexetalex.com\/ca\/wp-content\/uploads\/2020\/05\/Compo-novembre.jpg\",\"contentUrl\":\"https:\/\/www.alexetalex.com\/ca\/wp-content\/uploads\/2020\/05\/Compo-novembre.jpg\",\"width\":560,\"height\":400},{\"@type\":\"WebPage\",\"@id\":\"https:\/\/www.alexetalex.com\/ca\/dossiers-fruites\/route-des-fruits\/paniers-fruits-novembre\/#webpage\",\"url\":\"https:\/\/www.alexetalex.com\/ca\/dossiers-fruites\/route-des-fruits\/paniers-fruits-novembre\/\",\"name\":\"Fruits de saison - Novembre - bienfaits, vertus, conseils\",\"isPartOf\":{\"@id\":\"https:\/\/www.alexetalex.com\/ca\/#website\"},\"primaryImageOfPage\":{\"@id\":\"https:\/\/www.alexetalex.com\/ca\/dossiers-fruites\/route-des-fruits\/paniers-fruits-novembre\/#primaryimage\"},\"datePublished\":\"2020-05-04T21:42:27+00:00\",\"dateModified\":\"2020-05-04T21:42:27+00:00\",\"description\":\"Le mois de novembre est une p\\u00e9riode d'abondance pour les fruits de saison. Nous vous proposons un panier de fruits de saison bien remplis !\",\"breadcrumb\":{\"@id\":\"https:\/\/www.alexetalex.com\/ca\/dossiers-fruites\/route-des-fruits\/paniers-fruits-novembre\/#breadcrumb\"},\"inLanguage\":\"fr-FR\",\"potentialAction\":[{\"@type\":\"ReadAction\",\"target\":[\"https:\/\/www.alexetalex.com\/ca\/dossiers-fruites\/route-des-fruits\/paniers-fruits-novembre\/\"]}]},{\"@type\":\"BreadcrumbList\",\"@id\":\"https:\/\/www.alexetalex.com\/ca\/dossiers-fruites\/route-des-fruits\/paniers-fruits-novembre\/#breadcrumb\",\"itemListElement\":[{\"@type\":\"ListItem\",\"position\":1,\"name\":\"Magazine\",\"item\":\"https:\/\/www.alexetalex.com\/ca\/dossiers-fruites\/\"},{\"@type\":\"ListItem\",\"position\":2,\"name\":\"Fruits\",\"item\":\"https:\/\/www.alexetalex.com\/ca\/dossiers-fruites\/route-des-fruits\/\"},{\"@type\":\"ListItem\",\"position\":3,\"name\":\"Vos paniers de fruits au bureau en Novembre\"}]}]}<\/script>\n<!-- \/ Yoast SEO plugin. -->","yoast_head_json":{"title":"Fruits de saison - Novembre - bienfaits, vertus, conseils","description":"Le mois de novembre est une p\u00e9riode d'abondance pour les fruits de saison. Nous vous proposons un panier de fruits de saison bien remplis !","robots":{"index":"index","follow":"follow","max-snippet":"max-snippet:-1","max-image-preview":"max-image-preview:large","max-video-preview":"max-video-preview:-1"},"canonical":"https:\/\/www.alexetalex.com\/ca\/dossiers-fruites\/route-des-fruits\/paniers-fruits-novembre\/","og_locale":"fr_FR","og_type":"article","og_title":"Fruits de saison - Novembre - bienfaits, vertus, conseils","og_description":"Le mois de novembre est une p\u00e9riode d'abondance pour les fruits de saison. Nous vous proposons un panier de fruits de saison bien remplis !","og_url":"https:\/\/www.alexetalex.com\/ca\/dossiers-fruites\/route-des-fruits\/paniers-fruits-novembre\/","og_image":[{"width":560,"height":400,"url":"https:\/\/www.alexetalex.com\/ca\/wp-content\/uploads\/2020\/05\/Compo-novembre.jpg","type":"image\/jpeg"}],"twitter_misc":{"Dur\u00e9e de lecture estim\u00e9e":"5 minutes"},"schema":{"@context":"https:\/\/schema.org","@graph":[{"@type":"Organization","@id":"https:\/\/www.alexetalex.com\/ca\/#organization","name":"Alex & Alex","url":"https:\/\/www.alexetalex.com\/ca\/","sameAs":[],"logo":{"@type":"ImageObject","@id":"https:\/\/www.alexetalex.com\/ca\/#logo","inLanguage":"fr-FR","url":"https:\/\/www.alexetalex.com\/ca\/wp-content\/uploads\/2020\/04\/alexalex-1.png","contentUrl":"https:\/\/www.alexetalex.com\/ca\/wp-content\/uploads\/2020\/04\/alexalex-1.png","width":51,"height":50,"caption":"Alex & Alex"},"image":{"@id":"https:\/\/www.alexetalex.com\/ca\/#logo"}},{"@type":"WebSite","@id":"https:\/\/www.alexetalex.com\/ca\/#website","url":"https:\/\/www.alexetalex.com\/ca\/","name":"","description":"","publisher":{"@id":"https:\/\/www.alexetalex.com\/ca\/#organization"},"potentialAction":[{"@type":"SearchAction","target":{"@type":"EntryPoint","urlTemplate":"https:\/\/www.alexetalex.com\/ca\/?s={search_term_string}"},"query-input":"required name=search_term_string"}],"inLanguage":"fr-FR"},{"@type":"ImageObject","@id":"https:\/\/www.alexetalex.com\/ca\/dossiers-fruites\/route-des-fruits\/paniers-fruits-novembre\/#primaryimage","inLanguage":"fr-FR","url":"https:\/\/www.alexetalex.com\/ca\/wp-content\/uploads\/2020\/05\/Compo-novembre.jpg","contentUrl":"https:\/\/www.alexetalex.com\/ca\/wp-content\/uploads\/2020\/05\/Compo-novembre.jpg","width":560,"height":400},{"@type":"WebPage","@id":"https:\/\/www.alexetalex.com\/ca\/dossiers-fruites\/route-des-fruits\/paniers-fruits-novembre\/#webpage","url":"https:\/\/www.alexetalex.com\/ca\/dossiers-fruites\/route-des-fruits\/paniers-fruits-novembre\/","name":"Fruits de saison - Novembre - bienfaits, vertus, conseils","isPartOf":{"@id":"https:\/\/www.alexetalex.com\/ca\/#website"},"primaryImageOfPage":{"@id":"https:\/\/www.alexetalex.com\/ca\/dossiers-fruites\/route-des-fruits\/paniers-fruits-novembre\/#primaryimage"},"datePublished":"2020-05-04T21:42:27+00:00","dateModified":"2020-05-04T21:42:27+00:00","description":"Le mois de novembre est une p\u00e9riode d'abondance pour les fruits de saison. Nous vous proposons un panier de fruits de saison bien remplis !","breadcrumb":{"@id":"https:\/\/www.alexetalex.com\/ca\/dossiers-fruites\/route-des-fruits\/paniers-fruits-novembre\/#breadcrumb"},"inLanguage":"fr-FR","potentialAction":[{"@type":"ReadAction","target":["https:\/\/www.alexetalex.com\/ca\/dossiers-fruites\/route-des-fruits\/paniers-fruits-novembre\/"]}]},{"@type":"BreadcrumbList","@id":"https:\/\/www.alexetalex.com\/ca\/dossiers-fruites\/route-des-fruits\/paniers-fruits-novembre\/#breadcrumb","itemListElement":[{"@type":"ListItem","position":1,"name":"Magazine","item":"https:\/\/www.alexetalex.com\/ca\/dossiers-fruites\/"},{"@type":"ListItem","position":2,"name":"Fruits","item":"https:\/\/www.alexetalex.com\/ca\/dossiers-fruites\/route-des-fruits\/"},{"@type":"ListItem","position":3,"name":"Vos paniers de fruits au bureau en Novembre"}]}]}},"_links":{"self":[{"href":"https:\/\/www.alexetalex.com\/ca\/wp-json\/wp\/v2\/pages\/16722"}],"collection":[{"href":"https:\/\/www.alexetalex.com\/ca\/wp-json\/wp\/v2\/pages"}],"about":[{"href":"https:\/\/www.alexetalex.com\/ca\/wp-json\/wp\/v2\/types\/page"}],"author":[{"embeddable":true,"href":"https:\/\/www.alexetalex.com\/ca\/wp-json\/wp\/v2\/users\/4"}],"replies":[{"embeddable":true,"href":"https:\/\/www.alexetalex.com\/ca\/wp-json\/wp\/v2\/comments?post=16722"}],"version-history":[{"count":1,"href":"https:\/\/www.alexetalex.com\/ca\/wp-json\/wp\/v2\/pages\/16722\/revisions"}],"predecessor-version":[{"id":16723,"href":"https:\/\/www.alexetalex.com\/ca\/wp-json\/wp\/v2\/pages\/16722\/revisions\/16723"}],"up":[{"embeddable":true,"href":"https:\/\/www.alexetalex.com\/ca\/wp-json\/wp\/v2\/pages\/8732"}],"wp:featuredmedia":[{"embeddable":true,"href":"https:\/\/www.alexetalex.com\/ca\/wp-json\/wp\/v2\/media\/16709"}],"wp:attachment":[{"href":"https:\/\/www.alexetalex.com\/ca\/wp-json\/wp\/v2\/media?parent=16722"}],"curies":[{"name":"wp","href":"https:\/\/api.w.org\/{rel}","templated":true}]}}