{"id":16724,"date":"2020-05-04T22:47:20","date_gmt":"2020-05-04T21:47:20","guid":{"rendered":"https:\/\/www.alexetalex.com\/ca\/?page_id=16724"},"modified":"2020-05-04T22:47:20","modified_gmt":"2020-05-04T21:47:20","slug":"paniers-fruits-decembre","status":"publish","type":"page","link":"https:\/\/www.alexetalex.com\/ca\/dossiers-fruites\/route-des-fruits\/paniers-fruits-decembre\/","title":{"rendered":"Vos paniers de fruits au bureau en D\u00e9cembre"},"content":{"rendered":"<p><H1>Nos paniers de fruits pour ce mois de d\u00e9cembre<\/H1><\/p>\n<p>En D\u00e9cembre, Montr\u00e9al se d\u00e9lectera des fruits exotiques et hauts en couleur avec nos paniers de fruits. Pour ce dernier mois de l\u2019ann\u00e9e, retrouvez du peps vitamin\u00e9 dans nos paniers pour satisfaire vos pulsions fruit\u00e9s. Retrouvez les Oranges Navel et les Litchis de Madagascar dans nos paniers PREMIUM et CLASSIQUE suivant vos envies du jour.<\/p>\n<p>Avec des produits frais, d\u00e9gustez aux saveurs tropicales sans mod\u00e9ration. Suivant les produits disponibles sur le march\u00e9, la garniture des paniers peut largement varier. Laisser sa gourmandise sur la roue de la chance peut amener \u00e0 des belles surprises.<\/p>\n<p><H2>I] Composition de nos paniers fruits en D\u00e9cembre<\/H2><\/p>\n<p><H3>Zoom sur la composition de nos paniers de fruits premium et fruits en folie<\/H3><\/p>\n<p>Les paniers de fruits \u00ab Premium \u00bb et \u00ab fruits en folie \u00bb du mois de d\u00e9cembre :<br \/>\n<br \/>&#8211; Pommes Royal Gala<br \/>\n<br \/>&#8211; Pommes Rosinette locales<br \/>\n<br \/>&#8211; Bananes des Antilles<br \/>\n<br \/>&#8211; Prunes noires<br \/>\n<br \/>&#8211; Oranges Navel<br \/>\n<br \/>&#8211; Poires Bosc<br \/>\n<br \/>&#8211; Kakis<br \/>\n<br \/>&#8211; Litchis de Madagascar<br \/>\n<br \/>&#8211; Cl\u00e9mentines Orri<br \/>\n<br \/>&#8211; Raisins Rouges<br \/>\n<br \/>&#8211; Raisins Verts Italia<\/p>\n<p><H3>Nos paniers fruits \u00ab\u2009Classique\u2009\u00bb en D\u00e9cembre<\/H3><\/p>\n<p>Nos paniers CLASSIQUES sont garnis par les fruits suivants :<br \/>\n<br \/>&#8211; Pommes Honey Crisp locales<br \/>\n<br \/>&#8211; Pommes Mc Intosh locales<br \/>\n<br \/>&#8211; Bananes des Antilles<br \/>\n<br \/>&#8211; Cl\u00e9mentines Orri<br \/>\n<br \/>&#8211; Prunes Noires<br \/>\n<br \/>&#8211; Poires Bartlett<\/p>\n<p>Pour ce mois de D\u00e9cembre, les fruits vedettes de nos paniers sont :<br \/>\n<br \/>&#8211; Les Oranges Navel<br \/>\n<br \/>&#8211; Les Litchis de Madagascar<\/p>\n<p>Nous vous proposons donc un zoom sur chacune de ces deux vari\u00e9t\u00e9s pour vous faire d\u00e9couvrir ou red\u00e9couvrir les sp\u00e9cificit\u00e9s de ces fruits de saison.<\/p>\n<p><H2>II] Zoom sur les Oranges Navels<\/H2><\/p>\n<p>Faisant partie d\u2019une vari\u00e9t\u00e9 d\u2019orange, les Oranges Navels sont les plus r\u00e9pandues sur le march\u00e9 europ\u00e9en. Tr\u00e8s appr\u00e9ci\u00e9s, cet agrume fait aussi office de fruits d\u00e9coratifs de jardin, de terrasse ou de balcon. Les Oranger Navel fleurissent au printemps et \u00e9manant un parfum subtile et d\u00e9licat dont h\u00e9rite les Orange Navel. Ces agrumes ont des fruits \u00e0 dessert se d\u00e9veloppant dans un climat doux et poss\u00e9dant diverses variantes.<\/p>\n<p><H3>Caract\u00e9ristiques des Oranges Navel<\/H3><\/p>\n<p>Les Oranges Navel sont reconnaissables par la pr\u00e9sence d\u2019une petite excroissance secondaire localis\u00e9e sur la partie sup\u00e9rieure du fruit. Cette excroissance refl\u00e8te l\u2019image du nombril. Cette comparaison est \u00e0 l\u2019origine de son nom car le mot \u00ab navel \u00bb signifie ombilic dans la langue de Shakespeare. Les Oranges Navel se distinguent des autres agrumes par la faible pr\u00e9sence de p\u00e9pin qui s\u2019av\u00e8re \u00eatre inexistants selon les cas. Avec une forme circulaire et aplatie sur les extr\u00e9mit\u00e9s, les Oranges Navel poss\u00e8dent la forme quasi parfaite des agrumes.<\/p>\n<p><H3>Utilisation de ces agrumes<\/H3><\/p>\n<p>Etant des fruits de dessert, les Oranges Navel sont \u00e0 consommer frais et crues de pr\u00e9f\u00e9rence.  Le pressage et la marinade provoque l\u2019\u00e9manation d\u2019un go\u00fbt amer qui alt\u00e8re la fra\u00eecheur et la saveur de ce fruit. N\u00e9anmoins, ce fruit peut \u00eatre utilis\u00e9 comme confiture et en p\u00e2tisserie, tout d\u00e9pend des go\u00fbts de chacun. Les oranges Navel peuvent \u00eatre press\u00e9s pour en tirer le jus dor\u00e9 sucr\u00e9 avec un soup\u00e7on d\u2019acide \u00e0 condition de d\u00e9guster frais, c\u2019est-\u00e0-dire juste apr\u00e8s le pressage.<\/p>\n<p><H3>Les propri\u00e9t\u00e9s et bienfaits des Oranges Navel<\/H3><\/p>\n<p>Les oranges navels sont sur la liste de fruits les plus complets. Comme toutes les vari\u00e9t\u00e9s d\u2019oranges existantes, les Oranges Navels sont riches en vitamine C, en antioxydants et en Magn\u00e9sium. Les Oranges Navels sont id\u00e9ales pour la lutte contre la fatigue passag\u00e8re, la formation des os et la stimulation du syst\u00e8me immunitaire.<\/p>\n<p>Riche en antioxydant, ils prot\u00e8gent les cellules et l\u2019organisme des radicaux libres et du vieillissement pr\u00e9matur\u00e9. La consommation des oranges Navel aide \u00e0 pr\u00e9venir contre le cancer et des maladies cardio-vasculaires. La B\u00e9tacarot\u00e8ne et les fibres pr\u00e9sentes dans les Orange Navels aident \u00e0 la digestion et la r\u00e9gulation du taux de cholest\u00e9rol.<\/p>\n<p><H2>III] Zoom sur les Litchis de Madagascar<\/H2><\/p>\n<p>Appel\u00e9 aussi cerise de Chine, le Litchi de Madagascar est originaire du continent Asiatique avant d\u2019\u00eatre implant\u00e9 dans ce territoire insulaire. Per\u00e7ant le march\u00e9 europ\u00e9en, les Litchis de Madagascar sont appr\u00e9ci\u00e9s par leur go\u00fbt exotique et unique.<\/p>\n<p><H3>Historique<\/H3><\/p>\n<p>En remontant dans le temps, la premi\u00e8re mention du Litchis f\u00fbt en l\u2019an 111 avant J\u00e9sus Christ dans un registre royal de Chine. Mais la description officielle a \u00e9t\u00e9 faite par un missionnaire polonais Michal Boym. C\u2019est par le biais de l\u2019\u00eele de la R\u00e9union que le licthis arriva \u00e0 Madagascar et en fasse la renomm\u00e9e.<\/p>\n<p><H3>L\u2019utilisation du Litchi de Madagascar<\/H3><\/p>\n<p>Il existe divers format de vente de licthis. On peut trouver des litchis en conserve ou frais. Il existe aussi des litchis confits ou s\u00e9ch\u00e9s. Pour les fruits frais, on reconnait un bon Litchi par sa couleur vivifiante et une peau non frip\u00e9e. Se sont aussi des fruits de dessert et peuvent donc \u00eatre d\u00e9gust\u00e9 cru. Par ailleurs les litchis apportent un go\u00fbt unique \u00e0 votre salade de fruit saisonnier. Les licthis de Madagascar peuvent \u00eatre utilis\u00e9s comme confitures, cocktails ou encore comme sorbets.<\/p>\n<p><H3>Les bienfaits et vertus du Litchi de Madagascar<\/H3><\/p>\n<p>Les litchis ont une forte teneur en vitamine C \u00e0 tel point qu\u2019avec 100 grammes de litchi consomm\u00e9 permet de combler jusqu\u2019\u00e0 80% des besoins en vitamine C. Par ailleurs, le Litchi est une source de potassium et de magn\u00e9sium, \u00e9l\u00e9ments majeur du bon fonctionnement du corps.<\/p>\n<p>Concr\u00e8tement, le litchi est un rem\u00e8de efficace contre les maux de t\u00eate et renforce le syst\u00e8me immunitaire. Bon pour la peau, le litchi a des propri\u00e9t\u00e9s antalgiques et acc\u00e9l\u00e8re la cicatrisation des plaies. Riche en min\u00e9raux, les litchis sont des alli\u00e9s du c\u0153ur.<\/p>\n","protected":false},"excerpt":{"rendered":"<p>Nos paniers de fruits pour ce mois de d\u00e9cembre En D\u00e9cembre, Montr\u00e9al se d\u00e9lectera des fruits exotiques et hauts en couleur avec nos paniers de fruits. Pour ce dernier mois de l\u2019ann\u00e9e, retrouvez du peps vitamin\u00e9 dans nos paniers pour satisfaire vos pulsions fruit\u00e9s. Retrouvez les Oranges Navel et les Litchis de Madagascar dans nos [&hellip;]<\/p>\n","protected":false},"author":4,"featured_media":16725,"parent":8732,"menu_order":0,"comment_status":"closed","ping_status":"closed","template":"","meta":{"_et_pb_use_builder":"","_et_pb_old_content":"","_et_gb_content_width":""},"acf":[],"yoast_head":"<!-- This site is optimized with the Yoast SEO plugin v17.6 - https:\/\/yoast.com\/wordpress\/plugins\/seo\/ -->\n<title>Fruits de saison - D\u00e9cembre - bienfaits, vertus, conseils<\/title>\n<meta name=\"description\" content=\"Le mois de d\u00e9cembre est une p\u00e9riode d&#039;abondance pour les fruits de saison. Nous vous proposons un panier de fruits de saison bien garnis.\" \/>\n<meta name=\"robots\" content=\"index, follow, max-snippet:-1, max-image-preview:large, max-video-preview:-1\" \/>\n<link rel=\"canonical\" href=\"https:\/\/www.alexetalex.com\/ca\/dossiers-fruites\/route-des-fruits\/paniers-fruits-decembre\/\" \/>\n<meta property=\"og:locale\" content=\"fr_FR\" \/>\n<meta property=\"og:type\" content=\"article\" \/>\n<meta property=\"og:title\" content=\"Fruits de saison - D\u00e9cembre - bienfaits, vertus, conseils\" \/>\n<meta property=\"og:description\" content=\"Le mois de d\u00e9cembre est une p\u00e9riode d&#039;abondance pour les fruits de saison. Nous vous proposons un panier de fruits de saison bien garnis.\" \/>\n<meta property=\"og:url\" content=\"https:\/\/www.alexetalex.com\/ca\/dossiers-fruites\/route-des-fruits\/paniers-fruits-decembre\/\" \/>\n<meta property=\"og:image\" content=\"https:\/\/www.alexetalex.com\/ca\/wp-content\/uploads\/2020\/05\/DSC7182_edited_BD.jpg\" \/>\n\t<meta property=\"og:image:width\" content=\"1472\" \/>\n\t<meta property=\"og:image:height\" content=\"982\" \/>\n<meta name=\"twitter:label1\" content=\"Dur\u00e9e de lecture estim\u00e9e\" \/>\n\t<meta name=\"twitter:data1\" content=\"5 minutes\" \/>\n<script type=\"application\/ld+json\" class=\"yoast-schema-graph\">{\"@context\":\"https:\/\/schema.org\",\"@graph\":[{\"@type\":\"Organization\",\"@id\":\"https:\/\/www.alexetalex.com\/ca\/#organization\",\"name\":\"Alex & Alex\",\"url\":\"https:\/\/www.alexetalex.com\/ca\/\",\"sameAs\":[],\"logo\":{\"@type\":\"ImageObject\",\"@id\":\"https:\/\/www.alexetalex.com\/ca\/#logo\",\"inLanguage\":\"fr-FR\",\"url\":\"https:\/\/www.alexetalex.com\/ca\/wp-content\/uploads\/2020\/04\/alexalex-1.png\",\"contentUrl\":\"https:\/\/www.alexetalex.com\/ca\/wp-content\/uploads\/2020\/04\/alexalex-1.png\",\"width\":51,\"height\":50,\"caption\":\"Alex & Alex\"},\"image\":{\"@id\":\"https:\/\/www.alexetalex.com\/ca\/#logo\"}},{\"@type\":\"WebSite\",\"@id\":\"https:\/\/www.alexetalex.com\/ca\/#website\",\"url\":\"https:\/\/www.alexetalex.com\/ca\/\",\"name\":\"\",\"description\":\"\",\"publisher\":{\"@id\":\"https:\/\/www.alexetalex.com\/ca\/#organization\"},\"potentialAction\":[{\"@type\":\"SearchAction\",\"target\":{\"@type\":\"EntryPoint\",\"urlTemplate\":\"https:\/\/www.alexetalex.com\/ca\/?s={search_term_string}\"},\"query-input\":\"required name=search_term_string\"}],\"inLanguage\":\"fr-FR\"},{\"@type\":\"ImageObject\",\"@id\":\"https:\/\/www.alexetalex.com\/ca\/dossiers-fruites\/route-des-fruits\/paniers-fruits-decembre\/#primaryimage\",\"inLanguage\":\"fr-FR\",\"url\":\"https:\/\/www.alexetalex.com\/ca\/wp-content\/uploads\/2020\/05\/DSC7182_edited_BD.jpg\",\"contentUrl\":\"https:\/\/www.alexetalex.com\/ca\/wp-content\/uploads\/2020\/05\/DSC7182_edited_BD.jpg\",\"width\":1472,\"height\":982},{\"@type\":\"WebPage\",\"@id\":\"https:\/\/www.alexetalex.com\/ca\/dossiers-fruites\/route-des-fruits\/paniers-fruits-decembre\/#webpage\",\"url\":\"https:\/\/www.alexetalex.com\/ca\/dossiers-fruites\/route-des-fruits\/paniers-fruits-decembre\/\",\"name\":\"Fruits de saison - D\\u00e9cembre - bienfaits, vertus, conseils\",\"isPartOf\":{\"@id\":\"https:\/\/www.alexetalex.com\/ca\/#website\"},\"primaryImageOfPage\":{\"@id\":\"https:\/\/www.alexetalex.com\/ca\/dossiers-fruites\/route-des-fruits\/paniers-fruits-decembre\/#primaryimage\"},\"datePublished\":\"2020-05-04T21:47:20+00:00\",\"dateModified\":\"2020-05-04T21:47:20+00:00\",\"description\":\"Le mois de d\\u00e9cembre est une p\\u00e9riode d'abondance pour les fruits de saison. Nous vous proposons un panier de fruits de saison bien garnis.\",\"breadcrumb\":{\"@id\":\"https:\/\/www.alexetalex.com\/ca\/dossiers-fruites\/route-des-fruits\/paniers-fruits-decembre\/#breadcrumb\"},\"inLanguage\":\"fr-FR\",\"potentialAction\":[{\"@type\":\"ReadAction\",\"target\":[\"https:\/\/www.alexetalex.com\/ca\/dossiers-fruites\/route-des-fruits\/paniers-fruits-decembre\/\"]}]},{\"@type\":\"BreadcrumbList\",\"@id\":\"https:\/\/www.alexetalex.com\/ca\/dossiers-fruites\/route-des-fruits\/paniers-fruits-decembre\/#breadcrumb\",\"itemListElement\":[{\"@type\":\"ListItem\",\"position\":1,\"name\":\"Magazine\",\"item\":\"https:\/\/www.alexetalex.com\/ca\/dossiers-fruites\/\"},{\"@type\":\"ListItem\",\"position\":2,\"name\":\"Fruits\",\"item\":\"https:\/\/www.alexetalex.com\/ca\/dossiers-fruites\/route-des-fruits\/\"},{\"@type\":\"ListItem\",\"position\":3,\"name\":\"Vos paniers de fruits au bureau en D\\u00e9cembre\"}]}]}<\/script>\n<!-- \/ Yoast SEO plugin. -->","yoast_head_json":{"title":"Fruits de saison - D\u00e9cembre - bienfaits, vertus, conseils","description":"Le mois de d\u00e9cembre est une p\u00e9riode d'abondance pour les fruits de saison. Nous vous proposons un panier de fruits de saison bien garnis.","robots":{"index":"index","follow":"follow","max-snippet":"max-snippet:-1","max-image-preview":"max-image-preview:large","max-video-preview":"max-video-preview:-1"},"canonical":"https:\/\/www.alexetalex.com\/ca\/dossiers-fruites\/route-des-fruits\/paniers-fruits-decembre\/","og_locale":"fr_FR","og_type":"article","og_title":"Fruits de saison - D\u00e9cembre - bienfaits, vertus, conseils","og_description":"Le mois de d\u00e9cembre est une p\u00e9riode d'abondance pour les fruits de saison. Nous vous proposons un panier de fruits de saison bien garnis.","og_url":"https:\/\/www.alexetalex.com\/ca\/dossiers-fruites\/route-des-fruits\/paniers-fruits-decembre\/","og_image":[{"width":1472,"height":982,"url":"https:\/\/www.alexetalex.com\/ca\/wp-content\/uploads\/2020\/05\/DSC7182_edited_BD.jpg","type":"image\/jpeg"}],"twitter_misc":{"Dur\u00e9e de lecture estim\u00e9e":"5 minutes"},"schema":{"@context":"https:\/\/schema.org","@graph":[{"@type":"Organization","@id":"https:\/\/www.alexetalex.com\/ca\/#organization","name":"Alex & Alex","url":"https:\/\/www.alexetalex.com\/ca\/","sameAs":[],"logo":{"@type":"ImageObject","@id":"https:\/\/www.alexetalex.com\/ca\/#logo","inLanguage":"fr-FR","url":"https:\/\/www.alexetalex.com\/ca\/wp-content\/uploads\/2020\/04\/alexalex-1.png","contentUrl":"https:\/\/www.alexetalex.com\/ca\/wp-content\/uploads\/2020\/04\/alexalex-1.png","width":51,"height":50,"caption":"Alex & Alex"},"image":{"@id":"https:\/\/www.alexetalex.com\/ca\/#logo"}},{"@type":"WebSite","@id":"https:\/\/www.alexetalex.com\/ca\/#website","url":"https:\/\/www.alexetalex.com\/ca\/","name":"","description":"","publisher":{"@id":"https:\/\/www.alexetalex.com\/ca\/#organization"},"potentialAction":[{"@type":"SearchAction","target":{"@type":"EntryPoint","urlTemplate":"https:\/\/www.alexetalex.com\/ca\/?s={search_term_string}"},"query-input":"required name=search_term_string"}],"inLanguage":"fr-FR"},{"@type":"ImageObject","@id":"https:\/\/www.alexetalex.com\/ca\/dossiers-fruites\/route-des-fruits\/paniers-fruits-decembre\/#primaryimage","inLanguage":"fr-FR","url":"https:\/\/www.alexetalex.com\/ca\/wp-content\/uploads\/2020\/05\/DSC7182_edited_BD.jpg","contentUrl":"https:\/\/www.alexetalex.com\/ca\/wp-content\/uploads\/2020\/05\/DSC7182_edited_BD.jpg","width":1472,"height":982},{"@type":"WebPage","@id":"https:\/\/www.alexetalex.com\/ca\/dossiers-fruites\/route-des-fruits\/paniers-fruits-decembre\/#webpage","url":"https:\/\/www.alexetalex.com\/ca\/dossiers-fruites\/route-des-fruits\/paniers-fruits-decembre\/","name":"Fruits de saison - D\u00e9cembre - bienfaits, vertus, conseils","isPartOf":{"@id":"https:\/\/www.alexetalex.com\/ca\/#website"},"primaryImageOfPage":{"@id":"https:\/\/www.alexetalex.com\/ca\/dossiers-fruites\/route-des-fruits\/paniers-fruits-decembre\/#primaryimage"},"datePublished":"2020-05-04T21:47:20+00:00","dateModified":"2020-05-04T21:47:20+00:00","description":"Le mois de d\u00e9cembre est une p\u00e9riode d'abondance pour les fruits de saison. Nous vous proposons un panier de fruits de saison bien garnis.","breadcrumb":{"@id":"https:\/\/www.alexetalex.com\/ca\/dossiers-fruites\/route-des-fruits\/paniers-fruits-decembre\/#breadcrumb"},"inLanguage":"fr-FR","potentialAction":[{"@type":"ReadAction","target":["https:\/\/www.alexetalex.com\/ca\/dossiers-fruites\/route-des-fruits\/paniers-fruits-decembre\/"]}]},{"@type":"BreadcrumbList","@id":"https:\/\/www.alexetalex.com\/ca\/dossiers-fruites\/route-des-fruits\/paniers-fruits-decembre\/#breadcrumb","itemListElement":[{"@type":"ListItem","position":1,"name":"Magazine","item":"https:\/\/www.alexetalex.com\/ca\/dossiers-fruites\/"},{"@type":"ListItem","position":2,"name":"Fruits","item":"https:\/\/www.alexetalex.com\/ca\/dossiers-fruites\/route-des-fruits\/"},{"@type":"ListItem","position":3,"name":"Vos paniers de fruits au bureau en D\u00e9cembre"}]}]}},"_links":{"self":[{"href":"https:\/\/www.alexetalex.com\/ca\/wp-json\/wp\/v2\/pages\/16724"}],"collection":[{"href":"https:\/\/www.alexetalex.com\/ca\/wp-json\/wp\/v2\/pages"}],"about":[{"href":"https:\/\/www.alexetalex.com\/ca\/wp-json\/wp\/v2\/types\/page"}],"author":[{"embeddable":true,"href":"https:\/\/www.alexetalex.com\/ca\/wp-json\/wp\/v2\/users\/4"}],"replies":[{"embeddable":true,"href":"https:\/\/www.alexetalex.com\/ca\/wp-json\/wp\/v2\/comments?post=16724"}],"version-history":[{"count":1,"href":"https:\/\/www.alexetalex.com\/ca\/wp-json\/wp\/v2\/pages\/16724\/revisions"}],"predecessor-version":[{"id":16726,"href":"https:\/\/www.alexetalex.com\/ca\/wp-json\/wp\/v2\/pages\/16724\/revisions\/16726"}],"up":[{"embeddable":true,"href":"https:\/\/www.alexetalex.com\/ca\/wp-json\/wp\/v2\/pages\/8732"}],"wp:featuredmedia":[{"embeddable":true,"href":"https:\/\/www.alexetalex.com\/ca\/wp-json\/wp\/v2\/media\/16725"}],"wp:attachment":[{"href":"https:\/\/www.alexetalex.com\/ca\/wp-json\/wp\/v2\/media?parent=16724"}],"curies":[{"name":"wp","href":"https:\/\/api.w.org\/{rel}","templated":true}]}}