{"id":16727,"date":"2020-05-04T22:54:13","date_gmt":"2020-05-04T21:54:13","guid":{"rendered":"https:\/\/www.alexetalex.com\/ca\/?page_id=16727"},"modified":"2020-11-08T05:35:54","modified_gmt":"2020-11-08T04:35:54","slug":"fruits-legumes-en-c","status":"publish","type":"page","link":"https:\/\/www.alexetalex.com\/ca\/dossiers-fruites\/route-des-fruits\/fruits-legumes-en-c\/","title":{"rendered":"Fruits en c et l\u00e9gumes en c"},"content":{"rendered":"<p><H1>Les fruits et les l\u00e9gumes en C<\/H1><\/p>\n<p><\/br><\/p>\n<p><H2>I] D&rsquo;abord, les fruits en C <\/H2><\/p>\n<p><\/br><\/p>\n<p>En Fran\u00e7ais, il existe exactement 15 fruits qui commencent par la lettre C :<\/p>\n<p>&#8211; Cacahu\u00e8te <br \/>&#8211; <a href=\"https:\/\/www.alexetalex.com\/ca\/dossiers-fruites\/route-des-fruits\/caimite\/\">Ca\u00efmite <\/a><br \/>&#8211; Calamondin <br \/>&#8211; Canneberge <br \/>&#8211; <a href=\"https:\/\/www.alexetalex.com\/ca\/dossiers-fruites\/route-des-fruits\/carambole-fruit-guide-complet\/\">Carambole <\/a><br \/>&#8211; Cassis <br \/>&#8211; <a href=\"https:\/\/www.alexetalex.com\/ca\/dossiers-fruites\/route-des-fruits\/cedrat\/\">C\u00e9drat <\/a><br \/>&#8211; Cerise <br \/>&#8211; <a href=\"https:\/\/www.alexetalex.com\/ca\/dossiers-fruites\/route-des-fruits\/chataigne-marron\/\">Ch\u00e2taigne <\/a><br \/>&#8211; Citron <br \/>&#8211; Citron vert <br \/>&#8211; <a href=\"https:\/\/www.alexetalex.com\/ca\/dossiers-fruites\/route-des-fruits\/clementine-mandarine\/\">Cl\u00e9mentine <\/a><br \/>&#8211; Coing <br \/>&#8211; <a href=\"https:\/\/www.alexetalex.com\/ca\/dossiers-fruites\/route-des-fruits\/combava\/\">Combava <\/a><br \/>&#8211; Cranberry<\/p>\n<p><\/br><\/p>\n<p><H2>II] Les l\u00e9gumes commen\u00e7ants par la lettre C<\/H2><\/p>\n<p><\/br><\/p>\n<p>D&rsquo;une autre part, il existe, en Fran\u00e7ais, 7 l\u00e9gumes qui commencent par la lettre C :<\/p>\n<p>&#8211; Carotte <br \/>&#8211; C\u00e9leri branche <br \/>&#8211; C\u00e9leri rave <br \/>&#8211; Chayote <br \/>&#8211; Chou blanc <br \/>&#8211; Chou de Bruxelles <br \/>&#8211; Chou fris\u00e9 <br \/>&#8211; Chou palmier <br \/>&#8211; Chou romanesco <br \/>&#8211; Chou rouge <br \/>&#8211; Chou-chinois <br \/>&#8211; Chou-fleur <br \/>&#8211; Chou-rave <br \/>&#8211; Citrouille <br \/>&#8211; Coeur de palmier <br \/>&#8211; Courge Courgette <br \/>&#8211; Cresson<\/p>\n<p><\/br><\/p>\n<p><H2>III] Testez vos connaissances sur les fruits<\/H2><\/p>\n<p><\/br><\/p>\n <div class=\"hsg-featured-numb\">\n    <div>\n <p>1<\/p>\n <p><H3>L'ab\u00e9c\u00e9daire des fruits et l\u00e9gumes<\/H3><\/p>\n\n<\/div>\n  \n<\/div>\n<p><\/br> <\/p>\n<p>Retrouvez notre infographie sur l&rsquo;alphabet des fruits en Fran\u00e7ais pour tester vos connaissances sur d&rsquo;autres lettres.<br \/>\nAttention : les r\u00e9ponses ne sont pas forc\u00e9ment \u00e9videntes \u00e0 chaque fois!<\/p>\n<p><\/br><\/p>\n<p><strong>&#8212;&#8212;&#8212;&#8212;   Cliquez sur l&rsquo;image ci-dessous pour zoomer !   &#8212;&#8212;&#8212;&#8212;<\/strong><\/p>\n<p><\/br><\/p>\n<p><a href=\"https:\/\/www.alexetalex.com\/wp-content\/uploads\/2019\/03\/Infographie-fruitsv2-BD.jpg\"><img loading=\"lazy\" width=\"800\" height=\"1596\" src=\"https:\/\/www.alexetalex.com\/wp-content\/uploads\/2019\/02\/Infographie-fruits-1.jpg\" title= \"ab\u00e9c\u00e9daire des fruits\" alt=\"Infographie fruits\" class=\"alignnone size-full wp-image-10321\" srcset=\"https:\/\/www.alexetalex.com\/ca\/wp-content\/uploads\/2019\/02\/Infographie-fruits-1.jpg 800w, https:\/\/www.alexetalex.com\/ca\/wp-content\/uploads\/2019\/02\/Infographie-fruits-1-600x1197.jpg 600w, https:\/\/www.alexetalex.com\/ca\/wp-content\/uploads\/2019\/02\/Infographie-fruits-1-250x499.jpg 250w, https:\/\/www.alexetalex.com\/ca\/wp-content\/uploads\/2019\/02\/Infographie-fruits-1-768x1532.jpg 768w, https:\/\/www.alexetalex.com\/ca\/wp-content\/uploads\/2019\/02\/Infographie-fruits-1-700x1397.jpg 700w, https:\/\/www.alexetalex.com\/ca\/wp-content\/uploads\/2019\/02\/Infographie-fruits-1-120x239.jpg 120w, https:\/\/www.alexetalex.com\/ca\/wp-content\/uploads\/2019\/02\/Infographie-fruits-1-320x638.jpg 320w\" sizes=\"(max-width: 800px) 100vw, 800px\" \/><\/a><\/p>\n<p><\/br><\/p>\n <div class=\"hsg-featured-numb\">\n    <div>\n <p>2<\/p>\n <p><H3>Les fruits commen\u00e7ants par la lettre...<\/H3><\/p>\n\n<\/div>\n  \n<\/div>\n<p><\/br><\/p>\n<p>Pour aller dans le prolongement de cet article, sauriez-vous citer un fruit ou un l\u00e9gume commen\u00e7ant par les lettres \u00ab\u00a0J\u00a0\u00bb ou \u00ab\u00a0V\u00a0\u00bb?<br \/>\n Attention: ce ne sont pas les lettres les plus faciles que nous vous avons s\u00e9lectionn\u00e9s!<\/p>\n<p>&#8211; <a href=\"https:\/\/www.alexetalex.com\/ca\/dossiers-fruites\/le-saviez-vous\/fruits-legumes-en-j\/\">Les fruits et l\u00e9gumes en J<\/a><br \/>\n<br \/>&#8211; <a href=\"https:\/\/www.alexetalex.com\/ca\/dossiers-fruites\/le-saviez-vous\/fruits-legumes-en-v\/\">Des l\u00e9gumes et des fruits en V<\/a><\/p>\n<p><\/br><\/p>\n <div class=\"hsg-featured-numb\">\n    <div>\n <p>3<\/p>\n <p><H3>Botaniquement parlant, est-ce un fruit ou un l\u00e9gume ?<\/H3><\/p>\n\n<\/div>\n  \n<\/div>\n<p><\/br><\/p>\n<p>&#8211; <a href=\"https:\/\/www.alexetalex.com\/ca\/dossiers-fruites\/le-saviez-vous\/olive-fruit-ou-legume\/\">L&rsquo;olive : est-elle un fruit ou un l\u00e9gume<\/a> ?<\/p>\n<p><\/p>\n<p>&#8211; <a href=\"https:\/\/www.alexetalex.com\/ca\/dossiers-fruites\/le-saviez-vous\/melon-fruit-legume\/\">Le melon : s&rsquo;agit-il d&rsquo;un fruit ou d&rsquo;un l\u00e9gume<\/a> ?<\/p>\n<p><\/p>\n<p>&#8211; <a href=\"https:\/\/www.alexetalex.com\/ca\/dossiers-fruites\/le-saviez-vous\/papaye-fruit-ou-legume\/\">Et la papaye, qu&rsquo;est-ce donc <\/a> ?<\/p>\n<p>En cliquant sur ces liens, vous aurez acc\u00e8s \u00e0 une r\u00e9ponse claire et sans ambigu\u00eft\u00e9 qui s&rsquo;appuie sur la classification g\u00e9n\u00e9rale en botanique, pour que vous n&rsquo;ayez plus de doute en la mati\u00e8re.<\/p>\n<p><i>Et pour finir en beaut\u00e9, et retrouver des fruits de saison toute l&rsquo;ann\u00e9e sur votre lieu de travail, d\u00e9couvrez notre service de livraison de paniers de fruits au bureau pour les <a href=\"https:\/\/www.alexetalex.com\/ca\/#nos-services\"><strong>entreprises<\/strong><\/a> et pour les <a href=\"https:\/\/www.alexetalex.com\/categorie-produit\/particuliers\/\"><strong>particuliers<\/strong><\/a>, sur la page d\u00e9di\u00e9e \u00e0 notre activit\u00e9 professionnelle, en cliquant sur l&rsquo;image ci-dessous<\/i><\/p>\n<p><a title=\"Alex &#038; Alex - Les Fruits au Bureau\" href=\"https:\/\/www.alexetalex.com\/ca\/\"><img loading=\"lazy\" width=\"658\" height=\"280\" src=\"https:\/\/www.alexetalex.com\/wp-content\/uploads\/2018\/01\/Call-to-action-2.jpg\" alt=\"Call to action 2\" class=\"alignnone size-full wp-image-8638\" srcset=\"https:\/\/www.alexetalex.com\/ca\/wp-content\/uploads\/2018\/01\/Call-to-action-2.jpg 658w, https:\/\/www.alexetalex.com\/ca\/wp-content\/uploads\/2018\/01\/Call-to-action-2-600x255.jpg 600w, https:\/\/www.alexetalex.com\/ca\/wp-content\/uploads\/2018\/01\/Call-to-action-2-270x115.jpg 270w, https:\/\/www.alexetalex.com\/ca\/wp-content\/uploads\/2018\/01\/Call-to-action-2-550x234.jpg 550w\" sizes=\"(max-width: 658px) 100vw, 658px\" \/><\/a><\/p>\n","protected":false},"excerpt":{"rendered":"<p>Les fruits et les l\u00e9gumes en C I] D&rsquo;abord, les fruits en C En Fran\u00e7ais, il existe exactement 15 fruits qui commencent par la lettre C : &#8211; Cacahu\u00e8te &#8211; Ca\u00efmite &#8211; Calamondin &#8211; Canneberge &#8211; Carambole &#8211; Cassis &#8211; C\u00e9drat &#8211; Cerise &#8211; Ch\u00e2taigne &#8211; Citron &#8211; Citron vert &#8211; Cl\u00e9mentine &#8211; Coing &#8211; [&hellip;]<\/p>\n","protected":false},"author":4,"featured_media":16728,"parent":8732,"menu_order":0,"comment_status":"closed","ping_status":"closed","template":"","meta":{"_et_pb_use_builder":"","_et_pb_old_content":"","_et_gb_content_width":""},"acf":[],"yoast_head":"<!-- This site is optimized with the Yoast SEO plugin v17.6 - https:\/\/yoast.com\/wordpress\/plugins\/seo\/ -->\n<title>Fruits en c et l\u00e9gumes en c : la liste compl\u00e8te en Fran\u00e7ais - Alex &amp; Alex<\/title>\n<meta name=\"description\" content=\"En Fran\u00e7ais, il existe une quinzaine de fruits et tout autant de l\u00e9gumes en C. On vous donne toutes les r\u00e9ponses dans cet article\" \/>\n<meta name=\"robots\" content=\"index, follow, max-snippet:-1, max-image-preview:large, max-video-preview:-1\" \/>\n<link rel=\"canonical\" href=\"https:\/\/www.alexetalex.com\/ca\/dossiers-fruites\/route-des-fruits\/fruits-legumes-en-c\/\" \/>\n<meta property=\"og:locale\" content=\"fr_FR\" \/>\n<meta property=\"og:type\" content=\"article\" \/>\n<meta property=\"og:title\" content=\"Fruits en c et l\u00e9gumes en c : la liste compl\u00e8te en Fran\u00e7ais - Alex &amp; Alex\" \/>\n<meta property=\"og:description\" content=\"En Fran\u00e7ais, il existe une quinzaine de fruits et tout autant de l\u00e9gumes en C. On vous donne toutes les r\u00e9ponses dans cet article\" \/>\n<meta property=\"og:url\" content=\"https:\/\/www.alexetalex.com\/ca\/dossiers-fruites\/route-des-fruits\/fruits-legumes-en-c\/\" \/>\n<meta property=\"article:modified_time\" content=\"2020-11-08T04:35:54+00:00\" \/>\n<meta property=\"og:image\" content=\"https:\/\/www.alexetalex.com\/ca\/wp-content\/uploads\/2020\/05\/fruits-en-e.jpg\" \/>\n\t<meta property=\"og:image:width\" content=\"1300\" \/>\n\t<meta property=\"og:image:height\" content=\"890\" \/>\n<meta name=\"twitter:label1\" content=\"Dur\u00e9e de lecture estim\u00e9e\" \/>\n\t<meta name=\"twitter:data1\" content=\"2 minutes\" \/>\n<script type=\"application\/ld+json\" class=\"yoast-schema-graph\">{\"@context\":\"https:\/\/schema.org\",\"@graph\":[{\"@type\":\"Organization\",\"@id\":\"https:\/\/www.alexetalex.com\/ca\/#organization\",\"name\":\"Alex & Alex\",\"url\":\"https:\/\/www.alexetalex.com\/ca\/\",\"sameAs\":[],\"logo\":{\"@type\":\"ImageObject\",\"@id\":\"https:\/\/www.alexetalex.com\/ca\/#logo\",\"inLanguage\":\"fr-FR\",\"url\":\"https:\/\/www.alexetalex.com\/ca\/wp-content\/uploads\/2020\/04\/alexalex-1.png\",\"contentUrl\":\"https:\/\/www.alexetalex.com\/ca\/wp-content\/uploads\/2020\/04\/alexalex-1.png\",\"width\":51,\"height\":50,\"caption\":\"Alex & Alex\"},\"image\":{\"@id\":\"https:\/\/www.alexetalex.com\/ca\/#logo\"}},{\"@type\":\"WebSite\",\"@id\":\"https:\/\/www.alexetalex.com\/ca\/#website\",\"url\":\"https:\/\/www.alexetalex.com\/ca\/\",\"name\":\"\",\"description\":\"\",\"publisher\":{\"@id\":\"https:\/\/www.alexetalex.com\/ca\/#organization\"},\"potentialAction\":[{\"@type\":\"SearchAction\",\"target\":{\"@type\":\"EntryPoint\",\"urlTemplate\":\"https:\/\/www.alexetalex.com\/ca\/?s={search_term_string}\"},\"query-input\":\"required name=search_term_string\"}],\"inLanguage\":\"fr-FR\"},{\"@type\":\"ImageObject\",\"@id\":\"https:\/\/www.alexetalex.com\/ca\/dossiers-fruites\/route-des-fruits\/fruits-legumes-en-c\/#primaryimage\",\"inLanguage\":\"fr-FR\",\"url\":\"https:\/\/www.alexetalex.com\/ca\/wp-content\/uploads\/2020\/05\/fruits-en-e.jpg\",\"contentUrl\":\"https:\/\/www.alexetalex.com\/ca\/wp-content\/uploads\/2020\/05\/fruits-en-e.jpg\",\"width\":1300,\"height\":890},{\"@type\":\"WebPage\",\"@id\":\"https:\/\/www.alexetalex.com\/ca\/dossiers-fruites\/route-des-fruits\/fruits-legumes-en-c\/#webpage\",\"url\":\"https:\/\/www.alexetalex.com\/ca\/dossiers-fruites\/route-des-fruits\/fruits-legumes-en-c\/\",\"name\":\"Fruits en c et l\\u00e9gumes en c : la liste compl\\u00e8te en Fran\\u00e7ais - Alex & Alex\",\"isPartOf\":{\"@id\":\"https:\/\/www.alexetalex.com\/ca\/#website\"},\"primaryImageOfPage\":{\"@id\":\"https:\/\/www.alexetalex.com\/ca\/dossiers-fruites\/route-des-fruits\/fruits-legumes-en-c\/#primaryimage\"},\"datePublished\":\"2020-05-04T21:54:13+00:00\",\"dateModified\":\"2020-11-08T04:35:54+00:00\",\"description\":\"En Fran\\u00e7ais, il existe une quinzaine de fruits et tout autant de l\\u00e9gumes en C. On vous donne toutes les r\\u00e9ponses dans cet article\",\"breadcrumb\":{\"@id\":\"https:\/\/www.alexetalex.com\/ca\/dossiers-fruites\/route-des-fruits\/fruits-legumes-en-c\/#breadcrumb\"},\"inLanguage\":\"fr-FR\",\"potentialAction\":[{\"@type\":\"ReadAction\",\"target\":[\"https:\/\/www.alexetalex.com\/ca\/dossiers-fruites\/route-des-fruits\/fruits-legumes-en-c\/\"]}]},{\"@type\":\"BreadcrumbList\",\"@id\":\"https:\/\/www.alexetalex.com\/ca\/dossiers-fruites\/route-des-fruits\/fruits-legumes-en-c\/#breadcrumb\",\"itemListElement\":[{\"@type\":\"ListItem\",\"position\":1,\"name\":\"Magazine\",\"item\":\"https:\/\/www.alexetalex.com\/ca\/dossiers-fruites\/\"},{\"@type\":\"ListItem\",\"position\":2,\"name\":\"Fruits\",\"item\":\"https:\/\/www.alexetalex.com\/ca\/dossiers-fruites\/route-des-fruits\/\"},{\"@type\":\"ListItem\",\"position\":3,\"name\":\"Fruits en c et l\\u00e9gumes en c\"}]}]}<\/script>\n<!-- \/ Yoast SEO plugin. -->","yoast_head_json":{"title":"Fruits en c et l\u00e9gumes en c : la liste compl\u00e8te en Fran\u00e7ais - Alex & Alex","description":"En Fran\u00e7ais, il existe une quinzaine de fruits et tout autant de l\u00e9gumes en C. On vous donne toutes les r\u00e9ponses dans cet article","robots":{"index":"index","follow":"follow","max-snippet":"max-snippet:-1","max-image-preview":"max-image-preview:large","max-video-preview":"max-video-preview:-1"},"canonical":"https:\/\/www.alexetalex.com\/ca\/dossiers-fruites\/route-des-fruits\/fruits-legumes-en-c\/","og_locale":"fr_FR","og_type":"article","og_title":"Fruits en c et l\u00e9gumes en c : la liste compl\u00e8te en Fran\u00e7ais - Alex & Alex","og_description":"En Fran\u00e7ais, il existe une quinzaine de fruits et tout autant de l\u00e9gumes en C. On vous donne toutes les r\u00e9ponses dans cet article","og_url":"https:\/\/www.alexetalex.com\/ca\/dossiers-fruites\/route-des-fruits\/fruits-legumes-en-c\/","article_modified_time":"2020-11-08T04:35:54+00:00","og_image":[{"width":1300,"height":890,"url":"https:\/\/www.alexetalex.com\/ca\/wp-content\/uploads\/2020\/05\/fruits-en-e.jpg","type":"image\/jpeg"}],"twitter_misc":{"Dur\u00e9e de lecture estim\u00e9e":"2 minutes"},"schema":{"@context":"https:\/\/schema.org","@graph":[{"@type":"Organization","@id":"https:\/\/www.alexetalex.com\/ca\/#organization","name":"Alex & Alex","url":"https:\/\/www.alexetalex.com\/ca\/","sameAs":[],"logo":{"@type":"ImageObject","@id":"https:\/\/www.alexetalex.com\/ca\/#logo","inLanguage":"fr-FR","url":"https:\/\/www.alexetalex.com\/ca\/wp-content\/uploads\/2020\/04\/alexalex-1.png","contentUrl":"https:\/\/www.alexetalex.com\/ca\/wp-content\/uploads\/2020\/04\/alexalex-1.png","width":51,"height":50,"caption":"Alex & Alex"},"image":{"@id":"https:\/\/www.alexetalex.com\/ca\/#logo"}},{"@type":"WebSite","@id":"https:\/\/www.alexetalex.com\/ca\/#website","url":"https:\/\/www.alexetalex.com\/ca\/","name":"","description":"","publisher":{"@id":"https:\/\/www.alexetalex.com\/ca\/#organization"},"potentialAction":[{"@type":"SearchAction","target":{"@type":"EntryPoint","urlTemplate":"https:\/\/www.alexetalex.com\/ca\/?s={search_term_string}"},"query-input":"required name=search_term_string"}],"inLanguage":"fr-FR"},{"@type":"ImageObject","@id":"https:\/\/www.alexetalex.com\/ca\/dossiers-fruites\/route-des-fruits\/fruits-legumes-en-c\/#primaryimage","inLanguage":"fr-FR","url":"https:\/\/www.alexetalex.com\/ca\/wp-content\/uploads\/2020\/05\/fruits-en-e.jpg","contentUrl":"https:\/\/www.alexetalex.com\/ca\/wp-content\/uploads\/2020\/05\/fruits-en-e.jpg","width":1300,"height":890},{"@type":"WebPage","@id":"https:\/\/www.alexetalex.com\/ca\/dossiers-fruites\/route-des-fruits\/fruits-legumes-en-c\/#webpage","url":"https:\/\/www.alexetalex.com\/ca\/dossiers-fruites\/route-des-fruits\/fruits-legumes-en-c\/","name":"Fruits en c et l\u00e9gumes en c : la liste compl\u00e8te en Fran\u00e7ais - Alex & Alex","isPartOf":{"@id":"https:\/\/www.alexetalex.com\/ca\/#website"},"primaryImageOfPage":{"@id":"https:\/\/www.alexetalex.com\/ca\/dossiers-fruites\/route-des-fruits\/fruits-legumes-en-c\/#primaryimage"},"datePublished":"2020-05-04T21:54:13+00:00","dateModified":"2020-11-08T04:35:54+00:00","description":"En Fran\u00e7ais, il existe une quinzaine de fruits et tout autant de l\u00e9gumes en C. On vous donne toutes les r\u00e9ponses dans cet article","breadcrumb":{"@id":"https:\/\/www.alexetalex.com\/ca\/dossiers-fruites\/route-des-fruits\/fruits-legumes-en-c\/#breadcrumb"},"inLanguage":"fr-FR","potentialAction":[{"@type":"ReadAction","target":["https:\/\/www.alexetalex.com\/ca\/dossiers-fruites\/route-des-fruits\/fruits-legumes-en-c\/"]}]},{"@type":"BreadcrumbList","@id":"https:\/\/www.alexetalex.com\/ca\/dossiers-fruites\/route-des-fruits\/fruits-legumes-en-c\/#breadcrumb","itemListElement":[{"@type":"ListItem","position":1,"name":"Magazine","item":"https:\/\/www.alexetalex.com\/ca\/dossiers-fruites\/"},{"@type":"ListItem","position":2,"name":"Fruits","item":"https:\/\/www.alexetalex.com\/ca\/dossiers-fruites\/route-des-fruits\/"},{"@type":"ListItem","position":3,"name":"Fruits en c et l\u00e9gumes en c"}]}]}},"_links":{"self":[{"href":"https:\/\/www.alexetalex.com\/ca\/wp-json\/wp\/v2\/pages\/16727"}],"collection":[{"href":"https:\/\/www.alexetalex.com\/ca\/wp-json\/wp\/v2\/pages"}],"about":[{"href":"https:\/\/www.alexetalex.com\/ca\/wp-json\/wp\/v2\/types\/page"}],"author":[{"embeddable":true,"href":"https:\/\/www.alexetalex.com\/ca\/wp-json\/wp\/v2\/users\/4"}],"replies":[{"embeddable":true,"href":"https:\/\/www.alexetalex.com\/ca\/wp-json\/wp\/v2\/comments?post=16727"}],"version-history":[{"count":8,"href":"https:\/\/www.alexetalex.com\/ca\/wp-json\/wp\/v2\/pages\/16727\/revisions"}],"predecessor-version":[{"id":17463,"href":"https:\/\/www.alexetalex.com\/ca\/wp-json\/wp\/v2\/pages\/16727\/revisions\/17463"}],"up":[{"embeddable":true,"href":"https:\/\/www.alexetalex.com\/ca\/wp-json\/wp\/v2\/pages\/8732"}],"wp:featuredmedia":[{"embeddable":true,"href":"https:\/\/www.alexetalex.com\/ca\/wp-json\/wp\/v2\/media\/16728"}],"wp:attachment":[{"href":"https:\/\/www.alexetalex.com\/ca\/wp-json\/wp\/v2\/media?parent=16727"}],"curies":[{"name":"wp","href":"https:\/\/api.w.org\/{rel}","templated":true}]}}