{"id":16732,"date":"2020-05-04T22:56:49","date_gmt":"2020-05-04T21:56:49","guid":{"rendered":"https:\/\/www.alexetalex.com\/ca\/?page_id=16732"},"modified":"2020-11-08T05:02:24","modified_gmt":"2020-11-08T04:02:24","slug":"fruits-legumes-en-j","status":"publish","type":"page","link":"https:\/\/www.alexetalex.com\/ca\/dossiers-fruites\/route-des-fruits\/fruits-legumes-en-j\/","title":{"rendered":"Fruits en j et l\u00e9gumes en j"},"content":{"rendered":"<p><H1>Les fruits en j et l\u00e9gumes en j<\/H1><\/p>\n<p><\/br><\/p>\n <div class=\"featured-under\">\n    <div>\n<h4>Une synth\u00e8se de l'article pour aller \u00e0 l'essentiel<\/h4>\n\n<\/div>\n<div class=\"idea1\">\n<p>En fran\u00e7ais, il n'existe que 4 fruits qui commencent en j : le Jaboticaba, le Jamalac, la Jacque, la Jujube.<\/p>\n<p>Par contre, il n'existe aucun l\u00e9gume commen\u00e7ant par la lettre J. D\u00e9sol\u00e9.<\/p>\n<p><\/p>\n<div class=\"idea2\">\n<p>Pour aller plus loin<\/p>\n<p> Dans cet article, nous vous proposons d'aller plus loin, et de tester vos connaissances sur les fruits.<\/p>\n<\/div>\n<\/div>\n<\/div>\n<p><\/br><\/p>\n<p><script async src=\"https:\/\/pagead2.googlesyndication.com\/pagead\/js\/adsbygoogle.js\"><\/script><br \/>\n<ins class=\"adsbygoogle\"\n     style=\"display:block; text-align:center;\"\n     data-ad-layout=\"in-article\"\n     data-ad-format=\"fluid\"\n     data-ad-client=\"ca-pub-9532010157897245\"\n     data-ad-slot=\"1555816871\"><\/ins><br \/>\n<script>\n     (adsbygoogle = window.adsbygoogle || []).push({});\n<\/script><\/p>\n<p><\/br><\/p>\n<p><H2>I] Les fruits qui commencent par la lettre j<\/H2><\/p>\n<p><\/br><\/p>\n<p>Il existe exactement 4 fruits, en En Fran\u00e7ais, commen\u00e7ant par la lettre j :<\/p>\n<p>&#8211; <a href=\"https:\/\/www.alexetalex.com\/ca\/dossiers-fruites\/fruit-et-nutrition\/jaboticaba\/\" rel=\"noopener noreferrer\" target=\"_blank\">Jaboticaba<\/a><br \/>\n<br \/>&#8211; Jacque<br \/>\n<br \/>&#8211; <a href=\"https:\/\/www.alexetalex.com\/dossiers-fruites\/route-des-fruits\/jamalac-fruit-le-guide-complet\/\" rel=\"noopener noreferrer\" target=\"_blank\">Jamalac<\/a><br \/>\n<br \/>&#8211; <a href=\"https:\/\/www.alexetalex.com\/ca\/dossiers-fruites\/fruit-et-nutrition\/jujube\/\" rel=\"noopener noreferrer\" target=\"_blank\">Jujube<\/a><\/p>\n<p>Ci-dessous, voici \u00e0 quoi ressemble le <a href=\"https:\/\/www.alexetalex.com\/ca\/dossiers-fruites\/fruit-et-nutrition\/jaboticaba\/\" rel=\"noopener noreferrer\" target=\"_blank\">Jaboticaba<\/a>, un fruit originaire du Br\u00e9sil, de la taille d&rsquo;un raisin, mais qui pousse directement sur le tronc et les branches de l&rsquo;arbre qui le porte :<\/p>\n<p><img loading=\"lazy\" src=\"https:\/\/alexetalex.com\/ca\/wp-content\/uploads\/2019\/08\/Jaboticaba-99453965_s.jpg\" title=\"Jaboticabas\" alt=\"Une poign\u00e9e de jaboticabas\" width=\"847\" height=\"565\" class=\"alignnone size-full wp-image-11115\" srcset=\"https:\/\/www.alexetalex.com\/ca\/wp-content\/uploads\/2019\/08\/Jaboticaba-99453965_s.jpg 847w, https:\/\/www.alexetalex.com\/ca\/wp-content\/uploads\/2019\/08\/Jaboticaba-99453965_s-600x400.jpg 600w, https:\/\/www.alexetalex.com\/ca\/wp-content\/uploads\/2019\/08\/Jaboticaba-99453965_s-250x167.jpg 250w, https:\/\/www.alexetalex.com\/ca\/wp-content\/uploads\/2019\/08\/Jaboticaba-99453965_s-768x512.jpg 768w, https:\/\/www.alexetalex.com\/ca\/wp-content\/uploads\/2019\/08\/Jaboticaba-99453965_s-700x467.jpg 700w, https:\/\/www.alexetalex.com\/ca\/wp-content\/uploads\/2019\/08\/Jaboticaba-99453965_s-120x80.jpg 120w, https:\/\/www.alexetalex.com\/ca\/wp-content\/uploads\/2019\/08\/Jaboticaba-99453965_s-320x213.jpg 320w, https:\/\/www.alexetalex.com\/ca\/wp-content\/uploads\/2019\/08\/Jaboticaba-99453965_s-272x182.jpg 272w\" sizes=\"(max-width: 847px) 100vw, 847px\" \/><\/p>\n<p>Voici, ci-dessous, ce \u00e0 quoi ressemble le Jacque (ou Jacquier), un fruit originaire d&rsquo;Inde et du Bangladesh, aujourd&rsquo;hui cultiv\u00e9 et introduit dans la plupart des r\u00e9gions tropicales :<\/p>\n<p><img loading=\"lazy\" src=\"https:\/\/alexetalex.com\/ca\/wp-content\/uploads\/2019\/11\/82523463_s.jpg\" title=\"Jacque \u00e0 point\" alt=\"fruit e j, jacque pr\u00eate \u00e0 \u00eatre d\u00e9gust\u00e9e\" width=\"848\" height=\"565\" class=\"alignnone size-full wp-image-12013\" srcset=\"https:\/\/www.alexetalex.com\/ca\/wp-content\/uploads\/2019\/11\/82523463_s.jpg 848w, https:\/\/www.alexetalex.com\/ca\/wp-content\/uploads\/2019\/11\/82523463_s-600x400.jpg 600w, https:\/\/www.alexetalex.com\/ca\/wp-content\/uploads\/2019\/11\/82523463_s-250x167.jpg 250w, https:\/\/www.alexetalex.com\/ca\/wp-content\/uploads\/2019\/11\/82523463_s-768x512.jpg 768w, https:\/\/www.alexetalex.com\/ca\/wp-content\/uploads\/2019\/11\/82523463_s-700x466.jpg 700w, https:\/\/www.alexetalex.com\/ca\/wp-content\/uploads\/2019\/11\/82523463_s-120x80.jpg 120w, https:\/\/www.alexetalex.com\/ca\/wp-content\/uploads\/2019\/11\/82523463_s-320x213.jpg 320w\" sizes=\"(max-width: 848px) 100vw, 848px\" \/><\/p>\n<p>On vous pr\u00e9sente maintenant le Jamalac (ci-dessous), un fruit de couleur rouge lorsqu&rsquo;il est m\u00fbr et \u00e0 la chair blanche :<\/p>\n<p><img loading=\"lazy\" src=\"https:\/\/alexetalex.com\/ca\/wp-content\/uploads\/2020\/05\/Jamalac-38195095_s.jpg\" title=\"Jamalac en coupe\" alt=\"fruit en j jamalac en coupe, ressemble \u00e0 un piment\" width=\"849\" height=\"564\" class=\"alignnone size-full wp-image-16739\" srcset=\"https:\/\/www.alexetalex.com\/ca\/wp-content\/uploads\/2020\/05\/Jamalac-38195095_s.jpg 849w, https:\/\/www.alexetalex.com\/ca\/wp-content\/uploads\/2020\/05\/Jamalac-38195095_s-670x445.jpg 670w, https:\/\/www.alexetalex.com\/ca\/wp-content\/uploads\/2020\/05\/Jamalac-38195095_s-753x500.jpg 753w, https:\/\/www.alexetalex.com\/ca\/wp-content\/uploads\/2020\/05\/Jamalac-38195095_s-768x510.jpg 768w, https:\/\/www.alexetalex.com\/ca\/wp-content\/uploads\/2020\/05\/Jamalac-38195095_s-480x319.jpg 480w, https:\/\/www.alexetalex.com\/ca\/wp-content\/uploads\/2020\/05\/Jamalac-38195095_s-600x399.jpg 600w\" sizes=\"(max-width: 849px) 100vw, 849px\" \/><\/p>\n<p>Ci-dessous, voici \u00e0 quoi ressemble des <a href=\"https:\/\/www.alexetalex.com\/ca\/dossiers-fruites\/fruit-et-nutrition\/jujube\/\" rel=\"noopener noreferrer\" target=\"_blank\">Jujubes<\/a> s\u00e9ch\u00e9s (aussi appel\u00e9s \u00ab\u00a0dattes chinoises\u00a0\u00bb, en raison de leurs similarit\u00e9s visuelles) :<br \/>\n0<\/p>\n<p><img loading=\"lazy\" src=\"https:\/\/alexetalex.com\/ca\/wp-content\/uploads\/2020\/05\/Jujube-92314313_s.jpg\" title=\"Fruits de Jujube\" alt=\" fruit en j, Jujube fruit de la taille d'une date\" width=\"848\" height=\"565\" class=\"alignnone size-full wp-image-16740\" srcset=\"https:\/\/www.alexetalex.com\/ca\/wp-content\/uploads\/2020\/05\/Jujube-92314313_s.jpg 848w, https:\/\/www.alexetalex.com\/ca\/wp-content\/uploads\/2020\/05\/Jujube-92314313_s-670x446.jpg 670w, https:\/\/www.alexetalex.com\/ca\/wp-content\/uploads\/2020\/05\/Jujube-92314313_s-750x500.jpg 750w, https:\/\/www.alexetalex.com\/ca\/wp-content\/uploads\/2020\/05\/Jujube-92314313_s-768x512.jpg 768w, https:\/\/www.alexetalex.com\/ca\/wp-content\/uploads\/2020\/05\/Jujube-92314313_s-480x320.jpg 480w, https:\/\/www.alexetalex.com\/ca\/wp-content\/uploads\/2020\/05\/Jujube-92314313_s-600x400.jpg 600w\" sizes=\"(max-width: 848px) 100vw, 848px\" \/><\/p>\n<p><\/br><\/p>\n<p><H2>II] Les l\u00e9gumes commen\u00e7ants par la lettre j<\/H2><\/p>\n<p><\/br><\/p>\n<p><i>En fran\u00e7ais, il n&rsquo;existe pas de l\u00e9gume qui commence par la lettre j.<\/i><\/p>\n<p><\/br><\/p>\n<p><script async src=\"https:\/\/pagead2.googlesyndication.com\/pagead\/js\/adsbygoogle.js\"><\/script><br \/>\n<ins class=\"adsbygoogle\"\n     style=\"display:block; text-align:center;\"\n     data-ad-layout=\"in-article\"\n     data-ad-format=\"fluid\"\n     data-ad-client=\"ca-pub-9532010157897245\"\n     data-ad-slot=\"1555816871\"><\/ins><br \/>\n<script>\n     (adsbygoogle = window.adsbygoogle || []).push({});\n<\/script><\/p>\n<p><\/br><\/p>\n<p><H2>III] Testez vos connaissances sur les fruits<\/H2><\/p>\n<p><\/br><\/p>\n <div class=\"hsg-featured-numb\">\n    <div>\n <p>1<\/p>\n <p><H3>L'ab\u00e9c\u00e9daire des fruits<\/H3><\/p>\n\n<\/div>\n  \n<\/div>\n<p><\/br><\/p>\n<p>Retrouvez notre infographie sur les fruits en lettres (en Fran\u00e7ais) pour tester vos connaissances sur les fruits (attention : certaines lettre ne sont pas \u00e9videntes du tout ! Alors \u00e0 vous de jouer !).<\/p>\n<p><strong>&#8212;-   Cliquez sur l&rsquo;image ci-dessous pour zoomer !   &#8212;-<\/strong><\/p>\n<p><a href=\"https:\/\/www.alexetalex.com\/wp-content\/uploads\/2019\/03\/Infographie-fruitsv2-BD.jpg\"><img loading=\"lazy\" width=\"800\" height=\"1596\" src=\"https:\/\/www.alexetalex.com\/wp-content\/uploads\/2019\/02\/Infographie-fruits-1.jpg\" title=\"Ab\u00e9c\u00e9daire des fruits\" alt=\"Infographie fruits\" class=\"alignnone size-full wp-image-10321\" srcset=\"https:\/\/www.alexetalex.com\/ca\/wp-content\/uploads\/2019\/02\/Infographie-fruits-1.jpg 800w, https:\/\/www.alexetalex.com\/ca\/wp-content\/uploads\/2019\/02\/Infographie-fruits-1-600x1197.jpg 600w, https:\/\/www.alexetalex.com\/ca\/wp-content\/uploads\/2019\/02\/Infographie-fruits-1-250x499.jpg 250w, https:\/\/www.alexetalex.com\/ca\/wp-content\/uploads\/2019\/02\/Infographie-fruits-1-768x1532.jpg 768w, https:\/\/www.alexetalex.com\/ca\/wp-content\/uploads\/2019\/02\/Infographie-fruits-1-700x1397.jpg 700w, https:\/\/www.alexetalex.com\/ca\/wp-content\/uploads\/2019\/02\/Infographie-fruits-1-120x239.jpg 120w, https:\/\/www.alexetalex.com\/ca\/wp-content\/uploads\/2019\/02\/Infographie-fruits-1-320x638.jpg 320w\" sizes=\"(max-width: 800px) 100vw, 800px\" \/><\/a><\/p>\n<p><\/br><\/p>\n <div class=\"hsg-featured-numb\">\n    <div>\n <p>2<\/p>\n <p><H3>Les fruits commen\u00e7ants par la lettre...<\/H3><\/p>\n\n<\/div>\n  \n<\/div>\n<p><\/br><\/p>\n<p>Pour aller dans le prolongement de cet article, sauriez-vous citer un fruit commen\u00e7ant par ou un l\u00e9gume commen\u00e7ant par :<\/p>\n<p>&#8211; la <a href=\"https:\/\/www.alexetalex.com\/ca\/dossiers-fruites\/le-saviez-vous\/fruits-legumes-en-c\/\">lettre C<\/a><br \/>\n<br \/>&#8211; la <a href=\"https:\/\/www.alexetalex.com\/ca\/dossiers-fruites\/le-saviez-vous\/fruits-legumes-en-v\/\">lettre V<\/a><\/p>\n<p><\/br><\/p>\n <div class=\"hsg-featured-numb\">\n    <div>\n <p>3<\/p>\n <p><H3>Botaniquement parlant, est-ce un fruit ou un l\u00e9gume ?<\/H3><\/p>\n\n<\/div>\n  \n<\/div>\n<p><\/br><\/p>\n<p>&#8211; <a href=\"https:\/\/www.alexetalex.com\/ca\/dossiers-fruites\/le-saviez-vous\/olive-fruit-ou-legume\/\">L&rsquo;olive : est-ce un fruit ou un l\u00e9gume<\/a> ?<\/p>\n<p><\/p>\n<p>&#8211; <a href=\"https:\/\/www.alexetalex.com\/ca\/dossiers-fruites\/le-saviez-vous\/melon-fruit-legume\/\">Le melon : est-ce un fruit ou un l\u00e9gume<\/a> ?<\/p>\n<p><\/p>\n<p>&#8211; <a href=\"https:\/\/www.alexetalex.com\/ca\/dossiers-fruites\/le-saviez-vous\/papaye-fruit-ou-legume\/\">La papaye : est-ce un fruit ou un l\u00e9gume<\/a> ?<\/p>\n<p>En cliquant sur ces liens, vous aurez acc\u00e8s \u00e0 une r\u00e9ponse claire et sans ambigu\u00eft\u00e9 qui s&rsquo;appuie sur la classification g\u00e9n\u00e9rale en botanique, pour que vous n&rsquo;ayez plus de doute en la mati\u00e8re.<\/p>\n","protected":false},"excerpt":{"rendered":"<p>Les fruits en j et l\u00e9gumes en j I] Les fruits qui commencent par la lettre j Il existe exactement 4 fruits, en En Fran\u00e7ais, commen\u00e7ant par la lettre j : &#8211; Jaboticaba &#8211; Jacque &#8211; Jamalac &#8211; Jujube Ci-dessous, voici \u00e0 quoi ressemble le Jaboticaba, un fruit originaire du Br\u00e9sil, de la taille d&rsquo;un [&hellip;]<\/p>\n","protected":false},"author":4,"featured_media":16729,"parent":8732,"menu_order":0,"comment_status":"closed","ping_status":"closed","template":"","meta":{"_et_pb_use_builder":"","_et_pb_old_content":"","_et_gb_content_width":""},"acf":[],"yoast_head":"<!-- This site is optimized with the Yoast SEO plugin v17.6 - https:\/\/yoast.com\/wordpress\/plugins\/seo\/ -->\n<title>Fruits en j et l\u00e9gumes en j : la liste compl\u00e8te en Fran\u00e7ais - Alex &amp; Alex<\/title>\n<meta name=\"description\" content=\"En Fran\u00e7ais, il n&#039;existe que quatre fruits qui commencent en j. Mais qu&#039;en est-il des l\u00e9gumes ? On vous donne la r\u00e9ponse dans cet article\" \/>\n<meta name=\"robots\" content=\"index, follow, max-snippet:-1, max-image-preview:large, max-video-preview:-1\" \/>\n<link rel=\"canonical\" href=\"https:\/\/www.alexetalex.com\/ca\/dossiers-fruites\/route-des-fruits\/fruits-legumes-en-j\/\" \/>\n<meta property=\"og:locale\" content=\"fr_FR\" \/>\n<meta property=\"og:type\" content=\"article\" \/>\n<meta property=\"og:title\" content=\"Fruits en j et l\u00e9gumes en j : la liste compl\u00e8te en Fran\u00e7ais - Alex &amp; Alex\" \/>\n<meta property=\"og:description\" content=\"En Fran\u00e7ais, il n&#039;existe que quatre fruits qui commencent en j. Mais qu&#039;en est-il des l\u00e9gumes ? On vous donne la r\u00e9ponse dans cet article\" \/>\n<meta property=\"og:url\" content=\"https:\/\/www.alexetalex.com\/ca\/dossiers-fruites\/route-des-fruits\/fruits-legumes-en-j\/\" \/>\n<meta property=\"article:modified_time\" content=\"2020-11-08T04:02:24+00:00\" \/>\n<meta property=\"og:image\" content=\"https:\/\/www.alexetalex.com\/ca\/wp-content\/uploads\/2020\/05\/fruits-en-i.jpg\" \/>\n\t<meta property=\"og:image:width\" content=\"1300\" \/>\n\t<meta property=\"og:image:height\" content=\"890\" \/>\n<meta name=\"twitter:label1\" content=\"Dur\u00e9e de lecture estim\u00e9e\" \/>\n\t<meta name=\"twitter:data1\" content=\"2 minutes\" \/>\n<script type=\"application\/ld+json\" class=\"yoast-schema-graph\">{\"@context\":\"https:\/\/schema.org\",\"@graph\":[{\"@type\":\"Organization\",\"@id\":\"https:\/\/www.alexetalex.com\/ca\/#organization\",\"name\":\"Alex & Alex\",\"url\":\"https:\/\/www.alexetalex.com\/ca\/\",\"sameAs\":[],\"logo\":{\"@type\":\"ImageObject\",\"@id\":\"https:\/\/www.alexetalex.com\/ca\/#logo\",\"inLanguage\":\"fr-FR\",\"url\":\"https:\/\/www.alexetalex.com\/ca\/wp-content\/uploads\/2020\/04\/alexalex-1.png\",\"contentUrl\":\"https:\/\/www.alexetalex.com\/ca\/wp-content\/uploads\/2020\/04\/alexalex-1.png\",\"width\":51,\"height\":50,\"caption\":\"Alex & Alex\"},\"image\":{\"@id\":\"https:\/\/www.alexetalex.com\/ca\/#logo\"}},{\"@type\":\"WebSite\",\"@id\":\"https:\/\/www.alexetalex.com\/ca\/#website\",\"url\":\"https:\/\/www.alexetalex.com\/ca\/\",\"name\":\"\",\"description\":\"\",\"publisher\":{\"@id\":\"https:\/\/www.alexetalex.com\/ca\/#organization\"},\"potentialAction\":[{\"@type\":\"SearchAction\",\"target\":{\"@type\":\"EntryPoint\",\"urlTemplate\":\"https:\/\/www.alexetalex.com\/ca\/?s={search_term_string}\"},\"query-input\":\"required name=search_term_string\"}],\"inLanguage\":\"fr-FR\"},{\"@type\":\"ImageObject\",\"@id\":\"https:\/\/www.alexetalex.com\/ca\/dossiers-fruites\/route-des-fruits\/fruits-legumes-en-j\/#primaryimage\",\"inLanguage\":\"fr-FR\",\"url\":\"https:\/\/www.alexetalex.com\/ca\/wp-content\/uploads\/2020\/05\/fruits-en-i.jpg\",\"contentUrl\":\"https:\/\/www.alexetalex.com\/ca\/wp-content\/uploads\/2020\/05\/fruits-en-i.jpg\",\"width\":1300,\"height\":890},{\"@type\":\"WebPage\",\"@id\":\"https:\/\/www.alexetalex.com\/ca\/dossiers-fruites\/route-des-fruits\/fruits-legumes-en-j\/#webpage\",\"url\":\"https:\/\/www.alexetalex.com\/ca\/dossiers-fruites\/route-des-fruits\/fruits-legumes-en-j\/\",\"name\":\"Fruits en j et l\\u00e9gumes en j : la liste compl\\u00e8te en Fran\\u00e7ais - Alex & Alex\",\"isPartOf\":{\"@id\":\"https:\/\/www.alexetalex.com\/ca\/#website\"},\"primaryImageOfPage\":{\"@id\":\"https:\/\/www.alexetalex.com\/ca\/dossiers-fruites\/route-des-fruits\/fruits-legumes-en-j\/#primaryimage\"},\"datePublished\":\"2020-05-04T21:56:49+00:00\",\"dateModified\":\"2020-11-08T04:02:24+00:00\",\"description\":\"En Fran\\u00e7ais, il n'existe que quatre fruits qui commencent en j. Mais qu'en est-il des l\\u00e9gumes ? On vous donne la r\\u00e9ponse dans cet article\",\"breadcrumb\":{\"@id\":\"https:\/\/www.alexetalex.com\/ca\/dossiers-fruites\/route-des-fruits\/fruits-legumes-en-j\/#breadcrumb\"},\"inLanguage\":\"fr-FR\",\"potentialAction\":[{\"@type\":\"ReadAction\",\"target\":[\"https:\/\/www.alexetalex.com\/ca\/dossiers-fruites\/route-des-fruits\/fruits-legumes-en-j\/\"]}]},{\"@type\":\"BreadcrumbList\",\"@id\":\"https:\/\/www.alexetalex.com\/ca\/dossiers-fruites\/route-des-fruits\/fruits-legumes-en-j\/#breadcrumb\",\"itemListElement\":[{\"@type\":\"ListItem\",\"position\":1,\"name\":\"Magazine\",\"item\":\"https:\/\/www.alexetalex.com\/ca\/dossiers-fruites\/\"},{\"@type\":\"ListItem\",\"position\":2,\"name\":\"Fruits\",\"item\":\"https:\/\/www.alexetalex.com\/ca\/dossiers-fruites\/route-des-fruits\/\"},{\"@type\":\"ListItem\",\"position\":3,\"name\":\"Fruits en j et l\\u00e9gumes en j\"}]}]}<\/script>\n<!-- \/ Yoast SEO plugin. -->","yoast_head_json":{"title":"Fruits en j et l\u00e9gumes en j : la liste compl\u00e8te en Fran\u00e7ais - Alex & Alex","description":"En Fran\u00e7ais, il n'existe que quatre fruits qui commencent en j. Mais qu'en est-il des l\u00e9gumes ? On vous donne la r\u00e9ponse dans cet article","robots":{"index":"index","follow":"follow","max-snippet":"max-snippet:-1","max-image-preview":"max-image-preview:large","max-video-preview":"max-video-preview:-1"},"canonical":"https:\/\/www.alexetalex.com\/ca\/dossiers-fruites\/route-des-fruits\/fruits-legumes-en-j\/","og_locale":"fr_FR","og_type":"article","og_title":"Fruits en j et l\u00e9gumes en j : la liste compl\u00e8te en Fran\u00e7ais - Alex & Alex","og_description":"En Fran\u00e7ais, il n'existe que quatre fruits qui commencent en j. Mais qu'en est-il des l\u00e9gumes ? On vous donne la r\u00e9ponse dans cet article","og_url":"https:\/\/www.alexetalex.com\/ca\/dossiers-fruites\/route-des-fruits\/fruits-legumes-en-j\/","article_modified_time":"2020-11-08T04:02:24+00:00","og_image":[{"width":1300,"height":890,"url":"https:\/\/www.alexetalex.com\/ca\/wp-content\/uploads\/2020\/05\/fruits-en-i.jpg","type":"image\/jpeg"}],"twitter_misc":{"Dur\u00e9e de lecture estim\u00e9e":"2 minutes"},"schema":{"@context":"https:\/\/schema.org","@graph":[{"@type":"Organization","@id":"https:\/\/www.alexetalex.com\/ca\/#organization","name":"Alex & Alex","url":"https:\/\/www.alexetalex.com\/ca\/","sameAs":[],"logo":{"@type":"ImageObject","@id":"https:\/\/www.alexetalex.com\/ca\/#logo","inLanguage":"fr-FR","url":"https:\/\/www.alexetalex.com\/ca\/wp-content\/uploads\/2020\/04\/alexalex-1.png","contentUrl":"https:\/\/www.alexetalex.com\/ca\/wp-content\/uploads\/2020\/04\/alexalex-1.png","width":51,"height":50,"caption":"Alex & Alex"},"image":{"@id":"https:\/\/www.alexetalex.com\/ca\/#logo"}},{"@type":"WebSite","@id":"https:\/\/www.alexetalex.com\/ca\/#website","url":"https:\/\/www.alexetalex.com\/ca\/","name":"","description":"","publisher":{"@id":"https:\/\/www.alexetalex.com\/ca\/#organization"},"potentialAction":[{"@type":"SearchAction","target":{"@type":"EntryPoint","urlTemplate":"https:\/\/www.alexetalex.com\/ca\/?s={search_term_string}"},"query-input":"required name=search_term_string"}],"inLanguage":"fr-FR"},{"@type":"ImageObject","@id":"https:\/\/www.alexetalex.com\/ca\/dossiers-fruites\/route-des-fruits\/fruits-legumes-en-j\/#primaryimage","inLanguage":"fr-FR","url":"https:\/\/www.alexetalex.com\/ca\/wp-content\/uploads\/2020\/05\/fruits-en-i.jpg","contentUrl":"https:\/\/www.alexetalex.com\/ca\/wp-content\/uploads\/2020\/05\/fruits-en-i.jpg","width":1300,"height":890},{"@type":"WebPage","@id":"https:\/\/www.alexetalex.com\/ca\/dossiers-fruites\/route-des-fruits\/fruits-legumes-en-j\/#webpage","url":"https:\/\/www.alexetalex.com\/ca\/dossiers-fruites\/route-des-fruits\/fruits-legumes-en-j\/","name":"Fruits en j et l\u00e9gumes en j : la liste compl\u00e8te en Fran\u00e7ais - Alex & Alex","isPartOf":{"@id":"https:\/\/www.alexetalex.com\/ca\/#website"},"primaryImageOfPage":{"@id":"https:\/\/www.alexetalex.com\/ca\/dossiers-fruites\/route-des-fruits\/fruits-legumes-en-j\/#primaryimage"},"datePublished":"2020-05-04T21:56:49+00:00","dateModified":"2020-11-08T04:02:24+00:00","description":"En Fran\u00e7ais, il n'existe que quatre fruits qui commencent en j. Mais qu'en est-il des l\u00e9gumes ? On vous donne la r\u00e9ponse dans cet article","breadcrumb":{"@id":"https:\/\/www.alexetalex.com\/ca\/dossiers-fruites\/route-des-fruits\/fruits-legumes-en-j\/#breadcrumb"},"inLanguage":"fr-FR","potentialAction":[{"@type":"ReadAction","target":["https:\/\/www.alexetalex.com\/ca\/dossiers-fruites\/route-des-fruits\/fruits-legumes-en-j\/"]}]},{"@type":"BreadcrumbList","@id":"https:\/\/www.alexetalex.com\/ca\/dossiers-fruites\/route-des-fruits\/fruits-legumes-en-j\/#breadcrumb","itemListElement":[{"@type":"ListItem","position":1,"name":"Magazine","item":"https:\/\/www.alexetalex.com\/ca\/dossiers-fruites\/"},{"@type":"ListItem","position":2,"name":"Fruits","item":"https:\/\/www.alexetalex.com\/ca\/dossiers-fruites\/route-des-fruits\/"},{"@type":"ListItem","position":3,"name":"Fruits en j et l\u00e9gumes en j"}]}]}},"_links":{"self":[{"href":"https:\/\/www.alexetalex.com\/ca\/wp-json\/wp\/v2\/pages\/16732"}],"collection":[{"href":"https:\/\/www.alexetalex.com\/ca\/wp-json\/wp\/v2\/pages"}],"about":[{"href":"https:\/\/www.alexetalex.com\/ca\/wp-json\/wp\/v2\/types\/page"}],"author":[{"embeddable":true,"href":"https:\/\/www.alexetalex.com\/ca\/wp-json\/wp\/v2\/users\/4"}],"replies":[{"embeddable":true,"href":"https:\/\/www.alexetalex.com\/ca\/wp-json\/wp\/v2\/comments?post=16732"}],"version-history":[{"count":11,"href":"https:\/\/www.alexetalex.com\/ca\/wp-json\/wp\/v2\/pages\/16732\/revisions"}],"predecessor-version":[{"id":17458,"href":"https:\/\/www.alexetalex.com\/ca\/wp-json\/wp\/v2\/pages\/16732\/revisions\/17458"}],"up":[{"embeddable":true,"href":"https:\/\/www.alexetalex.com\/ca\/wp-json\/wp\/v2\/pages\/8732"}],"wp:featuredmedia":[{"embeddable":true,"href":"https:\/\/www.alexetalex.com\/ca\/wp-json\/wp\/v2\/media\/16729"}],"wp:attachment":[{"href":"https:\/\/www.alexetalex.com\/ca\/wp-json\/wp\/v2\/media?parent=16732"}],"curies":[{"name":"wp","href":"https:\/\/api.w.org\/{rel}","templated":true}]}}