{"id":16751,"date":"2020-05-04T23:41:36","date_gmt":"2020-05-04T22:41:36","guid":{"rendered":"https:\/\/www.alexetalex.com\/ca\/?page_id=16751"},"modified":"2020-05-04T23:41:36","modified_gmt":"2020-05-04T22:41:36","slug":"melon-fruit-legume","status":"publish","type":"page","link":"https:\/\/www.alexetalex.com\/ca\/dossiers-fruites\/route-des-fruits\/melon-fruit-legume\/","title":{"rendered":"Melon : fruit ou l\u00e9gume ?"},"content":{"rendered":"<h1>Le melon est-il un fruit ou un l\u00e9gume ?<\/h1>\n<p>Nombreux sont encore ceux qui se demandent si le melon est un fruit ou un l\u00e9gume. Si c&rsquo;est aussi votre cas, rassurez-vous, il est vrai que ce n\u2019est pas forc\u00e9ment \u00e9vident de savoir si un aliment appartient \u00e0 la cat\u00e9gorie des fruits ou \u00e0 celle des l\u00e9gumes. Pour le melon en tout cas, vous allez bient\u00f4t \u00eatre fix\u00e9s. Suivez le guide !<\/p>\n<h2>I] Le melon : fruit ou l\u00e9gume ?<\/h2>\n<h3>Pourquoi le melon est-il un fruit<\/h3>\n<p>Se dessinant sous une fausse baie de forme arrondie, le melon est un aliment assez volumineux. Il pr\u00e9sente une enveloppe g\u00e9n\u00e9ralement lisse mais bossel\u00e9e, parfois poilue, sa peau est c\u00f4tel\u00e9e et divis\u00e9s en plusieurs secteurs biens distincts. Sa couleur ext\u00e9rieure peut varier : blanc, jaune, orang\u00e9 ou verd\u00e2tre. Lorsqu\u2019il est m\u00fbr, le melon nous fait profiter de sa chaire bien juteuse et de son parfum suave.<\/p>\n<p>\u00c0 l\u2019int\u00e9rieur, on trouve une partie creuse que l\u2019on appelle \u00ab la cavit\u00e9 centrale \u00bb. Celle-ci accueille de nombreuses petites graines ellipso\u00efdes  comprim\u00e9es. Le melon porte de jolies fleurs jaunes qui ne s\u2019ouvrent que pendant une journ\u00e9e.<\/p>\n<p>Du fait qu\u2019il appartienne \u00e0 la cat\u00e9gorie des plantes potag\u00e8res et qu\u2019on le consomme g\u00e9n\u00e9ralement en entr\u00e9e, le melon est souvent consid\u00e9r\u00e9 \u00e0 tort comme un l\u00e9gume. Mais si l\u2019on se penche un peu plus sur le c\u00f4t\u00e9 botanique du sujet, on va rapidement se rendre compte que ce n\u2019est pas vraiment le cas.<\/p>\n<p>>>>>>>>>>>>>>>>>>>> Cliquez pour zoomer <<<<<<<<<<<<<<<<<<<\n\n\n\n\n\n<a href=\"https:\/\/www.alexetalex.com\/ca\/wp-content\/uploads\/2019\/02\/Image3.png\"><img src=\"https:\/\/www.alexetalex.com\/ca\/wp-content\/uploads\/2019\/02\/Image3-700x404.png\" alt=\"Image3\" class=\"alignnone size-large wp-image-10033\" \/><\/a><\/p>\n<p><strong>Le melon est issu d\u2019une plante qui poss\u00e8de \u00e0 la fois des fleurs m\u00e2les et des fleurs femelles. La f\u00e9condation de la fleur d\u00e9clenche le processus de d\u00e9veloppement de l\u2019ovaire, qui donne ensuite naissance au melon.<\/p>\n<p>Cette analyse permet de conclure que le melon remplit toutes les conditions botaniques n\u00e9cessaires pour faire partie de la cat\u00e9gorie des fruits. Botaniquement, le melon est donc un fruit.<\/strong><\/p>\n<p>Toutefois, encore peu de gens adh\u00e8rent \u00e0 cette v\u00e9rit\u00e9. C\u2019est pourquoi, dans un premier temps, il est important de voir ensemble, la d\u00e9finition m\u00eame d\u2019un l\u00e9gume.<\/p>\n<h3>Le l\u00e9gume : d\u00e9finition commune <\/h3>\n<p>Le qui fait qu\u2019une plante comestible soit d\u00e9finie comme un fruit ou un l\u00e9gume d\u00e9pend en grande partie de ce que nous allons en faire en cuisine. Dans un cadre plus g\u00e9n\u00e9rique, une plante est commun\u00e9ment qualifi\u00e9e de l\u00e9gume, lorsqu\u2019elle appartient au groupe des plantes potag\u00e8res, peu sucr\u00e9, et qui int\u00e8gre la liste des ingr\u00e9dients pour la pr\u00e9paration des entr\u00e9es et des mets. Les l\u00e9gumes apparaissent sous deux grandes cat\u00e9gories : les l\u00e9gumes frais et les l\u00e9gumes secs.<\/p>\n<p>Un l\u00e9gume frais peut se pr\u00e9senter sous diff\u00e9rentes formes :<br \/>\n<br \/>&#8211;\tDes tubercules comme la pomme de terre, le manioc ou la patate<br \/>\n<br \/>&#8211;\tDes bulbes tels que l\u2019oignon, la ch\u00e2taigne d\u2019eau et la ciboulette<br \/>\n<br \/>&#8211;\tDes graines comme les petits pois, le haricot ou les lentilles<br \/>\n<br \/>&#8211;\tDes racines \u00e0 l\u2019exemple du c\u00e9leri rave, le navet et le gingembre<br \/>\n<br \/>&#8211;\tDes tiges comme le fenouil et la rhubarbe<br \/>\n<br \/>&#8211;\tDes feuilles, \u00e0 savoir : l\u2019asperge, la laitue, l\u2019endive<br \/>\n<br \/>&#8211;\tDes germes, ce qui est le cas pour les germes de brocoli et de soja<br \/>\n<br \/>&#8211;\tDes fleurs telles que l\u2019artichaut et le chou-fleur<br \/>\n<br \/>&#8211;\tLes algues et les champignons comestibles appartiennent \u00e9galement \u00e0 la longue liste des l\u00e9gumes.<br \/>\n<br \/>&#8211;\tEt parfois, certains fruits peuvent \u00eatre consid\u00e9r\u00e9s comme des l\u00e9gumes \u00e0 part enti\u00e8re \u00e0 cause de leur utilisation culinaire. Ce qui est le cas pour la tomate et le concombre par exemple.<\/p>\n<p>La consommation des l\u00e9gumes secs doit attendre l\u2019arriv\u00e9e \u00e0 maturit\u00e9 des graines. \u00c0 ce stade, ils ne contiennent plus que 12 d\u2019eau. Cette faible teneur en liquide leur permet une meilleure conservation. Les l\u00e9gumes  secs appartiennent \u00e0 la grande famille des l\u00e9gumineuses, parmi lesquels on trouve : la lentille, le soja, le pois cass\u00e9 et la f\u00e8ve.<\/p>\n<p>Le fruit, quant \u00e0 lui, fait r\u00e9f\u00e9rence \u00e0 un aliment charnu et dont le go\u00fbt est agr\u00e9able en bouche. Le fruit est g\u00e9n\u00e9ralement consomm\u00e9 cru, et sont, sur le plan culinaire, plus destin\u00e9s aux desserts et les plats sucr\u00e9s.<\/p>\n<p>En outre, certains aliments peuvent porter \u00e0 confusion, car m\u00eame en \u00e9tant de v\u00e9ritables fruits, ils s\u2019accordent tout aussi bien aux entr\u00e9es qu\u2019aux desserts. D\u2019autres peuvent m\u00eame servir d\u2019accompagnement pour de la viande, comme le canard \u00e0 l\u2019orange qui est d\u2019ailleurs un plat tr\u00e8s connu et appr\u00e9ci\u00e9. Et vice-versa, certains l\u00e9gumes produisent des desserts fabuleux, ce qui est le cas de la patate douce et du melon.<\/p>\n<p>Mais dans un cas comme dans un autre, que le melon sont consid\u00e9r\u00e9 en fruit ou en l\u00e9gume, les valeurs nutritives qu\u2019il apporte demeurent tr\u00e8s importantes pour notre corps.  Le chapitre suivant nous en dira davantage.<\/p>\n<h2>II] Le melon : bienfaits et apports nutritionnels <\/h2>\n<h3>Bienfaits sant\u00e9 du melon <\/h3>\n<p>Gr\u00e2ce \u00e0 sa forte teneur en vitamine A, le melon constitue un aliment parfait pour maintenir la beaut\u00e9 de la peau et l\u2019\u00e9quilibre au niveau des muqueuses. Ce composant d\u00e9tient un r\u00f4le important dans le fonctionnement du syst\u00e8me immunitaire, car c\u2019est lui qui assure sa normalisation. En outre, il apporte une grande contribution au m\u00e9tabolisme du fer. Mais la vocation premi\u00e8re de la vitamine A, telle que nous la connaissons, c\u2019est de maintenir, voire am\u00e9liorer la vision.<br \/>\nLa vitamine C, qui fait partie des composants les plus importants du melon, contribue fortement \u00e0 la formation du collag\u00e8ne. Cet \u00e9l\u00e9ment est indispensable pour assurer le bon fonctionnement de certaines parties de notre corps, \u00e0 savoir : les os, les cartilages, les dents, les gencives, mais aussi la peau. Il aide \u00e9galement notre organisme \u00e0 mieux absorber le fer.<\/p>\n<p>Par ailleurs, la pr\u00e9sence massive de la vitamine C dans le melon renforce le travail de la vitamine A dans la normalisation du syst\u00e8me immunitaire et du syst\u00e8me nerveux. Cela permet aux cellules de notre corps de combattre la fatigue et le stress oxydatif, offrant un environnement psychologique nettement plus serein. Ce composant contribue \u00e9galement \u00e0 la normalisation du m\u00e9tabolisme \u00e9nerg\u00e9tique, ce qui est favorable \u00e0 une r\u00e9gulation du fonctionnement du syst\u00e8me immunitaire lors de rudes exercices physiques.<\/p>\n<p>En dehors de leur capacit\u00e9 \u00e0 maintenir le bon fonctionnement du syst\u00e8me nerveux, le potassium et le s\u00e9l\u00e9nium d\u00e9tiennent, quant \u00e0 eux, des places cruciales dans la r\u00e9gulation de notre m\u00e9tabolisme g\u00e9n\u00e9ral. En effet, si le potassium agit directement sur le d\u00e9veloppement des muscles et la pression sanguine, le s\u00e9l\u00e9nium aide les glandes thyro\u00efdiennes \u00e0 assurer leurs fonctions. Ce dernier \u00e9l\u00e9ment favorise \u00e9galement la formation des spermatozo\u00efdes, ce qui devrait inciter davantage de genre masculin \u00e0 consommer du melon.<\/p>\n<h3>Composition nutritionnelle du melon<\/h3>\n<p>Analyse des macronutriments pour 100g de fruit * :<br \/>\n<br \/>&#8211; Eau : 90.9 g<br \/>\n<br \/>&#8211; Prot\u00e9ines : 0.73 g (dont 1.46 % de la VNR)<br \/>\n<br \/>&#8211; Lipides : 0.2 g (dont 0.29 % de la VNR)<br \/>\n<br \/>&#8211; Acides gras satur\u00e9s : 0.047g (dont 0.24 % de la VNR)<br \/>\n<br \/>&#8211; Glucides : 6.57 g (dont 2.53 % de la VNR)<br \/>\n<br \/>&#8211; Sucre : 6.43 g (dont 7.14 % de la VNR)<br \/>\n<br \/>&#8211; Fibres : 0.93 g<br \/>\n<br \/>&#8211; Acides organiques : 0.08 g<\/p>\n<p>Analyse de la composition en vitamines pour 100g de fruit * :<br \/>\n<br \/>&#8211; Vitamine C : 28.8 mg (dont 36 % de la VNR)<br \/>\n<br \/>&#8211; Vitamine E : 0.05 mg (dont 0.42 % de la VNR)<br \/>\n<br \/>&#8211; Vitamine B1 : 0.038 mg (dont 3.45 % de la VNR)<br \/>\n<br \/>&#8211; Vitamine B2 : 0.022 mg (dont 1.57 % de la VNR)<br \/>\n<br \/>&#8211; Vitamine B3 : 0.7 mg (dont 4.38 % de la VNR)<br \/>\n<br \/>&#8211; Vitamine B5 : 0.14 mg (dont 2.33 % de la VNR)<br \/>\n<br \/>&#8211; Vitamine B6 : 0.068 mg (dont 4.86 % de la VNR)<br \/>\n<br \/>&#8211; Vitamine B9 : 2.3 \u00b5g (dont 11.65 % de la VNR)<br \/>\n<br \/>&#8211; Provitamine A B\u00eata-carot\u00e8ne : 2020 \u00b5g<br \/>\n<br \/>&#8211; Equivalent Vitamine A : 336.67 \u00b5g (dont 42.29 % de la VNR)<\/p>\n<p>Analyse de la composition en min\u00e9raux pour 100g de fruit * :<br \/>\n<br \/>&#8211; Calcium : 12.3 mg (dont 1.54 % de la VNR)<br \/>\n<br \/>&#8211; Cuivre : 0.043 mg (dont 4.3 % de la VNR)<br \/>\n<br \/>&#8211; Fer : 0.16 mg (dont 1.14 % de la VNR)<br \/>\n<br \/>&#8211; Iode : 0.32 \u00b5g (dont 0.21 % de la VNR)<br \/>\n<br \/>&#8211; Potassium : 335 mg (dont 16.75 % de la VNR)<br \/>\n<br \/>&#8211; Magn\u00e9sium : 18.9 mg (dont 5.04 % de la VNR)<br \/>\n<br \/>&#8211; Mangan\u00e8se : 0.033 mg (dont 1.65 % de la VNR)<br \/>\n<br \/>&#8211; Phosphore : 23.6 mg (dont 3.37 % de la VNR)<br \/>\n<br \/>&#8211; S\u00e9l\u00e9nium : 10 \u00b5g (dont 18.18 % de la VNR)<br \/>\n<br \/>&#8211; Zinc : 0.17 mg (dont 1.7 % de la VNR)<\/p>\n<p>Analyse de la composition en polyph\u00e9nois pour 100g de fruit* :<br \/>\n<br \/>&#8211;\tLignanes : 6.69 mg<br \/>\n<br \/>&#8211;\tPolyph\u00e9nois totaux : 6.69 mg<\/p>\n<p>(*) Sources : Aprifel<\/p>\n<h2>III] Quizz sur les fruits et l\u00e9gumes<\/h2>\n<h3>Les fruits commen\u00e7ants par les lettres suivantes : \u00ab\u00a0j\u00a0\u00bb, \u00ab\u00a0v\u00a0\u00bb et \u00ab\u00a0c\u00a0\u00bb<\/h3>\n<p>&#8211; <a href=\"https:\/\/www.alexetalex.com\/ca\/dossiers-fruites\/le-saviez-vous\/fruits-legumes-en-j\/\">Fruits en J<\/a> ? (pas \u00e9vident, il n&rsquo;en existe que 4 en fran\u00e7ais)<br \/>\n<br \/>&#8211; <a href=\"https:\/\/www.alexetalex.com\/ca\/dossiers-fruites\/le-saviez-vous\/fruits-legumes-en-v\/\">Fruits en V<\/a> ? (seuls 2 fruits en \u00ab\u00a0v\u00a0\u00bb existent)<br \/>\n<br \/>&#8211; <a href=\"https:\/\/www.alexetalex.com\/ca\/dossiers-fruites\/le-saviez-vous\/fruits-legumes-en-c\/\">Fruits en C<\/a> ? (plus facile celle-l\u00e0)<\/p>\n<h3>En botanique : fruit ou un l\u00e9gume ?<\/h3>\n<p>Vous avez appr\u00e9ci\u00e9 cet article ? \u00c9largissez vos connaissances en lisant de nombreux documents aussi int\u00e9ressants que celui-ci, avec les articles suivants :<\/p>\n<p>&#8211; <a href=\"https:\/\/www.alexetalex.com\/ca\/dossiers-fruites\/le-saviez-vous\/olive-fruit-ou-legume\/\">L&rsquo;olive : un fruit ou un l\u00e9gume ?<\/a><br \/>\n<br \/>&#8211; <a href=\"https:\/\/www.alexetalex.com\/ca\/dossiers-fruites\/le-saviez-vous\/pasteque-fruit-legume\/\">La past\u00e8que est-elle un fruit et un l\u00e9gume ?<\/a><br \/>\n<br \/>&#8211; <a href=\"https:\/\/www.alexetalex.com\/ca\/dossiers-fruites\/le-saviez-vous\/papaye-fruit-ou-legume\/\">La papaye : fruit et un l\u00e9gume ?<\/a><\/p>\n<p>Vous serez parfois surpris par les r\u00e9ponses ce que vous allez d\u00e9couvrir !<\/p>\n","protected":false},"excerpt":{"rendered":"<p>Le melon est-il un fruit ou un l\u00e9gume ? Nombreux sont encore ceux qui se demandent si le melon est un fruit ou un l\u00e9gume. Si c&rsquo;est aussi votre cas, rassurez-vous, il est vrai que ce n\u2019est pas forc\u00e9ment \u00e9vident de savoir si un aliment appartient \u00e0 la cat\u00e9gorie des fruits ou \u00e0 celle des [&hellip;]<\/p>\n","protected":false},"author":4,"featured_media":16742,"parent":8732,"menu_order":0,"comment_status":"closed","ping_status":"closed","template":"","meta":{"_et_pb_use_builder":"","_et_pb_old_content":"","_et_gb_content_width":""},"acf":[],"yoast_head":"<!-- This site is optimized with the Yoast SEO plugin v17.6 - https:\/\/yoast.com\/wordpress\/plugins\/seo\/ -->\n<title>Le melon : fruit ou l\u00e9gume ? La r\u00e9ponse + les bienfaits sant\u00e9<\/title>\n<meta name=\"description\" content=\"En botanique le melon est un fruit : la f\u00e9condation de la fleur d\u00e9clenche le processus de d\u00e9veloppement de l\u2019ovaire, qui donne ensuite naissance au fruit\" \/>\n<meta name=\"robots\" content=\"index, follow, max-snippet:-1, max-image-preview:large, max-video-preview:-1\" \/>\n<link rel=\"canonical\" href=\"https:\/\/www.alexetalex.com\/ca\/dossiers-fruites\/route-des-fruits\/melon-fruit-legume\/\" \/>\n<meta property=\"og:locale\" content=\"fr_FR\" \/>\n<meta property=\"og:type\" content=\"article\" \/>\n<meta property=\"og:title\" content=\"Le melon : fruit ou l\u00e9gume ? La r\u00e9ponse + les bienfaits sant\u00e9\" \/>\n<meta property=\"og:description\" content=\"En botanique le melon est un fruit : la f\u00e9condation de la fleur d\u00e9clenche le processus de d\u00e9veloppement de l\u2019ovaire, qui donne ensuite naissance au fruit\" \/>\n<meta property=\"og:url\" content=\"https:\/\/www.alexetalex.com\/ca\/dossiers-fruites\/route-des-fruits\/melon-fruit-legume\/\" \/>\n<meta property=\"og:image\" content=\"https:\/\/www.alexetalex.com\/ca\/wp-content\/uploads\/2020\/05\/Melon.png\" \/>\n\t<meta property=\"og:image:width\" content=\"2000\" \/>\n\t<meta property=\"og:image:height\" content=\"1154\" \/>\n<meta name=\"twitter:label1\" content=\"Dur\u00e9e de lecture estim\u00e9e\" \/>\n\t<meta name=\"twitter:data1\" content=\"1 minute\" \/>\n<script type=\"application\/ld+json\" class=\"yoast-schema-graph\">{\"@context\":\"https:\/\/schema.org\",\"@graph\":[{\"@type\":\"Organization\",\"@id\":\"https:\/\/www.alexetalex.com\/ca\/#organization\",\"name\":\"Alex & Alex\",\"url\":\"https:\/\/www.alexetalex.com\/ca\/\",\"sameAs\":[],\"logo\":{\"@type\":\"ImageObject\",\"@id\":\"https:\/\/www.alexetalex.com\/ca\/#logo\",\"inLanguage\":\"fr-FR\",\"url\":\"https:\/\/www.alexetalex.com\/ca\/wp-content\/uploads\/2020\/04\/alexalex-1.png\",\"contentUrl\":\"https:\/\/www.alexetalex.com\/ca\/wp-content\/uploads\/2020\/04\/alexalex-1.png\",\"width\":51,\"height\":50,\"caption\":\"Alex & Alex\"},\"image\":{\"@id\":\"https:\/\/www.alexetalex.com\/ca\/#logo\"}},{\"@type\":\"WebSite\",\"@id\":\"https:\/\/www.alexetalex.com\/ca\/#website\",\"url\":\"https:\/\/www.alexetalex.com\/ca\/\",\"name\":\"\",\"description\":\"\",\"publisher\":{\"@id\":\"https:\/\/www.alexetalex.com\/ca\/#organization\"},\"potentialAction\":[{\"@type\":\"SearchAction\",\"target\":{\"@type\":\"EntryPoint\",\"urlTemplate\":\"https:\/\/www.alexetalex.com\/ca\/?s={search_term_string}\"},\"query-input\":\"required name=search_term_string\"}],\"inLanguage\":\"fr-FR\"},{\"@type\":\"ImageObject\",\"@id\":\"https:\/\/www.alexetalex.com\/ca\/dossiers-fruites\/route-des-fruits\/melon-fruit-legume\/#primaryimage\",\"inLanguage\":\"fr-FR\",\"url\":\"https:\/\/www.alexetalex.com\/ca\/wp-content\/uploads\/2020\/05\/Melon.png\",\"contentUrl\":\"https:\/\/www.alexetalex.com\/ca\/wp-content\/uploads\/2020\/05\/Melon.png\",\"width\":2000,\"height\":1154},{\"@type\":\"WebPage\",\"@id\":\"https:\/\/www.alexetalex.com\/ca\/dossiers-fruites\/route-des-fruits\/melon-fruit-legume\/#webpage\",\"url\":\"https:\/\/www.alexetalex.com\/ca\/dossiers-fruites\/route-des-fruits\/melon-fruit-legume\/\",\"name\":\"Le melon : fruit ou l\\u00e9gume ? La r\\u00e9ponse + les bienfaits sant\\u00e9\",\"isPartOf\":{\"@id\":\"https:\/\/www.alexetalex.com\/ca\/#website\"},\"primaryImageOfPage\":{\"@id\":\"https:\/\/www.alexetalex.com\/ca\/dossiers-fruites\/route-des-fruits\/melon-fruit-legume\/#primaryimage\"},\"datePublished\":\"2020-05-04T22:41:36+00:00\",\"dateModified\":\"2020-05-04T22:41:36+00:00\",\"description\":\"En botanique le melon est un fruit : la f\\u00e9condation de la fleur d\\u00e9clenche le processus de d\\u00e9veloppement de l\\u2019ovaire, qui donne ensuite naissance au fruit\",\"breadcrumb\":{\"@id\":\"https:\/\/www.alexetalex.com\/ca\/dossiers-fruites\/route-des-fruits\/melon-fruit-legume\/#breadcrumb\"},\"inLanguage\":\"fr-FR\",\"potentialAction\":[{\"@type\":\"ReadAction\",\"target\":[\"https:\/\/www.alexetalex.com\/ca\/dossiers-fruites\/route-des-fruits\/melon-fruit-legume\/\"]}]},{\"@type\":\"BreadcrumbList\",\"@id\":\"https:\/\/www.alexetalex.com\/ca\/dossiers-fruites\/route-des-fruits\/melon-fruit-legume\/#breadcrumb\",\"itemListElement\":[{\"@type\":\"ListItem\",\"position\":1,\"name\":\"Magazine\",\"item\":\"https:\/\/www.alexetalex.com\/ca\/dossiers-fruites\/\"},{\"@type\":\"ListItem\",\"position\":2,\"name\":\"Fruits\",\"item\":\"https:\/\/www.alexetalex.com\/ca\/dossiers-fruites\/route-des-fruits\/\"},{\"@type\":\"ListItem\",\"position\":3,\"name\":\"Melon : fruit ou l\\u00e9gume ?\"}]}]}<\/script>\n<!-- \/ Yoast SEO plugin. -->","yoast_head_json":{"title":"Le melon : fruit ou l\u00e9gume ? La r\u00e9ponse + les bienfaits sant\u00e9","description":"En botanique le melon est un fruit : la f\u00e9condation de la fleur d\u00e9clenche le processus de d\u00e9veloppement de l\u2019ovaire, qui donne ensuite naissance au fruit","robots":{"index":"index","follow":"follow","max-snippet":"max-snippet:-1","max-image-preview":"max-image-preview:large","max-video-preview":"max-video-preview:-1"},"canonical":"https:\/\/www.alexetalex.com\/ca\/dossiers-fruites\/route-des-fruits\/melon-fruit-legume\/","og_locale":"fr_FR","og_type":"article","og_title":"Le melon : fruit ou l\u00e9gume ? La r\u00e9ponse + les bienfaits sant\u00e9","og_description":"En botanique le melon est un fruit : la f\u00e9condation de la fleur d\u00e9clenche le processus de d\u00e9veloppement de l\u2019ovaire, qui donne ensuite naissance au fruit","og_url":"https:\/\/www.alexetalex.com\/ca\/dossiers-fruites\/route-des-fruits\/melon-fruit-legume\/","og_image":[{"width":2000,"height":1154,"url":"https:\/\/www.alexetalex.com\/ca\/wp-content\/uploads\/2020\/05\/Melon.png","type":"image\/png"}],"twitter_misc":{"Dur\u00e9e de lecture estim\u00e9e":"1 minute"},"schema":{"@context":"https:\/\/schema.org","@graph":[{"@type":"Organization","@id":"https:\/\/www.alexetalex.com\/ca\/#organization","name":"Alex & Alex","url":"https:\/\/www.alexetalex.com\/ca\/","sameAs":[],"logo":{"@type":"ImageObject","@id":"https:\/\/www.alexetalex.com\/ca\/#logo","inLanguage":"fr-FR","url":"https:\/\/www.alexetalex.com\/ca\/wp-content\/uploads\/2020\/04\/alexalex-1.png","contentUrl":"https:\/\/www.alexetalex.com\/ca\/wp-content\/uploads\/2020\/04\/alexalex-1.png","width":51,"height":50,"caption":"Alex & Alex"},"image":{"@id":"https:\/\/www.alexetalex.com\/ca\/#logo"}},{"@type":"WebSite","@id":"https:\/\/www.alexetalex.com\/ca\/#website","url":"https:\/\/www.alexetalex.com\/ca\/","name":"","description":"","publisher":{"@id":"https:\/\/www.alexetalex.com\/ca\/#organization"},"potentialAction":[{"@type":"SearchAction","target":{"@type":"EntryPoint","urlTemplate":"https:\/\/www.alexetalex.com\/ca\/?s={search_term_string}"},"query-input":"required name=search_term_string"}],"inLanguage":"fr-FR"},{"@type":"ImageObject","@id":"https:\/\/www.alexetalex.com\/ca\/dossiers-fruites\/route-des-fruits\/melon-fruit-legume\/#primaryimage","inLanguage":"fr-FR","url":"https:\/\/www.alexetalex.com\/ca\/wp-content\/uploads\/2020\/05\/Melon.png","contentUrl":"https:\/\/www.alexetalex.com\/ca\/wp-content\/uploads\/2020\/05\/Melon.png","width":2000,"height":1154},{"@type":"WebPage","@id":"https:\/\/www.alexetalex.com\/ca\/dossiers-fruites\/route-des-fruits\/melon-fruit-legume\/#webpage","url":"https:\/\/www.alexetalex.com\/ca\/dossiers-fruites\/route-des-fruits\/melon-fruit-legume\/","name":"Le melon : fruit ou l\u00e9gume ? La r\u00e9ponse + les bienfaits sant\u00e9","isPartOf":{"@id":"https:\/\/www.alexetalex.com\/ca\/#website"},"primaryImageOfPage":{"@id":"https:\/\/www.alexetalex.com\/ca\/dossiers-fruites\/route-des-fruits\/melon-fruit-legume\/#primaryimage"},"datePublished":"2020-05-04T22:41:36+00:00","dateModified":"2020-05-04T22:41:36+00:00","description":"En botanique le melon est un fruit : la f\u00e9condation de la fleur d\u00e9clenche le processus de d\u00e9veloppement de l\u2019ovaire, qui donne ensuite naissance au fruit","breadcrumb":{"@id":"https:\/\/www.alexetalex.com\/ca\/dossiers-fruites\/route-des-fruits\/melon-fruit-legume\/#breadcrumb"},"inLanguage":"fr-FR","potentialAction":[{"@type":"ReadAction","target":["https:\/\/www.alexetalex.com\/ca\/dossiers-fruites\/route-des-fruits\/melon-fruit-legume\/"]}]},{"@type":"BreadcrumbList","@id":"https:\/\/www.alexetalex.com\/ca\/dossiers-fruites\/route-des-fruits\/melon-fruit-legume\/#breadcrumb","itemListElement":[{"@type":"ListItem","position":1,"name":"Magazine","item":"https:\/\/www.alexetalex.com\/ca\/dossiers-fruites\/"},{"@type":"ListItem","position":2,"name":"Fruits","item":"https:\/\/www.alexetalex.com\/ca\/dossiers-fruites\/route-des-fruits\/"},{"@type":"ListItem","position":3,"name":"Melon : fruit ou l\u00e9gume ?"}]}]}},"_links":{"self":[{"href":"https:\/\/www.alexetalex.com\/ca\/wp-json\/wp\/v2\/pages\/16751"}],"collection":[{"href":"https:\/\/www.alexetalex.com\/ca\/wp-json\/wp\/v2\/pages"}],"about":[{"href":"https:\/\/www.alexetalex.com\/ca\/wp-json\/wp\/v2\/types\/page"}],"author":[{"embeddable":true,"href":"https:\/\/www.alexetalex.com\/ca\/wp-json\/wp\/v2\/users\/4"}],"replies":[{"embeddable":true,"href":"https:\/\/www.alexetalex.com\/ca\/wp-json\/wp\/v2\/comments?post=16751"}],"version-history":[{"count":1,"href":"https:\/\/www.alexetalex.com\/ca\/wp-json\/wp\/v2\/pages\/16751\/revisions"}],"predecessor-version":[{"id":16752,"href":"https:\/\/www.alexetalex.com\/ca\/wp-json\/wp\/v2\/pages\/16751\/revisions\/16752"}],"up":[{"embeddable":true,"href":"https:\/\/www.alexetalex.com\/ca\/wp-json\/wp\/v2\/pages\/8732"}],"wp:featuredmedia":[{"embeddable":true,"href":"https:\/\/www.alexetalex.com\/ca\/wp-json\/wp\/v2\/media\/16742"}],"wp:attachment":[{"href":"https:\/\/www.alexetalex.com\/ca\/wp-json\/wp\/v2\/media?parent=16751"}],"curies":[{"name":"wp","href":"https:\/\/api.w.org\/{rel}","templated":true}]}}