{"id":16759,"date":"2020-05-04T23:49:37","date_gmt":"2020-05-04T22:49:37","guid":{"rendered":"https:\/\/www.alexetalex.com\/ca\/?page_id=16759"},"modified":"2020-05-18T08:49:23","modified_gmt":"2020-05-18T07:49:23","slug":"vavangue","status":"publish","type":"page","link":"https:\/\/www.alexetalex.com\/ca\/dossiers-fruites\/route-des-fruits\/vavangue\/","title":{"rendered":"La Vavangue : tout conna\u00eetre sur ce fruit d\u00e9licieux originaire de Madagascar"},"content":{"rendered":"<p><H1>La vavangue : guide complet de ce fruit de Madagascar<\/H1><\/p>\n<p><\/br><\/p>\n<p>On dirait une pomme, son go\u00fbt est acidul\u00e9 comme le <a href=\"https:\/\/www.alexetalex.com\/dossiers-fruites\/route-des-fruits\/tamarin-fruit\/\" rel=\"noopener noreferrer\" target=\"_blank\">tamarin<\/a>, mais son nom est la vavangue\u00a0! Ce fruit atypique d\u2019Afrique de l\u2019Est est aussi connu sous le nom de tamarin de l\u2019Inde. La vavangue puise ses caract\u00e9ristiques sur ses terres d\u2019origine, Madagascar. Tr\u00e8s appr\u00e9ci\u00e9e sur cette \u00eele situ\u00e9e en Afrique austral, la vavangue attise la curiosit\u00e9 et l\u2019app\u00e9tit dans de plus en plus de pays. D\u00e9couvrons donc ce fruit, ses bienfaits et ses multiples utilisations\u2026 <\/p>\n<p><\/br><\/p>\n<p><img loading=\"lazy\" src=\"https:\/\/alexetalex.com\/ca\/wp-content\/uploads\/2020\/05\/vavangue.jpg\" alt=\"Vavangue : fruit\" width=\"1200\" height=\"700\" class=\"alignnone size-full wp-image-16744\" srcset=\"https:\/\/www.alexetalex.com\/ca\/wp-content\/uploads\/2020\/05\/vavangue.jpg 1200w, https:\/\/www.alexetalex.com\/ca\/wp-content\/uploads\/2020\/05\/vavangue-670x391.jpg 670w, https:\/\/www.alexetalex.com\/ca\/wp-content\/uploads\/2020\/05\/vavangue-800x467.jpg 800w, https:\/\/www.alexetalex.com\/ca\/wp-content\/uploads\/2020\/05\/vavangue-768x448.jpg 768w, https:\/\/www.alexetalex.com\/ca\/wp-content\/uploads\/2020\/05\/vavangue-1080x630.jpg 1080w, https:\/\/www.alexetalex.com\/ca\/wp-content\/uploads\/2020\/05\/vavangue-980x572.jpg 980w, https:\/\/www.alexetalex.com\/ca\/wp-content\/uploads\/2020\/05\/vavangue-480x280.jpg 480w, https:\/\/www.alexetalex.com\/ca\/wp-content\/uploads\/2020\/05\/vavangue-600x350.jpg 600w\" sizes=\"(max-width: 1200px) 100vw, 1200px\" \/><\/p>\n<p><\/br><\/p>\n<p><H2>I] Vavangue : tout comprendre en 2 minutes<\/H2><\/p>\n<p><\/br><\/p>\n<p>A Madagascar, sa terre d&rsquo;origine, tout le monde connait la vavangue, impossible de la confondre avec un autre fruit ; c\u2019est en revanche plus compliqu\u00e9 pour le commun des mortels. Listons donc les caract\u00e9ristiques de ce fruit qui gagne \u00e0 \u00eatre connu\u2026<\/p>\n<p><\/br><\/p>\n <div class=\"hsg-featured-numb\">\n    <div>\n <p>1<\/p>\n <p><H3>Vavangue : origine<\/H3><\/p>\n\n<\/div>\n  \n<\/div>\n<p><\/br><\/p>\n<p>End\u00e9mique de Madagascar, son nom scientifique est donc tout naturellement Vangueria Madagascariensis. De la famille des Rubiac\u00e9es, son sens \u00e9tymologique, Vao Vanguer, peut quant \u00e0 lui se traduire par \u00ab\u00a0le grain de vanguer\u00a0\u00bb. Une appellation qui d\u00e9signe aussi bien la plante que le fruit qu\u2019elle produit. Autres appellations connues\u00a0: tamarin des Indes ou n\u00e9flier des Indes. <\/p>\n<p>La vavangue aime les climats tropicaux, c\u2019est pourquoi on la retrouve aussi dans les Mascareignes (La R\u00e9union, l&rsquo;\u00eele Maurice et Rodrigues) ainsi que dans de nombreux pays d\u2019Afrique de l\u2019Est. Les r\u00e9gions humides avec une exposition chaude et ensoleill\u00e9e font le bonheur et la prosp\u00e9rit\u00e9 du grain de vanguer. <\/p>\n<p><\/br><\/p>\n <div class=\"hsg-featured-numb\">\n    <div>\n <p>2<\/p>\n <p><H3>Vavangue : saison<\/H3><\/p>\n\n<\/div>\n  \n<\/div>\n<p><\/br><\/p>\n<p>Vous l\u2019aurez compris, l\u2019environnement id\u00e9al pour la culture de la vavangue est un climat tropical. Les vavangues aiment cette alternance d\u2019une saison humide et d\u2019une saison s\u00e8che\u2026 En effet, comme la vavangue supporte parfaitement le manque d\u2019eau occasionnel, elle passe la saison s\u00e8che sans aucun probl\u00e8me\u00a0! <\/p>\n<p>Le Vangueria madagascariensis fleurit entre septembre et octobre et sa fructification a lieu de mars \u00e0 juillet, la temp\u00e9rature de la zone tropicale \u00e9tant presque toujours \u00e9gale. Il faut le savoir, c\u2019est un endroit du globe o\u00f9 la temp\u00e9rature moyenne mensuelle ne descend presque jamais en dessous de 18\u00a0\u00b0C\u00a0!<\/p>\n<p><\/br><\/p>\n <div class=\"hsg-featured-numb\">\n    <div>\n <p>3<\/p>\n <p><H3>Vavangue : description, go\u00fbt et parfum<\/H3><\/p>\n\n<\/div>\n  \n<\/div>\n<p><\/br><\/p>\n<p>La vavangue est un fruit de forme arrondie et dot\u00e9e d\u2019une peau lisse comme la pomme, mais plus petite qu\u2019elle puisqu\u2019\u00e0 maturit\u00e9 son diam\u00e8tre n\u2019exc\u00e8de pas les 4 \u00e0 5 cm. <\/p>\n<p>C\u2019est en outre un fruit qui prend son temps pour murir tout au long des mois o\u00f9 la vavangue est accroch\u00e9e \u00e0 son arbre. Sa peau est tout d\u2019abord verte et lisse, puis elle devient de plus en plus brune. De petites t\u00e2ches commencent \u00e0 apparaitre sur la peau verte, puis finissent par recouvrir le fruit qui devient alors brun fonc\u00e9. <\/p>\n<p><\/br><\/p>\n<p><img loading=\"lazy\" src=\"https:\/\/alexetalex.com\/ca\/wp-content\/uploads\/2020\/05\/vavangue-fruit2.jpg\" alt=\"Vavangue : go\u00fbt et parfum\" width=\"500\" height=\"375\" class=\"alignnone size-full wp-image-16746\" srcset=\"https:\/\/www.alexetalex.com\/ca\/wp-content\/uploads\/2020\/05\/vavangue-fruit2.jpg 500w, https:\/\/www.alexetalex.com\/ca\/wp-content\/uploads\/2020\/05\/vavangue-fruit2-480x360.jpg 480w\" sizes=\"(max-width: 500px) 100vw, 500px\" \/><\/p>\n<p><\/br><\/p>\n<p>En botanique, la vavangue est aussi ce que l\u2019on appelle une drupe, c\u2019est-\u00e0-dire un fruit charnu \u00e0 noyau entour\u00e9 d\u2019une pulpe comme peut l\u2019\u00eatre la cerise ou bien l\u2019abricot. Pour sa part, la vavangue contient 4 \u00e0 5 loges, chacune d\u00e9tenant une graine longue d\u2019un centim\u00e8tre\u00a0!<\/p>\n<p>A maturit\u00e9, sa pulpe a une texture p\u00e2teuse et de couleur brun\u00e2tre, c\u2019est ce qui en fait d\u2019ailleurs sa caract\u00e9ristique. Et c\u2019est justement le go\u00fbt de cette pulpe qui fait que beaucoup appelle aussi la vavangue le tamarin des indes car ils ont en commun ce go\u00fbt tr\u00e8s particulier qui allie \u00e0 la fois le sucr\u00e9 et l\u2019acidul\u00e9\u00a0!<\/p>\n<p><\/br><\/p>\n<p><H2>II] Vavangue : bienfaits nutritionnels<\/H2><\/p>\n<p><\/br><\/p>\n<p>La vavangue n\u2019est pas seulement le symbole d\u2019une culture toute enti\u00e8re, celle de Madagascar, c\u2019est aussi un fruit succulent qui vous apportera d\u2019innombrables bienfaits. D\u00e9taillons-les\u2026 <\/p>\n<p><\/br><\/p>\n <div class=\"hsg-featured-numb\">\n    <div>\n <p>1<\/p>\n <p><H3>Vavangue : consommation courante de ce fruit et bienfaits<\/H3><\/p>\n\n<\/div>\n  \n<\/div>\n<p><\/br><\/p>\n<p>La vavangue se consomme g\u00e9n\u00e9ralement lorsque le fruit est bien m\u00fbr. Et pour cela, il suffit de l\u2019ouvrir et de d\u00e9guster son int\u00e9rieur cru. Pour autant, certains pr\u00e9f\u00e8rent consommer la pulpe en compote. Pour cela, pas besoin d\u2019enlever les graines, un peu de sucre en plus et le tour est jou\u00e9\u00a0! La vavangue entre aussi dans la fabrication de jus de vavangue, tr\u00e8s pris\u00e9 dans tous les pays o\u00f9 le fruit pousse\u2026<\/p>\n<p>Pr\u00e9cisons que la vavangue est un fruit relativement calorique puisque son apport est de 239 Kcals pour 100 g. Voici les autres nutriments pr\u00e9sents dans 100 g de vavangue\u00a0:<br \/>\n<br \/>&#8211; Lipides\u00a0: 0,6 g<br \/>&#8211; Acides gras satur\u00e9s\u00a0: 0,3 g<br \/>&#8211; Sodium\u00a0: 28 mg<br \/>&#8211; Potassium\u00a0: 628 mg<br \/>&#8211; Glucides\u00a0: 63 g<br \/>&#8211; Fibres alimentaires\u00a0: 5 g<br \/>&#8211; Sucres\u00a0: 57 g<br \/>&#8211; Prot\u00e9ines\u00a0: 2,8 g <br \/>&#8211; Vitamine A\u00a0: 30 IU<br \/>&#8211; Vitamine C\u00a0: 3,5 mg<br \/>&#8211; Calcium\u00a0: 74 mg<br \/>&#8211; Fer\u00a0: 2,8 mg<br \/>&#8211; Vitamine B6\u00a0: 0,1 mg<br \/>&#8211; Magn\u00e9sium\u00a0: 92 mg<\/p>\n<p>Quels sont les bienfaits de la vavangue sur le corps\u00a0? Sa consommation est recommand\u00e9e pour les probl\u00e8mes d\u2019articulations et de circulation sanguine. Par ailleurs, ses propri\u00e9t\u00e9s nutritives facilitent \u00e9galement la digestion. En revanche, attention, la prise excessive de vavangues a des effets laxatifs\u00a0! <\/p>\n<p>Enfin, pour pimenter les soir\u00e9es tropicales, \u00e0 La R\u00e9union par exemple, la vavangue sert aussi \u00e0 la fabrication du rhum arrang\u00e9. Ainsi, avec 10 vavangues, deux litres de rhum et du sucre selon les gouts, on obtient au bout de quelques mois de mac\u00e9ration un succulent ap\u00e9ritif\u00a0!<\/p>\n<p><\/br><\/p>\n <div class=\"hsg-featured-numb\">\n    <div>\n <p>2<\/p>\n <p><H3>Utilisation de la vavangue en m\u00e9decine traditionnelle<\/H3><\/p>\n\n<\/div>\n  \n<\/div>\n<p><\/br><\/p>\n<p>A Madagascar et en Afrique, les vavangues et leurs feuilles sont tr\u00e8s pris\u00e9es par les tradipraticiens. A noter que le tradipraticien est celui qui exerce une m\u00e9decine non conventionnelle qui repose sur des approches traditionnelles dans certaines communaut\u00e9s africaines. Ainsi, la consommation de la vavangue aide leurs patients \u00e0 combattre la dysenterie, les hernies \u00e9trangl\u00e9es et aussi les h\u00e9morro\u00efdes.<\/p>\n<p>Dans certains pays africains, la vavangue est aussi utilis\u00e9e pour crever les abc\u00e8s. Pour cela, il faut m\u00e9langer de la poudre de vavangue avec du miel. Cette p\u00e2te sert ensuite d\u2019empl\u00e2tre sur les aspects. <\/p>\n<p><\/br><\/p>\n<p><H2>III] Le saviez-vous ?<\/H2><\/p>\n<p><\/br><\/p>\n<p>D\u00e9couvrons enfin les derni\u00e8res questions que vous vous posez sur la vavangue, ce fruit particulier que l\u2019on retrouve uniquement dans les r\u00e9gions tropicales de la plan\u00e8te\u2026<\/p>\n<p><\/br><\/p>\n <div class=\"hsg-featured-numb\">\n    <div>\n <p>1<\/p>\n <p><H3>Sur quel arbre pousse la vavangue ?<\/H3><\/p>\n\n<\/div>\n  \n<\/div>\n<p><\/br><\/p>\n<p>La vavangue pousse donc sur le Vangueria Madagascariensis. Il est aussi appel\u00e9 le Vangueria Edulis ou encore le Vangueria Cymosa, des appellations diff\u00e9rentes suivant les chercheurs \u00e0 l\u2019initiative des d\u00e9couvertes scientifiques. <\/p>\n<p>C\u2019est un arbre form\u00e9 d\u2019un tronc unique ne d\u00e9passant pas les 5 m\u00e8tres de hauteur et les plus petits font tout de m\u00eame pr\u00e8s de 2 m\u00e8tres\u00a0! Les branches sont non ordonn\u00e9es et partent donc dans tous les sens le long du tronc. Son \u00e9corce est de couleur gris clair. <\/p>\n<p>C\u2019est assez remarquable pour le pr\u00e9ciser, il n\u2019existe qu\u2019une seule vari\u00e9t\u00e9 de Vangueria Madagascariensis, mais il est difficile de connaitre sa quantit\u00e9 \u00e0 travers le monde car c\u2019est un arbre qui pousse tr\u00e8s facilement sans v\u00e9ritable semis ou bouturage. C\u2019est en revanche un arbre tr\u00e8s sensibles aux attaques de chenilles et aux maladies cryptogamiques (caus\u00e9es par des champignons parasites). <\/p>\n<p><\/br><\/p>\n <div class=\"hsg-featured-numb\">\n    <div>\n <p>2<\/p>\n <p><H3>Comment la vavangue est-elle arriv\u00e9e \u00e0 La R\u00e9union ?<\/H3><\/p>\n\n<\/div>\n  \n<\/div>\n<p><\/br><\/p>\n<p>Difficile de dire pr\u00e9cis\u00e9ment quand la vavangue a \u00e9t\u00e9 import\u00e9e de Madagascar sur l\u2019\u00eele de la R\u00e9union. Parmi les hypoth\u00e8ses, cela pourrait dater du 16\u00e8me ou 17\u00e8me si\u00e8cle lorsque La R\u00e9union \u00e9tait l\u2019une des escales de la routes des Indes, route maritime reliant l\u2019Europe aux Indes orientales. Depuis, c\u2019est un fruit tr\u00e8s r\u00e9pandu et tr\u00e8s populaire dans la culture de l\u2019\u00eele. Il n\u2019est pas rare de trouver des Vangueria Madagascariensis le long des sentiers secs ou encore de la savane herbeuse de la c\u00f4te ouest de La R\u00e9union\u2026 <\/p>\n<p><\/br><\/p>\n <div class=\"hsg-featured-numb\">\n    <div>\n <p>3<\/p>\n <p><H3>Dans quels autres pays du monde peut-on trouver de la vavangue ?<\/H3><\/p>\n\n<\/div>\n  \n<\/div>\n<p><\/br><\/p>\n<p>Pas de doute, le r\u00e8gne de la vavangue, ce sont les pays tropicaux. La raison principale\u00a0? C\u2019est une plante qui ne peut pas faire face au gel\u00a0! Originaire de Madagascar, on la retrouve aussi dans de nombreux pays d\u2019Afrique et plus particuli\u00e8rement d\u2019Afrique de l\u2019Est\u00a0: l\u2019Angola, le Benin, le Mozambique, la Nig\u00e9ria, le Cameroun, l\u2019Ethiopie, l\u2019Ouganda, la Tanzanie, la R\u00e9publique d\u00e9mocratique du Congo et m\u00eame l\u2019Afrique du Sud. A noter qu\u2019au 18\u00e8me si\u00e8cle, la vavangue a aussi fait le voyage jusqu\u2019aux Antilles fran\u00e7aises (Guadeloupe et Martinique) o\u00f9 on la trouve aujourd\u2019hui encore en grande quantit\u00e9. <\/p>\n<p><\/br><\/p>\n <div class=\"hsg-featured-numb\">\n    <div>\n <p>4<\/p>\n <p><H3>A quoi ressemble les feuilles et les fleurs de vavangue ?<\/H3><\/p>\n\n<\/div>\n  \n<\/div>\n<p><\/br><\/p>\n<p>Le Vangueria Madagascariensis est un arbuste au tronc ramifi\u00e9 qui poss\u00e8de un feuillage vert caduque. Sur un p\u00e9tiole (la pi\u00e8ce qui relie le limbe \u00e0 la tige) d\u2019une longueur de 0.5 \u00e0 1.5 cm, les feuilles sont oppos\u00e9es et peuvent avoir diff\u00e9rentes formes allant de l\u2019obovale \u00e0 l\u2019ovale-lanc\u00e9ol\u00e9e. A noter aussi que les feuilles sont d\u2019une couleur verte tr\u00e8s intense sur leur partie sup\u00e9rieure et d\u2019un vert beaucoup plus p\u00e2le sur le bas. On remarque aussi des nervures saillantes sur cette feuille qui peut atteindre la vingtaine de centim\u00e8tres.<\/p>\n<p><\/br><\/p>\n<p><img loading=\"lazy\" src=\"https:\/\/alexetalex.com\/ca\/wp-content\/uploads\/2020\/05\/vavangue-fruit.jpg\" alt=\"Vavangue : feuilles\" width=\"427\" height=\"320\" class=\"alignnone size-full wp-image-16745\" \/><\/p>\n<p><\/br><\/p>\n<p>Les fleurs de la vavangue ressemblent quant \u00e0 elles \u00e0 des boutures vertes orn\u00e9es de feuilles en forme d\u2019\u00e9toile \u00e0 5 branches. Ces fleurs sont regroup\u00e9es en grappe et ont des couleurs diff\u00e9rentes suivant leur stade de floraison. Cela va donc du jaune p\u00e2le au jaune plus intense avant de devenir vert au moment de la formation du fruit\u00a0!<\/p>\n<p><\/br><\/p>\n<p><strong>Pour continuer d&rsquo;apprendre :<\/strong><br \/>\n<br \/>&#8211; <a href=\"https:\/\/www.alexetalex.com\/ca\/dossiers-fruites\/fruit-et-nutrition\/jujube\/\" rel=\"noopener noreferrer\" target=\"_blank\">Le Jujube : un fruit exotique originaire de Chine<\/a><br \/>\n<br \/>&#8211; <a href=\"https:\/\/www.alexetalex.com\/ca\/dossiers-fruites\/fruit-et-nutrition\/jaboticaba\/\" rel=\"noopener noreferrer\" target=\"_blank\">Le Jaboticaba : un autre fruit exotique m\u00e9connu en Europe<\/a><br \/>\n<br \/>&#8211; <a href=\"https:\/\/www.alexetalex.com\/ca\/dossiers-fruites\/infographie\/calendrier-fruits-legumes-saison\/\" rel=\"noopener noreferrer\" target=\"_blank\">Fruits et l\u00e9gumes de saison au Qu\u00e9bec<\/a><\/p>\n","protected":false},"excerpt":{"rendered":"<p>La vavangue : guide complet de ce fruit de Madagascar On dirait une pomme, son go\u00fbt est acidul\u00e9 comme le tamarin, mais son nom est la vavangue\u00a0! Ce fruit atypique d\u2019Afrique de l\u2019Est est aussi connu sous le nom de tamarin de l\u2019Inde. La vavangue puise ses caract\u00e9ristiques sur ses terres d\u2019origine, Madagascar. Tr\u00e8s appr\u00e9ci\u00e9e [&hellip;]<\/p>\n","protected":false},"author":4,"featured_media":16744,"parent":8732,"menu_order":0,"comment_status":"closed","ping_status":"closed","template":"","meta":{"_et_pb_use_builder":"","_et_pb_old_content":"","_et_gb_content_width":""},"acf":[],"yoast_head":"<!-- This site is optimized with the Yoast SEO plugin v17.6 - https:\/\/yoast.com\/wordpress\/plugins\/seo\/ -->\n<title>Vavangue : le guide complet de ce fruit originaire de Madagascar - A&amp;A<\/title>\n<meta name=\"description\" content=\"On dirait une pomme, son go\u00fbt ressemble au tamarin, mais c&#039;est une vavangue\u00a0! Ce fruit atypique d\u2019Afrique de l\u2019Est est aussi appel\u00e9 de tamarin de l\u2019Inde\" \/>\n<meta name=\"robots\" content=\"index, follow, max-snippet:-1, max-image-preview:large, max-video-preview:-1\" \/>\n<link rel=\"canonical\" href=\"https:\/\/www.alexetalex.com\/ca\/dossiers-fruites\/route-des-fruits\/vavangue\/\" \/>\n<meta property=\"og:locale\" content=\"fr_FR\" \/>\n<meta property=\"og:type\" content=\"article\" \/>\n<meta property=\"og:title\" content=\"Vavangue : le guide complet de ce fruit originaire de Madagascar - A&amp;A\" \/>\n<meta property=\"og:description\" content=\"On dirait une pomme, son go\u00fbt ressemble au tamarin, mais c&#039;est une vavangue\u00a0! Ce fruit atypique d\u2019Afrique de l\u2019Est est aussi appel\u00e9 de tamarin de l\u2019Inde\" \/>\n<meta property=\"og:url\" content=\"https:\/\/www.alexetalex.com\/ca\/dossiers-fruites\/route-des-fruits\/vavangue\/\" \/>\n<meta property=\"article:modified_time\" content=\"2020-05-18T07:49:23+00:00\" \/>\n<meta property=\"og:image\" content=\"https:\/\/www.alexetalex.com\/ca\/wp-content\/uploads\/2020\/05\/vavangue.jpg\" \/>\n\t<meta property=\"og:image:width\" content=\"1200\" \/>\n\t<meta property=\"og:image:height\" content=\"700\" \/>\n<meta name=\"twitter:label1\" content=\"Dur\u00e9e de lecture estim\u00e9e\" \/>\n\t<meta name=\"twitter:data1\" content=\"8 minutes\" \/>\n<script type=\"application\/ld+json\" class=\"yoast-schema-graph\">{\"@context\":\"https:\/\/schema.org\",\"@graph\":[{\"@type\":\"Organization\",\"@id\":\"https:\/\/www.alexetalex.com\/ca\/#organization\",\"name\":\"Alex & Alex\",\"url\":\"https:\/\/www.alexetalex.com\/ca\/\",\"sameAs\":[],\"logo\":{\"@type\":\"ImageObject\",\"@id\":\"https:\/\/www.alexetalex.com\/ca\/#logo\",\"inLanguage\":\"fr-FR\",\"url\":\"https:\/\/www.alexetalex.com\/ca\/wp-content\/uploads\/2020\/04\/alexalex-1.png\",\"contentUrl\":\"https:\/\/www.alexetalex.com\/ca\/wp-content\/uploads\/2020\/04\/alexalex-1.png\",\"width\":51,\"height\":50,\"caption\":\"Alex & Alex\"},\"image\":{\"@id\":\"https:\/\/www.alexetalex.com\/ca\/#logo\"}},{\"@type\":\"WebSite\",\"@id\":\"https:\/\/www.alexetalex.com\/ca\/#website\",\"url\":\"https:\/\/www.alexetalex.com\/ca\/\",\"name\":\"\",\"description\":\"\",\"publisher\":{\"@id\":\"https:\/\/www.alexetalex.com\/ca\/#organization\"},\"potentialAction\":[{\"@type\":\"SearchAction\",\"target\":{\"@type\":\"EntryPoint\",\"urlTemplate\":\"https:\/\/www.alexetalex.com\/ca\/?s={search_term_string}\"},\"query-input\":\"required name=search_term_string\"}],\"inLanguage\":\"fr-FR\"},{\"@type\":\"ImageObject\",\"@id\":\"https:\/\/www.alexetalex.com\/ca\/dossiers-fruites\/route-des-fruits\/vavangue\/#primaryimage\",\"inLanguage\":\"fr-FR\",\"url\":\"https:\/\/www.alexetalex.com\/ca\/wp-content\/uploads\/2020\/05\/vavangue.jpg\",\"contentUrl\":\"https:\/\/www.alexetalex.com\/ca\/wp-content\/uploads\/2020\/05\/vavangue.jpg\",\"width\":1200,\"height\":700,\"caption\":\"Vavangue : fruit\"},{\"@type\":\"WebPage\",\"@id\":\"https:\/\/www.alexetalex.com\/ca\/dossiers-fruites\/route-des-fruits\/vavangue\/#webpage\",\"url\":\"https:\/\/www.alexetalex.com\/ca\/dossiers-fruites\/route-des-fruits\/vavangue\/\",\"name\":\"Vavangue : le guide complet de ce fruit originaire de Madagascar - A&A\",\"isPartOf\":{\"@id\":\"https:\/\/www.alexetalex.com\/ca\/#website\"},\"primaryImageOfPage\":{\"@id\":\"https:\/\/www.alexetalex.com\/ca\/dossiers-fruites\/route-des-fruits\/vavangue\/#primaryimage\"},\"datePublished\":\"2020-05-04T22:49:37+00:00\",\"dateModified\":\"2020-05-18T07:49:23+00:00\",\"description\":\"On dirait une pomme, son go\\u00fbt ressemble au tamarin, mais c'est une vavangue\\u00a0! Ce fruit atypique d\\u2019Afrique de l\\u2019Est est aussi appel\\u00e9 de tamarin de l\\u2019Inde\",\"breadcrumb\":{\"@id\":\"https:\/\/www.alexetalex.com\/ca\/dossiers-fruites\/route-des-fruits\/vavangue\/#breadcrumb\"},\"inLanguage\":\"fr-FR\",\"potentialAction\":[{\"@type\":\"ReadAction\",\"target\":[\"https:\/\/www.alexetalex.com\/ca\/dossiers-fruites\/route-des-fruits\/vavangue\/\"]}]},{\"@type\":\"BreadcrumbList\",\"@id\":\"https:\/\/www.alexetalex.com\/ca\/dossiers-fruites\/route-des-fruits\/vavangue\/#breadcrumb\",\"itemListElement\":[{\"@type\":\"ListItem\",\"position\":1,\"name\":\"Magazine\",\"item\":\"https:\/\/www.alexetalex.com\/ca\/dossiers-fruites\/\"},{\"@type\":\"ListItem\",\"position\":2,\"name\":\"Fruits\",\"item\":\"https:\/\/www.alexetalex.com\/ca\/dossiers-fruites\/route-des-fruits\/\"},{\"@type\":\"ListItem\",\"position\":3,\"name\":\"La Vavangue : tout conna\\u00eetre sur ce fruit d\\u00e9licieux originaire de Madagascar\"}]}]}<\/script>\n<!-- \/ Yoast SEO plugin. -->","yoast_head_json":{"title":"Vavangue : le guide complet de ce fruit originaire de Madagascar - A&A","description":"On dirait une pomme, son go\u00fbt ressemble au tamarin, mais c'est une vavangue\u00a0! Ce fruit atypique d\u2019Afrique de l\u2019Est est aussi appel\u00e9 de tamarin de l\u2019Inde","robots":{"index":"index","follow":"follow","max-snippet":"max-snippet:-1","max-image-preview":"max-image-preview:large","max-video-preview":"max-video-preview:-1"},"canonical":"https:\/\/www.alexetalex.com\/ca\/dossiers-fruites\/route-des-fruits\/vavangue\/","og_locale":"fr_FR","og_type":"article","og_title":"Vavangue : le guide complet de ce fruit originaire de Madagascar - A&A","og_description":"On dirait une pomme, son go\u00fbt ressemble au tamarin, mais c'est une vavangue\u00a0! Ce fruit atypique d\u2019Afrique de l\u2019Est est aussi appel\u00e9 de tamarin de l\u2019Inde","og_url":"https:\/\/www.alexetalex.com\/ca\/dossiers-fruites\/route-des-fruits\/vavangue\/","article_modified_time":"2020-05-18T07:49:23+00:00","og_image":[{"width":1200,"height":700,"url":"https:\/\/www.alexetalex.com\/ca\/wp-content\/uploads\/2020\/05\/vavangue.jpg","type":"image\/jpeg"}],"twitter_misc":{"Dur\u00e9e de lecture estim\u00e9e":"8 minutes"},"schema":{"@context":"https:\/\/schema.org","@graph":[{"@type":"Organization","@id":"https:\/\/www.alexetalex.com\/ca\/#organization","name":"Alex & Alex","url":"https:\/\/www.alexetalex.com\/ca\/","sameAs":[],"logo":{"@type":"ImageObject","@id":"https:\/\/www.alexetalex.com\/ca\/#logo","inLanguage":"fr-FR","url":"https:\/\/www.alexetalex.com\/ca\/wp-content\/uploads\/2020\/04\/alexalex-1.png","contentUrl":"https:\/\/www.alexetalex.com\/ca\/wp-content\/uploads\/2020\/04\/alexalex-1.png","width":51,"height":50,"caption":"Alex & Alex"},"image":{"@id":"https:\/\/www.alexetalex.com\/ca\/#logo"}},{"@type":"WebSite","@id":"https:\/\/www.alexetalex.com\/ca\/#website","url":"https:\/\/www.alexetalex.com\/ca\/","name":"","description":"","publisher":{"@id":"https:\/\/www.alexetalex.com\/ca\/#organization"},"potentialAction":[{"@type":"SearchAction","target":{"@type":"EntryPoint","urlTemplate":"https:\/\/www.alexetalex.com\/ca\/?s={search_term_string}"},"query-input":"required name=search_term_string"}],"inLanguage":"fr-FR"},{"@type":"ImageObject","@id":"https:\/\/www.alexetalex.com\/ca\/dossiers-fruites\/route-des-fruits\/vavangue\/#primaryimage","inLanguage":"fr-FR","url":"https:\/\/www.alexetalex.com\/ca\/wp-content\/uploads\/2020\/05\/vavangue.jpg","contentUrl":"https:\/\/www.alexetalex.com\/ca\/wp-content\/uploads\/2020\/05\/vavangue.jpg","width":1200,"height":700,"caption":"Vavangue : fruit"},{"@type":"WebPage","@id":"https:\/\/www.alexetalex.com\/ca\/dossiers-fruites\/route-des-fruits\/vavangue\/#webpage","url":"https:\/\/www.alexetalex.com\/ca\/dossiers-fruites\/route-des-fruits\/vavangue\/","name":"Vavangue : le guide complet de ce fruit originaire de Madagascar - A&A","isPartOf":{"@id":"https:\/\/www.alexetalex.com\/ca\/#website"},"primaryImageOfPage":{"@id":"https:\/\/www.alexetalex.com\/ca\/dossiers-fruites\/route-des-fruits\/vavangue\/#primaryimage"},"datePublished":"2020-05-04T22:49:37+00:00","dateModified":"2020-05-18T07:49:23+00:00","description":"On dirait une pomme, son go\u00fbt ressemble au tamarin, mais c'est une vavangue\u00a0! Ce fruit atypique d\u2019Afrique de l\u2019Est est aussi appel\u00e9 de tamarin de l\u2019Inde","breadcrumb":{"@id":"https:\/\/www.alexetalex.com\/ca\/dossiers-fruites\/route-des-fruits\/vavangue\/#breadcrumb"},"inLanguage":"fr-FR","potentialAction":[{"@type":"ReadAction","target":["https:\/\/www.alexetalex.com\/ca\/dossiers-fruites\/route-des-fruits\/vavangue\/"]}]},{"@type":"BreadcrumbList","@id":"https:\/\/www.alexetalex.com\/ca\/dossiers-fruites\/route-des-fruits\/vavangue\/#breadcrumb","itemListElement":[{"@type":"ListItem","position":1,"name":"Magazine","item":"https:\/\/www.alexetalex.com\/ca\/dossiers-fruites\/"},{"@type":"ListItem","position":2,"name":"Fruits","item":"https:\/\/www.alexetalex.com\/ca\/dossiers-fruites\/route-des-fruits\/"},{"@type":"ListItem","position":3,"name":"La Vavangue : tout conna\u00eetre sur ce fruit d\u00e9licieux originaire de Madagascar"}]}]}},"_links":{"self":[{"href":"https:\/\/www.alexetalex.com\/ca\/wp-json\/wp\/v2\/pages\/16759"}],"collection":[{"href":"https:\/\/www.alexetalex.com\/ca\/wp-json\/wp\/v2\/pages"}],"about":[{"href":"https:\/\/www.alexetalex.com\/ca\/wp-json\/wp\/v2\/types\/page"}],"author":[{"embeddable":true,"href":"https:\/\/www.alexetalex.com\/ca\/wp-json\/wp\/v2\/users\/4"}],"replies":[{"embeddable":true,"href":"https:\/\/www.alexetalex.com\/ca\/wp-json\/wp\/v2\/comments?post=16759"}],"version-history":[{"count":7,"href":"https:\/\/www.alexetalex.com\/ca\/wp-json\/wp\/v2\/pages\/16759\/revisions"}],"predecessor-version":[{"id":17085,"href":"https:\/\/www.alexetalex.com\/ca\/wp-json\/wp\/v2\/pages\/16759\/revisions\/17085"}],"up":[{"embeddable":true,"href":"https:\/\/www.alexetalex.com\/ca\/wp-json\/wp\/v2\/pages\/8732"}],"wp:featuredmedia":[{"embeddable":true,"href":"https:\/\/www.alexetalex.com\/ca\/wp-json\/wp\/v2\/media\/16744"}],"wp:attachment":[{"href":"https:\/\/www.alexetalex.com\/ca\/wp-json\/wp\/v2\/media?parent=16759"}],"curies":[{"name":"wp","href":"https:\/\/api.w.org\/{rel}","templated":true}]}}