{"id":16771,"date":"2020-05-05T00:07:45","date_gmt":"2020-05-04T23:07:45","guid":{"rendered":"https:\/\/www.alexetalex.com\/ca\/?page_id=16771"},"modified":"2020-05-08T00:11:18","modified_gmt":"2020-05-07T23:11:18","slug":"comment-booster-la-convivialite-au-bureau","status":"publish","type":"page","link":"https:\/\/www.alexetalex.com\/ca\/dossiers-fruites\/guide-office-manager\/comment-booster-la-convivialite-au-bureau\/","title":{"rendered":"Comment booster la convivialit\u00e9 au bureau ?"},"content":{"rendered":"<p><H1>10 id\u00e9es pour entretenir la convivialit\u00e9 au bureau<\/H1><\/p>\n<p><H2>I] Pr\u00e9ambule : l\u2019espace de travail \u2013 l\u2019art d\u2019allier performance et convivialit\u00e9<\/H2><\/p>\n<p>L\u2019univers des start-ups a apport\u00e9 une r\u00e9volution dans la conception des espaces de travail : des espaces qui concilient d\u00e9sormais professionnalisme et d\u00e9tente.<\/p>\n<p>Notre conviction est que l\u2019environnement de travail, le \u00ab bureau \u00bb, aura un poids de plus en plus important dans le succ\u00e8s des entreprises, dans leurs capacit\u00e9s \u00e0 f\u00e9d\u00e9rer des \u00e9quipes, \u00e0 mettre en commun des comp\u00e9tences et des savoir-faire individuels.<\/p>\n<p>Le bureau d\u2019aujourd\u2019hui doit \u00e0 la fois \u00eatre adapt\u00e9 aux exigences professionnelles (concentration, production, recherche de compromis, d\u00e9cision, cr\u00e9ativit\u00e9, travail en \u00e9quipe&#8230;etc.). Mais il doit aussi prendre en consid\u00e9ration \u00ab l\u2019envie de chez soi \u00bb des collaborateurs : \u00eatre ressour\u00e7ant, ludique, agr\u00e9able et convivial.<\/p>\n<p>Ce bureau, nous vous aidons \u00e0 le construire aujourd\u2019hui.<\/p>\n<p><H2>II] 10 id\u00e9es convivialit\u00e9<\/H2><\/p>\n<p><H3>Id\u00e9e 1 : prendre le temps d\u2019une vraie pause d\u00e9jeuner entre coll\u00e8gues<\/H3><\/p>\n<p>Le temps moyen de pause au d\u00e9jeuner est pass\u00e9 de pr\u00e8s de 1H30 en 1990 \u00e0 moins de 20 minutes aujourd\u2019hui&#8230; Beaucoup pr\u00e9f\u00e8rent en effet manger sur le pouce, voire, devant un ordinateur&#8230;<\/p>\n<p>La pause d\u00e9jeuner, c\u2019est pourtant le break indispensable dans une journ\u00e9e de travail. Non seulement afin de faire le plein d\u2019\u00e9nergie pour attaquer la seconde partie de la journ\u00e9e, mais \u00e9galement sur les plans psychologiques et de coh\u00e9sion d\u2019\u00e9quipe.<\/p>\n<p>Prendre un fruit en dessert est aussi une tr\u00e8s bonne id\u00e9e !<\/p>\n<p><H3>Id\u00e9e 2 : faire du sport entre coll\u00e8gues<\/H3><\/p>\n<p>Plusieurs \u00e9tudes ont montr\u00e9 que le sport est b\u00e9n\u00e9fique \u00e0 la fois sur le plan de la sant\u00e9, mais aussi, chose moins intuitive, de la productivit\u00e9 au travail, de la bonne humeur et du bien-\u00eatre en g\u00e9n\u00e9ral. Pratiquer une activit\u00e9 sportive r\u00e9guli\u00e8re est donc d\u00e9j\u00e0 en soit une bonne id\u00e9e. Mais pratiquer le sport entre coll\u00e8gues a par ailleurs d\u2019autres vertus : cela permet de souder les \u00e9quipes, de cr\u00e9er une vraie coh\u00e9sion et une vraie coop\u00e9ration (notamment dans le cadre dese sports d\u2019\u00e9quipe), cela aide \u00e0 construire une confiance mutuelle entre salari\u00e9s\u2026<\/p>\n<p><H3>Id\u00e9e 3 : opter pour de la nourriture saine en entreprise<\/H3><\/p>\n<p>Termin\u00e9 les pots du vendredi soir autour de l\u2019ind\u00e9boulonnable duo paquet de chips\/cacahu\u00e8tes, faites le choix de la nourriture saine en proposant \u00e0 vos employ\u00e9s des l\u00e9gumes (carottes, concombres, \u2026) coup\u00e9s en lamelles. Pour les gourmands, accompagnez les d\u2019houmous ou de teriyaki par exemple\u2026<\/p>\n<p><H3>Id\u00e9e 4 : mettre en place des livraisons de fruits frais chaque semaine<\/H3><\/p>\n<p>Pour \u00e9viter que vos \u00e9quipes se jettent sur les traditionnels g\u00e2teaux ou barres chocolat\u00e9s lors de leur fringale de l\u2019apr\u00e8s-midi, faites-vous livrer r\u00e9guli\u00e8rement des fruits frais et comme Google ou Facebook, mettez-les gratuitement \u00e0 disposition de vos salari\u00e9s. Ce n\u2019est pas tr\u00e8s cher et tout le monde aime les fruits !<\/p>\n<p><H3>Id\u00e9e 5 : c\u00e9l\u00e9brer les embauches en organisant des d\u00e9jeuners \u00e0 l\u2019ext\u00e9rieur<\/H3><\/p>\n<p>De deux choses l\u2019une : vous participerez \u00e0 l\u2019\u00e9conomie de quartier, qui est une base essentielle pour tout entrepreneur. Et surtout, ce d\u00e9jeuner permettra de souder votre \u00e9quipe et d\u2019accueillir de la meilleure des mani\u00e8res un nouvel employ\u00e9.<\/p>\n<p><H3>Id\u00e9e 6 : arr\u00eater d\u2019offrir \u00e0 vos collaborateurs des boissons charg\u00e9es en sucre<\/H3><\/p>\n<p>Pourquoi ne pas remplacer le th\u00e9 glac\u00e9 ou les sodas du supermarch\u00e9 par du th\u00e9 glac\u00e9 fait maison ? N\u2019h\u00e9sitez pas \u00e0 privil\u00e9gier les oranges press\u00e9es sans sucre ajout\u00e9, ou le simple cocktail eau \/ citron press\u00e9, pour des pauses vitamin\u00e9es !<\/p>\n<p><H3>Id\u00e9e 7 : mettre Des plantes dans vos bureaux<\/H3><\/p>\n<p>Une \u00e9tude datant de 2010 a prouv\u00e9 qu\u2019une plante verte par poste de travail pouvait augmenter significativement la bonne humeur ambiante. A m\u00e9diter !<\/p>\n<p><H3>Id\u00e9e 8 : cr\u00e9er de vrais espaces de discussion et de d\u00e9tente conviviaux <\/H3><\/p>\n<p>Fini les espaces de travail uniquement destin\u00e9s \u00e0 la productivit\u00e9, aust\u00e8res, et froids.<\/p>\n<p><H3>Id\u00e9e 9 : installer un mini-jardin dans votre entreprise<\/H3><\/p>\n<p>Herbes aromatiques, mini-tomates\u2026etc. Certaines mini-culture, en int\u00e9rieur, sont tr\u00e8s faciles d\u2019entretien. Pour par exemple avoir de jolis produits frais dans votre entreprise<\/p>\n<p><H3>Id\u00e9e 10 : \u00e0 vous de jouer !<\/H3><\/p>\n","protected":false},"excerpt":{"rendered":"<p>10 id\u00e9es pour entretenir la convivialit\u00e9 au bureau I] Pr\u00e9ambule : l\u2019espace de travail \u2013 l\u2019art d\u2019allier performance et convivialit\u00e9 L\u2019univers des start-ups a apport\u00e9 une r\u00e9volution dans la conception des espaces de travail : des espaces qui concilient d\u00e9sormais professionnalisme et d\u00e9tente. Notre conviction est que l\u2019environnement de travail, le \u00ab bureau \u00bb, aura [&hellip;]<\/p>\n","protected":false},"author":4,"featured_media":16910,"parent":8730,"menu_order":0,"comment_status":"closed","ping_status":"closed","template":"","meta":{"_et_pb_use_builder":"","_et_pb_old_content":"","_et_gb_content_width":""},"acf":[],"yoast_head":"<!-- This site is optimized with the Yoast SEO plugin v17.6 - https:\/\/yoast.com\/wordpress\/plugins\/seo\/ -->\n<title>10 id\u00e9es essentielles pour entretenir la convivialit\u00e9 au bureau - Alex &amp; Alex<\/title>\n<meta name=\"description\" content=\"L\u2019univers des start-ups a apport\u00e9 une r\u00e9volution dans la conception des espaces de travail : ils concilient d\u00e9sormais professionnalisme, convivialit\u00e9 et d\u00e9tente\" \/>\n<meta name=\"robots\" content=\"index, follow, max-snippet:-1, max-image-preview:large, max-video-preview:-1\" \/>\n<link rel=\"canonical\" href=\"https:\/\/www.alexetalex.com\/ca\/dossiers-fruites\/guide-office-manager\/comment-booster-la-convivialite-au-bureau\/\" \/>\n<meta property=\"og:locale\" content=\"fr_FR\" \/>\n<meta property=\"og:type\" content=\"article\" \/>\n<meta property=\"og:title\" content=\"10 id\u00e9es essentielles pour entretenir la convivialit\u00e9 au bureau - Alex &amp; Alex\" \/>\n<meta property=\"og:description\" content=\"L\u2019univers des start-ups a apport\u00e9 une r\u00e9volution dans la conception des espaces de travail : ils concilient d\u00e9sormais professionnalisme, convivialit\u00e9 et d\u00e9tente\" \/>\n<meta property=\"og:url\" content=\"https:\/\/www.alexetalex.com\/ca\/dossiers-fruites\/guide-office-manager\/comment-booster-la-convivialite-au-bureau\/\" \/>\n<meta property=\"article:modified_time\" content=\"2020-05-07T23:11:18+00:00\" \/>\n<meta property=\"og:image\" content=\"https:\/\/www.alexetalex.com\/ca\/wp-content\/uploads\/2020\/05\/convivial.jpg\" \/>\n\t<meta property=\"og:image:width\" content=\"800\" \/>\n\t<meta property=\"og:image:height\" content=\"500\" \/>\n<meta name=\"twitter:label1\" content=\"Dur\u00e9e de lecture estim\u00e9e\" \/>\n\t<meta name=\"twitter:data1\" content=\"4 minutes\" \/>\n<script type=\"application\/ld+json\" class=\"yoast-schema-graph\">{\"@context\":\"https:\/\/schema.org\",\"@graph\":[{\"@type\":\"Organization\",\"@id\":\"https:\/\/www.alexetalex.com\/ca\/#organization\",\"name\":\"Alex & Alex\",\"url\":\"https:\/\/www.alexetalex.com\/ca\/\",\"sameAs\":[],\"logo\":{\"@type\":\"ImageObject\",\"@id\":\"https:\/\/www.alexetalex.com\/ca\/#logo\",\"inLanguage\":\"fr-FR\",\"url\":\"https:\/\/www.alexetalex.com\/ca\/wp-content\/uploads\/2020\/04\/alexalex-1.png\",\"contentUrl\":\"https:\/\/www.alexetalex.com\/ca\/wp-content\/uploads\/2020\/04\/alexalex-1.png\",\"width\":51,\"height\":50,\"caption\":\"Alex & Alex\"},\"image\":{\"@id\":\"https:\/\/www.alexetalex.com\/ca\/#logo\"}},{\"@type\":\"WebSite\",\"@id\":\"https:\/\/www.alexetalex.com\/ca\/#website\",\"url\":\"https:\/\/www.alexetalex.com\/ca\/\",\"name\":\"\",\"description\":\"\",\"publisher\":{\"@id\":\"https:\/\/www.alexetalex.com\/ca\/#organization\"},\"potentialAction\":[{\"@type\":\"SearchAction\",\"target\":{\"@type\":\"EntryPoint\",\"urlTemplate\":\"https:\/\/www.alexetalex.com\/ca\/?s={search_term_string}\"},\"query-input\":\"required name=search_term_string\"}],\"inLanguage\":\"fr-FR\"},{\"@type\":\"ImageObject\",\"@id\":\"https:\/\/www.alexetalex.com\/ca\/dossiers-fruites\/guide-office-manager\/comment-booster-la-convivialite-au-bureau\/#primaryimage\",\"inLanguage\":\"fr-FR\",\"url\":\"https:\/\/www.alexetalex.com\/ca\/wp-content\/uploads\/2020\/05\/convivial.jpg\",\"contentUrl\":\"https:\/\/www.alexetalex.com\/ca\/wp-content\/uploads\/2020\/05\/convivial.jpg\",\"width\":800,\"height\":500},{\"@type\":\"WebPage\",\"@id\":\"https:\/\/www.alexetalex.com\/ca\/dossiers-fruites\/guide-office-manager\/comment-booster-la-convivialite-au-bureau\/#webpage\",\"url\":\"https:\/\/www.alexetalex.com\/ca\/dossiers-fruites\/guide-office-manager\/comment-booster-la-convivialite-au-bureau\/\",\"name\":\"10 id\\u00e9es essentielles pour entretenir la convivialit\\u00e9 au bureau - Alex & Alex\",\"isPartOf\":{\"@id\":\"https:\/\/www.alexetalex.com\/ca\/#website\"},\"primaryImageOfPage\":{\"@id\":\"https:\/\/www.alexetalex.com\/ca\/dossiers-fruites\/guide-office-manager\/comment-booster-la-convivialite-au-bureau\/#primaryimage\"},\"datePublished\":\"2020-05-04T23:07:45+00:00\",\"dateModified\":\"2020-05-07T23:11:18+00:00\",\"description\":\"L\\u2019univers des start-ups a apport\\u00e9 une r\\u00e9volution dans la conception des espaces de travail : ils concilient d\\u00e9sormais professionnalisme, convivialit\\u00e9 et d\\u00e9tente\",\"breadcrumb\":{\"@id\":\"https:\/\/www.alexetalex.com\/ca\/dossiers-fruites\/guide-office-manager\/comment-booster-la-convivialite-au-bureau\/#breadcrumb\"},\"inLanguage\":\"fr-FR\",\"potentialAction\":[{\"@type\":\"ReadAction\",\"target\":[\"https:\/\/www.alexetalex.com\/ca\/dossiers-fruites\/guide-office-manager\/comment-booster-la-convivialite-au-bureau\/\"]}]},{\"@type\":\"BreadcrumbList\",\"@id\":\"https:\/\/www.alexetalex.com\/ca\/dossiers-fruites\/guide-office-manager\/comment-booster-la-convivialite-au-bureau\/#breadcrumb\",\"itemListElement\":[{\"@type\":\"ListItem\",\"position\":1,\"name\":\"Magazine\",\"item\":\"https:\/\/www.alexetalex.com\/ca\/dossiers-fruites\/\"},{\"@type\":\"ListItem\",\"position\":2,\"name\":\"Vie au travail\",\"item\":\"https:\/\/www.alexetalex.com\/ca\/dossiers-fruites\/guide-office-manager\/\"},{\"@type\":\"ListItem\",\"position\":3,\"name\":\"Comment booster la convivialit\\u00e9 au bureau ?\"}]}]}<\/script>\n<!-- \/ Yoast SEO plugin. -->","yoast_head_json":{"title":"10 id\u00e9es essentielles pour entretenir la convivialit\u00e9 au bureau - Alex & Alex","description":"L\u2019univers des start-ups a apport\u00e9 une r\u00e9volution dans la conception des espaces de travail : ils concilient d\u00e9sormais professionnalisme, convivialit\u00e9 et d\u00e9tente","robots":{"index":"index","follow":"follow","max-snippet":"max-snippet:-1","max-image-preview":"max-image-preview:large","max-video-preview":"max-video-preview:-1"},"canonical":"https:\/\/www.alexetalex.com\/ca\/dossiers-fruites\/guide-office-manager\/comment-booster-la-convivialite-au-bureau\/","og_locale":"fr_FR","og_type":"article","og_title":"10 id\u00e9es essentielles pour entretenir la convivialit\u00e9 au bureau - Alex & Alex","og_description":"L\u2019univers des start-ups a apport\u00e9 une r\u00e9volution dans la conception des espaces de travail : ils concilient d\u00e9sormais professionnalisme, convivialit\u00e9 et d\u00e9tente","og_url":"https:\/\/www.alexetalex.com\/ca\/dossiers-fruites\/guide-office-manager\/comment-booster-la-convivialite-au-bureau\/","article_modified_time":"2020-05-07T23:11:18+00:00","og_image":[{"width":800,"height":500,"url":"https:\/\/www.alexetalex.com\/ca\/wp-content\/uploads\/2020\/05\/convivial.jpg","type":"image\/jpeg"}],"twitter_misc":{"Dur\u00e9e de lecture estim\u00e9e":"4 minutes"},"schema":{"@context":"https:\/\/schema.org","@graph":[{"@type":"Organization","@id":"https:\/\/www.alexetalex.com\/ca\/#organization","name":"Alex & Alex","url":"https:\/\/www.alexetalex.com\/ca\/","sameAs":[],"logo":{"@type":"ImageObject","@id":"https:\/\/www.alexetalex.com\/ca\/#logo","inLanguage":"fr-FR","url":"https:\/\/www.alexetalex.com\/ca\/wp-content\/uploads\/2020\/04\/alexalex-1.png","contentUrl":"https:\/\/www.alexetalex.com\/ca\/wp-content\/uploads\/2020\/04\/alexalex-1.png","width":51,"height":50,"caption":"Alex & Alex"},"image":{"@id":"https:\/\/www.alexetalex.com\/ca\/#logo"}},{"@type":"WebSite","@id":"https:\/\/www.alexetalex.com\/ca\/#website","url":"https:\/\/www.alexetalex.com\/ca\/","name":"","description":"","publisher":{"@id":"https:\/\/www.alexetalex.com\/ca\/#organization"},"potentialAction":[{"@type":"SearchAction","target":{"@type":"EntryPoint","urlTemplate":"https:\/\/www.alexetalex.com\/ca\/?s={search_term_string}"},"query-input":"required name=search_term_string"}],"inLanguage":"fr-FR"},{"@type":"ImageObject","@id":"https:\/\/www.alexetalex.com\/ca\/dossiers-fruites\/guide-office-manager\/comment-booster-la-convivialite-au-bureau\/#primaryimage","inLanguage":"fr-FR","url":"https:\/\/www.alexetalex.com\/ca\/wp-content\/uploads\/2020\/05\/convivial.jpg","contentUrl":"https:\/\/www.alexetalex.com\/ca\/wp-content\/uploads\/2020\/05\/convivial.jpg","width":800,"height":500},{"@type":"WebPage","@id":"https:\/\/www.alexetalex.com\/ca\/dossiers-fruites\/guide-office-manager\/comment-booster-la-convivialite-au-bureau\/#webpage","url":"https:\/\/www.alexetalex.com\/ca\/dossiers-fruites\/guide-office-manager\/comment-booster-la-convivialite-au-bureau\/","name":"10 id\u00e9es essentielles pour entretenir la convivialit\u00e9 au bureau - Alex & Alex","isPartOf":{"@id":"https:\/\/www.alexetalex.com\/ca\/#website"},"primaryImageOfPage":{"@id":"https:\/\/www.alexetalex.com\/ca\/dossiers-fruites\/guide-office-manager\/comment-booster-la-convivialite-au-bureau\/#primaryimage"},"datePublished":"2020-05-04T23:07:45+00:00","dateModified":"2020-05-07T23:11:18+00:00","description":"L\u2019univers des start-ups a apport\u00e9 une r\u00e9volution dans la conception des espaces de travail : ils concilient d\u00e9sormais professionnalisme, convivialit\u00e9 et d\u00e9tente","breadcrumb":{"@id":"https:\/\/www.alexetalex.com\/ca\/dossiers-fruites\/guide-office-manager\/comment-booster-la-convivialite-au-bureau\/#breadcrumb"},"inLanguage":"fr-FR","potentialAction":[{"@type":"ReadAction","target":["https:\/\/www.alexetalex.com\/ca\/dossiers-fruites\/guide-office-manager\/comment-booster-la-convivialite-au-bureau\/"]}]},{"@type":"BreadcrumbList","@id":"https:\/\/www.alexetalex.com\/ca\/dossiers-fruites\/guide-office-manager\/comment-booster-la-convivialite-au-bureau\/#breadcrumb","itemListElement":[{"@type":"ListItem","position":1,"name":"Magazine","item":"https:\/\/www.alexetalex.com\/ca\/dossiers-fruites\/"},{"@type":"ListItem","position":2,"name":"Vie au travail","item":"https:\/\/www.alexetalex.com\/ca\/dossiers-fruites\/guide-office-manager\/"},{"@type":"ListItem","position":3,"name":"Comment booster la convivialit\u00e9 au bureau ?"}]}]}},"_links":{"self":[{"href":"https:\/\/www.alexetalex.com\/ca\/wp-json\/wp\/v2\/pages\/16771"}],"collection":[{"href":"https:\/\/www.alexetalex.com\/ca\/wp-json\/wp\/v2\/pages"}],"about":[{"href":"https:\/\/www.alexetalex.com\/ca\/wp-json\/wp\/v2\/types\/page"}],"author":[{"embeddable":true,"href":"https:\/\/www.alexetalex.com\/ca\/wp-json\/wp\/v2\/users\/4"}],"replies":[{"embeddable":true,"href":"https:\/\/www.alexetalex.com\/ca\/wp-json\/wp\/v2\/comments?post=16771"}],"version-history":[{"count":2,"href":"https:\/\/www.alexetalex.com\/ca\/wp-json\/wp\/v2\/pages\/16771\/revisions"}],"predecessor-version":[{"id":16916,"href":"https:\/\/www.alexetalex.com\/ca\/wp-json\/wp\/v2\/pages\/16771\/revisions\/16916"}],"up":[{"embeddable":true,"href":"https:\/\/www.alexetalex.com\/ca\/wp-json\/wp\/v2\/pages\/8730"}],"wp:featuredmedia":[{"embeddable":true,"href":"https:\/\/www.alexetalex.com\/ca\/wp-json\/wp\/v2\/media\/16910"}],"wp:attachment":[{"href":"https:\/\/www.alexetalex.com\/ca\/wp-json\/wp\/v2\/media?parent=16771"}],"curies":[{"name":"wp","href":"https:\/\/api.w.org\/{rel}","templated":true}]}}