{"id":17277,"date":"2020-09-15T20:39:35","date_gmt":"2020-09-15T19:39:35","guid":{"rendered":"https:\/\/www.alexetalex.com\/ca\/?page_id=17277"},"modified":"2020-09-15T20:45:14","modified_gmt":"2020-09-15T19:45:14","slug":"fruits-au-bureau","status":"publish","type":"page","link":"https:\/\/www.alexetalex.com\/ca\/fruits-au-bureau\/","title":{"rendered":"Accueil2 &#8211; Fruits au bureau"},"content":{"rendered":"<p><H1>Livraison de fruits au bureau pour les entreprises \u00e0 Montr\u00e9al<\/H1><\/p>\n<p><\/br><\/p>\n<p><H2>Fruits en entreprise : nos services de livraison<\/H2><\/p>\n<p><\/br><\/p>\n <div class=\"hsg-featured-numb\">\n    <div>\n <p>1<\/p>\n <p>Corbeilles de fruits au bureau<\/p>\n\n<\/div>\n  \n<\/div>\n<p><\/br><\/p>\n<p>Alex &#038; Alex est le service N\u00b01 de fruits au bureau en France et au Canada. Pour votre service de fruits au bureau, nous s\u00e9lectionnons les meilleures vari\u00e9t\u00e9s de saison, composons votre corbeille de fruits comme un tableau, et la d\u00e9posons en matin\u00e9e, \u00e0 l\u2019endroit convenu avec vous.<\/p>\n<p>Gr\u00e2ce \u00e0 la souplesse de notre programme sans contrat, il est possible d\u2019adapter, de modifier ou de suspendre vos prestations \u00e0 tout moment. Notre service de livraison de fruits au bureau est en effet sans engagement et peut \u00eatre suspendu d\u2019une semaine sur l\u2019autre.<\/p>\n<p><\/br><\/p>\n <div class=\"hsg-featured-numb\">\n    <div>\n <p>2<\/p>\n <p>En-cas fruit\u00e9s au bureau<\/p>\n\n<\/div>\n  \n<\/div>\n<p><\/br><\/p>\n<p>En compl\u00e9ment de vos paniers de fruits au bureau, nous mettons \u00e0 la disposition des entreprises une large gamme de service autour de la convivialit\u00e9 au bureau : en-cas fruit\u00e9s, fruits secs, fruits s\u00e9ch\u00e9s, fruits \u00e0 jus&#8230;etc.<\/p>\n<p>Gr\u00e2ce \u00e0 notre  et \u00e0 notre savoir-faire, nous vous garantissons une qualit\u00e9 de prestation constante pour l\u2019ensemble de nos services.<\/p>\n<p><\/br><\/p>\n <div class=\"hsg-featured-numb\">\n    <div>\n <p>3<\/p>\n <p>Le 'Club Convialit\u00e9' pour les collaborateurs des entreprises clientes<\/p>\n\n<\/div>\n  \n<\/div>\n<p><\/br><\/p>\n<p>Avec Alex &#038; Alex, faites votre march\u00e9 en ligne pour obtenir des produits frais, locaux et responsables ; des produits biologiques ou cultiv\u00e9s de fa\u00e7on durable ! Ce service est uniquement disponible pour les collaborateurs dans les entreprises qui b\u00e9n\u00e9ficient d\u00e9j\u00e0 de notre service corporatif.<\/p>\n<p><\/br><\/p>\n<p><img loading=\"lazy\" src=\"https:\/\/www.alexetalex.com\/wp-content\/uploads\/2020\/09\/AlexAlex-frise-V6-light-2400px.jpg\" alt=\"Service de livraison de corbeilles de fruits au bureau pour les entreprises \u00e0 Paris\" width=\"2395\" height=\"801\" class=\"alignnone size-full wp-image-18358\" \/><\/p>\n<p><\/br><\/p>\n<p><H2>Les garanties associ\u00e9es \u00e0 nos services de fruits au bureau<\/H2><\/p>\n<p><\/br><\/p>\n <div class=\"hsg-featured-numb\">\n    <div>\n <p>1<\/p>\n <p>La qualit\u00e9 des fruits et du service<\/p>\n\n<\/div>\n  \n<\/div>\n<p><\/br><\/p>\n<p>Nous vous garantissons une des meilleures qualit\u00e9 de fruits et une s\u00e9lection attentionn\u00e9e des provenances. Notre service de livraison de paniers de fruits en entreprises totalement int\u00e9gr\u00e9, est pl\u00e9biscit\u00e9 en France mais \u00e9galement au Canada. Notre savoir-faire est reconnu par plus de 1200 entreprises clientes chez qui nous mettons \u00e0 disposition chaque semaine une \u00e0 plusieurs corbeilles de fruits.<\/p>\n<p><\/br><\/p>\n <div class=\"hsg-featured-numb\">\n    <div>\n <p>2<\/p>\n <p>Des producteurs de fruits acteurs du d\u00e9veloppement durable<\/p>\n\n<\/div>\n  \n<\/div>\n<p><\/br><\/p>\n<p>Il y a producteurs et producteurs passionn\u00e9s\u2026 Pour votre service de fruits au bureau, nous travaillons avec des producteurs de fruits passionn\u00e9s par leur m\u00e9tier, et amoureux des leurs produits. Nous soutenons la permaculture et les bonnes pratiques de culture, respectueuses de l\u2019environnement.<\/p>\n<p><\/br><\/p>\n <div class=\"hsg-featured-numb\">\n    <div>\n <p>3<\/p>\n <p>Une prise de commande simple et personnalis\u00e9e<\/p>\n\n<\/div>\n  \n<\/div>\n<p><\/br><\/p>\n<p>Nous sommes \u00ab sur-vitamin\u00e9s \u00bb et toujours pr\u00eats \u00e0 vous accompagner dans vos projets \u00ab sant\u00e9 et convivialit\u00e9 au bureau \u00bb. R\u00e9pondre aux interrogations des Office Managers, ou des Services G\u00e9n\u00e9raux fait partie de notre quotidien. Toujours en avance sur les tendances, nous les aidons \u00e0 amener dans leur entreprise des valeurs de partage et de solidarit\u00e9 pour un meilleur \u00ab vivre ensemble \u00bb au travail.<\/p>\n<p><\/br><\/p>\n <div class=\"hsg-featured-numb\">\n    <div>\n <p>4<\/p>\n <p>Une prestation en toute libert\u00e9<\/p>\n\n<\/div>\n  \n<\/div>\n<p><\/br><\/p>\n<p>Nos prestations de livraison de paniers de fruits frais au bureau sont sans engagement. Vous \u00eates tout \u00e0 fait libre d\u2019ajuster le rythme de vos livraisons ou le type de produits dont vous souhaitez b\u00e9n\u00e9ficier. Et ce, \u00e0 tout moment, sur simple demande.<\/p>\n<p><\/br><\/p>\n <div class=\"hsg-featured-numb\">\n    <div>\n <p>5<\/p>\n <p>La livraison 100% gratuite<\/p>\n\n<\/div>\n  \n<\/div>\n<p><\/br><\/p>\n<p>La livraison des fruits dans votre (vos) bureau(x) \u00e0 Paris et en \u00eele-de-France est toujours gratuite sur l\u2019ensemble de nos zones de livraison actives. Nos tarifs, quant \u00e0 eux, varient en fonction des quantit\u00e9s command\u00e9es et de la fr\u00e9quence des livraisons. N\u2019h\u00e9sitez pas \u00e0 nous contacter afin d\u2019obtenir un devis personnalis\u00e9 pour nos services de fruits au bureau. Et si vous avez des questions, nous nous ferons un plaisir de vous conseiller.<\/p>\n<p><\/br><\/p>\n<p><img loading=\"lazy\" src=\"https:\/\/www.alexetalex.com\/wp-content\/uploads\/2020\/09\/AlexAlex-frise-V7-light-2400px.jpg\" alt=\"\" width=\"2395\" height=\"801\" class=\"alignnone size-full wp-image-18354\" \/><\/p>\n<p><\/br><\/p>\n<p><H2>Le guide de l&rsquo;Office Manager<\/H2><\/p>\n<p><\/br><\/p>\n <div class=\"hsg-featured-numb\">\n    <div>\n <p>1<\/p>\n <p>Comment mettre en place le service de fruits au bureau ?<\/p>\n\n<\/div>\n  \n<\/div>\n<p><\/br><\/p>\n<p>Il est possible de demander la mise en place du service directement depuis notre site Internet. Pour cela, il vous suffit d&rsquo;acc\u00e9der \u00e0 la page d\u00e9di\u00e9e \u00e0 nos <a href=\"https:\/\/www.alexetalex.com\/ca\/\">services de livraison de fruits au bureau<\/a>, de choisir les services dont vous avez besoin, et de nous faire part de vos \u00e9ventuelles demandes sp\u00e9cifiques.<\/p>\n<p>Il est possible de mettre en place le service de livraison de fruits au bureau en moins de 48H gr\u00e2ce \u00e0 notre programme sans contrat. Durant les premi\u00e8res semaines qui suivent la mise en place du service de livraison de fruits au bureau, notre \u00e9quipe est l\u00e0 pour vous accompagner dans votre d\u00e9marche \u00ab sant\u00e9 et convivialit\u00e9 sur le lieu de travail \u00bb.<\/p>\n<p><\/br><\/p>\n <div class=\"hsg-featured-numb\">\n    <div>\n <p>2<\/p>\n <p>Une \u00e9quipe de professionnels \u00e0 votre service<\/p>\n\n<\/div>\n  \n<\/div>\n<p><\/br><\/p>\n<p>Nous sommes \u00e0 votre disposition afin de vous accompagner dans votre projet de convivialit\u00e9 au bureau. Nous avons \u00e0 c\u0153ur que ce projet soit une r\u00e9ussite. N\u2019h\u00e9sitez pas \u00e0 nous contacter, nous nous ferons un plaisir de vous conseiller. N&rsquo;h\u00e9sitez pas \u00e0 nous solliciter au 01 47 71 86 34.<\/p>\n<p><\/br><\/p>\n <div class=\"hsg-featured-numb\">\n    <div>\n <p>3<\/p>\n <p>Les questions les plus pos\u00e9es<\/p>\n\n<\/div>\n  \n<\/div>\n<p><\/br><\/p>\n<p><strong>Comment mettre en place un service de fruits au bureau ?<\/strong><\/p>\n<p>Du fait de notre pr\u00e9sence dans plus de 1200 soci\u00e9t\u00e9s, et gr\u00e2ce \u00e0 notre savoir-faire m\u00e9tier, vous b\u00e9n\u00e9ficierez du meilleur accompagnement possible pour la mise en place de votre projet. Nous pouvons notamment vous conseiller sur le volume de fruits n\u00e9cessaire, sur le meilleur endroit dans votre entreprise pour installer le panier, ou bien encore sur la fa\u00e7on d&rsquo;assurer un fonctionnement optimal de la prestation et qui profite au plus grand nombre dans votre entreprise.<\/p>\n<p><\/br><\/p>\n<p><strong>Quel budget pr\u00e9voir pour la livraison de fruits en entreprise ?<\/strong><\/p>\n<p>Vous pouvez mettre en place un service de livraison int\u00e9gr\u00e9 dans votre entreprise \u00e0 partir de 25\u20ac par semaine. Notre \u00e9quipe de professionnels d\u00e9di\u00e9s vous accompagne de la commande \u00e0 la livraison de votre premier panier.<\/p>\n<p><\/br><\/p>\n<p><strong>Comment bien conserver des fruits au bureau ?<\/strong><\/p>\n<p>En p\u00e9riode de forte chaleur, afin d&rsquo;\u00e9viter les petites mouches autour de votre panier de fruits au bureau, nous avons une astuce pour vous ! Il vous suffit de d\u00e9poser dans la corbeille un bouchon de li\u00e8ge coup\u00e9 en 2. C&rsquo;est terriblement efficace !<\/p>\n<p><\/br><\/p>\n<p><strong>Que contiennent les corbeilles de fruits de saison ?<\/strong><\/p>\n<p>Parce que les fruits de saison sont plus savoureux lorsqu&rsquo;ils respectent les cycles de la nature, il est \u00e9vident que la composition de vos corbeilles de fruits au bureau varie en fonction des saisons. Des fruits frais et acidul\u00e9s pour l\u2019\u00e9t\u00e9. Des fruits croquants pour l\u2019automne. Des fruits vitamin\u00e9s pour l&rsquo;hiver. Et des fruits doux et sucr\u00e9s pour le printemps.<\/p>\n<p><\/br><\/p>\n<p><strong>D&rsquo;o\u00f9 proviennent les vari\u00e9t\u00e9s de vos fruits au bureau ?<\/strong><\/p>\n<p>Pour vos paniers de fruits au bureau, nous s\u00e9lectionnons les meilleures vari\u00e9t\u00e9s, issues des meilleurs vergers, et r\u00e9colt\u00e9es aux meilleurs moments de la saison afin de vous garantir les meilleures saveurs et la meilleure qualit\u00e9. Nous les s\u00e9lectionnons aupr\u00e8s de producteurs fid\u00e8les, partageant nos valeurs, tout en privil\u00e9giant essentiellement les productions de fruits locales, issues de nos r\u00e9gions fran\u00e7aises.<\/p>\n<p><img loading=\"lazy\" src=\"https:\/\/www.alexetalex.com\/wp-content\/uploads\/2020\/09\/bouton2.jpg\" alt=\"\" width=\"1920\" height=\"292\" class=\"alignnone size-full wp-image-18356\" \/><\/p>\n","protected":false},"excerpt":{"rendered":"<p>Livraison de fruits au bureau pour les entreprises \u00e0 Montr\u00e9al Fruits en entreprise : nos services de livraison Alex &#038; Alex est le service N\u00b01 de fruits au bureau en France et au Canada. Pour votre service de fruits au bureau, nous s\u00e9lectionnons les meilleures vari\u00e9t\u00e9s de saison, composons votre corbeille de fruits comme un [&hellip;]<\/p>\n","protected":false},"author":4,"featured_media":0,"parent":0,"menu_order":0,"comment_status":"closed","ping_status":"closed","template":"","meta":{"_et_pb_use_builder":"","_et_pb_old_content":"","_et_gb_content_width":""},"acf":[],"yoast_head":"<!-- This site is optimized with the Yoast SEO plugin v17.6 - https:\/\/yoast.com\/wordpress\/plugins\/seo\/ -->\n<title>Accueil2 - Fruits au bureau -<\/title>\n<meta name=\"robots\" content=\"index, follow, max-snippet:-1, max-image-preview:large, max-video-preview:-1\" \/>\n<link rel=\"canonical\" href=\"https:\/\/www.alexetalex.com\/ca\/fruits-au-bureau\/\" \/>\n<meta property=\"og:locale\" content=\"fr_FR\" \/>\n<meta property=\"og:type\" content=\"article\" \/>\n<meta property=\"og:title\" content=\"Accueil2 - Fruits au bureau -\" \/>\n<meta property=\"og:description\" content=\"Livraison de fruits au bureau pour les entreprises \u00e0 Montr\u00e9al Fruits en entreprise : nos services de livraison Alex &#038; Alex est le service N\u00b01 de fruits au bureau en France et au Canada. Pour votre service de fruits au bureau, nous s\u00e9lectionnons les meilleures vari\u00e9t\u00e9s de saison, composons votre corbeille de fruits comme un [&hellip;]\" \/>\n<meta property=\"og:url\" content=\"https:\/\/www.alexetalex.com\/ca\/fruits-au-bureau\/\" \/>\n<meta property=\"article:modified_time\" content=\"2020-09-15T19:45:14+00:00\" \/>\n<meta property=\"og:image\" content=\"https:\/\/www.alexetalex.com\/wp-content\/uploads\/2020\/09\/AlexAlex-frise-V6-light-2400px.jpg\" \/>\n<meta name=\"twitter:label1\" content=\"Dur\u00e9e de lecture estim\u00e9e\" \/>\n\t<meta name=\"twitter:data1\" content=\"6 minutes\" \/>\n<script type=\"application\/ld+json\" class=\"yoast-schema-graph\">{\"@context\":\"https:\/\/schema.org\",\"@graph\":[{\"@type\":\"Organization\",\"@id\":\"https:\/\/www.alexetalex.com\/ca\/#organization\",\"name\":\"Alex & Alex\",\"url\":\"https:\/\/www.alexetalex.com\/ca\/\",\"sameAs\":[],\"logo\":{\"@type\":\"ImageObject\",\"@id\":\"https:\/\/www.alexetalex.com\/ca\/#logo\",\"inLanguage\":\"fr-FR\",\"url\":\"https:\/\/www.alexetalex.com\/ca\/wp-content\/uploads\/2020\/04\/alexalex-1.png\",\"contentUrl\":\"https:\/\/www.alexetalex.com\/ca\/wp-content\/uploads\/2020\/04\/alexalex-1.png\",\"width\":51,\"height\":50,\"caption\":\"Alex & Alex\"},\"image\":{\"@id\":\"https:\/\/www.alexetalex.com\/ca\/#logo\"}},{\"@type\":\"WebSite\",\"@id\":\"https:\/\/www.alexetalex.com\/ca\/#website\",\"url\":\"https:\/\/www.alexetalex.com\/ca\/\",\"name\":\"\",\"description\":\"\",\"publisher\":{\"@id\":\"https:\/\/www.alexetalex.com\/ca\/#organization\"},\"potentialAction\":[{\"@type\":\"SearchAction\",\"target\":{\"@type\":\"EntryPoint\",\"urlTemplate\":\"https:\/\/www.alexetalex.com\/ca\/?s={search_term_string}\"},\"query-input\":\"required name=search_term_string\"}],\"inLanguage\":\"fr-FR\"},{\"@type\":\"ImageObject\",\"@id\":\"https:\/\/www.alexetalex.com\/ca\/fruits-au-bureau\/#primaryimage\",\"inLanguage\":\"fr-FR\",\"url\":\"https:\/\/www.alexetalex.com\/wp-content\/uploads\/2020\/09\/AlexAlex-frise-V6-light-2400px.jpg\",\"contentUrl\":\"https:\/\/www.alexetalex.com\/wp-content\/uploads\/2020\/09\/AlexAlex-frise-V6-light-2400px.jpg\"},{\"@type\":\"WebPage\",\"@id\":\"https:\/\/www.alexetalex.com\/ca\/fruits-au-bureau\/#webpage\",\"url\":\"https:\/\/www.alexetalex.com\/ca\/fruits-au-bureau\/\",\"name\":\"Accueil2 - Fruits au bureau -\",\"isPartOf\":{\"@id\":\"https:\/\/www.alexetalex.com\/ca\/#website\"},\"primaryImageOfPage\":{\"@id\":\"https:\/\/www.alexetalex.com\/ca\/fruits-au-bureau\/#primaryimage\"},\"datePublished\":\"2020-09-15T19:39:35+00:00\",\"dateModified\":\"2020-09-15T19:45:14+00:00\",\"breadcrumb\":{\"@id\":\"https:\/\/www.alexetalex.com\/ca\/fruits-au-bureau\/#breadcrumb\"},\"inLanguage\":\"fr-FR\",\"potentialAction\":[{\"@type\":\"ReadAction\",\"target\":[\"https:\/\/www.alexetalex.com\/ca\/fruits-au-bureau\/\"]}]},{\"@type\":\"BreadcrumbList\",\"@id\":\"https:\/\/www.alexetalex.com\/ca\/fruits-au-bureau\/#breadcrumb\",\"itemListElement\":[{\"@type\":\"ListItem\",\"position\":1,\"name\":\"Accueil2 &#8211; Fruits au bureau\"}]}]}<\/script>\n<!-- \/ Yoast SEO plugin. -->","yoast_head_json":{"title":"Accueil2 - Fruits au bureau -","robots":{"index":"index","follow":"follow","max-snippet":"max-snippet:-1","max-image-preview":"max-image-preview:large","max-video-preview":"max-video-preview:-1"},"canonical":"https:\/\/www.alexetalex.com\/ca\/fruits-au-bureau\/","og_locale":"fr_FR","og_type":"article","og_title":"Accueil2 - Fruits au bureau -","og_description":"Livraison de fruits au bureau pour les entreprises \u00e0 Montr\u00e9al Fruits en entreprise : nos services de livraison Alex &#038; Alex est le service N\u00b01 de fruits au bureau en France et au Canada. Pour votre service de fruits au bureau, nous s\u00e9lectionnons les meilleures vari\u00e9t\u00e9s de saison, composons votre corbeille de fruits comme un [&hellip;]","og_url":"https:\/\/www.alexetalex.com\/ca\/fruits-au-bureau\/","article_modified_time":"2020-09-15T19:45:14+00:00","og_image":[{"url":"https:\/\/www.alexetalex.com\/wp-content\/uploads\/2020\/09\/AlexAlex-frise-V6-light-2400px.jpg"}],"twitter_misc":{"Dur\u00e9e de lecture estim\u00e9e":"6 minutes"},"schema":{"@context":"https:\/\/schema.org","@graph":[{"@type":"Organization","@id":"https:\/\/www.alexetalex.com\/ca\/#organization","name":"Alex & Alex","url":"https:\/\/www.alexetalex.com\/ca\/","sameAs":[],"logo":{"@type":"ImageObject","@id":"https:\/\/www.alexetalex.com\/ca\/#logo","inLanguage":"fr-FR","url":"https:\/\/www.alexetalex.com\/ca\/wp-content\/uploads\/2020\/04\/alexalex-1.png","contentUrl":"https:\/\/www.alexetalex.com\/ca\/wp-content\/uploads\/2020\/04\/alexalex-1.png","width":51,"height":50,"caption":"Alex & Alex"},"image":{"@id":"https:\/\/www.alexetalex.com\/ca\/#logo"}},{"@type":"WebSite","@id":"https:\/\/www.alexetalex.com\/ca\/#website","url":"https:\/\/www.alexetalex.com\/ca\/","name":"","description":"","publisher":{"@id":"https:\/\/www.alexetalex.com\/ca\/#organization"},"potentialAction":[{"@type":"SearchAction","target":{"@type":"EntryPoint","urlTemplate":"https:\/\/www.alexetalex.com\/ca\/?s={search_term_string}"},"query-input":"required name=search_term_string"}],"inLanguage":"fr-FR"},{"@type":"ImageObject","@id":"https:\/\/www.alexetalex.com\/ca\/fruits-au-bureau\/#primaryimage","inLanguage":"fr-FR","url":"https:\/\/www.alexetalex.com\/wp-content\/uploads\/2020\/09\/AlexAlex-frise-V6-light-2400px.jpg","contentUrl":"https:\/\/www.alexetalex.com\/wp-content\/uploads\/2020\/09\/AlexAlex-frise-V6-light-2400px.jpg"},{"@type":"WebPage","@id":"https:\/\/www.alexetalex.com\/ca\/fruits-au-bureau\/#webpage","url":"https:\/\/www.alexetalex.com\/ca\/fruits-au-bureau\/","name":"Accueil2 - Fruits au bureau -","isPartOf":{"@id":"https:\/\/www.alexetalex.com\/ca\/#website"},"primaryImageOfPage":{"@id":"https:\/\/www.alexetalex.com\/ca\/fruits-au-bureau\/#primaryimage"},"datePublished":"2020-09-15T19:39:35+00:00","dateModified":"2020-09-15T19:45:14+00:00","breadcrumb":{"@id":"https:\/\/www.alexetalex.com\/ca\/fruits-au-bureau\/#breadcrumb"},"inLanguage":"fr-FR","potentialAction":[{"@type":"ReadAction","target":["https:\/\/www.alexetalex.com\/ca\/fruits-au-bureau\/"]}]},{"@type":"BreadcrumbList","@id":"https:\/\/www.alexetalex.com\/ca\/fruits-au-bureau\/#breadcrumb","itemListElement":[{"@type":"ListItem","position":1,"name":"Accueil2 &#8211; Fruits au bureau"}]}]}},"_links":{"self":[{"href":"https:\/\/www.alexetalex.com\/ca\/wp-json\/wp\/v2\/pages\/17277"}],"collection":[{"href":"https:\/\/www.alexetalex.com\/ca\/wp-json\/wp\/v2\/pages"}],"about":[{"href":"https:\/\/www.alexetalex.com\/ca\/wp-json\/wp\/v2\/types\/page"}],"author":[{"embeddable":true,"href":"https:\/\/www.alexetalex.com\/ca\/wp-json\/wp\/v2\/users\/4"}],"replies":[{"embeddable":true,"href":"https:\/\/www.alexetalex.com\/ca\/wp-json\/wp\/v2\/comments?post=17277"}],"version-history":[{"count":3,"href":"https:\/\/www.alexetalex.com\/ca\/wp-json\/wp\/v2\/pages\/17277\/revisions"}],"predecessor-version":[{"id":17280,"href":"https:\/\/www.alexetalex.com\/ca\/wp-json\/wp\/v2\/pages\/17277\/revisions\/17280"}],"wp:attachment":[{"href":"https:\/\/www.alexetalex.com\/ca\/wp-json\/wp\/v2\/media?parent=17277"}],"curies":[{"name":"wp","href":"https:\/\/api.w.org\/{rel}","templated":true}]}}