{"id":4155,"date":"2012-10-09T18:15:10","date_gmt":"2012-10-09T17:15:10","guid":{"rendered":"http:\/\/www.hemouna.com\/?page_id=4155"},"modified":"2025-03-04T17:21:54","modified_gmt":"2025-03-04T16:21:54","slug":"mentions-legales","status":"publish","type":"page","link":"https:\/\/www.alexetalex.com\/ca\/mentions-legales\/","title":{"rendered":"Mentions l\u00e9gales"},"content":{"rendered":"<h1><strong>Mentions l\u00e9gales<\/strong><\/h1>\n<p><\/br><\/p>\n<h2><strong>I] LE SITE ALEX &amp; ALEX<\/strong><\/h2>\n<p><\/br><\/p>\n<p>&#8211; Si\u00e8ge social de l&rsquo;exploitant : Level 5, St. Julian&rsquo;s Business Centre Elia Zammit Street 3153 ST. JULIANS<\/p>\n<p><\/br><\/p>\n<p>&#8211; D\u00e9veloppement : Guillaume Allard<br \/>\n&#8211; Responsable \u00e9ditorial : Anthony Tremblay<br \/>\n&#8211; R\u00e9alisation technique : Estelle Harrois<br \/>\n&#8211; H\u00e9bergement : OVH, 2 rue Kellermann &#8211; 59100 Roubaix<\/p>\n<p><\/br><\/p>\n<h2><strong>II] CONDITIONS D&rsquo;UTILISATION<\/strong><\/h2>\n<p><\/br><\/p>\n<p>L\u2019utilisation du pr\u00e9sent site implique l\u2019acceptation pleine et enti\u00e8re des conditions g\u00e9n\u00e9rales d\u2019utilisation d\u00e9crites ci-apr\u00e8s. Ces conditions d\u2019utilisation sont susceptibles d\u2019\u00eatre modifi\u00e9es ou compl\u00e9t\u00e9es \u00e0 tout moment.<\/p>\n<p><\/br><\/br><\/p>\n<h2><strong>III] INFORMATIONS<\/strong><\/h2>\n<p><\/br><\/p>\n<p>Les informations et documents du site sont pr\u00e9sent\u00e9s \u00e0 titre indicatif, ne rev\u00eatent pas un caract\u00e8re exhaustif, et ne peuvent engager la responsabilit\u00e9 du propri\u00e9taire du site.<\/p>\n<p><\/br><\/p>\n<p>Le propri\u00e9taire du site ne peut \u00eatre tenu responsable des dommages directs et indirects cons\u00e9cutifs \u00e0 l\u2019acc\u00e8s au site.<\/p>\n<p><\/br><\/p>\n<h2>IV] INTERACTIVITE<\/h2>\n<p><\/br><\/p>\n<p>Les utilisateurs du site peuvent \u00e9ventuellement y d\u00e9poser du contenu, apparaissant sur le site dans des espaces d\u00e9di\u00e9s (via les commentaires). Le contenu d\u00e9pos\u00e9 reste sous la responsabilit\u00e9 de leurs auteurs, qui en assument pleinement l\u2019enti\u00e8re responsabilit\u00e9 juridique.<\/p>\n<p><\/br><\/p>\n<p>Le propri\u00e9taire du site se r\u00e9serve le droit de retirer sans pr\u00e9avis et sans justification tout contenu d\u00e9pos\u00e9 par les utilisateurs qui ne satisferait pas \u00e0 la charte d\u00e9ontologique du site ou \u00e0 la l\u00e9gislation en vigueur.<\/p>\n<p><\/br><\/p>\n<h2>V] PROPRIETE INTELLECTUELLE<\/h2>\n<p><\/br><\/p>\n<p>Le site et chacun des \u00e9l\u00e9ments, y compris mais sans limitation les marques, les logos, ic\u00f4nes, infographies, photographies, qui le composent sont prot\u00e9g\u00e9s au titre de la l\u00e9gislation internationale de la propri\u00e9t\u00e9 intellectuelle. Les contenus figurant sur le site sont la propri\u00e9t\u00e9 du propri\u00e9taire de la marque. Toute utilisation, reproduction ou repr\u00e9sentation, par quelque proc\u00e9d\u00e9 que ce soit, et sur quelque support que ce soit, de tout ou partie du site et\/ou des \u00e9l\u00e9ments qui le composent n&rsquo;est pas autoris\u00e9e sans le consentement expresse du propri\u00e9taire de la marque.<\/p>\n","protected":false},"excerpt":{"rendered":"<p>Mentions l\u00e9gales I] LE SITE ALEX &amp; ALEX &#8211; Si\u00e8ge social de l&rsquo;exploitant : Level 5, St. Julian&rsquo;s Business Centre Elia Zammit Street 3153 ST. JULIANS &#8211; D\u00e9veloppement : Guillaume Allard &#8211; Responsable \u00e9ditorial : Anthony Tremblay &#8211; R\u00e9alisation technique : Estelle Harrois &#8211; H\u00e9bergement : OVH, 2 rue Kellermann &#8211; 59100 Roubaix II] CONDITIONS [&hellip;]<\/p>\n","protected":false},"author":4,"featured_media":0,"parent":0,"menu_order":0,"comment_status":"open","ping_status":"open","template":"","meta":{"_et_pb_use_builder":"","_et_pb_old_content":"","_et_gb_content_width":""},"acf":[],"yoast_head":"<!-- This site is optimized with the Yoast SEO plugin v17.6 - https:\/\/yoast.com\/wordpress\/plugins\/seo\/ -->\n<title>Mentions l\u00e9gales du site Alex &amp; Alex : livraison de paniers de fruits<\/title>\n<meta name=\"description\" content=\"Cette page pr\u00e9sente les mentions l\u00e9gales du site Alex &amp; Alex, ainsi que les conditions g\u00e9n\u00e9rales de ventes applicables pour la vente en ligne\" \/>\n<meta name=\"robots\" content=\"index, follow, max-snippet:-1, max-image-preview:large, max-video-preview:-1\" \/>\n<link rel=\"canonical\" href=\"https:\/\/www.alexetalex.com\/ca\/mentions-legales\/\" \/>\n<meta property=\"og:locale\" content=\"fr_FR\" \/>\n<meta property=\"og:type\" content=\"article\" \/>\n<meta property=\"og:title\" content=\"Mentions l\u00e9gales du site Alex &amp; Alex : livraison de paniers de fruits\" \/>\n<meta property=\"og:description\" content=\"Cette page pr\u00e9sente les mentions l\u00e9gales du site Alex &amp; Alex, ainsi que les conditions g\u00e9n\u00e9rales de ventes applicables pour la vente en ligne\" \/>\n<meta property=\"og:url\" content=\"https:\/\/www.alexetalex.com\/ca\/mentions-legales\/\" \/>\n<meta property=\"article:modified_time\" content=\"2025-03-04T16:21:54+00:00\" \/>\n<meta name=\"twitter:label1\" content=\"Dur\u00e9e de lecture estim\u00e9e\" \/>\n\t<meta name=\"twitter:data1\" content=\"2 minutes\" \/>\n<script type=\"application\/ld+json\" class=\"yoast-schema-graph\">{\"@context\":\"https:\/\/schema.org\",\"@graph\":[{\"@type\":\"Organization\",\"@id\":\"https:\/\/www.alexetalex.com\/ca\/#organization\",\"name\":\"Alex & Alex\",\"url\":\"https:\/\/www.alexetalex.com\/ca\/\",\"sameAs\":[],\"logo\":{\"@type\":\"ImageObject\",\"@id\":\"https:\/\/www.alexetalex.com\/ca\/#logo\",\"inLanguage\":\"fr-FR\",\"url\":\"https:\/\/www.alexetalex.com\/ca\/wp-content\/uploads\/2020\/04\/alexalex-1.png\",\"contentUrl\":\"https:\/\/www.alexetalex.com\/ca\/wp-content\/uploads\/2020\/04\/alexalex-1.png\",\"width\":51,\"height\":50,\"caption\":\"Alex & Alex\"},\"image\":{\"@id\":\"https:\/\/www.alexetalex.com\/ca\/#logo\"}},{\"@type\":\"WebSite\",\"@id\":\"https:\/\/www.alexetalex.com\/ca\/#website\",\"url\":\"https:\/\/www.alexetalex.com\/ca\/\",\"name\":\"\",\"description\":\"\",\"publisher\":{\"@id\":\"https:\/\/www.alexetalex.com\/ca\/#organization\"},\"potentialAction\":[{\"@type\":\"SearchAction\",\"target\":{\"@type\":\"EntryPoint\",\"urlTemplate\":\"https:\/\/www.alexetalex.com\/ca\/?s={search_term_string}\"},\"query-input\":\"required name=search_term_string\"}],\"inLanguage\":\"fr-FR\"},{\"@type\":\"WebPage\",\"@id\":\"https:\/\/www.alexetalex.com\/ca\/mentions-legales\/#webpage\",\"url\":\"https:\/\/www.alexetalex.com\/ca\/mentions-legales\/\",\"name\":\"Mentions l\\u00e9gales du site Alex & Alex : livraison de paniers de fruits\",\"isPartOf\":{\"@id\":\"https:\/\/www.alexetalex.com\/ca\/#website\"},\"datePublished\":\"2012-10-09T17:15:10+00:00\",\"dateModified\":\"2025-03-04T16:21:54+00:00\",\"description\":\"Cette page pr\\u00e9sente les mentions l\\u00e9gales du site Alex & Alex, ainsi que les conditions g\\u00e9n\\u00e9rales de ventes applicables pour la vente en ligne\",\"breadcrumb\":{\"@id\":\"https:\/\/www.alexetalex.com\/ca\/mentions-legales\/#breadcrumb\"},\"inLanguage\":\"fr-FR\",\"potentialAction\":[{\"@type\":\"ReadAction\",\"target\":[\"https:\/\/www.alexetalex.com\/ca\/mentions-legales\/\"]}]},{\"@type\":\"BreadcrumbList\",\"@id\":\"https:\/\/www.alexetalex.com\/ca\/mentions-legales\/#breadcrumb\",\"itemListElement\":[{\"@type\":\"ListItem\",\"position\":1,\"name\":\"Mentions l\\u00e9gales\"}]}]}<\/script>\n<!-- \/ Yoast SEO plugin. -->","yoast_head_json":{"title":"Mentions l\u00e9gales du site Alex & Alex : livraison de paniers de fruits","description":"Cette page pr\u00e9sente les mentions l\u00e9gales du site Alex & Alex, ainsi que les conditions g\u00e9n\u00e9rales de ventes applicables pour la vente en ligne","robots":{"index":"index","follow":"follow","max-snippet":"max-snippet:-1","max-image-preview":"max-image-preview:large","max-video-preview":"max-video-preview:-1"},"canonical":"https:\/\/www.alexetalex.com\/ca\/mentions-legales\/","og_locale":"fr_FR","og_type":"article","og_title":"Mentions l\u00e9gales du site Alex & Alex : livraison de paniers de fruits","og_description":"Cette page pr\u00e9sente les mentions l\u00e9gales du site Alex & Alex, ainsi que les conditions g\u00e9n\u00e9rales de ventes applicables pour la vente en ligne","og_url":"https:\/\/www.alexetalex.com\/ca\/mentions-legales\/","article_modified_time":"2025-03-04T16:21:54+00:00","twitter_misc":{"Dur\u00e9e de lecture estim\u00e9e":"2 minutes"},"schema":{"@context":"https:\/\/schema.org","@graph":[{"@type":"Organization","@id":"https:\/\/www.alexetalex.com\/ca\/#organization","name":"Alex & Alex","url":"https:\/\/www.alexetalex.com\/ca\/","sameAs":[],"logo":{"@type":"ImageObject","@id":"https:\/\/www.alexetalex.com\/ca\/#logo","inLanguage":"fr-FR","url":"https:\/\/www.alexetalex.com\/ca\/wp-content\/uploads\/2020\/04\/alexalex-1.png","contentUrl":"https:\/\/www.alexetalex.com\/ca\/wp-content\/uploads\/2020\/04\/alexalex-1.png","width":51,"height":50,"caption":"Alex & Alex"},"image":{"@id":"https:\/\/www.alexetalex.com\/ca\/#logo"}},{"@type":"WebSite","@id":"https:\/\/www.alexetalex.com\/ca\/#website","url":"https:\/\/www.alexetalex.com\/ca\/","name":"","description":"","publisher":{"@id":"https:\/\/www.alexetalex.com\/ca\/#organization"},"potentialAction":[{"@type":"SearchAction","target":{"@type":"EntryPoint","urlTemplate":"https:\/\/www.alexetalex.com\/ca\/?s={search_term_string}"},"query-input":"required name=search_term_string"}],"inLanguage":"fr-FR"},{"@type":"WebPage","@id":"https:\/\/www.alexetalex.com\/ca\/mentions-legales\/#webpage","url":"https:\/\/www.alexetalex.com\/ca\/mentions-legales\/","name":"Mentions l\u00e9gales du site Alex & Alex : livraison de paniers de fruits","isPartOf":{"@id":"https:\/\/www.alexetalex.com\/ca\/#website"},"datePublished":"2012-10-09T17:15:10+00:00","dateModified":"2025-03-04T16:21:54+00:00","description":"Cette page pr\u00e9sente les mentions l\u00e9gales du site Alex & Alex, ainsi que les conditions g\u00e9n\u00e9rales de ventes applicables pour la vente en ligne","breadcrumb":{"@id":"https:\/\/www.alexetalex.com\/ca\/mentions-legales\/#breadcrumb"},"inLanguage":"fr-FR","potentialAction":[{"@type":"ReadAction","target":["https:\/\/www.alexetalex.com\/ca\/mentions-legales\/"]}]},{"@type":"BreadcrumbList","@id":"https:\/\/www.alexetalex.com\/ca\/mentions-legales\/#breadcrumb","itemListElement":[{"@type":"ListItem","position":1,"name":"Mentions l\u00e9gales"}]}]}},"_links":{"self":[{"href":"https:\/\/www.alexetalex.com\/ca\/wp-json\/wp\/v2\/pages\/4155"}],"collection":[{"href":"https:\/\/www.alexetalex.com\/ca\/wp-json\/wp\/v2\/pages"}],"about":[{"href":"https:\/\/www.alexetalex.com\/ca\/wp-json\/wp\/v2\/types\/page"}],"author":[{"embeddable":true,"href":"https:\/\/www.alexetalex.com\/ca\/wp-json\/wp\/v2\/users\/4"}],"replies":[{"embeddable":true,"href":"https:\/\/www.alexetalex.com\/ca\/wp-json\/wp\/v2\/comments?post=4155"}],"version-history":[{"count":5,"href":"https:\/\/www.alexetalex.com\/ca\/wp-json\/wp\/v2\/pages\/4155\/revisions"}],"predecessor-version":[{"id":17637,"href":"https:\/\/www.alexetalex.com\/ca\/wp-json\/wp\/v2\/pages\/4155\/revisions\/17637"}],"wp:attachment":[{"href":"https:\/\/www.alexetalex.com\/ca\/wp-json\/wp\/v2\/media?parent=4155"}],"curies":[{"name":"wp","href":"https:\/\/api.w.org\/{rel}","templated":true}]}}