{"id":8709,"date":"2018-01-30T16:37:49","date_gmt":"2018-01-30T15:37:49","guid":{"rendered":"https:\/\/www.alexetalex.com\/ca\/?page_id=8709"},"modified":"2020-05-06T00:17:55","modified_gmt":"2020-05-05T23:17:55","slug":"renforcement-musculaire","status":"publish","type":"page","link":"https:\/\/www.alexetalex.com\/ca\/dossiers-fruites\/sport-et-fruits\/renforcement-musculaire\/","title":{"rendered":"Comment am\u00e9liorer sa posture au travail gr\u00e2ce au renforcement musculaire"},"content":{"rendered":"<p><H1>Le renforcement musculaire : d\u00e9finition et b\u00e9n\u00e9fices sant\u00e9<\/H1><\/p>\n <div class=\"hsg-featured-snippet\">\n    <div>\n<img src=\"https:\/\/alexetalex.com\/ca\/wp-content\/uploads\/2020\/05\/iconex.svg\"><h2>Renforcement musculaire : d\u00e9finition<\/h2>\n\n<\/div>\n<p>Le renforcement musculaire se d\u00e9finit comme toute activit\u00e9 ou programme d\u2019entrainement visant \u00e0 travailler sp\u00e9cifiquement une cha\u00eene musculaire afin d'en am\u00e9liorer l'efficacit\u00e9.<\/p>\n<\/div>\n<p>Un ancien ministre des sports a d\u00e9clar\u00e9 \u00a0\u00ab\u00a0<i>si l\u2019on pouvait mettre les bienfaits de l\u2019activit\u00e9 physique dans une pilule, cela serait le m\u00e9dicament le plus efficace au monde<\/i>\u00a0\u00bb.<\/p>\n<p>En effet, les b\u00e9n\u00e9fices de l\u2019activit\u00e9 physique sur la sant\u00e9 sont prouv\u00e9s (et on nous le r\u00e9p\u00e8te notamment dans les m\u00e9dias, encourag\u00e9s quotidiennement par le slogan : \u00ab\u00a0<i>Pour votre sant\u00e9, bougez plus<\/i>\u00a0\u00bb).<\/p>\n<p><img loading=\"lazy\" width=\"923\" height=\"519\" src=\"https:\/\/www.alexetalex.com\/ca\/wp-content\/uploads\/2018\/01\/51906132_s.jpg\" alt=\"Renforcement musculaire de la cha\u00eene abdominale\" class=\"alignnone size-full wp-image-12310\" srcset=\"https:\/\/www.alexetalex.com\/ca\/wp-content\/uploads\/2018\/01\/51906132_s.jpg 923w, https:\/\/www.alexetalex.com\/ca\/wp-content\/uploads\/2018\/01\/51906132_s-600x337.jpg 600w, https:\/\/www.alexetalex.com\/ca\/wp-content\/uploads\/2018\/01\/51906132_s-250x141.jpg 250w, https:\/\/www.alexetalex.com\/ca\/wp-content\/uploads\/2018\/01\/51906132_s-768x432.jpg 768w, https:\/\/www.alexetalex.com\/ca\/wp-content\/uploads\/2018\/01\/51906132_s-700x394.jpg 700w, https:\/\/www.alexetalex.com\/ca\/wp-content\/uploads\/2018\/01\/51906132_s-120x67.jpg 120w, https:\/\/www.alexetalex.com\/ca\/wp-content\/uploads\/2018\/01\/51906132_s-320x180.jpg 320w\" sizes=\"(max-width: 923px) 100vw, 923px\" \/><\/p>\n<p>Cependant l&rsquo;attention se pr\u00eate surtout sur les activit\u00e9s physiques qualifi\u00e9es d&rsquo;\u00ab\u00a0a\u00e9robique\u00a0\u00bb telles que le footing, la marche, le v\u00e9lo, la nage&#8230;etc. Les activit\u00e9s de renforcement musculaire sont bizarrement souvent oubli\u00e9es de l&rsquo;espace m\u00e9diatique. D\u00e9taillons donc tout cela dans cet article.<\/p>\n<p><H2>I] Qu&rsquo;est-ce que le renforcement musculaire<\/H2><\/p>\n<p>Le renforcement musculaire est un domaine tr\u00e8s vaste et englobe les exercices avec charge libres (Halt\u00e8res, barre de musculation), au poids du corps (Gymnastique), travail de la chaine abdos-lombaires, travail de plyometrie (exercices avec rebonds).<\/p>\n<p>Le terme de pr\u00e9paration physique est quant \u00e0 lui plut\u00f4t r\u00e9serv\u00e9e au domaine sportif et va englober les techniques d\u2019entra\u00eenement visant \u00e0 augmenter une ou plusieurs qualit\u00e9s physiques (force, vitesse, puissance, endurance\u2026) dans une optique de performance en comp\u00e9tition et de pr\u00e9vention des blessures.<\/p>\n<p><img loading=\"lazy\" width=\"847\" height=\"565\" src=\"https:\/\/www.alexetalex.com\/ca\/wp-content\/uploads\/2018\/01\/60417857_s.jpg\" alt=\"Renforcement musculaire femme\" class=\"alignnone size-full wp-image-9708\" srcset=\"https:\/\/www.alexetalex.com\/ca\/wp-content\/uploads\/2018\/01\/60417857_s.jpg 847w, https:\/\/www.alexetalex.com\/ca\/wp-content\/uploads\/2018\/01\/60417857_s-600x400.jpg 600w, https:\/\/www.alexetalex.com\/ca\/wp-content\/uploads\/2018\/01\/60417857_s-250x167.jpg 250w, https:\/\/www.alexetalex.com\/ca\/wp-content\/uploads\/2018\/01\/60417857_s-768x512.jpg 768w, https:\/\/www.alexetalex.com\/ca\/wp-content\/uploads\/2018\/01\/60417857_s-700x467.jpg 700w, https:\/\/www.alexetalex.com\/ca\/wp-content\/uploads\/2018\/01\/60417857_s-120x80.jpg 120w, https:\/\/www.alexetalex.com\/ca\/wp-content\/uploads\/2018\/01\/60417857_s-320x213.jpg 320w, https:\/\/www.alexetalex.com\/ca\/wp-content\/uploads\/2018\/01\/60417857_s-272x182.jpg 272w\" sizes=\"(max-width: 847px) 100vw, 847px\" \/><\/p>\n<p>S&rsquo;il est important d&rsquo;adopter une nutrition \u00e9quilibr\u00e9e dans le cadre d&rsquo;un mode de vie sain, il ne faut pas non plus n\u00e9gliger une autre facette : l\u2019activit\u00e9 physique.<\/p>\n<p><H2>II] Le renforcement musculaire\u00a0: une image pas toujours positive<\/H2><\/p>\n<p>Dans la culture populaire le renforcement musculaire souffre d\u2019une image n\u00e9gative, dans son terme \u00ab\u00a0musculation\u00a0\u00bb. Cela va \u00eatre vue par certains comme une activit\u00e9 narcissique o\u00f9 le seul int\u00e9r\u00eat est \u00ab\u00a0prendre du muscle\u00a0\u00bb pour que l\u2019ego soit satisfait. De plus de nombreux mythes vont entourer cette pratique comme par exemple un effet n\u00e9gatif sur la croissance, des blessures in\u00e9vitables&#8230;Certes ce type de pratique existe (bodybuilding) mais c\u2019est une erreur de tout r\u00e9duire qu\u2019\u00e0 cela.<\/p>\n<p>Dans le domaine sportif la musculation s&rsquo;inscrit dans le cadre plus vaste de la pr\u00e9paration physique et a pour but une recherche de \u00a0performance (courir plus vite, r\u00e9sister \u00e0 un placage, lanc\u00e9 plus fort). Elle est n\u00e9anmoins souvent d\u00e9laiss\u00e9e par les amateurs au profit de la pratique directe du sport en lui-m\u00eame.<\/p>\n<p>Mais le point encore plus important qui n\u2019est pas consid\u00e9r\u00e9 \u00e0 sa juste valeur (m\u00eame par le corps m\u00e9dical) est l\u2019effet b\u00e9n\u00e9fique et primordial de ce type d\u2019entra\u00eenement sur la sant\u00e9.<\/p>\n<p><H2>III]\u00a0B\u00e9n\u00e9fices du renforcement musculaire\u00a0: performance, sant\u00e9 et posture<\/H2><\/p>\n<p>Les bienfaits du renforcement musculaire sont tr\u00e8s nombreux, et nous vous en avons list\u00e9 les principaux ci-dessous.<\/p>\n<p><H3>Pr\u00e9vention des blessures et am\u00e9lioration de la posture<\/H3><\/p>\n<p>Un renforcement musculaire ad\u00e9quat \u00e0 un effet prophylactique (terme d\u00e9signant la pr\u00e9vention des blessures) pour les activit\u00e9s physiques et\/ou activit\u00e9 de tous les jours. Par exemple un renforcement musculaire des membres inf\u00e9rieurs permettra une plus grande stabilit\u00e9 des genoux et peut grandement r\u00e9duire les risques de rupture du ligament crois\u00e9 ant\u00e9rieur (LCA) qui est une blessure fr\u00e9quente dans de tr\u00e8s nombreux sports (sport collectifs, tennis, ski\u2026)<\/p>\n<p><strong>L\u2019am\u00e9lioration de la posture est aussi un point cl\u00e9, au sein de la vie professionnelle \u00a0un grand nombre de personnes vont en effet avoir de nombreuses douleurs dans la chaines post\u00e9rieur (dos, trap\u00e8zes, lombaires, cervicales).<\/strong><\/p>\n<p><img loading=\"lazy\" width=\"847\" height=\"565\" src=\"https:\/\/www.alexetalex.com\/ca\/wp-content\/uploads\/2018\/01\/42193004_s.jpg\" alt=\"Renforcement musculaire : un atout pour am\u00e9liorer sa posture au bureau\" class=\"alignnone size-full wp-image-12309\" srcset=\"https:\/\/www.alexetalex.com\/ca\/wp-content\/uploads\/2018\/01\/42193004_s.jpg 847w, https:\/\/www.alexetalex.com\/ca\/wp-content\/uploads\/2018\/01\/42193004_s-600x400.jpg 600w, https:\/\/www.alexetalex.com\/ca\/wp-content\/uploads\/2018\/01\/42193004_s-250x167.jpg 250w, https:\/\/www.alexetalex.com\/ca\/wp-content\/uploads\/2018\/01\/42193004_s-768x512.jpg 768w, https:\/\/www.alexetalex.com\/ca\/wp-content\/uploads\/2018\/01\/42193004_s-700x467.jpg 700w, https:\/\/www.alexetalex.com\/ca\/wp-content\/uploads\/2018\/01\/42193004_s-120x80.jpg 120w, https:\/\/www.alexetalex.com\/ca\/wp-content\/uploads\/2018\/01\/42193004_s-320x213.jpg 320w\" sizes=\"(max-width: 847px) 100vw, 847px\" \/><\/p>\n<p>Cela est\u00a0d\u00fb en grande partie \u00e0 de nombreuses heures pass\u00e9es assis \u00e0 un bureau. On appelle ces douleurs les Toubles Musculo-Squelettiques (ou TMS). Un renforcement de la ceinture abdo-lombaires, notamment, peut grandement r\u00e9duire ce probl\u00e8me et stopper les douleurs.<\/p>\n<p><H3>Meilleure \u00ab\u00a0performance\u00a0\u00bb<\/H3><\/p>\n<p>Un renforcement musculaire permettra une meilleure efficacit\u00e9 dans la pratique sportive (courir ou p\u00e9daler plus vite, lancer plus fort\u2026) et\/ou dans les mouvements de la vie de tous les jours n\u00e9cessitant un effort \u00a0musculaire (porter son enfant, ramener ses courses, grimper les marches\u2026).<\/p>\n<p><H3>Renforcement osseux<\/H3><\/p>\n<p>Permet de pr\u00e9venir\u00a0l\u2019ost\u00e9oporose, ph\u00e9nom\u00e8ne de d\u00e9gradation du mat\u00e9riel osseux qui arrive quand nous prenons dans l\u2019\u00e2ge. Par divers m\u00e9canismes physiologiques cette pratique (en particulier les exercices avec\u00a0 \u00ab\u00a0impacts\u00a0\u00bb au sol) vont favoriser le remodelage osseux.<\/p>\n<p><H3>Effet anti-\u00e2ge<\/H3><\/p>\n<p>Avec l\u2019\u00e2ge une atrophie musculaire va appara\u00eetre avec diminution de la taille des muscles et perte de leur force. Un renforcement ad\u00e9quat peut ralentir grandement ce processus. De nombreuses \u00e9tudes ont prouv\u00e9 les effets de ce type d\u2019entra\u00eenement sur les populations \u00e2g\u00e9es avec par exemple un gain d\u2019esp\u00e9rance, une meilleure r\u00e9alisation des taches essentielles de la vie et une augmentation de la p\u00e9riode \u00ab d\u2019ind\u00e9pendance \u00bb. Sur la fin de vie un entra\u00eenement ad\u00e9quat peut tout changer beaucoup de choses.<\/p>\n<p><H3>Perte de masse grasse<\/H3><\/p>\n<p>Un entrainement en r\u00e9sistance va d\u00e9clencher diff\u00e9rents m\u00e9canismes physiologiques qui peuvent grandement contribuer \u00e0 la perte de masse grasse (sans forc\u00e9ment entra\u00eener une grande augmentation de la masse musculaire).<\/p>\n<p>Tous ces bienfaits montrent que le renforcement musculaire est une chose essentielle qui va au-del\u00e0 du simple objectif sportif ou \u00ab\u00a0esth\u00e9tique\u00a0\u00bb mais s\u2019inscrit dans un domaine plus vaste qui est celui de la sant\u00e9.<\/p>\n<p><strong>Pour continuer d&rsquo;apprendre :<\/strong><br \/>\n<br \/>&#8211; <a href=\"https:\/\/www.alexetalex.com\/ca\/dossiers-fruites\/sport-et-fruits\/tonification-musculaire-bienfaits\/\">Tonification \/ Renforcement musculaire : quelle diff\u00e9rence ?<\/a><br \/>\n<br \/>&#8211; <a href=\"https:\/\/www.alexetalex.com\/ca\/renforcement-musculaire-les-bonnes-pratiques-dun-preparateur-physique\/\">Les diff\u00e9rentes m\u00e9thodes\u00a0de renforcement musculaire<\/a><br \/>\n<br \/>&#8211; <a title=\"fruits et indice glyc\u00e9mique\" href=\"https:\/\/www.alexetalex.com\/ca\/fruits-et-index-glycemique\/\">Fruits et index glyc\u00e9mique<\/a><\/p>\n<p>Article r\u00e9dig\u00e9 par Bertrand METAUT,\u00a0Pr\u00e9parateur physique.<\/p>\n<p><i>Sur la page d\u00e9di\u00e9e \u00e0 notre activit\u00e9 professionnelle, retrouvez notre service de <a title=\"Fruits au bureau\" href=\"https:\/\/www.alexetalex.com\/ca\/\">fruits au bureau<\/a> pour les entreprises, \u00e0 Paris et Montr\u00e9al. D\u00e9couvrez comment les solutions d\u2019affaires Alex &#038; Alex peuvent contribuer \u00e0 am\u00e9liorer le bien-\u00eatre au travail dans votre entreprise.<\/i><\/p>\n<p><a title=\"Alex &#038; Alex - Les Fruits au Bureau\" href=\"https:\/\/www.alexetalex.com\/ca\/\"><img loading=\"lazy\" width=\"658\" height=\"280\" src=\"https:\/\/www.alexetalex.com\/ca\/wp-content\/uploads\/2018\/01\/Call-to-action-2.jpg\" alt=\"Call to action 2\" class=\"alignnone size-full wp-image-8638\" srcset=\"https:\/\/www.alexetalex.com\/ca\/wp-content\/uploads\/2018\/01\/Call-to-action-2.jpg 658w, https:\/\/www.alexetalex.com\/ca\/wp-content\/uploads\/2018\/01\/Call-to-action-2-600x255.jpg 600w, https:\/\/www.alexetalex.com\/ca\/wp-content\/uploads\/2018\/01\/Call-to-action-2-270x115.jpg 270w, https:\/\/www.alexetalex.com\/ca\/wp-content\/uploads\/2018\/01\/Call-to-action-2-550x234.jpg 550w\" sizes=\"(max-width: 658px) 100vw, 658px\" \/><\/a><\/p>\n","protected":false},"excerpt":{"rendered":"<p>Le renforcement musculaire : d\u00e9finition et b\u00e9n\u00e9fices sant\u00e9 Un ancien ministre des sports a d\u00e9clar\u00e9 \u00a0\u00ab\u00a0si l\u2019on pouvait mettre les bienfaits de l\u2019activit\u00e9 physique dans une pilule, cela serait le m\u00e9dicament le plus efficace au monde\u00a0\u00bb. En effet, les b\u00e9n\u00e9fices de l\u2019activit\u00e9 physique sur la sant\u00e9 sont prouv\u00e9s (et on nous le r\u00e9p\u00e8te notamment dans [&hellip;]<\/p>\n","protected":false},"author":4,"featured_media":16830,"parent":8728,"menu_order":0,"comment_status":"closed","ping_status":"closed","template":"","meta":{"_et_pb_use_builder":"","_et_pb_old_content":"","_et_gb_content_width":""},"acf":[],"yoast_head":"<!-- This site is optimized with the Yoast SEO plugin v17.6 - https:\/\/yoast.com\/wordpress\/plugins\/seo\/ -->\n<title>Renforcement musculaire : d\u00e9finition et b\u00e9n\u00e9fices sant\u00e9<\/title>\n<meta name=\"description\" content=\"Cet article pr\u00e9sente les diff\u00e9rents objectifs d\u2019un programme de renforcement musculaire ainsi que les nombreux b\u00e9n\u00e9fices sur la performance et la sant\u00e9.\" \/>\n<meta name=\"robots\" content=\"index, follow, max-snippet:-1, max-image-preview:large, max-video-preview:-1\" \/>\n<link rel=\"canonical\" href=\"https:\/\/www.alexetalex.com\/ca\/dossiers-fruites\/sport-et-fruits\/renforcement-musculaire\/\" \/>\n<meta property=\"og:locale\" content=\"fr_FR\" \/>\n<meta property=\"og:type\" content=\"article\" \/>\n<meta property=\"og:title\" content=\"Renforcement musculaire : d\u00e9finition et b\u00e9n\u00e9fices sant\u00e9\" \/>\n<meta property=\"og:description\" content=\"Cet article pr\u00e9sente les diff\u00e9rents objectifs d\u2019un programme de renforcement musculaire ainsi que les nombreux b\u00e9n\u00e9fices sur la performance et la sant\u00e9.\" \/>\n<meta property=\"og:url\" content=\"https:\/\/www.alexetalex.com\/ca\/dossiers-fruites\/sport-et-fruits\/renforcement-musculaire\/\" \/>\n<meta property=\"article:modified_time\" content=\"2020-05-05T23:17:55+00:00\" \/>\n<meta property=\"og:image\" content=\"https:\/\/www.alexetalex.com\/ca\/wp-content\/uploads\/2020\/05\/posture.jpg\" \/>\n\t<meta property=\"og:image:width\" content=\"800\" \/>\n\t<meta property=\"og:image:height\" content=\"500\" \/>\n<meta name=\"twitter:label1\" content=\"Dur\u00e9e de lecture estim\u00e9e\" \/>\n\t<meta name=\"twitter:data1\" content=\"5 minutes\" \/>\n<script type=\"application\/ld+json\" class=\"yoast-schema-graph\">{\"@context\":\"https:\/\/schema.org\",\"@graph\":[{\"@type\":\"Organization\",\"@id\":\"https:\/\/www.alexetalex.com\/ca\/#organization\",\"name\":\"Alex & Alex\",\"url\":\"https:\/\/www.alexetalex.com\/ca\/\",\"sameAs\":[],\"logo\":{\"@type\":\"ImageObject\",\"@id\":\"https:\/\/www.alexetalex.com\/ca\/#logo\",\"inLanguage\":\"fr-FR\",\"url\":\"https:\/\/www.alexetalex.com\/ca\/wp-content\/uploads\/2020\/04\/alexalex-1.png\",\"contentUrl\":\"https:\/\/www.alexetalex.com\/ca\/wp-content\/uploads\/2020\/04\/alexalex-1.png\",\"width\":51,\"height\":50,\"caption\":\"Alex & Alex\"},\"image\":{\"@id\":\"https:\/\/www.alexetalex.com\/ca\/#logo\"}},{\"@type\":\"WebSite\",\"@id\":\"https:\/\/www.alexetalex.com\/ca\/#website\",\"url\":\"https:\/\/www.alexetalex.com\/ca\/\",\"name\":\"\",\"description\":\"\",\"publisher\":{\"@id\":\"https:\/\/www.alexetalex.com\/ca\/#organization\"},\"potentialAction\":[{\"@type\":\"SearchAction\",\"target\":{\"@type\":\"EntryPoint\",\"urlTemplate\":\"https:\/\/www.alexetalex.com\/ca\/?s={search_term_string}\"},\"query-input\":\"required name=search_term_string\"}],\"inLanguage\":\"fr-FR\"},{\"@type\":\"ImageObject\",\"@id\":\"https:\/\/www.alexetalex.com\/ca\/dossiers-fruites\/sport-et-fruits\/renforcement-musculaire\/#primaryimage\",\"inLanguage\":\"fr-FR\",\"url\":\"https:\/\/www.alexetalex.com\/ca\/wp-content\/uploads\/2020\/05\/posture.jpg\",\"contentUrl\":\"https:\/\/www.alexetalex.com\/ca\/wp-content\/uploads\/2020\/05\/posture.jpg\",\"width\":800,\"height\":500},{\"@type\":\"WebPage\",\"@id\":\"https:\/\/www.alexetalex.com\/ca\/dossiers-fruites\/sport-et-fruits\/renforcement-musculaire\/#webpage\",\"url\":\"https:\/\/www.alexetalex.com\/ca\/dossiers-fruites\/sport-et-fruits\/renforcement-musculaire\/\",\"name\":\"Renforcement musculaire : d\\u00e9finition et b\\u00e9n\\u00e9fices sant\\u00e9\",\"isPartOf\":{\"@id\":\"https:\/\/www.alexetalex.com\/ca\/#website\"},\"primaryImageOfPage\":{\"@id\":\"https:\/\/www.alexetalex.com\/ca\/dossiers-fruites\/sport-et-fruits\/renforcement-musculaire\/#primaryimage\"},\"datePublished\":\"2018-01-30T15:37:49+00:00\",\"dateModified\":\"2020-05-05T23:17:55+00:00\",\"description\":\"Cet article pr\\u00e9sente les diff\\u00e9rents objectifs d\\u2019un programme de renforcement musculaire ainsi que les nombreux b\\u00e9n\\u00e9fices sur la performance et la sant\\u00e9.\",\"breadcrumb\":{\"@id\":\"https:\/\/www.alexetalex.com\/ca\/dossiers-fruites\/sport-et-fruits\/renforcement-musculaire\/#breadcrumb\"},\"inLanguage\":\"fr-FR\",\"potentialAction\":[{\"@type\":\"ReadAction\",\"target\":[\"https:\/\/www.alexetalex.com\/ca\/dossiers-fruites\/sport-et-fruits\/renforcement-musculaire\/\"]}]},{\"@type\":\"BreadcrumbList\",\"@id\":\"https:\/\/www.alexetalex.com\/ca\/dossiers-fruites\/sport-et-fruits\/renforcement-musculaire\/#breadcrumb\",\"itemListElement\":[{\"@type\":\"ListItem\",\"position\":1,\"name\":\"Magazine\",\"item\":\"https:\/\/www.alexetalex.com\/ca\/dossiers-fruites\/\"},{\"@type\":\"ListItem\",\"position\":2,\"name\":\"Sport\",\"item\":\"https:\/\/www.alexetalex.com\/ca\/dossiers-fruites\/sport-et-fruits\/\"},{\"@type\":\"ListItem\",\"position\":3,\"name\":\"Dossier\"}]}]}<\/script>\n<!-- \/ Yoast SEO plugin. -->","yoast_head_json":{"title":"Renforcement musculaire : d\u00e9finition et b\u00e9n\u00e9fices sant\u00e9","description":"Cet article pr\u00e9sente les diff\u00e9rents objectifs d\u2019un programme de renforcement musculaire ainsi que les nombreux b\u00e9n\u00e9fices sur la performance et la sant\u00e9.","robots":{"index":"index","follow":"follow","max-snippet":"max-snippet:-1","max-image-preview":"max-image-preview:large","max-video-preview":"max-video-preview:-1"},"canonical":"https:\/\/www.alexetalex.com\/ca\/dossiers-fruites\/sport-et-fruits\/renforcement-musculaire\/","og_locale":"fr_FR","og_type":"article","og_title":"Renforcement musculaire : d\u00e9finition et b\u00e9n\u00e9fices sant\u00e9","og_description":"Cet article pr\u00e9sente les diff\u00e9rents objectifs d\u2019un programme de renforcement musculaire ainsi que les nombreux b\u00e9n\u00e9fices sur la performance et la sant\u00e9.","og_url":"https:\/\/www.alexetalex.com\/ca\/dossiers-fruites\/sport-et-fruits\/renforcement-musculaire\/","article_modified_time":"2020-05-05T23:17:55+00:00","og_image":[{"width":800,"height":500,"url":"https:\/\/www.alexetalex.com\/ca\/wp-content\/uploads\/2020\/05\/posture.jpg","type":"image\/jpeg"}],"twitter_misc":{"Dur\u00e9e de lecture estim\u00e9e":"5 minutes"},"schema":{"@context":"https:\/\/schema.org","@graph":[{"@type":"Organization","@id":"https:\/\/www.alexetalex.com\/ca\/#organization","name":"Alex & Alex","url":"https:\/\/www.alexetalex.com\/ca\/","sameAs":[],"logo":{"@type":"ImageObject","@id":"https:\/\/www.alexetalex.com\/ca\/#logo","inLanguage":"fr-FR","url":"https:\/\/www.alexetalex.com\/ca\/wp-content\/uploads\/2020\/04\/alexalex-1.png","contentUrl":"https:\/\/www.alexetalex.com\/ca\/wp-content\/uploads\/2020\/04\/alexalex-1.png","width":51,"height":50,"caption":"Alex & Alex"},"image":{"@id":"https:\/\/www.alexetalex.com\/ca\/#logo"}},{"@type":"WebSite","@id":"https:\/\/www.alexetalex.com\/ca\/#website","url":"https:\/\/www.alexetalex.com\/ca\/","name":"","description":"","publisher":{"@id":"https:\/\/www.alexetalex.com\/ca\/#organization"},"potentialAction":[{"@type":"SearchAction","target":{"@type":"EntryPoint","urlTemplate":"https:\/\/www.alexetalex.com\/ca\/?s={search_term_string}"},"query-input":"required name=search_term_string"}],"inLanguage":"fr-FR"},{"@type":"ImageObject","@id":"https:\/\/www.alexetalex.com\/ca\/dossiers-fruites\/sport-et-fruits\/renforcement-musculaire\/#primaryimage","inLanguage":"fr-FR","url":"https:\/\/www.alexetalex.com\/ca\/wp-content\/uploads\/2020\/05\/posture.jpg","contentUrl":"https:\/\/www.alexetalex.com\/ca\/wp-content\/uploads\/2020\/05\/posture.jpg","width":800,"height":500},{"@type":"WebPage","@id":"https:\/\/www.alexetalex.com\/ca\/dossiers-fruites\/sport-et-fruits\/renforcement-musculaire\/#webpage","url":"https:\/\/www.alexetalex.com\/ca\/dossiers-fruites\/sport-et-fruits\/renforcement-musculaire\/","name":"Renforcement musculaire : d\u00e9finition et b\u00e9n\u00e9fices sant\u00e9","isPartOf":{"@id":"https:\/\/www.alexetalex.com\/ca\/#website"},"primaryImageOfPage":{"@id":"https:\/\/www.alexetalex.com\/ca\/dossiers-fruites\/sport-et-fruits\/renforcement-musculaire\/#primaryimage"},"datePublished":"2018-01-30T15:37:49+00:00","dateModified":"2020-05-05T23:17:55+00:00","description":"Cet article pr\u00e9sente les diff\u00e9rents objectifs d\u2019un programme de renforcement musculaire ainsi que les nombreux b\u00e9n\u00e9fices sur la performance et la sant\u00e9.","breadcrumb":{"@id":"https:\/\/www.alexetalex.com\/ca\/dossiers-fruites\/sport-et-fruits\/renforcement-musculaire\/#breadcrumb"},"inLanguage":"fr-FR","potentialAction":[{"@type":"ReadAction","target":["https:\/\/www.alexetalex.com\/ca\/dossiers-fruites\/sport-et-fruits\/renforcement-musculaire\/"]}]},{"@type":"BreadcrumbList","@id":"https:\/\/www.alexetalex.com\/ca\/dossiers-fruites\/sport-et-fruits\/renforcement-musculaire\/#breadcrumb","itemListElement":[{"@type":"ListItem","position":1,"name":"Magazine","item":"https:\/\/www.alexetalex.com\/ca\/dossiers-fruites\/"},{"@type":"ListItem","position":2,"name":"Sport","item":"https:\/\/www.alexetalex.com\/ca\/dossiers-fruites\/sport-et-fruits\/"},{"@type":"ListItem","position":3,"name":"Dossier"}]}]}},"_links":{"self":[{"href":"https:\/\/www.alexetalex.com\/ca\/wp-json\/wp\/v2\/pages\/8709"}],"collection":[{"href":"https:\/\/www.alexetalex.com\/ca\/wp-json\/wp\/v2\/pages"}],"about":[{"href":"https:\/\/www.alexetalex.com\/ca\/wp-json\/wp\/v2\/types\/page"}],"author":[{"embeddable":true,"href":"https:\/\/www.alexetalex.com\/ca\/wp-json\/wp\/v2\/users\/4"}],"replies":[{"embeddable":true,"href":"https:\/\/www.alexetalex.com\/ca\/wp-json\/wp\/v2\/comments?post=8709"}],"version-history":[{"count":1,"href":"https:\/\/www.alexetalex.com\/ca\/wp-json\/wp\/v2\/pages\/8709\/revisions"}],"predecessor-version":[{"id":16831,"href":"https:\/\/www.alexetalex.com\/ca\/wp-json\/wp\/v2\/pages\/8709\/revisions\/16831"}],"up":[{"embeddable":true,"href":"https:\/\/www.alexetalex.com\/ca\/wp-json\/wp\/v2\/pages\/8728"}],"wp:featuredmedia":[{"embeddable":true,"href":"https:\/\/www.alexetalex.com\/ca\/wp-json\/wp\/v2\/media\/16830"}],"wp:attachment":[{"href":"https:\/\/www.alexetalex.com\/ca\/wp-json\/wp\/v2\/media?parent=8709"}],"curies":[{"name":"wp","href":"https:\/\/api.w.org\/{rel}","templated":true}]}}