{"id":8983,"date":"2018-04-20T07:22:47","date_gmt":"2018-04-20T06:22:47","guid":{"rendered":"https:\/\/www.alexetalex.com\/ca\/?page_id=8983"},"modified":"2020-10-31T15:18:26","modified_gmt":"2020-10-31T14:18:26","slug":"corbeille-de-fruits-en-nature-morte","status":"publish","type":"page","link":"https:\/\/www.alexetalex.com\/ca\/dossiers-fruites\/route-des-fruits\/corbeille-de-fruits-en-nature-morte\/","title":{"rendered":"Corbeille de fruits en nature morte"},"content":{"rendered":"<h1>Les corbeilles de fruits en nature morte<\/h1>\n<p><\/br><\/p>\n<p>C&rsquo;est presque la fin de l&rsquo;ann\u00e9e, et l&rsquo;automne est l\u00e0 pour nous surprendre avec des \u00e9cats qui <a href=\"https:\/\/www.beaux-arts.ca\/collection\/recherche-dans-la-collection?search_api_views_fulltext=automne&#038;sort_by=search_api_relevance&#038;page=1\">ont inspir\u00e9 tant d&rsquo;artistes<\/a>. Or, il faut aussi se rappeler que ces belles couleurs naturelles ne sont pas exclusives de la saison. Elles peuvent aussi se pr\u00e9senter sur des produits naturels pr\u00e9sents dans votre quotidien, en l&rsquo;occurence sur vos corbeilles de fuits. En tout cas, c&rsquo;est ce que nous apprend le genre pictorique de la nature morte. <\/p>\n<p>On profite donc la contribution tr\u00e8s touchante d&rsquo;une internaute pour aborder le sujet des corbeilles de fruits en nature morte. En effet, cette passionn\u00e9e du dessin s&rsquo;est inspir\u00e9e des paniers de fruits Alex &#038; Alex pour cr\u00e9er cette nature morte, r\u00e9alis\u00e9e 100% aux crayons de couleurs. Elle a visiblement ador\u00e9 nos produits et nous avons ador\u00e9 son oeuvre d&rsquo;art (ci dessous):<\/p>\n<p><img loading=\"lazy\" src=\"https:\/\/www.alexetalex.com\/wp-content\/uploads\/2013\/12\/IMG_6803-scaled.jpg\" alt=\"panier-fruits-nature-morte\" width=\"2560\" height=\"1818\" class=\"alignnone size-full wp-image-5603 srcset=\"https:\/\/www.alexetalex.com\/ca\/wp-content\/uploads\/2013\/12\/IMG_6803-scaled.jpg 2560w, https:\/\/www.alexetalex.com\/ca\/wp-content\/uploads\/2013\/12\/IMG_6803-600x426.jpg 600w, https:\/\/www.alexetalex.com\/ca\/wp-content\/uploads\/2013\/12\/IMG_6803-270x191.jpg 270w, https:\/\/www.alexetalex.com\/ca\/wp-content\/uploads\/2013\/12\/IMG_6803-550x390.jpg 550w\" sizes=\"(max-width: 2560px) 100vw, 2560px\" \/><\/p>\n<p>D&rsquo;apr\u00e8s la photo originale \u00ab\u00a0Made in Alex &amp; Alex\u00a0\u00bb, de cette <a title=\"Corbeille de fruits au bureau\" href=\"https:\/\/www.alexetalex.com\/ca\/\">corbeille de fruits<\/a> ci-dessous :<\/p>\n<p><a title=\"Nature morte : corbeille de fruits\" href=\"https:\/\/www.alexetalex.com\/corbeille-de-fruits-en-nature-morte\/panier-fruit\/\" rel=\"attachment wp-att-5604\"><img loading=\"lazy\" class=\"alignnone size-large wp-image-5604\" src=\"https:\/\/www.alexetalex.com\/wp-content\/uploads\/2013\/12\/panier-fruit-550x365.jpg\" alt=\"panier-fruit\" width=\"550\" height=\"365\" srcset=\"https:\/\/www.alexetalex.com\/ca\/wp-content\/uploads\/2013\/12\/panier-fruit-550x365.jpg 550w, https:\/\/www.alexetalex.com\/ca\/wp-content\/uploads\/2013\/12\/panier-fruit-600x399.jpg 600w, https:\/\/www.alexetalex.com\/ca\/wp-content\/uploads\/2013\/12\/panier-fruit-270x179.jpg 270w, https:\/\/www.alexetalex.com\/ca\/wp-content\/uploads\/2013\/12\/panier-fruit.jpg 849w\" sizes=\"(max-width: 550px) 100vw, 550px\" \/><\/a><\/p>\n<p><\/br><\/p>\n<h2>I] Les Corbeilles de fruits et la nature morte<\/h2>\n<p><\/br><\/p>\n<p>Une corbeille de fruits en nature morte est une oeuvre, ou repr\u00e9sentation picturale d&rsquo;\u00e9l\u00e9ments inanim\u00e9s, incluant un contenant (corbeille, panier, corne d&rsquo;abondance&#8230;etc.) ou un support (table, buffet, desserte&#8230;etc.) et dont l&rsquo;objet principal est un ensemble d&rsquo;\u00e9l\u00e9ments inanim\u00e9s, notamment des fruits, et \u00e9ventuellement d&rsquo;autres objets de d\u00e9cor (tels que des verres, tasses&#8230;etc.).<\/p>\n<p>Les \u00ab vanit\u00e9s \u00bb sont un sous-ensemble de la famille des natures mortes : celles-ci se caract\u00e9risent par une composition qui sugg\u00e8re la futilit\u00e9, la pr\u00e9carit\u00e9 et le peu d&rsquo;importance de la vie humaine.<\/p>\n<p><\/br><\/p>\n<h2>II] Le choix du th\u00e8me : les diff\u00e9rentes \u00e9coles<\/h2>\n<p><\/br><\/p>\n<p>La corbeille de fruits en nature morte est un th\u00e8me d\u00e9velopp\u00e9 en peinture depuis le Moyen-Age. Le choix des sujets caract\u00e9rise g\u00e9n\u00e9ralement les \u00e9poques. C&rsquo;est ainsi par exemple que les natures mortes du d\u00e9but du XX\u00e8me si\u00e8cle remplaceront la bougie par une lampe \u00e0 gaz.<\/p>\n<p>Pendant la p\u00e9riode classique, les messages extra-picturaux \u00e9taient nombreux. La figue sugg\u00e9rait par exemple souvent le sensualit\u00e9 du sexe f\u00e9minin, comme dans les natures mortes aux figues d&rsquo;apr\u00e8s Melendez.<\/p>\n<p><\/br><\/p>\n <div class=\"hsg-featured-numb\">\n    <div>\n <p>1<\/p>\n <p><\/p>\n<h3>L'\u00e9cole Flamande<\/h3>\n<p><\/p>\n\n<\/div>\n  \n<\/div>\n<p><\/br><\/p>\n<p>L&rsquo;\u00e9cole Flamande conna\u00eet d\u00e9bute au XVII\u00e8me si\u00e8cle sous l&rsquo;impulsion de Rubens et de ses successeurs, parmi lesquels : Pieter Boel, Jan Brueghel, Jacobs van Es, et Franz Snyders. Elle se caract\u00e9rise par des compositions larges, l&rsquo;accumulation des objets dans le d\u00e9cor, ainsi que l&rsquo;utilisation de grands formats pour son \u00e9poque.<\/p>\n<p>Elle se poursuit au XVIII\u00e8me si\u00e8cle sous l&rsquo;\u00e9gide de Abraham Brueghel et se diffuse progressivement dans toute l&rsquo;Europe.<\/p>\n<p><\/br><\/p>\n <div class=\"hsg-featured-numb\">\n    <div>\n <p>2<\/p>\n <p><\/p>\n<h3>L'\u00e9cole Espagnole<\/h3>\n<p><\/p>\n\n<\/div>\n  \n<\/div>\n<p><\/br><\/p>\n<p>D&rsquo;abord d&rsquo;inspiration flamande, les natures mortes de l&rsquo;\u00e9cole espagnole d\u00e9veloppent un style propre sous la houlette de peintres tels que Juan Gris et Juan Miro. Mais c&rsquo;est surtout Pablo Picasso, notamment au travers de \u00ab\u00a0Nature Morte \u00e0 l&rsquo;\u00e9p\u00e9e de Matadore\u00a0\u00bb, \u00ab\u00a0Nature Morte \u00e0 la Chaise Cann\u00e9e\u00a0\u00bb, ainsi que de la c\u00e9l\u00e8bre et magnifique \u00ab\u00a0Corbeille de fruits et bouteille\u00a0\u00bb : cf. ci-dessous.<\/p>\n<p><i>Source : Arte.<\/i><\/p>\n<p><a title=\"Corbeille de fruits en nature morte : Picasso\" href=\"https:\/\/www.alexetalex.com\/wp-content\/uploads\/2013\/12\/pablo-picasso-nature-morte.-corbeille-de-fruits-et-bouteille.jpg\"><img loading=\"lazy\" class=\"alignnone size-full wp-image-7966\" src=\"https:\/\/www.alexetalex.com\/wp-content\/uploads\/2013\/12\/pablo-picasso-nature-morte.-corbeille-de-fruits-et-bouteille.jpg\" alt=\"pablo-picasso-nature-morte.-corbeille-de-fruits-et-bouteille\" width=\"480\" height=\"401\" srcset=\"https:\/\/www.alexetalex.com\/ca\/wp-content\/uploads\/2013\/12\/pablo-picasso-nature-morte.-corbeille-de-fruits-et-bouteille.jpg 480w, https:\/\/www.alexetalex.com\/ca\/wp-content\/uploads\/2013\/12\/pablo-picasso-nature-morte.-corbeille-de-fruits-et-bouteille-270x226.jpg 270w\" sizes=\"(max-width: 480px) 100vw, 480px\" \/><\/a><\/p>\n<p>Alex &#038; Alex se porterait bien acqu\u00e9reur de cette oeuvre magnifique, mais la derni\u00e8re fois qu&rsquo;elle a \u00e9t\u00e9 mise en vente chez Christies, son prix a \u00e9t\u00e9 de 4 226 500$ (USD). C&rsquo;est encore un peu trop cher pour nous&#8230;<\/p>\n<p><\/br><\/p>\n <div class=\"hsg-featured-numb\">\n    <div>\n <p>3<\/p>\n <p><H3>L'\u00e9cole Hollandaise<\/H3><\/p>\n\n<\/div>\n  \n<\/div>\n<p><\/br><\/p>\n<p>Au XVII\u00e8me si\u00e8cle, sous l&rsquo;influence de Rembrandt, principale figure de l&rsquo;\u00e9cole hollandaise, de nouvelles formes stylistiques voient le jour en Hollande, notamment le \u00ab\u00a0clair-obscur intense\u00a0\u00bb dont l&rsquo;effet ajoute une dimension lyrique unique aux oeuvres hollandaises de cette \u00e9poque.<\/p>\n<p>Les autres principaux repr\u00e9sentants de la nature morte hollandaise sont : Pieter Claesz, Willem Claeszoon Heda, Jan David de Heem, Abraham Hendriksz van Beyeren, Willen Kalf. Par opposition au style flamand, elle se caract\u00e9rise d\u00e8s le XVII\u00e8me si\u00e8cle par :<br \/>\n<br \/>&#8211; de petits formats<br \/>\n<br \/>&#8211; peu d&rsquo;objets dans le d\u00e9cor<br \/>\n<br \/>&#8211; une minutie dans la composition des d\u00e9tails<\/p>\n<p><\/br><\/p>\n <div class=\"hsg-featured-numb\">\n    <div>\n <p>4<\/p>\n <p><H3>L'\u00e9cole Fran\u00e7aise<\/H3><\/p>\n\n<\/div>\n  \n<\/div>\n<p><\/br><\/p>\n<p>Au XVII\u00e8me si\u00e8cle on peut notamment citer : Nicolas Baudesson, Lubin Baugin, et Jean-Baptiste Belin.<\/p>\n<p>Au XVIII\u00e8me si\u00e8cle, on peut citer : Jean Sim\u00e9on Chardin, Alexandre-Fran\u00e7ois Desportes, Jean-Baptiste Oudry, Anne-Vallayer Coster.<\/p>\n<p>Voici ci-dessous une interpr\u00e9tation plus r\u00e9cente d&rsquo;une corbeille de fruits en nature morte :<\/p>\n<p><a title=\"Corbeille de fruits en nature morte par Alexandre Ponthier\" href=\"https:\/\/www.alexetalex.com\/wp-content\/uploads\/2013\/12\/201701-Corbeille-de-fruits3.jpg\"><img loading=\"lazy\" class=\"alignnone size-large wp-image-7371\" src=\"https:\/\/www.alexetalex.com\/wp-content\/uploads\/2013\/12\/201701-Corbeille-de-fruits3-550x376.jpg\" alt=\"201701 - Corbeille-de fruits-art moderne- Aexandre-Ponthier-\" width=\"550\" height=\"376\" srcset=\"https:\/\/www.alexetalex.com\/ca\/wp-content\/uploads\/2013\/12\/201701-Corbeille-de-fruits3-550x376.jpg 550w, https:\/\/www.alexetalex.com\/ca\/wp-content\/uploads\/2013\/12\/201701-Corbeille-de-fruits3-600x410.jpg 600w, https:\/\/www.alexetalex.com\/ca\/wp-content\/uploads\/2013\/12\/201701-Corbeille-de-fruits3-270x185.jpg 270w, https:\/\/www.alexetalex.com\/ca\/wp-content\/uploads\/2013\/12\/201701-Corbeille-de-fruits3-768x525.jpg 768w\" sizes=\"(max-width: 550px) 100vw, 550px\" \/><\/a><\/p>\n","protected":false},"excerpt":{"rendered":"<p>Les corbeilles de fruits en nature morte C&rsquo;est presque la fin de l&rsquo;ann\u00e9e, et l&rsquo;automne est l\u00e0 pour nous surprendre avec des \u00e9cats qui ont inspir\u00e9 tant d&rsquo;artistes. Or, il faut aussi se rappeler que ces belles couleurs naturelles ne sont pas exclusives de la saison. Elles peuvent aussi se pr\u00e9senter sur des produits naturels [&hellip;]<\/p>\n","protected":false},"author":4,"featured_media":5603,"parent":8732,"menu_order":0,"comment_status":"closed","ping_status":"closed","template":"","meta":{"_et_pb_use_builder":"","_et_pb_old_content":"","_et_gb_content_width":""},"acf":[],"yoast_head":"<!-- This site is optimized with the Yoast SEO plugin v17.6 - https:\/\/yoast.com\/wordpress\/plugins\/seo\/ -->\n<title>Corbeille de fruits : tableau en nature morte aux crayons de couleurs<\/title>\n<meta name=\"description\" content=\"R\u00e9alis\u00e9e par une amateur passionn\u00e9e, cette corbeille de fruits en nature morte sublime la photo originale prise par notre \u00e9quipe en 2013.\" \/>\n<meta name=\"robots\" content=\"index, follow, max-snippet:-1, max-image-preview:large, max-video-preview:-1\" \/>\n<link rel=\"canonical\" href=\"https:\/\/www.alexetalex.com\/ca\/dossiers-fruites\/route-des-fruits\/corbeille-de-fruits-en-nature-morte\/\" \/>\n<meta property=\"og:locale\" content=\"fr_FR\" \/>\n<meta property=\"og:type\" content=\"article\" \/>\n<meta property=\"og:title\" content=\"Corbeille de fruits : tableau en nature morte aux crayons de couleurs\" \/>\n<meta property=\"og:description\" content=\"R\u00e9alis\u00e9e par une amateur passionn\u00e9e, cette corbeille de fruits en nature morte sublime la photo originale prise par notre \u00e9quipe en 2013.\" \/>\n<meta property=\"og:url\" content=\"https:\/\/www.alexetalex.com\/ca\/dossiers-fruites\/route-des-fruits\/corbeille-de-fruits-en-nature-morte\/\" \/>\n<meta property=\"article:modified_time\" content=\"2020-10-31T14:18:26+00:00\" \/>\n<meta property=\"og:image\" content=\"https:\/\/www.alexetalex.com\/ca\/wp-content\/uploads\/2013\/12\/IMG_6803-scaled.jpg\" \/>\n\t<meta property=\"og:image:width\" content=\"2560\" \/>\n\t<meta property=\"og:image:height\" content=\"1818\" \/>\n<meta name=\"twitter:label1\" content=\"Dur\u00e9e de lecture estim\u00e9e\" \/>\n\t<meta name=\"twitter:data1\" content=\"1 minute\" \/>\n<script type=\"application\/ld+json\" class=\"yoast-schema-graph\">{\"@context\":\"https:\/\/schema.org\",\"@graph\":[{\"@type\":\"Organization\",\"@id\":\"https:\/\/www.alexetalex.com\/ca\/#organization\",\"name\":\"Alex & Alex\",\"url\":\"https:\/\/www.alexetalex.com\/ca\/\",\"sameAs\":[],\"logo\":{\"@type\":\"ImageObject\",\"@id\":\"https:\/\/www.alexetalex.com\/ca\/#logo\",\"inLanguage\":\"fr-FR\",\"url\":\"https:\/\/www.alexetalex.com\/ca\/wp-content\/uploads\/2020\/04\/alexalex-1.png\",\"contentUrl\":\"https:\/\/www.alexetalex.com\/ca\/wp-content\/uploads\/2020\/04\/alexalex-1.png\",\"width\":51,\"height\":50,\"caption\":\"Alex & Alex\"},\"image\":{\"@id\":\"https:\/\/www.alexetalex.com\/ca\/#logo\"}},{\"@type\":\"WebSite\",\"@id\":\"https:\/\/www.alexetalex.com\/ca\/#website\",\"url\":\"https:\/\/www.alexetalex.com\/ca\/\",\"name\":\"\",\"description\":\"\",\"publisher\":{\"@id\":\"https:\/\/www.alexetalex.com\/ca\/#organization\"},\"potentialAction\":[{\"@type\":\"SearchAction\",\"target\":{\"@type\":\"EntryPoint\",\"urlTemplate\":\"https:\/\/www.alexetalex.com\/ca\/?s={search_term_string}\"},\"query-input\":\"required name=search_term_string\"}],\"inLanguage\":\"fr-FR\"},{\"@type\":\"ImageObject\",\"@id\":\"https:\/\/www.alexetalex.com\/ca\/dossiers-fruites\/route-des-fruits\/corbeille-de-fruits-en-nature-morte\/#primaryimage\",\"inLanguage\":\"fr-FR\",\"url\":\"https:\/\/www.alexetalex.com\/ca\/wp-content\/uploads\/2013\/12\/IMG_6803-scaled.jpg\",\"contentUrl\":\"https:\/\/www.alexetalex.com\/ca\/wp-content\/uploads\/2013\/12\/IMG_6803-scaled.jpg\",\"width\":2560,\"height\":1818},{\"@type\":\"WebPage\",\"@id\":\"https:\/\/www.alexetalex.com\/ca\/dossiers-fruites\/route-des-fruits\/corbeille-de-fruits-en-nature-morte\/#webpage\",\"url\":\"https:\/\/www.alexetalex.com\/ca\/dossiers-fruites\/route-des-fruits\/corbeille-de-fruits-en-nature-morte\/\",\"name\":\"Corbeille de fruits : tableau en nature morte aux crayons de couleurs\",\"isPartOf\":{\"@id\":\"https:\/\/www.alexetalex.com\/ca\/#website\"},\"primaryImageOfPage\":{\"@id\":\"https:\/\/www.alexetalex.com\/ca\/dossiers-fruites\/route-des-fruits\/corbeille-de-fruits-en-nature-morte\/#primaryimage\"},\"datePublished\":\"2018-04-20T06:22:47+00:00\",\"dateModified\":\"2020-10-31T14:18:26+00:00\",\"description\":\"R\\u00e9alis\\u00e9e par une amateur passionn\\u00e9e, cette corbeille de fruits en nature morte sublime la photo originale prise par notre \\u00e9quipe en 2013.\",\"breadcrumb\":{\"@id\":\"https:\/\/www.alexetalex.com\/ca\/dossiers-fruites\/route-des-fruits\/corbeille-de-fruits-en-nature-morte\/#breadcrumb\"},\"inLanguage\":\"fr-FR\",\"potentialAction\":[{\"@type\":\"ReadAction\",\"target\":[\"https:\/\/www.alexetalex.com\/ca\/dossiers-fruites\/route-des-fruits\/corbeille-de-fruits-en-nature-morte\/\"]}]},{\"@type\":\"BreadcrumbList\",\"@id\":\"https:\/\/www.alexetalex.com\/ca\/dossiers-fruites\/route-des-fruits\/corbeille-de-fruits-en-nature-morte\/#breadcrumb\",\"itemListElement\":[{\"@type\":\"ListItem\",\"position\":1,\"name\":\"Magazine\",\"item\":\"https:\/\/www.alexetalex.com\/ca\/dossiers-fruites\/\"},{\"@type\":\"ListItem\",\"position\":2,\"name\":\"Fruits\",\"item\":\"https:\/\/www.alexetalex.com\/ca\/dossiers-fruites\/route-des-fruits\/\"},{\"@type\":\"ListItem\",\"position\":3,\"name\":\"Dossier\"}]}]}<\/script>\n<!-- \/ Yoast SEO plugin. -->","yoast_head_json":{"title":"Corbeille de fruits : tableau en nature morte aux crayons de couleurs","description":"R\u00e9alis\u00e9e par une amateur passionn\u00e9e, cette corbeille de fruits en nature morte sublime la photo originale prise par notre \u00e9quipe en 2013.","robots":{"index":"index","follow":"follow","max-snippet":"max-snippet:-1","max-image-preview":"max-image-preview:large","max-video-preview":"max-video-preview:-1"},"canonical":"https:\/\/www.alexetalex.com\/ca\/dossiers-fruites\/route-des-fruits\/corbeille-de-fruits-en-nature-morte\/","og_locale":"fr_FR","og_type":"article","og_title":"Corbeille de fruits : tableau en nature morte aux crayons de couleurs","og_description":"R\u00e9alis\u00e9e par une amateur passionn\u00e9e, cette corbeille de fruits en nature morte sublime la photo originale prise par notre \u00e9quipe en 2013.","og_url":"https:\/\/www.alexetalex.com\/ca\/dossiers-fruites\/route-des-fruits\/corbeille-de-fruits-en-nature-morte\/","article_modified_time":"2020-10-31T14:18:26+00:00","og_image":[{"width":2560,"height":1818,"url":"https:\/\/www.alexetalex.com\/ca\/wp-content\/uploads\/2013\/12\/IMG_6803-scaled.jpg","type":"image\/jpeg"}],"twitter_misc":{"Dur\u00e9e de lecture estim\u00e9e":"1 minute"},"schema":{"@context":"https:\/\/schema.org","@graph":[{"@type":"Organization","@id":"https:\/\/www.alexetalex.com\/ca\/#organization","name":"Alex & Alex","url":"https:\/\/www.alexetalex.com\/ca\/","sameAs":[],"logo":{"@type":"ImageObject","@id":"https:\/\/www.alexetalex.com\/ca\/#logo","inLanguage":"fr-FR","url":"https:\/\/www.alexetalex.com\/ca\/wp-content\/uploads\/2020\/04\/alexalex-1.png","contentUrl":"https:\/\/www.alexetalex.com\/ca\/wp-content\/uploads\/2020\/04\/alexalex-1.png","width":51,"height":50,"caption":"Alex & Alex"},"image":{"@id":"https:\/\/www.alexetalex.com\/ca\/#logo"}},{"@type":"WebSite","@id":"https:\/\/www.alexetalex.com\/ca\/#website","url":"https:\/\/www.alexetalex.com\/ca\/","name":"","description":"","publisher":{"@id":"https:\/\/www.alexetalex.com\/ca\/#organization"},"potentialAction":[{"@type":"SearchAction","target":{"@type":"EntryPoint","urlTemplate":"https:\/\/www.alexetalex.com\/ca\/?s={search_term_string}"},"query-input":"required name=search_term_string"}],"inLanguage":"fr-FR"},{"@type":"ImageObject","@id":"https:\/\/www.alexetalex.com\/ca\/dossiers-fruites\/route-des-fruits\/corbeille-de-fruits-en-nature-morte\/#primaryimage","inLanguage":"fr-FR","url":"https:\/\/www.alexetalex.com\/ca\/wp-content\/uploads\/2013\/12\/IMG_6803-scaled.jpg","contentUrl":"https:\/\/www.alexetalex.com\/ca\/wp-content\/uploads\/2013\/12\/IMG_6803-scaled.jpg","width":2560,"height":1818},{"@type":"WebPage","@id":"https:\/\/www.alexetalex.com\/ca\/dossiers-fruites\/route-des-fruits\/corbeille-de-fruits-en-nature-morte\/#webpage","url":"https:\/\/www.alexetalex.com\/ca\/dossiers-fruites\/route-des-fruits\/corbeille-de-fruits-en-nature-morte\/","name":"Corbeille de fruits : tableau en nature morte aux crayons de couleurs","isPartOf":{"@id":"https:\/\/www.alexetalex.com\/ca\/#website"},"primaryImageOfPage":{"@id":"https:\/\/www.alexetalex.com\/ca\/dossiers-fruites\/route-des-fruits\/corbeille-de-fruits-en-nature-morte\/#primaryimage"},"datePublished":"2018-04-20T06:22:47+00:00","dateModified":"2020-10-31T14:18:26+00:00","description":"R\u00e9alis\u00e9e par une amateur passionn\u00e9e, cette corbeille de fruits en nature morte sublime la photo originale prise par notre \u00e9quipe en 2013.","breadcrumb":{"@id":"https:\/\/www.alexetalex.com\/ca\/dossiers-fruites\/route-des-fruits\/corbeille-de-fruits-en-nature-morte\/#breadcrumb"},"inLanguage":"fr-FR","potentialAction":[{"@type":"ReadAction","target":["https:\/\/www.alexetalex.com\/ca\/dossiers-fruites\/route-des-fruits\/corbeille-de-fruits-en-nature-morte\/"]}]},{"@type":"BreadcrumbList","@id":"https:\/\/www.alexetalex.com\/ca\/dossiers-fruites\/route-des-fruits\/corbeille-de-fruits-en-nature-morte\/#breadcrumb","itemListElement":[{"@type":"ListItem","position":1,"name":"Magazine","item":"https:\/\/www.alexetalex.com\/ca\/dossiers-fruites\/"},{"@type":"ListItem","position":2,"name":"Fruits","item":"https:\/\/www.alexetalex.com\/ca\/dossiers-fruites\/route-des-fruits\/"},{"@type":"ListItem","position":3,"name":"Dossier"}]}]}},"_links":{"self":[{"href":"https:\/\/www.alexetalex.com\/ca\/wp-json\/wp\/v2\/pages\/8983"}],"collection":[{"href":"https:\/\/www.alexetalex.com\/ca\/wp-json\/wp\/v2\/pages"}],"about":[{"href":"https:\/\/www.alexetalex.com\/ca\/wp-json\/wp\/v2\/types\/page"}],"author":[{"embeddable":true,"href":"https:\/\/www.alexetalex.com\/ca\/wp-json\/wp\/v2\/users\/4"}],"replies":[{"embeddable":true,"href":"https:\/\/www.alexetalex.com\/ca\/wp-json\/wp\/v2\/comments?post=8983"}],"version-history":[{"count":9,"href":"https:\/\/www.alexetalex.com\/ca\/wp-json\/wp\/v2\/pages\/8983\/revisions"}],"predecessor-version":[{"id":17429,"href":"https:\/\/www.alexetalex.com\/ca\/wp-json\/wp\/v2\/pages\/8983\/revisions\/17429"}],"up":[{"embeddable":true,"href":"https:\/\/www.alexetalex.com\/ca\/wp-json\/wp\/v2\/pages\/8732"}],"wp:featuredmedia":[{"embeddable":true,"href":"https:\/\/www.alexetalex.com\/ca\/wp-json\/wp\/v2\/media\/5603"}],"wp:attachment":[{"href":"https:\/\/www.alexetalex.com\/ca\/wp-json\/wp\/v2\/media?parent=8983"}],"curies":[{"name":"wp","href":"https:\/\/api.w.org\/{rel}","templated":true}]}}