{"id":8994,"date":"2018-04-20T08:26:17","date_gmt":"2018-04-20T07:26:17","guid":{"rendered":"https:\/\/www.alexetalex.com\/ca\/?page_id=8994"},"modified":"2020-05-04T16:14:21","modified_gmt":"2020-05-04T15:14:21","slug":"fraise-fruit-ou-legume","status":"publish","type":"page","link":"https:\/\/www.alexetalex.com\/ca\/dossiers-fruites\/route-des-fruits\/fraise-fruit-ou-legume\/","title":{"rendered":"La fraise : fruit ou l\u00e9gume ?"},"content":{"rendered":"<p><H1>La fraise est-elle un fruit ou bien un l\u00e9gume ?<\/H1><\/p>\n<h2>I] La fraise : un \u00ab\u00a0faux-fruit\u00a0\u00bb au sens botanique<\/h2>\n<p>Botaniquement parlant, la fraise un \u00ab faux-fruit \u00bb puisqu&rsquo;il s&rsquo;agit en r\u00e9alit\u00e9 d&rsquo;un polyak\u00e8ne, c\u2019est \u00e0 dire un r\u00e9ceptacle floral, charnu, qui accueille de minuscules graines (les ak\u00e8nes) dans des alv\u00e9oles plus ou moins profondes. Dans le langage courant, on classe n\u00e9anmoins la fraise parmi les fruits rouges.<\/p>\n<p><img loading=\"lazy\" width=\"560\" height=\"400\" src=\"https:\/\/www.alexetalex.com\/ca\/wp-content\/uploads\/2018\/04\/fraise-560x400.jpg\" alt=\"Fraise : fruit ou l\u00e9gume ? Pourquoi la fraise est-elle un faux-fruit !\" class=\"alignnone size-full wp-image-8999\" srcset=\"https:\/\/www.alexetalex.com\/ca\/wp-content\/uploads\/2018\/04\/fraise-560x400.jpg 560w, https:\/\/www.alexetalex.com\/ca\/wp-content\/uploads\/2018\/04\/fraise-560x400-250x179.jpg 250w, https:\/\/www.alexetalex.com\/ca\/wp-content\/uploads\/2018\/04\/fraise-560x400-120x86.jpg 120w, https:\/\/www.alexetalex.com\/ca\/wp-content\/uploads\/2018\/04\/fraise-560x400-320x229.jpg 320w\" sizes=\"(max-width: 560px) 100vw, 560px\" \/><\/p>\n<h3>Le fruit en botanique : cas g\u00e9n\u00e9ral<\/h3>\n<p>En botanique, un fruit est le r\u00e9sultat de la f\u00e9condation d&rsquo;une fleur ; c&rsquo;est la partie charnue qui contient les graines. La fraise est bien le produit d&rsquo;une fleur f\u00e9cond\u00e9e, mais n&rsquo;est que le r\u00e9ceptacle sur lequel se fixent les graines : \u00e0 l&rsquo;inverse d&rsquo;un fruit, elle ne prot\u00e8ge pas les graines. Botaniquement parlant, c&rsquo;est donc un \u00ab\u00a0faux-fruit\u00a0\u00bb. Mais un fruit quand m\u00eame&#8230;<\/p>\n<h2>II] Petite histoire de la fraise<\/h2>\n<h3>Un fruit que l\u2019on retrouvait d\u00e9j\u00e0 au N\u00e9olithique !<\/h3>\n<p>Des traces arch\u00e9ologiques ont prouv\u00e9 que nos anc\u00eatres du N\u00e9olithique consommaient d\u00e9j\u00e0 des fraises en Asie, en Am\u00e9rique, mais aussi dans les r\u00e9gions sub-montagneuses d\u2019Europe Occidentale. Sur ces trois continents, on comptait d\u00e9j\u00e0 pas moins de 35 esp\u00e8ces de fraises ! T\u00e9moignage de la diversit\u00e9 des climats o\u00f9 la plante a r\u00e9ussi \u00e0 s\u2019\u00e9tablir. Elle a vraisemblablement \u00e9t\u00e9 r\u00e9pandue par l\u2019interm\u00e9diaire des oiseaux, qui eux seuls peuvent transporter des graines sur d\u2019aussi longues distances.<\/p>\n<h3>La fraise s\u2019invite dans nos jardins au Moyen-Age<\/h3>\n<p>C\u2019est au Moyen Age que l\u2019on commen\u00e7a \u00e0 introduire la fraise des bois dans les jardins et dans les potagers. Sa culture d\u00e9marra avec le repiquage des stolons de l&rsquo;esp\u00e8ce sauvage : la fraise des bois. Par la suite, le fumage et le paillage des sols permirent d\u2019am\u00e9liorer le rendement des r\u00e9coltes.<\/p>\n<h3>La Renaissance : le d\u00e9but de la fraise \u00ab moderne \u00bb<\/h3>\n<p>\u00c0 la Renaissance, la fraise \u00e9tait tr\u00e8s appr\u00e9ci\u00e9e et consomm\u00e9e avec de la cr\u00e8me pour les femmes, et du vin pour les hommes. Elle ne fera n\u00e9anmoins l&rsquo;objet d&rsquo;un v\u00e9ritable commerce organis\u00e9 qu&rsquo;\u00e0 compter du XV\u00e8me si\u00e8cle. Les Anglais, puis les Hollandais am\u00e9lior\u00e8rent les esp\u00e8ces sauvages qui poussaient en abondance dans les bois afin d\u2019obtenir des fruits de plus gros calibre.<\/p>\n<p>Par ailleurs, d\u00e8s le XVIe si\u00e8cle, fut notamment cultiv\u00e9e une vari\u00e9t\u00e9 rapport\u00e9e du Nord Est des \u00c9tats-Unis, la Fraise Viginiana, qui \u00e9tait d\u2019un rouge plus fonc\u00e9 que la fraise des bois europ\u00e9enne, et de plus gros calibre.<\/p>\n<h3>La fraise \u00e0 la cour de Louis XIV<\/h3>\n<p>Jean-Baptiste de La Quintinie, jardinier du Roi Louis XIV, fit \u00e0 la fraise, les honneurs de son extraordinaire potager. Il les cultivait sous serres pour le plus grand plaisir du Roi qui en faisait, dit-on, une grande consommation, malgr\u00e9 l&rsquo;interdiction formelle de son m\u00e9decin de l\u2019\u00e9poque, Nicolas Brayer (1606 \u2013 1678).<\/p>\n<h3>Des fraises dans vos corbeilles de fruits au bureau ?<\/h3>\n<p>Notre activit\u00e9 professionnelle consiste en de la livraison de corbeilles de fruits en entreprises. Ainsi, pendant la saison, nous ne manquons pas l\u2019occasion de mettre ce fruit d\u00e9licieux \u00e0 l\u2019honneur dans vos corbeilles de fruits au bureau. En France, la saison de la fraise commence g\u00e9n\u00e9ralement en avril et se termine mi-juin. Vous la retrouverez donc r\u00e9guli\u00e8rement pendant cette p\u00e9riode dans vos jolis paniers printaniers de fruits au bureau. Au Canada, o\u00f9 nous sommes \u00e9galement implant\u00e9s, la r\u00e9colte est un peu plus tardive, mais vous retrouvez n\u00e9anmoins les fraises locales produites au Qu\u00e9bec, au printemps, dans vos paniers de fruits au bureau !<\/p>\n<h2>III] Des lectures connexes pour tester vos connaissances<\/h2>\n<p>Ci-dessous quelques lectures compl\u00e9mentaires qui vous permettront de faire le test entre fruits et l\u00e9gumes ! Vous verrez, les r\u00e9ponses ne sont pas forc\u00e9ment \u00e9videntes !<\/p>\n<p>&#8211; <a title=\"Ananas fruit ou l\u00e9gume\" title=\"Ananas fruit ou l\u00e9gume\" href=\"https:\/\/www.alexetalex.com\/ca\/lananas-fruit-ou-legume\/\">l&rsquo;ananas : fruit ou l\u00e9gume<\/a> ?<br \/>\n<br \/>&#8211; <a title=\"Aubergine fruit ou l\u00e9gume\" href=\"https:\/\/www.alexetalex.com\/ca\/pourquoi-laubergine-est-elle-un-fruit\/\">pourquoi l&rsquo;aubergine est un fruit<\/a> ?<br \/>\n<br \/>&#8211; <a title=\"Avocat fruit ou l\u00e9gume\" href=\"https:\/\/www.alexetalex.com\/ca\/pourquoi-lavocat-est-il-un-fruit\/\">pourquoi l&rsquo;avocat est un fruit<\/a> ?<\/p>\n<p>Article r\u00e9dig\u00e9 par Camille Gaillard, MSc. In Life Science.<\/p>\n<p><i>Retrouvez la Fraise mais aussi bien d&rsquo;autres <a title=\"Fruits au bureau\" href=\"https:\/\/www.alexetalex.com\/ca\/\">fruits au bureau<\/a> sur la page d\u00e9di\u00e9e \u00e0 notre activit\u00e9 professionnelle : le service de fruits au bureau.<\/i><\/p>\n<p><a title=\"Fruits au bureau - Alex &#038; Alex\" href=\"https:\/\/www.alexetalex.com\/ca\/\"><img loading=\"lazy\" width=\"658\" height=\"280\" src=\"https:\/\/www.alexetalex.com\/ca\/wp-content\/uploads\/2018\/01\/Call-to-action-2.jpg\" alt=\"Call to action 2\" class=\"alignnone size-full wp-image-8638\" srcset=\"https:\/\/www.alexetalex.com\/ca\/wp-content\/uploads\/2018\/01\/Call-to-action-2.jpg 658w, https:\/\/www.alexetalex.com\/ca\/wp-content\/uploads\/2018\/01\/Call-to-action-2-600x255.jpg 600w, https:\/\/www.alexetalex.com\/ca\/wp-content\/uploads\/2018\/01\/Call-to-action-2-270x115.jpg 270w, https:\/\/www.alexetalex.com\/ca\/wp-content\/uploads\/2018\/01\/Call-to-action-2-550x234.jpg 550w\" sizes=\"(max-width: 658px) 100vw, 658px\" \/><\/a><\/p>\n","protected":false},"excerpt":{"rendered":"<p>La fraise est-elle un fruit ou bien un l\u00e9gume ? I] La fraise : un \u00ab\u00a0faux-fruit\u00a0\u00bb au sens botanique Botaniquement parlant, la fraise un \u00ab faux-fruit \u00bb puisqu&rsquo;il s&rsquo;agit en r\u00e9alit\u00e9 d&rsquo;un polyak\u00e8ne, c\u2019est \u00e0 dire un r\u00e9ceptacle floral, charnu, qui accueille de minuscules graines (les ak\u00e8nes) dans des alv\u00e9oles plus ou moins profondes. Dans [&hellip;]<\/p>\n","protected":false},"author":4,"featured_media":8999,"parent":8732,"menu_order":3,"comment_status":"closed","ping_status":"closed","template":"","meta":{"_et_pb_use_builder":"","_et_pb_old_content":"","_et_gb_content_width":""},"acf":[],"yoast_head":"<!-- This site is optimized with the Yoast SEO plugin v17.6 - https:\/\/yoast.com\/wordpress\/plugins\/seo\/ -->\n<title>La fraise : fruit ou l\u00e9gume ?<\/title>\n<meta name=\"description\" content=\"Botaniquement parlant, la fraise un \u00ab faux-fruit \u00bb puisqu&#039;il s&#039;agit d&#039;un polyak\u00e8ne. Dans le langage courant, on la classe n\u00e9anmoins parmi les fruits rouges\" \/>\n<meta name=\"robots\" content=\"index, follow, max-snippet:-1, max-image-preview:large, max-video-preview:-1\" \/>\n<link rel=\"canonical\" href=\"https:\/\/www.alexetalex.com\/ca\/dossiers-fruites\/route-des-fruits\/fraise-fruit-ou-legume\/\" \/>\n<meta property=\"og:locale\" content=\"fr_FR\" \/>\n<meta property=\"og:type\" content=\"article\" \/>\n<meta property=\"og:title\" content=\"La fraise : fruit ou l\u00e9gume ?\" \/>\n<meta property=\"og:description\" content=\"Botaniquement parlant, la fraise un \u00ab faux-fruit \u00bb puisqu&#039;il s&#039;agit d&#039;un polyak\u00e8ne. Dans le langage courant, on la classe n\u00e9anmoins parmi les fruits rouges\" \/>\n<meta property=\"og:url\" content=\"https:\/\/www.alexetalex.com\/ca\/dossiers-fruites\/route-des-fruits\/fraise-fruit-ou-legume\/\" \/>\n<meta property=\"article:modified_time\" content=\"2020-05-04T15:14:21+00:00\" \/>\n<meta property=\"og:image\" content=\"https:\/\/www.alexetalex.com\/ca\/wp-content\/uploads\/2018\/04\/fraise-560x400.jpg\" \/>\n\t<meta property=\"og:image:width\" content=\"560\" \/>\n\t<meta property=\"og:image:height\" content=\"400\" \/>\n<meta name=\"twitter:label1\" content=\"Dur\u00e9e de lecture estim\u00e9e\" \/>\n\t<meta name=\"twitter:data1\" content=\"4 minutes\" \/>\n<script type=\"application\/ld+json\" class=\"yoast-schema-graph\">{\"@context\":\"https:\/\/schema.org\",\"@graph\":[{\"@type\":\"Organization\",\"@id\":\"https:\/\/www.alexetalex.com\/ca\/#organization\",\"name\":\"Alex & Alex\",\"url\":\"https:\/\/www.alexetalex.com\/ca\/\",\"sameAs\":[],\"logo\":{\"@type\":\"ImageObject\",\"@id\":\"https:\/\/www.alexetalex.com\/ca\/#logo\",\"inLanguage\":\"fr-FR\",\"url\":\"https:\/\/www.alexetalex.com\/ca\/wp-content\/uploads\/2020\/04\/alexalex-1.png\",\"contentUrl\":\"https:\/\/www.alexetalex.com\/ca\/wp-content\/uploads\/2020\/04\/alexalex-1.png\",\"width\":51,\"height\":50,\"caption\":\"Alex & Alex\"},\"image\":{\"@id\":\"https:\/\/www.alexetalex.com\/ca\/#logo\"}},{\"@type\":\"WebSite\",\"@id\":\"https:\/\/www.alexetalex.com\/ca\/#website\",\"url\":\"https:\/\/www.alexetalex.com\/ca\/\",\"name\":\"\",\"description\":\"\",\"publisher\":{\"@id\":\"https:\/\/www.alexetalex.com\/ca\/#organization\"},\"potentialAction\":[{\"@type\":\"SearchAction\",\"target\":{\"@type\":\"EntryPoint\",\"urlTemplate\":\"https:\/\/www.alexetalex.com\/ca\/?s={search_term_string}\"},\"query-input\":\"required name=search_term_string\"}],\"inLanguage\":\"fr-FR\"},{\"@type\":\"ImageObject\",\"@id\":\"https:\/\/www.alexetalex.com\/ca\/dossiers-fruites\/route-des-fruits\/fraise-fruit-ou-legume\/#primaryimage\",\"inLanguage\":\"fr-FR\",\"url\":\"https:\/\/www.alexetalex.com\/ca\/wp-content\/uploads\/2018\/04\/fraise-560x400.jpg\",\"contentUrl\":\"https:\/\/www.alexetalex.com\/ca\/wp-content\/uploads\/2018\/04\/fraise-560x400.jpg\",\"width\":560,\"height\":400,\"caption\":\"La fraise : fruit ou l\\u00e9gume ? Pourquoi la fraise est-elle un faux-fruit !\"},{\"@type\":\"WebPage\",\"@id\":\"https:\/\/www.alexetalex.com\/ca\/dossiers-fruites\/route-des-fruits\/fraise-fruit-ou-legume\/#webpage\",\"url\":\"https:\/\/www.alexetalex.com\/ca\/dossiers-fruites\/route-des-fruits\/fraise-fruit-ou-legume\/\",\"name\":\"La fraise : fruit ou l\\u00e9gume ?\",\"isPartOf\":{\"@id\":\"https:\/\/www.alexetalex.com\/ca\/#website\"},\"primaryImageOfPage\":{\"@id\":\"https:\/\/www.alexetalex.com\/ca\/dossiers-fruites\/route-des-fruits\/fraise-fruit-ou-legume\/#primaryimage\"},\"datePublished\":\"2018-04-20T07:26:17+00:00\",\"dateModified\":\"2020-05-04T15:14:21+00:00\",\"description\":\"Botaniquement parlant, la fraise un \\u00ab faux-fruit \\u00bb puisqu'il s'agit d'un polyak\\u00e8ne. Dans le langage courant, on la classe n\\u00e9anmoins parmi les fruits rouges\",\"breadcrumb\":{\"@id\":\"https:\/\/www.alexetalex.com\/ca\/dossiers-fruites\/route-des-fruits\/fraise-fruit-ou-legume\/#breadcrumb\"},\"inLanguage\":\"fr-FR\",\"potentialAction\":[{\"@type\":\"ReadAction\",\"target\":[\"https:\/\/www.alexetalex.com\/ca\/dossiers-fruites\/route-des-fruits\/fraise-fruit-ou-legume\/\"]}]},{\"@type\":\"BreadcrumbList\",\"@id\":\"https:\/\/www.alexetalex.com\/ca\/dossiers-fruites\/route-des-fruits\/fraise-fruit-ou-legume\/#breadcrumb\",\"itemListElement\":[{\"@type\":\"ListItem\",\"position\":1,\"name\":\"Magazine\",\"item\":\"https:\/\/www.alexetalex.com\/ca\/dossiers-fruites\/\"},{\"@type\":\"ListItem\",\"position\":2,\"name\":\"Fruits\",\"item\":\"https:\/\/www.alexetalex.com\/ca\/dossiers-fruites\/route-des-fruits\/\"},{\"@type\":\"ListItem\",\"position\":3,\"name\":\"Dossier\"}]}]}<\/script>\n<!-- \/ Yoast SEO plugin. -->","yoast_head_json":{"title":"La fraise : fruit ou l\u00e9gume ?","description":"Botaniquement parlant, la fraise un \u00ab faux-fruit \u00bb puisqu'il s'agit d'un polyak\u00e8ne. Dans le langage courant, on la classe n\u00e9anmoins parmi les fruits rouges","robots":{"index":"index","follow":"follow","max-snippet":"max-snippet:-1","max-image-preview":"max-image-preview:large","max-video-preview":"max-video-preview:-1"},"canonical":"https:\/\/www.alexetalex.com\/ca\/dossiers-fruites\/route-des-fruits\/fraise-fruit-ou-legume\/","og_locale":"fr_FR","og_type":"article","og_title":"La fraise : fruit ou l\u00e9gume ?","og_description":"Botaniquement parlant, la fraise un \u00ab faux-fruit \u00bb puisqu'il s'agit d'un polyak\u00e8ne. Dans le langage courant, on la classe n\u00e9anmoins parmi les fruits rouges","og_url":"https:\/\/www.alexetalex.com\/ca\/dossiers-fruites\/route-des-fruits\/fraise-fruit-ou-legume\/","article_modified_time":"2020-05-04T15:14:21+00:00","og_image":[{"width":560,"height":400,"url":"https:\/\/www.alexetalex.com\/ca\/wp-content\/uploads\/2018\/04\/fraise-560x400.jpg","type":"image\/jpeg"}],"twitter_misc":{"Dur\u00e9e de lecture estim\u00e9e":"4 minutes"},"schema":{"@context":"https:\/\/schema.org","@graph":[{"@type":"Organization","@id":"https:\/\/www.alexetalex.com\/ca\/#organization","name":"Alex & Alex","url":"https:\/\/www.alexetalex.com\/ca\/","sameAs":[],"logo":{"@type":"ImageObject","@id":"https:\/\/www.alexetalex.com\/ca\/#logo","inLanguage":"fr-FR","url":"https:\/\/www.alexetalex.com\/ca\/wp-content\/uploads\/2020\/04\/alexalex-1.png","contentUrl":"https:\/\/www.alexetalex.com\/ca\/wp-content\/uploads\/2020\/04\/alexalex-1.png","width":51,"height":50,"caption":"Alex & Alex"},"image":{"@id":"https:\/\/www.alexetalex.com\/ca\/#logo"}},{"@type":"WebSite","@id":"https:\/\/www.alexetalex.com\/ca\/#website","url":"https:\/\/www.alexetalex.com\/ca\/","name":"","description":"","publisher":{"@id":"https:\/\/www.alexetalex.com\/ca\/#organization"},"potentialAction":[{"@type":"SearchAction","target":{"@type":"EntryPoint","urlTemplate":"https:\/\/www.alexetalex.com\/ca\/?s={search_term_string}"},"query-input":"required name=search_term_string"}],"inLanguage":"fr-FR"},{"@type":"ImageObject","@id":"https:\/\/www.alexetalex.com\/ca\/dossiers-fruites\/route-des-fruits\/fraise-fruit-ou-legume\/#primaryimage","inLanguage":"fr-FR","url":"https:\/\/www.alexetalex.com\/ca\/wp-content\/uploads\/2018\/04\/fraise-560x400.jpg","contentUrl":"https:\/\/www.alexetalex.com\/ca\/wp-content\/uploads\/2018\/04\/fraise-560x400.jpg","width":560,"height":400,"caption":"La fraise : fruit ou l\u00e9gume ? Pourquoi la fraise est-elle un faux-fruit !"},{"@type":"WebPage","@id":"https:\/\/www.alexetalex.com\/ca\/dossiers-fruites\/route-des-fruits\/fraise-fruit-ou-legume\/#webpage","url":"https:\/\/www.alexetalex.com\/ca\/dossiers-fruites\/route-des-fruits\/fraise-fruit-ou-legume\/","name":"La fraise : fruit ou l\u00e9gume ?","isPartOf":{"@id":"https:\/\/www.alexetalex.com\/ca\/#website"},"primaryImageOfPage":{"@id":"https:\/\/www.alexetalex.com\/ca\/dossiers-fruites\/route-des-fruits\/fraise-fruit-ou-legume\/#primaryimage"},"datePublished":"2018-04-20T07:26:17+00:00","dateModified":"2020-05-04T15:14:21+00:00","description":"Botaniquement parlant, la fraise un \u00ab faux-fruit \u00bb puisqu'il s'agit d'un polyak\u00e8ne. Dans le langage courant, on la classe n\u00e9anmoins parmi les fruits rouges","breadcrumb":{"@id":"https:\/\/www.alexetalex.com\/ca\/dossiers-fruites\/route-des-fruits\/fraise-fruit-ou-legume\/#breadcrumb"},"inLanguage":"fr-FR","potentialAction":[{"@type":"ReadAction","target":["https:\/\/www.alexetalex.com\/ca\/dossiers-fruites\/route-des-fruits\/fraise-fruit-ou-legume\/"]}]},{"@type":"BreadcrumbList","@id":"https:\/\/www.alexetalex.com\/ca\/dossiers-fruites\/route-des-fruits\/fraise-fruit-ou-legume\/#breadcrumb","itemListElement":[{"@type":"ListItem","position":1,"name":"Magazine","item":"https:\/\/www.alexetalex.com\/ca\/dossiers-fruites\/"},{"@type":"ListItem","position":2,"name":"Fruits","item":"https:\/\/www.alexetalex.com\/ca\/dossiers-fruites\/route-des-fruits\/"},{"@type":"ListItem","position":3,"name":"Dossier"}]}]}},"_links":{"self":[{"href":"https:\/\/www.alexetalex.com\/ca\/wp-json\/wp\/v2\/pages\/8994"}],"collection":[{"href":"https:\/\/www.alexetalex.com\/ca\/wp-json\/wp\/v2\/pages"}],"about":[{"href":"https:\/\/www.alexetalex.com\/ca\/wp-json\/wp\/v2\/types\/page"}],"author":[{"embeddable":true,"href":"https:\/\/www.alexetalex.com\/ca\/wp-json\/wp\/v2\/users\/4"}],"replies":[{"embeddable":true,"href":"https:\/\/www.alexetalex.com\/ca\/wp-json\/wp\/v2\/comments?post=8994"}],"version-history":[{"count":1,"href":"https:\/\/www.alexetalex.com\/ca\/wp-json\/wp\/v2\/pages\/8994\/revisions"}],"predecessor-version":[{"id":16597,"href":"https:\/\/www.alexetalex.com\/ca\/wp-json\/wp\/v2\/pages\/8994\/revisions\/16597"}],"up":[{"embeddable":true,"href":"https:\/\/www.alexetalex.com\/ca\/wp-json\/wp\/v2\/pages\/8732"}],"wp:featuredmedia":[{"embeddable":true,"href":"https:\/\/www.alexetalex.com\/ca\/wp-json\/wp\/v2\/media\/8999"}],"wp:attachment":[{"href":"https:\/\/www.alexetalex.com\/ca\/wp-json\/wp\/v2\/media?parent=8994"}],"curies":[{"name":"wp","href":"https:\/\/api.w.org\/{rel}","templated":true}]}}