{"id":9009,"date":"2018-04-20T09:00:45","date_gmt":"2018-04-20T08:00:45","guid":{"rendered":"https:\/\/www.alexetalex.com\/ca\/?page_id=9009"},"modified":"2018-04-28T20:46:45","modified_gmt":"2018-04-28T19:46:45","slug":"raisin-chasselas-moissac","status":"publish","type":"page","link":"https:\/\/www.alexetalex.com\/ca\/dossiers-fruites\/route-des-fruits\/raisin-chasselas-moissac\/","title":{"rendered":"Le raisin Chasselas de Moissac"},"content":{"rendered":"<p>Cette semaine, notre Tour de France des fruits de nos r\u00e9gions poursuit sa route \u00e0 Moissac, dans le Tarn et Garonne. En France, seules deux vari\u00e9t\u00e9s de raisins b\u00e9n\u00e9ficient d&rsquo;une AOP (Appellation d&rsquo;Origine Contr\u00f4l\u00e9e) : le Muscat du Ventoux, et le Chasselas de Moissac !<\/p>\n<p>Alors nous avons voulu voir de plus pr\u00e8s ce qu&rsquo;il avait de si particulier, ce Chasselat de Moissac ! Et vous faire partager notre exp\u00e9rience gustative !<\/p>\n<p>Situ\u00e9 au coeur du Tarn et Garonne, la ferme de Guyraudelle est exploit\u00e9e depuis six g\u00e9n\u00e9rations. Entre avril et d\u00e9cembre, Anne-Marie et Jean-Emmanuel vous y accueillent, et proposent des fruits \u00e0 la vente en circuit court, avec un point de vente en salle de triage-conditionnement. Outre le raisin Chasselas, vous trouverez \u00e9galement, suivant la saison : des cerises, des abricots, des prunes Reine-Claude. Le tout, m\u00fbri sur l\u2019arbre et conduit en production raisonn\u00e9e ! De quoi faire le plein de vitamines !<\/p>\n<p>Vous trouverez aussi dans la r\u00e9gion d&rsquo;excellents vins paill\u00e9s ! Festif ce raisin Chasselas de Moissac !<\/p>\n","protected":false},"excerpt":{"rendered":"<p>Cette semaine, notre Tour de France des fruits de nos r\u00e9gions poursuit sa route \u00e0 Moissac, dans le Tarn et Garonne. En France, seules deux vari\u00e9t\u00e9s de raisins b\u00e9n\u00e9ficient d&rsquo;une AOP (Appellation d&rsquo;Origine Contr\u00f4l\u00e9e) : le Muscat du Ventoux, et le Chasselas de Moissac ! Alors nous avons voulu voir de plus pr\u00e8s ce qu&rsquo;il [&hellip;]<\/p>\n","protected":false},"author":4,"featured_media":9010,"parent":8732,"menu_order":0,"comment_status":"closed","ping_status":"closed","template":"template-single-dossiers-fruites.php","meta":{"_et_pb_use_builder":"","_et_pb_old_content":"","_et_gb_content_width":""},"acf":[],"yoast_head":"<!-- This site is optimized with the Yoast SEO plugin v17.6 - https:\/\/yoast.com\/wordpress\/plugins\/seo\/ -->\n<title>La Route des Fruits : le raisin Chasselas de Moissac<\/title>\n<meta name=\"description\" content=\"Cette semaine, notre Tour de France des fruits de nos r\u00e9gions poursuit sa route \u00e0 Moissac, dans le Tarn et Garonne. En France, seules deux vari\u00e9t\u00e9s de raisins\" \/>\n<meta name=\"robots\" content=\"index, follow, max-snippet:-1, max-image-preview:large, max-video-preview:-1\" \/>\n<link rel=\"canonical\" href=\"https:\/\/www.alexetalex.com\/ca\/dossiers-fruites\/route-des-fruits\/raisin-chasselas-moissac\/\" \/>\n<meta property=\"og:locale\" content=\"fr_FR\" \/>\n<meta property=\"og:type\" content=\"article\" \/>\n<meta property=\"og:title\" content=\"La Route des Fruits : le raisin Chasselas de Moissac\" \/>\n<meta property=\"og:description\" content=\"Cette semaine, notre Tour de France des fruits de nos r\u00e9gions poursuit sa route \u00e0 Moissac, dans le Tarn et Garonne. En France, seules deux vari\u00e9t\u00e9s de raisins\" \/>\n<meta property=\"og:url\" content=\"https:\/\/www.alexetalex.com\/ca\/dossiers-fruites\/route-des-fruits\/raisin-chasselas-moissac\/\" \/>\n<meta property=\"article:modified_time\" content=\"2018-04-28T19:46:45+00:00\" \/>\n<meta property=\"og:image\" content=\"https:\/\/www.alexetalex.com\/ca\/wp-content\/uploads\/2018\/04\/Moissac-560x400.jpg\" \/>\n\t<meta property=\"og:image:width\" content=\"560\" \/>\n\t<meta property=\"og:image:height\" content=\"400\" \/>\n<meta name=\"twitter:label1\" content=\"Dur\u00e9e de lecture estim\u00e9e\" \/>\n\t<meta name=\"twitter:data1\" content=\"1 minute\" \/>\n<script type=\"application\/ld+json\" class=\"yoast-schema-graph\">{\"@context\":\"https:\/\/schema.org\",\"@graph\":[{\"@type\":\"Organization\",\"@id\":\"https:\/\/www.alexetalex.com\/ca\/#organization\",\"name\":\"Alex & Alex\",\"url\":\"https:\/\/www.alexetalex.com\/ca\/\",\"sameAs\":[],\"logo\":{\"@type\":\"ImageObject\",\"@id\":\"https:\/\/www.alexetalex.com\/ca\/#logo\",\"inLanguage\":\"fr-FR\",\"url\":\"https:\/\/www.alexetalex.com\/ca\/wp-content\/uploads\/2020\/04\/alexalex-1.png\",\"contentUrl\":\"https:\/\/www.alexetalex.com\/ca\/wp-content\/uploads\/2020\/04\/alexalex-1.png\",\"width\":51,\"height\":50,\"caption\":\"Alex & Alex\"},\"image\":{\"@id\":\"https:\/\/www.alexetalex.com\/ca\/#logo\"}},{\"@type\":\"WebSite\",\"@id\":\"https:\/\/www.alexetalex.com\/ca\/#website\",\"url\":\"https:\/\/www.alexetalex.com\/ca\/\",\"name\":\"\",\"description\":\"\",\"publisher\":{\"@id\":\"https:\/\/www.alexetalex.com\/ca\/#organization\"},\"potentialAction\":[{\"@type\":\"SearchAction\",\"target\":{\"@type\":\"EntryPoint\",\"urlTemplate\":\"https:\/\/www.alexetalex.com\/ca\/?s={search_term_string}\"},\"query-input\":\"required name=search_term_string\"}],\"inLanguage\":\"fr-FR\"},{\"@type\":\"ImageObject\",\"@id\":\"https:\/\/www.alexetalex.com\/ca\/dossiers-fruites\/route-des-fruits\/raisin-chasselas-moissac\/#primaryimage\",\"inLanguage\":\"fr-FR\",\"url\":\"https:\/\/www.alexetalex.com\/ca\/wp-content\/uploads\/2018\/04\/Moissac-560x400.jpg\",\"contentUrl\":\"https:\/\/www.alexetalex.com\/ca\/wp-content\/uploads\/2018\/04\/Moissac-560x400.jpg\",\"width\":560,\"height\":400,\"caption\":\"Route des fruits 2017\"},{\"@type\":\"WebPage\",\"@id\":\"https:\/\/www.alexetalex.com\/ca\/dossiers-fruites\/route-des-fruits\/raisin-chasselas-moissac\/#webpage\",\"url\":\"https:\/\/www.alexetalex.com\/ca\/dossiers-fruites\/route-des-fruits\/raisin-chasselas-moissac\/\",\"name\":\"La Route des Fruits : le raisin Chasselas de Moissac\",\"isPartOf\":{\"@id\":\"https:\/\/www.alexetalex.com\/ca\/#website\"},\"primaryImageOfPage\":{\"@id\":\"https:\/\/www.alexetalex.com\/ca\/dossiers-fruites\/route-des-fruits\/raisin-chasselas-moissac\/#primaryimage\"},\"datePublished\":\"2018-04-20T08:00:45+00:00\",\"dateModified\":\"2018-04-28T19:46:45+00:00\",\"description\":\"Cette semaine, notre Tour de France des fruits de nos r\\u00e9gions poursuit sa route \\u00e0 Moissac, dans le Tarn et Garonne. En France, seules deux vari\\u00e9t\\u00e9s de raisins\",\"breadcrumb\":{\"@id\":\"https:\/\/www.alexetalex.com\/ca\/dossiers-fruites\/route-des-fruits\/raisin-chasselas-moissac\/#breadcrumb\"},\"inLanguage\":\"fr-FR\",\"potentialAction\":[{\"@type\":\"ReadAction\",\"target\":[\"https:\/\/www.alexetalex.com\/ca\/dossiers-fruites\/route-des-fruits\/raisin-chasselas-moissac\/\"]}]},{\"@type\":\"BreadcrumbList\",\"@id\":\"https:\/\/www.alexetalex.com\/ca\/dossiers-fruites\/route-des-fruits\/raisin-chasselas-moissac\/#breadcrumb\",\"itemListElement\":[{\"@type\":\"ListItem\",\"position\":1,\"name\":\"Magazine\",\"item\":\"https:\/\/www.alexetalex.com\/ca\/dossiers-fruites\/\"},{\"@type\":\"ListItem\",\"position\":2,\"name\":\"Fruits\",\"item\":\"https:\/\/www.alexetalex.com\/ca\/dossiers-fruites\/route-des-fruits\/\"},{\"@type\":\"ListItem\",\"position\":3,\"name\":\"Dossier\"}]}]}<\/script>\n<!-- \/ Yoast SEO plugin. -->","yoast_head_json":{"title":"La Route des Fruits : le raisin Chasselas de Moissac","description":"Cette semaine, notre Tour de France des fruits de nos r\u00e9gions poursuit sa route \u00e0 Moissac, dans le Tarn et Garonne. En France, seules deux vari\u00e9t\u00e9s de raisins","robots":{"index":"index","follow":"follow","max-snippet":"max-snippet:-1","max-image-preview":"max-image-preview:large","max-video-preview":"max-video-preview:-1"},"canonical":"https:\/\/www.alexetalex.com\/ca\/dossiers-fruites\/route-des-fruits\/raisin-chasselas-moissac\/","og_locale":"fr_FR","og_type":"article","og_title":"La Route des Fruits : le raisin Chasselas de Moissac","og_description":"Cette semaine, notre Tour de France des fruits de nos r\u00e9gions poursuit sa route \u00e0 Moissac, dans le Tarn et Garonne. En France, seules deux vari\u00e9t\u00e9s de raisins","og_url":"https:\/\/www.alexetalex.com\/ca\/dossiers-fruites\/route-des-fruits\/raisin-chasselas-moissac\/","article_modified_time":"2018-04-28T19:46:45+00:00","og_image":[{"width":560,"height":400,"url":"https:\/\/www.alexetalex.com\/ca\/wp-content\/uploads\/2018\/04\/Moissac-560x400.jpg","type":"image\/jpeg"}],"twitter_misc":{"Dur\u00e9e de lecture estim\u00e9e":"1 minute"},"schema":{"@context":"https:\/\/schema.org","@graph":[{"@type":"Organization","@id":"https:\/\/www.alexetalex.com\/ca\/#organization","name":"Alex & Alex","url":"https:\/\/www.alexetalex.com\/ca\/","sameAs":[],"logo":{"@type":"ImageObject","@id":"https:\/\/www.alexetalex.com\/ca\/#logo","inLanguage":"fr-FR","url":"https:\/\/www.alexetalex.com\/ca\/wp-content\/uploads\/2020\/04\/alexalex-1.png","contentUrl":"https:\/\/www.alexetalex.com\/ca\/wp-content\/uploads\/2020\/04\/alexalex-1.png","width":51,"height":50,"caption":"Alex & Alex"},"image":{"@id":"https:\/\/www.alexetalex.com\/ca\/#logo"}},{"@type":"WebSite","@id":"https:\/\/www.alexetalex.com\/ca\/#website","url":"https:\/\/www.alexetalex.com\/ca\/","name":"","description":"","publisher":{"@id":"https:\/\/www.alexetalex.com\/ca\/#organization"},"potentialAction":[{"@type":"SearchAction","target":{"@type":"EntryPoint","urlTemplate":"https:\/\/www.alexetalex.com\/ca\/?s={search_term_string}"},"query-input":"required name=search_term_string"}],"inLanguage":"fr-FR"},{"@type":"ImageObject","@id":"https:\/\/www.alexetalex.com\/ca\/dossiers-fruites\/route-des-fruits\/raisin-chasselas-moissac\/#primaryimage","inLanguage":"fr-FR","url":"https:\/\/www.alexetalex.com\/ca\/wp-content\/uploads\/2018\/04\/Moissac-560x400.jpg","contentUrl":"https:\/\/www.alexetalex.com\/ca\/wp-content\/uploads\/2018\/04\/Moissac-560x400.jpg","width":560,"height":400,"caption":"Route des fruits 2017"},{"@type":"WebPage","@id":"https:\/\/www.alexetalex.com\/ca\/dossiers-fruites\/route-des-fruits\/raisin-chasselas-moissac\/#webpage","url":"https:\/\/www.alexetalex.com\/ca\/dossiers-fruites\/route-des-fruits\/raisin-chasselas-moissac\/","name":"La Route des Fruits : le raisin Chasselas de Moissac","isPartOf":{"@id":"https:\/\/www.alexetalex.com\/ca\/#website"},"primaryImageOfPage":{"@id":"https:\/\/www.alexetalex.com\/ca\/dossiers-fruites\/route-des-fruits\/raisin-chasselas-moissac\/#primaryimage"},"datePublished":"2018-04-20T08:00:45+00:00","dateModified":"2018-04-28T19:46:45+00:00","description":"Cette semaine, notre Tour de France des fruits de nos r\u00e9gions poursuit sa route \u00e0 Moissac, dans le Tarn et Garonne. En France, seules deux vari\u00e9t\u00e9s de raisins","breadcrumb":{"@id":"https:\/\/www.alexetalex.com\/ca\/dossiers-fruites\/route-des-fruits\/raisin-chasselas-moissac\/#breadcrumb"},"inLanguage":"fr-FR","potentialAction":[{"@type":"ReadAction","target":["https:\/\/www.alexetalex.com\/ca\/dossiers-fruites\/route-des-fruits\/raisin-chasselas-moissac\/"]}]},{"@type":"BreadcrumbList","@id":"https:\/\/www.alexetalex.com\/ca\/dossiers-fruites\/route-des-fruits\/raisin-chasselas-moissac\/#breadcrumb","itemListElement":[{"@type":"ListItem","position":1,"name":"Magazine","item":"https:\/\/www.alexetalex.com\/ca\/dossiers-fruites\/"},{"@type":"ListItem","position":2,"name":"Fruits","item":"https:\/\/www.alexetalex.com\/ca\/dossiers-fruites\/route-des-fruits\/"},{"@type":"ListItem","position":3,"name":"Dossier"}]}]}},"_links":{"self":[{"href":"https:\/\/www.alexetalex.com\/ca\/wp-json\/wp\/v2\/pages\/9009"}],"collection":[{"href":"https:\/\/www.alexetalex.com\/ca\/wp-json\/wp\/v2\/pages"}],"about":[{"href":"https:\/\/www.alexetalex.com\/ca\/wp-json\/wp\/v2\/types\/page"}],"author":[{"embeddable":true,"href":"https:\/\/www.alexetalex.com\/ca\/wp-json\/wp\/v2\/users\/4"}],"replies":[{"embeddable":true,"href":"https:\/\/www.alexetalex.com\/ca\/wp-json\/wp\/v2\/comments?post=9009"}],"version-history":[{"count":0,"href":"https:\/\/www.alexetalex.com\/ca\/wp-json\/wp\/v2\/pages\/9009\/revisions"}],"up":[{"embeddable":true,"href":"https:\/\/www.alexetalex.com\/ca\/wp-json\/wp\/v2\/pages\/8732"}],"wp:featuredmedia":[{"embeddable":true,"href":"https:\/\/www.alexetalex.com\/ca\/wp-json\/wp\/v2\/media\/9010"}],"wp:attachment":[{"href":"https:\/\/www.alexetalex.com\/ca\/wp-json\/wp\/v2\/media?parent=9009"}],"curies":[{"name":"wp","href":"https:\/\/api.w.org\/{rel}","templated":true}]}}