{"id":9013,"date":"2018-04-20T09:08:40","date_gmt":"2018-04-20T08:08:40","guid":{"rendered":"https:\/\/www.alexetalex.com\/ca\/?page_id=9013"},"modified":"2019-01-23T15:46:58","modified_gmt":"2019-01-23T14:46:58","slug":"myrtilles-sauvages-monedieres","status":"publish","type":"page","link":"https:\/\/www.alexetalex.com\/ca\/dossiers-fruites\/route-des-fruits\/myrtilles-sauvages-monedieres\/","title":{"rendered":"Les Myrtilles sauvages des Mon\u00e9di\u00e8res"},"content":{"rendered":"<p><H1>Myrtilles sauvages : le guide complet<\/H1><\/p>\n<p><H2>I] Les myrtilles : pr\u00e9sentation de ce superaliment<\/H2><\/p>\n<p>La premi\u00e8re \u00e9tape de notre Tour de France 2017 du patrimoine fruitier fait escale en Corr\u00e8ze, \u00e0 la Ferme de la Mon\u00e9di\u00e8re, o\u00f9 l&rsquo;on pratique, entre autres activit\u00e9s, la cueillette des myrtilles sauvages.<\/p>\n<p>A l&rsquo;\u00e9tat sauvage, ce fruit est principalement pr\u00e9sent dans les zones d&rsquo;altitude, et notamment en Ard\u00e8che, en Loz\u00e8re, dans les Vosges, dans les Alpes, mais donc \u00e9galement dans le massif des Mon\u00e9di\u00e8res.<\/p>\n<p>La Ferme De La Mon\u00e9di\u00e8re, est une exploitation familiale g\u00e9r\u00e9e par C\u00e9dric DE GUILLAUME et St\u00e9phanie NGUYEN.<\/p>\n<p>Cette ferme met en valeur landes et prairies, et pratique et une agriculture traditionnelle, bio, et agro\u00e9cologique.<\/p>\n<p><strong>La ferme dispose par ailleurs d&rsquo;un \u00ab\u00a0salon de th\u00e9\u00a0\u00bb en pleine nature avec une vue imprenable sur la campagne environnante. Un lieu d\u00e9paysant et magique o\u00f9 pourront vous \u00eatre servis les incontournables tartes aux myrtilles, ou bien encore des cr\u00eapes \u00e0 la confiture de myrtilles, des glaces aux myrtilles, du jus de pommes locales, ou encore du jus de myrtilles !<\/strong> Le tout, pr\u00e9par\u00e9 le matin m\u00eame, \u00e0 la ferme et avec des produits de la ferme ! Un r\u00e9gal !<\/p>\n<p><H2>II] Visite d&rsquo;une exploitation familiale de myrtilles sauvages<\/H2><\/p>\n<p>En \u00e9t\u00e9, des visites de l&rsquo;exploitation familiale sont possibles tous les jeudis. Vous pouvez aussi d\u00e9ambuler en pleine nature et ainsi mieux appr\u00e9hender les techniques de production locale.<\/p>\n<p><strong>Retrouvez leurs produits chez Alex &amp; Alex, \u00e0 la demande : <\/strong>Coulis de Myrtilles sauvages, pur\u00e9e de Myrtilles sauvages, confiture de Myrtilles sauvages disponibles \u00e0 la demande. Nous contacter sur notre site web.<\/p>\n<p><a href=\"https:\/\/www.alexetalex.com\/ca\/wp-content\/uploads\/2017\/08\/myrtille_5.jpg\"><img loading=\"lazy\" class=\"alignnone size-large wp-image-7588\" src=\"https:\/\/www.alexetalex.com\/ca\/wp-content\/uploads\/2017\/08\/myrtille_5-550x366.jpg\" alt=\"myrtille_5\" width=\"550\" height=\"366\" srcset=\"https:\/\/www.alexetalex.com\/ca\/wp-content\/uploads\/2017\/08\/myrtille_5-550x366.jpg 550w, https:\/\/www.alexetalex.com\/ca\/wp-content\/uploads\/2017\/08\/myrtille_5-270x180.jpg 270w, https:\/\/www.alexetalex.com\/ca\/wp-content\/uploads\/2017\/08\/myrtille_5.jpg 600w\" sizes=\"(max-width: 550px) 100vw, 550px\" \/><\/a><\/p>\n<p><a href=\"https:\/\/www.alexetalex.com\/ca\/wp-content\/uploads\/2017\/08\/Monediere.jpg\"><img loading=\"lazy\" class=\"alignnone size-large wp-image-7587\" src=\"https:\/\/www.alexetalex.com\/ca\/wp-content\/uploads\/2017\/08\/Monediere-550x272.jpg\" alt=\"Monediere\" width=\"550\" height=\"272\" srcset=\"https:\/\/www.alexetalex.com\/ca\/wp-content\/uploads\/2017\/08\/Monediere-550x272.jpg 550w, https:\/\/www.alexetalex.com\/ca\/wp-content\/uploads\/2017\/08\/Monediere-600x296.jpg 600w, https:\/\/www.alexetalex.com\/ca\/wp-content\/uploads\/2017\/08\/Monediere-270x133.jpg 270w, https:\/\/www.alexetalex.com\/ca\/wp-content\/uploads\/2017\/08\/Monediere-768x379.jpg 768w\" sizes=\"(max-width: 550px) 100vw, 550px\" \/><\/a><\/p>\n<p><a href=\"https:\/\/www.alexetalex.com\/ca\/wp-content\/uploads\/2017\/08\/IMG_20170806_171754_editbis.jpg\"><img loading=\"lazy\" class=\"alignnone size-large wp-image-7590\" src=\"https:\/\/www.alexetalex.com\/ca\/wp-content\/uploads\/2017\/08\/IMG_20170806_171754_editbis-550x443.jpg\" alt=\"IMG_20170806_171754_editbis\" width=\"550\" height=\"443\" srcset=\"https:\/\/www.alexetalex.com\/ca\/wp-content\/uploads\/2017\/08\/IMG_20170806_171754_editbis-550x443.jpg 550w, https:\/\/www.alexetalex.com\/ca\/wp-content\/uploads\/2017\/08\/IMG_20170806_171754_editbis-600x483.jpg 600w, https:\/\/www.alexetalex.com\/ca\/wp-content\/uploads\/2017\/08\/IMG_20170806_171754_editbis-270x217.jpg 270w, https:\/\/www.alexetalex.com\/ca\/wp-content\/uploads\/2017\/08\/IMG_20170806_171754_editbis-768x618.jpg 768w\" sizes=\"(max-width: 550px) 100vw, 550px\" \/><\/a><\/p>\n<p><a href=\"https:\/\/www.alexetalex.com\/ca\/wp-content\/uploads\/2017\/08\/IMG_20170806_171727_edit.jpg\"><img loading=\"lazy\" class=\"alignnone size-large wp-image-7583\" src=\"https:\/\/www.alexetalex.com\/ca\/wp-content\/uploads\/2017\/08\/IMG_20170806_171727_edit-550x530.jpg\" alt=\"IMG_20170806_171727_edit\" width=\"550\" height=\"530\" srcset=\"https:\/\/www.alexetalex.com\/ca\/wp-content\/uploads\/2017\/08\/IMG_20170806_171727_edit-550x530.jpg 550w, https:\/\/www.alexetalex.com\/ca\/wp-content\/uploads\/2017\/08\/IMG_20170806_171727_edit-600x578.jpg 600w, https:\/\/www.alexetalex.com\/ca\/wp-content\/uploads\/2017\/08\/IMG_20170806_171727_edit-270x260.jpg 270w, https:\/\/www.alexetalex.com\/ca\/wp-content\/uploads\/2017\/08\/IMG_20170806_171727_edit-768x740.jpg 768w\" sizes=\"(max-width: 550px) 100vw, 550px\" \/><\/a><\/p>\n<p><a href=\"https:\/\/www.alexetalex.com\/ca\/wp-content\/uploads\/2017\/08\/IMG_20170806_194655_edit.jpg\"><img loading=\"lazy\" class=\"alignnone size-large wp-image-7586\" src=\"https:\/\/www.alexetalex.com\/ca\/wp-content\/uploads\/2017\/08\/IMG_20170806_194655_edit-550x549.jpg\" alt=\"IMG_20170806_194655_edit\" width=\"550\" height=\"549\" srcset=\"https:\/\/www.alexetalex.com\/ca\/wp-content\/uploads\/2017\/08\/IMG_20170806_194655_edit-550x549.jpg 550w, https:\/\/www.alexetalex.com\/ca\/wp-content\/uploads\/2017\/08\/IMG_20170806_194655_edit-300x300.jpg 300w, https:\/\/www.alexetalex.com\/ca\/wp-content\/uploads\/2017\/08\/IMG_20170806_194655_edit-100x100.jpg 100w, https:\/\/www.alexetalex.com\/ca\/wp-content\/uploads\/2017\/08\/IMG_20170806_194655_edit-600x599.jpg 600w, https:\/\/www.alexetalex.com\/ca\/wp-content\/uploads\/2017\/08\/IMG_20170806_194655_edit-270x270.jpg 270w, https:\/\/www.alexetalex.com\/ca\/wp-content\/uploads\/2017\/08\/IMG_20170806_194655_edit-768x767.jpg 768w\" sizes=\"(max-width: 550px) 100vw, 550px\" \/><\/a><\/p>\n<p><a href=\"https:\/\/www.alexetalex.com\/ca\/wp-content\/uploads\/2017\/08\/IMG_20170806_165452.jpg\"><img loading=\"lazy\" class=\"alignnone size-large wp-image-7593\" src=\"https:\/\/www.alexetalex.com\/ca\/wp-content\/uploads\/2017\/08\/IMG_20170806_165452-550x550.jpg\" alt=\"IMG_20170806_165452\" width=\"550\" height=\"550\" srcset=\"https:\/\/www.alexetalex.com\/ca\/wp-content\/uploads\/2017\/08\/IMG_20170806_165452-550x550.jpg 550w, https:\/\/www.alexetalex.com\/ca\/wp-content\/uploads\/2017\/08\/IMG_20170806_165452-300x300.jpg 300w, https:\/\/www.alexetalex.com\/ca\/wp-content\/uploads\/2017\/08\/IMG_20170806_165452-100x100.jpg 100w, https:\/\/www.alexetalex.com\/ca\/wp-content\/uploads\/2017\/08\/IMG_20170806_165452-600x600.jpg 600w, https:\/\/www.alexetalex.com\/ca\/wp-content\/uploads\/2017\/08\/IMG_20170806_165452-270x270.jpg 270w, https:\/\/www.alexetalex.com\/ca\/wp-content\/uploads\/2017\/08\/IMG_20170806_165452-768x768.jpg 768w\" sizes=\"(max-width: 550px) 100vw, 550px\" \/><\/a><\/p>\n","protected":false},"excerpt":{"rendered":"<p>Myrtilles sauvages : le guide complet I] Les myrtilles : pr\u00e9sentation de ce superaliment La premi\u00e8re \u00e9tape de notre Tour de France 2017 du patrimoine fruitier fait escale en Corr\u00e8ze, \u00e0 la Ferme de la Mon\u00e9di\u00e8re, o\u00f9 l&rsquo;on pratique, entre autres activit\u00e9s, la cueillette des myrtilles sauvages. A l&rsquo;\u00e9tat sauvage, ce fruit est principalement pr\u00e9sent [&hellip;]<\/p>\n","protected":false},"author":4,"featured_media":9014,"parent":8732,"menu_order":0,"comment_status":"closed","ping_status":"closed","template":"template-single-dossiers-fruites.php","meta":{"_et_pb_use_builder":"","_et_pb_old_content":"","_et_gb_content_width":""},"acf":[],"yoast_head":"<!-- This site is optimized with the Yoast SEO plugin v17.6 - https:\/\/yoast.com\/wordpress\/plugins\/seo\/ -->\n<title>La Route des Fruits : les Myrtilles sauvages des Mon\u00e9di\u00e8res<\/title>\n<meta name=\"description\" content=\"La premi\u00e8re \u00e9tape de notre Tour de France 2017 du patrimoine fruitier fait escale en Corr\u00e8ze, \u00e0 la Ferme de la Mon\u00e9di\u00e8re, o\u00f9 l&#039;on pratique, entre autres activit\u00e9s\" \/>\n<meta name=\"robots\" content=\"index, follow, max-snippet:-1, max-image-preview:large, max-video-preview:-1\" \/>\n<link rel=\"canonical\" href=\"https:\/\/www.alexetalex.com\/ca\/dossiers-fruites\/route-des-fruits\/myrtilles-sauvages-monedieres\/\" \/>\n<meta property=\"og:locale\" content=\"fr_FR\" \/>\n<meta property=\"og:type\" content=\"article\" \/>\n<meta property=\"og:title\" content=\"La Route des Fruits : les Myrtilles sauvages des Mon\u00e9di\u00e8res\" \/>\n<meta property=\"og:description\" content=\"La premi\u00e8re \u00e9tape de notre Tour de France 2017 du patrimoine fruitier fait escale en Corr\u00e8ze, \u00e0 la Ferme de la Mon\u00e9di\u00e8re, o\u00f9 l&#039;on pratique, entre autres activit\u00e9s\" \/>\n<meta property=\"og:url\" content=\"https:\/\/www.alexetalex.com\/ca\/dossiers-fruites\/route-des-fruits\/myrtilles-sauvages-monedieres\/\" \/>\n<meta property=\"article:modified_time\" content=\"2019-01-23T14:46:58+00:00\" \/>\n<meta property=\"og:image\" content=\"https:\/\/www.alexetalex.com\/ca\/wp-content\/uploads\/2018\/04\/myrtilles-560x400.jpg\" \/>\n\t<meta property=\"og:image:width\" content=\"560\" \/>\n\t<meta property=\"og:image:height\" content=\"400\" \/>\n<meta name=\"twitter:label1\" content=\"Dur\u00e9e de lecture estim\u00e9e\" \/>\n\t<meta name=\"twitter:data1\" content=\"1 minute\" \/>\n<script type=\"application\/ld+json\" class=\"yoast-schema-graph\">{\"@context\":\"https:\/\/schema.org\",\"@graph\":[{\"@type\":\"Organization\",\"@id\":\"https:\/\/www.alexetalex.com\/ca\/#organization\",\"name\":\"Alex & Alex\",\"url\":\"https:\/\/www.alexetalex.com\/ca\/\",\"sameAs\":[],\"logo\":{\"@type\":\"ImageObject\",\"@id\":\"https:\/\/www.alexetalex.com\/ca\/#logo\",\"inLanguage\":\"fr-FR\",\"url\":\"https:\/\/www.alexetalex.com\/ca\/wp-content\/uploads\/2020\/04\/alexalex-1.png\",\"contentUrl\":\"https:\/\/www.alexetalex.com\/ca\/wp-content\/uploads\/2020\/04\/alexalex-1.png\",\"width\":51,\"height\":50,\"caption\":\"Alex & Alex\"},\"image\":{\"@id\":\"https:\/\/www.alexetalex.com\/ca\/#logo\"}},{\"@type\":\"WebSite\",\"@id\":\"https:\/\/www.alexetalex.com\/ca\/#website\",\"url\":\"https:\/\/www.alexetalex.com\/ca\/\",\"name\":\"\",\"description\":\"\",\"publisher\":{\"@id\":\"https:\/\/www.alexetalex.com\/ca\/#organization\"},\"potentialAction\":[{\"@type\":\"SearchAction\",\"target\":{\"@type\":\"EntryPoint\",\"urlTemplate\":\"https:\/\/www.alexetalex.com\/ca\/?s={search_term_string}\"},\"query-input\":\"required name=search_term_string\"}],\"inLanguage\":\"fr-FR\"},{\"@type\":\"ImageObject\",\"@id\":\"https:\/\/www.alexetalex.com\/ca\/dossiers-fruites\/route-des-fruits\/myrtilles-sauvages-monedieres\/#primaryimage\",\"inLanguage\":\"fr-FR\",\"url\":\"https:\/\/www.alexetalex.com\/ca\/wp-content\/uploads\/2018\/04\/myrtilles-560x400.jpg\",\"contentUrl\":\"https:\/\/www.alexetalex.com\/ca\/wp-content\/uploads\/2018\/04\/myrtilles-560x400.jpg\",\"width\":560,\"height\":400},{\"@type\":\"WebPage\",\"@id\":\"https:\/\/www.alexetalex.com\/ca\/dossiers-fruites\/route-des-fruits\/myrtilles-sauvages-monedieres\/#webpage\",\"url\":\"https:\/\/www.alexetalex.com\/ca\/dossiers-fruites\/route-des-fruits\/myrtilles-sauvages-monedieres\/\",\"name\":\"La Route des Fruits : les Myrtilles sauvages des Mon\\u00e9di\\u00e8res\",\"isPartOf\":{\"@id\":\"https:\/\/www.alexetalex.com\/ca\/#website\"},\"primaryImageOfPage\":{\"@id\":\"https:\/\/www.alexetalex.com\/ca\/dossiers-fruites\/route-des-fruits\/myrtilles-sauvages-monedieres\/#primaryimage\"},\"datePublished\":\"2018-04-20T08:08:40+00:00\",\"dateModified\":\"2019-01-23T14:46:58+00:00\",\"description\":\"La premi\\u00e8re \\u00e9tape de notre Tour de France 2017 du patrimoine fruitier fait escale en Corr\\u00e8ze, \\u00e0 la Ferme de la Mon\\u00e9di\\u00e8re, o\\u00f9 l'on pratique, entre autres activit\\u00e9s\",\"breadcrumb\":{\"@id\":\"https:\/\/www.alexetalex.com\/ca\/dossiers-fruites\/route-des-fruits\/myrtilles-sauvages-monedieres\/#breadcrumb\"},\"inLanguage\":\"fr-FR\",\"potentialAction\":[{\"@type\":\"ReadAction\",\"target\":[\"https:\/\/www.alexetalex.com\/ca\/dossiers-fruites\/route-des-fruits\/myrtilles-sauvages-monedieres\/\"]}]},{\"@type\":\"BreadcrumbList\",\"@id\":\"https:\/\/www.alexetalex.com\/ca\/dossiers-fruites\/route-des-fruits\/myrtilles-sauvages-monedieres\/#breadcrumb\",\"itemListElement\":[{\"@type\":\"ListItem\",\"position\":1,\"name\":\"Magazine\",\"item\":\"https:\/\/www.alexetalex.com\/ca\/dossiers-fruites\/\"},{\"@type\":\"ListItem\",\"position\":2,\"name\":\"Fruits\",\"item\":\"https:\/\/www.alexetalex.com\/ca\/dossiers-fruites\/route-des-fruits\/\"},{\"@type\":\"ListItem\",\"position\":3,\"name\":\"Dossier\"}]}]}<\/script>\n<!-- \/ Yoast SEO plugin. -->","yoast_head_json":{"title":"La Route des Fruits : les Myrtilles sauvages des Mon\u00e9di\u00e8res","description":"La premi\u00e8re \u00e9tape de notre Tour de France 2017 du patrimoine fruitier fait escale en Corr\u00e8ze, \u00e0 la Ferme de la Mon\u00e9di\u00e8re, o\u00f9 l'on pratique, entre autres activit\u00e9s","robots":{"index":"index","follow":"follow","max-snippet":"max-snippet:-1","max-image-preview":"max-image-preview:large","max-video-preview":"max-video-preview:-1"},"canonical":"https:\/\/www.alexetalex.com\/ca\/dossiers-fruites\/route-des-fruits\/myrtilles-sauvages-monedieres\/","og_locale":"fr_FR","og_type":"article","og_title":"La Route des Fruits : les Myrtilles sauvages des Mon\u00e9di\u00e8res","og_description":"La premi\u00e8re \u00e9tape de notre Tour de France 2017 du patrimoine fruitier fait escale en Corr\u00e8ze, \u00e0 la Ferme de la Mon\u00e9di\u00e8re, o\u00f9 l'on pratique, entre autres activit\u00e9s","og_url":"https:\/\/www.alexetalex.com\/ca\/dossiers-fruites\/route-des-fruits\/myrtilles-sauvages-monedieres\/","article_modified_time":"2019-01-23T14:46:58+00:00","og_image":[{"width":560,"height":400,"url":"https:\/\/www.alexetalex.com\/ca\/wp-content\/uploads\/2018\/04\/myrtilles-560x400.jpg","type":"image\/jpeg"}],"twitter_misc":{"Dur\u00e9e de lecture estim\u00e9e":"1 minute"},"schema":{"@context":"https:\/\/schema.org","@graph":[{"@type":"Organization","@id":"https:\/\/www.alexetalex.com\/ca\/#organization","name":"Alex & Alex","url":"https:\/\/www.alexetalex.com\/ca\/","sameAs":[],"logo":{"@type":"ImageObject","@id":"https:\/\/www.alexetalex.com\/ca\/#logo","inLanguage":"fr-FR","url":"https:\/\/www.alexetalex.com\/ca\/wp-content\/uploads\/2020\/04\/alexalex-1.png","contentUrl":"https:\/\/www.alexetalex.com\/ca\/wp-content\/uploads\/2020\/04\/alexalex-1.png","width":51,"height":50,"caption":"Alex & Alex"},"image":{"@id":"https:\/\/www.alexetalex.com\/ca\/#logo"}},{"@type":"WebSite","@id":"https:\/\/www.alexetalex.com\/ca\/#website","url":"https:\/\/www.alexetalex.com\/ca\/","name":"","description":"","publisher":{"@id":"https:\/\/www.alexetalex.com\/ca\/#organization"},"potentialAction":[{"@type":"SearchAction","target":{"@type":"EntryPoint","urlTemplate":"https:\/\/www.alexetalex.com\/ca\/?s={search_term_string}"},"query-input":"required name=search_term_string"}],"inLanguage":"fr-FR"},{"@type":"ImageObject","@id":"https:\/\/www.alexetalex.com\/ca\/dossiers-fruites\/route-des-fruits\/myrtilles-sauvages-monedieres\/#primaryimage","inLanguage":"fr-FR","url":"https:\/\/www.alexetalex.com\/ca\/wp-content\/uploads\/2018\/04\/myrtilles-560x400.jpg","contentUrl":"https:\/\/www.alexetalex.com\/ca\/wp-content\/uploads\/2018\/04\/myrtilles-560x400.jpg","width":560,"height":400},{"@type":"WebPage","@id":"https:\/\/www.alexetalex.com\/ca\/dossiers-fruites\/route-des-fruits\/myrtilles-sauvages-monedieres\/#webpage","url":"https:\/\/www.alexetalex.com\/ca\/dossiers-fruites\/route-des-fruits\/myrtilles-sauvages-monedieres\/","name":"La Route des Fruits : les Myrtilles sauvages des Mon\u00e9di\u00e8res","isPartOf":{"@id":"https:\/\/www.alexetalex.com\/ca\/#website"},"primaryImageOfPage":{"@id":"https:\/\/www.alexetalex.com\/ca\/dossiers-fruites\/route-des-fruits\/myrtilles-sauvages-monedieres\/#primaryimage"},"datePublished":"2018-04-20T08:08:40+00:00","dateModified":"2019-01-23T14:46:58+00:00","description":"La premi\u00e8re \u00e9tape de notre Tour de France 2017 du patrimoine fruitier fait escale en Corr\u00e8ze, \u00e0 la Ferme de la Mon\u00e9di\u00e8re, o\u00f9 l'on pratique, entre autres activit\u00e9s","breadcrumb":{"@id":"https:\/\/www.alexetalex.com\/ca\/dossiers-fruites\/route-des-fruits\/myrtilles-sauvages-monedieres\/#breadcrumb"},"inLanguage":"fr-FR","potentialAction":[{"@type":"ReadAction","target":["https:\/\/www.alexetalex.com\/ca\/dossiers-fruites\/route-des-fruits\/myrtilles-sauvages-monedieres\/"]}]},{"@type":"BreadcrumbList","@id":"https:\/\/www.alexetalex.com\/ca\/dossiers-fruites\/route-des-fruits\/myrtilles-sauvages-monedieres\/#breadcrumb","itemListElement":[{"@type":"ListItem","position":1,"name":"Magazine","item":"https:\/\/www.alexetalex.com\/ca\/dossiers-fruites\/"},{"@type":"ListItem","position":2,"name":"Fruits","item":"https:\/\/www.alexetalex.com\/ca\/dossiers-fruites\/route-des-fruits\/"},{"@type":"ListItem","position":3,"name":"Dossier"}]}]}},"_links":{"self":[{"href":"https:\/\/www.alexetalex.com\/ca\/wp-json\/wp\/v2\/pages\/9013"}],"collection":[{"href":"https:\/\/www.alexetalex.com\/ca\/wp-json\/wp\/v2\/pages"}],"about":[{"href":"https:\/\/www.alexetalex.com\/ca\/wp-json\/wp\/v2\/types\/page"}],"author":[{"embeddable":true,"href":"https:\/\/www.alexetalex.com\/ca\/wp-json\/wp\/v2\/users\/4"}],"replies":[{"embeddable":true,"href":"https:\/\/www.alexetalex.com\/ca\/wp-json\/wp\/v2\/comments?post=9013"}],"version-history":[{"count":0,"href":"https:\/\/www.alexetalex.com\/ca\/wp-json\/wp\/v2\/pages\/9013\/revisions"}],"up":[{"embeddable":true,"href":"https:\/\/www.alexetalex.com\/ca\/wp-json\/wp\/v2\/pages\/8732"}],"wp:featuredmedia":[{"embeddable":true,"href":"https:\/\/www.alexetalex.com\/ca\/wp-json\/wp\/v2\/media\/9014"}],"wp:attachment":[{"href":"https:\/\/www.alexetalex.com\/ca\/wp-json\/wp\/v2\/media?parent=9013"}],"curies":[{"name":"wp","href":"https:\/\/api.w.org\/{rel}","templated":true}]}}