{"id":9023,"date":"2018-04-20T14:15:54","date_gmt":"2018-04-20T13:15:54","guid":{"rendered":"https:\/\/www.alexetalex.com\/ca\/?page_id=9023"},"modified":"2020-05-04T16:06:52","modified_gmt":"2020-05-04T15:06:52","slug":"corbeilles-fruits-avril","status":"publish","type":"page","link":"https:\/\/www.alexetalex.com\/ca\/dossiers-fruites\/route-des-fruits\/corbeilles-fruits-avril\/","title":{"rendered":"Vos corbeilles de fruits en Avril"},"content":{"rendered":"<p>En avril, nous avons s\u00e9lectionn\u00e9 de d\u00e9licieuses vari\u00e9t\u00e9s pour nos corbeilles de fruits au bureau Alex &amp; Alex\u00a0livr\u00e9s dans les entreprise sur Paris, et communes limitrophes (92, 93, 94 notamment). Appr\u00e9ciez et d\u00e9guster des fruits sains et bons lors de l&rsquo;une de vos pauses fruits au bureau en optant pour la livraison hebdomadaire d&rsquo;une ou plusieurs corbeilles de fruits en entreprise et offrez \u00e0 vos collaborateurs une alternative conviviale pour leur redonner de l&rsquo;\u00e9nergie, notamment \u00e0 11h et 16h.<\/p>\n<h2>Vos corbeilles de fruits \u00ab\u00a0premium\u00a0\u00bb et\u00a0\u00ab\u00a0fruits en folie\u00a0\u00bb pour le mois d&rsquo;Avril :<\/h2>\n<p>&#8211; Pommes Golden<\/p>\n<p>&#8211; Pommes\u00a0Crip&rsquo;s<\/p>\n<p>&#8211; Bananes des Antilles<\/p>\n<p>&#8211; Oranges de table Navel Powel<\/p>\n<p>&#8211;\u00a0Cl\u00e9mentines orri<\/p>\n<p>&#8211;\u00a0Raisin\u00a0blanc sans p\u00e9pin<\/p>\n<p>&#8211;\u00a0N\u00e8fles du Japon<\/p>\n<p>&#8211; P\u00eaches jaune<\/p>\n<p>&#8211;\u00a0Kiwis<\/p>\n<h2>Vous pourrez trouver dans nos corbeilles de fruits au bureau \u00ab\u00a0classiques\u00a0\u00bb\u00a0:<\/h2>\n<p>&#8211; Pommes\u00a0Golden<\/p>\n<p>&#8211;\u00a0Pommes\u00a0Crip&rsquo;s<\/p>\n<p>&#8211;\u00a0Bananes des Antilles<\/p>\n<p>&#8211;\u00a0Oranges Navel Powel<\/p>\n<p>&#8211;\u00a0Raisins blanc<\/p>\n<p>&#8211; Cl\u00e9mentines orri<\/p>\n<p>De bons fruits pour vous permettre de faire une pause vitamin\u00e9e au bureau tout au long de la semaine. Des produits de qualit\u00e9 pour r\u00e9pondre aux besoins des entreprises soucieuses de la qualit\u00e9 de vie au travail pour ses collaborateurs. Un service de livraison de corbeilles de fruits en entreprise qui \u00a0plait et am\u00e8ne reconnaissance et satisfaction des collaborateurs.<\/p>\n<p>Cette semaine, vous trouverez dans nos corbeilles de fruits secs :<\/p>\n<p>&#8211; Noisettes<\/p>\n<p>&#8211; Noix de Cajou<\/p>\n<p>&#8211; Amandes<\/p>\n<p>&#8211; Raisins Secs<\/p>\n<p>&#8211; Poires S\u00e9ch\u00e9es<\/p>\n<p>Pour vos <a title=\"Livraison de fruits au bureau et en entreprises\" href=\"https:\/\/www.alexetalex.com\/ca\/nos-fruits\/fruits-premium\/\">livraisons de fruits en entreprise<\/a>\u00a0sur Paris et les communes limitrophes, nous sommes \u00e0 votre disposition. Nos corbeilles de fruits changent d\u2019une semaine sur l\u2019autre tant en proportion qu\u2019en vari\u00e9t\u00e9s, et ce, afin d&rsquo;\u00eatre au plus pr\u00e8s des fruits de saison, et afin que vous puissiez partager de d\u00e9licieux et conviviaux moments en entreprise.<\/p>\n","protected":false},"excerpt":{"rendered":"<p>En avril, nous avons s\u00e9lectionn\u00e9 de d\u00e9licieuses vari\u00e9t\u00e9s pour nos corbeilles de fruits au bureau Alex &amp; Alex\u00a0livr\u00e9s dans les entreprise sur Paris, et communes limitrophes (92, 93, 94 notamment). Appr\u00e9ciez et d\u00e9guster des fruits sains et bons lors de l&rsquo;une de vos pauses fruits au bureau en optant pour la livraison hebdomadaire d&rsquo;une ou [&hellip;]<\/p>\n","protected":false},"author":4,"featured_media":9026,"parent":8732,"menu_order":0,"comment_status":"closed","ping_status":"closed","template":"","meta":{"_et_pb_use_builder":"","_et_pb_old_content":"","_et_gb_content_width":""},"acf":[],"yoast_head":"<!-- This site is optimized with the Yoast SEO plugin v17.6 - https:\/\/yoast.com\/wordpress\/plugins\/seo\/ -->\n<title>Corbeilles de fruits au bureau en Avril : la s\u00e9lection Alex &amp; Alex<\/title>\n<meta name=\"description\" content=\"Nous avons s\u00e9lectionn\u00e9 de d\u00e9licieuses vari\u00e9t\u00e9s pour nos corbeilles de fruits au bureau Alex &amp; Alex livr\u00e9es en avril dans les entreprise \u00e0 Paris et Montr\u00e9al\" \/>\n<meta name=\"robots\" content=\"index, follow, max-snippet:-1, max-image-preview:large, max-video-preview:-1\" \/>\n<link rel=\"canonical\" href=\"https:\/\/www.alexetalex.com\/ca\/dossiers-fruites\/route-des-fruits\/corbeilles-fruits-avril\/\" \/>\n<meta property=\"og:locale\" content=\"fr_FR\" \/>\n<meta property=\"og:type\" content=\"article\" \/>\n<meta property=\"og:title\" content=\"Corbeilles de fruits au bureau en Avril : la s\u00e9lection Alex &amp; Alex\" \/>\n<meta property=\"og:description\" content=\"Nous avons s\u00e9lectionn\u00e9 de d\u00e9licieuses vari\u00e9t\u00e9s pour nos corbeilles de fruits au bureau Alex &amp; Alex livr\u00e9es en avril dans les entreprise \u00e0 Paris et Montr\u00e9al\" \/>\n<meta property=\"og:url\" content=\"https:\/\/www.alexetalex.com\/ca\/dossiers-fruites\/route-des-fruits\/corbeilles-fruits-avril\/\" \/>\n<meta property=\"article:modified_time\" content=\"2020-05-04T15:06:52+00:00\" \/>\n<meta property=\"og:image\" content=\"https:\/\/www.alexetalex.com\/ca\/wp-content\/uploads\/2018\/04\/compo-avril-560x400.jpg\" \/>\n\t<meta property=\"og:image:width\" content=\"560\" \/>\n\t<meta property=\"og:image:height\" content=\"400\" \/>\n<meta name=\"twitter:label1\" content=\"Dur\u00e9e de lecture estim\u00e9e\" \/>\n\t<meta name=\"twitter:data1\" content=\"2 minutes\" \/>\n<script type=\"application\/ld+json\" class=\"yoast-schema-graph\">{\"@context\":\"https:\/\/schema.org\",\"@graph\":[{\"@type\":\"Organization\",\"@id\":\"https:\/\/www.alexetalex.com\/ca\/#organization\",\"name\":\"Alex & Alex\",\"url\":\"https:\/\/www.alexetalex.com\/ca\/\",\"sameAs\":[],\"logo\":{\"@type\":\"ImageObject\",\"@id\":\"https:\/\/www.alexetalex.com\/ca\/#logo\",\"inLanguage\":\"fr-FR\",\"url\":\"https:\/\/www.alexetalex.com\/ca\/wp-content\/uploads\/2020\/04\/alexalex-1.png\",\"contentUrl\":\"https:\/\/www.alexetalex.com\/ca\/wp-content\/uploads\/2020\/04\/alexalex-1.png\",\"width\":51,\"height\":50,\"caption\":\"Alex & Alex\"},\"image\":{\"@id\":\"https:\/\/www.alexetalex.com\/ca\/#logo\"}},{\"@type\":\"WebSite\",\"@id\":\"https:\/\/www.alexetalex.com\/ca\/#website\",\"url\":\"https:\/\/www.alexetalex.com\/ca\/\",\"name\":\"\",\"description\":\"\",\"publisher\":{\"@id\":\"https:\/\/www.alexetalex.com\/ca\/#organization\"},\"potentialAction\":[{\"@type\":\"SearchAction\",\"target\":{\"@type\":\"EntryPoint\",\"urlTemplate\":\"https:\/\/www.alexetalex.com\/ca\/?s={search_term_string}\"},\"query-input\":\"required name=search_term_string\"}],\"inLanguage\":\"fr-FR\"},{\"@type\":\"ImageObject\",\"@id\":\"https:\/\/www.alexetalex.com\/ca\/dossiers-fruites\/route-des-fruits\/corbeilles-fruits-avril\/#primaryimage\",\"inLanguage\":\"fr-FR\",\"url\":\"https:\/\/www.alexetalex.com\/ca\/wp-content\/uploads\/2018\/04\/compo-avril-560x400.jpg\",\"contentUrl\":\"https:\/\/www.alexetalex.com\/ca\/wp-content\/uploads\/2018\/04\/compo-avril-560x400.jpg\",\"width\":560,\"height\":400},{\"@type\":\"WebPage\",\"@id\":\"https:\/\/www.alexetalex.com\/ca\/dossiers-fruites\/route-des-fruits\/corbeilles-fruits-avril\/#webpage\",\"url\":\"https:\/\/www.alexetalex.com\/ca\/dossiers-fruites\/route-des-fruits\/corbeilles-fruits-avril\/\",\"name\":\"Corbeilles de fruits au bureau en Avril : la s\\u00e9lection Alex & Alex\",\"isPartOf\":{\"@id\":\"https:\/\/www.alexetalex.com\/ca\/#website\"},\"primaryImageOfPage\":{\"@id\":\"https:\/\/www.alexetalex.com\/ca\/dossiers-fruites\/route-des-fruits\/corbeilles-fruits-avril\/#primaryimage\"},\"datePublished\":\"2018-04-20T13:15:54+00:00\",\"dateModified\":\"2020-05-04T15:06:52+00:00\",\"description\":\"Nous avons s\\u00e9lectionn\\u00e9 de d\\u00e9licieuses vari\\u00e9t\\u00e9s pour nos corbeilles de fruits au bureau Alex & Alex livr\\u00e9es en avril dans les entreprise \\u00e0 Paris et Montr\\u00e9al\",\"breadcrumb\":{\"@id\":\"https:\/\/www.alexetalex.com\/ca\/dossiers-fruites\/route-des-fruits\/corbeilles-fruits-avril\/#breadcrumb\"},\"inLanguage\":\"fr-FR\",\"potentialAction\":[{\"@type\":\"ReadAction\",\"target\":[\"https:\/\/www.alexetalex.com\/ca\/dossiers-fruites\/route-des-fruits\/corbeilles-fruits-avril\/\"]}]},{\"@type\":\"BreadcrumbList\",\"@id\":\"https:\/\/www.alexetalex.com\/ca\/dossiers-fruites\/route-des-fruits\/corbeilles-fruits-avril\/#breadcrumb\",\"itemListElement\":[{\"@type\":\"ListItem\",\"position\":1,\"name\":\"Magazine\",\"item\":\"https:\/\/www.alexetalex.com\/ca\/dossiers-fruites\/\"},{\"@type\":\"ListItem\",\"position\":2,\"name\":\"Fruits\",\"item\":\"https:\/\/www.alexetalex.com\/ca\/dossiers-fruites\/route-des-fruits\/\"},{\"@type\":\"ListItem\",\"position\":3,\"name\":\"Dossier\"}]}]}<\/script>\n<!-- \/ Yoast SEO plugin. -->","yoast_head_json":{"title":"Corbeilles de fruits au bureau en Avril : la s\u00e9lection Alex & Alex","description":"Nous avons s\u00e9lectionn\u00e9 de d\u00e9licieuses vari\u00e9t\u00e9s pour nos corbeilles de fruits au bureau Alex & Alex livr\u00e9es en avril dans les entreprise \u00e0 Paris et Montr\u00e9al","robots":{"index":"index","follow":"follow","max-snippet":"max-snippet:-1","max-image-preview":"max-image-preview:large","max-video-preview":"max-video-preview:-1"},"canonical":"https:\/\/www.alexetalex.com\/ca\/dossiers-fruites\/route-des-fruits\/corbeilles-fruits-avril\/","og_locale":"fr_FR","og_type":"article","og_title":"Corbeilles de fruits au bureau en Avril : la s\u00e9lection Alex & Alex","og_description":"Nous avons s\u00e9lectionn\u00e9 de d\u00e9licieuses vari\u00e9t\u00e9s pour nos corbeilles de fruits au bureau Alex & Alex livr\u00e9es en avril dans les entreprise \u00e0 Paris et Montr\u00e9al","og_url":"https:\/\/www.alexetalex.com\/ca\/dossiers-fruites\/route-des-fruits\/corbeilles-fruits-avril\/","article_modified_time":"2020-05-04T15:06:52+00:00","og_image":[{"width":560,"height":400,"url":"https:\/\/www.alexetalex.com\/ca\/wp-content\/uploads\/2018\/04\/compo-avril-560x400.jpg","type":"image\/jpeg"}],"twitter_misc":{"Dur\u00e9e de lecture estim\u00e9e":"2 minutes"},"schema":{"@context":"https:\/\/schema.org","@graph":[{"@type":"Organization","@id":"https:\/\/www.alexetalex.com\/ca\/#organization","name":"Alex & Alex","url":"https:\/\/www.alexetalex.com\/ca\/","sameAs":[],"logo":{"@type":"ImageObject","@id":"https:\/\/www.alexetalex.com\/ca\/#logo","inLanguage":"fr-FR","url":"https:\/\/www.alexetalex.com\/ca\/wp-content\/uploads\/2020\/04\/alexalex-1.png","contentUrl":"https:\/\/www.alexetalex.com\/ca\/wp-content\/uploads\/2020\/04\/alexalex-1.png","width":51,"height":50,"caption":"Alex & Alex"},"image":{"@id":"https:\/\/www.alexetalex.com\/ca\/#logo"}},{"@type":"WebSite","@id":"https:\/\/www.alexetalex.com\/ca\/#website","url":"https:\/\/www.alexetalex.com\/ca\/","name":"","description":"","publisher":{"@id":"https:\/\/www.alexetalex.com\/ca\/#organization"},"potentialAction":[{"@type":"SearchAction","target":{"@type":"EntryPoint","urlTemplate":"https:\/\/www.alexetalex.com\/ca\/?s={search_term_string}"},"query-input":"required name=search_term_string"}],"inLanguage":"fr-FR"},{"@type":"ImageObject","@id":"https:\/\/www.alexetalex.com\/ca\/dossiers-fruites\/route-des-fruits\/corbeilles-fruits-avril\/#primaryimage","inLanguage":"fr-FR","url":"https:\/\/www.alexetalex.com\/ca\/wp-content\/uploads\/2018\/04\/compo-avril-560x400.jpg","contentUrl":"https:\/\/www.alexetalex.com\/ca\/wp-content\/uploads\/2018\/04\/compo-avril-560x400.jpg","width":560,"height":400},{"@type":"WebPage","@id":"https:\/\/www.alexetalex.com\/ca\/dossiers-fruites\/route-des-fruits\/corbeilles-fruits-avril\/#webpage","url":"https:\/\/www.alexetalex.com\/ca\/dossiers-fruites\/route-des-fruits\/corbeilles-fruits-avril\/","name":"Corbeilles de fruits au bureau en Avril : la s\u00e9lection Alex & Alex","isPartOf":{"@id":"https:\/\/www.alexetalex.com\/ca\/#website"},"primaryImageOfPage":{"@id":"https:\/\/www.alexetalex.com\/ca\/dossiers-fruites\/route-des-fruits\/corbeilles-fruits-avril\/#primaryimage"},"datePublished":"2018-04-20T13:15:54+00:00","dateModified":"2020-05-04T15:06:52+00:00","description":"Nous avons s\u00e9lectionn\u00e9 de d\u00e9licieuses vari\u00e9t\u00e9s pour nos corbeilles de fruits au bureau Alex & Alex livr\u00e9es en avril dans les entreprise \u00e0 Paris et Montr\u00e9al","breadcrumb":{"@id":"https:\/\/www.alexetalex.com\/ca\/dossiers-fruites\/route-des-fruits\/corbeilles-fruits-avril\/#breadcrumb"},"inLanguage":"fr-FR","potentialAction":[{"@type":"ReadAction","target":["https:\/\/www.alexetalex.com\/ca\/dossiers-fruites\/route-des-fruits\/corbeilles-fruits-avril\/"]}]},{"@type":"BreadcrumbList","@id":"https:\/\/www.alexetalex.com\/ca\/dossiers-fruites\/route-des-fruits\/corbeilles-fruits-avril\/#breadcrumb","itemListElement":[{"@type":"ListItem","position":1,"name":"Magazine","item":"https:\/\/www.alexetalex.com\/ca\/dossiers-fruites\/"},{"@type":"ListItem","position":2,"name":"Fruits","item":"https:\/\/www.alexetalex.com\/ca\/dossiers-fruites\/route-des-fruits\/"},{"@type":"ListItem","position":3,"name":"Dossier"}]}]}},"_links":{"self":[{"href":"https:\/\/www.alexetalex.com\/ca\/wp-json\/wp\/v2\/pages\/9023"}],"collection":[{"href":"https:\/\/www.alexetalex.com\/ca\/wp-json\/wp\/v2\/pages"}],"about":[{"href":"https:\/\/www.alexetalex.com\/ca\/wp-json\/wp\/v2\/types\/page"}],"author":[{"embeddable":true,"href":"https:\/\/www.alexetalex.com\/ca\/wp-json\/wp\/v2\/users\/4"}],"replies":[{"embeddable":true,"href":"https:\/\/www.alexetalex.com\/ca\/wp-json\/wp\/v2\/comments?post=9023"}],"version-history":[{"count":1,"href":"https:\/\/www.alexetalex.com\/ca\/wp-json\/wp\/v2\/pages\/9023\/revisions"}],"predecessor-version":[{"id":16568,"href":"https:\/\/www.alexetalex.com\/ca\/wp-json\/wp\/v2\/pages\/9023\/revisions\/16568"}],"up":[{"embeddable":true,"href":"https:\/\/www.alexetalex.com\/ca\/wp-json\/wp\/v2\/pages\/8732"}],"wp:featuredmedia":[{"embeddable":true,"href":"https:\/\/www.alexetalex.com\/ca\/wp-json\/wp\/v2\/media\/9026"}],"wp:attachment":[{"href":"https:\/\/www.alexetalex.com\/ca\/wp-json\/wp\/v2\/media?parent=9023"}],"curies":[{"name":"wp","href":"https:\/\/api.w.org\/{rel}","templated":true}]}}