{"id":9030,"date":"2018-04-20T14:38:49","date_gmt":"2018-04-20T13:38:49","guid":{"rendered":"https:\/\/www.alexetalex.com\/ca\/?page_id=9030"},"modified":"2020-05-04T16:07:00","modified_gmt":"2020-05-04T15:07:00","slug":"corbeilles-fruits-mai","status":"publish","type":"page","link":"https:\/\/www.alexetalex.com\/ca\/dossiers-fruites\/route-des-fruits\/corbeilles-fruits-mai\/","title":{"rendered":"Vos corbeilles de fruits en Mai"},"content":{"rendered":"<p>En Mai, nous vous s\u00e9lectionnons de d\u00e9licieuses vari\u00e9t\u00e9s d&rsquo;inter-saison \u00ab\u00a0hiver-printemps\u00a0\u00bb, pour nos <a title=\"Corbeille de fruits en entreprise\" href=\"https:\/\/www.alexetalex.com\/ca\/nos-fruits\/\">corbeilles de fruits en entreprises Alex &#038; Alex<\/a> ! Le tout,\u00a0livr\u00e9 dans votre soci\u00e9t\u00e9 sans frais sur l&rsquo;ensemble de nos zones de livraison actives (Paris et 1\u00e8re couronne). Appr\u00e9ciez et d\u00e9gustez une pause \u00ab\u00a0fruits au bureau\u00a0\u00bb en optant pour la livraison hebdomadaire d&rsquo;une ou plusieurs corbeilles de fruits sur votre lieu de travail et offrez \u00e0 vos collaborateurs une alternative saine et conviviale pour leur redonner de l&rsquo;\u00e9nergie !<\/p>\n<h2>Vos corbeilles de fruits au bureau \u00ab\u00a0Premium\u00a0\u00bb et\u00a0\u00ab\u00a0Fruits en folie\u00a0\u00bb en Mai :<\/h2>\n<p>&#8211;\u00a0Pommes Golden<\/p>\n<p>&#8211;\u00a0Pommes Champion<\/p>\n<p>&#8211;\u00a0Bananes<\/p>\n<p>&#8211;\u00a0Oranges Valencia Late<\/p>\n<p>&#8211;\u00a0P\u00eaches blanches<\/p>\n<p>&#8211;\u00a0N\u00e8fles du Japon<\/p>\n<p>&#8211;\u00a0Nectarines jaunes<\/p>\n<p>&#8211;\u00a0Nectarines blanches<\/p>\n<p>&#8211;\u00a0Abricots<\/p>\n<h2>Dans vos corbeilles \u00ab\u00a0classique\u00a0\u00bb de fruits en entreprises\u00a0:<\/h2>\n<p>&#8211;\u00a0Pommes\u00a0Golden<\/p>\n<p>&#8211;\u00a0Pommes\u00a0Champion<\/p>\n<p>&#8211;\u00a0Bananes<\/p>\n<p>&#8211;\u00a0Oranges\u00a0Valencia Late<\/p>\n<p>&#8211;\u00a0P\u00eaches blanches<\/p>\n<p>&#8211;\u00a0Nectarines jaunes<\/p>\n<p>De bons fruits de printemps pour vous permettre de faire une pause vitamin\u00e9e au bureau tout au long de la semaine. Des produits de qualit\u00e9 pour r\u00e9pondre aux besoins des entreprises soucieuses de la qualit\u00e9 de vie au travail pour leurs collaborateurs. Un service de livraison de corbeilles de fruits en entreprise qui plait et am\u00e8ne reconnaissance et satisfaction des collaborateurs.<\/p>\n<h2>En Mai, dans nos corbeilles de fruits secs :<\/h2>\n<p>&#8211; Amandes<\/p>\n<p>&#8211; Noix de Cajou<\/p>\n<p>&#8211; Noisettes<\/p>\n<p>&#8211; Ananas S\u00e9ch\u00e9<\/p>\n<p>&#8211; Mangues S\u00e9ch\u00e9es<\/p>\n<p>La s\u00e9lection au sein de nos corbeilles de fruits \u00e9volue d\u2019une semaine sur l\u2019autre tant en proportion qu\u2019en vari\u00e9t\u00e9s. Et ce, afin d&rsquo;\u00eatre au plus pr\u00e8s des fruits de saison. Notre objectif est de vous apporter les meilleurs produits, jusque dans votre entreprise, de sorte que vous puissiez partager de d\u00e9licieux et conviviaux moments sur le lieu de travail.<\/p>\n","protected":false},"excerpt":{"rendered":"<p>En Mai, nous vous s\u00e9lectionnons de d\u00e9licieuses vari\u00e9t\u00e9s d&rsquo;inter-saison \u00ab\u00a0hiver-printemps\u00a0\u00bb, pour nos corbeilles de fruits en entreprises Alex &#038; Alex ! Le tout,\u00a0livr\u00e9 dans votre soci\u00e9t\u00e9 sans frais sur l&rsquo;ensemble de nos zones de livraison actives (Paris et 1\u00e8re couronne). Appr\u00e9ciez et d\u00e9gustez une pause \u00ab\u00a0fruits au bureau\u00a0\u00bb en optant pour la livraison hebdomadaire d&rsquo;une [&hellip;]<\/p>\n","protected":false},"author":4,"featured_media":9031,"parent":8732,"menu_order":0,"comment_status":"closed","ping_status":"closed","template":"","meta":{"_et_pb_use_builder":"","_et_pb_old_content":"","_et_gb_content_width":""},"acf":[],"yoast_head":"<!-- This site is optimized with the Yoast SEO plugin v17.6 - https:\/\/yoast.com\/wordpress\/plugins\/seo\/ -->\n<title>Corbeilles de fruits en entreprises : la s\u00e9lection du mois de Mai<\/title>\n<meta name=\"description\" content=\"Nous avons s\u00e9lectionn\u00e9 de d\u00e9licieuses vari\u00e9t\u00e9s pour nos corbeilles de fruits en entreprises, livr\u00e9es en avril dans les entreprise \u00e0 Paris et Montr\u00e9al\" \/>\n<meta name=\"robots\" content=\"index, follow, max-snippet:-1, max-image-preview:large, max-video-preview:-1\" \/>\n<link rel=\"canonical\" href=\"https:\/\/www.alexetalex.com\/ca\/dossiers-fruites\/route-des-fruits\/corbeilles-fruits-mai\/\" \/>\n<meta property=\"og:locale\" content=\"fr_FR\" \/>\n<meta property=\"og:type\" content=\"article\" \/>\n<meta property=\"og:title\" content=\"Corbeilles de fruits en entreprises : la s\u00e9lection du mois de Mai\" \/>\n<meta property=\"og:description\" content=\"Nous avons s\u00e9lectionn\u00e9 de d\u00e9licieuses vari\u00e9t\u00e9s pour nos corbeilles de fruits en entreprises, livr\u00e9es en avril dans les entreprise \u00e0 Paris et Montr\u00e9al\" \/>\n<meta property=\"og:url\" content=\"https:\/\/www.alexetalex.com\/ca\/dossiers-fruites\/route-des-fruits\/corbeilles-fruits-mai\/\" \/>\n<meta property=\"article:modified_time\" content=\"2020-05-04T15:07:00+00:00\" \/>\n<meta property=\"og:image\" content=\"https:\/\/www.alexetalex.com\/ca\/wp-content\/uploads\/2018\/04\/compo-mai-560x400.jpg\" \/>\n\t<meta property=\"og:image:width\" content=\"560\" \/>\n\t<meta property=\"og:image:height\" content=\"400\" \/>\n<meta name=\"twitter:label1\" content=\"Dur\u00e9e de lecture estim\u00e9e\" \/>\n\t<meta name=\"twitter:data1\" content=\"2 minutes\" \/>\n<script type=\"application\/ld+json\" class=\"yoast-schema-graph\">{\"@context\":\"https:\/\/schema.org\",\"@graph\":[{\"@type\":\"Organization\",\"@id\":\"https:\/\/www.alexetalex.com\/ca\/#organization\",\"name\":\"Alex & Alex\",\"url\":\"https:\/\/www.alexetalex.com\/ca\/\",\"sameAs\":[],\"logo\":{\"@type\":\"ImageObject\",\"@id\":\"https:\/\/www.alexetalex.com\/ca\/#logo\",\"inLanguage\":\"fr-FR\",\"url\":\"https:\/\/www.alexetalex.com\/ca\/wp-content\/uploads\/2020\/04\/alexalex-1.png\",\"contentUrl\":\"https:\/\/www.alexetalex.com\/ca\/wp-content\/uploads\/2020\/04\/alexalex-1.png\",\"width\":51,\"height\":50,\"caption\":\"Alex & Alex\"},\"image\":{\"@id\":\"https:\/\/www.alexetalex.com\/ca\/#logo\"}},{\"@type\":\"WebSite\",\"@id\":\"https:\/\/www.alexetalex.com\/ca\/#website\",\"url\":\"https:\/\/www.alexetalex.com\/ca\/\",\"name\":\"\",\"description\":\"\",\"publisher\":{\"@id\":\"https:\/\/www.alexetalex.com\/ca\/#organization\"},\"potentialAction\":[{\"@type\":\"SearchAction\",\"target\":{\"@type\":\"EntryPoint\",\"urlTemplate\":\"https:\/\/www.alexetalex.com\/ca\/?s={search_term_string}\"},\"query-input\":\"required name=search_term_string\"}],\"inLanguage\":\"fr-FR\"},{\"@type\":\"ImageObject\",\"@id\":\"https:\/\/www.alexetalex.com\/ca\/dossiers-fruites\/route-des-fruits\/corbeilles-fruits-mai\/#primaryimage\",\"inLanguage\":\"fr-FR\",\"url\":\"https:\/\/www.alexetalex.com\/ca\/wp-content\/uploads\/2018\/04\/compo-mai-560x400.jpg\",\"contentUrl\":\"https:\/\/www.alexetalex.com\/ca\/wp-content\/uploads\/2018\/04\/compo-mai-560x400.jpg\",\"width\":560,\"height\":400},{\"@type\":\"WebPage\",\"@id\":\"https:\/\/www.alexetalex.com\/ca\/dossiers-fruites\/route-des-fruits\/corbeilles-fruits-mai\/#webpage\",\"url\":\"https:\/\/www.alexetalex.com\/ca\/dossiers-fruites\/route-des-fruits\/corbeilles-fruits-mai\/\",\"name\":\"Corbeilles de fruits en entreprises : la s\\u00e9lection du mois de Mai\",\"isPartOf\":{\"@id\":\"https:\/\/www.alexetalex.com\/ca\/#website\"},\"primaryImageOfPage\":{\"@id\":\"https:\/\/www.alexetalex.com\/ca\/dossiers-fruites\/route-des-fruits\/corbeilles-fruits-mai\/#primaryimage\"},\"datePublished\":\"2018-04-20T13:38:49+00:00\",\"dateModified\":\"2020-05-04T15:07:00+00:00\",\"description\":\"Nous avons s\\u00e9lectionn\\u00e9 de d\\u00e9licieuses vari\\u00e9t\\u00e9s pour nos corbeilles de fruits en entreprises, livr\\u00e9es en avril dans les entreprise \\u00e0 Paris et Montr\\u00e9al\",\"breadcrumb\":{\"@id\":\"https:\/\/www.alexetalex.com\/ca\/dossiers-fruites\/route-des-fruits\/corbeilles-fruits-mai\/#breadcrumb\"},\"inLanguage\":\"fr-FR\",\"potentialAction\":[{\"@type\":\"ReadAction\",\"target\":[\"https:\/\/www.alexetalex.com\/ca\/dossiers-fruites\/route-des-fruits\/corbeilles-fruits-mai\/\"]}]},{\"@type\":\"BreadcrumbList\",\"@id\":\"https:\/\/www.alexetalex.com\/ca\/dossiers-fruites\/route-des-fruits\/corbeilles-fruits-mai\/#breadcrumb\",\"itemListElement\":[{\"@type\":\"ListItem\",\"position\":1,\"name\":\"Magazine\",\"item\":\"https:\/\/www.alexetalex.com\/ca\/dossiers-fruites\/\"},{\"@type\":\"ListItem\",\"position\":2,\"name\":\"Fruits\",\"item\":\"https:\/\/www.alexetalex.com\/ca\/dossiers-fruites\/route-des-fruits\/\"},{\"@type\":\"ListItem\",\"position\":3,\"name\":\"Dossier\"}]}]}<\/script>\n<!-- \/ Yoast SEO plugin. -->","yoast_head_json":{"title":"Corbeilles de fruits en entreprises : la s\u00e9lection du mois de Mai","description":"Nous avons s\u00e9lectionn\u00e9 de d\u00e9licieuses vari\u00e9t\u00e9s pour nos corbeilles de fruits en entreprises, livr\u00e9es en avril dans les entreprise \u00e0 Paris et Montr\u00e9al","robots":{"index":"index","follow":"follow","max-snippet":"max-snippet:-1","max-image-preview":"max-image-preview:large","max-video-preview":"max-video-preview:-1"},"canonical":"https:\/\/www.alexetalex.com\/ca\/dossiers-fruites\/route-des-fruits\/corbeilles-fruits-mai\/","og_locale":"fr_FR","og_type":"article","og_title":"Corbeilles de fruits en entreprises : la s\u00e9lection du mois de Mai","og_description":"Nous avons s\u00e9lectionn\u00e9 de d\u00e9licieuses vari\u00e9t\u00e9s pour nos corbeilles de fruits en entreprises, livr\u00e9es en avril dans les entreprise \u00e0 Paris et Montr\u00e9al","og_url":"https:\/\/www.alexetalex.com\/ca\/dossiers-fruites\/route-des-fruits\/corbeilles-fruits-mai\/","article_modified_time":"2020-05-04T15:07:00+00:00","og_image":[{"width":560,"height":400,"url":"https:\/\/www.alexetalex.com\/ca\/wp-content\/uploads\/2018\/04\/compo-mai-560x400.jpg","type":"image\/jpeg"}],"twitter_misc":{"Dur\u00e9e de lecture estim\u00e9e":"2 minutes"},"schema":{"@context":"https:\/\/schema.org","@graph":[{"@type":"Organization","@id":"https:\/\/www.alexetalex.com\/ca\/#organization","name":"Alex & Alex","url":"https:\/\/www.alexetalex.com\/ca\/","sameAs":[],"logo":{"@type":"ImageObject","@id":"https:\/\/www.alexetalex.com\/ca\/#logo","inLanguage":"fr-FR","url":"https:\/\/www.alexetalex.com\/ca\/wp-content\/uploads\/2020\/04\/alexalex-1.png","contentUrl":"https:\/\/www.alexetalex.com\/ca\/wp-content\/uploads\/2020\/04\/alexalex-1.png","width":51,"height":50,"caption":"Alex & Alex"},"image":{"@id":"https:\/\/www.alexetalex.com\/ca\/#logo"}},{"@type":"WebSite","@id":"https:\/\/www.alexetalex.com\/ca\/#website","url":"https:\/\/www.alexetalex.com\/ca\/","name":"","description":"","publisher":{"@id":"https:\/\/www.alexetalex.com\/ca\/#organization"},"potentialAction":[{"@type":"SearchAction","target":{"@type":"EntryPoint","urlTemplate":"https:\/\/www.alexetalex.com\/ca\/?s={search_term_string}"},"query-input":"required name=search_term_string"}],"inLanguage":"fr-FR"},{"@type":"ImageObject","@id":"https:\/\/www.alexetalex.com\/ca\/dossiers-fruites\/route-des-fruits\/corbeilles-fruits-mai\/#primaryimage","inLanguage":"fr-FR","url":"https:\/\/www.alexetalex.com\/ca\/wp-content\/uploads\/2018\/04\/compo-mai-560x400.jpg","contentUrl":"https:\/\/www.alexetalex.com\/ca\/wp-content\/uploads\/2018\/04\/compo-mai-560x400.jpg","width":560,"height":400},{"@type":"WebPage","@id":"https:\/\/www.alexetalex.com\/ca\/dossiers-fruites\/route-des-fruits\/corbeilles-fruits-mai\/#webpage","url":"https:\/\/www.alexetalex.com\/ca\/dossiers-fruites\/route-des-fruits\/corbeilles-fruits-mai\/","name":"Corbeilles de fruits en entreprises : la s\u00e9lection du mois de Mai","isPartOf":{"@id":"https:\/\/www.alexetalex.com\/ca\/#website"},"primaryImageOfPage":{"@id":"https:\/\/www.alexetalex.com\/ca\/dossiers-fruites\/route-des-fruits\/corbeilles-fruits-mai\/#primaryimage"},"datePublished":"2018-04-20T13:38:49+00:00","dateModified":"2020-05-04T15:07:00+00:00","description":"Nous avons s\u00e9lectionn\u00e9 de d\u00e9licieuses vari\u00e9t\u00e9s pour nos corbeilles de fruits en entreprises, livr\u00e9es en avril dans les entreprise \u00e0 Paris et Montr\u00e9al","breadcrumb":{"@id":"https:\/\/www.alexetalex.com\/ca\/dossiers-fruites\/route-des-fruits\/corbeilles-fruits-mai\/#breadcrumb"},"inLanguage":"fr-FR","potentialAction":[{"@type":"ReadAction","target":["https:\/\/www.alexetalex.com\/ca\/dossiers-fruites\/route-des-fruits\/corbeilles-fruits-mai\/"]}]},{"@type":"BreadcrumbList","@id":"https:\/\/www.alexetalex.com\/ca\/dossiers-fruites\/route-des-fruits\/corbeilles-fruits-mai\/#breadcrumb","itemListElement":[{"@type":"ListItem","position":1,"name":"Magazine","item":"https:\/\/www.alexetalex.com\/ca\/dossiers-fruites\/"},{"@type":"ListItem","position":2,"name":"Fruits","item":"https:\/\/www.alexetalex.com\/ca\/dossiers-fruites\/route-des-fruits\/"},{"@type":"ListItem","position":3,"name":"Dossier"}]}]}},"_links":{"self":[{"href":"https:\/\/www.alexetalex.com\/ca\/wp-json\/wp\/v2\/pages\/9030"}],"collection":[{"href":"https:\/\/www.alexetalex.com\/ca\/wp-json\/wp\/v2\/pages"}],"about":[{"href":"https:\/\/www.alexetalex.com\/ca\/wp-json\/wp\/v2\/types\/page"}],"author":[{"embeddable":true,"href":"https:\/\/www.alexetalex.com\/ca\/wp-json\/wp\/v2\/users\/4"}],"replies":[{"embeddable":true,"href":"https:\/\/www.alexetalex.com\/ca\/wp-json\/wp\/v2\/comments?post=9030"}],"version-history":[{"count":1,"href":"https:\/\/www.alexetalex.com\/ca\/wp-json\/wp\/v2\/pages\/9030\/revisions"}],"predecessor-version":[{"id":16569,"href":"https:\/\/www.alexetalex.com\/ca\/wp-json\/wp\/v2\/pages\/9030\/revisions\/16569"}],"up":[{"embeddable":true,"href":"https:\/\/www.alexetalex.com\/ca\/wp-json\/wp\/v2\/pages\/8732"}],"wp:featuredmedia":[{"embeddable":true,"href":"https:\/\/www.alexetalex.com\/ca\/wp-json\/wp\/v2\/media\/9031"}],"wp:attachment":[{"href":"https:\/\/www.alexetalex.com\/ca\/wp-json\/wp\/v2\/media?parent=9030"}],"curies":[{"name":"wp","href":"https:\/\/api.w.org\/{rel}","templated":true}]}}